{"id":245712,"date":"2024-01-08T00:00:00","date_gmt":"2024-01-07T23:00:00","guid":{"rendered":"https:\/\/wpguerssen-test.odoo.rgbconsulting.com\/product\/nick-of-time\/"},"modified":"2025-02-24T16:54:21","modified_gmt":"2025-02-24T15:54:21","slug":"nick-of-time","status":"publish","type":"product","link":"https:\/\/wpguerssen-test.odoo.rgbconsulting.com\/es\/producto\/nick-of-time\/","title":{"rendered":"Nick Of Time"},"content":{"rendered":"<p>James Hunter Six est\u00e1 de regreso con otra oferta sublime de ritmo y blues sensatos. Grabado y producido por Bosco Mann, Nick of Time es un brillante ejemplo de c\u00f3mo un maestro cantautor puede extraer continuamente agua dulce de un pozo sin fondo. Adem\u00e1s del R&#038;B din\u00e1mico y din\u00e1mico que ha puesto a JH6 en el mapa, \u00a1Nick of Time explora mucho m\u00e1s! La canci\u00f3n de apertura y el sencillo principal, \u00abI Can Change Your Mind\u00bb, es una hermosa rumba de medio tiempo que se inclina hacia el sonido de muchos de los primeros lanzamientos de King\/Federal, pero ejecutada con una vitalidad que impulsa la melod\u00eda hacia el siglo XXI. Los exuberantes arreglos de \u00abTill I Hear it from You\u00bb y \u00abHe&#8217;s Your Could Have Been\u00bb suenan como temas perdidos de una sesi\u00f3n de Burt Bacharach de principios de los a\u00f1os 60. El alma directa de \u00abBrother or Other\u00bb (cuyo mensaje oportuno solo equivale a su ritmo), y el escaso \u00abParadise for One\u00bb (que encuentra a James canalizando su Nat King Cole m\u00e1s \u00edntimo), enriquecen el \u00e1lbum con sonidos que quiz\u00e1s no f\u00e1cilmente asociado con James and Co., que culmina en el lanzamiento completo m\u00e1s emocionante de James hasta la fecha.<\/p>\n","protected":false},"excerpt":{"rendered":"<p>James Hunter Six est\u00e1 de regreso con otra oferta sublime de ritmo y blues sensatos. Grabado y producido por Bosco Mann, Nick of Time es un brillante ejemplo de c\u00f3mo<a class=\"read\" href=\"https:\/\/wpguerssen-test.odoo.rgbconsulting.com\/es\/producto\/nick-of-time\/\"> (...)<\/a>","protected":false},"featured_media":245645,"template":"","meta":{"_acf_changed":false},"product_brand":[],"product_cat":[21649],"product_tag":[],"class_list":{"0":"post-245712","1":"product","2":"type-product","3":"status-publish","4":"has-post-thumbnail","6":"product_cat-soul-rnb-es","7":"pa_artist-james-hunter-six-the","8":"pa_format-lp-es","9":"pa_gender-soul-rnb","10":"pa_label-daptone-es-2","11":"pa_location-uk-ireland-es","12":"pa_other-filters-vinyl-only-es","14":"first","15":"instock","16":"taxable","17":"shipping-taxable","18":"purchasable","19":"product-type-simple"},"acf":[],"yoast_head":"<!-- This site is optimized with the Yoast SEO plugin v24.9 - https:\/\/yoast.com\/wordpress\/plugins\/seo\/ -->\n<title>JAMES HUNTER SIX, The - Nick Of Time -  (LP) | Guerssen<\/title>\n<meta name=\"description\" content=\"The James Hunter Six are back with another sublime offering of no-nonsense rhythm and blues. Recorded and produced by Bosco Mann, Nick of Time is a shining example of how a master song-smith can continually draw fresh water from a bottomless well. In addition to the uptempo, swinging R&amp;B that has put JH6 on the map, Nick of Time explores so much more! The opening track and lead single, &quot;I Can Change Your Mind&quot;, is a beautiful, mid-tempo rumba that tips the hat to the sound of many early King\/Federal releases, but executed with a vibrancy that propels the tune into the 21st Century. The lush arrangements on &quot;Till I Hear it from You&quot; and &quot; He&#039;s Your Could Have Been&quot; sound like lost tracks from an early &#039;60s Burt Bacharach session. The straight forward soul of &quot;Brother or Other&quot; (whose timely message is only tantamount to its groove), and the sparse &quot;Paradise for One&quot; (that finds James channeling his innermost Nat King Cole), enrich the album with sounds one may not readily associate with James and Co. - culminating in James&#039; most exciting full-length release to date.\" \/>\n<meta name=\"robots\" content=\"index, follow, max-snippet:-1, max-image-preview:large, max-video-preview:-1\" \/>\n<link rel=\"canonical\" href=\"https:\/\/wpguerssen-test.odoo.rgbconsulting.com\/es\/producto\/nick-of-time\/\" \/>\n<meta property=\"og:locale\" content=\"es_ES\" \/>\n<meta property=\"og:type\" content=\"article\" \/>\n<meta property=\"og:title\" content=\"JAMES HUNTER SIX, The - Nick Of Time -  (LP) | Guerssen\" \/>\n<meta property=\"og:description\" content=\"The James Hunter Six are back with another sublime offering of no-nonsense rhythm and blues. Recorded and produced by Bosco Mann, Nick of Time is a shining example of how a master song-smith can continually draw fresh water from a bottomless well. In addition to the uptempo, swinging R&amp;B that has put JH6 on the map, Nick of Time explores so much more! The opening track and lead single, &quot;I Can Change Your Mind&quot;, is a beautiful, mid-tempo rumba that tips the hat to the sound of many early King\/Federal releases, but executed with a vibrancy that propels the tune into the 21st Century. The lush arrangements on &quot;Till I Hear it from You&quot; and &quot; He&#039;s Your Could Have Been&quot; sound like lost tracks from an early &#039;60s Burt Bacharach session. The straight forward soul of &quot;Brother or Other&quot; (whose timely message is only tantamount to its groove), and the sparse &quot;Paradise for One&quot; (that finds James channeling his innermost Nat King Cole), enrich the album with sounds one may not readily associate with James and Co. - culminating in James&#039; most exciting full-length release to date.\" \/>\n<meta property=\"og:url\" content=\"https:\/\/wpguerssen-test.odoo.rgbconsulting.com\/es\/producto\/nick-of-time\/\" \/>\n<meta property=\"og:site_name\" content=\"Guerssen records\" \/>\n<meta property=\"article:modified_time\" content=\"2025-02-24T15:54:21+00:00\" \/>\n<meta property=\"og:image\" content=\"https:\/\/wpguerssen-test.odoo.rgbconsulting.com\/wp-content\/uploads\/2023\/11\/46151.jpg\" \/>\n\t<meta property=\"og:image:width\" content=\"1200\" \/>\n\t<meta property=\"og:image:height\" content=\"1185\" \/>\n\t<meta property=\"og:image:type\" content=\"image\/jpeg\" \/>\n<meta name=\"twitter:card\" content=\"summary_large_image\" \/>\n<meta name=\"twitter:title\" content=\"JAMES HUNTER SIX, The - Nick Of Time -  (LP) | Guerssen\" \/>\n<meta name=\"twitter:label1\" content=\"Tiempo de lectura\" \/>\n\t<meta name=\"twitter:data1\" content=\"1 minuto\" \/>\n<script type=\"application\/ld+json\" class=\"yoast-schema-graph\">{\"@context\":\"https:\/\/schema.org\",\"@graph\":[{\"@type\":\"WebPage\",\"@id\":\"https:\/\/wpguerssen-test.odoo.rgbconsulting.com\/es\/producto\/nick-of-time\/\",\"url\":\"https:\/\/wpguerssen-test.odoo.rgbconsulting.com\/es\/producto\/nick-of-time\/\",\"name\":\"JAMES HUNTER SIX, The - Nick Of Time - (LP) | Guerssen\",\"isPartOf\":{\"@id\":\"https:\/\/wpguerssen-test.odoo.rgbconsulting.com\/es\/#website\"},\"primaryImageOfPage\":{\"@id\":\"https:\/\/wpguerssen-test.odoo.rgbconsulting.com\/es\/producto\/nick-of-time\/#primaryimage\"},\"image\":{\"@id\":\"https:\/\/wpguerssen-test.odoo.rgbconsulting.com\/es\/producto\/nick-of-time\/#primaryimage\"},\"thumbnailUrl\":\"https:\/\/wpguerssen-test.odoo.rgbconsulting.com\/wp-content\/uploads\/2023\/11\/46151.jpg\",\"datePublished\":\"2024-01-07T23:00:00+00:00\",\"dateModified\":\"2025-02-24T15:54:21+00:00\",\"description\":\"The James Hunter Six are back with another sublime offering of no-nonsense rhythm and blues. Recorded and produced by Bosco Mann, Nick of Time is a shining example of how a master song-smith can continually draw fresh water from a bottomless well. In addition to the uptempo, swinging R&B that has put JH6 on the map, Nick of Time explores so much more! The opening track and lead single, \\\"I Can Change Your Mind\\\", is a beautiful, mid-tempo rumba that tips the hat to the sound of many early King\/Federal releases, but executed with a vibrancy that propels the tune into the 21st Century. The lush arrangements on \\\"Till I Hear it from You\\\" and \\\" He's Your Could Have Been\\\" sound like lost tracks from an early '60s Burt Bacharach session. The straight forward soul of \\\"Brother or Other\\\" (whose timely message is only tantamount to its groove), and the sparse \\\"Paradise for One\\\" (that finds James channeling his innermost Nat King Cole), enrich the album with sounds one may not readily associate with James and Co. - culminating in James' most exciting full-length release to date.\",\"breadcrumb\":{\"@id\":\"https:\/\/wpguerssen-test.odoo.rgbconsulting.com\/es\/producto\/nick-of-time\/#breadcrumb\"},\"inLanguage\":\"es\",\"potentialAction\":[{\"@type\":\"ReadAction\",\"target\":[\"https:\/\/wpguerssen-test.odoo.rgbconsulting.com\/es\/producto\/nick-of-time\/\"]}]},{\"@type\":\"ImageObject\",\"inLanguage\":\"es\",\"@id\":\"https:\/\/wpguerssen-test.odoo.rgbconsulting.com\/es\/producto\/nick-of-time\/#primaryimage\",\"url\":\"https:\/\/wpguerssen-test.odoo.rgbconsulting.com\/wp-content\/uploads\/2023\/11\/46151.jpg\",\"contentUrl\":\"https:\/\/wpguerssen-test.odoo.rgbconsulting.com\/wp-content\/uploads\/2023\/11\/46151.jpg\",\"width\":1200,\"height\":1185,\"caption\":\"The - Nick Of Time - DAPTONE (LP) | Guerssen\"},{\"@type\":\"BreadcrumbList\",\"@id\":\"https:\/\/wpguerssen-test.odoo.rgbconsulting.com\/es\/producto\/nick-of-time\/#breadcrumb\",\"itemListElement\":[{\"@type\":\"ListItem\",\"position\":1,\"name\":\"Inicio\",\"item\":\"https:\/\/wpguerssen-test.odoo.rgbconsulting.com\/es\/\"},{\"@type\":\"ListItem\",\"position\":2,\"name\":\"Shop\",\"item\":\"https:\/\/wpguerssen-test.odoo.rgbconsulting.com\/shop\/\"},{\"@type\":\"ListItem\",\"position\":3,\"name\":\"Nick Of Time\"}]},{\"@type\":\"WebSite\",\"@id\":\"https:\/\/wpguerssen-test.odoo.rgbconsulting.com\/es\/#website\",\"url\":\"https:\/\/wpguerssen-test.odoo.rgbconsulting.com\/es\/\",\"name\":\"Guerssen records\",\"description\":\"psychedelia - progressive - folk - garage \",\"publisher\":{\"@id\":\"https:\/\/wpguerssen-test.odoo.rgbconsulting.com\/es\/#organization\"},\"potentialAction\":[{\"@type\":\"SearchAction\",\"target\":{\"@type\":\"EntryPoint\",\"urlTemplate\":\"https:\/\/wpguerssen-test.odoo.rgbconsulting.com\/es\/?s={search_term_string}\"},\"query-input\":{\"@type\":\"PropertyValueSpecification\",\"valueRequired\":true,\"valueName\":\"search_term_string\"}}],\"inLanguage\":\"es\"},{\"@type\":\"Organization\",\"@id\":\"https:\/\/wpguerssen-test.odoo.rgbconsulting.com\/es\/#organization\",\"name\":\"Guerssen records\",\"url\":\"https:\/\/wpguerssen-test.odoo.rgbconsulting.com\/es\/\",\"logo\":{\"@type\":\"ImageObject\",\"inLanguage\":\"es\",\"@id\":\"https:\/\/wpguerssen-test.odoo.rgbconsulting.com\/es\/#\/schema\/logo\/image\/\",\"url\":\"https:\/\/wpguerssen-test.odoo.rgbconsulting.com\/wp-content\/uploads\/2022\/04\/Logo_Guerssen_trans_100.png\",\"contentUrl\":\"https:\/\/wpguerssen-test.odoo.rgbconsulting.com\/wp-content\/uploads\/2022\/04\/Logo_Guerssen_trans_100.png\",\"width\":122,\"height\":100,\"caption\":\"Guerssen records\"},\"image\":{\"@id\":\"https:\/\/wpguerssen-test.odoo.rgbconsulting.com\/es\/#\/schema\/logo\/image\/\"}}]}<\/script>\n<!-- \/ Yoast SEO plugin. -->","yoast_head_json":{"title":"JAMES HUNTER SIX, The - Nick Of Time -  (LP) | Guerssen","description":"The James Hunter Six are back with another sublime offering of no-nonsense rhythm and blues. Recorded and produced by Bosco Mann, Nick of Time is a shining example of how a master song-smith can continually draw fresh water from a bottomless well. In addition to the uptempo, swinging R&B that has put JH6 on the map, Nick of Time explores so much more! The opening track and lead single, \"I Can Change Your Mind\", is a beautiful, mid-tempo rumba that tips the hat to the sound of many early King\/Federal releases, but executed with a vibrancy that propels the tune into the 21st Century. The lush arrangements on \"Till I Hear it from You\" and \" He's Your Could Have Been\" sound like lost tracks from an early '60s Burt Bacharach session. The straight forward soul of \"Brother or Other\" (whose timely message is only tantamount to its groove), and the sparse \"Paradise for One\" (that finds James channeling his innermost Nat King Cole), enrich the album with sounds one may not readily associate with James and Co. - culminating in James' most exciting full-length release to date.","robots":{"index":"index","follow":"follow","max-snippet":"max-snippet:-1","max-image-preview":"max-image-preview:large","max-video-preview":"max-video-preview:-1"},"canonical":"https:\/\/wpguerssen-test.odoo.rgbconsulting.com\/es\/producto\/nick-of-time\/","og_locale":"es_ES","og_type":"article","og_title":"JAMES HUNTER SIX, The - Nick Of Time -  (LP) | Guerssen","og_description":"The James Hunter Six are back with another sublime offering of no-nonsense rhythm and blues. Recorded and produced by Bosco Mann, Nick of Time is a shining example of how a master song-smith can continually draw fresh water from a bottomless well. In addition to the uptempo, swinging R&B that has put JH6 on the map, Nick of Time explores so much more! The opening track and lead single, \"I Can Change Your Mind\", is a beautiful, mid-tempo rumba that tips the hat to the sound of many early King\/Federal releases, but executed with a vibrancy that propels the tune into the 21st Century. The lush arrangements on \"Till I Hear it from You\" and \" He's Your Could Have Been\" sound like lost tracks from an early '60s Burt Bacharach session. The straight forward soul of \"Brother or Other\" (whose timely message is only tantamount to its groove), and the sparse \"Paradise for One\" (that finds James channeling his innermost Nat King Cole), enrich the album with sounds one may not readily associate with James and Co. - culminating in James' most exciting full-length release to date.","og_url":"https:\/\/wpguerssen-test.odoo.rgbconsulting.com\/es\/producto\/nick-of-time\/","og_site_name":"Guerssen records","article_modified_time":"2025-02-24T15:54:21+00:00","og_image":[{"width":1200,"height":1185,"url":"https:\/\/wpguerssen-test.odoo.rgbconsulting.com\/wp-content\/uploads\/2023\/11\/46151.jpg","type":"image\/jpeg"}],"twitter_card":"summary_large_image","twitter_title":"JAMES HUNTER SIX, The - Nick Of Time -  (LP) | Guerssen","twitter_misc":{"Tiempo de lectura":"1 minuto"},"schema":{"@context":"https:\/\/schema.org","@graph":[{"@type":"WebPage","@id":"https:\/\/wpguerssen-test.odoo.rgbconsulting.com\/es\/producto\/nick-of-time\/","url":"https:\/\/wpguerssen-test.odoo.rgbconsulting.com\/es\/producto\/nick-of-time\/","name":"JAMES HUNTER SIX, The - Nick Of Time - (LP) | Guerssen","isPartOf":{"@id":"https:\/\/wpguerssen-test.odoo.rgbconsulting.com\/es\/#website"},"primaryImageOfPage":{"@id":"https:\/\/wpguerssen-test.odoo.rgbconsulting.com\/es\/producto\/nick-of-time\/#primaryimage"},"image":{"@id":"https:\/\/wpguerssen-test.odoo.rgbconsulting.com\/es\/producto\/nick-of-time\/#primaryimage"},"thumbnailUrl":"https:\/\/wpguerssen-test.odoo.rgbconsulting.com\/wp-content\/uploads\/2023\/11\/46151.jpg","datePublished":"2024-01-07T23:00:00+00:00","dateModified":"2025-02-24T15:54:21+00:00","description":"The James Hunter Six are back with another sublime offering of no-nonsense rhythm and blues. Recorded and produced by Bosco Mann, Nick of Time is a shining example of how a master song-smith can continually draw fresh water from a bottomless well. In addition to the uptempo, swinging R&B that has put JH6 on the map, Nick of Time explores so much more! The opening track and lead single, \"I Can Change Your Mind\", is a beautiful, mid-tempo rumba that tips the hat to the sound of many early King\/Federal releases, but executed with a vibrancy that propels the tune into the 21st Century. The lush arrangements on \"Till I Hear it from You\" and \" He's Your Could Have Been\" sound like lost tracks from an early '60s Burt Bacharach session. The straight forward soul of \"Brother or Other\" (whose timely message is only tantamount to its groove), and the sparse \"Paradise for One\" (that finds James channeling his innermost Nat King Cole), enrich the album with sounds one may not readily associate with James and Co. - culminating in James' most exciting full-length release to date.","breadcrumb":{"@id":"https:\/\/wpguerssen-test.odoo.rgbconsulting.com\/es\/producto\/nick-of-time\/#breadcrumb"},"inLanguage":"es","potentialAction":[{"@type":"ReadAction","target":["https:\/\/wpguerssen-test.odoo.rgbconsulting.com\/es\/producto\/nick-of-time\/"]}]},{"@type":"ImageObject","inLanguage":"es","@id":"https:\/\/wpguerssen-test.odoo.rgbconsulting.com\/es\/producto\/nick-of-time\/#primaryimage","url":"https:\/\/wpguerssen-test.odoo.rgbconsulting.com\/wp-content\/uploads\/2023\/11\/46151.jpg","contentUrl":"https:\/\/wpguerssen-test.odoo.rgbconsulting.com\/wp-content\/uploads\/2023\/11\/46151.jpg","width":1200,"height":1185,"caption":"The - Nick Of Time - DAPTONE (LP) | Guerssen"},{"@type":"BreadcrumbList","@id":"https:\/\/wpguerssen-test.odoo.rgbconsulting.com\/es\/producto\/nick-of-time\/#breadcrumb","itemListElement":[{"@type":"ListItem","position":1,"name":"Inicio","item":"https:\/\/wpguerssen-test.odoo.rgbconsulting.com\/es\/"},{"@type":"ListItem","position":2,"name":"Shop","item":"https:\/\/wpguerssen-test.odoo.rgbconsulting.com\/shop\/"},{"@type":"ListItem","position":3,"name":"Nick Of Time"}]},{"@type":"WebSite","@id":"https:\/\/wpguerssen-test.odoo.rgbconsulting.com\/es\/#website","url":"https:\/\/wpguerssen-test.odoo.rgbconsulting.com\/es\/","name":"Guerssen records","description":"psychedelia - progressive - folk - garage ","publisher":{"@id":"https:\/\/wpguerssen-test.odoo.rgbconsulting.com\/es\/#organization"},"potentialAction":[{"@type":"SearchAction","target":{"@type":"EntryPoint","urlTemplate":"https:\/\/wpguerssen-test.odoo.rgbconsulting.com\/es\/?s={search_term_string}"},"query-input":{"@type":"PropertyValueSpecification","valueRequired":true,"valueName":"search_term_string"}}],"inLanguage":"es"},{"@type":"Organization","@id":"https:\/\/wpguerssen-test.odoo.rgbconsulting.com\/es\/#organization","name":"Guerssen records","url":"https:\/\/wpguerssen-test.odoo.rgbconsulting.com\/es\/","logo":{"@type":"ImageObject","inLanguage":"es","@id":"https:\/\/wpguerssen-test.odoo.rgbconsulting.com\/es\/#\/schema\/logo\/image\/","url":"https:\/\/wpguerssen-test.odoo.rgbconsulting.com\/wp-content\/uploads\/2022\/04\/Logo_Guerssen_trans_100.png","contentUrl":"https:\/\/wpguerssen-test.odoo.rgbconsulting.com\/wp-content\/uploads\/2022\/04\/Logo_Guerssen_trans_100.png","width":122,"height":100,"caption":"Guerssen records"},"image":{"@id":"https:\/\/wpguerssen-test.odoo.rgbconsulting.com\/es\/#\/schema\/logo\/image\/"}}]}},"_links":{"self":[{"href":"https:\/\/wpguerssen-test.odoo.rgbconsulting.com\/es\/wp-json\/wp\/v2\/product\/245712","targetHints":{"allow":["GET"]}}],"collection":[{"href":"https:\/\/wpguerssen-test.odoo.rgbconsulting.com\/es\/wp-json\/wp\/v2\/product"}],"about":[{"href":"https:\/\/wpguerssen-test.odoo.rgbconsulting.com\/es\/wp-json\/wp\/v2\/types\/product"}],"wp:featuredmedia":[{"embeddable":true,"href":"https:\/\/wpguerssen-test.odoo.rgbconsulting.com\/es\/wp-json\/wp\/v2\/media\/245645"}],"wp:attachment":[{"href":"https:\/\/wpguerssen-test.odoo.rgbconsulting.com\/es\/wp-json\/wp\/v2\/media?parent=245712"}],"wp:term":[{"taxonomy":"product_brand","embeddable":true,"href":"https:\/\/wpguerssen-test.odoo.rgbconsulting.com\/es\/wp-json\/wp\/v2\/product_brand?post=245712"},{"taxonomy":"product_cat","embeddable":true,"href":"https:\/\/wpguerssen-test.odoo.rgbconsulting.com\/es\/wp-json\/wp\/v2\/product_cat?post=245712"},{"taxonomy":"product_tag","embeddable":true,"href":"https:\/\/wpguerssen-test.odoo.rgbconsulting.com\/es\/wp-json\/wp\/v2\/product_tag?post=245712"}],"curies":[{"name":"wp","href":"https:\/\/api.w.org\/{rel}","templated":true}]}}