{"id":245717,"date":"2024-01-08T00:00:00","date_gmt":"2024-01-07T23:00:00","guid":{"rendered":"https:\/\/wpguerssen-test.odoo.rgbconsulting.com\/product\/just-dropped-in-to-see-what-condition\/"},"modified":"2025-03-10T12:38:07","modified_gmt":"2025-03-10T11:38:07","slug":"just-dropped-in-to-see-what-condition","status":"publish","type":"product","link":"https:\/\/wpguerssen-test.odoo.rgbconsulting.com\/es\/producto\/just-dropped-in-to-see-what-condition\/","title":{"rendered":"Just Dropped In&#8230; (To See What Condition&#8230;)"},"content":{"rendered":"<p>A lo largo de su carrera, Sharon Jones &#038; the Dap-Kings mantuvo una gran demanda tanto p\u00fablica como privada para recrear y, a menudo, reimaginar canciones de otros artistas. La mayor\u00eda de las veces, estas versiones fueron grabadas por encargo: encargadas para su colocaci\u00f3n en pel\u00edculas, programas de televisi\u00f3n, \u00e1lbumes tributo o muestras. Este \u00e1lbum recopila algunas de sus interpretaciones m\u00e1s populares y nunca antes escuchadas. Aunque la banda ha construido su carrera principalmente sobre un prol\u00edfico cat\u00e1logo de originales, estas incursiones en las composiciones de otros artistas ponen al descubierto su don para los arreglos y la incomparable destreza de estudio que les vali\u00f3 su reputaci\u00f3n como The Baddest Band in the Land.<\/p>\n","protected":false},"excerpt":{"rendered":"<p>A lo largo de su carrera, Sharon Jones &#038; the Dap-Kings mantuvo una gran demanda tanto p\u00fablica como privada para recrear y, a menudo, reimaginar canciones de<a class=\"read\" href=\"https:\/\/wpguerssen-test.odoo.rgbconsulting.com\/es\/producto\/just-dropped-in-to-see-what-condition\/\"> (...)<\/a>","protected":false},"featured_media":245660,"template":"","meta":{"_acf_changed":false},"product_brand":[],"product_cat":[23219],"product_tag":[],"class_list":{"0":"post-245717","1":"product","2":"type-product","3":"status-publish","4":"has-post-thumbnail","6":"product_cat-funk-es","7":"pa_artist-jones-sharon-the-dap-kings","8":"pa_format-lp-es","9":"pa_gender-funk","10":"pa_label-daptone-es-2","11":"pa_location-north-america-es","12":"pa_other-filters-vinyl-only-es","14":"first","15":"instock","16":"taxable","17":"shipping-taxable","18":"purchasable","19":"product-type-simple"},"acf":[],"yoast_head":"<!-- This site is optimized with the Yoast SEO plugin v24.9 - https:\/\/yoast.com\/wordpress\/plugins\/seo\/ -->\n<title>JONES, Sharon &amp; the Dap-Kings - Just Dropped In... (To See What Condition...) -  (LP) | Guerssen<\/title>\n<meta name=\"description\" content=\"Throughout their career, Sharon Jones &amp; the Dap-Kings remained in high demand both publicly and privately to recreate and often re-imagine songs by other artists. More often than not, these covers were recorded by request - commissioned for placement in movies, television programs, tribute albums, or for samples. This album compiles some of their most popular as well as never-before-heard renditions. Though the band has mostly built their career on a prolific catalog of originals, these forays into other artists&#039; compositions lay bare their gift for arrangement and the unmatched studio prowess that earned them their reputation as The Baddest Band in the Land.\" \/>\n<meta name=\"robots\" content=\"index, follow, max-snippet:-1, max-image-preview:large, max-video-preview:-1\" \/>\n<link rel=\"canonical\" href=\"https:\/\/wpguerssen-test.odoo.rgbconsulting.com\/es\/producto\/just-dropped-in-to-see-what-condition\/\" \/>\n<meta property=\"og:locale\" content=\"es_ES\" \/>\n<meta property=\"og:type\" content=\"article\" \/>\n<meta property=\"og:title\" content=\"JONES, Sharon &amp; the Dap-Kings - Just Dropped In... (To See What Condition...) -  (LP) | Guerssen\" \/>\n<meta property=\"og:description\" content=\"Throughout their career, Sharon Jones &amp; the Dap-Kings remained in high demand both publicly and privately to recreate and often re-imagine songs by other artists. More often than not, these covers were recorded by request - commissioned for placement in movies, television programs, tribute albums, or for samples. This album compiles some of their most popular as well as never-before-heard renditions. Though the band has mostly built their career on a prolific catalog of originals, these forays into other artists&#039; compositions lay bare their gift for arrangement and the unmatched studio prowess that earned them their reputation as The Baddest Band in the Land.\" \/>\n<meta property=\"og:url\" content=\"https:\/\/wpguerssen-test.odoo.rgbconsulting.com\/es\/producto\/just-dropped-in-to-see-what-condition\/\" \/>\n<meta property=\"og:site_name\" content=\"Guerssen records\" \/>\n<meta property=\"article:modified_time\" content=\"2025-03-10T11:38:07+00:00\" \/>\n<meta property=\"og:image\" content=\"https:\/\/wpguerssen-test.odoo.rgbconsulting.com\/wp-content\/uploads\/2023\/11\/46156.jpg\" \/>\n\t<meta property=\"og:image:width\" content=\"700\" \/>\n\t<meta property=\"og:image:height\" content=\"700\" \/>\n\t<meta property=\"og:image:type\" content=\"image\/jpeg\" \/>\n<meta name=\"twitter:card\" content=\"summary_large_image\" \/>\n<meta name=\"twitter:title\" content=\"JONES, Sharon &amp; the Dap-Kings - Just Dropped In... (To See What Condition...) -  (LP) | Guerssen\" \/>\n<meta name=\"twitter:label1\" content=\"Tiempo de lectura\" \/>\n\t<meta name=\"twitter:data1\" content=\"1 minuto\" \/>\n<script type=\"application\/ld+json\" class=\"yoast-schema-graph\">{\"@context\":\"https:\/\/schema.org\",\"@graph\":[{\"@type\":\"WebPage\",\"@id\":\"https:\/\/wpguerssen-test.odoo.rgbconsulting.com\/es\/producto\/just-dropped-in-to-see-what-condition\/\",\"url\":\"https:\/\/wpguerssen-test.odoo.rgbconsulting.com\/es\/producto\/just-dropped-in-to-see-what-condition\/\",\"name\":\"JONES, Sharon & the Dap-Kings - Just Dropped In... (To See What Condition...) - (LP) | Guerssen\",\"isPartOf\":{\"@id\":\"https:\/\/wpguerssen-test.odoo.rgbconsulting.com\/es\/#website\"},\"primaryImageOfPage\":{\"@id\":\"https:\/\/wpguerssen-test.odoo.rgbconsulting.com\/es\/producto\/just-dropped-in-to-see-what-condition\/#primaryimage\"},\"image\":{\"@id\":\"https:\/\/wpguerssen-test.odoo.rgbconsulting.com\/es\/producto\/just-dropped-in-to-see-what-condition\/#primaryimage\"},\"thumbnailUrl\":\"https:\/\/wpguerssen-test.odoo.rgbconsulting.com\/wp-content\/uploads\/2023\/11\/46156.jpg\",\"datePublished\":\"2024-01-07T23:00:00+00:00\",\"dateModified\":\"2025-03-10T11:38:07+00:00\",\"description\":\"Throughout their career, Sharon Jones & the Dap-Kings remained in high demand both publicly and privately to recreate and often re-imagine songs by other artists. More often than not, these covers were recorded by request - commissioned for placement in movies, television programs, tribute albums, or for samples. This album compiles some of their most popular as well as never-before-heard renditions. Though the band has mostly built their career on a prolific catalog of originals, these forays into other artists' compositions lay bare their gift for arrangement and the unmatched studio prowess that earned them their reputation as The Baddest Band in the Land.\",\"breadcrumb\":{\"@id\":\"https:\/\/wpguerssen-test.odoo.rgbconsulting.com\/es\/producto\/just-dropped-in-to-see-what-condition\/#breadcrumb\"},\"inLanguage\":\"es\",\"potentialAction\":[{\"@type\":\"ReadAction\",\"target\":[\"https:\/\/wpguerssen-test.odoo.rgbconsulting.com\/es\/producto\/just-dropped-in-to-see-what-condition\/\"]}]},{\"@type\":\"ImageObject\",\"inLanguage\":\"es\",\"@id\":\"https:\/\/wpguerssen-test.odoo.rgbconsulting.com\/es\/producto\/just-dropped-in-to-see-what-condition\/#primaryimage\",\"url\":\"https:\/\/wpguerssen-test.odoo.rgbconsulting.com\/wp-content\/uploads\/2023\/11\/46156.jpg\",\"contentUrl\":\"https:\/\/wpguerssen-test.odoo.rgbconsulting.com\/wp-content\/uploads\/2023\/11\/46156.jpg\",\"width\":700,\"height\":700,\"caption\":\"Sharon & the Dap-Kings - Just Dropped In... (To See What Condition...) - DAPTONE (LP) | Guerssen\"},{\"@type\":\"BreadcrumbList\",\"@id\":\"https:\/\/wpguerssen-test.odoo.rgbconsulting.com\/es\/producto\/just-dropped-in-to-see-what-condition\/#breadcrumb\",\"itemListElement\":[{\"@type\":\"ListItem\",\"position\":1,\"name\":\"Inicio\",\"item\":\"https:\/\/wpguerssen-test.odoo.rgbconsulting.com\/es\/\"},{\"@type\":\"ListItem\",\"position\":2,\"name\":\"Shop\",\"item\":\"https:\/\/wpguerssen-test.odoo.rgbconsulting.com\/shop\/\"},{\"@type\":\"ListItem\",\"position\":3,\"name\":\"Just Dropped In&#8230; (To See What Condition&#8230;)\"}]},{\"@type\":\"WebSite\",\"@id\":\"https:\/\/wpguerssen-test.odoo.rgbconsulting.com\/es\/#website\",\"url\":\"https:\/\/wpguerssen-test.odoo.rgbconsulting.com\/es\/\",\"name\":\"Guerssen records\",\"description\":\"psychedelia - progressive - folk - garage \",\"publisher\":{\"@id\":\"https:\/\/wpguerssen-test.odoo.rgbconsulting.com\/es\/#organization\"},\"potentialAction\":[{\"@type\":\"SearchAction\",\"target\":{\"@type\":\"EntryPoint\",\"urlTemplate\":\"https:\/\/wpguerssen-test.odoo.rgbconsulting.com\/es\/?s={search_term_string}\"},\"query-input\":{\"@type\":\"PropertyValueSpecification\",\"valueRequired\":true,\"valueName\":\"search_term_string\"}}],\"inLanguage\":\"es\"},{\"@type\":\"Organization\",\"@id\":\"https:\/\/wpguerssen-test.odoo.rgbconsulting.com\/es\/#organization\",\"name\":\"Guerssen records\",\"url\":\"https:\/\/wpguerssen-test.odoo.rgbconsulting.com\/es\/\",\"logo\":{\"@type\":\"ImageObject\",\"inLanguage\":\"es\",\"@id\":\"https:\/\/wpguerssen-test.odoo.rgbconsulting.com\/es\/#\/schema\/logo\/image\/\",\"url\":\"https:\/\/wpguerssen-test.odoo.rgbconsulting.com\/wp-content\/uploads\/2022\/04\/Logo_Guerssen_trans_100.png\",\"contentUrl\":\"https:\/\/wpguerssen-test.odoo.rgbconsulting.com\/wp-content\/uploads\/2022\/04\/Logo_Guerssen_trans_100.png\",\"width\":122,\"height\":100,\"caption\":\"Guerssen records\"},\"image\":{\"@id\":\"https:\/\/wpguerssen-test.odoo.rgbconsulting.com\/es\/#\/schema\/logo\/image\/\"}}]}<\/script>\n<!-- \/ Yoast SEO plugin. -->","yoast_head_json":{"title":"JONES, Sharon & the Dap-Kings - Just Dropped In... (To See What Condition...) -  (LP) | Guerssen","description":"Throughout their career, Sharon Jones & the Dap-Kings remained in high demand both publicly and privately to recreate and often re-imagine songs by other artists. More often than not, these covers were recorded by request - commissioned for placement in movies, television programs, tribute albums, or for samples. This album compiles some of their most popular as well as never-before-heard renditions. Though the band has mostly built their career on a prolific catalog of originals, these forays into other artists' compositions lay bare their gift for arrangement and the unmatched studio prowess that earned them their reputation as The Baddest Band in the Land.","robots":{"index":"index","follow":"follow","max-snippet":"max-snippet:-1","max-image-preview":"max-image-preview:large","max-video-preview":"max-video-preview:-1"},"canonical":"https:\/\/wpguerssen-test.odoo.rgbconsulting.com\/es\/producto\/just-dropped-in-to-see-what-condition\/","og_locale":"es_ES","og_type":"article","og_title":"JONES, Sharon & the Dap-Kings - Just Dropped In... (To See What Condition...) -  (LP) | Guerssen","og_description":"Throughout their career, Sharon Jones & the Dap-Kings remained in high demand both publicly and privately to recreate and often re-imagine songs by other artists. More often than not, these covers were recorded by request - commissioned for placement in movies, television programs, tribute albums, or for samples. This album compiles some of their most popular as well as never-before-heard renditions. Though the band has mostly built their career on a prolific catalog of originals, these forays into other artists' compositions lay bare their gift for arrangement and the unmatched studio prowess that earned them their reputation as The Baddest Band in the Land.","og_url":"https:\/\/wpguerssen-test.odoo.rgbconsulting.com\/es\/producto\/just-dropped-in-to-see-what-condition\/","og_site_name":"Guerssen records","article_modified_time":"2025-03-10T11:38:07+00:00","og_image":[{"width":700,"height":700,"url":"https:\/\/wpguerssen-test.odoo.rgbconsulting.com\/wp-content\/uploads\/2023\/11\/46156.jpg","type":"image\/jpeg"}],"twitter_card":"summary_large_image","twitter_title":"JONES, Sharon & the Dap-Kings - Just Dropped In... (To See What Condition...) -  (LP) | Guerssen","twitter_misc":{"Tiempo de lectura":"1 minuto"},"schema":{"@context":"https:\/\/schema.org","@graph":[{"@type":"WebPage","@id":"https:\/\/wpguerssen-test.odoo.rgbconsulting.com\/es\/producto\/just-dropped-in-to-see-what-condition\/","url":"https:\/\/wpguerssen-test.odoo.rgbconsulting.com\/es\/producto\/just-dropped-in-to-see-what-condition\/","name":"JONES, Sharon & the Dap-Kings - Just Dropped In... (To See What Condition...) - (LP) | Guerssen","isPartOf":{"@id":"https:\/\/wpguerssen-test.odoo.rgbconsulting.com\/es\/#website"},"primaryImageOfPage":{"@id":"https:\/\/wpguerssen-test.odoo.rgbconsulting.com\/es\/producto\/just-dropped-in-to-see-what-condition\/#primaryimage"},"image":{"@id":"https:\/\/wpguerssen-test.odoo.rgbconsulting.com\/es\/producto\/just-dropped-in-to-see-what-condition\/#primaryimage"},"thumbnailUrl":"https:\/\/wpguerssen-test.odoo.rgbconsulting.com\/wp-content\/uploads\/2023\/11\/46156.jpg","datePublished":"2024-01-07T23:00:00+00:00","dateModified":"2025-03-10T11:38:07+00:00","description":"Throughout their career, Sharon Jones & the Dap-Kings remained in high demand both publicly and privately to recreate and often re-imagine songs by other artists. More often than not, these covers were recorded by request - commissioned for placement in movies, television programs, tribute albums, or for samples. This album compiles some of their most popular as well as never-before-heard renditions. Though the band has mostly built their career on a prolific catalog of originals, these forays into other artists' compositions lay bare their gift for arrangement and the unmatched studio prowess that earned them their reputation as The Baddest Band in the Land.","breadcrumb":{"@id":"https:\/\/wpguerssen-test.odoo.rgbconsulting.com\/es\/producto\/just-dropped-in-to-see-what-condition\/#breadcrumb"},"inLanguage":"es","potentialAction":[{"@type":"ReadAction","target":["https:\/\/wpguerssen-test.odoo.rgbconsulting.com\/es\/producto\/just-dropped-in-to-see-what-condition\/"]}]},{"@type":"ImageObject","inLanguage":"es","@id":"https:\/\/wpguerssen-test.odoo.rgbconsulting.com\/es\/producto\/just-dropped-in-to-see-what-condition\/#primaryimage","url":"https:\/\/wpguerssen-test.odoo.rgbconsulting.com\/wp-content\/uploads\/2023\/11\/46156.jpg","contentUrl":"https:\/\/wpguerssen-test.odoo.rgbconsulting.com\/wp-content\/uploads\/2023\/11\/46156.jpg","width":700,"height":700,"caption":"Sharon & the Dap-Kings - Just Dropped In... (To See What Condition...) - DAPTONE (LP) | Guerssen"},{"@type":"BreadcrumbList","@id":"https:\/\/wpguerssen-test.odoo.rgbconsulting.com\/es\/producto\/just-dropped-in-to-see-what-condition\/#breadcrumb","itemListElement":[{"@type":"ListItem","position":1,"name":"Inicio","item":"https:\/\/wpguerssen-test.odoo.rgbconsulting.com\/es\/"},{"@type":"ListItem","position":2,"name":"Shop","item":"https:\/\/wpguerssen-test.odoo.rgbconsulting.com\/shop\/"},{"@type":"ListItem","position":3,"name":"Just Dropped In&#8230; (To See What Condition&#8230;)"}]},{"@type":"WebSite","@id":"https:\/\/wpguerssen-test.odoo.rgbconsulting.com\/es\/#website","url":"https:\/\/wpguerssen-test.odoo.rgbconsulting.com\/es\/","name":"Guerssen records","description":"psychedelia - progressive - folk - garage ","publisher":{"@id":"https:\/\/wpguerssen-test.odoo.rgbconsulting.com\/es\/#organization"},"potentialAction":[{"@type":"SearchAction","target":{"@type":"EntryPoint","urlTemplate":"https:\/\/wpguerssen-test.odoo.rgbconsulting.com\/es\/?s={search_term_string}"},"query-input":{"@type":"PropertyValueSpecification","valueRequired":true,"valueName":"search_term_string"}}],"inLanguage":"es"},{"@type":"Organization","@id":"https:\/\/wpguerssen-test.odoo.rgbconsulting.com\/es\/#organization","name":"Guerssen records","url":"https:\/\/wpguerssen-test.odoo.rgbconsulting.com\/es\/","logo":{"@type":"ImageObject","inLanguage":"es","@id":"https:\/\/wpguerssen-test.odoo.rgbconsulting.com\/es\/#\/schema\/logo\/image\/","url":"https:\/\/wpguerssen-test.odoo.rgbconsulting.com\/wp-content\/uploads\/2022\/04\/Logo_Guerssen_trans_100.png","contentUrl":"https:\/\/wpguerssen-test.odoo.rgbconsulting.com\/wp-content\/uploads\/2022\/04\/Logo_Guerssen_trans_100.png","width":122,"height":100,"caption":"Guerssen records"},"image":{"@id":"https:\/\/wpguerssen-test.odoo.rgbconsulting.com\/es\/#\/schema\/logo\/image\/"}}]}},"_links":{"self":[{"href":"https:\/\/wpguerssen-test.odoo.rgbconsulting.com\/es\/wp-json\/wp\/v2\/product\/245717","targetHints":{"allow":["GET"]}}],"collection":[{"href":"https:\/\/wpguerssen-test.odoo.rgbconsulting.com\/es\/wp-json\/wp\/v2\/product"}],"about":[{"href":"https:\/\/wpguerssen-test.odoo.rgbconsulting.com\/es\/wp-json\/wp\/v2\/types\/product"}],"wp:featuredmedia":[{"embeddable":true,"href":"https:\/\/wpguerssen-test.odoo.rgbconsulting.com\/es\/wp-json\/wp\/v2\/media\/245660"}],"wp:attachment":[{"href":"https:\/\/wpguerssen-test.odoo.rgbconsulting.com\/es\/wp-json\/wp\/v2\/media?parent=245717"}],"wp:term":[{"taxonomy":"product_brand","embeddable":true,"href":"https:\/\/wpguerssen-test.odoo.rgbconsulting.com\/es\/wp-json\/wp\/v2\/product_brand?post=245717"},{"taxonomy":"product_cat","embeddable":true,"href":"https:\/\/wpguerssen-test.odoo.rgbconsulting.com\/es\/wp-json\/wp\/v2\/product_cat?post=245717"},{"taxonomy":"product_tag","embeddable":true,"href":"https:\/\/wpguerssen-test.odoo.rgbconsulting.com\/es\/wp-json\/wp\/v2\/product_tag?post=245717"}],"curies":[{"name":"wp","href":"https:\/\/api.w.org\/{rel}","templated":true}]}}