{"id":245718,"date":"2024-01-08T00:00:00","date_gmt":"2024-01-07T23:00:00","guid":{"rendered":"https:\/\/wpguerssen-test.odoo.rgbconsulting.com\/product\/miss-sharon-jones-soundtrack-gatefold\/"},"modified":"2025-02-24T16:54:26","modified_gmt":"2025-02-24T15:54:26","slug":"miss-sharon-jones-soundtrack-gatefold","status":"publish","type":"product","link":"https:\/\/wpguerssen-test.odoo.rgbconsulting.com\/es\/producto\/miss-sharon-jones-soundtrack-gatefold\/","title":{"rendered":"Miss Sharon Jones Soundtrack (Gatefold)"},"content":{"rendered":"<p>Es un gran placer para nosotros presentar la BSO de \u00a1La se\u00f1orita Sharon Jones!. La pel\u00edcula, dirigida por la dos veces ganadora del Premio de la Academia, Barbara Kopple, sigue a la din\u00e1mica l\u00edder a lo largo de su batalla contra el c\u00e1ncer en 2013 y su regreso triunfal a los escenarios en torno al lanzamiento de Give The People What They Want.<br \/>Todas las versiones de la banda sonora, que incluye el exclusivo \u00abI&#8217;m Still Here\u00bb, cuenta con una buena selecci\u00f3n de temas que van desde sus primeros sencillos en Daptone hasta temas del lanzamiento de la banda en 2014: Give the People What They Want. <br \/>El doble LP Gatefold incluye pistas adicionales + la interpretaci\u00f3n EXCLUSIVA de \u00abHis Eye On The Sparrow\u00bb como se escucha en la pel\u00edcula cantada por Sharon Jones en su iglesia local en Augusta, GA.<\/p>\n","protected":false},"excerpt":{"rendered":"<p>Es un gran placer para nosotros presentar la BSO de \u00a1La se\u00f1orita Sharon Jones!. La pel\u00edcula, dirigida por la dos veces ganadora del Premio de la Academia, Barbara<a class=\"read\" href=\"https:\/\/wpguerssen-test.odoo.rgbconsulting.com\/es\/producto\/miss-sharon-jones-soundtrack-gatefold\/\"> (...)<\/a>","protected":false},"featured_media":245663,"template":"","meta":{"_acf_changed":false},"product_brand":[],"product_cat":[21649,23219],"product_tag":[],"class_list":{"0":"post-245718","1":"product","2":"type-product","3":"status-publish","4":"has-post-thumbnail","6":"product_cat-soul-rnb-es","7":"product_cat-funk-es","8":"pa_artist-jones-sharon-the-dap-kings","9":"pa_format-2lp-es","10":"pa_gender-soul-rnb-funk","11":"pa_label-daptone-es-2","12":"pa_location-north-america-es","13":"pa_other-filters-vinyl-only-es","15":"first","16":"instock","17":"taxable","18":"shipping-taxable","19":"purchasable","20":"product-type-simple"},"acf":[],"yoast_head":"<!-- This site is optimized with the Yoast SEO plugin v24.9 - https:\/\/yoast.com\/wordpress\/plugins\/seo\/ -->\n<title>JONES, Sharon &amp; the Dap-Kings - Miss Sharon Jones Soundtrack (Gatefold) -  (2LP) | Guerssen<\/title>\n<meta name=\"description\" content=\"It is our distinct pleasure to present: Miss Sharon Jones! OST. The film, directed by two-time Academy Award winner, Barbara Kopple, follows the dynamic front-woman through her 2013 battle with cancer and her triumphant return to the stage around the release of Give The People What They Want.All versions of the soundtrack, featuring the exclusive &quot;I&#039;m Still Here&quot;, boasts a nice selection of tracks ranging from her early singles on Daptone, to tracks from the band&#039;s 2014 release - Give the People What They Want. The Double LP Gatefold features extra tracks + the EXCLUSIVE performance of &quot;His Eye On The Sparrow&quot; as heard in the film sung by Sharon Jones in her local church in Augusta, GA.\" \/>\n<meta name=\"robots\" content=\"index, follow, max-snippet:-1, max-image-preview:large, max-video-preview:-1\" \/>\n<link rel=\"canonical\" href=\"https:\/\/wpguerssen-test.odoo.rgbconsulting.com\/es\/producto\/miss-sharon-jones-soundtrack-gatefold\/\" \/>\n<meta property=\"og:locale\" content=\"es_ES\" \/>\n<meta property=\"og:type\" content=\"article\" \/>\n<meta property=\"og:title\" content=\"JONES, Sharon &amp; the Dap-Kings - Miss Sharon Jones Soundtrack (Gatefold) -  (2LP) | Guerssen\" \/>\n<meta property=\"og:description\" content=\"It is our distinct pleasure to present: Miss Sharon Jones! OST. The film, directed by two-time Academy Award winner, Barbara Kopple, follows the dynamic front-woman through her 2013 battle with cancer and her triumphant return to the stage around the release of Give The People What They Want.All versions of the soundtrack, featuring the exclusive &quot;I&#039;m Still Here&quot;, boasts a nice selection of tracks ranging from her early singles on Daptone, to tracks from the band&#039;s 2014 release - Give the People What They Want. The Double LP Gatefold features extra tracks + the EXCLUSIVE performance of &quot;His Eye On The Sparrow&quot; as heard in the film sung by Sharon Jones in her local church in Augusta, GA.\" \/>\n<meta property=\"og:url\" content=\"https:\/\/wpguerssen-test.odoo.rgbconsulting.com\/es\/producto\/miss-sharon-jones-soundtrack-gatefold\/\" \/>\n<meta property=\"og:site_name\" content=\"Guerssen records\" \/>\n<meta property=\"article:modified_time\" content=\"2025-02-24T15:54:26+00:00\" \/>\n<meta property=\"og:image\" content=\"https:\/\/wpguerssen-test.odoo.rgbconsulting.com\/wp-content\/uploads\/2023\/11\/46157.jpg\" \/>\n\t<meta property=\"og:image:width\" content=\"700\" \/>\n\t<meta property=\"og:image:height\" content=\"700\" \/>\n\t<meta property=\"og:image:type\" content=\"image\/jpeg\" \/>\n<meta name=\"twitter:card\" content=\"summary_large_image\" \/>\n<meta name=\"twitter:title\" content=\"JONES, Sharon &amp; the Dap-Kings - Miss Sharon Jones Soundtrack (Gatefold) -  (2LP) | Guerssen\" \/>\n<meta name=\"twitter:label1\" content=\"Tiempo de lectura\" \/>\n\t<meta name=\"twitter:data1\" content=\"1 minuto\" \/>\n<script type=\"application\/ld+json\" class=\"yoast-schema-graph\">{\"@context\":\"https:\/\/schema.org\",\"@graph\":[{\"@type\":\"WebPage\",\"@id\":\"https:\/\/wpguerssen-test.odoo.rgbconsulting.com\/es\/producto\/miss-sharon-jones-soundtrack-gatefold\/\",\"url\":\"https:\/\/wpguerssen-test.odoo.rgbconsulting.com\/es\/producto\/miss-sharon-jones-soundtrack-gatefold\/\",\"name\":\"JONES, Sharon & the Dap-Kings - Miss Sharon Jones Soundtrack (Gatefold) - (2LP) | Guerssen\",\"isPartOf\":{\"@id\":\"https:\/\/wpguerssen-test.odoo.rgbconsulting.com\/es\/#website\"},\"primaryImageOfPage\":{\"@id\":\"https:\/\/wpguerssen-test.odoo.rgbconsulting.com\/es\/producto\/miss-sharon-jones-soundtrack-gatefold\/#primaryimage\"},\"image\":{\"@id\":\"https:\/\/wpguerssen-test.odoo.rgbconsulting.com\/es\/producto\/miss-sharon-jones-soundtrack-gatefold\/#primaryimage\"},\"thumbnailUrl\":\"https:\/\/wpguerssen-test.odoo.rgbconsulting.com\/wp-content\/uploads\/2023\/11\/46157.jpg\",\"datePublished\":\"2024-01-07T23:00:00+00:00\",\"dateModified\":\"2025-02-24T15:54:26+00:00\",\"description\":\"It is our distinct pleasure to present: Miss Sharon Jones! OST. The film, directed by two-time Academy Award winner, Barbara Kopple, follows the dynamic front-woman through her 2013 battle with cancer and her triumphant return to the stage around the release of Give The People What They Want.All versions of the soundtrack, featuring the exclusive \\\"I'm Still Here\\\", boasts a nice selection of tracks ranging from her early singles on Daptone, to tracks from the band's 2014 release - Give the People What They Want. The Double LP Gatefold features extra tracks + the EXCLUSIVE performance of \\\"His Eye On The Sparrow\\\" as heard in the film sung by Sharon Jones in her local church in Augusta, GA.\",\"breadcrumb\":{\"@id\":\"https:\/\/wpguerssen-test.odoo.rgbconsulting.com\/es\/producto\/miss-sharon-jones-soundtrack-gatefold\/#breadcrumb\"},\"inLanguage\":\"es\",\"potentialAction\":[{\"@type\":\"ReadAction\",\"target\":[\"https:\/\/wpguerssen-test.odoo.rgbconsulting.com\/es\/producto\/miss-sharon-jones-soundtrack-gatefold\/\"]}]},{\"@type\":\"ImageObject\",\"inLanguage\":\"es\",\"@id\":\"https:\/\/wpguerssen-test.odoo.rgbconsulting.com\/es\/producto\/miss-sharon-jones-soundtrack-gatefold\/#primaryimage\",\"url\":\"https:\/\/wpguerssen-test.odoo.rgbconsulting.com\/wp-content\/uploads\/2023\/11\/46157.jpg\",\"contentUrl\":\"https:\/\/wpguerssen-test.odoo.rgbconsulting.com\/wp-content\/uploads\/2023\/11\/46157.jpg\",\"width\":700,\"height\":700,\"caption\":\"Sharon & the Dap-Kings - Miss Sharon Jones Soundtrack (Gatefold) - DAPTONE (2LP) | Guerssen\"},{\"@type\":\"BreadcrumbList\",\"@id\":\"https:\/\/wpguerssen-test.odoo.rgbconsulting.com\/es\/producto\/miss-sharon-jones-soundtrack-gatefold\/#breadcrumb\",\"itemListElement\":[{\"@type\":\"ListItem\",\"position\":1,\"name\":\"Inicio\",\"item\":\"https:\/\/wpguerssen-test.odoo.rgbconsulting.com\/es\/\"},{\"@type\":\"ListItem\",\"position\":2,\"name\":\"Shop\",\"item\":\"https:\/\/wpguerssen-test.odoo.rgbconsulting.com\/shop\/\"},{\"@type\":\"ListItem\",\"position\":3,\"name\":\"Miss Sharon Jones Soundtrack (Gatefold)\"}]},{\"@type\":\"WebSite\",\"@id\":\"https:\/\/wpguerssen-test.odoo.rgbconsulting.com\/es\/#website\",\"url\":\"https:\/\/wpguerssen-test.odoo.rgbconsulting.com\/es\/\",\"name\":\"Guerssen records\",\"description\":\"psychedelia - progressive - folk - garage \",\"publisher\":{\"@id\":\"https:\/\/wpguerssen-test.odoo.rgbconsulting.com\/es\/#organization\"},\"potentialAction\":[{\"@type\":\"SearchAction\",\"target\":{\"@type\":\"EntryPoint\",\"urlTemplate\":\"https:\/\/wpguerssen-test.odoo.rgbconsulting.com\/es\/?s={search_term_string}\"},\"query-input\":{\"@type\":\"PropertyValueSpecification\",\"valueRequired\":true,\"valueName\":\"search_term_string\"}}],\"inLanguage\":\"es\"},{\"@type\":\"Organization\",\"@id\":\"https:\/\/wpguerssen-test.odoo.rgbconsulting.com\/es\/#organization\",\"name\":\"Guerssen records\",\"url\":\"https:\/\/wpguerssen-test.odoo.rgbconsulting.com\/es\/\",\"logo\":{\"@type\":\"ImageObject\",\"inLanguage\":\"es\",\"@id\":\"https:\/\/wpguerssen-test.odoo.rgbconsulting.com\/es\/#\/schema\/logo\/image\/\",\"url\":\"https:\/\/wpguerssen-test.odoo.rgbconsulting.com\/wp-content\/uploads\/2022\/04\/Logo_Guerssen_trans_100.png\",\"contentUrl\":\"https:\/\/wpguerssen-test.odoo.rgbconsulting.com\/wp-content\/uploads\/2022\/04\/Logo_Guerssen_trans_100.png\",\"width\":122,\"height\":100,\"caption\":\"Guerssen records\"},\"image\":{\"@id\":\"https:\/\/wpguerssen-test.odoo.rgbconsulting.com\/es\/#\/schema\/logo\/image\/\"}}]}<\/script>\n<!-- \/ Yoast SEO plugin. -->","yoast_head_json":{"title":"JONES, Sharon & the Dap-Kings - Miss Sharon Jones Soundtrack (Gatefold) -  (2LP) | Guerssen","description":"It is our distinct pleasure to present: Miss Sharon Jones! OST. The film, directed by two-time Academy Award winner, Barbara Kopple, follows the dynamic front-woman through her 2013 battle with cancer and her triumphant return to the stage around the release of Give The People What They Want.All versions of the soundtrack, featuring the exclusive \"I'm Still Here\", boasts a nice selection of tracks ranging from her early singles on Daptone, to tracks from the band's 2014 release - Give the People What They Want. The Double LP Gatefold features extra tracks + the EXCLUSIVE performance of \"His Eye On The Sparrow\" as heard in the film sung by Sharon Jones in her local church in Augusta, GA.","robots":{"index":"index","follow":"follow","max-snippet":"max-snippet:-1","max-image-preview":"max-image-preview:large","max-video-preview":"max-video-preview:-1"},"canonical":"https:\/\/wpguerssen-test.odoo.rgbconsulting.com\/es\/producto\/miss-sharon-jones-soundtrack-gatefold\/","og_locale":"es_ES","og_type":"article","og_title":"JONES, Sharon & the Dap-Kings - Miss Sharon Jones Soundtrack (Gatefold) -  (2LP) | Guerssen","og_description":"It is our distinct pleasure to present: Miss Sharon Jones! OST. The film, directed by two-time Academy Award winner, Barbara Kopple, follows the dynamic front-woman through her 2013 battle with cancer and her triumphant return to the stage around the release of Give The People What They Want.All versions of the soundtrack, featuring the exclusive \"I'm Still Here\", boasts a nice selection of tracks ranging from her early singles on Daptone, to tracks from the band's 2014 release - Give the People What They Want. The Double LP Gatefold features extra tracks + the EXCLUSIVE performance of \"His Eye On The Sparrow\" as heard in the film sung by Sharon Jones in her local church in Augusta, GA.","og_url":"https:\/\/wpguerssen-test.odoo.rgbconsulting.com\/es\/producto\/miss-sharon-jones-soundtrack-gatefold\/","og_site_name":"Guerssen records","article_modified_time":"2025-02-24T15:54:26+00:00","og_image":[{"width":700,"height":700,"url":"https:\/\/wpguerssen-test.odoo.rgbconsulting.com\/wp-content\/uploads\/2023\/11\/46157.jpg","type":"image\/jpeg"}],"twitter_card":"summary_large_image","twitter_title":"JONES, Sharon & the Dap-Kings - Miss Sharon Jones Soundtrack (Gatefold) -  (2LP) | Guerssen","twitter_misc":{"Tiempo de lectura":"1 minuto"},"schema":{"@context":"https:\/\/schema.org","@graph":[{"@type":"WebPage","@id":"https:\/\/wpguerssen-test.odoo.rgbconsulting.com\/es\/producto\/miss-sharon-jones-soundtrack-gatefold\/","url":"https:\/\/wpguerssen-test.odoo.rgbconsulting.com\/es\/producto\/miss-sharon-jones-soundtrack-gatefold\/","name":"JONES, Sharon & the Dap-Kings - Miss Sharon Jones Soundtrack (Gatefold) - (2LP) | Guerssen","isPartOf":{"@id":"https:\/\/wpguerssen-test.odoo.rgbconsulting.com\/es\/#website"},"primaryImageOfPage":{"@id":"https:\/\/wpguerssen-test.odoo.rgbconsulting.com\/es\/producto\/miss-sharon-jones-soundtrack-gatefold\/#primaryimage"},"image":{"@id":"https:\/\/wpguerssen-test.odoo.rgbconsulting.com\/es\/producto\/miss-sharon-jones-soundtrack-gatefold\/#primaryimage"},"thumbnailUrl":"https:\/\/wpguerssen-test.odoo.rgbconsulting.com\/wp-content\/uploads\/2023\/11\/46157.jpg","datePublished":"2024-01-07T23:00:00+00:00","dateModified":"2025-02-24T15:54:26+00:00","description":"It is our distinct pleasure to present: Miss Sharon Jones! OST. The film, directed by two-time Academy Award winner, Barbara Kopple, follows the dynamic front-woman through her 2013 battle with cancer and her triumphant return to the stage around the release of Give The People What They Want.All versions of the soundtrack, featuring the exclusive \"I'm Still Here\", boasts a nice selection of tracks ranging from her early singles on Daptone, to tracks from the band's 2014 release - Give the People What They Want. The Double LP Gatefold features extra tracks + the EXCLUSIVE performance of \"His Eye On The Sparrow\" as heard in the film sung by Sharon Jones in her local church in Augusta, GA.","breadcrumb":{"@id":"https:\/\/wpguerssen-test.odoo.rgbconsulting.com\/es\/producto\/miss-sharon-jones-soundtrack-gatefold\/#breadcrumb"},"inLanguage":"es","potentialAction":[{"@type":"ReadAction","target":["https:\/\/wpguerssen-test.odoo.rgbconsulting.com\/es\/producto\/miss-sharon-jones-soundtrack-gatefold\/"]}]},{"@type":"ImageObject","inLanguage":"es","@id":"https:\/\/wpguerssen-test.odoo.rgbconsulting.com\/es\/producto\/miss-sharon-jones-soundtrack-gatefold\/#primaryimage","url":"https:\/\/wpguerssen-test.odoo.rgbconsulting.com\/wp-content\/uploads\/2023\/11\/46157.jpg","contentUrl":"https:\/\/wpguerssen-test.odoo.rgbconsulting.com\/wp-content\/uploads\/2023\/11\/46157.jpg","width":700,"height":700,"caption":"Sharon & the Dap-Kings - Miss Sharon Jones Soundtrack (Gatefold) - DAPTONE (2LP) | Guerssen"},{"@type":"BreadcrumbList","@id":"https:\/\/wpguerssen-test.odoo.rgbconsulting.com\/es\/producto\/miss-sharon-jones-soundtrack-gatefold\/#breadcrumb","itemListElement":[{"@type":"ListItem","position":1,"name":"Inicio","item":"https:\/\/wpguerssen-test.odoo.rgbconsulting.com\/es\/"},{"@type":"ListItem","position":2,"name":"Shop","item":"https:\/\/wpguerssen-test.odoo.rgbconsulting.com\/shop\/"},{"@type":"ListItem","position":3,"name":"Miss Sharon Jones Soundtrack (Gatefold)"}]},{"@type":"WebSite","@id":"https:\/\/wpguerssen-test.odoo.rgbconsulting.com\/es\/#website","url":"https:\/\/wpguerssen-test.odoo.rgbconsulting.com\/es\/","name":"Guerssen records","description":"psychedelia - progressive - folk - garage ","publisher":{"@id":"https:\/\/wpguerssen-test.odoo.rgbconsulting.com\/es\/#organization"},"potentialAction":[{"@type":"SearchAction","target":{"@type":"EntryPoint","urlTemplate":"https:\/\/wpguerssen-test.odoo.rgbconsulting.com\/es\/?s={search_term_string}"},"query-input":{"@type":"PropertyValueSpecification","valueRequired":true,"valueName":"search_term_string"}}],"inLanguage":"es"},{"@type":"Organization","@id":"https:\/\/wpguerssen-test.odoo.rgbconsulting.com\/es\/#organization","name":"Guerssen records","url":"https:\/\/wpguerssen-test.odoo.rgbconsulting.com\/es\/","logo":{"@type":"ImageObject","inLanguage":"es","@id":"https:\/\/wpguerssen-test.odoo.rgbconsulting.com\/es\/#\/schema\/logo\/image\/","url":"https:\/\/wpguerssen-test.odoo.rgbconsulting.com\/wp-content\/uploads\/2022\/04\/Logo_Guerssen_trans_100.png","contentUrl":"https:\/\/wpguerssen-test.odoo.rgbconsulting.com\/wp-content\/uploads\/2022\/04\/Logo_Guerssen_trans_100.png","width":122,"height":100,"caption":"Guerssen records"},"image":{"@id":"https:\/\/wpguerssen-test.odoo.rgbconsulting.com\/es\/#\/schema\/logo\/image\/"}}]}},"_links":{"self":[{"href":"https:\/\/wpguerssen-test.odoo.rgbconsulting.com\/es\/wp-json\/wp\/v2\/product\/245718","targetHints":{"allow":["GET"]}}],"collection":[{"href":"https:\/\/wpguerssen-test.odoo.rgbconsulting.com\/es\/wp-json\/wp\/v2\/product"}],"about":[{"href":"https:\/\/wpguerssen-test.odoo.rgbconsulting.com\/es\/wp-json\/wp\/v2\/types\/product"}],"wp:featuredmedia":[{"embeddable":true,"href":"https:\/\/wpguerssen-test.odoo.rgbconsulting.com\/es\/wp-json\/wp\/v2\/media\/245663"}],"wp:attachment":[{"href":"https:\/\/wpguerssen-test.odoo.rgbconsulting.com\/es\/wp-json\/wp\/v2\/media?parent=245718"}],"wp:term":[{"taxonomy":"product_brand","embeddable":true,"href":"https:\/\/wpguerssen-test.odoo.rgbconsulting.com\/es\/wp-json\/wp\/v2\/product_brand?post=245718"},{"taxonomy":"product_cat","embeddable":true,"href":"https:\/\/wpguerssen-test.odoo.rgbconsulting.com\/es\/wp-json\/wp\/v2\/product_cat?post=245718"},{"taxonomy":"product_tag","embeddable":true,"href":"https:\/\/wpguerssen-test.odoo.rgbconsulting.com\/es\/wp-json\/wp\/v2\/product_tag?post=245718"}],"curies":[{"name":"wp","href":"https:\/\/api.w.org\/{rel}","templated":true}]}}