{"id":245719,"date":"2024-01-08T00:00:00","date_gmt":"2024-01-07T23:00:00","guid":{"rendered":"https:\/\/wpguerssen-test.odoo.rgbconsulting.com\/product\/soul-of-a-woman\/"},"modified":"2025-02-24T16:54:32","modified_gmt":"2025-02-24T15:54:32","slug":"soul-of-a-woman","status":"publish","type":"product","link":"https:\/\/wpguerssen-test.odoo.rgbconsulting.com\/es\/producto\/soul-of-a-woman\/","title":{"rendered":"Soul Of A Woman"},"content":{"rendered":"<p>El \u00faltimo \u00e1lbum de estudio de Sharon Jones &#038; the Dap-Kings, Soul of a Woman, es una obra maestra orquestal exuberante. Un verdadero testimonio de la vida y la carrera de la intr\u00e9pida l\u00edder de Daptone y una de las mejores int\u00e9rpretes del mundo.<br \/>En el a\u00f1o anterior a su muerte por c\u00e1ncer de p\u00e1ncreas en 2016, Sharon Jones realiz\u00f3 giras y actu\u00f3 incansablemente, y tambi\u00e9n fue el tema de Miss \u00a1Sharon Jones!, un aclamado documental de la directora ganadora del Oscar Barbara Kopple. Sin embargo, de alguna manera, la querida y heroica cantante de soul encontr\u00f3 tiempo para completar un \u00e1lbum de estudio. Soul of a Woman presenta once canciones que revelan que la emoci\u00f3n, la din\u00e1mica y el drama de la voz de Jones se mantuvieron en pleno poder hasta sus \u00faltimos d\u00edas.<\/p>\n","protected":false},"excerpt":{"rendered":"<p>El \u00faltimo \u00e1lbum de estudio de Sharon Jones &#038; the Dap-Kings, Soul of a Woman, es una obra maestra orquestal exuberante. Un verdadero testimonio de la vida y<a class=\"read\" href=\"https:\/\/wpguerssen-test.odoo.rgbconsulting.com\/es\/producto\/soul-of-a-woman\/\"> (...)<\/a>","protected":false},"featured_media":245666,"template":"","meta":{"_acf_changed":false},"product_brand":[],"product_cat":[21649,23219],"product_tag":[],"class_list":{"0":"post-245719","1":"product","2":"type-product","3":"status-publish","4":"has-post-thumbnail","6":"product_cat-soul-rnb-es","7":"product_cat-funk-es","8":"pa_artist-jones-sharon-the-dap-kings","9":"pa_format-lp-es","10":"pa_gender-soul-rnb-funk","11":"pa_label-daptone-es-2","12":"pa_location-north-america-es","13":"pa_other-filters-vinyl-only-es","15":"first","16":"instock","17":"taxable","18":"shipping-taxable","19":"purchasable","20":"product-type-simple"},"acf":[],"yoast_head":"<!-- This site is optimized with the Yoast SEO plugin v24.9 - https:\/\/yoast.com\/wordpress\/plugins\/seo\/ -->\n<title>JONES, Sharon &amp; the Dap-Kings - Soul Of A Woman -  (LP) | Guerssen<\/title>\n<meta name=\"description\" content=\"Sharon Jones &amp; the Dap-Kings&#039; final studio album, Soul of a Woman is a lush, orchestral masterpiece. A true testament to the life and career of Daptone&#039;s fearless leader and one of the world&#039;s greatest performers.In the year prior to her death from pancreatic cancer in 2016, Sharon Jones toured and performed tirelessly, and was also the subject of Miss Sharon Jones!, an acclaimed documentary by Oscar-Winning director Barbara Kopple. Yet somehow, the beloved and heroic soul singer found time to complete a studio album. Soul of a Woman features eleven songs which reveal that the emotion, dynamics, and drama of Jones&#039; voice remained at full power until her final days.\" \/>\n<meta name=\"robots\" content=\"index, follow, max-snippet:-1, max-image-preview:large, max-video-preview:-1\" \/>\n<link rel=\"canonical\" href=\"https:\/\/wpguerssen-test.odoo.rgbconsulting.com\/es\/producto\/soul-of-a-woman\/\" \/>\n<meta property=\"og:locale\" content=\"es_ES\" \/>\n<meta property=\"og:type\" content=\"article\" \/>\n<meta property=\"og:title\" content=\"JONES, Sharon &amp; the Dap-Kings - Soul Of A Woman -  (LP) | Guerssen\" \/>\n<meta property=\"og:description\" content=\"Sharon Jones &amp; the Dap-Kings&#039; final studio album, Soul of a Woman is a lush, orchestral masterpiece. A true testament to the life and career of Daptone&#039;s fearless leader and one of the world&#039;s greatest performers.In the year prior to her death from pancreatic cancer in 2016, Sharon Jones toured and performed tirelessly, and was also the subject of Miss Sharon Jones!, an acclaimed documentary by Oscar-Winning director Barbara Kopple. Yet somehow, the beloved and heroic soul singer found time to complete a studio album. Soul of a Woman features eleven songs which reveal that the emotion, dynamics, and drama of Jones&#039; voice remained at full power until her final days.\" \/>\n<meta property=\"og:url\" content=\"https:\/\/wpguerssen-test.odoo.rgbconsulting.com\/es\/producto\/soul-of-a-woman\/\" \/>\n<meta property=\"og:site_name\" content=\"Guerssen records\" \/>\n<meta property=\"article:modified_time\" content=\"2025-02-24T15:54:32+00:00\" \/>\n<meta property=\"og:image\" content=\"https:\/\/wpguerssen-test.odoo.rgbconsulting.com\/wp-content\/uploads\/2023\/11\/46158.jpg\" \/>\n\t<meta property=\"og:image:width\" content=\"700\" \/>\n\t<meta property=\"og:image:height\" content=\"700\" \/>\n\t<meta property=\"og:image:type\" content=\"image\/jpeg\" \/>\n<meta name=\"twitter:card\" content=\"summary_large_image\" \/>\n<meta name=\"twitter:title\" content=\"JONES, Sharon &amp; the Dap-Kings - Soul Of A Woman -  (LP) | Guerssen\" \/>\n<meta name=\"twitter:label1\" content=\"Tiempo de lectura\" \/>\n\t<meta name=\"twitter:data1\" content=\"1 minuto\" \/>\n<script type=\"application\/ld+json\" class=\"yoast-schema-graph\">{\"@context\":\"https:\/\/schema.org\",\"@graph\":[{\"@type\":\"WebPage\",\"@id\":\"https:\/\/wpguerssen-test.odoo.rgbconsulting.com\/es\/producto\/soul-of-a-woman\/\",\"url\":\"https:\/\/wpguerssen-test.odoo.rgbconsulting.com\/es\/producto\/soul-of-a-woman\/\",\"name\":\"JONES, Sharon & the Dap-Kings - Soul Of A Woman - (LP) | Guerssen\",\"isPartOf\":{\"@id\":\"https:\/\/wpguerssen-test.odoo.rgbconsulting.com\/es\/#website\"},\"primaryImageOfPage\":{\"@id\":\"https:\/\/wpguerssen-test.odoo.rgbconsulting.com\/es\/producto\/soul-of-a-woman\/#primaryimage\"},\"image\":{\"@id\":\"https:\/\/wpguerssen-test.odoo.rgbconsulting.com\/es\/producto\/soul-of-a-woman\/#primaryimage\"},\"thumbnailUrl\":\"https:\/\/wpguerssen-test.odoo.rgbconsulting.com\/wp-content\/uploads\/2023\/11\/46158.jpg\",\"datePublished\":\"2024-01-07T23:00:00+00:00\",\"dateModified\":\"2025-02-24T15:54:32+00:00\",\"description\":\"Sharon Jones & the Dap-Kings' final studio album, Soul of a Woman is a lush, orchestral masterpiece. A true testament to the life and career of Daptone's fearless leader and one of the world's greatest performers.In the year prior to her death from pancreatic cancer in 2016, Sharon Jones toured and performed tirelessly, and was also the subject of Miss Sharon Jones!, an acclaimed documentary by Oscar-Winning director Barbara Kopple. Yet somehow, the beloved and heroic soul singer found time to complete a studio album. Soul of a Woman features eleven songs which reveal that the emotion, dynamics, and drama of Jones' voice remained at full power until her final days.\",\"breadcrumb\":{\"@id\":\"https:\/\/wpguerssen-test.odoo.rgbconsulting.com\/es\/producto\/soul-of-a-woman\/#breadcrumb\"},\"inLanguage\":\"es\",\"potentialAction\":[{\"@type\":\"ReadAction\",\"target\":[\"https:\/\/wpguerssen-test.odoo.rgbconsulting.com\/es\/producto\/soul-of-a-woman\/\"]}]},{\"@type\":\"ImageObject\",\"inLanguage\":\"es\",\"@id\":\"https:\/\/wpguerssen-test.odoo.rgbconsulting.com\/es\/producto\/soul-of-a-woman\/#primaryimage\",\"url\":\"https:\/\/wpguerssen-test.odoo.rgbconsulting.com\/wp-content\/uploads\/2023\/11\/46158.jpg\",\"contentUrl\":\"https:\/\/wpguerssen-test.odoo.rgbconsulting.com\/wp-content\/uploads\/2023\/11\/46158.jpg\",\"width\":700,\"height\":700,\"caption\":\"Sharon & the Dap-Kings - Soul Of A Woman - DAPTONE (LP) | Guerssen\"},{\"@type\":\"BreadcrumbList\",\"@id\":\"https:\/\/wpguerssen-test.odoo.rgbconsulting.com\/es\/producto\/soul-of-a-woman\/#breadcrumb\",\"itemListElement\":[{\"@type\":\"ListItem\",\"position\":1,\"name\":\"Inicio\",\"item\":\"https:\/\/wpguerssen-test.odoo.rgbconsulting.com\/es\/\"},{\"@type\":\"ListItem\",\"position\":2,\"name\":\"Shop\",\"item\":\"https:\/\/wpguerssen-test.odoo.rgbconsulting.com\/shop\/\"},{\"@type\":\"ListItem\",\"position\":3,\"name\":\"Soul Of A Woman\"}]},{\"@type\":\"WebSite\",\"@id\":\"https:\/\/wpguerssen-test.odoo.rgbconsulting.com\/es\/#website\",\"url\":\"https:\/\/wpguerssen-test.odoo.rgbconsulting.com\/es\/\",\"name\":\"Guerssen records\",\"description\":\"psychedelia - progressive - folk - garage \",\"publisher\":{\"@id\":\"https:\/\/wpguerssen-test.odoo.rgbconsulting.com\/es\/#organization\"},\"potentialAction\":[{\"@type\":\"SearchAction\",\"target\":{\"@type\":\"EntryPoint\",\"urlTemplate\":\"https:\/\/wpguerssen-test.odoo.rgbconsulting.com\/es\/?s={search_term_string}\"},\"query-input\":{\"@type\":\"PropertyValueSpecification\",\"valueRequired\":true,\"valueName\":\"search_term_string\"}}],\"inLanguage\":\"es\"},{\"@type\":\"Organization\",\"@id\":\"https:\/\/wpguerssen-test.odoo.rgbconsulting.com\/es\/#organization\",\"name\":\"Guerssen records\",\"url\":\"https:\/\/wpguerssen-test.odoo.rgbconsulting.com\/es\/\",\"logo\":{\"@type\":\"ImageObject\",\"inLanguage\":\"es\",\"@id\":\"https:\/\/wpguerssen-test.odoo.rgbconsulting.com\/es\/#\/schema\/logo\/image\/\",\"url\":\"https:\/\/wpguerssen-test.odoo.rgbconsulting.com\/wp-content\/uploads\/2022\/04\/Logo_Guerssen_trans_100.png\",\"contentUrl\":\"https:\/\/wpguerssen-test.odoo.rgbconsulting.com\/wp-content\/uploads\/2022\/04\/Logo_Guerssen_trans_100.png\",\"width\":122,\"height\":100,\"caption\":\"Guerssen records\"},\"image\":{\"@id\":\"https:\/\/wpguerssen-test.odoo.rgbconsulting.com\/es\/#\/schema\/logo\/image\/\"}}]}<\/script>\n<!-- \/ Yoast SEO plugin. -->","yoast_head_json":{"title":"JONES, Sharon & the Dap-Kings - Soul Of A Woman -  (LP) | Guerssen","description":"Sharon Jones & the Dap-Kings' final studio album, Soul of a Woman is a lush, orchestral masterpiece. A true testament to the life and career of Daptone's fearless leader and one of the world's greatest performers.In the year prior to her death from pancreatic cancer in 2016, Sharon Jones toured and performed tirelessly, and was also the subject of Miss Sharon Jones!, an acclaimed documentary by Oscar-Winning director Barbara Kopple. Yet somehow, the beloved and heroic soul singer found time to complete a studio album. Soul of a Woman features eleven songs which reveal that the emotion, dynamics, and drama of Jones' voice remained at full power until her final days.","robots":{"index":"index","follow":"follow","max-snippet":"max-snippet:-1","max-image-preview":"max-image-preview:large","max-video-preview":"max-video-preview:-1"},"canonical":"https:\/\/wpguerssen-test.odoo.rgbconsulting.com\/es\/producto\/soul-of-a-woman\/","og_locale":"es_ES","og_type":"article","og_title":"JONES, Sharon & the Dap-Kings - Soul Of A Woman -  (LP) | Guerssen","og_description":"Sharon Jones & the Dap-Kings' final studio album, Soul of a Woman is a lush, orchestral masterpiece. A true testament to the life and career of Daptone's fearless leader and one of the world's greatest performers.In the year prior to her death from pancreatic cancer in 2016, Sharon Jones toured and performed tirelessly, and was also the subject of Miss Sharon Jones!, an acclaimed documentary by Oscar-Winning director Barbara Kopple. Yet somehow, the beloved and heroic soul singer found time to complete a studio album. Soul of a Woman features eleven songs which reveal that the emotion, dynamics, and drama of Jones' voice remained at full power until her final days.","og_url":"https:\/\/wpguerssen-test.odoo.rgbconsulting.com\/es\/producto\/soul-of-a-woman\/","og_site_name":"Guerssen records","article_modified_time":"2025-02-24T15:54:32+00:00","og_image":[{"width":700,"height":700,"url":"https:\/\/wpguerssen-test.odoo.rgbconsulting.com\/wp-content\/uploads\/2023\/11\/46158.jpg","type":"image\/jpeg"}],"twitter_card":"summary_large_image","twitter_title":"JONES, Sharon & the Dap-Kings - Soul Of A Woman -  (LP) | Guerssen","twitter_misc":{"Tiempo de lectura":"1 minuto"},"schema":{"@context":"https:\/\/schema.org","@graph":[{"@type":"WebPage","@id":"https:\/\/wpguerssen-test.odoo.rgbconsulting.com\/es\/producto\/soul-of-a-woman\/","url":"https:\/\/wpguerssen-test.odoo.rgbconsulting.com\/es\/producto\/soul-of-a-woman\/","name":"JONES, Sharon & the Dap-Kings - Soul Of A Woman - (LP) | Guerssen","isPartOf":{"@id":"https:\/\/wpguerssen-test.odoo.rgbconsulting.com\/es\/#website"},"primaryImageOfPage":{"@id":"https:\/\/wpguerssen-test.odoo.rgbconsulting.com\/es\/producto\/soul-of-a-woman\/#primaryimage"},"image":{"@id":"https:\/\/wpguerssen-test.odoo.rgbconsulting.com\/es\/producto\/soul-of-a-woman\/#primaryimage"},"thumbnailUrl":"https:\/\/wpguerssen-test.odoo.rgbconsulting.com\/wp-content\/uploads\/2023\/11\/46158.jpg","datePublished":"2024-01-07T23:00:00+00:00","dateModified":"2025-02-24T15:54:32+00:00","description":"Sharon Jones & the Dap-Kings' final studio album, Soul of a Woman is a lush, orchestral masterpiece. A true testament to the life and career of Daptone's fearless leader and one of the world's greatest performers.In the year prior to her death from pancreatic cancer in 2016, Sharon Jones toured and performed tirelessly, and was also the subject of Miss Sharon Jones!, an acclaimed documentary by Oscar-Winning director Barbara Kopple. Yet somehow, the beloved and heroic soul singer found time to complete a studio album. Soul of a Woman features eleven songs which reveal that the emotion, dynamics, and drama of Jones' voice remained at full power until her final days.","breadcrumb":{"@id":"https:\/\/wpguerssen-test.odoo.rgbconsulting.com\/es\/producto\/soul-of-a-woman\/#breadcrumb"},"inLanguage":"es","potentialAction":[{"@type":"ReadAction","target":["https:\/\/wpguerssen-test.odoo.rgbconsulting.com\/es\/producto\/soul-of-a-woman\/"]}]},{"@type":"ImageObject","inLanguage":"es","@id":"https:\/\/wpguerssen-test.odoo.rgbconsulting.com\/es\/producto\/soul-of-a-woman\/#primaryimage","url":"https:\/\/wpguerssen-test.odoo.rgbconsulting.com\/wp-content\/uploads\/2023\/11\/46158.jpg","contentUrl":"https:\/\/wpguerssen-test.odoo.rgbconsulting.com\/wp-content\/uploads\/2023\/11\/46158.jpg","width":700,"height":700,"caption":"Sharon & the Dap-Kings - Soul Of A Woman - DAPTONE (LP) | Guerssen"},{"@type":"BreadcrumbList","@id":"https:\/\/wpguerssen-test.odoo.rgbconsulting.com\/es\/producto\/soul-of-a-woman\/#breadcrumb","itemListElement":[{"@type":"ListItem","position":1,"name":"Inicio","item":"https:\/\/wpguerssen-test.odoo.rgbconsulting.com\/es\/"},{"@type":"ListItem","position":2,"name":"Shop","item":"https:\/\/wpguerssen-test.odoo.rgbconsulting.com\/shop\/"},{"@type":"ListItem","position":3,"name":"Soul Of A Woman"}]},{"@type":"WebSite","@id":"https:\/\/wpguerssen-test.odoo.rgbconsulting.com\/es\/#website","url":"https:\/\/wpguerssen-test.odoo.rgbconsulting.com\/es\/","name":"Guerssen records","description":"psychedelia - progressive - folk - garage ","publisher":{"@id":"https:\/\/wpguerssen-test.odoo.rgbconsulting.com\/es\/#organization"},"potentialAction":[{"@type":"SearchAction","target":{"@type":"EntryPoint","urlTemplate":"https:\/\/wpguerssen-test.odoo.rgbconsulting.com\/es\/?s={search_term_string}"},"query-input":{"@type":"PropertyValueSpecification","valueRequired":true,"valueName":"search_term_string"}}],"inLanguage":"es"},{"@type":"Organization","@id":"https:\/\/wpguerssen-test.odoo.rgbconsulting.com\/es\/#organization","name":"Guerssen records","url":"https:\/\/wpguerssen-test.odoo.rgbconsulting.com\/es\/","logo":{"@type":"ImageObject","inLanguage":"es","@id":"https:\/\/wpguerssen-test.odoo.rgbconsulting.com\/es\/#\/schema\/logo\/image\/","url":"https:\/\/wpguerssen-test.odoo.rgbconsulting.com\/wp-content\/uploads\/2022\/04\/Logo_Guerssen_trans_100.png","contentUrl":"https:\/\/wpguerssen-test.odoo.rgbconsulting.com\/wp-content\/uploads\/2022\/04\/Logo_Guerssen_trans_100.png","width":122,"height":100,"caption":"Guerssen records"},"image":{"@id":"https:\/\/wpguerssen-test.odoo.rgbconsulting.com\/es\/#\/schema\/logo\/image\/"}}]}},"_links":{"self":[{"href":"https:\/\/wpguerssen-test.odoo.rgbconsulting.com\/es\/wp-json\/wp\/v2\/product\/245719","targetHints":{"allow":["GET"]}}],"collection":[{"href":"https:\/\/wpguerssen-test.odoo.rgbconsulting.com\/es\/wp-json\/wp\/v2\/product"}],"about":[{"href":"https:\/\/wpguerssen-test.odoo.rgbconsulting.com\/es\/wp-json\/wp\/v2\/types\/product"}],"wp:featuredmedia":[{"embeddable":true,"href":"https:\/\/wpguerssen-test.odoo.rgbconsulting.com\/es\/wp-json\/wp\/v2\/media\/245666"}],"wp:attachment":[{"href":"https:\/\/wpguerssen-test.odoo.rgbconsulting.com\/es\/wp-json\/wp\/v2\/media?parent=245719"}],"wp:term":[{"taxonomy":"product_brand","embeddable":true,"href":"https:\/\/wpguerssen-test.odoo.rgbconsulting.com\/es\/wp-json\/wp\/v2\/product_brand?post=245719"},{"taxonomy":"product_cat","embeddable":true,"href":"https:\/\/wpguerssen-test.odoo.rgbconsulting.com\/es\/wp-json\/wp\/v2\/product_cat?post=245719"},{"taxonomy":"product_tag","embeddable":true,"href":"https:\/\/wpguerssen-test.odoo.rgbconsulting.com\/es\/wp-json\/wp\/v2\/product_tag?post=245719"}],"curies":[{"name":"wp","href":"https:\/\/api.w.org\/{rel}","templated":true}]}}