{"id":245723,"date":"2024-01-08T00:00:00","date_gmt":"2024-01-07T23:00:00","guid":{"rendered":"https:\/\/wpguerssen-test.odoo.rgbconsulting.com\/product\/what-the-world-needs-now-is-love\/"},"modified":"2025-02-24T16:54:43","modified_gmt":"2025-02-24T15:54:43","slug":"what-the-world-needs-now-is-love","status":"publish","type":"product","link":"https:\/\/wpguerssen-test.odoo.rgbconsulting.com\/es\/producto\/what-the-world-needs-now-is-love\/","title":{"rendered":"What The World Needs Now Is Love"},"content":{"rendered":"<p>\u00a1El Sugarman 3 ha vuelto! Con solo 8 pistas, un pu\u00f1ado de man\u00ed y una botella de aguardiente holand\u00e9s de alta graduaci\u00f3n, estos caballeros demostraron su madurez musical: escribieron y grabaron el \u00e1lbum completo en 4 d\u00edas. Se derramaron l\u00e1grimas y se derram\u00f3 sangre durante esas cuatro fat\u00eddicas sesiones, pero estamos felices de informar que lo que se grab\u00f3 son algunas de las mejores melod\u00edas instrumentales jam\u00e1s grabadas en cinta. Explora las interpretaciones magistrales de favoritos como: la obra escrita por Bacharach y la canci\u00f3n principal del \u00e1lbum \u00abWhat the World Needs Now Is Love\u00bb.<\/p>\n","protected":false},"excerpt":{"rendered":"<p>\u00a1El Sugarman 3 ha vuelto! Con solo 8 pistas, un pu\u00f1ado de man\u00ed y una botella de aguardiente holand\u00e9s de alta graduaci\u00f3n, estos caballeros demostraron su madurez<a class=\"read\" href=\"https:\/\/wpguerssen-test.odoo.rgbconsulting.com\/es\/producto\/what-the-world-needs-now-is-love\/\"> (...)<\/a>","protected":false},"featured_media":245678,"template":"","meta":{"_acf_changed":false},"product_brand":[],"product_cat":[21649,23219],"product_tag":[],"class_list":{"0":"post-245723","1":"product","2":"type-product","3":"status-publish","4":"has-post-thumbnail","6":"product_cat-soul-rnb-es","7":"product_cat-funk-es","8":"pa_artist-sugarman-three-es","9":"pa_format-lp-es","10":"pa_gender-soul-rnb-funk","11":"pa_label-daptone-es-2","12":"pa_location-north-america-es","13":"pa_other-filters-vinyl-only-es","15":"first","16":"instock","17":"taxable","18":"shipping-taxable","19":"purchasable","20":"product-type-simple"},"acf":[],"yoast_head":"<!-- This site is optimized with the Yoast SEO plugin v24.9 - https:\/\/yoast.com\/wordpress\/plugins\/seo\/ -->\n<title>SUGARMAN THREE - What The World Needs Now Is Love -  (LP) | Guerssen<\/title>\n<meta name=\"description\" content=\"The Sugarman 3 are back! With only 8 tape tracks, a handful of peanuts, and a bottle of high proof Dutch Schnapps these gentlemen flexed their musical maturity - writing and tracking the entire album in 4 days. There were tears shed, and blood spilled over those four fateful sessions, but we&#039;re happy to report that what went down is some of the finest instrumental tunes ever laid to tape. Dig the masterful renditions of favorites such as: The Bacharach penned opus, and title track of the album &quot;What the World Needs Now Is Love.&quot; - Quite a fitting title considering this record is practically saving the world from incomplete-itis. As well as JJ Jackson&#039;s SOUL classic &quot;It&#039;s Alright&quot;. And if that ain&#039;t enough to make you wanna Boogaloo down Troutman St, surely their newly crafted originals will have your tail feathers shakin&#039; all over.\" \/>\n<meta name=\"robots\" content=\"index, follow, max-snippet:-1, max-image-preview:large, max-video-preview:-1\" \/>\n<link rel=\"canonical\" href=\"https:\/\/wpguerssen-test.odoo.rgbconsulting.com\/es\/producto\/what-the-world-needs-now-is-love\/\" \/>\n<meta property=\"og:locale\" content=\"es_ES\" \/>\n<meta property=\"og:type\" content=\"article\" \/>\n<meta property=\"og:title\" content=\"SUGARMAN THREE - What The World Needs Now Is Love -  (LP) | Guerssen\" \/>\n<meta property=\"og:description\" content=\"The Sugarman 3 are back! With only 8 tape tracks, a handful of peanuts, and a bottle of high proof Dutch Schnapps these gentlemen flexed their musical maturity - writing and tracking the entire album in 4 days. There were tears shed, and blood spilled over those four fateful sessions, but we&#039;re happy to report that what went down is some of the finest instrumental tunes ever laid to tape. Dig the masterful renditions of favorites such as: The Bacharach penned opus, and title track of the album &quot;What the World Needs Now Is Love.&quot; - Quite a fitting title considering this record is practically saving the world from incomplete-itis. As well as JJ Jackson&#039;s SOUL classic &quot;It&#039;s Alright&quot;. And if that ain&#039;t enough to make you wanna Boogaloo down Troutman St, surely their newly crafted originals will have your tail feathers shakin&#039; all over.\" \/>\n<meta property=\"og:url\" content=\"https:\/\/wpguerssen-test.odoo.rgbconsulting.com\/es\/producto\/what-the-world-needs-now-is-love\/\" \/>\n<meta property=\"og:site_name\" content=\"Guerssen records\" \/>\n<meta property=\"article:modified_time\" content=\"2025-02-24T15:54:43+00:00\" \/>\n<meta property=\"og:image\" content=\"https:\/\/wpguerssen-test.odoo.rgbconsulting.com\/wp-content\/uploads\/2023\/11\/46162.jpg\" \/>\n\t<meta property=\"og:image:width\" content=\"700\" \/>\n\t<meta property=\"og:image:height\" content=\"700\" \/>\n\t<meta property=\"og:image:type\" content=\"image\/jpeg\" \/>\n<meta name=\"twitter:card\" content=\"summary_large_image\" \/>\n<meta name=\"twitter:title\" content=\"SUGARMAN THREE - What The World Needs Now Is Love -  (LP) | Guerssen\" \/>\n<meta name=\"twitter:label1\" content=\"Tiempo de lectura\" \/>\n\t<meta name=\"twitter:data1\" content=\"1 minuto\" \/>\n<script type=\"application\/ld+json\" class=\"yoast-schema-graph\">{\"@context\":\"https:\/\/schema.org\",\"@graph\":[{\"@type\":\"WebPage\",\"@id\":\"https:\/\/wpguerssen-test.odoo.rgbconsulting.com\/es\/producto\/what-the-world-needs-now-is-love\/\",\"url\":\"https:\/\/wpguerssen-test.odoo.rgbconsulting.com\/es\/producto\/what-the-world-needs-now-is-love\/\",\"name\":\"SUGARMAN THREE - What The World Needs Now Is Love - (LP) | Guerssen\",\"isPartOf\":{\"@id\":\"https:\/\/wpguerssen-test.odoo.rgbconsulting.com\/es\/#website\"},\"primaryImageOfPage\":{\"@id\":\"https:\/\/wpguerssen-test.odoo.rgbconsulting.com\/es\/producto\/what-the-world-needs-now-is-love\/#primaryimage\"},\"image\":{\"@id\":\"https:\/\/wpguerssen-test.odoo.rgbconsulting.com\/es\/producto\/what-the-world-needs-now-is-love\/#primaryimage\"},\"thumbnailUrl\":\"https:\/\/wpguerssen-test.odoo.rgbconsulting.com\/wp-content\/uploads\/2023\/11\/46162.jpg\",\"datePublished\":\"2024-01-07T23:00:00+00:00\",\"dateModified\":\"2025-02-24T15:54:43+00:00\",\"description\":\"The Sugarman 3 are back! With only 8 tape tracks, a handful of peanuts, and a bottle of high proof Dutch Schnapps these gentlemen flexed their musical maturity - writing and tracking the entire album in 4 days. There were tears shed, and blood spilled over those four fateful sessions, but we're happy to report that what went down is some of the finest instrumental tunes ever laid to tape. Dig the masterful renditions of favorites such as: The Bacharach penned opus, and title track of the album \\\"What the World Needs Now Is Love.\\\" - Quite a fitting title considering this record is practically saving the world from incomplete-itis. As well as JJ Jackson's SOUL classic \\\"It's Alright\\\". And if that ain't enough to make you wanna Boogaloo down Troutman St, surely their newly crafted originals will have your tail feathers shakin' all over.\",\"breadcrumb\":{\"@id\":\"https:\/\/wpguerssen-test.odoo.rgbconsulting.com\/es\/producto\/what-the-world-needs-now-is-love\/#breadcrumb\"},\"inLanguage\":\"es\",\"potentialAction\":[{\"@type\":\"ReadAction\",\"target\":[\"https:\/\/wpguerssen-test.odoo.rgbconsulting.com\/es\/producto\/what-the-world-needs-now-is-love\/\"]}]},{\"@type\":\"ImageObject\",\"inLanguage\":\"es\",\"@id\":\"https:\/\/wpguerssen-test.odoo.rgbconsulting.com\/es\/producto\/what-the-world-needs-now-is-love\/#primaryimage\",\"url\":\"https:\/\/wpguerssen-test.odoo.rgbconsulting.com\/wp-content\/uploads\/2023\/11\/46162.jpg\",\"contentUrl\":\"https:\/\/wpguerssen-test.odoo.rgbconsulting.com\/wp-content\/uploads\/2023\/11\/46162.jpg\",\"width\":700,\"height\":700},{\"@type\":\"BreadcrumbList\",\"@id\":\"https:\/\/wpguerssen-test.odoo.rgbconsulting.com\/es\/producto\/what-the-world-needs-now-is-love\/#breadcrumb\",\"itemListElement\":[{\"@type\":\"ListItem\",\"position\":1,\"name\":\"Inicio\",\"item\":\"https:\/\/wpguerssen-test.odoo.rgbconsulting.com\/es\/\"},{\"@type\":\"ListItem\",\"position\":2,\"name\":\"Shop\",\"item\":\"https:\/\/wpguerssen-test.odoo.rgbconsulting.com\/shop\/\"},{\"@type\":\"ListItem\",\"position\":3,\"name\":\"What The World Needs Now Is Love\"}]},{\"@type\":\"WebSite\",\"@id\":\"https:\/\/wpguerssen-test.odoo.rgbconsulting.com\/es\/#website\",\"url\":\"https:\/\/wpguerssen-test.odoo.rgbconsulting.com\/es\/\",\"name\":\"Guerssen records\",\"description\":\"psychedelia - progressive - folk - garage \",\"publisher\":{\"@id\":\"https:\/\/wpguerssen-test.odoo.rgbconsulting.com\/es\/#organization\"},\"potentialAction\":[{\"@type\":\"SearchAction\",\"target\":{\"@type\":\"EntryPoint\",\"urlTemplate\":\"https:\/\/wpguerssen-test.odoo.rgbconsulting.com\/es\/?s={search_term_string}\"},\"query-input\":{\"@type\":\"PropertyValueSpecification\",\"valueRequired\":true,\"valueName\":\"search_term_string\"}}],\"inLanguage\":\"es\"},{\"@type\":\"Organization\",\"@id\":\"https:\/\/wpguerssen-test.odoo.rgbconsulting.com\/es\/#organization\",\"name\":\"Guerssen records\",\"url\":\"https:\/\/wpguerssen-test.odoo.rgbconsulting.com\/es\/\",\"logo\":{\"@type\":\"ImageObject\",\"inLanguage\":\"es\",\"@id\":\"https:\/\/wpguerssen-test.odoo.rgbconsulting.com\/es\/#\/schema\/logo\/image\/\",\"url\":\"https:\/\/wpguerssen-test.odoo.rgbconsulting.com\/wp-content\/uploads\/2022\/04\/Logo_Guerssen_trans_100.png\",\"contentUrl\":\"https:\/\/wpguerssen-test.odoo.rgbconsulting.com\/wp-content\/uploads\/2022\/04\/Logo_Guerssen_trans_100.png\",\"width\":122,\"height\":100,\"caption\":\"Guerssen records\"},\"image\":{\"@id\":\"https:\/\/wpguerssen-test.odoo.rgbconsulting.com\/es\/#\/schema\/logo\/image\/\"}}]}<\/script>\n<!-- \/ Yoast SEO plugin. -->","yoast_head_json":{"title":"SUGARMAN THREE - What The World Needs Now Is Love -  (LP) | Guerssen","description":"The Sugarman 3 are back! With only 8 tape tracks, a handful of peanuts, and a bottle of high proof Dutch Schnapps these gentlemen flexed their musical maturity - writing and tracking the entire album in 4 days. There were tears shed, and blood spilled over those four fateful sessions, but we're happy to report that what went down is some of the finest instrumental tunes ever laid to tape. Dig the masterful renditions of favorites such as: The Bacharach penned opus, and title track of the album \"What the World Needs Now Is Love.\" - Quite a fitting title considering this record is practically saving the world from incomplete-itis. As well as JJ Jackson's SOUL classic \"It's Alright\". And if that ain't enough to make you wanna Boogaloo down Troutman St, surely their newly crafted originals will have your tail feathers shakin' all over.","robots":{"index":"index","follow":"follow","max-snippet":"max-snippet:-1","max-image-preview":"max-image-preview:large","max-video-preview":"max-video-preview:-1"},"canonical":"https:\/\/wpguerssen-test.odoo.rgbconsulting.com\/es\/producto\/what-the-world-needs-now-is-love\/","og_locale":"es_ES","og_type":"article","og_title":"SUGARMAN THREE - What The World Needs Now Is Love -  (LP) | Guerssen","og_description":"The Sugarman 3 are back! With only 8 tape tracks, a handful of peanuts, and a bottle of high proof Dutch Schnapps these gentlemen flexed their musical maturity - writing and tracking the entire album in 4 days. There were tears shed, and blood spilled over those four fateful sessions, but we're happy to report that what went down is some of the finest instrumental tunes ever laid to tape. Dig the masterful renditions of favorites such as: The Bacharach penned opus, and title track of the album \"What the World Needs Now Is Love.\" - Quite a fitting title considering this record is practically saving the world from incomplete-itis. As well as JJ Jackson's SOUL classic \"It's Alright\". And if that ain't enough to make you wanna Boogaloo down Troutman St, surely their newly crafted originals will have your tail feathers shakin' all over.","og_url":"https:\/\/wpguerssen-test.odoo.rgbconsulting.com\/es\/producto\/what-the-world-needs-now-is-love\/","og_site_name":"Guerssen records","article_modified_time":"2025-02-24T15:54:43+00:00","og_image":[{"width":700,"height":700,"url":"https:\/\/wpguerssen-test.odoo.rgbconsulting.com\/wp-content\/uploads\/2023\/11\/46162.jpg","type":"image\/jpeg"}],"twitter_card":"summary_large_image","twitter_title":"SUGARMAN THREE - What The World Needs Now Is Love -  (LP) | Guerssen","twitter_misc":{"Tiempo de lectura":"1 minuto"},"schema":{"@context":"https:\/\/schema.org","@graph":[{"@type":"WebPage","@id":"https:\/\/wpguerssen-test.odoo.rgbconsulting.com\/es\/producto\/what-the-world-needs-now-is-love\/","url":"https:\/\/wpguerssen-test.odoo.rgbconsulting.com\/es\/producto\/what-the-world-needs-now-is-love\/","name":"SUGARMAN THREE - What The World Needs Now Is Love - (LP) | Guerssen","isPartOf":{"@id":"https:\/\/wpguerssen-test.odoo.rgbconsulting.com\/es\/#website"},"primaryImageOfPage":{"@id":"https:\/\/wpguerssen-test.odoo.rgbconsulting.com\/es\/producto\/what-the-world-needs-now-is-love\/#primaryimage"},"image":{"@id":"https:\/\/wpguerssen-test.odoo.rgbconsulting.com\/es\/producto\/what-the-world-needs-now-is-love\/#primaryimage"},"thumbnailUrl":"https:\/\/wpguerssen-test.odoo.rgbconsulting.com\/wp-content\/uploads\/2023\/11\/46162.jpg","datePublished":"2024-01-07T23:00:00+00:00","dateModified":"2025-02-24T15:54:43+00:00","description":"The Sugarman 3 are back! With only 8 tape tracks, a handful of peanuts, and a bottle of high proof Dutch Schnapps these gentlemen flexed their musical maturity - writing and tracking the entire album in 4 days. There were tears shed, and blood spilled over those four fateful sessions, but we're happy to report that what went down is some of the finest instrumental tunes ever laid to tape. Dig the masterful renditions of favorites such as: The Bacharach penned opus, and title track of the album \"What the World Needs Now Is Love.\" - Quite a fitting title considering this record is practically saving the world from incomplete-itis. As well as JJ Jackson's SOUL classic \"It's Alright\". And if that ain't enough to make you wanna Boogaloo down Troutman St, surely their newly crafted originals will have your tail feathers shakin' all over.","breadcrumb":{"@id":"https:\/\/wpguerssen-test.odoo.rgbconsulting.com\/es\/producto\/what-the-world-needs-now-is-love\/#breadcrumb"},"inLanguage":"es","potentialAction":[{"@type":"ReadAction","target":["https:\/\/wpguerssen-test.odoo.rgbconsulting.com\/es\/producto\/what-the-world-needs-now-is-love\/"]}]},{"@type":"ImageObject","inLanguage":"es","@id":"https:\/\/wpguerssen-test.odoo.rgbconsulting.com\/es\/producto\/what-the-world-needs-now-is-love\/#primaryimage","url":"https:\/\/wpguerssen-test.odoo.rgbconsulting.com\/wp-content\/uploads\/2023\/11\/46162.jpg","contentUrl":"https:\/\/wpguerssen-test.odoo.rgbconsulting.com\/wp-content\/uploads\/2023\/11\/46162.jpg","width":700,"height":700},{"@type":"BreadcrumbList","@id":"https:\/\/wpguerssen-test.odoo.rgbconsulting.com\/es\/producto\/what-the-world-needs-now-is-love\/#breadcrumb","itemListElement":[{"@type":"ListItem","position":1,"name":"Inicio","item":"https:\/\/wpguerssen-test.odoo.rgbconsulting.com\/es\/"},{"@type":"ListItem","position":2,"name":"Shop","item":"https:\/\/wpguerssen-test.odoo.rgbconsulting.com\/shop\/"},{"@type":"ListItem","position":3,"name":"What The World Needs Now Is Love"}]},{"@type":"WebSite","@id":"https:\/\/wpguerssen-test.odoo.rgbconsulting.com\/es\/#website","url":"https:\/\/wpguerssen-test.odoo.rgbconsulting.com\/es\/","name":"Guerssen records","description":"psychedelia - progressive - folk - garage ","publisher":{"@id":"https:\/\/wpguerssen-test.odoo.rgbconsulting.com\/es\/#organization"},"potentialAction":[{"@type":"SearchAction","target":{"@type":"EntryPoint","urlTemplate":"https:\/\/wpguerssen-test.odoo.rgbconsulting.com\/es\/?s={search_term_string}"},"query-input":{"@type":"PropertyValueSpecification","valueRequired":true,"valueName":"search_term_string"}}],"inLanguage":"es"},{"@type":"Organization","@id":"https:\/\/wpguerssen-test.odoo.rgbconsulting.com\/es\/#organization","name":"Guerssen records","url":"https:\/\/wpguerssen-test.odoo.rgbconsulting.com\/es\/","logo":{"@type":"ImageObject","inLanguage":"es","@id":"https:\/\/wpguerssen-test.odoo.rgbconsulting.com\/es\/#\/schema\/logo\/image\/","url":"https:\/\/wpguerssen-test.odoo.rgbconsulting.com\/wp-content\/uploads\/2022\/04\/Logo_Guerssen_trans_100.png","contentUrl":"https:\/\/wpguerssen-test.odoo.rgbconsulting.com\/wp-content\/uploads\/2022\/04\/Logo_Guerssen_trans_100.png","width":122,"height":100,"caption":"Guerssen records"},"image":{"@id":"https:\/\/wpguerssen-test.odoo.rgbconsulting.com\/es\/#\/schema\/logo\/image\/"}}]}},"_links":{"self":[{"href":"https:\/\/wpguerssen-test.odoo.rgbconsulting.com\/es\/wp-json\/wp\/v2\/product\/245723","targetHints":{"allow":["GET"]}}],"collection":[{"href":"https:\/\/wpguerssen-test.odoo.rgbconsulting.com\/es\/wp-json\/wp\/v2\/product"}],"about":[{"href":"https:\/\/wpguerssen-test.odoo.rgbconsulting.com\/es\/wp-json\/wp\/v2\/types\/product"}],"wp:featuredmedia":[{"embeddable":true,"href":"https:\/\/wpguerssen-test.odoo.rgbconsulting.com\/es\/wp-json\/wp\/v2\/media\/245678"}],"wp:attachment":[{"href":"https:\/\/wpguerssen-test.odoo.rgbconsulting.com\/es\/wp-json\/wp\/v2\/media?parent=245723"}],"wp:term":[{"taxonomy":"product_brand","embeddable":true,"href":"https:\/\/wpguerssen-test.odoo.rgbconsulting.com\/es\/wp-json\/wp\/v2\/product_brand?post=245723"},{"taxonomy":"product_cat","embeddable":true,"href":"https:\/\/wpguerssen-test.odoo.rgbconsulting.com\/es\/wp-json\/wp\/v2\/product_cat?post=245723"},{"taxonomy":"product_tag","embeddable":true,"href":"https:\/\/wpguerssen-test.odoo.rgbconsulting.com\/es\/wp-json\/wp\/v2\/product_tag?post=245723"}],"curies":[{"name":"wp","href":"https:\/\/api.w.org\/{rel}","templated":true}]}}