{"id":246153,"date":"2024-01-31T00:00:00","date_gmt":"2024-01-30T23:00:00","guid":{"rendered":"https:\/\/wpguerssen-test.odoo.rgbconsulting.com\/product\/cheval-fou-splatter-vinyl\/"},"modified":"2025-01-13T15:52:42","modified_gmt":"2025-01-13T14:52:42","slug":"cheval-fou-splatter-vinyl","status":"publish","type":"product","link":"https:\/\/wpguerssen-test.odoo.rgbconsulting.com\/es\/producto\/cheval-fou-splatter-vinyl\/","title":{"rendered":"Cheval Fou (Splatter Vinyl)"},"content":{"rendered":"<p>Af\u00edn a: Group 1850, Amon Duul, NYL, Dashiel Hedayatt, Gong, Pyramid (Ger), Beat of the Earth, Rotomagus, Ch\u00eane Noire.<br \/>Cheval Fou fue uno de los grupos psicod\u00e9licos m\u00e1s importantes, prol\u00edficos y aut\u00e9nticos que prosperaron al margen del underground franc\u00e9s durante la primera mitad de los a\u00f1os 70. Precursor de la ahora m\u00e1s conocida e igualmente destacada formaci\u00f3n de rock espacial NYL, las grabaciones rescatadas de Cheval Fou son un testimonio de la psicodelia m\u00e1s pura, de forma libre y alocada, hecha en Europa. No sorprende en absoluto, ya que esto es lo que Cheval Fou hizo desde el anochecer hasta el amanecer durante sus cinco a\u00f1os de vida, que fue tan intensamente creativo y tan bueno para ser verdad que ten\u00eda que seguir siendo el eco distante del inconsciente de toda una escena. Como un homenaje extravagantemente orgulloso a esas (inter)upciones moment\u00e1neas de flujo lavaico que nos leg\u00f3 Cheval Fou, las consagramos en esta edici\u00f3n limitada de 300 copias numeradas, en vinilo salpicado, un portal abierto a pistas extra y todo lo anterior resguardado en una portada tipo poster desplegable.<\/p>\n","protected":false},"excerpt":{"rendered":"<p>Af\u00edn a: Group 1850, Amon Duul, NYL, Dashiel Hedayatt, Gong, Pyramid (Ger), Beat of the Earth, Rotomagus, Ch\u00eane Noire.<br \/>Cheval Fou fue uno de los grupos psicod\u00e9licos<a class=\"read\" href=\"https:\/\/wpguerssen-test.odoo.rgbconsulting.com\/es\/producto\/cheval-fou-splatter-vinyl\/\"> (...)<\/a>","protected":false},"featured_media":250486,"template":"","meta":{"_acf_changed":false},"product_brand":[],"product_cat":[21639,23215],"product_tag":[29140],"class_list":{"0":"post-246153","1":"product","2":"type-product","3":"status-publish","4":"has-post-thumbnail","6":"product_cat-psychedelic60s-70s-es","7":"product_cat-progressive60s-70s-es","8":"product_tag-color-vinyl-es","9":"pa_artist-cheval-fou","10":"pa_format-lp-es","11":"pa_gender-psychedelic60s-70s-progressive60s-70s","12":"pa_label-disques-plusquereel","13":"pa_location-europe-es","14":"pa_other-filters-vinyl-only-es","16":"first","17":"instock","18":"taxable","19":"shipping-taxable","20":"purchasable","21":"product-type-simple"},"acf":[],"yoast_head":"<!-- This site is optimized with the Yoast SEO plugin v24.9 - https:\/\/yoast.com\/wordpress\/plugins\/seo\/ -->\n<title>CHEVAL FOU - Cheval Fou (Splatter Vinyl) -  (LP) | Guerssen<\/title>\n<meta name=\"description\" content=\"File nearby: Group 1850, Amon Duul, NYL, Dashiel Hedayatt, Gong, Pyramid (Ger), Beat of the Earth, Rotomagus, Ch\u00eane Noire.Cheval Fou was one of the most important, prolific and authentic psychedelic outfits that thrived on the margins of the French underground during the first half of the 70s. A precursor to the by now more well-known and equally outstanding space-rock formation NYL, Cheval Fou&#039;s salvaged recordings are a testament to the purest made-in-Europe free-form, freak-out psychedelia. Just picture an amalgamation between Group 1850&#039;s Agemo and Amon Duul&#039;s Phallus Dei, with Dashiel Hedayatt dropping in for a quick jam, and you will catch a glimpse of that horse-headed ballerina in far-out space delivering drones with playfully sinister ferocity on a flying chess-board. Not at all surprisingly, as this is what Cheval Fou did from dusk to dawn over their 5-year long life that was so intensely creative, and so good to be true that it just had to remain the distant echo of an entire scene&#039;s unconscious. As a flamboyantly proud homage to those momentary (int)er(r)uptions of lavaic flux bequeathed to us by Cheval Fou, we enshrined them in this limited edition of 300 numbered copies, in splatter vinyl, an open stargate to bonus tracks, and all of the above sheltered in a fold-out poster cover. And for the inner circle of our collector friends, only 50 copies include the Fouart Gallery, featuring 6 printed &#039;Postcards from the Edge&#039;.\" \/>\n<meta name=\"robots\" content=\"index, follow, max-snippet:-1, max-image-preview:large, max-video-preview:-1\" \/>\n<link rel=\"canonical\" href=\"https:\/\/wpguerssen-test.odoo.rgbconsulting.com\/es\/producto\/cheval-fou-splatter-vinyl\/\" \/>\n<meta property=\"og:locale\" content=\"es_ES\" \/>\n<meta property=\"og:type\" content=\"article\" \/>\n<meta property=\"og:title\" content=\"CHEVAL FOU - Cheval Fou (Splatter Vinyl) -  (LP) | Guerssen\" \/>\n<meta property=\"og:description\" content=\"File nearby: Group 1850, Amon Duul, NYL, Dashiel Hedayatt, Gong, Pyramid (Ger), Beat of the Earth, Rotomagus, Ch\u00eane Noire.Cheval Fou was one of the most important, prolific and authentic psychedelic outfits that thrived on the margins of the French underground during the first half of the 70s. A precursor to the by now more well-known and equally outstanding space-rock formation NYL, Cheval Fou&#039;s salvaged recordings are a testament to the purest made-in-Europe free-form, freak-out psychedelia. Just picture an amalgamation between Group 1850&#039;s Agemo and Amon Duul&#039;s Phallus Dei, with Dashiel Hedayatt dropping in for a quick jam, and you will catch a glimpse of that horse-headed ballerina in far-out space delivering drones with playfully sinister ferocity on a flying chess-board. Not at all surprisingly, as this is what Cheval Fou did from dusk to dawn over their 5-year long life that was so intensely creative, and so good to be true that it just had to remain the distant echo of an entire scene&#039;s unconscious. As a flamboyantly proud homage to those momentary (int)er(r)uptions of lavaic flux bequeathed to us by Cheval Fou, we enshrined them in this limited edition of 300 numbered copies, in splatter vinyl, an open stargate to bonus tracks, and all of the above sheltered in a fold-out poster cover. And for the inner circle of our collector friends, only 50 copies include the Fouart Gallery, featuring 6 printed &#039;Postcards from the Edge&#039;.\" \/>\n<meta property=\"og:url\" content=\"https:\/\/wpguerssen-test.odoo.rgbconsulting.com\/es\/producto\/cheval-fou-splatter-vinyl\/\" \/>\n<meta property=\"og:site_name\" content=\"Guerssen records\" \/>\n<meta property=\"article:modified_time\" content=\"2025-01-13T14:52:42+00:00\" \/>\n<meta property=\"og:image\" content=\"https:\/\/wpguerssen-test.odoo.rgbconsulting.com\/wp-content\/uploads\/2024\/01\/46264.jpg\" \/>\n\t<meta property=\"og:image:width\" content=\"416\" \/>\n\t<meta property=\"og:image:height\" content=\"416\" \/>\n\t<meta property=\"og:image:type\" content=\"image\/jpeg\" \/>\n<meta name=\"twitter:card\" content=\"summary_large_image\" \/>\n<meta name=\"twitter:title\" content=\"CHEVAL FOU - Cheval Fou (Splatter Vinyl) -  (LP) | Guerssen\" \/>\n<meta name=\"twitter:label1\" content=\"Tiempo de lectura\" \/>\n\t<meta name=\"twitter:data1\" content=\"1 minuto\" \/>\n<script type=\"application\/ld+json\" class=\"yoast-schema-graph\">{\"@context\":\"https:\/\/schema.org\",\"@graph\":[{\"@type\":\"WebPage\",\"@id\":\"https:\/\/wpguerssen-test.odoo.rgbconsulting.com\/es\/producto\/cheval-fou-splatter-vinyl\/\",\"url\":\"https:\/\/wpguerssen-test.odoo.rgbconsulting.com\/es\/producto\/cheval-fou-splatter-vinyl\/\",\"name\":\"CHEVAL FOU - Cheval Fou (Splatter Vinyl) - (LP) | Guerssen\",\"isPartOf\":{\"@id\":\"https:\/\/wpguerssen-test.odoo.rgbconsulting.com\/es\/#website\"},\"primaryImageOfPage\":{\"@id\":\"https:\/\/wpguerssen-test.odoo.rgbconsulting.com\/es\/producto\/cheval-fou-splatter-vinyl\/#primaryimage\"},\"image\":{\"@id\":\"https:\/\/wpguerssen-test.odoo.rgbconsulting.com\/es\/producto\/cheval-fou-splatter-vinyl\/#primaryimage\"},\"thumbnailUrl\":\"https:\/\/wpguerssen-test.odoo.rgbconsulting.com\/wp-content\/uploads\/2024\/01\/46264.jpg\",\"datePublished\":\"2024-01-30T23:00:00+00:00\",\"dateModified\":\"2025-01-13T14:52:42+00:00\",\"description\":\"File nearby: Group 1850, Amon Duul, NYL, Dashiel Hedayatt, Gong, Pyramid (Ger), Beat of the Earth, Rotomagus, Ch\u00eane Noire.Cheval Fou was one of the most important, prolific and authentic psychedelic outfits that thrived on the margins of the French underground during the first half of the 70s. A precursor to the by now more well-known and equally outstanding space-rock formation NYL, Cheval Fou's salvaged recordings are a testament to the purest made-in-Europe free-form, freak-out psychedelia. Just picture an amalgamation between Group 1850's Agemo and Amon Duul's Phallus Dei, with Dashiel Hedayatt dropping in for a quick jam, and you will catch a glimpse of that horse-headed ballerina in far-out space delivering drones with playfully sinister ferocity on a flying chess-board. Not at all surprisingly, as this is what Cheval Fou did from dusk to dawn over their 5-year long life that was so intensely creative, and so good to be true that it just had to remain the distant echo of an entire scene's unconscious. As a flamboyantly proud homage to those momentary (int)er(r)uptions of lavaic flux bequeathed to us by Cheval Fou, we enshrined them in this limited edition of 300 numbered copies, in splatter vinyl, an open stargate to bonus tracks, and all of the above sheltered in a fold-out poster cover. And for the inner circle of our collector friends, only 50 copies include the Fouart Gallery, featuring 6 printed 'Postcards from the Edge'.\",\"breadcrumb\":{\"@id\":\"https:\/\/wpguerssen-test.odoo.rgbconsulting.com\/es\/producto\/cheval-fou-splatter-vinyl\/#breadcrumb\"},\"inLanguage\":\"es\",\"potentialAction\":[{\"@type\":\"ReadAction\",\"target\":[\"https:\/\/wpguerssen-test.odoo.rgbconsulting.com\/es\/producto\/cheval-fou-splatter-vinyl\/\"]}]},{\"@type\":\"ImageObject\",\"inLanguage\":\"es\",\"@id\":\"https:\/\/wpguerssen-test.odoo.rgbconsulting.com\/es\/producto\/cheval-fou-splatter-vinyl\/#primaryimage\",\"url\":\"https:\/\/wpguerssen-test.odoo.rgbconsulting.com\/wp-content\/uploads\/2024\/01\/46264.jpg\",\"contentUrl\":\"https:\/\/wpguerssen-test.odoo.rgbconsulting.com\/wp-content\/uploads\/2024\/01\/46264.jpg\",\"width\":416,\"height\":416},{\"@type\":\"BreadcrumbList\",\"@id\":\"https:\/\/wpguerssen-test.odoo.rgbconsulting.com\/es\/producto\/cheval-fou-splatter-vinyl\/#breadcrumb\",\"itemListElement\":[{\"@type\":\"ListItem\",\"position\":1,\"name\":\"Inicio\",\"item\":\"https:\/\/wpguerssen-test.odoo.rgbconsulting.com\/es\/\"},{\"@type\":\"ListItem\",\"position\":2,\"name\":\"Shop\",\"item\":\"https:\/\/wpguerssen-test.odoo.rgbconsulting.com\/shop\/\"},{\"@type\":\"ListItem\",\"position\":3,\"name\":\"Cheval Fou (Splatter Vinyl)\"}]},{\"@type\":\"WebSite\",\"@id\":\"https:\/\/wpguerssen-test.odoo.rgbconsulting.com\/es\/#website\",\"url\":\"https:\/\/wpguerssen-test.odoo.rgbconsulting.com\/es\/\",\"name\":\"Guerssen records\",\"description\":\"psychedelia - progressive - folk - garage \",\"publisher\":{\"@id\":\"https:\/\/wpguerssen-test.odoo.rgbconsulting.com\/es\/#organization\"},\"potentialAction\":[{\"@type\":\"SearchAction\",\"target\":{\"@type\":\"EntryPoint\",\"urlTemplate\":\"https:\/\/wpguerssen-test.odoo.rgbconsulting.com\/es\/?s={search_term_string}\"},\"query-input\":{\"@type\":\"PropertyValueSpecification\",\"valueRequired\":true,\"valueName\":\"search_term_string\"}}],\"inLanguage\":\"es\"},{\"@type\":\"Organization\",\"@id\":\"https:\/\/wpguerssen-test.odoo.rgbconsulting.com\/es\/#organization\",\"name\":\"Guerssen records\",\"url\":\"https:\/\/wpguerssen-test.odoo.rgbconsulting.com\/es\/\",\"logo\":{\"@type\":\"ImageObject\",\"inLanguage\":\"es\",\"@id\":\"https:\/\/wpguerssen-test.odoo.rgbconsulting.com\/es\/#\/schema\/logo\/image\/\",\"url\":\"https:\/\/wpguerssen-test.odoo.rgbconsulting.com\/wp-content\/uploads\/2022\/04\/Logo_Guerssen_trans_100.png\",\"contentUrl\":\"https:\/\/wpguerssen-test.odoo.rgbconsulting.com\/wp-content\/uploads\/2022\/04\/Logo_Guerssen_trans_100.png\",\"width\":122,\"height\":100,\"caption\":\"Guerssen records\"},\"image\":{\"@id\":\"https:\/\/wpguerssen-test.odoo.rgbconsulting.com\/es\/#\/schema\/logo\/image\/\"}}]}<\/script>\n<!-- \/ Yoast SEO plugin. -->","yoast_head_json":{"title":"CHEVAL FOU - Cheval Fou (Splatter Vinyl) -  (LP) | Guerssen","description":"File nearby: Group 1850, Amon Duul, NYL, Dashiel Hedayatt, Gong, Pyramid (Ger), Beat of the Earth, Rotomagus, Ch\u00eane Noire.Cheval Fou was one of the most important, prolific and authentic psychedelic outfits that thrived on the margins of the French underground during the first half of the 70s. A precursor to the by now more well-known and equally outstanding space-rock formation NYL, Cheval Fou's salvaged recordings are a testament to the purest made-in-Europe free-form, freak-out psychedelia. Just picture an amalgamation between Group 1850's Agemo and Amon Duul's Phallus Dei, with Dashiel Hedayatt dropping in for a quick jam, and you will catch a glimpse of that horse-headed ballerina in far-out space delivering drones with playfully sinister ferocity on a flying chess-board. Not at all surprisingly, as this is what Cheval Fou did from dusk to dawn over their 5-year long life that was so intensely creative, and so good to be true that it just had to remain the distant echo of an entire scene's unconscious. As a flamboyantly proud homage to those momentary (int)er(r)uptions of lavaic flux bequeathed to us by Cheval Fou, we enshrined them in this limited edition of 300 numbered copies, in splatter vinyl, an open stargate to bonus tracks, and all of the above sheltered in a fold-out poster cover. And for the inner circle of our collector friends, only 50 copies include the Fouart Gallery, featuring 6 printed 'Postcards from the Edge'.","robots":{"index":"index","follow":"follow","max-snippet":"max-snippet:-1","max-image-preview":"max-image-preview:large","max-video-preview":"max-video-preview:-1"},"canonical":"https:\/\/wpguerssen-test.odoo.rgbconsulting.com\/es\/producto\/cheval-fou-splatter-vinyl\/","og_locale":"es_ES","og_type":"article","og_title":"CHEVAL FOU - Cheval Fou (Splatter Vinyl) -  (LP) | Guerssen","og_description":"File nearby: Group 1850, Amon Duul, NYL, Dashiel Hedayatt, Gong, Pyramid (Ger), Beat of the Earth, Rotomagus, Ch\u00eane Noire.Cheval Fou was one of the most important, prolific and authentic psychedelic outfits that thrived on the margins of the French underground during the first half of the 70s. A precursor to the by now more well-known and equally outstanding space-rock formation NYL, Cheval Fou's salvaged recordings are a testament to the purest made-in-Europe free-form, freak-out psychedelia. Just picture an amalgamation between Group 1850's Agemo and Amon Duul's Phallus Dei, with Dashiel Hedayatt dropping in for a quick jam, and you will catch a glimpse of that horse-headed ballerina in far-out space delivering drones with playfully sinister ferocity on a flying chess-board. Not at all surprisingly, as this is what Cheval Fou did from dusk to dawn over their 5-year long life that was so intensely creative, and so good to be true that it just had to remain the distant echo of an entire scene's unconscious. As a flamboyantly proud homage to those momentary (int)er(r)uptions of lavaic flux bequeathed to us by Cheval Fou, we enshrined them in this limited edition of 300 numbered copies, in splatter vinyl, an open stargate to bonus tracks, and all of the above sheltered in a fold-out poster cover. And for the inner circle of our collector friends, only 50 copies include the Fouart Gallery, featuring 6 printed 'Postcards from the Edge'.","og_url":"https:\/\/wpguerssen-test.odoo.rgbconsulting.com\/es\/producto\/cheval-fou-splatter-vinyl\/","og_site_name":"Guerssen records","article_modified_time":"2025-01-13T14:52:42+00:00","og_image":[{"width":416,"height":416,"url":"https:\/\/wpguerssen-test.odoo.rgbconsulting.com\/wp-content\/uploads\/2024\/01\/46264.jpg","type":"image\/jpeg"}],"twitter_card":"summary_large_image","twitter_title":"CHEVAL FOU - Cheval Fou (Splatter Vinyl) -  (LP) | Guerssen","twitter_misc":{"Tiempo de lectura":"1 minuto"},"schema":{"@context":"https:\/\/schema.org","@graph":[{"@type":"WebPage","@id":"https:\/\/wpguerssen-test.odoo.rgbconsulting.com\/es\/producto\/cheval-fou-splatter-vinyl\/","url":"https:\/\/wpguerssen-test.odoo.rgbconsulting.com\/es\/producto\/cheval-fou-splatter-vinyl\/","name":"CHEVAL FOU - Cheval Fou (Splatter Vinyl) - (LP) | Guerssen","isPartOf":{"@id":"https:\/\/wpguerssen-test.odoo.rgbconsulting.com\/es\/#website"},"primaryImageOfPage":{"@id":"https:\/\/wpguerssen-test.odoo.rgbconsulting.com\/es\/producto\/cheval-fou-splatter-vinyl\/#primaryimage"},"image":{"@id":"https:\/\/wpguerssen-test.odoo.rgbconsulting.com\/es\/producto\/cheval-fou-splatter-vinyl\/#primaryimage"},"thumbnailUrl":"https:\/\/wpguerssen-test.odoo.rgbconsulting.com\/wp-content\/uploads\/2024\/01\/46264.jpg","datePublished":"2024-01-30T23:00:00+00:00","dateModified":"2025-01-13T14:52:42+00:00","description":"File nearby: Group 1850, Amon Duul, NYL, Dashiel Hedayatt, Gong, Pyramid (Ger), Beat of the Earth, Rotomagus, Ch\u00eane Noire.Cheval Fou was one of the most important, prolific and authentic psychedelic outfits that thrived on the margins of the French underground during the first half of the 70s. A precursor to the by now more well-known and equally outstanding space-rock formation NYL, Cheval Fou's salvaged recordings are a testament to the purest made-in-Europe free-form, freak-out psychedelia. Just picture an amalgamation between Group 1850's Agemo and Amon Duul's Phallus Dei, with Dashiel Hedayatt dropping in for a quick jam, and you will catch a glimpse of that horse-headed ballerina in far-out space delivering drones with playfully sinister ferocity on a flying chess-board. Not at all surprisingly, as this is what Cheval Fou did from dusk to dawn over their 5-year long life that was so intensely creative, and so good to be true that it just had to remain the distant echo of an entire scene's unconscious. As a flamboyantly proud homage to those momentary (int)er(r)uptions of lavaic flux bequeathed to us by Cheval Fou, we enshrined them in this limited edition of 300 numbered copies, in splatter vinyl, an open stargate to bonus tracks, and all of the above sheltered in a fold-out poster cover. And for the inner circle of our collector friends, only 50 copies include the Fouart Gallery, featuring 6 printed 'Postcards from the Edge'.","breadcrumb":{"@id":"https:\/\/wpguerssen-test.odoo.rgbconsulting.com\/es\/producto\/cheval-fou-splatter-vinyl\/#breadcrumb"},"inLanguage":"es","potentialAction":[{"@type":"ReadAction","target":["https:\/\/wpguerssen-test.odoo.rgbconsulting.com\/es\/producto\/cheval-fou-splatter-vinyl\/"]}]},{"@type":"ImageObject","inLanguage":"es","@id":"https:\/\/wpguerssen-test.odoo.rgbconsulting.com\/es\/producto\/cheval-fou-splatter-vinyl\/#primaryimage","url":"https:\/\/wpguerssen-test.odoo.rgbconsulting.com\/wp-content\/uploads\/2024\/01\/46264.jpg","contentUrl":"https:\/\/wpguerssen-test.odoo.rgbconsulting.com\/wp-content\/uploads\/2024\/01\/46264.jpg","width":416,"height":416},{"@type":"BreadcrumbList","@id":"https:\/\/wpguerssen-test.odoo.rgbconsulting.com\/es\/producto\/cheval-fou-splatter-vinyl\/#breadcrumb","itemListElement":[{"@type":"ListItem","position":1,"name":"Inicio","item":"https:\/\/wpguerssen-test.odoo.rgbconsulting.com\/es\/"},{"@type":"ListItem","position":2,"name":"Shop","item":"https:\/\/wpguerssen-test.odoo.rgbconsulting.com\/shop\/"},{"@type":"ListItem","position":3,"name":"Cheval Fou (Splatter Vinyl)"}]},{"@type":"WebSite","@id":"https:\/\/wpguerssen-test.odoo.rgbconsulting.com\/es\/#website","url":"https:\/\/wpguerssen-test.odoo.rgbconsulting.com\/es\/","name":"Guerssen records","description":"psychedelia - progressive - folk - garage ","publisher":{"@id":"https:\/\/wpguerssen-test.odoo.rgbconsulting.com\/es\/#organization"},"potentialAction":[{"@type":"SearchAction","target":{"@type":"EntryPoint","urlTemplate":"https:\/\/wpguerssen-test.odoo.rgbconsulting.com\/es\/?s={search_term_string}"},"query-input":{"@type":"PropertyValueSpecification","valueRequired":true,"valueName":"search_term_string"}}],"inLanguage":"es"},{"@type":"Organization","@id":"https:\/\/wpguerssen-test.odoo.rgbconsulting.com\/es\/#organization","name":"Guerssen records","url":"https:\/\/wpguerssen-test.odoo.rgbconsulting.com\/es\/","logo":{"@type":"ImageObject","inLanguage":"es","@id":"https:\/\/wpguerssen-test.odoo.rgbconsulting.com\/es\/#\/schema\/logo\/image\/","url":"https:\/\/wpguerssen-test.odoo.rgbconsulting.com\/wp-content\/uploads\/2022\/04\/Logo_Guerssen_trans_100.png","contentUrl":"https:\/\/wpguerssen-test.odoo.rgbconsulting.com\/wp-content\/uploads\/2022\/04\/Logo_Guerssen_trans_100.png","width":122,"height":100,"caption":"Guerssen records"},"image":{"@id":"https:\/\/wpguerssen-test.odoo.rgbconsulting.com\/es\/#\/schema\/logo\/image\/"}}]}},"_links":{"self":[{"href":"https:\/\/wpguerssen-test.odoo.rgbconsulting.com\/es\/wp-json\/wp\/v2\/product\/246153","targetHints":{"allow":["GET"]}}],"collection":[{"href":"https:\/\/wpguerssen-test.odoo.rgbconsulting.com\/es\/wp-json\/wp\/v2\/product"}],"about":[{"href":"https:\/\/wpguerssen-test.odoo.rgbconsulting.com\/es\/wp-json\/wp\/v2\/types\/product"}],"wp:featuredmedia":[{"embeddable":true,"href":"https:\/\/wpguerssen-test.odoo.rgbconsulting.com\/es\/wp-json\/wp\/v2\/media\/250486"}],"wp:attachment":[{"href":"https:\/\/wpguerssen-test.odoo.rgbconsulting.com\/es\/wp-json\/wp\/v2\/media?parent=246153"}],"wp:term":[{"taxonomy":"product_brand","embeddable":true,"href":"https:\/\/wpguerssen-test.odoo.rgbconsulting.com\/es\/wp-json\/wp\/v2\/product_brand?post=246153"},{"taxonomy":"product_cat","embeddable":true,"href":"https:\/\/wpguerssen-test.odoo.rgbconsulting.com\/es\/wp-json\/wp\/v2\/product_cat?post=246153"},{"taxonomy":"product_tag","embeddable":true,"href":"https:\/\/wpguerssen-test.odoo.rgbconsulting.com\/es\/wp-json\/wp\/v2\/product_tag?post=246153"}],"curies":[{"name":"wp","href":"https:\/\/api.w.org\/{rel}","templated":true}]}}