{"id":247589,"date":"2024-01-15T00:00:00","date_gmt":"2024-01-14T23:00:00","guid":{"rendered":"https:\/\/wpguerssen-test.odoo.rgbconsulting.com\/product\/peacemaker\/"},"modified":"2024-10-01T19:12:38","modified_gmt":"2024-10-01T17:12:38","slug":"peacemaker","status":"publish","type":"product","link":"https:\/\/wpguerssen-test.odoo.rgbconsulting.com\/es\/producto\/peacemaker\/","title":{"rendered":"Peacemaker"},"content":{"rendered":"<p>John Holt comenz\u00f3 su carrera en el ska, salt\u00f3 a la fama con los Paragons haciendo rocksteady y logr\u00f3 avances internacionales como cantante de ra\u00edces en solitario, manteni\u00e9ndose vers\u00e1til en t\u00e9rminos de enfoque y tem\u00e1tica. Peacemaker es un \u00e1lbum intrigante de mediados de la d\u00e9cada de 1990, esta vez grabado entre Jamaica y el Reino Unido con m\u00fasicos de primer nivel como Sly y Robbie, Lindel Lewis y Steely de Steely y Clevie. Con su voz intacta y una mezcla de baladas rom\u00e1nticas y canciones de comentario social, esta es otra excelente colecci\u00f3n que har\u00e1 las delicias de todos los fan\u00e1ticos de John Holt, as\u00ed como de los amantes del reggae que prefieren lo sentimental.<\/p>\n","protected":false},"excerpt":{"rendered":"<p>John Holt comenz\u00f3 su carrera en el ska, salt\u00f3 a la fama con los Paragons haciendo rocksteady y logr\u00f3 avances internacionales como cantante de ra\u00edces en solitario,<a class=\"read\" href=\"https:\/\/wpguerssen-test.odoo.rgbconsulting.com\/es\/producto\/peacemaker\/\"> (...)<\/a>","protected":false},"featured_media":247728,"template":"","meta":{"_acf_changed":false},"product_brand":[],"product_cat":[21666],"product_tag":[],"class_list":{"0":"post-247589","1":"product","2":"type-product","3":"status-publish","4":"has-post-thumbnail","6":"product_cat-reggae-ska-dub-es","7":"pa_artist-holt-john","8":"pa_format-lp-es","9":"pa_gender-reggae-ska-dub","10":"pa_label-radiation-roots-es","11":"pa_location-south-america-caribbean-es","12":"pa_other-filters-vinyl-only-es","14":"first","15":"instock","16":"taxable","17":"shipping-taxable","18":"purchasable","19":"product-type-simple"},"acf":[],"yoast_head":"<!-- This site is optimized with the Yoast SEO plugin v24.9 - https:\/\/yoast.com\/wordpress\/plugins\/seo\/ -->\n<title>HOLT, John - Peacemaker -  (LP) | Guerssen<\/title>\n<meta name=\"description\" content=\"John Holt began his career in ska, came to prominence in the Paragons in rock steady and achieved international breakthroughs as a solo roots crooner, remaining versatile in terms of approach and subject matter. Peacemaker is an intriguing album of the mid-1990s, this time recorded between Jamaica and the UK with top-class musicians such as Sly and Robbie, Lindel Lewis and Steely of Steely and Clevie fame. With his voice entirely undiminished and a mixture of romance ballads and songs of social commentary, this is another fine collection that will delight all John Holt fans, as well as reggae heads who favour the sentimental.\" \/>\n<meta name=\"robots\" content=\"index, follow, max-snippet:-1, max-image-preview:large, max-video-preview:-1\" \/>\n<link rel=\"canonical\" href=\"https:\/\/wpguerssen-test.odoo.rgbconsulting.com\/es\/producto\/peacemaker\/\" \/>\n<meta property=\"og:locale\" content=\"es_ES\" \/>\n<meta property=\"og:type\" content=\"article\" \/>\n<meta property=\"og:title\" content=\"HOLT, John - Peacemaker -  (LP) | Guerssen\" \/>\n<meta property=\"og:description\" content=\"John Holt began his career in ska, came to prominence in the Paragons in rock steady and achieved international breakthroughs as a solo roots crooner, remaining versatile in terms of approach and subject matter. Peacemaker is an intriguing album of the mid-1990s, this time recorded between Jamaica and the UK with top-class musicians such as Sly and Robbie, Lindel Lewis and Steely of Steely and Clevie fame. With his voice entirely undiminished and a mixture of romance ballads and songs of social commentary, this is another fine collection that will delight all John Holt fans, as well as reggae heads who favour the sentimental.\" \/>\n<meta property=\"og:url\" content=\"https:\/\/wpguerssen-test.odoo.rgbconsulting.com\/es\/producto\/peacemaker\/\" \/>\n<meta property=\"og:site_name\" content=\"Guerssen records\" \/>\n<meta property=\"article:modified_time\" content=\"2024-10-01T17:12:38+00:00\" \/>\n<meta property=\"og:image\" content=\"https:\/\/wpguerssen-test.odoo.rgbconsulting.com\/wp-content\/uploads\/2023\/12\/46319-scaled.jpg\" \/>\n\t<meta property=\"og:image:width\" content=\"2412\" \/>\n\t<meta property=\"og:image:height\" content=\"2560\" \/>\n\t<meta property=\"og:image:type\" content=\"image\/jpeg\" \/>\n<meta name=\"twitter:card\" content=\"summary_large_image\" \/>\n<meta name=\"twitter:title\" content=\"HOLT, John - Peacemaker -  (LP) | Guerssen\" \/>\n<meta name=\"twitter:label1\" content=\"Tiempo de lectura\" \/>\n\t<meta name=\"twitter:data1\" content=\"1 minuto\" \/>\n<script type=\"application\/ld+json\" class=\"yoast-schema-graph\">{\"@context\":\"https:\/\/schema.org\",\"@graph\":[{\"@type\":\"WebPage\",\"@id\":\"https:\/\/wpguerssen-test.odoo.rgbconsulting.com\/es\/producto\/peacemaker\/\",\"url\":\"https:\/\/wpguerssen-test.odoo.rgbconsulting.com\/es\/producto\/peacemaker\/\",\"name\":\"HOLT, John - Peacemaker - (LP) | Guerssen\",\"isPartOf\":{\"@id\":\"https:\/\/wpguerssen-test.odoo.rgbconsulting.com\/es\/#website\"},\"primaryImageOfPage\":{\"@id\":\"https:\/\/wpguerssen-test.odoo.rgbconsulting.com\/es\/producto\/peacemaker\/#primaryimage\"},\"image\":{\"@id\":\"https:\/\/wpguerssen-test.odoo.rgbconsulting.com\/es\/producto\/peacemaker\/#primaryimage\"},\"thumbnailUrl\":\"https:\/\/wpguerssen-test.odoo.rgbconsulting.com\/wp-content\/uploads\/2023\/12\/46319-scaled.jpg\",\"datePublished\":\"2024-01-14T23:00:00+00:00\",\"dateModified\":\"2024-10-01T17:12:38+00:00\",\"description\":\"John Holt began his career in ska, came to prominence in the Paragons in rock steady and achieved international breakthroughs as a solo roots crooner, remaining versatile in terms of approach and subject matter. Peacemaker is an intriguing album of the mid-1990s, this time recorded between Jamaica and the UK with top-class musicians such as Sly and Robbie, Lindel Lewis and Steely of Steely and Clevie fame. With his voice entirely undiminished and a mixture of romance ballads and songs of social commentary, this is another fine collection that will delight all John Holt fans, as well as reggae heads who favour the sentimental.\",\"breadcrumb\":{\"@id\":\"https:\/\/wpguerssen-test.odoo.rgbconsulting.com\/es\/producto\/peacemaker\/#breadcrumb\"},\"inLanguage\":\"es\",\"potentialAction\":[{\"@type\":\"ReadAction\",\"target\":[\"https:\/\/wpguerssen-test.odoo.rgbconsulting.com\/es\/producto\/peacemaker\/\"]}]},{\"@type\":\"ImageObject\",\"inLanguage\":\"es\",\"@id\":\"https:\/\/wpguerssen-test.odoo.rgbconsulting.com\/es\/producto\/peacemaker\/#primaryimage\",\"url\":\"https:\/\/wpguerssen-test.odoo.rgbconsulting.com\/wp-content\/uploads\/2023\/12\/46319-scaled.jpg\",\"contentUrl\":\"https:\/\/wpguerssen-test.odoo.rgbconsulting.com\/wp-content\/uploads\/2023\/12\/46319-scaled.jpg\",\"width\":2412,\"height\":2560,\"caption\":\"John - Peacemaker - RADIATION ROOTS (LP) | Guerssen\"},{\"@type\":\"BreadcrumbList\",\"@id\":\"https:\/\/wpguerssen-test.odoo.rgbconsulting.com\/es\/producto\/peacemaker\/#breadcrumb\",\"itemListElement\":[{\"@type\":\"ListItem\",\"position\":1,\"name\":\"Inicio\",\"item\":\"https:\/\/wpguerssen-test.odoo.rgbconsulting.com\/es\/\"},{\"@type\":\"ListItem\",\"position\":2,\"name\":\"Shop\",\"item\":\"https:\/\/wpguerssen-test.odoo.rgbconsulting.com\/shop\/\"},{\"@type\":\"ListItem\",\"position\":3,\"name\":\"Peacemaker\"}]},{\"@type\":\"WebSite\",\"@id\":\"https:\/\/wpguerssen-test.odoo.rgbconsulting.com\/es\/#website\",\"url\":\"https:\/\/wpguerssen-test.odoo.rgbconsulting.com\/es\/\",\"name\":\"Guerssen records\",\"description\":\"psychedelia - progressive - folk - garage \",\"publisher\":{\"@id\":\"https:\/\/wpguerssen-test.odoo.rgbconsulting.com\/es\/#organization\"},\"potentialAction\":[{\"@type\":\"SearchAction\",\"target\":{\"@type\":\"EntryPoint\",\"urlTemplate\":\"https:\/\/wpguerssen-test.odoo.rgbconsulting.com\/es\/?s={search_term_string}\"},\"query-input\":{\"@type\":\"PropertyValueSpecification\",\"valueRequired\":true,\"valueName\":\"search_term_string\"}}],\"inLanguage\":\"es\"},{\"@type\":\"Organization\",\"@id\":\"https:\/\/wpguerssen-test.odoo.rgbconsulting.com\/es\/#organization\",\"name\":\"Guerssen records\",\"url\":\"https:\/\/wpguerssen-test.odoo.rgbconsulting.com\/es\/\",\"logo\":{\"@type\":\"ImageObject\",\"inLanguage\":\"es\",\"@id\":\"https:\/\/wpguerssen-test.odoo.rgbconsulting.com\/es\/#\/schema\/logo\/image\/\",\"url\":\"https:\/\/wpguerssen-test.odoo.rgbconsulting.com\/wp-content\/uploads\/2022\/04\/Logo_Guerssen_trans_100.png\",\"contentUrl\":\"https:\/\/wpguerssen-test.odoo.rgbconsulting.com\/wp-content\/uploads\/2022\/04\/Logo_Guerssen_trans_100.png\",\"width\":122,\"height\":100,\"caption\":\"Guerssen records\"},\"image\":{\"@id\":\"https:\/\/wpguerssen-test.odoo.rgbconsulting.com\/es\/#\/schema\/logo\/image\/\"}}]}<\/script>\n<!-- \/ Yoast SEO plugin. -->","yoast_head_json":{"title":"HOLT, John - Peacemaker -  (LP) | Guerssen","description":"John Holt began his career in ska, came to prominence in the Paragons in rock steady and achieved international breakthroughs as a solo roots crooner, remaining versatile in terms of approach and subject matter. Peacemaker is an intriguing album of the mid-1990s, this time recorded between Jamaica and the UK with top-class musicians such as Sly and Robbie, Lindel Lewis and Steely of Steely and Clevie fame. With his voice entirely undiminished and a mixture of romance ballads and songs of social commentary, this is another fine collection that will delight all John Holt fans, as well as reggae heads who favour the sentimental.","robots":{"index":"index","follow":"follow","max-snippet":"max-snippet:-1","max-image-preview":"max-image-preview:large","max-video-preview":"max-video-preview:-1"},"canonical":"https:\/\/wpguerssen-test.odoo.rgbconsulting.com\/es\/producto\/peacemaker\/","og_locale":"es_ES","og_type":"article","og_title":"HOLT, John - Peacemaker -  (LP) | Guerssen","og_description":"John Holt began his career in ska, came to prominence in the Paragons in rock steady and achieved international breakthroughs as a solo roots crooner, remaining versatile in terms of approach and subject matter. Peacemaker is an intriguing album of the mid-1990s, this time recorded between Jamaica and the UK with top-class musicians such as Sly and Robbie, Lindel Lewis and Steely of Steely and Clevie fame. With his voice entirely undiminished and a mixture of romance ballads and songs of social commentary, this is another fine collection that will delight all John Holt fans, as well as reggae heads who favour the sentimental.","og_url":"https:\/\/wpguerssen-test.odoo.rgbconsulting.com\/es\/producto\/peacemaker\/","og_site_name":"Guerssen records","article_modified_time":"2024-10-01T17:12:38+00:00","og_image":[{"width":2412,"height":2560,"url":"https:\/\/wpguerssen-test.odoo.rgbconsulting.com\/wp-content\/uploads\/2023\/12\/46319-scaled.jpg","type":"image\/jpeg"}],"twitter_card":"summary_large_image","twitter_title":"HOLT, John - Peacemaker -  (LP) | Guerssen","twitter_misc":{"Tiempo de lectura":"1 minuto"},"schema":{"@context":"https:\/\/schema.org","@graph":[{"@type":"WebPage","@id":"https:\/\/wpguerssen-test.odoo.rgbconsulting.com\/es\/producto\/peacemaker\/","url":"https:\/\/wpguerssen-test.odoo.rgbconsulting.com\/es\/producto\/peacemaker\/","name":"HOLT, John - Peacemaker - (LP) | Guerssen","isPartOf":{"@id":"https:\/\/wpguerssen-test.odoo.rgbconsulting.com\/es\/#website"},"primaryImageOfPage":{"@id":"https:\/\/wpguerssen-test.odoo.rgbconsulting.com\/es\/producto\/peacemaker\/#primaryimage"},"image":{"@id":"https:\/\/wpguerssen-test.odoo.rgbconsulting.com\/es\/producto\/peacemaker\/#primaryimage"},"thumbnailUrl":"https:\/\/wpguerssen-test.odoo.rgbconsulting.com\/wp-content\/uploads\/2023\/12\/46319-scaled.jpg","datePublished":"2024-01-14T23:00:00+00:00","dateModified":"2024-10-01T17:12:38+00:00","description":"John Holt began his career in ska, came to prominence in the Paragons in rock steady and achieved international breakthroughs as a solo roots crooner, remaining versatile in terms of approach and subject matter. Peacemaker is an intriguing album of the mid-1990s, this time recorded between Jamaica and the UK with top-class musicians such as Sly and Robbie, Lindel Lewis and Steely of Steely and Clevie fame. With his voice entirely undiminished and a mixture of romance ballads and songs of social commentary, this is another fine collection that will delight all John Holt fans, as well as reggae heads who favour the sentimental.","breadcrumb":{"@id":"https:\/\/wpguerssen-test.odoo.rgbconsulting.com\/es\/producto\/peacemaker\/#breadcrumb"},"inLanguage":"es","potentialAction":[{"@type":"ReadAction","target":["https:\/\/wpguerssen-test.odoo.rgbconsulting.com\/es\/producto\/peacemaker\/"]}]},{"@type":"ImageObject","inLanguage":"es","@id":"https:\/\/wpguerssen-test.odoo.rgbconsulting.com\/es\/producto\/peacemaker\/#primaryimage","url":"https:\/\/wpguerssen-test.odoo.rgbconsulting.com\/wp-content\/uploads\/2023\/12\/46319-scaled.jpg","contentUrl":"https:\/\/wpguerssen-test.odoo.rgbconsulting.com\/wp-content\/uploads\/2023\/12\/46319-scaled.jpg","width":2412,"height":2560,"caption":"John - Peacemaker - RADIATION ROOTS (LP) | Guerssen"},{"@type":"BreadcrumbList","@id":"https:\/\/wpguerssen-test.odoo.rgbconsulting.com\/es\/producto\/peacemaker\/#breadcrumb","itemListElement":[{"@type":"ListItem","position":1,"name":"Inicio","item":"https:\/\/wpguerssen-test.odoo.rgbconsulting.com\/es\/"},{"@type":"ListItem","position":2,"name":"Shop","item":"https:\/\/wpguerssen-test.odoo.rgbconsulting.com\/shop\/"},{"@type":"ListItem","position":3,"name":"Peacemaker"}]},{"@type":"WebSite","@id":"https:\/\/wpguerssen-test.odoo.rgbconsulting.com\/es\/#website","url":"https:\/\/wpguerssen-test.odoo.rgbconsulting.com\/es\/","name":"Guerssen records","description":"psychedelia - progressive - folk - garage ","publisher":{"@id":"https:\/\/wpguerssen-test.odoo.rgbconsulting.com\/es\/#organization"},"potentialAction":[{"@type":"SearchAction","target":{"@type":"EntryPoint","urlTemplate":"https:\/\/wpguerssen-test.odoo.rgbconsulting.com\/es\/?s={search_term_string}"},"query-input":{"@type":"PropertyValueSpecification","valueRequired":true,"valueName":"search_term_string"}}],"inLanguage":"es"},{"@type":"Organization","@id":"https:\/\/wpguerssen-test.odoo.rgbconsulting.com\/es\/#organization","name":"Guerssen records","url":"https:\/\/wpguerssen-test.odoo.rgbconsulting.com\/es\/","logo":{"@type":"ImageObject","inLanguage":"es","@id":"https:\/\/wpguerssen-test.odoo.rgbconsulting.com\/es\/#\/schema\/logo\/image\/","url":"https:\/\/wpguerssen-test.odoo.rgbconsulting.com\/wp-content\/uploads\/2022\/04\/Logo_Guerssen_trans_100.png","contentUrl":"https:\/\/wpguerssen-test.odoo.rgbconsulting.com\/wp-content\/uploads\/2022\/04\/Logo_Guerssen_trans_100.png","width":122,"height":100,"caption":"Guerssen records"},"image":{"@id":"https:\/\/wpguerssen-test.odoo.rgbconsulting.com\/es\/#\/schema\/logo\/image\/"}}]}},"_links":{"self":[{"href":"https:\/\/wpguerssen-test.odoo.rgbconsulting.com\/es\/wp-json\/wp\/v2\/product\/247589","targetHints":{"allow":["GET"]}}],"collection":[{"href":"https:\/\/wpguerssen-test.odoo.rgbconsulting.com\/es\/wp-json\/wp\/v2\/product"}],"about":[{"href":"https:\/\/wpguerssen-test.odoo.rgbconsulting.com\/es\/wp-json\/wp\/v2\/types\/product"}],"wp:featuredmedia":[{"embeddable":true,"href":"https:\/\/wpguerssen-test.odoo.rgbconsulting.com\/es\/wp-json\/wp\/v2\/media\/247728"}],"wp:attachment":[{"href":"https:\/\/wpguerssen-test.odoo.rgbconsulting.com\/es\/wp-json\/wp\/v2\/media?parent=247589"}],"wp:term":[{"taxonomy":"product_brand","embeddable":true,"href":"https:\/\/wpguerssen-test.odoo.rgbconsulting.com\/es\/wp-json\/wp\/v2\/product_brand?post=247589"},{"taxonomy":"product_cat","embeddable":true,"href":"https:\/\/wpguerssen-test.odoo.rgbconsulting.com\/es\/wp-json\/wp\/v2\/product_cat?post=247589"},{"taxonomy":"product_tag","embeddable":true,"href":"https:\/\/wpguerssen-test.odoo.rgbconsulting.com\/es\/wp-json\/wp\/v2\/product_tag?post=247589"}],"curies":[{"name":"wp","href":"https:\/\/api.w.org\/{rel}","templated":true}]}}