{"id":247591,"date":"2024-01-15T00:00:00","date_gmt":"2024-01-14T23:00:00","guid":{"rendered":"https:\/\/wpguerssen-test.odoo.rgbconsulting.com\/product\/togetherness\/"},"modified":"2024-10-01T19:12:50","modified_gmt":"2024-10-01T17:12:50","slug":"togetherness","status":"publish","type":"product","link":"https:\/\/wpguerssen-test.odoo.rgbconsulting.com\/es\/producto\/togetherness\/","title":{"rendered":"Togetherness"},"content":{"rendered":"<p>Togetherness data de 1993, cuando Johnson residi\u00f3 durante mucho tiempo en Londres, pero su canto se mantuvo a la par de su apogeo, el \u00e1lbum es una mezcla de baladas, adaptaciones pop y canciones de atractivo dancehall, valores de producci\u00f3n suaves y un estilo vocal \u00fanico haci\u00e9ndolo popular en Brasil y otros territorios. \u00a1Una joya perdida, lista para ser redescubierta!<\/p>\n","protected":false},"excerpt":{"rendered":"<p>Togetherness data de 1993, cuando Johnson residi\u00f3 durante mucho tiempo en Londres, pero su canto se mantuvo a la par de su apogeo, el \u00e1lbum es una mezcla de baladas,<a class=\"read\" href=\"https:\/\/wpguerssen-test.odoo.rgbconsulting.com\/es\/producto\/togetherness\/\"> (...)<\/a>","protected":false},"featured_media":247732,"template":"","meta":{"_acf_changed":false},"product_brand":[],"product_cat":[21666],"product_tag":[],"class_list":{"0":"post-247591","1":"product","2":"type-product","3":"status-publish","4":"has-post-thumbnail","6":"product_cat-reggae-ska-dub-es","7":"pa_artist-johnson-anthony","8":"pa_format-lp-es","9":"pa_gender-reggae-ska-dub","10":"pa_label-radiation-roots-es","11":"pa_location-south-america-caribbean-es","12":"pa_other-filters-vinyl-only-es","14":"first","15":"instock","16":"taxable","17":"shipping-taxable","18":"purchasable","19":"product-type-simple"},"acf":[],"yoast_head":"<!-- This site is optimized with the Yoast SEO plugin v24.9 - https:\/\/yoast.com\/wordpress\/plugins\/seo\/ -->\n<title>JOHNSON, Anthony - Togetherness -  (LP) | Guerssen<\/title>\n<meta name=\"description\" content=\"Dynamic dancehall singer Anthony Johnson began his career in the mid-1970s, cutting a few sides for Channel One before he joined the group Mystic I who cut some great work for Lee Perry and Linval Thompson before disbanding, leading to the hit material Johnson cut for Jah Thomas as a solo singer. Togetherness dates from 1993, when Johnson was long based in London, but his singing kills remained on par as in his heyday, the album a mix of ballads, pop adaptations and songs of dancehall appeal, the soave production values and one-off vocal style making it popular in Brazil and other territories. A lost gem, ripe for rediscovery!\" \/>\n<meta name=\"robots\" content=\"index, follow, max-snippet:-1, max-image-preview:large, max-video-preview:-1\" \/>\n<link rel=\"canonical\" href=\"https:\/\/wpguerssen-test.odoo.rgbconsulting.com\/es\/producto\/togetherness\/\" \/>\n<meta property=\"og:locale\" content=\"es_ES\" \/>\n<meta property=\"og:type\" content=\"article\" \/>\n<meta property=\"og:title\" content=\"JOHNSON, Anthony - Togetherness -  (LP) | Guerssen\" \/>\n<meta property=\"og:description\" content=\"Dynamic dancehall singer Anthony Johnson began his career in the mid-1970s, cutting a few sides for Channel One before he joined the group Mystic I who cut some great work for Lee Perry and Linval Thompson before disbanding, leading to the hit material Johnson cut for Jah Thomas as a solo singer. Togetherness dates from 1993, when Johnson was long based in London, but his singing kills remained on par as in his heyday, the album a mix of ballads, pop adaptations and songs of dancehall appeal, the soave production values and one-off vocal style making it popular in Brazil and other territories. A lost gem, ripe for rediscovery!\" \/>\n<meta property=\"og:url\" content=\"https:\/\/wpguerssen-test.odoo.rgbconsulting.com\/es\/producto\/togetherness\/\" \/>\n<meta property=\"og:site_name\" content=\"Guerssen records\" \/>\n<meta property=\"article:modified_time\" content=\"2024-10-01T17:12:50+00:00\" \/>\n<meta property=\"og:image\" content=\"https:\/\/wpguerssen-test.odoo.rgbconsulting.com\/wp-content\/uploads\/2023\/12\/46321-scaled.jpg\" \/>\n\t<meta property=\"og:image:width\" content=\"2412\" \/>\n\t<meta property=\"og:image:height\" content=\"2560\" \/>\n\t<meta property=\"og:image:type\" content=\"image\/jpeg\" \/>\n<meta name=\"twitter:card\" content=\"summary_large_image\" \/>\n<meta name=\"twitter:title\" content=\"JOHNSON, Anthony - Togetherness -  (LP) | Guerssen\" \/>\n<script type=\"application\/ld+json\" class=\"yoast-schema-graph\">{\"@context\":\"https:\/\/schema.org\",\"@graph\":[{\"@type\":\"WebPage\",\"@id\":\"https:\/\/wpguerssen-test.odoo.rgbconsulting.com\/es\/producto\/togetherness\/\",\"url\":\"https:\/\/wpguerssen-test.odoo.rgbconsulting.com\/es\/producto\/togetherness\/\",\"name\":\"JOHNSON, Anthony - Togetherness - (LP) | Guerssen\",\"isPartOf\":{\"@id\":\"https:\/\/wpguerssen-test.odoo.rgbconsulting.com\/es\/#website\"},\"primaryImageOfPage\":{\"@id\":\"https:\/\/wpguerssen-test.odoo.rgbconsulting.com\/es\/producto\/togetherness\/#primaryimage\"},\"image\":{\"@id\":\"https:\/\/wpguerssen-test.odoo.rgbconsulting.com\/es\/producto\/togetherness\/#primaryimage\"},\"thumbnailUrl\":\"https:\/\/wpguerssen-test.odoo.rgbconsulting.com\/wp-content\/uploads\/2023\/12\/46321-scaled.jpg\",\"datePublished\":\"2024-01-14T23:00:00+00:00\",\"dateModified\":\"2024-10-01T17:12:50+00:00\",\"description\":\"Dynamic dancehall singer Anthony Johnson began his career in the mid-1970s, cutting a few sides for Channel One before he joined the group Mystic I who cut some great work for Lee Perry and Linval Thompson before disbanding, leading to the hit material Johnson cut for Jah Thomas as a solo singer. Togetherness dates from 1993, when Johnson was long based in London, but his singing kills remained on par as in his heyday, the album a mix of ballads, pop adaptations and songs of dancehall appeal, the soave production values and one-off vocal style making it popular in Brazil and other territories. A lost gem, ripe for rediscovery!\",\"breadcrumb\":{\"@id\":\"https:\/\/wpguerssen-test.odoo.rgbconsulting.com\/es\/producto\/togetherness\/#breadcrumb\"},\"inLanguage\":\"es\",\"potentialAction\":[{\"@type\":\"ReadAction\",\"target\":[\"https:\/\/wpguerssen-test.odoo.rgbconsulting.com\/es\/producto\/togetherness\/\"]}]},{\"@type\":\"ImageObject\",\"inLanguage\":\"es\",\"@id\":\"https:\/\/wpguerssen-test.odoo.rgbconsulting.com\/es\/producto\/togetherness\/#primaryimage\",\"url\":\"https:\/\/wpguerssen-test.odoo.rgbconsulting.com\/wp-content\/uploads\/2023\/12\/46321-scaled.jpg\",\"contentUrl\":\"https:\/\/wpguerssen-test.odoo.rgbconsulting.com\/wp-content\/uploads\/2023\/12\/46321-scaled.jpg\",\"width\":2412,\"height\":2560,\"caption\":\"Anthony - Togetherness - RADIATION ROOTS (LP) | Guerssen\"},{\"@type\":\"BreadcrumbList\",\"@id\":\"https:\/\/wpguerssen-test.odoo.rgbconsulting.com\/es\/producto\/togetherness\/#breadcrumb\",\"itemListElement\":[{\"@type\":\"ListItem\",\"position\":1,\"name\":\"Inicio\",\"item\":\"https:\/\/wpguerssen-test.odoo.rgbconsulting.com\/es\/\"},{\"@type\":\"ListItem\",\"position\":2,\"name\":\"Shop\",\"item\":\"https:\/\/wpguerssen-test.odoo.rgbconsulting.com\/shop\/\"},{\"@type\":\"ListItem\",\"position\":3,\"name\":\"Togetherness\"}]},{\"@type\":\"WebSite\",\"@id\":\"https:\/\/wpguerssen-test.odoo.rgbconsulting.com\/es\/#website\",\"url\":\"https:\/\/wpguerssen-test.odoo.rgbconsulting.com\/es\/\",\"name\":\"Guerssen records\",\"description\":\"psychedelia - progressive - folk - garage \",\"publisher\":{\"@id\":\"https:\/\/wpguerssen-test.odoo.rgbconsulting.com\/es\/#organization\"},\"potentialAction\":[{\"@type\":\"SearchAction\",\"target\":{\"@type\":\"EntryPoint\",\"urlTemplate\":\"https:\/\/wpguerssen-test.odoo.rgbconsulting.com\/es\/?s={search_term_string}\"},\"query-input\":{\"@type\":\"PropertyValueSpecification\",\"valueRequired\":true,\"valueName\":\"search_term_string\"}}],\"inLanguage\":\"es\"},{\"@type\":\"Organization\",\"@id\":\"https:\/\/wpguerssen-test.odoo.rgbconsulting.com\/es\/#organization\",\"name\":\"Guerssen records\",\"url\":\"https:\/\/wpguerssen-test.odoo.rgbconsulting.com\/es\/\",\"logo\":{\"@type\":\"ImageObject\",\"inLanguage\":\"es\",\"@id\":\"https:\/\/wpguerssen-test.odoo.rgbconsulting.com\/es\/#\/schema\/logo\/image\/\",\"url\":\"https:\/\/wpguerssen-test.odoo.rgbconsulting.com\/wp-content\/uploads\/2022\/04\/Logo_Guerssen_trans_100.png\",\"contentUrl\":\"https:\/\/wpguerssen-test.odoo.rgbconsulting.com\/wp-content\/uploads\/2022\/04\/Logo_Guerssen_trans_100.png\",\"width\":122,\"height\":100,\"caption\":\"Guerssen records\"},\"image\":{\"@id\":\"https:\/\/wpguerssen-test.odoo.rgbconsulting.com\/es\/#\/schema\/logo\/image\/\"}}]}<\/script>\n<!-- \/ Yoast SEO plugin. -->","yoast_head_json":{"title":"JOHNSON, Anthony - Togetherness -  (LP) | Guerssen","description":"Dynamic dancehall singer Anthony Johnson began his career in the mid-1970s, cutting a few sides for Channel One before he joined the group Mystic I who cut some great work for Lee Perry and Linval Thompson before disbanding, leading to the hit material Johnson cut for Jah Thomas as a solo singer. Togetherness dates from 1993, when Johnson was long based in London, but his singing kills remained on par as in his heyday, the album a mix of ballads, pop adaptations and songs of dancehall appeal, the soave production values and one-off vocal style making it popular in Brazil and other territories. A lost gem, ripe for rediscovery!","robots":{"index":"index","follow":"follow","max-snippet":"max-snippet:-1","max-image-preview":"max-image-preview:large","max-video-preview":"max-video-preview:-1"},"canonical":"https:\/\/wpguerssen-test.odoo.rgbconsulting.com\/es\/producto\/togetherness\/","og_locale":"es_ES","og_type":"article","og_title":"JOHNSON, Anthony - Togetherness -  (LP) | Guerssen","og_description":"Dynamic dancehall singer Anthony Johnson began his career in the mid-1970s, cutting a few sides for Channel One before he joined the group Mystic I who cut some great work for Lee Perry and Linval Thompson before disbanding, leading to the hit material Johnson cut for Jah Thomas as a solo singer. Togetherness dates from 1993, when Johnson was long based in London, but his singing kills remained on par as in his heyday, the album a mix of ballads, pop adaptations and songs of dancehall appeal, the soave production values and one-off vocal style making it popular in Brazil and other territories. A lost gem, ripe for rediscovery!","og_url":"https:\/\/wpguerssen-test.odoo.rgbconsulting.com\/es\/producto\/togetherness\/","og_site_name":"Guerssen records","article_modified_time":"2024-10-01T17:12:50+00:00","og_image":[{"width":2412,"height":2560,"url":"https:\/\/wpguerssen-test.odoo.rgbconsulting.com\/wp-content\/uploads\/2023\/12\/46321-scaled.jpg","type":"image\/jpeg"}],"twitter_card":"summary_large_image","twitter_title":"JOHNSON, Anthony - Togetherness -  (LP) | Guerssen","schema":{"@context":"https:\/\/schema.org","@graph":[{"@type":"WebPage","@id":"https:\/\/wpguerssen-test.odoo.rgbconsulting.com\/es\/producto\/togetherness\/","url":"https:\/\/wpguerssen-test.odoo.rgbconsulting.com\/es\/producto\/togetherness\/","name":"JOHNSON, Anthony - Togetherness - (LP) | Guerssen","isPartOf":{"@id":"https:\/\/wpguerssen-test.odoo.rgbconsulting.com\/es\/#website"},"primaryImageOfPage":{"@id":"https:\/\/wpguerssen-test.odoo.rgbconsulting.com\/es\/producto\/togetherness\/#primaryimage"},"image":{"@id":"https:\/\/wpguerssen-test.odoo.rgbconsulting.com\/es\/producto\/togetherness\/#primaryimage"},"thumbnailUrl":"https:\/\/wpguerssen-test.odoo.rgbconsulting.com\/wp-content\/uploads\/2023\/12\/46321-scaled.jpg","datePublished":"2024-01-14T23:00:00+00:00","dateModified":"2024-10-01T17:12:50+00:00","description":"Dynamic dancehall singer Anthony Johnson began his career in the mid-1970s, cutting a few sides for Channel One before he joined the group Mystic I who cut some great work for Lee Perry and Linval Thompson before disbanding, leading to the hit material Johnson cut for Jah Thomas as a solo singer. Togetherness dates from 1993, when Johnson was long based in London, but his singing kills remained on par as in his heyday, the album a mix of ballads, pop adaptations and songs of dancehall appeal, the soave production values and one-off vocal style making it popular in Brazil and other territories. A lost gem, ripe for rediscovery!","breadcrumb":{"@id":"https:\/\/wpguerssen-test.odoo.rgbconsulting.com\/es\/producto\/togetherness\/#breadcrumb"},"inLanguage":"es","potentialAction":[{"@type":"ReadAction","target":["https:\/\/wpguerssen-test.odoo.rgbconsulting.com\/es\/producto\/togetherness\/"]}]},{"@type":"ImageObject","inLanguage":"es","@id":"https:\/\/wpguerssen-test.odoo.rgbconsulting.com\/es\/producto\/togetherness\/#primaryimage","url":"https:\/\/wpguerssen-test.odoo.rgbconsulting.com\/wp-content\/uploads\/2023\/12\/46321-scaled.jpg","contentUrl":"https:\/\/wpguerssen-test.odoo.rgbconsulting.com\/wp-content\/uploads\/2023\/12\/46321-scaled.jpg","width":2412,"height":2560,"caption":"Anthony - Togetherness - RADIATION ROOTS (LP) | Guerssen"},{"@type":"BreadcrumbList","@id":"https:\/\/wpguerssen-test.odoo.rgbconsulting.com\/es\/producto\/togetherness\/#breadcrumb","itemListElement":[{"@type":"ListItem","position":1,"name":"Inicio","item":"https:\/\/wpguerssen-test.odoo.rgbconsulting.com\/es\/"},{"@type":"ListItem","position":2,"name":"Shop","item":"https:\/\/wpguerssen-test.odoo.rgbconsulting.com\/shop\/"},{"@type":"ListItem","position":3,"name":"Togetherness"}]},{"@type":"WebSite","@id":"https:\/\/wpguerssen-test.odoo.rgbconsulting.com\/es\/#website","url":"https:\/\/wpguerssen-test.odoo.rgbconsulting.com\/es\/","name":"Guerssen records","description":"psychedelia - progressive - folk - garage ","publisher":{"@id":"https:\/\/wpguerssen-test.odoo.rgbconsulting.com\/es\/#organization"},"potentialAction":[{"@type":"SearchAction","target":{"@type":"EntryPoint","urlTemplate":"https:\/\/wpguerssen-test.odoo.rgbconsulting.com\/es\/?s={search_term_string}"},"query-input":{"@type":"PropertyValueSpecification","valueRequired":true,"valueName":"search_term_string"}}],"inLanguage":"es"},{"@type":"Organization","@id":"https:\/\/wpguerssen-test.odoo.rgbconsulting.com\/es\/#organization","name":"Guerssen records","url":"https:\/\/wpguerssen-test.odoo.rgbconsulting.com\/es\/","logo":{"@type":"ImageObject","inLanguage":"es","@id":"https:\/\/wpguerssen-test.odoo.rgbconsulting.com\/es\/#\/schema\/logo\/image\/","url":"https:\/\/wpguerssen-test.odoo.rgbconsulting.com\/wp-content\/uploads\/2022\/04\/Logo_Guerssen_trans_100.png","contentUrl":"https:\/\/wpguerssen-test.odoo.rgbconsulting.com\/wp-content\/uploads\/2022\/04\/Logo_Guerssen_trans_100.png","width":122,"height":100,"caption":"Guerssen records"},"image":{"@id":"https:\/\/wpguerssen-test.odoo.rgbconsulting.com\/es\/#\/schema\/logo\/image\/"}}]}},"_links":{"self":[{"href":"https:\/\/wpguerssen-test.odoo.rgbconsulting.com\/es\/wp-json\/wp\/v2\/product\/247591","targetHints":{"allow":["GET"]}}],"collection":[{"href":"https:\/\/wpguerssen-test.odoo.rgbconsulting.com\/es\/wp-json\/wp\/v2\/product"}],"about":[{"href":"https:\/\/wpguerssen-test.odoo.rgbconsulting.com\/es\/wp-json\/wp\/v2\/types\/product"}],"wp:featuredmedia":[{"embeddable":true,"href":"https:\/\/wpguerssen-test.odoo.rgbconsulting.com\/es\/wp-json\/wp\/v2\/media\/247732"}],"wp:attachment":[{"href":"https:\/\/wpguerssen-test.odoo.rgbconsulting.com\/es\/wp-json\/wp\/v2\/media?parent=247591"}],"wp:term":[{"taxonomy":"product_brand","embeddable":true,"href":"https:\/\/wpguerssen-test.odoo.rgbconsulting.com\/es\/wp-json\/wp\/v2\/product_brand?post=247591"},{"taxonomy":"product_cat","embeddable":true,"href":"https:\/\/wpguerssen-test.odoo.rgbconsulting.com\/es\/wp-json\/wp\/v2\/product_cat?post=247591"},{"taxonomy":"product_tag","embeddable":true,"href":"https:\/\/wpguerssen-test.odoo.rgbconsulting.com\/es\/wp-json\/wp\/v2\/product_tag?post=247591"}],"curies":[{"name":"wp","href":"https:\/\/api.w.org\/{rel}","templated":true}]}}