{"id":247594,"date":"2024-01-16T00:00:00","date_gmt":"2024-01-15T23:00:00","guid":{"rendered":"https:\/\/wpguerssen-test.odoo.rgbconsulting.com\/product\/the-next-morning\/"},"modified":"2025-03-03T15:58:50","modified_gmt":"2025-03-03T14:58:50","slug":"the-next-morning","status":"publish","type":"product","link":"https:\/\/wpguerssen-test.odoo.rgbconsulting.com\/es\/producto\/the-next-morning\/","title":{"rendered":"The Next Morning"},"content":{"rendered":"<p>A finales de la d\u00e9cada de 1960, cuando el guitarrista Scipio Sargeant dej\u00f3 su Trinidad natal para ir a Nueva York, se uni\u00f3 a otro guitarrista trinitario, Bert Bailey, para un proyecto de rock psicod\u00e9lico, con Sargeant relegado al bajo, el hermano de Bert, Herb, a la bater\u00eda, su compatriota Lou Phillips como l\u00edder y el teclista afroamericano Earl Arthur en el \u00f3rgano progresivo. Impactando el circuito de clubes, Columbia casi los contrata, pero terminaron grabando su \u00fanico LP para Calla en una breve tarde. El resultado es un set triposo de rock duro con ecos de Chambers Brothers, Hendrix y Sly Stone. Un cl\u00e1sico perdido, listo para ser redescubierto.<\/p>\n","protected":false},"excerpt":{"rendered":"<p>A finales de la d\u00e9cada de 1960, cuando el guitarrista Scipio Sargeant dej\u00f3 su Trinidad natal para ir a Nueva York, se uni\u00f3 a otro guitarrista trinitario, Bert Bailey,<a class=\"read\" href=\"https:\/\/wpguerssen-test.odoo.rgbconsulting.com\/es\/producto\/the-next-morning\/\"> (...)<\/a>","protected":false},"featured_media":247736,"template":"","meta":{"_acf_changed":false},"product_brand":[],"product_cat":[21639,23224],"product_tag":[],"class_list":{"0":"post-247594","1":"product","2":"type-product","3":"status-publish","4":"has-post-thumbnail","6":"product_cat-psychedelic60s-70s-es","7":"product_cat-hard-rock-60s-70s-es","8":"pa_artist-next-morning-the","9":"pa_format-lp-es","10":"pa_gender-hard-rock-60s-70s-psychedelic60s-70s","11":"pa_label-survival-research","12":"pa_location-south-america-caribbean-es","13":"pa_other-filters-vinyl-only-es","15":"first","16":"instock","17":"taxable","18":"shipping-taxable","19":"purchasable","20":"product-type-simple"},"acf":[],"yoast_head":"<!-- This site is optimized with the Yoast SEO plugin v24.9 - https:\/\/yoast.com\/wordpress\/plugins\/seo\/ -->\n<title>NEXT MORNING, The - The Next Morning -  (LP) | Guerssen<\/title>\n<meta name=\"description\" content=\"During the late 1960s, when guitarist Scipio Sargeant left his native Trinidad for New York, he hooked up with another Trinidadian guitarist, Bert Bailey, for a psychedelic rock project, with Sargeant relegated to bass, Bert&#039;s brother Herb on drum duties, fellow Trinidadian Lou Phillips as frontman, and African American keyboardist Earl Arthur on prog-like organ. Impacting the club circuit, they were nearly signed by Columbia, but wound up cutting their sole LP for Calla in one brief afternoon. The result is a hard-rocking trippy set with echoes of the Chambers Brothers, Hendrix, and Sly Stone. A lost classic, ripe for rediscovery.\" \/>\n<meta name=\"robots\" content=\"index, follow, max-snippet:-1, max-image-preview:large, max-video-preview:-1\" \/>\n<link rel=\"canonical\" href=\"https:\/\/wpguerssen-test.odoo.rgbconsulting.com\/es\/producto\/the-next-morning\/\" \/>\n<meta property=\"og:locale\" content=\"es_ES\" \/>\n<meta property=\"og:type\" content=\"article\" \/>\n<meta property=\"og:title\" content=\"NEXT MORNING, The - The Next Morning -  (LP) | Guerssen\" \/>\n<meta property=\"og:description\" content=\"During the late 1960s, when guitarist Scipio Sargeant left his native Trinidad for New York, he hooked up with another Trinidadian guitarist, Bert Bailey, for a psychedelic rock project, with Sargeant relegated to bass, Bert&#039;s brother Herb on drum duties, fellow Trinidadian Lou Phillips as frontman, and African American keyboardist Earl Arthur on prog-like organ. Impacting the club circuit, they were nearly signed by Columbia, but wound up cutting their sole LP for Calla in one brief afternoon. The result is a hard-rocking trippy set with echoes of the Chambers Brothers, Hendrix, and Sly Stone. A lost classic, ripe for rediscovery.\" \/>\n<meta property=\"og:url\" content=\"https:\/\/wpguerssen-test.odoo.rgbconsulting.com\/es\/producto\/the-next-morning\/\" \/>\n<meta property=\"og:site_name\" content=\"Guerssen records\" \/>\n<meta property=\"article:modified_time\" content=\"2025-03-03T14:58:50+00:00\" \/>\n<meta property=\"og:image\" content=\"https:\/\/wpguerssen-test.odoo.rgbconsulting.com\/wp-content\/uploads\/2023\/12\/46324.jpg\" \/>\n\t<meta property=\"og:image:width\" content=\"1772\" \/>\n\t<meta property=\"og:image:height\" content=\"1772\" \/>\n\t<meta property=\"og:image:type\" content=\"image\/jpeg\" \/>\n<meta name=\"twitter:card\" content=\"summary_large_image\" \/>\n<meta name=\"twitter:title\" content=\"NEXT MORNING, The - The Next Morning -  (LP) | Guerssen\" \/>\n<meta name=\"twitter:label1\" content=\"Tiempo de lectura\" \/>\n\t<meta name=\"twitter:data1\" content=\"1 minuto\" \/>\n<script type=\"application\/ld+json\" class=\"yoast-schema-graph\">{\"@context\":\"https:\/\/schema.org\",\"@graph\":[{\"@type\":\"WebPage\",\"@id\":\"https:\/\/wpguerssen-test.odoo.rgbconsulting.com\/es\/producto\/the-next-morning\/\",\"url\":\"https:\/\/wpguerssen-test.odoo.rgbconsulting.com\/es\/producto\/the-next-morning\/\",\"name\":\"NEXT MORNING, The - The Next Morning - (LP) | Guerssen\",\"isPartOf\":{\"@id\":\"https:\/\/wpguerssen-test.odoo.rgbconsulting.com\/es\/#website\"},\"primaryImageOfPage\":{\"@id\":\"https:\/\/wpguerssen-test.odoo.rgbconsulting.com\/es\/producto\/the-next-morning\/#primaryimage\"},\"image\":{\"@id\":\"https:\/\/wpguerssen-test.odoo.rgbconsulting.com\/es\/producto\/the-next-morning\/#primaryimage\"},\"thumbnailUrl\":\"https:\/\/wpguerssen-test.odoo.rgbconsulting.com\/wp-content\/uploads\/2023\/12\/46324.jpg\",\"datePublished\":\"2024-01-15T23:00:00+00:00\",\"dateModified\":\"2025-03-03T14:58:50+00:00\",\"description\":\"During the late 1960s, when guitarist Scipio Sargeant left his native Trinidad for New York, he hooked up with another Trinidadian guitarist, Bert Bailey, for a psychedelic rock project, with Sargeant relegated to bass, Bert's brother Herb on drum duties, fellow Trinidadian Lou Phillips as frontman, and African American keyboardist Earl Arthur on prog-like organ. Impacting the club circuit, they were nearly signed by Columbia, but wound up cutting their sole LP for Calla in one brief afternoon. The result is a hard-rocking trippy set with echoes of the Chambers Brothers, Hendrix, and Sly Stone. A lost classic, ripe for rediscovery.\",\"breadcrumb\":{\"@id\":\"https:\/\/wpguerssen-test.odoo.rgbconsulting.com\/es\/producto\/the-next-morning\/#breadcrumb\"},\"inLanguage\":\"es\",\"potentialAction\":[{\"@type\":\"ReadAction\",\"target\":[\"https:\/\/wpguerssen-test.odoo.rgbconsulting.com\/es\/producto\/the-next-morning\/\"]}]},{\"@type\":\"ImageObject\",\"inLanguage\":\"es\",\"@id\":\"https:\/\/wpguerssen-test.odoo.rgbconsulting.com\/es\/producto\/the-next-morning\/#primaryimage\",\"url\":\"https:\/\/wpguerssen-test.odoo.rgbconsulting.com\/wp-content\/uploads\/2023\/12\/46324.jpg\",\"contentUrl\":\"https:\/\/wpguerssen-test.odoo.rgbconsulting.com\/wp-content\/uploads\/2023\/12\/46324.jpg\",\"width\":1772,\"height\":1772,\"caption\":\"The - The Next Morning - SURVIVAL RESEARCH (LP) | Guerssen\"},{\"@type\":\"BreadcrumbList\",\"@id\":\"https:\/\/wpguerssen-test.odoo.rgbconsulting.com\/es\/producto\/the-next-morning\/#breadcrumb\",\"itemListElement\":[{\"@type\":\"ListItem\",\"position\":1,\"name\":\"Inicio\",\"item\":\"https:\/\/wpguerssen-test.odoo.rgbconsulting.com\/es\/\"},{\"@type\":\"ListItem\",\"position\":2,\"name\":\"Shop\",\"item\":\"https:\/\/wpguerssen-test.odoo.rgbconsulting.com\/shop\/\"},{\"@type\":\"ListItem\",\"position\":3,\"name\":\"The Next Morning\"}]},{\"@type\":\"WebSite\",\"@id\":\"https:\/\/wpguerssen-test.odoo.rgbconsulting.com\/es\/#website\",\"url\":\"https:\/\/wpguerssen-test.odoo.rgbconsulting.com\/es\/\",\"name\":\"Guerssen records\",\"description\":\"psychedelia - progressive - folk - garage \",\"publisher\":{\"@id\":\"https:\/\/wpguerssen-test.odoo.rgbconsulting.com\/es\/#organization\"},\"potentialAction\":[{\"@type\":\"SearchAction\",\"target\":{\"@type\":\"EntryPoint\",\"urlTemplate\":\"https:\/\/wpguerssen-test.odoo.rgbconsulting.com\/es\/?s={search_term_string}\"},\"query-input\":{\"@type\":\"PropertyValueSpecification\",\"valueRequired\":true,\"valueName\":\"search_term_string\"}}],\"inLanguage\":\"es\"},{\"@type\":\"Organization\",\"@id\":\"https:\/\/wpguerssen-test.odoo.rgbconsulting.com\/es\/#organization\",\"name\":\"Guerssen records\",\"url\":\"https:\/\/wpguerssen-test.odoo.rgbconsulting.com\/es\/\",\"logo\":{\"@type\":\"ImageObject\",\"inLanguage\":\"es\",\"@id\":\"https:\/\/wpguerssen-test.odoo.rgbconsulting.com\/es\/#\/schema\/logo\/image\/\",\"url\":\"https:\/\/wpguerssen-test.odoo.rgbconsulting.com\/wp-content\/uploads\/2022\/04\/Logo_Guerssen_trans_100.png\",\"contentUrl\":\"https:\/\/wpguerssen-test.odoo.rgbconsulting.com\/wp-content\/uploads\/2022\/04\/Logo_Guerssen_trans_100.png\",\"width\":122,\"height\":100,\"caption\":\"Guerssen records\"},\"image\":{\"@id\":\"https:\/\/wpguerssen-test.odoo.rgbconsulting.com\/es\/#\/schema\/logo\/image\/\"}}]}<\/script>\n<!-- \/ Yoast SEO plugin. -->","yoast_head_json":{"title":"NEXT MORNING, The - The Next Morning -  (LP) | Guerssen","description":"During the late 1960s, when guitarist Scipio Sargeant left his native Trinidad for New York, he hooked up with another Trinidadian guitarist, Bert Bailey, for a psychedelic rock project, with Sargeant relegated to bass, Bert's brother Herb on drum duties, fellow Trinidadian Lou Phillips as frontman, and African American keyboardist Earl Arthur on prog-like organ. Impacting the club circuit, they were nearly signed by Columbia, but wound up cutting their sole LP for Calla in one brief afternoon. The result is a hard-rocking trippy set with echoes of the Chambers Brothers, Hendrix, and Sly Stone. A lost classic, ripe for rediscovery.","robots":{"index":"index","follow":"follow","max-snippet":"max-snippet:-1","max-image-preview":"max-image-preview:large","max-video-preview":"max-video-preview:-1"},"canonical":"https:\/\/wpguerssen-test.odoo.rgbconsulting.com\/es\/producto\/the-next-morning\/","og_locale":"es_ES","og_type":"article","og_title":"NEXT MORNING, The - The Next Morning -  (LP) | Guerssen","og_description":"During the late 1960s, when guitarist Scipio Sargeant left his native Trinidad for New York, he hooked up with another Trinidadian guitarist, Bert Bailey, for a psychedelic rock project, with Sargeant relegated to bass, Bert's brother Herb on drum duties, fellow Trinidadian Lou Phillips as frontman, and African American keyboardist Earl Arthur on prog-like organ. Impacting the club circuit, they were nearly signed by Columbia, but wound up cutting their sole LP for Calla in one brief afternoon. The result is a hard-rocking trippy set with echoes of the Chambers Brothers, Hendrix, and Sly Stone. A lost classic, ripe for rediscovery.","og_url":"https:\/\/wpguerssen-test.odoo.rgbconsulting.com\/es\/producto\/the-next-morning\/","og_site_name":"Guerssen records","article_modified_time":"2025-03-03T14:58:50+00:00","og_image":[{"width":1772,"height":1772,"url":"https:\/\/wpguerssen-test.odoo.rgbconsulting.com\/wp-content\/uploads\/2023\/12\/46324.jpg","type":"image\/jpeg"}],"twitter_card":"summary_large_image","twitter_title":"NEXT MORNING, The - The Next Morning -  (LP) | Guerssen","twitter_misc":{"Tiempo de lectura":"1 minuto"},"schema":{"@context":"https:\/\/schema.org","@graph":[{"@type":"WebPage","@id":"https:\/\/wpguerssen-test.odoo.rgbconsulting.com\/es\/producto\/the-next-morning\/","url":"https:\/\/wpguerssen-test.odoo.rgbconsulting.com\/es\/producto\/the-next-morning\/","name":"NEXT MORNING, The - The Next Morning - (LP) | Guerssen","isPartOf":{"@id":"https:\/\/wpguerssen-test.odoo.rgbconsulting.com\/es\/#website"},"primaryImageOfPage":{"@id":"https:\/\/wpguerssen-test.odoo.rgbconsulting.com\/es\/producto\/the-next-morning\/#primaryimage"},"image":{"@id":"https:\/\/wpguerssen-test.odoo.rgbconsulting.com\/es\/producto\/the-next-morning\/#primaryimage"},"thumbnailUrl":"https:\/\/wpguerssen-test.odoo.rgbconsulting.com\/wp-content\/uploads\/2023\/12\/46324.jpg","datePublished":"2024-01-15T23:00:00+00:00","dateModified":"2025-03-03T14:58:50+00:00","description":"During the late 1960s, when guitarist Scipio Sargeant left his native Trinidad for New York, he hooked up with another Trinidadian guitarist, Bert Bailey, for a psychedelic rock project, with Sargeant relegated to bass, Bert's brother Herb on drum duties, fellow Trinidadian Lou Phillips as frontman, and African American keyboardist Earl Arthur on prog-like organ. Impacting the club circuit, they were nearly signed by Columbia, but wound up cutting their sole LP for Calla in one brief afternoon. The result is a hard-rocking trippy set with echoes of the Chambers Brothers, Hendrix, and Sly Stone. A lost classic, ripe for rediscovery.","breadcrumb":{"@id":"https:\/\/wpguerssen-test.odoo.rgbconsulting.com\/es\/producto\/the-next-morning\/#breadcrumb"},"inLanguage":"es","potentialAction":[{"@type":"ReadAction","target":["https:\/\/wpguerssen-test.odoo.rgbconsulting.com\/es\/producto\/the-next-morning\/"]}]},{"@type":"ImageObject","inLanguage":"es","@id":"https:\/\/wpguerssen-test.odoo.rgbconsulting.com\/es\/producto\/the-next-morning\/#primaryimage","url":"https:\/\/wpguerssen-test.odoo.rgbconsulting.com\/wp-content\/uploads\/2023\/12\/46324.jpg","contentUrl":"https:\/\/wpguerssen-test.odoo.rgbconsulting.com\/wp-content\/uploads\/2023\/12\/46324.jpg","width":1772,"height":1772,"caption":"The - The Next Morning - SURVIVAL RESEARCH (LP) | Guerssen"},{"@type":"BreadcrumbList","@id":"https:\/\/wpguerssen-test.odoo.rgbconsulting.com\/es\/producto\/the-next-morning\/#breadcrumb","itemListElement":[{"@type":"ListItem","position":1,"name":"Inicio","item":"https:\/\/wpguerssen-test.odoo.rgbconsulting.com\/es\/"},{"@type":"ListItem","position":2,"name":"Shop","item":"https:\/\/wpguerssen-test.odoo.rgbconsulting.com\/shop\/"},{"@type":"ListItem","position":3,"name":"The Next Morning"}]},{"@type":"WebSite","@id":"https:\/\/wpguerssen-test.odoo.rgbconsulting.com\/es\/#website","url":"https:\/\/wpguerssen-test.odoo.rgbconsulting.com\/es\/","name":"Guerssen records","description":"psychedelia - progressive - folk - garage ","publisher":{"@id":"https:\/\/wpguerssen-test.odoo.rgbconsulting.com\/es\/#organization"},"potentialAction":[{"@type":"SearchAction","target":{"@type":"EntryPoint","urlTemplate":"https:\/\/wpguerssen-test.odoo.rgbconsulting.com\/es\/?s={search_term_string}"},"query-input":{"@type":"PropertyValueSpecification","valueRequired":true,"valueName":"search_term_string"}}],"inLanguage":"es"},{"@type":"Organization","@id":"https:\/\/wpguerssen-test.odoo.rgbconsulting.com\/es\/#organization","name":"Guerssen records","url":"https:\/\/wpguerssen-test.odoo.rgbconsulting.com\/es\/","logo":{"@type":"ImageObject","inLanguage":"es","@id":"https:\/\/wpguerssen-test.odoo.rgbconsulting.com\/es\/#\/schema\/logo\/image\/","url":"https:\/\/wpguerssen-test.odoo.rgbconsulting.com\/wp-content\/uploads\/2022\/04\/Logo_Guerssen_trans_100.png","contentUrl":"https:\/\/wpguerssen-test.odoo.rgbconsulting.com\/wp-content\/uploads\/2022\/04\/Logo_Guerssen_trans_100.png","width":122,"height":100,"caption":"Guerssen records"},"image":{"@id":"https:\/\/wpguerssen-test.odoo.rgbconsulting.com\/es\/#\/schema\/logo\/image\/"}}]}},"_links":{"self":[{"href":"https:\/\/wpguerssen-test.odoo.rgbconsulting.com\/es\/wp-json\/wp\/v2\/product\/247594","targetHints":{"allow":["GET"]}}],"collection":[{"href":"https:\/\/wpguerssen-test.odoo.rgbconsulting.com\/es\/wp-json\/wp\/v2\/product"}],"about":[{"href":"https:\/\/wpguerssen-test.odoo.rgbconsulting.com\/es\/wp-json\/wp\/v2\/types\/product"}],"wp:featuredmedia":[{"embeddable":true,"href":"https:\/\/wpguerssen-test.odoo.rgbconsulting.com\/es\/wp-json\/wp\/v2\/media\/247736"}],"wp:attachment":[{"href":"https:\/\/wpguerssen-test.odoo.rgbconsulting.com\/es\/wp-json\/wp\/v2\/media?parent=247594"}],"wp:term":[{"taxonomy":"product_brand","embeddable":true,"href":"https:\/\/wpguerssen-test.odoo.rgbconsulting.com\/es\/wp-json\/wp\/v2\/product_brand?post=247594"},{"taxonomy":"product_cat","embeddable":true,"href":"https:\/\/wpguerssen-test.odoo.rgbconsulting.com\/es\/wp-json\/wp\/v2\/product_cat?post=247594"},{"taxonomy":"product_tag","embeddable":true,"href":"https:\/\/wpguerssen-test.odoo.rgbconsulting.com\/es\/wp-json\/wp\/v2\/product_tag?post=247594"}],"curies":[{"name":"wp","href":"https:\/\/api.w.org\/{rel}","templated":true}]}}