{"id":247758,"date":"2024-03-08T00:00:00","date_gmt":"2024-03-07T23:00:00","guid":{"rendered":"https:\/\/wpguerssen-test.odoo.rgbconsulting.com\/product\/lovers-paradise\/"},"modified":"2024-06-03T19:39:04","modified_gmt":"2024-06-03T17:39:04","slug":"lovers-paradise","status":"publish","type":"product","link":"https:\/\/wpguerssen-test.odoo.rgbconsulting.com\/es\/producto\/lovers-paradise\/","title":{"rendered":"Lovers Paradise"},"content":{"rendered":"<p>Dennis Brown, uno de los vocalistas de reggae m\u00e1s queridos, era m\u00e1s popular que Marley en su tierra natal y era considerado \u00abel Pr\u00edncipe Heredero\u00bb en el extranjero por su excelencia. Lover&#8217;s Paradise es una recopilaci\u00f3n intrigante de principios de la d\u00e9cada de 1990, que re\u00fane trabajos de Bunny Lee y sus colegas. Junto con &#8216;Have You Ever&#8217; retitulados y &#8216;Wild Fire&#8217; como tema principal, hay una mezcla de agradables baladas de amor, incluidas las versiones de Dennis de la inmortal &#8216;Love Me Forever&#8217; de Carlton and the Shoes y originales como &#8216;Woman I Tell You No Lie&#8217; y el devocional &#8216;Wolga Nagga Fire&#8217;, adem\u00e1s hay una versi\u00f3n candente de &#8216;Sleng Teng&#8217;. \u00a1Los fan\u00e1ticos de D Brown tomen nota!<\/p>\n","protected":false},"excerpt":{"rendered":"<p>Dennis Brown, uno de los vocalistas de reggae m\u00e1s queridos, era m\u00e1s popular que Marley en su tierra natal y era considerado \u00abel Pr\u00edncipe Heredero\u00bb en el extranjero<a class=\"read\" href=\"https:\/\/wpguerssen-test.odoo.rgbconsulting.com\/es\/producto\/lovers-paradise\/\"> (...)<\/a>","protected":false},"featured_media":249208,"template":"","meta":{"_acf_changed":false},"product_brand":[],"product_cat":[21666],"product_tag":[24185],"class_list":{"0":"post-247758","1":"product","2":"type-product","3":"status-publish","4":"has-post-thumbnail","6":"product_cat-reggae-ska-dub-es","7":"product_tag-de-nuevo-en-existencia","8":"pa_artist-brown-dennis","9":"pa_format-lp-es","10":"pa_gender-reggae-ska-dub","11":"pa_label-radiation-roots-es","12":"pa_location-south-america-caribbean-es","13":"pa_other-filters-vinyl-only-es","15":"first","16":"instock","17":"taxable","18":"shipping-taxable","19":"purchasable","20":"product-type-simple"},"acf":[],"yoast_head":"<!-- This site is optimized with the Yoast SEO plugin v24.9 - https:\/\/yoast.com\/wordpress\/plugins\/seo\/ -->\n<title>BROWN, Dennis - Lovers Paradise -  (LP) | Guerssen<\/title>\n<meta name=\"description\" content=\"One of the most beloved of reggae vocalists, Dennis Brown was more popular than Marley in his native land and rated &#039;the Crown Prince&#039; overseas for his excellence. Lover&#039;s Paradise is an intriguing compilation of the early 1990s, gathering work for Bunny Lee and colleagues. Along with a retitled &#039;Have You Ever,&#039; and &#039;Wild Fire&#039; in the guise of the title track, there is a mix of agreeable love ballads, including Dennis&#039; takes on Carlton and the Shoes&#039; immortal &#039;Love Me Forever,&#039; and originals such as &#039;Woman I Tell You No Lie&#039; and the devotional &#039;Wolga Nagga Fire,&#039; plus there&#039;s a hot cut of &#039;Sleng Teng&#039; too. D Brown fans take note!\" \/>\n<meta name=\"robots\" content=\"index, follow, max-snippet:-1, max-image-preview:large, max-video-preview:-1\" \/>\n<link rel=\"canonical\" href=\"https:\/\/wpguerssen-test.odoo.rgbconsulting.com\/es\/producto\/lovers-paradise\/\" \/>\n<meta property=\"og:locale\" content=\"es_ES\" \/>\n<meta property=\"og:type\" content=\"article\" \/>\n<meta property=\"og:title\" content=\"BROWN, Dennis - Lovers Paradise -  (LP) | Guerssen\" \/>\n<meta property=\"og:description\" content=\"One of the most beloved of reggae vocalists, Dennis Brown was more popular than Marley in his native land and rated &#039;the Crown Prince&#039; overseas for his excellence. Lover&#039;s Paradise is an intriguing compilation of the early 1990s, gathering work for Bunny Lee and colleagues. Along with a retitled &#039;Have You Ever,&#039; and &#039;Wild Fire&#039; in the guise of the title track, there is a mix of agreeable love ballads, including Dennis&#039; takes on Carlton and the Shoes&#039; immortal &#039;Love Me Forever,&#039; and originals such as &#039;Woman I Tell You No Lie&#039; and the devotional &#039;Wolga Nagga Fire,&#039; plus there&#039;s a hot cut of &#039;Sleng Teng&#039; too. D Brown fans take note!\" \/>\n<meta property=\"og:url\" content=\"https:\/\/wpguerssen-test.odoo.rgbconsulting.com\/es\/producto\/lovers-paradise\/\" \/>\n<meta property=\"og:site_name\" content=\"Guerssen records\" \/>\n<meta property=\"article:modified_time\" content=\"2024-06-03T17:39:04+00:00\" \/>\n<meta property=\"og:image\" content=\"https:\/\/wpguerssen-test.odoo.rgbconsulting.com\/wp-content\/uploads\/2024\/01\/46347-scaled.jpg\" \/>\n\t<meta property=\"og:image:width\" content=\"2530\" \/>\n\t<meta property=\"og:image:height\" content=\"2560\" \/>\n\t<meta property=\"og:image:type\" content=\"image\/jpeg\" \/>\n<meta name=\"twitter:card\" content=\"summary_large_image\" \/>\n<meta name=\"twitter:title\" content=\"BROWN, Dennis - Lovers Paradise -  (LP) | Guerssen\" \/>\n<meta name=\"twitter:label1\" content=\"Tiempo de lectura\" \/>\n\t<meta name=\"twitter:data1\" content=\"1 minuto\" \/>\n<script type=\"application\/ld+json\" class=\"yoast-schema-graph\">{\"@context\":\"https:\/\/schema.org\",\"@graph\":[{\"@type\":\"WebPage\",\"@id\":\"https:\/\/wpguerssen-test.odoo.rgbconsulting.com\/es\/producto\/lovers-paradise\/\",\"url\":\"https:\/\/wpguerssen-test.odoo.rgbconsulting.com\/es\/producto\/lovers-paradise\/\",\"name\":\"BROWN, Dennis - Lovers Paradise - (LP) | Guerssen\",\"isPartOf\":{\"@id\":\"https:\/\/wpguerssen-test.odoo.rgbconsulting.com\/es\/#website\"},\"primaryImageOfPage\":{\"@id\":\"https:\/\/wpguerssen-test.odoo.rgbconsulting.com\/es\/producto\/lovers-paradise\/#primaryimage\"},\"image\":{\"@id\":\"https:\/\/wpguerssen-test.odoo.rgbconsulting.com\/es\/producto\/lovers-paradise\/#primaryimage\"},\"thumbnailUrl\":\"https:\/\/wpguerssen-test.odoo.rgbconsulting.com\/wp-content\/uploads\/2024\/01\/46347-scaled.jpg\",\"datePublished\":\"2024-03-07T23:00:00+00:00\",\"dateModified\":\"2024-06-03T17:39:04+00:00\",\"description\":\"One of the most beloved of reggae vocalists, Dennis Brown was more popular than Marley in his native land and rated 'the Crown Prince' overseas for his excellence. Lover's Paradise is an intriguing compilation of the early 1990s, gathering work for Bunny Lee and colleagues. Along with a retitled 'Have You Ever,' and 'Wild Fire' in the guise of the title track, there is a mix of agreeable love ballads, including Dennis' takes on Carlton and the Shoes' immortal 'Love Me Forever,' and originals such as 'Woman I Tell You No Lie' and the devotional 'Wolga Nagga Fire,' plus there's a hot cut of 'Sleng Teng' too. D Brown fans take note!\",\"breadcrumb\":{\"@id\":\"https:\/\/wpguerssen-test.odoo.rgbconsulting.com\/es\/producto\/lovers-paradise\/#breadcrumb\"},\"inLanguage\":\"es\",\"potentialAction\":[{\"@type\":\"ReadAction\",\"target\":[\"https:\/\/wpguerssen-test.odoo.rgbconsulting.com\/es\/producto\/lovers-paradise\/\"]}]},{\"@type\":\"ImageObject\",\"inLanguage\":\"es\",\"@id\":\"https:\/\/wpguerssen-test.odoo.rgbconsulting.com\/es\/producto\/lovers-paradise\/#primaryimage\",\"url\":\"https:\/\/wpguerssen-test.odoo.rgbconsulting.com\/wp-content\/uploads\/2024\/01\/46347-scaled.jpg\",\"contentUrl\":\"https:\/\/wpguerssen-test.odoo.rgbconsulting.com\/wp-content\/uploads\/2024\/01\/46347-scaled.jpg\",\"width\":2530,\"height\":2560,\"caption\":\"Dennis - Lovers Paradise - RADIATION ROOTS (LP) | Guerssen\"},{\"@type\":\"BreadcrumbList\",\"@id\":\"https:\/\/wpguerssen-test.odoo.rgbconsulting.com\/es\/producto\/lovers-paradise\/#breadcrumb\",\"itemListElement\":[{\"@type\":\"ListItem\",\"position\":1,\"name\":\"Inicio\",\"item\":\"https:\/\/wpguerssen-test.odoo.rgbconsulting.com\/es\/\"},{\"@type\":\"ListItem\",\"position\":2,\"name\":\"Shop\",\"item\":\"https:\/\/wpguerssen-test.odoo.rgbconsulting.com\/shop\/\"},{\"@type\":\"ListItem\",\"position\":3,\"name\":\"Lovers Paradise\"}]},{\"@type\":\"WebSite\",\"@id\":\"https:\/\/wpguerssen-test.odoo.rgbconsulting.com\/es\/#website\",\"url\":\"https:\/\/wpguerssen-test.odoo.rgbconsulting.com\/es\/\",\"name\":\"Guerssen records\",\"description\":\"psychedelia - progressive - folk - garage \",\"publisher\":{\"@id\":\"https:\/\/wpguerssen-test.odoo.rgbconsulting.com\/es\/#organization\"},\"potentialAction\":[{\"@type\":\"SearchAction\",\"target\":{\"@type\":\"EntryPoint\",\"urlTemplate\":\"https:\/\/wpguerssen-test.odoo.rgbconsulting.com\/es\/?s={search_term_string}\"},\"query-input\":{\"@type\":\"PropertyValueSpecification\",\"valueRequired\":true,\"valueName\":\"search_term_string\"}}],\"inLanguage\":\"es\"},{\"@type\":\"Organization\",\"@id\":\"https:\/\/wpguerssen-test.odoo.rgbconsulting.com\/es\/#organization\",\"name\":\"Guerssen records\",\"url\":\"https:\/\/wpguerssen-test.odoo.rgbconsulting.com\/es\/\",\"logo\":{\"@type\":\"ImageObject\",\"inLanguage\":\"es\",\"@id\":\"https:\/\/wpguerssen-test.odoo.rgbconsulting.com\/es\/#\/schema\/logo\/image\/\",\"url\":\"https:\/\/wpguerssen-test.odoo.rgbconsulting.com\/wp-content\/uploads\/2022\/04\/Logo_Guerssen_trans_100.png\",\"contentUrl\":\"https:\/\/wpguerssen-test.odoo.rgbconsulting.com\/wp-content\/uploads\/2022\/04\/Logo_Guerssen_trans_100.png\",\"width\":122,\"height\":100,\"caption\":\"Guerssen records\"},\"image\":{\"@id\":\"https:\/\/wpguerssen-test.odoo.rgbconsulting.com\/es\/#\/schema\/logo\/image\/\"}}]}<\/script>\n<!-- \/ Yoast SEO plugin. -->","yoast_head_json":{"title":"BROWN, Dennis - Lovers Paradise -  (LP) | Guerssen","description":"One of the most beloved of reggae vocalists, Dennis Brown was more popular than Marley in his native land and rated 'the Crown Prince' overseas for his excellence. Lover's Paradise is an intriguing compilation of the early 1990s, gathering work for Bunny Lee and colleagues. Along with a retitled 'Have You Ever,' and 'Wild Fire' in the guise of the title track, there is a mix of agreeable love ballads, including Dennis' takes on Carlton and the Shoes' immortal 'Love Me Forever,' and originals such as 'Woman I Tell You No Lie' and the devotional 'Wolga Nagga Fire,' plus there's a hot cut of 'Sleng Teng' too. D Brown fans take note!","robots":{"index":"index","follow":"follow","max-snippet":"max-snippet:-1","max-image-preview":"max-image-preview:large","max-video-preview":"max-video-preview:-1"},"canonical":"https:\/\/wpguerssen-test.odoo.rgbconsulting.com\/es\/producto\/lovers-paradise\/","og_locale":"es_ES","og_type":"article","og_title":"BROWN, Dennis - Lovers Paradise -  (LP) | Guerssen","og_description":"One of the most beloved of reggae vocalists, Dennis Brown was more popular than Marley in his native land and rated 'the Crown Prince' overseas for his excellence. Lover's Paradise is an intriguing compilation of the early 1990s, gathering work for Bunny Lee and colleagues. Along with a retitled 'Have You Ever,' and 'Wild Fire' in the guise of the title track, there is a mix of agreeable love ballads, including Dennis' takes on Carlton and the Shoes' immortal 'Love Me Forever,' and originals such as 'Woman I Tell You No Lie' and the devotional 'Wolga Nagga Fire,' plus there's a hot cut of 'Sleng Teng' too. D Brown fans take note!","og_url":"https:\/\/wpguerssen-test.odoo.rgbconsulting.com\/es\/producto\/lovers-paradise\/","og_site_name":"Guerssen records","article_modified_time":"2024-06-03T17:39:04+00:00","og_image":[{"width":2530,"height":2560,"url":"https:\/\/wpguerssen-test.odoo.rgbconsulting.com\/wp-content\/uploads\/2024\/01\/46347-scaled.jpg","type":"image\/jpeg"}],"twitter_card":"summary_large_image","twitter_title":"BROWN, Dennis - Lovers Paradise -  (LP) | Guerssen","twitter_misc":{"Tiempo de lectura":"1 minuto"},"schema":{"@context":"https:\/\/schema.org","@graph":[{"@type":"WebPage","@id":"https:\/\/wpguerssen-test.odoo.rgbconsulting.com\/es\/producto\/lovers-paradise\/","url":"https:\/\/wpguerssen-test.odoo.rgbconsulting.com\/es\/producto\/lovers-paradise\/","name":"BROWN, Dennis - Lovers Paradise - (LP) | Guerssen","isPartOf":{"@id":"https:\/\/wpguerssen-test.odoo.rgbconsulting.com\/es\/#website"},"primaryImageOfPage":{"@id":"https:\/\/wpguerssen-test.odoo.rgbconsulting.com\/es\/producto\/lovers-paradise\/#primaryimage"},"image":{"@id":"https:\/\/wpguerssen-test.odoo.rgbconsulting.com\/es\/producto\/lovers-paradise\/#primaryimage"},"thumbnailUrl":"https:\/\/wpguerssen-test.odoo.rgbconsulting.com\/wp-content\/uploads\/2024\/01\/46347-scaled.jpg","datePublished":"2024-03-07T23:00:00+00:00","dateModified":"2024-06-03T17:39:04+00:00","description":"One of the most beloved of reggae vocalists, Dennis Brown was more popular than Marley in his native land and rated 'the Crown Prince' overseas for his excellence. Lover's Paradise is an intriguing compilation of the early 1990s, gathering work for Bunny Lee and colleagues. Along with a retitled 'Have You Ever,' and 'Wild Fire' in the guise of the title track, there is a mix of agreeable love ballads, including Dennis' takes on Carlton and the Shoes' immortal 'Love Me Forever,' and originals such as 'Woman I Tell You No Lie' and the devotional 'Wolga Nagga Fire,' plus there's a hot cut of 'Sleng Teng' too. D Brown fans take note!","breadcrumb":{"@id":"https:\/\/wpguerssen-test.odoo.rgbconsulting.com\/es\/producto\/lovers-paradise\/#breadcrumb"},"inLanguage":"es","potentialAction":[{"@type":"ReadAction","target":["https:\/\/wpguerssen-test.odoo.rgbconsulting.com\/es\/producto\/lovers-paradise\/"]}]},{"@type":"ImageObject","inLanguage":"es","@id":"https:\/\/wpguerssen-test.odoo.rgbconsulting.com\/es\/producto\/lovers-paradise\/#primaryimage","url":"https:\/\/wpguerssen-test.odoo.rgbconsulting.com\/wp-content\/uploads\/2024\/01\/46347-scaled.jpg","contentUrl":"https:\/\/wpguerssen-test.odoo.rgbconsulting.com\/wp-content\/uploads\/2024\/01\/46347-scaled.jpg","width":2530,"height":2560,"caption":"Dennis - Lovers Paradise - RADIATION ROOTS (LP) | Guerssen"},{"@type":"BreadcrumbList","@id":"https:\/\/wpguerssen-test.odoo.rgbconsulting.com\/es\/producto\/lovers-paradise\/#breadcrumb","itemListElement":[{"@type":"ListItem","position":1,"name":"Inicio","item":"https:\/\/wpguerssen-test.odoo.rgbconsulting.com\/es\/"},{"@type":"ListItem","position":2,"name":"Shop","item":"https:\/\/wpguerssen-test.odoo.rgbconsulting.com\/shop\/"},{"@type":"ListItem","position":3,"name":"Lovers Paradise"}]},{"@type":"WebSite","@id":"https:\/\/wpguerssen-test.odoo.rgbconsulting.com\/es\/#website","url":"https:\/\/wpguerssen-test.odoo.rgbconsulting.com\/es\/","name":"Guerssen records","description":"psychedelia - progressive - folk - garage ","publisher":{"@id":"https:\/\/wpguerssen-test.odoo.rgbconsulting.com\/es\/#organization"},"potentialAction":[{"@type":"SearchAction","target":{"@type":"EntryPoint","urlTemplate":"https:\/\/wpguerssen-test.odoo.rgbconsulting.com\/es\/?s={search_term_string}"},"query-input":{"@type":"PropertyValueSpecification","valueRequired":true,"valueName":"search_term_string"}}],"inLanguage":"es"},{"@type":"Organization","@id":"https:\/\/wpguerssen-test.odoo.rgbconsulting.com\/es\/#organization","name":"Guerssen records","url":"https:\/\/wpguerssen-test.odoo.rgbconsulting.com\/es\/","logo":{"@type":"ImageObject","inLanguage":"es","@id":"https:\/\/wpguerssen-test.odoo.rgbconsulting.com\/es\/#\/schema\/logo\/image\/","url":"https:\/\/wpguerssen-test.odoo.rgbconsulting.com\/wp-content\/uploads\/2022\/04\/Logo_Guerssen_trans_100.png","contentUrl":"https:\/\/wpguerssen-test.odoo.rgbconsulting.com\/wp-content\/uploads\/2022\/04\/Logo_Guerssen_trans_100.png","width":122,"height":100,"caption":"Guerssen records"},"image":{"@id":"https:\/\/wpguerssen-test.odoo.rgbconsulting.com\/es\/#\/schema\/logo\/image\/"}}]}},"_links":{"self":[{"href":"https:\/\/wpguerssen-test.odoo.rgbconsulting.com\/es\/wp-json\/wp\/v2\/product\/247758","targetHints":{"allow":["GET"]}}],"collection":[{"href":"https:\/\/wpguerssen-test.odoo.rgbconsulting.com\/es\/wp-json\/wp\/v2\/product"}],"about":[{"href":"https:\/\/wpguerssen-test.odoo.rgbconsulting.com\/es\/wp-json\/wp\/v2\/types\/product"}],"wp:featuredmedia":[{"embeddable":true,"href":"https:\/\/wpguerssen-test.odoo.rgbconsulting.com\/es\/wp-json\/wp\/v2\/media\/249208"}],"wp:attachment":[{"href":"https:\/\/wpguerssen-test.odoo.rgbconsulting.com\/es\/wp-json\/wp\/v2\/media?parent=247758"}],"wp:term":[{"taxonomy":"product_brand","embeddable":true,"href":"https:\/\/wpguerssen-test.odoo.rgbconsulting.com\/es\/wp-json\/wp\/v2\/product_brand?post=247758"},{"taxonomy":"product_cat","embeddable":true,"href":"https:\/\/wpguerssen-test.odoo.rgbconsulting.com\/es\/wp-json\/wp\/v2\/product_cat?post=247758"},{"taxonomy":"product_tag","embeddable":true,"href":"https:\/\/wpguerssen-test.odoo.rgbconsulting.com\/es\/wp-json\/wp\/v2\/product_tag?post=247758"}],"curies":[{"name":"wp","href":"https:\/\/api.w.org\/{rel}","templated":true}]}}