{"id":247760,"date":"2024-01-15T00:00:00","date_gmt":"2024-01-14T23:00:00","guid":{"rendered":"https:\/\/wpguerssen-test.odoo.rgbconsulting.com\/product\/immortal\/"},"modified":"2024-10-01T19:13:04","modified_gmt":"2024-10-01T17:13:04","slug":"immortal","status":"publish","type":"product","link":"https:\/\/wpguerssen-test.odoo.rgbconsulting.com\/es\/producto\/immortal\/","title":{"rendered":"Immortal"},"content":{"rendered":"<p>A principios de la d\u00e9cada de 1980, el estilista toaster de dancehall Earlando Neil se convirti\u00f3 en Early B charlando en los sistemas de sonido Soul Imperial Hi-Fi y King Majesty, consolidando su reputaci\u00f3n en el imponente Kilimanjaro. Con muchos \u00e9xitos antes de su prematura muerte en 1994, la compilaci\u00f3n p\u00f3stuma Immortal fue compilada por Ossie Thomas, el productor de algunos de los mejores trabajos de B. Se incluyen el gran \u00e9xito &#8216;Gateman Get Fraid&#8217;, el inconexo &#8216;Imitator&#8217;, el tristemente prof\u00e9tico &#8216;If You A Coward Leave Out Badness&#8217; y el saludable &#8216;Honourable Nesta Marley&#8217;. Destacando la destreza l\u00edrica de Early B, Immortal hace honor a su autor.<\/p>\n","protected":false},"excerpt":{"rendered":"<p>A principios de la d\u00e9cada de 1980, el estilista toaster de dancehall Earlando Neil se convirti\u00f3 en Early B charlando en los sistemas de sonido Soul Imperial Hi-Fi<a class=\"read\" href=\"https:\/\/wpguerssen-test.odoo.rgbconsulting.com\/es\/producto\/immortal\/\"> (...)<\/a>","protected":false},"featured_media":249212,"template":"","meta":{"_acf_changed":false},"product_brand":[],"product_cat":[21666],"product_tag":[],"class_list":{"0":"post-247760","1":"product","2":"type-product","3":"status-publish","4":"has-post-thumbnail","6":"product_cat-reggae-ska-dub-es","7":"pa_artist-early-b","8":"pa_format-lp-es","9":"pa_gender-reggae-ska-dub","10":"pa_label-radiation-roots-es","11":"pa_location-south-america-caribbean-es","12":"pa_other-filters-vinyl-only-es","14":"first","15":"instock","16":"taxable","17":"shipping-taxable","18":"purchasable","19":"product-type-simple"},"acf":[],"yoast_head":"<!-- This site is optimized with the Yoast SEO plugin v24.9 - https:\/\/yoast.com\/wordpress\/plugins\/seo\/ -->\n<title>EARLY B - Immortal -  (LP) | Guerssen<\/title>\n<meta name=\"description\" content=\"During the early 1980s, stylistic dancehall toaster Earlando Neil became Early B chatting on the sound systems Soul Imperial Hi-Fi and King Majesty, consolidating his reputation on the mighty Kilimanjaro. Scoring many hits before his untimely death in 1994, the posthumous compilation Immortal was compiled by Ossie Thomas, the producer of some of B&#039;s greatest work; highlights include the smash hit &#039;Gateman Get Fraid,&#039; the desultory &#039;Imitator,&#039; the sadly prescient &#039;If You A Coward Leave Out Badness&#039; and the salutary &#039;Honourable Nesta Marley.&#039; Highlighting Early B&#039;s lyrical prowess, Immortal lives up to its title for sure.\" \/>\n<meta name=\"robots\" content=\"index, follow, max-snippet:-1, max-image-preview:large, max-video-preview:-1\" \/>\n<link rel=\"canonical\" href=\"https:\/\/wpguerssen-test.odoo.rgbconsulting.com\/es\/producto\/immortal\/\" \/>\n<meta property=\"og:locale\" content=\"es_ES\" \/>\n<meta property=\"og:type\" content=\"article\" \/>\n<meta property=\"og:title\" content=\"EARLY B - Immortal -  (LP) | Guerssen\" \/>\n<meta property=\"og:description\" content=\"During the early 1980s, stylistic dancehall toaster Earlando Neil became Early B chatting on the sound systems Soul Imperial Hi-Fi and King Majesty, consolidating his reputation on the mighty Kilimanjaro. Scoring many hits before his untimely death in 1994, the posthumous compilation Immortal was compiled by Ossie Thomas, the producer of some of B&#039;s greatest work; highlights include the smash hit &#039;Gateman Get Fraid,&#039; the desultory &#039;Imitator,&#039; the sadly prescient &#039;If You A Coward Leave Out Badness&#039; and the salutary &#039;Honourable Nesta Marley.&#039; Highlighting Early B&#039;s lyrical prowess, Immortal lives up to its title for sure.\" \/>\n<meta property=\"og:url\" content=\"https:\/\/wpguerssen-test.odoo.rgbconsulting.com\/es\/producto\/immortal\/\" \/>\n<meta property=\"og:site_name\" content=\"Guerssen records\" \/>\n<meta property=\"article:modified_time\" content=\"2024-10-01T17:13:04+00:00\" \/>\n<meta property=\"og:image\" content=\"https:\/\/wpguerssen-test.odoo.rgbconsulting.com\/wp-content\/uploads\/2024\/01\/46349-1024x1018.jpg\" \/>\n\t<meta property=\"og:image:width\" content=\"1024\" \/>\n\t<meta property=\"og:image:height\" content=\"1018\" \/>\n\t<meta property=\"og:image:type\" content=\"image\/jpeg\" \/>\n<meta name=\"twitter:card\" content=\"summary_large_image\" \/>\n<meta name=\"twitter:title\" content=\"EARLY B - Immortal -  (LP) | Guerssen\" \/>\n<meta name=\"twitter:label1\" content=\"Tiempo de lectura\" \/>\n\t<meta name=\"twitter:data1\" content=\"1 minuto\" \/>\n<script type=\"application\/ld+json\" class=\"yoast-schema-graph\">{\"@context\":\"https:\/\/schema.org\",\"@graph\":[{\"@type\":\"WebPage\",\"@id\":\"https:\/\/wpguerssen-test.odoo.rgbconsulting.com\/es\/producto\/immortal\/\",\"url\":\"https:\/\/wpguerssen-test.odoo.rgbconsulting.com\/es\/producto\/immortal\/\",\"name\":\"EARLY B - Immortal - (LP) | Guerssen\",\"isPartOf\":{\"@id\":\"https:\/\/wpguerssen-test.odoo.rgbconsulting.com\/es\/#website\"},\"primaryImageOfPage\":{\"@id\":\"https:\/\/wpguerssen-test.odoo.rgbconsulting.com\/es\/producto\/immortal\/#primaryimage\"},\"image\":{\"@id\":\"https:\/\/wpguerssen-test.odoo.rgbconsulting.com\/es\/producto\/immortal\/#primaryimage\"},\"thumbnailUrl\":\"https:\/\/wpguerssen-test.odoo.rgbconsulting.com\/wp-content\/uploads\/2024\/01\/46349-scaled.jpg\",\"datePublished\":\"2024-01-14T23:00:00+00:00\",\"dateModified\":\"2024-10-01T17:13:04+00:00\",\"description\":\"During the early 1980s, stylistic dancehall toaster Earlando Neil became Early B chatting on the sound systems Soul Imperial Hi-Fi and King Majesty, consolidating his reputation on the mighty Kilimanjaro. Scoring many hits before his untimely death in 1994, the posthumous compilation Immortal was compiled by Ossie Thomas, the producer of some of B's greatest work; highlights include the smash hit 'Gateman Get Fraid,' the desultory 'Imitator,' the sadly prescient 'If You A Coward Leave Out Badness' and the salutary 'Honourable Nesta Marley.' Highlighting Early B's lyrical prowess, Immortal lives up to its title for sure.\",\"breadcrumb\":{\"@id\":\"https:\/\/wpguerssen-test.odoo.rgbconsulting.com\/es\/producto\/immortal\/#breadcrumb\"},\"inLanguage\":\"es\",\"potentialAction\":[{\"@type\":\"ReadAction\",\"target\":[\"https:\/\/wpguerssen-test.odoo.rgbconsulting.com\/es\/producto\/immortal\/\"]}]},{\"@type\":\"ImageObject\",\"inLanguage\":\"es\",\"@id\":\"https:\/\/wpguerssen-test.odoo.rgbconsulting.com\/es\/producto\/immortal\/#primaryimage\",\"url\":\"https:\/\/wpguerssen-test.odoo.rgbconsulting.com\/wp-content\/uploads\/2024\/01\/46349-scaled.jpg\",\"contentUrl\":\"https:\/\/wpguerssen-test.odoo.rgbconsulting.com\/wp-content\/uploads\/2024\/01\/46349-scaled.jpg\",\"width\":2560,\"height\":2544},{\"@type\":\"BreadcrumbList\",\"@id\":\"https:\/\/wpguerssen-test.odoo.rgbconsulting.com\/es\/producto\/immortal\/#breadcrumb\",\"itemListElement\":[{\"@type\":\"ListItem\",\"position\":1,\"name\":\"Inicio\",\"item\":\"https:\/\/wpguerssen-test.odoo.rgbconsulting.com\/es\/\"},{\"@type\":\"ListItem\",\"position\":2,\"name\":\"Shop\",\"item\":\"https:\/\/wpguerssen-test.odoo.rgbconsulting.com\/shop\/\"},{\"@type\":\"ListItem\",\"position\":3,\"name\":\"Immortal\"}]},{\"@type\":\"WebSite\",\"@id\":\"https:\/\/wpguerssen-test.odoo.rgbconsulting.com\/es\/#website\",\"url\":\"https:\/\/wpguerssen-test.odoo.rgbconsulting.com\/es\/\",\"name\":\"Guerssen records\",\"description\":\"psychedelia - progressive - folk - garage \",\"publisher\":{\"@id\":\"https:\/\/wpguerssen-test.odoo.rgbconsulting.com\/es\/#organization\"},\"potentialAction\":[{\"@type\":\"SearchAction\",\"target\":{\"@type\":\"EntryPoint\",\"urlTemplate\":\"https:\/\/wpguerssen-test.odoo.rgbconsulting.com\/es\/?s={search_term_string}\"},\"query-input\":{\"@type\":\"PropertyValueSpecification\",\"valueRequired\":true,\"valueName\":\"search_term_string\"}}],\"inLanguage\":\"es\"},{\"@type\":\"Organization\",\"@id\":\"https:\/\/wpguerssen-test.odoo.rgbconsulting.com\/es\/#organization\",\"name\":\"Guerssen records\",\"url\":\"https:\/\/wpguerssen-test.odoo.rgbconsulting.com\/es\/\",\"logo\":{\"@type\":\"ImageObject\",\"inLanguage\":\"es\",\"@id\":\"https:\/\/wpguerssen-test.odoo.rgbconsulting.com\/es\/#\/schema\/logo\/image\/\",\"url\":\"https:\/\/wpguerssen-test.odoo.rgbconsulting.com\/wp-content\/uploads\/2022\/04\/Logo_Guerssen_trans_100.png\",\"contentUrl\":\"https:\/\/wpguerssen-test.odoo.rgbconsulting.com\/wp-content\/uploads\/2022\/04\/Logo_Guerssen_trans_100.png\",\"width\":122,\"height\":100,\"caption\":\"Guerssen records\"},\"image\":{\"@id\":\"https:\/\/wpguerssen-test.odoo.rgbconsulting.com\/es\/#\/schema\/logo\/image\/\"}}]}<\/script>\n<!-- \/ Yoast SEO plugin. -->","yoast_head_json":{"title":"EARLY B - Immortal -  (LP) | Guerssen","description":"During the early 1980s, stylistic dancehall toaster Earlando Neil became Early B chatting on the sound systems Soul Imperial Hi-Fi and King Majesty, consolidating his reputation on the mighty Kilimanjaro. Scoring many hits before his untimely death in 1994, the posthumous compilation Immortal was compiled by Ossie Thomas, the producer of some of B's greatest work; highlights include the smash hit 'Gateman Get Fraid,' the desultory 'Imitator,' the sadly prescient 'If You A Coward Leave Out Badness' and the salutary 'Honourable Nesta Marley.' Highlighting Early B's lyrical prowess, Immortal lives up to its title for sure.","robots":{"index":"index","follow":"follow","max-snippet":"max-snippet:-1","max-image-preview":"max-image-preview:large","max-video-preview":"max-video-preview:-1"},"canonical":"https:\/\/wpguerssen-test.odoo.rgbconsulting.com\/es\/producto\/immortal\/","og_locale":"es_ES","og_type":"article","og_title":"EARLY B - Immortal -  (LP) | Guerssen","og_description":"During the early 1980s, stylistic dancehall toaster Earlando Neil became Early B chatting on the sound systems Soul Imperial Hi-Fi and King Majesty, consolidating his reputation on the mighty Kilimanjaro. Scoring many hits before his untimely death in 1994, the posthumous compilation Immortal was compiled by Ossie Thomas, the producer of some of B's greatest work; highlights include the smash hit 'Gateman Get Fraid,' the desultory 'Imitator,' the sadly prescient 'If You A Coward Leave Out Badness' and the salutary 'Honourable Nesta Marley.' Highlighting Early B's lyrical prowess, Immortal lives up to its title for sure.","og_url":"https:\/\/wpguerssen-test.odoo.rgbconsulting.com\/es\/producto\/immortal\/","og_site_name":"Guerssen records","article_modified_time":"2024-10-01T17:13:04+00:00","og_image":[{"width":1024,"height":1018,"url":"https:\/\/wpguerssen-test.odoo.rgbconsulting.com\/wp-content\/uploads\/2024\/01\/46349-1024x1018.jpg","type":"image\/jpeg"}],"twitter_card":"summary_large_image","twitter_title":"EARLY B - Immortal -  (LP) | Guerssen","twitter_misc":{"Tiempo de lectura":"1 minuto"},"schema":{"@context":"https:\/\/schema.org","@graph":[{"@type":"WebPage","@id":"https:\/\/wpguerssen-test.odoo.rgbconsulting.com\/es\/producto\/immortal\/","url":"https:\/\/wpguerssen-test.odoo.rgbconsulting.com\/es\/producto\/immortal\/","name":"EARLY B - Immortal - (LP) | Guerssen","isPartOf":{"@id":"https:\/\/wpguerssen-test.odoo.rgbconsulting.com\/es\/#website"},"primaryImageOfPage":{"@id":"https:\/\/wpguerssen-test.odoo.rgbconsulting.com\/es\/producto\/immortal\/#primaryimage"},"image":{"@id":"https:\/\/wpguerssen-test.odoo.rgbconsulting.com\/es\/producto\/immortal\/#primaryimage"},"thumbnailUrl":"https:\/\/wpguerssen-test.odoo.rgbconsulting.com\/wp-content\/uploads\/2024\/01\/46349-scaled.jpg","datePublished":"2024-01-14T23:00:00+00:00","dateModified":"2024-10-01T17:13:04+00:00","description":"During the early 1980s, stylistic dancehall toaster Earlando Neil became Early B chatting on the sound systems Soul Imperial Hi-Fi and King Majesty, consolidating his reputation on the mighty Kilimanjaro. Scoring many hits before his untimely death in 1994, the posthumous compilation Immortal was compiled by Ossie Thomas, the producer of some of B's greatest work; highlights include the smash hit 'Gateman Get Fraid,' the desultory 'Imitator,' the sadly prescient 'If You A Coward Leave Out Badness' and the salutary 'Honourable Nesta Marley.' Highlighting Early B's lyrical prowess, Immortal lives up to its title for sure.","breadcrumb":{"@id":"https:\/\/wpguerssen-test.odoo.rgbconsulting.com\/es\/producto\/immortal\/#breadcrumb"},"inLanguage":"es","potentialAction":[{"@type":"ReadAction","target":["https:\/\/wpguerssen-test.odoo.rgbconsulting.com\/es\/producto\/immortal\/"]}]},{"@type":"ImageObject","inLanguage":"es","@id":"https:\/\/wpguerssen-test.odoo.rgbconsulting.com\/es\/producto\/immortal\/#primaryimage","url":"https:\/\/wpguerssen-test.odoo.rgbconsulting.com\/wp-content\/uploads\/2024\/01\/46349-scaled.jpg","contentUrl":"https:\/\/wpguerssen-test.odoo.rgbconsulting.com\/wp-content\/uploads\/2024\/01\/46349-scaled.jpg","width":2560,"height":2544},{"@type":"BreadcrumbList","@id":"https:\/\/wpguerssen-test.odoo.rgbconsulting.com\/es\/producto\/immortal\/#breadcrumb","itemListElement":[{"@type":"ListItem","position":1,"name":"Inicio","item":"https:\/\/wpguerssen-test.odoo.rgbconsulting.com\/es\/"},{"@type":"ListItem","position":2,"name":"Shop","item":"https:\/\/wpguerssen-test.odoo.rgbconsulting.com\/shop\/"},{"@type":"ListItem","position":3,"name":"Immortal"}]},{"@type":"WebSite","@id":"https:\/\/wpguerssen-test.odoo.rgbconsulting.com\/es\/#website","url":"https:\/\/wpguerssen-test.odoo.rgbconsulting.com\/es\/","name":"Guerssen records","description":"psychedelia - progressive - folk - garage ","publisher":{"@id":"https:\/\/wpguerssen-test.odoo.rgbconsulting.com\/es\/#organization"},"potentialAction":[{"@type":"SearchAction","target":{"@type":"EntryPoint","urlTemplate":"https:\/\/wpguerssen-test.odoo.rgbconsulting.com\/es\/?s={search_term_string}"},"query-input":{"@type":"PropertyValueSpecification","valueRequired":true,"valueName":"search_term_string"}}],"inLanguage":"es"},{"@type":"Organization","@id":"https:\/\/wpguerssen-test.odoo.rgbconsulting.com\/es\/#organization","name":"Guerssen records","url":"https:\/\/wpguerssen-test.odoo.rgbconsulting.com\/es\/","logo":{"@type":"ImageObject","inLanguage":"es","@id":"https:\/\/wpguerssen-test.odoo.rgbconsulting.com\/es\/#\/schema\/logo\/image\/","url":"https:\/\/wpguerssen-test.odoo.rgbconsulting.com\/wp-content\/uploads\/2022\/04\/Logo_Guerssen_trans_100.png","contentUrl":"https:\/\/wpguerssen-test.odoo.rgbconsulting.com\/wp-content\/uploads\/2022\/04\/Logo_Guerssen_trans_100.png","width":122,"height":100,"caption":"Guerssen records"},"image":{"@id":"https:\/\/wpguerssen-test.odoo.rgbconsulting.com\/es\/#\/schema\/logo\/image\/"}}]}},"_links":{"self":[{"href":"https:\/\/wpguerssen-test.odoo.rgbconsulting.com\/es\/wp-json\/wp\/v2\/product\/247760","targetHints":{"allow":["GET"]}}],"collection":[{"href":"https:\/\/wpguerssen-test.odoo.rgbconsulting.com\/es\/wp-json\/wp\/v2\/product"}],"about":[{"href":"https:\/\/wpguerssen-test.odoo.rgbconsulting.com\/es\/wp-json\/wp\/v2\/types\/product"}],"wp:featuredmedia":[{"embeddable":true,"href":"https:\/\/wpguerssen-test.odoo.rgbconsulting.com\/es\/wp-json\/wp\/v2\/media\/249212"}],"wp:attachment":[{"href":"https:\/\/wpguerssen-test.odoo.rgbconsulting.com\/es\/wp-json\/wp\/v2\/media?parent=247760"}],"wp:term":[{"taxonomy":"product_brand","embeddable":true,"href":"https:\/\/wpguerssen-test.odoo.rgbconsulting.com\/es\/wp-json\/wp\/v2\/product_brand?post=247760"},{"taxonomy":"product_cat","embeddable":true,"href":"https:\/\/wpguerssen-test.odoo.rgbconsulting.com\/es\/wp-json\/wp\/v2\/product_cat?post=247760"},{"taxonomy":"product_tag","embeddable":true,"href":"https:\/\/wpguerssen-test.odoo.rgbconsulting.com\/es\/wp-json\/wp\/v2\/product_tag?post=247760"}],"curies":[{"name":"wp","href":"https:\/\/api.w.org\/{rel}","templated":true}]}}