{"id":247769,"date":"2024-01-15T00:00:00","date_gmt":"2024-01-14T23:00:00","guid":{"rendered":"https:\/\/wpguerssen-test.odoo.rgbconsulting.com\/product\/collected-works-2\/"},"modified":"2024-06-03T19:39:43","modified_gmt":"2024-06-03T17:39:43","slug":"collected-works-2","status":"publish","type":"product","link":"https:\/\/wpguerssen-test.odoo.rgbconsulting.com\/es\/producto\/collected-works-2\/","title":{"rendered":"Collected Works"},"content":{"rendered":"<p>The Word es uno de los secretos mejor guardados de la m\u00fasica disco austriaca de los a\u00f1os 80. Sin embargo, una vez que pones la aguja en este disco, notas que suena extra\u00f1amente familiar. La impresionante pieza emblem\u00e1tica \u00abLobster\u00bb tiene la misma est\u00e9tica anal\u00f3gica y de movimiento lento que la atemporal \u00abWaiting\u00bb de Zenit que apareci\u00f3 en el primer lanzamiento de Edition Hawara.<br \/>Lo mismo ocurre con las otras tres canciones protoelectr\u00f3nicas maravillosamente poco convencionales: \u00abEasy\u00bb, \u00abAll My Life\u00bb y la hom\u00f3nima \u00abThe Word\u00bb. Y hay a\u00fan m\u00e1s puntos en com\u00fan con el LP de Zenit: en las voces est\u00e1 Linda Sharrock, quien aqu\u00ed se asoci\u00f3 con Karl \u00abCharly\u00bb Ratzer y Peter Ponger, el hermano gemelo del legendario productor de Falco, Robert Ponger.<br \/>El resultado de esta colaboraci\u00f3n es , bueno, tambi\u00e9n bastante legendario. C\u00f3mo surgi\u00f3 este tipo de sonido en Viena en 1984 sigue siendo un misterio, pero est\u00e1 claro que todas las estrellas estaban alineadas cuando Sharrock, Ratzer y Ponger tocaban en el estudio. Estamos muy orgullosos de compartir este secreto con usted.<\/p>\n","protected":false},"excerpt":{"rendered":"<p>The Word es uno de los secretos mejor guardados de la m\u00fasica disco austriaca de los a\u00f1os 80. Sin embargo, una vez que pones la aguja en este disco, notas que suena<a class=\"read\" href=\"https:\/\/wpguerssen-test.odoo.rgbconsulting.com\/es\/producto\/collected-works-2\/\"> (...)<\/a>","protected":false},"featured_media":249111,"template":"","meta":{"_acf_changed":false},"product_brand":[],"product_cat":[23228,23265],"product_tag":[],"class_list":{"0":"post-247769","1":"product","2":"type-product","3":"status-publish","4":"has-post-thumbnail","6":"product_cat-jazz-funk-es","7":"product_cat-disco-cosmic-italo-es","8":"pa_artist-word-austria-the","9":"pa_format-lp-es","10":"pa_gender-jazz-funk-disco-cosmic-italo","11":"pa_label-edition-awara","12":"pa_location-europe-es","13":"pa_other-filters-vinyl-only-es","15":"first","16":"instock","17":"taxable","18":"shipping-taxable","19":"purchasable","20":"product-type-simple"},"acf":[],"yoast_head":"<!-- This site is optimized with the Yoast SEO plugin v24.9 - https:\/\/yoast.com\/wordpress\/plugins\/seo\/ -->\n<title>WORD (Austria), The - Collected Works -  (LP) | Guerssen<\/title>\n<meta name=\"description\" content=\"The Word is one of the better-kept secrets of 1980s Austrian disco music. Yet once you put the needle on this record, you notice that it sounds oddly familiar. The awe-inspiring signature piece &quot;Lobster&quot; has the same analogue, slow-moving aesthetic as Zenit&#039;s timeless &quot;Waiting&quot; that was featured on Edition Hawara&#039;s first release.The same goes for the three other wonderfully unconventional, proto-electronic songs: &quot;Easy&quot;, &quot;All My Life&quot; and the eponymous &quot;The Word&quot;. And there are even more commonalities with Zenit&#039;s LP: on the vocals are Linda Sharrock, who here teamed up with Karl &quot;Charly&quot; Ratzer and Peter Ponger, the twin brother of legendary Falco producer Robert Ponger.The result of this collaboration is, well, also quite legendary. How this kind of sound emerged in Vienna in 1984 is still a bit of a mystery, but clearly all the stars were aligned when Sharrock, Ratzer and Ponger were jamming in the studio. We are very proud to share this secret with you.Just as there are very few lobsters in landlocked Vienna, there are very few records like this out there.\" \/>\n<meta name=\"robots\" content=\"index, follow, max-snippet:-1, max-image-preview:large, max-video-preview:-1\" \/>\n<link rel=\"canonical\" href=\"https:\/\/wpguerssen-test.odoo.rgbconsulting.com\/es\/producto\/collected-works-2\/\" \/>\n<meta property=\"og:locale\" content=\"es_ES\" \/>\n<meta property=\"og:type\" content=\"article\" \/>\n<meta property=\"og:title\" content=\"WORD (Austria), The - Collected Works -  (LP) | Guerssen\" \/>\n<meta property=\"og:description\" content=\"The Word is one of the better-kept secrets of 1980s Austrian disco music. Yet once you put the needle on this record, you notice that it sounds oddly familiar. The awe-inspiring signature piece &quot;Lobster&quot; has the same analogue, slow-moving aesthetic as Zenit&#039;s timeless &quot;Waiting&quot; that was featured on Edition Hawara&#039;s first release.The same goes for the three other wonderfully unconventional, proto-electronic songs: &quot;Easy&quot;, &quot;All My Life&quot; and the eponymous &quot;The Word&quot;. And there are even more commonalities with Zenit&#039;s LP: on the vocals are Linda Sharrock, who here teamed up with Karl &quot;Charly&quot; Ratzer and Peter Ponger, the twin brother of legendary Falco producer Robert Ponger.The result of this collaboration is, well, also quite legendary. How this kind of sound emerged in Vienna in 1984 is still a bit of a mystery, but clearly all the stars were aligned when Sharrock, Ratzer and Ponger were jamming in the studio. We are very proud to share this secret with you.Just as there are very few lobsters in landlocked Vienna, there are very few records like this out there.\" \/>\n<meta property=\"og:url\" content=\"https:\/\/wpguerssen-test.odoo.rgbconsulting.com\/es\/producto\/collected-works-2\/\" \/>\n<meta property=\"og:site_name\" content=\"Guerssen records\" \/>\n<meta property=\"article:modified_time\" content=\"2024-06-03T17:39:43+00:00\" \/>\n<meta property=\"og:image\" content=\"https:\/\/wpguerssen-test.odoo.rgbconsulting.com\/wp-content\/uploads\/2024\/01\/46358.jpg\" \/>\n\t<meta property=\"og:image:width\" content=\"1440\" \/>\n\t<meta property=\"og:image:height\" content=\"1475\" \/>\n\t<meta property=\"og:image:type\" content=\"image\/jpeg\" \/>\n<meta name=\"twitter:card\" content=\"summary_large_image\" \/>\n<meta name=\"twitter:title\" content=\"WORD (Austria), The - Collected Works -  (LP) | Guerssen\" \/>\n<meta name=\"twitter:label1\" content=\"Tiempo de lectura\" \/>\n\t<meta name=\"twitter:data1\" content=\"1 minuto\" \/>\n<script type=\"application\/ld+json\" class=\"yoast-schema-graph\">{\"@context\":\"https:\/\/schema.org\",\"@graph\":[{\"@type\":\"WebPage\",\"@id\":\"https:\/\/wpguerssen-test.odoo.rgbconsulting.com\/es\/producto\/collected-works-2\/\",\"url\":\"https:\/\/wpguerssen-test.odoo.rgbconsulting.com\/es\/producto\/collected-works-2\/\",\"name\":\"WORD (Austria), The - Collected Works - (LP) | Guerssen\",\"isPartOf\":{\"@id\":\"https:\/\/wpguerssen-test.odoo.rgbconsulting.com\/es\/#website\"},\"primaryImageOfPage\":{\"@id\":\"https:\/\/wpguerssen-test.odoo.rgbconsulting.com\/es\/producto\/collected-works-2\/#primaryimage\"},\"image\":{\"@id\":\"https:\/\/wpguerssen-test.odoo.rgbconsulting.com\/es\/producto\/collected-works-2\/#primaryimage\"},\"thumbnailUrl\":\"https:\/\/wpguerssen-test.odoo.rgbconsulting.com\/wp-content\/uploads\/2024\/01\/46358.jpg\",\"datePublished\":\"2024-01-14T23:00:00+00:00\",\"dateModified\":\"2024-06-03T17:39:43+00:00\",\"description\":\"The Word is one of the better-kept secrets of 1980s Austrian disco music. Yet once you put the needle on this record, you notice that it sounds oddly familiar. The awe-inspiring signature piece \\\"Lobster\\\" has the same analogue, slow-moving aesthetic as Zenit's timeless \\\"Waiting\\\" that was featured on Edition Hawara's first release.The same goes for the three other wonderfully unconventional, proto-electronic songs: \\\"Easy\\\", \\\"All My Life\\\" and the eponymous \\\"The Word\\\". And there are even more commonalities with Zenit's LP: on the vocals are Linda Sharrock, who here teamed up with Karl \\\"Charly\\\" Ratzer and Peter Ponger, the twin brother of legendary Falco producer Robert Ponger.The result of this collaboration is, well, also quite legendary. How this kind of sound emerged in Vienna in 1984 is still a bit of a mystery, but clearly all the stars were aligned when Sharrock, Ratzer and Ponger were jamming in the studio. We are very proud to share this secret with you.Just as there are very few lobsters in landlocked Vienna, there are very few records like this out there.\",\"breadcrumb\":{\"@id\":\"https:\/\/wpguerssen-test.odoo.rgbconsulting.com\/es\/producto\/collected-works-2\/#breadcrumb\"},\"inLanguage\":\"es\",\"potentialAction\":[{\"@type\":\"ReadAction\",\"target\":[\"https:\/\/wpguerssen-test.odoo.rgbconsulting.com\/es\/producto\/collected-works-2\/\"]}]},{\"@type\":\"ImageObject\",\"inLanguage\":\"es\",\"@id\":\"https:\/\/wpguerssen-test.odoo.rgbconsulting.com\/es\/producto\/collected-works-2\/#primaryimage\",\"url\":\"https:\/\/wpguerssen-test.odoo.rgbconsulting.com\/wp-content\/uploads\/2024\/01\/46358.jpg\",\"contentUrl\":\"https:\/\/wpguerssen-test.odoo.rgbconsulting.com\/wp-content\/uploads\/2024\/01\/46358.jpg\",\"width\":1440,\"height\":1475,\"caption\":\"The - Collected Works - EDITION AWARA (LP) | Guerssen\"},{\"@type\":\"BreadcrumbList\",\"@id\":\"https:\/\/wpguerssen-test.odoo.rgbconsulting.com\/es\/producto\/collected-works-2\/#breadcrumb\",\"itemListElement\":[{\"@type\":\"ListItem\",\"position\":1,\"name\":\"Inicio\",\"item\":\"https:\/\/wpguerssen-test.odoo.rgbconsulting.com\/es\/\"},{\"@type\":\"ListItem\",\"position\":2,\"name\":\"Shop\",\"item\":\"https:\/\/wpguerssen-test.odoo.rgbconsulting.com\/shop\/\"},{\"@type\":\"ListItem\",\"position\":3,\"name\":\"Collected Works\"}]},{\"@type\":\"WebSite\",\"@id\":\"https:\/\/wpguerssen-test.odoo.rgbconsulting.com\/es\/#website\",\"url\":\"https:\/\/wpguerssen-test.odoo.rgbconsulting.com\/es\/\",\"name\":\"Guerssen records\",\"description\":\"psychedelia - progressive - folk - garage \",\"publisher\":{\"@id\":\"https:\/\/wpguerssen-test.odoo.rgbconsulting.com\/es\/#organization\"},\"potentialAction\":[{\"@type\":\"SearchAction\",\"target\":{\"@type\":\"EntryPoint\",\"urlTemplate\":\"https:\/\/wpguerssen-test.odoo.rgbconsulting.com\/es\/?s={search_term_string}\"},\"query-input\":{\"@type\":\"PropertyValueSpecification\",\"valueRequired\":true,\"valueName\":\"search_term_string\"}}],\"inLanguage\":\"es\"},{\"@type\":\"Organization\",\"@id\":\"https:\/\/wpguerssen-test.odoo.rgbconsulting.com\/es\/#organization\",\"name\":\"Guerssen records\",\"url\":\"https:\/\/wpguerssen-test.odoo.rgbconsulting.com\/es\/\",\"logo\":{\"@type\":\"ImageObject\",\"inLanguage\":\"es\",\"@id\":\"https:\/\/wpguerssen-test.odoo.rgbconsulting.com\/es\/#\/schema\/logo\/image\/\",\"url\":\"https:\/\/wpguerssen-test.odoo.rgbconsulting.com\/wp-content\/uploads\/2022\/04\/Logo_Guerssen_trans_100.png\",\"contentUrl\":\"https:\/\/wpguerssen-test.odoo.rgbconsulting.com\/wp-content\/uploads\/2022\/04\/Logo_Guerssen_trans_100.png\",\"width\":122,\"height\":100,\"caption\":\"Guerssen records\"},\"image\":{\"@id\":\"https:\/\/wpguerssen-test.odoo.rgbconsulting.com\/es\/#\/schema\/logo\/image\/\"}}]}<\/script>\n<!-- \/ Yoast SEO plugin. -->","yoast_head_json":{"title":"WORD (Austria), The - Collected Works -  (LP) | Guerssen","description":"The Word is one of the better-kept secrets of 1980s Austrian disco music. Yet once you put the needle on this record, you notice that it sounds oddly familiar. The awe-inspiring signature piece \"Lobster\" has the same analogue, slow-moving aesthetic as Zenit's timeless \"Waiting\" that was featured on Edition Hawara's first release.The same goes for the three other wonderfully unconventional, proto-electronic songs: \"Easy\", \"All My Life\" and the eponymous \"The Word\". And there are even more commonalities with Zenit's LP: on the vocals are Linda Sharrock, who here teamed up with Karl \"Charly\" Ratzer and Peter Ponger, the twin brother of legendary Falco producer Robert Ponger.The result of this collaboration is, well, also quite legendary. How this kind of sound emerged in Vienna in 1984 is still a bit of a mystery, but clearly all the stars were aligned when Sharrock, Ratzer and Ponger were jamming in the studio. We are very proud to share this secret with you.Just as there are very few lobsters in landlocked Vienna, there are very few records like this out there.","robots":{"index":"index","follow":"follow","max-snippet":"max-snippet:-1","max-image-preview":"max-image-preview:large","max-video-preview":"max-video-preview:-1"},"canonical":"https:\/\/wpguerssen-test.odoo.rgbconsulting.com\/es\/producto\/collected-works-2\/","og_locale":"es_ES","og_type":"article","og_title":"WORD (Austria), The - Collected Works -  (LP) | Guerssen","og_description":"The Word is one of the better-kept secrets of 1980s Austrian disco music. Yet once you put the needle on this record, you notice that it sounds oddly familiar. The awe-inspiring signature piece \"Lobster\" has the same analogue, slow-moving aesthetic as Zenit's timeless \"Waiting\" that was featured on Edition Hawara's first release.The same goes for the three other wonderfully unconventional, proto-electronic songs: \"Easy\", \"All My Life\" and the eponymous \"The Word\". And there are even more commonalities with Zenit's LP: on the vocals are Linda Sharrock, who here teamed up with Karl \"Charly\" Ratzer and Peter Ponger, the twin brother of legendary Falco producer Robert Ponger.The result of this collaboration is, well, also quite legendary. How this kind of sound emerged in Vienna in 1984 is still a bit of a mystery, but clearly all the stars were aligned when Sharrock, Ratzer and Ponger were jamming in the studio. We are very proud to share this secret with you.Just as there are very few lobsters in landlocked Vienna, there are very few records like this out there.","og_url":"https:\/\/wpguerssen-test.odoo.rgbconsulting.com\/es\/producto\/collected-works-2\/","og_site_name":"Guerssen records","article_modified_time":"2024-06-03T17:39:43+00:00","og_image":[{"width":1440,"height":1475,"url":"https:\/\/wpguerssen-test.odoo.rgbconsulting.com\/wp-content\/uploads\/2024\/01\/46358.jpg","type":"image\/jpeg"}],"twitter_card":"summary_large_image","twitter_title":"WORD (Austria), The - Collected Works -  (LP) | Guerssen","twitter_misc":{"Tiempo de lectura":"1 minuto"},"schema":{"@context":"https:\/\/schema.org","@graph":[{"@type":"WebPage","@id":"https:\/\/wpguerssen-test.odoo.rgbconsulting.com\/es\/producto\/collected-works-2\/","url":"https:\/\/wpguerssen-test.odoo.rgbconsulting.com\/es\/producto\/collected-works-2\/","name":"WORD (Austria), The - Collected Works - (LP) | Guerssen","isPartOf":{"@id":"https:\/\/wpguerssen-test.odoo.rgbconsulting.com\/es\/#website"},"primaryImageOfPage":{"@id":"https:\/\/wpguerssen-test.odoo.rgbconsulting.com\/es\/producto\/collected-works-2\/#primaryimage"},"image":{"@id":"https:\/\/wpguerssen-test.odoo.rgbconsulting.com\/es\/producto\/collected-works-2\/#primaryimage"},"thumbnailUrl":"https:\/\/wpguerssen-test.odoo.rgbconsulting.com\/wp-content\/uploads\/2024\/01\/46358.jpg","datePublished":"2024-01-14T23:00:00+00:00","dateModified":"2024-06-03T17:39:43+00:00","description":"The Word is one of the better-kept secrets of 1980s Austrian disco music. Yet once you put the needle on this record, you notice that it sounds oddly familiar. The awe-inspiring signature piece \"Lobster\" has the same analogue, slow-moving aesthetic as Zenit's timeless \"Waiting\" that was featured on Edition Hawara's first release.The same goes for the three other wonderfully unconventional, proto-electronic songs: \"Easy\", \"All My Life\" and the eponymous \"The Word\". And there are even more commonalities with Zenit's LP: on the vocals are Linda Sharrock, who here teamed up with Karl \"Charly\" Ratzer and Peter Ponger, the twin brother of legendary Falco producer Robert Ponger.The result of this collaboration is, well, also quite legendary. How this kind of sound emerged in Vienna in 1984 is still a bit of a mystery, but clearly all the stars were aligned when Sharrock, Ratzer and Ponger were jamming in the studio. We are very proud to share this secret with you.Just as there are very few lobsters in landlocked Vienna, there are very few records like this out there.","breadcrumb":{"@id":"https:\/\/wpguerssen-test.odoo.rgbconsulting.com\/es\/producto\/collected-works-2\/#breadcrumb"},"inLanguage":"es","potentialAction":[{"@type":"ReadAction","target":["https:\/\/wpguerssen-test.odoo.rgbconsulting.com\/es\/producto\/collected-works-2\/"]}]},{"@type":"ImageObject","inLanguage":"es","@id":"https:\/\/wpguerssen-test.odoo.rgbconsulting.com\/es\/producto\/collected-works-2\/#primaryimage","url":"https:\/\/wpguerssen-test.odoo.rgbconsulting.com\/wp-content\/uploads\/2024\/01\/46358.jpg","contentUrl":"https:\/\/wpguerssen-test.odoo.rgbconsulting.com\/wp-content\/uploads\/2024\/01\/46358.jpg","width":1440,"height":1475,"caption":"The - Collected Works - EDITION AWARA (LP) | Guerssen"},{"@type":"BreadcrumbList","@id":"https:\/\/wpguerssen-test.odoo.rgbconsulting.com\/es\/producto\/collected-works-2\/#breadcrumb","itemListElement":[{"@type":"ListItem","position":1,"name":"Inicio","item":"https:\/\/wpguerssen-test.odoo.rgbconsulting.com\/es\/"},{"@type":"ListItem","position":2,"name":"Shop","item":"https:\/\/wpguerssen-test.odoo.rgbconsulting.com\/shop\/"},{"@type":"ListItem","position":3,"name":"Collected Works"}]},{"@type":"WebSite","@id":"https:\/\/wpguerssen-test.odoo.rgbconsulting.com\/es\/#website","url":"https:\/\/wpguerssen-test.odoo.rgbconsulting.com\/es\/","name":"Guerssen records","description":"psychedelia - progressive - folk - garage ","publisher":{"@id":"https:\/\/wpguerssen-test.odoo.rgbconsulting.com\/es\/#organization"},"potentialAction":[{"@type":"SearchAction","target":{"@type":"EntryPoint","urlTemplate":"https:\/\/wpguerssen-test.odoo.rgbconsulting.com\/es\/?s={search_term_string}"},"query-input":{"@type":"PropertyValueSpecification","valueRequired":true,"valueName":"search_term_string"}}],"inLanguage":"es"},{"@type":"Organization","@id":"https:\/\/wpguerssen-test.odoo.rgbconsulting.com\/es\/#organization","name":"Guerssen records","url":"https:\/\/wpguerssen-test.odoo.rgbconsulting.com\/es\/","logo":{"@type":"ImageObject","inLanguage":"es","@id":"https:\/\/wpguerssen-test.odoo.rgbconsulting.com\/es\/#\/schema\/logo\/image\/","url":"https:\/\/wpguerssen-test.odoo.rgbconsulting.com\/wp-content\/uploads\/2022\/04\/Logo_Guerssen_trans_100.png","contentUrl":"https:\/\/wpguerssen-test.odoo.rgbconsulting.com\/wp-content\/uploads\/2022\/04\/Logo_Guerssen_trans_100.png","width":122,"height":100,"caption":"Guerssen records"},"image":{"@id":"https:\/\/wpguerssen-test.odoo.rgbconsulting.com\/es\/#\/schema\/logo\/image\/"}}]}},"_links":{"self":[{"href":"https:\/\/wpguerssen-test.odoo.rgbconsulting.com\/es\/wp-json\/wp\/v2\/product\/247769","targetHints":{"allow":["GET"]}}],"collection":[{"href":"https:\/\/wpguerssen-test.odoo.rgbconsulting.com\/es\/wp-json\/wp\/v2\/product"}],"about":[{"href":"https:\/\/wpguerssen-test.odoo.rgbconsulting.com\/es\/wp-json\/wp\/v2\/types\/product"}],"wp:featuredmedia":[{"embeddable":true,"href":"https:\/\/wpguerssen-test.odoo.rgbconsulting.com\/es\/wp-json\/wp\/v2\/media\/249111"}],"wp:attachment":[{"href":"https:\/\/wpguerssen-test.odoo.rgbconsulting.com\/es\/wp-json\/wp\/v2\/media?parent=247769"}],"wp:term":[{"taxonomy":"product_brand","embeddable":true,"href":"https:\/\/wpguerssen-test.odoo.rgbconsulting.com\/es\/wp-json\/wp\/v2\/product_brand?post=247769"},{"taxonomy":"product_cat","embeddable":true,"href":"https:\/\/wpguerssen-test.odoo.rgbconsulting.com\/es\/wp-json\/wp\/v2\/product_cat?post=247769"},{"taxonomy":"product_tag","embeddable":true,"href":"https:\/\/wpguerssen-test.odoo.rgbconsulting.com\/es\/wp-json\/wp\/v2\/product_tag?post=247769"}],"curies":[{"name":"wp","href":"https:\/\/api.w.org\/{rel}","templated":true}]}}