{"id":247813,"date":"2025-01-13T00:00:00","date_gmt":"2025-01-12T23:00:00","guid":{"rendered":"https:\/\/wpguerssen-test.odoo.rgbconsulting.com\/product\/a-divina-comedia-ou-ando-meio-white\/"},"modified":"2025-04-29T13:30:53","modified_gmt":"2025-04-29T11:30:53","slug":"a-divina-comedia-ou-ando-meio-white","status":"publish","type":"product","link":"https:\/\/wpguerssen-test.odoo.rgbconsulting.com\/es\/producto\/a-divina-comedia-ou-ando-meio-white\/","title":{"rendered":"A Divina Comedia Ou Ando Meio&#8230; (White)"},"content":{"rendered":"<p>Su tercer disco de 1970, un cl\u00e1sico del mejor rock psicod\u00e9lico tropicalista brasile\u00f1o.<\/p>\n","protected":false},"excerpt":{"rendered":"<p>Su tercer disco de 1970, un cl\u00e1sico del mejor rock psicod\u00e9lico tropicalista brasile\u00f1o.<\/p>\n","protected":false},"featured_media":129075,"template":"","meta":{"_acf_changed":false},"product_brand":[],"product_cat":[21639,23231],"product_tag":[29140],"class_list":{"0":"post-247813","1":"product","2":"type-product","3":"status-publish","4":"has-post-thumbnail","6":"product_cat-psychedelic60s-70s-es","7":"product_cat-latin-brazilian-es","8":"product_tag-color-vinyl-es","9":"pa_artist-mutantes-os-es","10":"pa_format-lp-es","11":"pa_gender-psychedelic60s-70s-latin-brazilian","12":"pa_label-vinyl-lovers","13":"pa_location-south-america-caribbean-es","14":"pa_other-filters-vinyl-only-es","16":"first","17":"instock","18":"taxable","19":"shipping-taxable","20":"purchasable","21":"product-type-simple"},"acf":[],"yoast_head":"<!-- This site is optimized with the Yoast SEO plugin v24.9 - https:\/\/yoast.com\/wordpress\/plugins\/seo\/ -->\n<title>MUTANTES, Os - A Divina Comedia Ou Ando Meio... (White) -  (LP) | Guerssen<\/title>\n<meta name=\"description\" content=\"Originally released in 1970 this was the third album from Os Mutantes, the geniuses of wacked out Brazilian psychedelic rock. They may have been trying to pay homage to their better known icons back in the States, but in doing so they created something that went beyond all that until, 30 years later, they became the ones that everyone was trying to imitate. This album, further testimony to their limitless creativity and considered by many to be their best, was recorded during the height of the Brazilian military regimes crack down on artists, and fellow members of the Tropicalia movement, Caetano Veloso and Gilberto Gil had already been sent into exile in the UK.\" \/>\n<meta name=\"robots\" content=\"index, follow, max-snippet:-1, max-image-preview:large, max-video-preview:-1\" \/>\n<link rel=\"canonical\" href=\"https:\/\/wpguerssen-test.odoo.rgbconsulting.com\/es\/producto\/a-divina-comedia-ou-ando-meio-white\/\" \/>\n<meta property=\"og:locale\" content=\"es_ES\" \/>\n<meta property=\"og:type\" content=\"article\" \/>\n<meta property=\"og:title\" content=\"MUTANTES, Os - A Divina Comedia Ou Ando Meio... (White) -  (LP) | Guerssen\" \/>\n<meta property=\"og:description\" content=\"Originally released in 1970 this was the third album from Os Mutantes, the geniuses of wacked out Brazilian psychedelic rock. They may have been trying to pay homage to their better known icons back in the States, but in doing so they created something that went beyond all that until, 30 years later, they became the ones that everyone was trying to imitate. This album, further testimony to their limitless creativity and considered by many to be their best, was recorded during the height of the Brazilian military regimes crack down on artists, and fellow members of the Tropicalia movement, Caetano Veloso and Gilberto Gil had already been sent into exile in the UK.\" \/>\n<meta property=\"og:url\" content=\"https:\/\/wpguerssen-test.odoo.rgbconsulting.com\/es\/producto\/a-divina-comedia-ou-ando-meio-white\/\" \/>\n<meta property=\"og:site_name\" content=\"Guerssen records\" \/>\n<meta property=\"article:modified_time\" content=\"2025-04-29T11:30:53+00:00\" \/>\n<meta property=\"og:image\" content=\"https:\/\/wpguerssen-test.odoo.rgbconsulting.com\/wp-content\/uploads\/2022\/03\/38909.jpg\" \/>\n\t<meta property=\"og:image:width\" content=\"302\" \/>\n\t<meta property=\"og:image:height\" content=\"303\" \/>\n\t<meta property=\"og:image:type\" content=\"image\/jpeg\" \/>\n<meta name=\"twitter:card\" content=\"summary_large_image\" \/>\n<meta name=\"twitter:title\" content=\"MUTANTES, Os - A Divina Comedia Ou Ando Meio... (White) -  (LP) | Guerssen\" \/>\n<script type=\"application\/ld+json\" class=\"yoast-schema-graph\">{\"@context\":\"https:\/\/schema.org\",\"@graph\":[{\"@type\":\"WebPage\",\"@id\":\"https:\/\/wpguerssen-test.odoo.rgbconsulting.com\/es\/producto\/a-divina-comedia-ou-ando-meio-white\/\",\"url\":\"https:\/\/wpguerssen-test.odoo.rgbconsulting.com\/es\/producto\/a-divina-comedia-ou-ando-meio-white\/\",\"name\":\"MUTANTES, Os - A Divina Comedia Ou Ando Meio... (White) - (LP) | Guerssen\",\"isPartOf\":{\"@id\":\"https:\/\/wpguerssen-test.odoo.rgbconsulting.com\/es\/#website\"},\"primaryImageOfPage\":{\"@id\":\"https:\/\/wpguerssen-test.odoo.rgbconsulting.com\/es\/producto\/a-divina-comedia-ou-ando-meio-white\/#primaryimage\"},\"image\":{\"@id\":\"https:\/\/wpguerssen-test.odoo.rgbconsulting.com\/es\/producto\/a-divina-comedia-ou-ando-meio-white\/#primaryimage\"},\"thumbnailUrl\":\"https:\/\/wpguerssen-test.odoo.rgbconsulting.com\/wp-content\/uploads\/2022\/03\/38909.jpg\",\"datePublished\":\"2025-01-12T23:00:00+00:00\",\"dateModified\":\"2025-04-29T11:30:53+00:00\",\"description\":\"Originally released in 1970 this was the third album from Os Mutantes, the geniuses of wacked out Brazilian psychedelic rock. They may have been trying to pay homage to their better known icons back in the States, but in doing so they created something that went beyond all that until, 30 years later, they became the ones that everyone was trying to imitate. This album, further testimony to their limitless creativity and considered by many to be their best, was recorded during the height of the Brazilian military regimes crack down on artists, and fellow members of the Tropicalia movement, Caetano Veloso and Gilberto Gil had already been sent into exile in the UK.\",\"breadcrumb\":{\"@id\":\"https:\/\/wpguerssen-test.odoo.rgbconsulting.com\/es\/producto\/a-divina-comedia-ou-ando-meio-white\/#breadcrumb\"},\"inLanguage\":\"es\",\"potentialAction\":[{\"@type\":\"ReadAction\",\"target\":[\"https:\/\/wpguerssen-test.odoo.rgbconsulting.com\/es\/producto\/a-divina-comedia-ou-ando-meio-white\/\"]}]},{\"@type\":\"ImageObject\",\"inLanguage\":\"es\",\"@id\":\"https:\/\/wpguerssen-test.odoo.rgbconsulting.com\/es\/producto\/a-divina-comedia-ou-ando-meio-white\/#primaryimage\",\"url\":\"https:\/\/wpguerssen-test.odoo.rgbconsulting.com\/wp-content\/uploads\/2022\/03\/38909.jpg\",\"contentUrl\":\"https:\/\/wpguerssen-test.odoo.rgbconsulting.com\/wp-content\/uploads\/2022\/03\/38909.jpg\",\"width\":302,\"height\":303,\"caption\":\"Os - A Divina Comedia Ou Ando Meio... (White) - VINYL LOVERS (LP) | Guerssen\"},{\"@type\":\"BreadcrumbList\",\"@id\":\"https:\/\/wpguerssen-test.odoo.rgbconsulting.com\/es\/producto\/a-divina-comedia-ou-ando-meio-white\/#breadcrumb\",\"itemListElement\":[{\"@type\":\"ListItem\",\"position\":1,\"name\":\"Inicio\",\"item\":\"https:\/\/wpguerssen-test.odoo.rgbconsulting.com\/es\/\"},{\"@type\":\"ListItem\",\"position\":2,\"name\":\"Shop\",\"item\":\"https:\/\/wpguerssen-test.odoo.rgbconsulting.com\/shop\/\"},{\"@type\":\"ListItem\",\"position\":3,\"name\":\"A Divina Comedia Ou Ando Meio&#8230; (White)\"}]},{\"@type\":\"WebSite\",\"@id\":\"https:\/\/wpguerssen-test.odoo.rgbconsulting.com\/es\/#website\",\"url\":\"https:\/\/wpguerssen-test.odoo.rgbconsulting.com\/es\/\",\"name\":\"Guerssen records\",\"description\":\"psychedelia - progressive - folk - garage \",\"publisher\":{\"@id\":\"https:\/\/wpguerssen-test.odoo.rgbconsulting.com\/es\/#organization\"},\"potentialAction\":[{\"@type\":\"SearchAction\",\"target\":{\"@type\":\"EntryPoint\",\"urlTemplate\":\"https:\/\/wpguerssen-test.odoo.rgbconsulting.com\/es\/?s={search_term_string}\"},\"query-input\":{\"@type\":\"PropertyValueSpecification\",\"valueRequired\":true,\"valueName\":\"search_term_string\"}}],\"inLanguage\":\"es\"},{\"@type\":\"Organization\",\"@id\":\"https:\/\/wpguerssen-test.odoo.rgbconsulting.com\/es\/#organization\",\"name\":\"Guerssen records\",\"url\":\"https:\/\/wpguerssen-test.odoo.rgbconsulting.com\/es\/\",\"logo\":{\"@type\":\"ImageObject\",\"inLanguage\":\"es\",\"@id\":\"https:\/\/wpguerssen-test.odoo.rgbconsulting.com\/es\/#\/schema\/logo\/image\/\",\"url\":\"https:\/\/wpguerssen-test.odoo.rgbconsulting.com\/wp-content\/uploads\/2022\/04\/Logo_Guerssen_trans_100.png\",\"contentUrl\":\"https:\/\/wpguerssen-test.odoo.rgbconsulting.com\/wp-content\/uploads\/2022\/04\/Logo_Guerssen_trans_100.png\",\"width\":122,\"height\":100,\"caption\":\"Guerssen records\"},\"image\":{\"@id\":\"https:\/\/wpguerssen-test.odoo.rgbconsulting.com\/es\/#\/schema\/logo\/image\/\"}}]}<\/script>\n<!-- \/ Yoast SEO plugin. -->","yoast_head_json":{"title":"MUTANTES, Os - A Divina Comedia Ou Ando Meio... (White) -  (LP) | Guerssen","description":"Originally released in 1970 this was the third album from Os Mutantes, the geniuses of wacked out Brazilian psychedelic rock. They may have been trying to pay homage to their better known icons back in the States, but in doing so they created something that went beyond all that until, 30 years later, they became the ones that everyone was trying to imitate. This album, further testimony to their limitless creativity and considered by many to be their best, was recorded during the height of the Brazilian military regimes crack down on artists, and fellow members of the Tropicalia movement, Caetano Veloso and Gilberto Gil had already been sent into exile in the UK.","robots":{"index":"index","follow":"follow","max-snippet":"max-snippet:-1","max-image-preview":"max-image-preview:large","max-video-preview":"max-video-preview:-1"},"canonical":"https:\/\/wpguerssen-test.odoo.rgbconsulting.com\/es\/producto\/a-divina-comedia-ou-ando-meio-white\/","og_locale":"es_ES","og_type":"article","og_title":"MUTANTES, Os - A Divina Comedia Ou Ando Meio... (White) -  (LP) | Guerssen","og_description":"Originally released in 1970 this was the third album from Os Mutantes, the geniuses of wacked out Brazilian psychedelic rock. They may have been trying to pay homage to their better known icons back in the States, but in doing so they created something that went beyond all that until, 30 years later, they became the ones that everyone was trying to imitate. This album, further testimony to their limitless creativity and considered by many to be their best, was recorded during the height of the Brazilian military regimes crack down on artists, and fellow members of the Tropicalia movement, Caetano Veloso and Gilberto Gil had already been sent into exile in the UK.","og_url":"https:\/\/wpguerssen-test.odoo.rgbconsulting.com\/es\/producto\/a-divina-comedia-ou-ando-meio-white\/","og_site_name":"Guerssen records","article_modified_time":"2025-04-29T11:30:53+00:00","og_image":[{"width":302,"height":303,"url":"https:\/\/wpguerssen-test.odoo.rgbconsulting.com\/wp-content\/uploads\/2022\/03\/38909.jpg","type":"image\/jpeg"}],"twitter_card":"summary_large_image","twitter_title":"MUTANTES, Os - A Divina Comedia Ou Ando Meio... (White) -  (LP) | Guerssen","schema":{"@context":"https:\/\/schema.org","@graph":[{"@type":"WebPage","@id":"https:\/\/wpguerssen-test.odoo.rgbconsulting.com\/es\/producto\/a-divina-comedia-ou-ando-meio-white\/","url":"https:\/\/wpguerssen-test.odoo.rgbconsulting.com\/es\/producto\/a-divina-comedia-ou-ando-meio-white\/","name":"MUTANTES, Os - A Divina Comedia Ou Ando Meio... (White) - (LP) | Guerssen","isPartOf":{"@id":"https:\/\/wpguerssen-test.odoo.rgbconsulting.com\/es\/#website"},"primaryImageOfPage":{"@id":"https:\/\/wpguerssen-test.odoo.rgbconsulting.com\/es\/producto\/a-divina-comedia-ou-ando-meio-white\/#primaryimage"},"image":{"@id":"https:\/\/wpguerssen-test.odoo.rgbconsulting.com\/es\/producto\/a-divina-comedia-ou-ando-meio-white\/#primaryimage"},"thumbnailUrl":"https:\/\/wpguerssen-test.odoo.rgbconsulting.com\/wp-content\/uploads\/2022\/03\/38909.jpg","datePublished":"2025-01-12T23:00:00+00:00","dateModified":"2025-04-29T11:30:53+00:00","description":"Originally released in 1970 this was the third album from Os Mutantes, the geniuses of wacked out Brazilian psychedelic rock. They may have been trying to pay homage to their better known icons back in the States, but in doing so they created something that went beyond all that until, 30 years later, they became the ones that everyone was trying to imitate. This album, further testimony to their limitless creativity and considered by many to be their best, was recorded during the height of the Brazilian military regimes crack down on artists, and fellow members of the Tropicalia movement, Caetano Veloso and Gilberto Gil had already been sent into exile in the UK.","breadcrumb":{"@id":"https:\/\/wpguerssen-test.odoo.rgbconsulting.com\/es\/producto\/a-divina-comedia-ou-ando-meio-white\/#breadcrumb"},"inLanguage":"es","potentialAction":[{"@type":"ReadAction","target":["https:\/\/wpguerssen-test.odoo.rgbconsulting.com\/es\/producto\/a-divina-comedia-ou-ando-meio-white\/"]}]},{"@type":"ImageObject","inLanguage":"es","@id":"https:\/\/wpguerssen-test.odoo.rgbconsulting.com\/es\/producto\/a-divina-comedia-ou-ando-meio-white\/#primaryimage","url":"https:\/\/wpguerssen-test.odoo.rgbconsulting.com\/wp-content\/uploads\/2022\/03\/38909.jpg","contentUrl":"https:\/\/wpguerssen-test.odoo.rgbconsulting.com\/wp-content\/uploads\/2022\/03\/38909.jpg","width":302,"height":303,"caption":"Os - A Divina Comedia Ou Ando Meio... (White) - VINYL LOVERS (LP) | Guerssen"},{"@type":"BreadcrumbList","@id":"https:\/\/wpguerssen-test.odoo.rgbconsulting.com\/es\/producto\/a-divina-comedia-ou-ando-meio-white\/#breadcrumb","itemListElement":[{"@type":"ListItem","position":1,"name":"Inicio","item":"https:\/\/wpguerssen-test.odoo.rgbconsulting.com\/es\/"},{"@type":"ListItem","position":2,"name":"Shop","item":"https:\/\/wpguerssen-test.odoo.rgbconsulting.com\/shop\/"},{"@type":"ListItem","position":3,"name":"A Divina Comedia Ou Ando Meio&#8230; (White)"}]},{"@type":"WebSite","@id":"https:\/\/wpguerssen-test.odoo.rgbconsulting.com\/es\/#website","url":"https:\/\/wpguerssen-test.odoo.rgbconsulting.com\/es\/","name":"Guerssen records","description":"psychedelia - progressive - folk - garage ","publisher":{"@id":"https:\/\/wpguerssen-test.odoo.rgbconsulting.com\/es\/#organization"},"potentialAction":[{"@type":"SearchAction","target":{"@type":"EntryPoint","urlTemplate":"https:\/\/wpguerssen-test.odoo.rgbconsulting.com\/es\/?s={search_term_string}"},"query-input":{"@type":"PropertyValueSpecification","valueRequired":true,"valueName":"search_term_string"}}],"inLanguage":"es"},{"@type":"Organization","@id":"https:\/\/wpguerssen-test.odoo.rgbconsulting.com\/es\/#organization","name":"Guerssen records","url":"https:\/\/wpguerssen-test.odoo.rgbconsulting.com\/es\/","logo":{"@type":"ImageObject","inLanguage":"es","@id":"https:\/\/wpguerssen-test.odoo.rgbconsulting.com\/es\/#\/schema\/logo\/image\/","url":"https:\/\/wpguerssen-test.odoo.rgbconsulting.com\/wp-content\/uploads\/2022\/04\/Logo_Guerssen_trans_100.png","contentUrl":"https:\/\/wpguerssen-test.odoo.rgbconsulting.com\/wp-content\/uploads\/2022\/04\/Logo_Guerssen_trans_100.png","width":122,"height":100,"caption":"Guerssen records"},"image":{"@id":"https:\/\/wpguerssen-test.odoo.rgbconsulting.com\/es\/#\/schema\/logo\/image\/"}}]}},"_links":{"self":[{"href":"https:\/\/wpguerssen-test.odoo.rgbconsulting.com\/es\/wp-json\/wp\/v2\/product\/247813","targetHints":{"allow":["GET"]}}],"collection":[{"href":"https:\/\/wpguerssen-test.odoo.rgbconsulting.com\/es\/wp-json\/wp\/v2\/product"}],"about":[{"href":"https:\/\/wpguerssen-test.odoo.rgbconsulting.com\/es\/wp-json\/wp\/v2\/types\/product"}],"wp:featuredmedia":[{"embeddable":true,"href":"https:\/\/wpguerssen-test.odoo.rgbconsulting.com\/es\/wp-json\/wp\/v2\/media\/129075"}],"wp:attachment":[{"href":"https:\/\/wpguerssen-test.odoo.rgbconsulting.com\/es\/wp-json\/wp\/v2\/media?parent=247813"}],"wp:term":[{"taxonomy":"product_brand","embeddable":true,"href":"https:\/\/wpguerssen-test.odoo.rgbconsulting.com\/es\/wp-json\/wp\/v2\/product_brand?post=247813"},{"taxonomy":"product_cat","embeddable":true,"href":"https:\/\/wpguerssen-test.odoo.rgbconsulting.com\/es\/wp-json\/wp\/v2\/product_cat?post=247813"},{"taxonomy":"product_tag","embeddable":true,"href":"https:\/\/wpguerssen-test.odoo.rgbconsulting.com\/es\/wp-json\/wp\/v2\/product_tag?post=247813"}],"curies":[{"name":"wp","href":"https:\/\/api.w.org\/{rel}","templated":true}]}}