{"id":248179,"date":"2024-02-22T00:00:00","date_gmt":"2024-02-21T23:00:00","guid":{"rendered":"https:\/\/wpguerssen-test.odoo.rgbconsulting.com\/product\/the-power-of-love\/"},"modified":"2024-12-16T17:53:41","modified_gmt":"2024-12-16T16:53:41","slug":"the-power-of-love","status":"publish","type":"product","link":"https:\/\/wpguerssen-test.odoo.rgbconsulting.com\/es\/producto\/the-power-of-love\/","title":{"rendered":"The Power Of Love"},"content":{"rendered":"<p>El pianista nacido en Puerto Rico, Joe Acosta, tuvo una carrera larga, aunque no reconocida, en la m\u00fasica latina, pero su LP de Ghetto Records es su mejor y m\u00e1s buscado \u00e1lbum. Es f\u00e1cil ver por qu\u00e9: trombones profundos, fant\u00e1sticos solos de piano, excelente salsa junto con un par de joyas del soul latino crean una mezcla embriagadora que encarna el movimiento Salsoul (la salsa se encuentra con el soul) iniciado por Joe Bataan.<\/p>\n","protected":false},"excerpt":{"rendered":"<p>El pianista nacido en Puerto Rico, Joe Acosta, tuvo una carrera larga, aunque no reconocida, en la m\u00fasica latina, pero su LP de Ghetto Records es su mejor y m\u00e1s<a class=\"read\" href=\"https:\/\/wpguerssen-test.odoo.rgbconsulting.com\/es\/producto\/the-power-of-love\/\"> (...)<\/a>","protected":false},"featured_media":248154,"template":"","meta":{"_acf_changed":false},"product_brand":[],"product_cat":[21649,23231],"product_tag":[],"class_list":{"0":"post-248179","1":"product","2":"type-product","3":"status-publish","4":"has-post-thumbnail","6":"product_cat-soul-rnb-es","7":"product_cat-latin-brazilian-es","8":"pa_artist-acosta-joe","9":"pa_format-lp-es","10":"pa_gender-soul-rnb-latin-brazilian","11":"pa_label-now-again","12":"pa_location-south-america-caribbean-es","13":"pa_other-filters-vinyl-only-es","15":"first","16":"instock","17":"taxable","18":"shipping-taxable","19":"purchasable","20":"product-type-simple"},"acf":[],"yoast_head":"<!-- This site is optimized with the Yoast SEO plugin v24.9 - https:\/\/yoast.com\/wordpress\/plugins\/seo\/ -->\n<title>ACOSTA, Joe - The Power Of Love -  (LP) | Guerssen<\/title>\n<meta name=\"description\" content=\"Next up in the series - Puerto Rico-born pianist Joe Acosta had a long, if unsung career in Latin music, but his Ghetto Records LP is his best and most sought-after album. It&#039;s easy to see why - deep trombones, fantastic piano solos, great Salsa alongside a couple of Latin Soul gems make for a heady mix that embodies the Salsoul - Salsa meets Soul - movement kickstarted by Joe Bataan.\" \/>\n<meta name=\"robots\" content=\"index, follow, max-snippet:-1, max-image-preview:large, max-video-preview:-1\" \/>\n<link rel=\"canonical\" href=\"https:\/\/wpguerssen-test.odoo.rgbconsulting.com\/es\/producto\/the-power-of-love\/\" \/>\n<meta property=\"og:locale\" content=\"es_ES\" \/>\n<meta property=\"og:type\" content=\"article\" \/>\n<meta property=\"og:title\" content=\"ACOSTA, Joe - The Power Of Love -  (LP) | Guerssen\" \/>\n<meta property=\"og:description\" content=\"Next up in the series - Puerto Rico-born pianist Joe Acosta had a long, if unsung career in Latin music, but his Ghetto Records LP is his best and most sought-after album. It&#039;s easy to see why - deep trombones, fantastic piano solos, great Salsa alongside a couple of Latin Soul gems make for a heady mix that embodies the Salsoul - Salsa meets Soul - movement kickstarted by Joe Bataan.\" \/>\n<meta property=\"og:url\" content=\"https:\/\/wpguerssen-test.odoo.rgbconsulting.com\/es\/producto\/the-power-of-love\/\" \/>\n<meta property=\"og:site_name\" content=\"Guerssen records\" \/>\n<meta property=\"article:modified_time\" content=\"2024-12-16T16:53:41+00:00\" \/>\n<meta property=\"og:image\" content=\"https:\/\/wpguerssen-test.odoo.rgbconsulting.com\/wp-content\/uploads\/2023\/12\/46412.jpg\" \/>\n\t<meta property=\"og:image:width\" content=\"401\" \/>\n\t<meta property=\"og:image:height\" content=\"400\" \/>\n\t<meta property=\"og:image:type\" content=\"image\/jpeg\" \/>\n<meta name=\"twitter:card\" content=\"summary_large_image\" \/>\n<meta name=\"twitter:title\" content=\"ACOSTA, Joe - The Power Of Love -  (LP) | Guerssen\" \/>\n<script type=\"application\/ld+json\" class=\"yoast-schema-graph\">{\"@context\":\"https:\/\/schema.org\",\"@graph\":[{\"@type\":\"WebPage\",\"@id\":\"https:\/\/wpguerssen-test.odoo.rgbconsulting.com\/es\/producto\/the-power-of-love\/\",\"url\":\"https:\/\/wpguerssen-test.odoo.rgbconsulting.com\/es\/producto\/the-power-of-love\/\",\"name\":\"ACOSTA, Joe - The Power Of Love - (LP) | Guerssen\",\"isPartOf\":{\"@id\":\"https:\/\/wpguerssen-test.odoo.rgbconsulting.com\/es\/#website\"},\"primaryImageOfPage\":{\"@id\":\"https:\/\/wpguerssen-test.odoo.rgbconsulting.com\/es\/producto\/the-power-of-love\/#primaryimage\"},\"image\":{\"@id\":\"https:\/\/wpguerssen-test.odoo.rgbconsulting.com\/es\/producto\/the-power-of-love\/#primaryimage\"},\"thumbnailUrl\":\"https:\/\/wpguerssen-test.odoo.rgbconsulting.com\/wp-content\/uploads\/2023\/12\/46412.jpg\",\"datePublished\":\"2024-02-21T23:00:00+00:00\",\"dateModified\":\"2024-12-16T16:53:41+00:00\",\"description\":\"Next up in the series - Puerto Rico-born pianist Joe Acosta had a long, if unsung career in Latin music, but his Ghetto Records LP is his best and most sought-after album. It's easy to see why - deep trombones, fantastic piano solos, great Salsa alongside a couple of Latin Soul gems make for a heady mix that embodies the Salsoul - Salsa meets Soul - movement kickstarted by Joe Bataan.\",\"breadcrumb\":{\"@id\":\"https:\/\/wpguerssen-test.odoo.rgbconsulting.com\/es\/producto\/the-power-of-love\/#breadcrumb\"},\"inLanguage\":\"es\",\"potentialAction\":[{\"@type\":\"ReadAction\",\"target\":[\"https:\/\/wpguerssen-test.odoo.rgbconsulting.com\/es\/producto\/the-power-of-love\/\"]}]},{\"@type\":\"ImageObject\",\"inLanguage\":\"es\",\"@id\":\"https:\/\/wpguerssen-test.odoo.rgbconsulting.com\/es\/producto\/the-power-of-love\/#primaryimage\",\"url\":\"https:\/\/wpguerssen-test.odoo.rgbconsulting.com\/wp-content\/uploads\/2023\/12\/46412.jpg\",\"contentUrl\":\"https:\/\/wpguerssen-test.odoo.rgbconsulting.com\/wp-content\/uploads\/2023\/12\/46412.jpg\",\"width\":401,\"height\":400,\"caption\":\"Joe - The Power Of Love - NOW AGAIN (LP) | Guerssen\"},{\"@type\":\"BreadcrumbList\",\"@id\":\"https:\/\/wpguerssen-test.odoo.rgbconsulting.com\/es\/producto\/the-power-of-love\/#breadcrumb\",\"itemListElement\":[{\"@type\":\"ListItem\",\"position\":1,\"name\":\"Inicio\",\"item\":\"https:\/\/wpguerssen-test.odoo.rgbconsulting.com\/es\/\"},{\"@type\":\"ListItem\",\"position\":2,\"name\":\"Shop\",\"item\":\"https:\/\/wpguerssen-test.odoo.rgbconsulting.com\/shop\/\"},{\"@type\":\"ListItem\",\"position\":3,\"name\":\"The Power Of Love\"}]},{\"@type\":\"WebSite\",\"@id\":\"https:\/\/wpguerssen-test.odoo.rgbconsulting.com\/es\/#website\",\"url\":\"https:\/\/wpguerssen-test.odoo.rgbconsulting.com\/es\/\",\"name\":\"Guerssen records\",\"description\":\"psychedelia - progressive - folk - garage \",\"publisher\":{\"@id\":\"https:\/\/wpguerssen-test.odoo.rgbconsulting.com\/es\/#organization\"},\"potentialAction\":[{\"@type\":\"SearchAction\",\"target\":{\"@type\":\"EntryPoint\",\"urlTemplate\":\"https:\/\/wpguerssen-test.odoo.rgbconsulting.com\/es\/?s={search_term_string}\"},\"query-input\":{\"@type\":\"PropertyValueSpecification\",\"valueRequired\":true,\"valueName\":\"search_term_string\"}}],\"inLanguage\":\"es\"},{\"@type\":\"Organization\",\"@id\":\"https:\/\/wpguerssen-test.odoo.rgbconsulting.com\/es\/#organization\",\"name\":\"Guerssen records\",\"url\":\"https:\/\/wpguerssen-test.odoo.rgbconsulting.com\/es\/\",\"logo\":{\"@type\":\"ImageObject\",\"inLanguage\":\"es\",\"@id\":\"https:\/\/wpguerssen-test.odoo.rgbconsulting.com\/es\/#\/schema\/logo\/image\/\",\"url\":\"https:\/\/wpguerssen-test.odoo.rgbconsulting.com\/wp-content\/uploads\/2022\/04\/Logo_Guerssen_trans_100.png\",\"contentUrl\":\"https:\/\/wpguerssen-test.odoo.rgbconsulting.com\/wp-content\/uploads\/2022\/04\/Logo_Guerssen_trans_100.png\",\"width\":122,\"height\":100,\"caption\":\"Guerssen records\"},\"image\":{\"@id\":\"https:\/\/wpguerssen-test.odoo.rgbconsulting.com\/es\/#\/schema\/logo\/image\/\"}}]}<\/script>\n<!-- \/ Yoast SEO plugin. -->","yoast_head_json":{"title":"ACOSTA, Joe - The Power Of Love -  (LP) | Guerssen","description":"Next up in the series - Puerto Rico-born pianist Joe Acosta had a long, if unsung career in Latin music, but his Ghetto Records LP is his best and most sought-after album. It's easy to see why - deep trombones, fantastic piano solos, great Salsa alongside a couple of Latin Soul gems make for a heady mix that embodies the Salsoul - Salsa meets Soul - movement kickstarted by Joe Bataan.","robots":{"index":"index","follow":"follow","max-snippet":"max-snippet:-1","max-image-preview":"max-image-preview:large","max-video-preview":"max-video-preview:-1"},"canonical":"https:\/\/wpguerssen-test.odoo.rgbconsulting.com\/es\/producto\/the-power-of-love\/","og_locale":"es_ES","og_type":"article","og_title":"ACOSTA, Joe - The Power Of Love -  (LP) | Guerssen","og_description":"Next up in the series - Puerto Rico-born pianist Joe Acosta had a long, if unsung career in Latin music, but his Ghetto Records LP is his best and most sought-after album. It's easy to see why - deep trombones, fantastic piano solos, great Salsa alongside a couple of Latin Soul gems make for a heady mix that embodies the Salsoul - Salsa meets Soul - movement kickstarted by Joe Bataan.","og_url":"https:\/\/wpguerssen-test.odoo.rgbconsulting.com\/es\/producto\/the-power-of-love\/","og_site_name":"Guerssen records","article_modified_time":"2024-12-16T16:53:41+00:00","og_image":[{"width":401,"height":400,"url":"https:\/\/wpguerssen-test.odoo.rgbconsulting.com\/wp-content\/uploads\/2023\/12\/46412.jpg","type":"image\/jpeg"}],"twitter_card":"summary_large_image","twitter_title":"ACOSTA, Joe - The Power Of Love -  (LP) | Guerssen","schema":{"@context":"https:\/\/schema.org","@graph":[{"@type":"WebPage","@id":"https:\/\/wpguerssen-test.odoo.rgbconsulting.com\/es\/producto\/the-power-of-love\/","url":"https:\/\/wpguerssen-test.odoo.rgbconsulting.com\/es\/producto\/the-power-of-love\/","name":"ACOSTA, Joe - The Power Of Love - (LP) | Guerssen","isPartOf":{"@id":"https:\/\/wpguerssen-test.odoo.rgbconsulting.com\/es\/#website"},"primaryImageOfPage":{"@id":"https:\/\/wpguerssen-test.odoo.rgbconsulting.com\/es\/producto\/the-power-of-love\/#primaryimage"},"image":{"@id":"https:\/\/wpguerssen-test.odoo.rgbconsulting.com\/es\/producto\/the-power-of-love\/#primaryimage"},"thumbnailUrl":"https:\/\/wpguerssen-test.odoo.rgbconsulting.com\/wp-content\/uploads\/2023\/12\/46412.jpg","datePublished":"2024-02-21T23:00:00+00:00","dateModified":"2024-12-16T16:53:41+00:00","description":"Next up in the series - Puerto Rico-born pianist Joe Acosta had a long, if unsung career in Latin music, but his Ghetto Records LP is his best and most sought-after album. It's easy to see why - deep trombones, fantastic piano solos, great Salsa alongside a couple of Latin Soul gems make for a heady mix that embodies the Salsoul - Salsa meets Soul - movement kickstarted by Joe Bataan.","breadcrumb":{"@id":"https:\/\/wpguerssen-test.odoo.rgbconsulting.com\/es\/producto\/the-power-of-love\/#breadcrumb"},"inLanguage":"es","potentialAction":[{"@type":"ReadAction","target":["https:\/\/wpguerssen-test.odoo.rgbconsulting.com\/es\/producto\/the-power-of-love\/"]}]},{"@type":"ImageObject","inLanguage":"es","@id":"https:\/\/wpguerssen-test.odoo.rgbconsulting.com\/es\/producto\/the-power-of-love\/#primaryimage","url":"https:\/\/wpguerssen-test.odoo.rgbconsulting.com\/wp-content\/uploads\/2023\/12\/46412.jpg","contentUrl":"https:\/\/wpguerssen-test.odoo.rgbconsulting.com\/wp-content\/uploads\/2023\/12\/46412.jpg","width":401,"height":400,"caption":"Joe - The Power Of Love - NOW AGAIN (LP) | Guerssen"},{"@type":"BreadcrumbList","@id":"https:\/\/wpguerssen-test.odoo.rgbconsulting.com\/es\/producto\/the-power-of-love\/#breadcrumb","itemListElement":[{"@type":"ListItem","position":1,"name":"Inicio","item":"https:\/\/wpguerssen-test.odoo.rgbconsulting.com\/es\/"},{"@type":"ListItem","position":2,"name":"Shop","item":"https:\/\/wpguerssen-test.odoo.rgbconsulting.com\/shop\/"},{"@type":"ListItem","position":3,"name":"The Power Of Love"}]},{"@type":"WebSite","@id":"https:\/\/wpguerssen-test.odoo.rgbconsulting.com\/es\/#website","url":"https:\/\/wpguerssen-test.odoo.rgbconsulting.com\/es\/","name":"Guerssen records","description":"psychedelia - progressive - folk - garage ","publisher":{"@id":"https:\/\/wpguerssen-test.odoo.rgbconsulting.com\/es\/#organization"},"potentialAction":[{"@type":"SearchAction","target":{"@type":"EntryPoint","urlTemplate":"https:\/\/wpguerssen-test.odoo.rgbconsulting.com\/es\/?s={search_term_string}"},"query-input":{"@type":"PropertyValueSpecification","valueRequired":true,"valueName":"search_term_string"}}],"inLanguage":"es"},{"@type":"Organization","@id":"https:\/\/wpguerssen-test.odoo.rgbconsulting.com\/es\/#organization","name":"Guerssen records","url":"https:\/\/wpguerssen-test.odoo.rgbconsulting.com\/es\/","logo":{"@type":"ImageObject","inLanguage":"es","@id":"https:\/\/wpguerssen-test.odoo.rgbconsulting.com\/es\/#\/schema\/logo\/image\/","url":"https:\/\/wpguerssen-test.odoo.rgbconsulting.com\/wp-content\/uploads\/2022\/04\/Logo_Guerssen_trans_100.png","contentUrl":"https:\/\/wpguerssen-test.odoo.rgbconsulting.com\/wp-content\/uploads\/2022\/04\/Logo_Guerssen_trans_100.png","width":122,"height":100,"caption":"Guerssen records"},"image":{"@id":"https:\/\/wpguerssen-test.odoo.rgbconsulting.com\/es\/#\/schema\/logo\/image\/"}}]}},"_links":{"self":[{"href":"https:\/\/wpguerssen-test.odoo.rgbconsulting.com\/es\/wp-json\/wp\/v2\/product\/248179","targetHints":{"allow":["GET"]}}],"collection":[{"href":"https:\/\/wpguerssen-test.odoo.rgbconsulting.com\/es\/wp-json\/wp\/v2\/product"}],"about":[{"href":"https:\/\/wpguerssen-test.odoo.rgbconsulting.com\/es\/wp-json\/wp\/v2\/types\/product"}],"wp:featuredmedia":[{"embeddable":true,"href":"https:\/\/wpguerssen-test.odoo.rgbconsulting.com\/es\/wp-json\/wp\/v2\/media\/248154"}],"wp:attachment":[{"href":"https:\/\/wpguerssen-test.odoo.rgbconsulting.com\/es\/wp-json\/wp\/v2\/media?parent=248179"}],"wp:term":[{"taxonomy":"product_brand","embeddable":true,"href":"https:\/\/wpguerssen-test.odoo.rgbconsulting.com\/es\/wp-json\/wp\/v2\/product_brand?post=248179"},{"taxonomy":"product_cat","embeddable":true,"href":"https:\/\/wpguerssen-test.odoo.rgbconsulting.com\/es\/wp-json\/wp\/v2\/product_cat?post=248179"},{"taxonomy":"product_tag","embeddable":true,"href":"https:\/\/wpguerssen-test.odoo.rgbconsulting.com\/es\/wp-json\/wp\/v2\/product_tag?post=248179"}],"curies":[{"name":"wp","href":"https:\/\/api.w.org\/{rel}","templated":true}]}}