{"id":248181,"date":"2024-02-22T00:00:00","date_gmt":"2024-02-21T23:00:00","guid":{"rendered":"https:\/\/wpguerssen-test.odoo.rgbconsulting.com\/product\/afrika-2\/"},"modified":"2024-07-01T19:07:56","modified_gmt":"2024-07-01T17:07:56","slug":"afrika-2","status":"publish","type":"product","link":"https:\/\/wpguerssen-test.odoo.rgbconsulting.com\/es\/producto\/afrika-2\/","title":{"rendered":"Afrika"},"content":{"rendered":"<p>Un elemento independiente del hip-hop durante m\u00e1s de 15 a\u00f1os, el famoso maestro de ceremonias de Los \u00c1ngeles, Blu, ha dominado el arte perdido del \u00e1lbum, imbuyendo cada nuevo proyecto con temas \u00fanicos y, a menudo, contratando a un solo productor para crear una experiencia sonora coherente. Esto ha dado lugar a colaboraciones de larga duraci\u00f3n con artistas como Exile, Madlib, Shafiq Husayn, Oh No, Damu The Fudgemunk y m\u00e1s, junto con el cl\u00e1sico de 2018 Gods InThe Spirit, Titans In The Flesh, producido por Virginia Beatsmith Nottz. Con importantes cr\u00e9ditos que se remontan a finales de los a\u00f1os 1990, Nottz es un \u00edcono de la producci\u00f3n que ha trabajado con Busta Rhymes, Snoop Dogg, 50 Cent, Scarface, The Game, Pusha T, Slaughterhouse, Ghostface Killah, Rapsody, Asher Roth, Little Brother, Talib Kweli y muchos m\u00e1s. Ahora, Blu y Nottz se re\u00fanen para el nuevo \u00e1lbum Afrika, una celebraci\u00f3n de la rica historia y cultura de su tierra ancestral. Con t\u00edtulos de canciones en swahili y ritmos atronadores de Nottz, la colecci\u00f3n muestra a Blu abrazando con orgullo sus ra\u00edces, conectando las luchas de los negros en los EE. UU. con las de los pueblos africanos en todo el mundo. \u00abEspero que este proyecto inspire a muchos otros a hablar del origen y hogar de la humanidad, \u00c1frica\u00bb, explica Blu. Este poderoso mensaje se ve reforzado por una legi\u00f3n de invitados talentosos, ya que Afrika presenta apariciones de Quelle Chris, Mickey Factz, Shad, Ill Camille, Scienze, Cashus King y m\u00e1s.<\/p>\n","protected":false},"excerpt":{"rendered":"<p>Un elemento independiente del hip-hop durante m\u00e1s de 15 a\u00f1os, el famoso maestro de ceremonias de Los \u00c1ngeles, Blu, ha dominado el arte perdido del \u00e1lbum, imbuyendo<a class=\"read\" href=\"https:\/\/wpguerssen-test.odoo.rgbconsulting.com\/es\/producto\/afrika-2\/\"> (...)<\/a>","protected":false},"featured_media":248160,"template":"","meta":{"_acf_changed":false},"product_brand":[],"product_cat":[21706],"product_tag":[],"class_list":{"0":"post-248181","1":"product","2":"type-product","3":"status-publish","4":"has-post-thumbnail","6":"product_cat-rap-hip-hop-es","7":"pa_artist-blu-nottz","8":"pa_format-lp-es","9":"pa_gender-rap-hip-hop","10":"pa_label-nature-sounds","11":"pa_location-north-america-es","12":"pa_other-filters-vinyl-only-es","14":"first","15":"instock","16":"taxable","17":"shipping-taxable","18":"purchasable","19":"product-type-simple"},"acf":[],"yoast_head":"<!-- This site is optimized with the Yoast SEO plugin v24.9 - https:\/\/yoast.com\/wordpress\/plugins\/seo\/ -->\n<title>BLU &amp; NOTTZ - Afrika -  (LP) | Guerssen<\/title>\n<meta name=\"description\" content=\"An independent hip-hop fixture for more than 15 years, famed Los Angeles emcee Blu has mastered the lost art of the album, imbuing each new project with unique themes and often recruiting a single producer to craft a cohesive sonic experience. This has lead to full-length collaborations with the likes of Exile, Madlib, Shafiq Husayn, Oh No, Damu The Fudgemunk, and more, along with the 2018 classic Gods InThe Spirit, Titans In The Flesh, produced by Virginia beatsmith Nottz. With major credits dating back to the late 1990s, Nottz is a production icon who has worked with Busta Rhymes, Snoop Dogg, 50 Cent,Scarface, The Game, Pusha T, Slaughterhouse, Ghostface Killah, Rapsody, Asher Roth, Little Brother, Talib Kweli, and many more. Now, Blu and Nottz are reuniting for the new album Afrika, a celebration of the rich history and culture of their ancestral homeland. With Swahili song titles and thunderous beats from Nottz, the collection finds Blu proudly embracing his roots, connecting black struggles in the U.S. to those of African peoples worldwide. &quot;I hope this project inspires many others to speak on the father and home of humanity, Afrika,&quot; Blu explains. This powerful message is reinforced by a legion of talented guests, as Afrika features appearances by Quelle Chris, Mickey Factz, Shad, Ill Camille, Scienze, Cashus King, and more.\" \/>\n<meta name=\"robots\" content=\"index, follow, max-snippet:-1, max-image-preview:large, max-video-preview:-1\" \/>\n<link rel=\"canonical\" href=\"https:\/\/wpguerssen-test.odoo.rgbconsulting.com\/es\/producto\/afrika-2\/\" \/>\n<meta property=\"og:locale\" content=\"es_ES\" \/>\n<meta property=\"og:type\" content=\"article\" \/>\n<meta property=\"og:title\" content=\"BLU &amp; NOTTZ - Afrika -  (LP) | Guerssen\" \/>\n<meta property=\"og:description\" content=\"An independent hip-hop fixture for more than 15 years, famed Los Angeles emcee Blu has mastered the lost art of the album, imbuing each new project with unique themes and often recruiting a single producer to craft a cohesive sonic experience. This has lead to full-length collaborations with the likes of Exile, Madlib, Shafiq Husayn, Oh No, Damu The Fudgemunk, and more, along with the 2018 classic Gods InThe Spirit, Titans In The Flesh, produced by Virginia beatsmith Nottz. With major credits dating back to the late 1990s, Nottz is a production icon who has worked with Busta Rhymes, Snoop Dogg, 50 Cent,Scarface, The Game, Pusha T, Slaughterhouse, Ghostface Killah, Rapsody, Asher Roth, Little Brother, Talib Kweli, and many more. Now, Blu and Nottz are reuniting for the new album Afrika, a celebration of the rich history and culture of their ancestral homeland. With Swahili song titles and thunderous beats from Nottz, the collection finds Blu proudly embracing his roots, connecting black struggles in the U.S. to those of African peoples worldwide. &quot;I hope this project inspires many others to speak on the father and home of humanity, Afrika,&quot; Blu explains. This powerful message is reinforced by a legion of talented guests, as Afrika features appearances by Quelle Chris, Mickey Factz, Shad, Ill Camille, Scienze, Cashus King, and more.\" \/>\n<meta property=\"og:url\" content=\"https:\/\/wpguerssen-test.odoo.rgbconsulting.com\/es\/producto\/afrika-2\/\" \/>\n<meta property=\"og:site_name\" content=\"Guerssen records\" \/>\n<meta property=\"article:modified_time\" content=\"2024-07-01T17:07:56+00:00\" \/>\n<meta property=\"og:image\" content=\"https:\/\/wpguerssen-test.odoo.rgbconsulting.com\/wp-content\/uploads\/2023\/12\/46414.jpg\" \/>\n\t<meta property=\"og:image:width\" content=\"400\" \/>\n\t<meta property=\"og:image:height\" content=\"400\" \/>\n\t<meta property=\"og:image:type\" content=\"image\/jpeg\" \/>\n<meta name=\"twitter:card\" content=\"summary_large_image\" \/>\n<meta name=\"twitter:title\" content=\"BLU &amp; NOTTZ - Afrika -  (LP) | Guerssen\" \/>\n<meta name=\"twitter:label1\" content=\"Tiempo de lectura\" \/>\n\t<meta name=\"twitter:data1\" content=\"1 minuto\" \/>\n<script type=\"application\/ld+json\" class=\"yoast-schema-graph\">{\"@context\":\"https:\/\/schema.org\",\"@graph\":[{\"@type\":\"WebPage\",\"@id\":\"https:\/\/wpguerssen-test.odoo.rgbconsulting.com\/es\/producto\/afrika-2\/\",\"url\":\"https:\/\/wpguerssen-test.odoo.rgbconsulting.com\/es\/producto\/afrika-2\/\",\"name\":\"BLU & NOTTZ - Afrika - (LP) | Guerssen\",\"isPartOf\":{\"@id\":\"https:\/\/wpguerssen-test.odoo.rgbconsulting.com\/es\/#website\"},\"primaryImageOfPage\":{\"@id\":\"https:\/\/wpguerssen-test.odoo.rgbconsulting.com\/es\/producto\/afrika-2\/#primaryimage\"},\"image\":{\"@id\":\"https:\/\/wpguerssen-test.odoo.rgbconsulting.com\/es\/producto\/afrika-2\/#primaryimage\"},\"thumbnailUrl\":\"https:\/\/wpguerssen-test.odoo.rgbconsulting.com\/wp-content\/uploads\/2023\/12\/46414.jpg\",\"datePublished\":\"2024-02-21T23:00:00+00:00\",\"dateModified\":\"2024-07-01T17:07:56+00:00\",\"description\":\"An independent hip-hop fixture for more than 15 years, famed Los Angeles emcee Blu has mastered the lost art of the album, imbuing each new project with unique themes and often recruiting a single producer to craft a cohesive sonic experience. This has lead to full-length collaborations with the likes of Exile, Madlib, Shafiq Husayn, Oh No, Damu The Fudgemunk, and more, along with the 2018 classic Gods InThe Spirit, Titans In The Flesh, produced by Virginia beatsmith Nottz. With major credits dating back to the late 1990s, Nottz is a production icon who has worked with Busta Rhymes, Snoop Dogg, 50 Cent,Scarface, The Game, Pusha T, Slaughterhouse, Ghostface Killah, Rapsody, Asher Roth, Little Brother, Talib Kweli, and many more. Now, Blu and Nottz are reuniting for the new album Afrika, a celebration of the rich history and culture of their ancestral homeland. With Swahili song titles and thunderous beats from Nottz, the collection finds Blu proudly embracing his roots, connecting black struggles in the U.S. to those of African peoples worldwide. \\\"I hope this project inspires many others to speak on the father and home of humanity, Afrika,\\\" Blu explains. This powerful message is reinforced by a legion of talented guests, as Afrika features appearances by Quelle Chris, Mickey Factz, Shad, Ill Camille, Scienze, Cashus King, and more.\",\"breadcrumb\":{\"@id\":\"https:\/\/wpguerssen-test.odoo.rgbconsulting.com\/es\/producto\/afrika-2\/#breadcrumb\"},\"inLanguage\":\"es\",\"potentialAction\":[{\"@type\":\"ReadAction\",\"target\":[\"https:\/\/wpguerssen-test.odoo.rgbconsulting.com\/es\/producto\/afrika-2\/\"]}]},{\"@type\":\"ImageObject\",\"inLanguage\":\"es\",\"@id\":\"https:\/\/wpguerssen-test.odoo.rgbconsulting.com\/es\/producto\/afrika-2\/#primaryimage\",\"url\":\"https:\/\/wpguerssen-test.odoo.rgbconsulting.com\/wp-content\/uploads\/2023\/12\/46414.jpg\",\"contentUrl\":\"https:\/\/wpguerssen-test.odoo.rgbconsulting.com\/wp-content\/uploads\/2023\/12\/46414.jpg\",\"width\":400,\"height\":400},{\"@type\":\"BreadcrumbList\",\"@id\":\"https:\/\/wpguerssen-test.odoo.rgbconsulting.com\/es\/producto\/afrika-2\/#breadcrumb\",\"itemListElement\":[{\"@type\":\"ListItem\",\"position\":1,\"name\":\"Inicio\",\"item\":\"https:\/\/wpguerssen-test.odoo.rgbconsulting.com\/es\/\"},{\"@type\":\"ListItem\",\"position\":2,\"name\":\"Shop\",\"item\":\"https:\/\/wpguerssen-test.odoo.rgbconsulting.com\/shop\/\"},{\"@type\":\"ListItem\",\"position\":3,\"name\":\"Afrika\"}]},{\"@type\":\"WebSite\",\"@id\":\"https:\/\/wpguerssen-test.odoo.rgbconsulting.com\/es\/#website\",\"url\":\"https:\/\/wpguerssen-test.odoo.rgbconsulting.com\/es\/\",\"name\":\"Guerssen records\",\"description\":\"psychedelia - progressive - folk - garage \",\"publisher\":{\"@id\":\"https:\/\/wpguerssen-test.odoo.rgbconsulting.com\/es\/#organization\"},\"potentialAction\":[{\"@type\":\"SearchAction\",\"target\":{\"@type\":\"EntryPoint\",\"urlTemplate\":\"https:\/\/wpguerssen-test.odoo.rgbconsulting.com\/es\/?s={search_term_string}\"},\"query-input\":{\"@type\":\"PropertyValueSpecification\",\"valueRequired\":true,\"valueName\":\"search_term_string\"}}],\"inLanguage\":\"es\"},{\"@type\":\"Organization\",\"@id\":\"https:\/\/wpguerssen-test.odoo.rgbconsulting.com\/es\/#organization\",\"name\":\"Guerssen records\",\"url\":\"https:\/\/wpguerssen-test.odoo.rgbconsulting.com\/es\/\",\"logo\":{\"@type\":\"ImageObject\",\"inLanguage\":\"es\",\"@id\":\"https:\/\/wpguerssen-test.odoo.rgbconsulting.com\/es\/#\/schema\/logo\/image\/\",\"url\":\"https:\/\/wpguerssen-test.odoo.rgbconsulting.com\/wp-content\/uploads\/2022\/04\/Logo_Guerssen_trans_100.png\",\"contentUrl\":\"https:\/\/wpguerssen-test.odoo.rgbconsulting.com\/wp-content\/uploads\/2022\/04\/Logo_Guerssen_trans_100.png\",\"width\":122,\"height\":100,\"caption\":\"Guerssen records\"},\"image\":{\"@id\":\"https:\/\/wpguerssen-test.odoo.rgbconsulting.com\/es\/#\/schema\/logo\/image\/\"}}]}<\/script>\n<!-- \/ Yoast SEO plugin. -->","yoast_head_json":{"title":"BLU & NOTTZ - Afrika -  (LP) | Guerssen","description":"An independent hip-hop fixture for more than 15 years, famed Los Angeles emcee Blu has mastered the lost art of the album, imbuing each new project with unique themes and often recruiting a single producer to craft a cohesive sonic experience. This has lead to full-length collaborations with the likes of Exile, Madlib, Shafiq Husayn, Oh No, Damu The Fudgemunk, and more, along with the 2018 classic Gods InThe Spirit, Titans In The Flesh, produced by Virginia beatsmith Nottz. With major credits dating back to the late 1990s, Nottz is a production icon who has worked with Busta Rhymes, Snoop Dogg, 50 Cent,Scarface, The Game, Pusha T, Slaughterhouse, Ghostface Killah, Rapsody, Asher Roth, Little Brother, Talib Kweli, and many more. Now, Blu and Nottz are reuniting for the new album Afrika, a celebration of the rich history and culture of their ancestral homeland. With Swahili song titles and thunderous beats from Nottz, the collection finds Blu proudly embracing his roots, connecting black struggles in the U.S. to those of African peoples worldwide. \"I hope this project inspires many others to speak on the father and home of humanity, Afrika,\" Blu explains. This powerful message is reinforced by a legion of talented guests, as Afrika features appearances by Quelle Chris, Mickey Factz, Shad, Ill Camille, Scienze, Cashus King, and more.","robots":{"index":"index","follow":"follow","max-snippet":"max-snippet:-1","max-image-preview":"max-image-preview:large","max-video-preview":"max-video-preview:-1"},"canonical":"https:\/\/wpguerssen-test.odoo.rgbconsulting.com\/es\/producto\/afrika-2\/","og_locale":"es_ES","og_type":"article","og_title":"BLU & NOTTZ - Afrika -  (LP) | Guerssen","og_description":"An independent hip-hop fixture for more than 15 years, famed Los Angeles emcee Blu has mastered the lost art of the album, imbuing each new project with unique themes and often recruiting a single producer to craft a cohesive sonic experience. This has lead to full-length collaborations with the likes of Exile, Madlib, Shafiq Husayn, Oh No, Damu The Fudgemunk, and more, along with the 2018 classic Gods InThe Spirit, Titans In The Flesh, produced by Virginia beatsmith Nottz. With major credits dating back to the late 1990s, Nottz is a production icon who has worked with Busta Rhymes, Snoop Dogg, 50 Cent,Scarface, The Game, Pusha T, Slaughterhouse, Ghostface Killah, Rapsody, Asher Roth, Little Brother, Talib Kweli, and many more. Now, Blu and Nottz are reuniting for the new album Afrika, a celebration of the rich history and culture of their ancestral homeland. With Swahili song titles and thunderous beats from Nottz, the collection finds Blu proudly embracing his roots, connecting black struggles in the U.S. to those of African peoples worldwide. \"I hope this project inspires many others to speak on the father and home of humanity, Afrika,\" Blu explains. This powerful message is reinforced by a legion of talented guests, as Afrika features appearances by Quelle Chris, Mickey Factz, Shad, Ill Camille, Scienze, Cashus King, and more.","og_url":"https:\/\/wpguerssen-test.odoo.rgbconsulting.com\/es\/producto\/afrika-2\/","og_site_name":"Guerssen records","article_modified_time":"2024-07-01T17:07:56+00:00","og_image":[{"width":400,"height":400,"url":"https:\/\/wpguerssen-test.odoo.rgbconsulting.com\/wp-content\/uploads\/2023\/12\/46414.jpg","type":"image\/jpeg"}],"twitter_card":"summary_large_image","twitter_title":"BLU & NOTTZ - Afrika -  (LP) | Guerssen","twitter_misc":{"Tiempo de lectura":"1 minuto"},"schema":{"@context":"https:\/\/schema.org","@graph":[{"@type":"WebPage","@id":"https:\/\/wpguerssen-test.odoo.rgbconsulting.com\/es\/producto\/afrika-2\/","url":"https:\/\/wpguerssen-test.odoo.rgbconsulting.com\/es\/producto\/afrika-2\/","name":"BLU & NOTTZ - Afrika - (LP) | Guerssen","isPartOf":{"@id":"https:\/\/wpguerssen-test.odoo.rgbconsulting.com\/es\/#website"},"primaryImageOfPage":{"@id":"https:\/\/wpguerssen-test.odoo.rgbconsulting.com\/es\/producto\/afrika-2\/#primaryimage"},"image":{"@id":"https:\/\/wpguerssen-test.odoo.rgbconsulting.com\/es\/producto\/afrika-2\/#primaryimage"},"thumbnailUrl":"https:\/\/wpguerssen-test.odoo.rgbconsulting.com\/wp-content\/uploads\/2023\/12\/46414.jpg","datePublished":"2024-02-21T23:00:00+00:00","dateModified":"2024-07-01T17:07:56+00:00","description":"An independent hip-hop fixture for more than 15 years, famed Los Angeles emcee Blu has mastered the lost art of the album, imbuing each new project with unique themes and often recruiting a single producer to craft a cohesive sonic experience. This has lead to full-length collaborations with the likes of Exile, Madlib, Shafiq Husayn, Oh No, Damu The Fudgemunk, and more, along with the 2018 classic Gods InThe Spirit, Titans In The Flesh, produced by Virginia beatsmith Nottz. With major credits dating back to the late 1990s, Nottz is a production icon who has worked with Busta Rhymes, Snoop Dogg, 50 Cent,Scarface, The Game, Pusha T, Slaughterhouse, Ghostface Killah, Rapsody, Asher Roth, Little Brother, Talib Kweli, and many more. Now, Blu and Nottz are reuniting for the new album Afrika, a celebration of the rich history and culture of their ancestral homeland. With Swahili song titles and thunderous beats from Nottz, the collection finds Blu proudly embracing his roots, connecting black struggles in the U.S. to those of African peoples worldwide. \"I hope this project inspires many others to speak on the father and home of humanity, Afrika,\" Blu explains. This powerful message is reinforced by a legion of talented guests, as Afrika features appearances by Quelle Chris, Mickey Factz, Shad, Ill Camille, Scienze, Cashus King, and more.","breadcrumb":{"@id":"https:\/\/wpguerssen-test.odoo.rgbconsulting.com\/es\/producto\/afrika-2\/#breadcrumb"},"inLanguage":"es","potentialAction":[{"@type":"ReadAction","target":["https:\/\/wpguerssen-test.odoo.rgbconsulting.com\/es\/producto\/afrika-2\/"]}]},{"@type":"ImageObject","inLanguage":"es","@id":"https:\/\/wpguerssen-test.odoo.rgbconsulting.com\/es\/producto\/afrika-2\/#primaryimage","url":"https:\/\/wpguerssen-test.odoo.rgbconsulting.com\/wp-content\/uploads\/2023\/12\/46414.jpg","contentUrl":"https:\/\/wpguerssen-test.odoo.rgbconsulting.com\/wp-content\/uploads\/2023\/12\/46414.jpg","width":400,"height":400},{"@type":"BreadcrumbList","@id":"https:\/\/wpguerssen-test.odoo.rgbconsulting.com\/es\/producto\/afrika-2\/#breadcrumb","itemListElement":[{"@type":"ListItem","position":1,"name":"Inicio","item":"https:\/\/wpguerssen-test.odoo.rgbconsulting.com\/es\/"},{"@type":"ListItem","position":2,"name":"Shop","item":"https:\/\/wpguerssen-test.odoo.rgbconsulting.com\/shop\/"},{"@type":"ListItem","position":3,"name":"Afrika"}]},{"@type":"WebSite","@id":"https:\/\/wpguerssen-test.odoo.rgbconsulting.com\/es\/#website","url":"https:\/\/wpguerssen-test.odoo.rgbconsulting.com\/es\/","name":"Guerssen records","description":"psychedelia - progressive - folk - garage ","publisher":{"@id":"https:\/\/wpguerssen-test.odoo.rgbconsulting.com\/es\/#organization"},"potentialAction":[{"@type":"SearchAction","target":{"@type":"EntryPoint","urlTemplate":"https:\/\/wpguerssen-test.odoo.rgbconsulting.com\/es\/?s={search_term_string}"},"query-input":{"@type":"PropertyValueSpecification","valueRequired":true,"valueName":"search_term_string"}}],"inLanguage":"es"},{"@type":"Organization","@id":"https:\/\/wpguerssen-test.odoo.rgbconsulting.com\/es\/#organization","name":"Guerssen records","url":"https:\/\/wpguerssen-test.odoo.rgbconsulting.com\/es\/","logo":{"@type":"ImageObject","inLanguage":"es","@id":"https:\/\/wpguerssen-test.odoo.rgbconsulting.com\/es\/#\/schema\/logo\/image\/","url":"https:\/\/wpguerssen-test.odoo.rgbconsulting.com\/wp-content\/uploads\/2022\/04\/Logo_Guerssen_trans_100.png","contentUrl":"https:\/\/wpguerssen-test.odoo.rgbconsulting.com\/wp-content\/uploads\/2022\/04\/Logo_Guerssen_trans_100.png","width":122,"height":100,"caption":"Guerssen records"},"image":{"@id":"https:\/\/wpguerssen-test.odoo.rgbconsulting.com\/es\/#\/schema\/logo\/image\/"}}]}},"_links":{"self":[{"href":"https:\/\/wpguerssen-test.odoo.rgbconsulting.com\/es\/wp-json\/wp\/v2\/product\/248181","targetHints":{"allow":["GET"]}}],"collection":[{"href":"https:\/\/wpguerssen-test.odoo.rgbconsulting.com\/es\/wp-json\/wp\/v2\/product"}],"about":[{"href":"https:\/\/wpguerssen-test.odoo.rgbconsulting.com\/es\/wp-json\/wp\/v2\/types\/product"}],"wp:featuredmedia":[{"embeddable":true,"href":"https:\/\/wpguerssen-test.odoo.rgbconsulting.com\/es\/wp-json\/wp\/v2\/media\/248160"}],"wp:attachment":[{"href":"https:\/\/wpguerssen-test.odoo.rgbconsulting.com\/es\/wp-json\/wp\/v2\/media?parent=248181"}],"wp:term":[{"taxonomy":"product_brand","embeddable":true,"href":"https:\/\/wpguerssen-test.odoo.rgbconsulting.com\/es\/wp-json\/wp\/v2\/product_brand?post=248181"},{"taxonomy":"product_cat","embeddable":true,"href":"https:\/\/wpguerssen-test.odoo.rgbconsulting.com\/es\/wp-json\/wp\/v2\/product_cat?post=248181"},{"taxonomy":"product_tag","embeddable":true,"href":"https:\/\/wpguerssen-test.odoo.rgbconsulting.com\/es\/wp-json\/wp\/v2\/product_tag?post=248181"}],"curies":[{"name":"wp","href":"https:\/\/api.w.org\/{rel}","templated":true}]}}