{"id":248183,"date":"2024-02-22T00:00:00","date_gmt":"2024-02-21T23:00:00","guid":{"rendered":"https:\/\/wpguerssen-test.odoo.rgbconsulting.com\/product\/heavy-vibrato-2\/"},"modified":"2024-07-01T19:08:05","modified_gmt":"2024-07-01T17:08:05","slug":"heavy-vibrato-2","status":"publish","type":"product","link":"https:\/\/wpguerssen-test.odoo.rgbconsulting.com\/es\/producto\/heavy-vibrato-2\/","title":{"rendered":"Heavy Vibrato"},"content":{"rendered":"<p>Conocido por tejer rimas complejas con estilo, Elzhi ha estado rapeando durante m\u00e1s de dos d\u00e9cadas. Despu\u00e9s de a\u00f1os como miembro del ic\u00f3nico grupo Slum Village, su carrera en solitario ha incluido proyectos producidos por artistas aclamados como Black Milk, Georgia Anne Muldrow, Khrysis y Will Sessions. Ahora, el maestro de ceremonias de Detroit se une al maestro del beat de California Oh No para el nuevo \u00e1lbum colaborativo Heavy Vibrato. Oh No, una luminaria del hip-hop underground con m\u00faltiples talentos, ha construido un curr\u00edculum formidable detr\u00e1s de los tableros, creando temas para Mos Def, Freddie Gibbs, MF DOOM, Action Bronson, Talib Kweli, Ab-Soul, Danny Brown y m\u00e1s. Heavy Vibrato es un escaparate emocionante por la magia l\u00edrica y la narraci\u00f3n cinematogr\u00e1fica de Elzhi, mientras Oh No da nueva vida a un fascinante tapiz de samples de jazz, produciendo la colecci\u00f3n completa. \u00abLo \u00fanico que necesitas para absorber esta experiencia es una mente abierta\u00bb, dice Elzhi. Con apariciones especiales de Blu y Guilty Simpson, Heavy Vibrato aprovecha una frecuencia innegable.<\/p>\n","protected":false},"excerpt":{"rendered":"<p>Conocido por tejer rimas complejas con estilo, Elzhi ha estado rapeando durante m\u00e1s de dos d\u00e9cadas. Despu\u00e9s de a\u00f1os como miembro del ic\u00f3nico grupo Slum Village,<a class=\"read\" href=\"https:\/\/wpguerssen-test.odoo.rgbconsulting.com\/es\/producto\/heavy-vibrato-2\/\"> (...)<\/a>","protected":false},"featured_media":248166,"template":"","meta":{"_acf_changed":false},"product_brand":[],"product_cat":[21706],"product_tag":[],"class_list":{"0":"post-248183","1":"product","2":"type-product","3":"status-publish","4":"has-post-thumbnail","6":"product_cat-rap-hip-hop-es","7":"pa_artist-elzhi-oh-no","8":"pa_format-lp-es","9":"pa_gender-rap-hip-hop","10":"pa_label-nature-sounds","11":"pa_location-north-america-es","12":"pa_other-filters-vinyl-only-es","14":"first","15":"instock","16":"taxable","17":"shipping-taxable","18":"purchasable","19":"product-type-simple"},"acf":[],"yoast_head":"<!-- This site is optimized with the Yoast SEO plugin v24.9 - https:\/\/yoast.com\/wordpress\/plugins\/seo\/ -->\n<title>ELZHI &amp; OH NO - Heavy Vibrato -  (LP) | Guerssen<\/title>\n<meta name=\"description\" content=\"Known for weaving together complex rhymes with style, Elzhi has been rapping circles around the competition for more than two decades. After years as a member of iconic group Slum Village, Elzhi&#039;s impressivesolo career has included projects produced by acclaimed artists like Black Milk, Georgia Anne Muldrow, Khrysis, and Will Sessions. Now, the Detroit emcee is linking with California beat maestro Oh No for the new collaborative album Heavy Vibrato. A multitalented underground hip-hop luminary, Oh No has built a formidable resume behind the boards, crafting tracks for Mos Def, Freddie Gibbs, MF DOOM, Action Bronson, Talib Kweli, Ab-Soul, Danny Brown, and more. Heavy Vibrato is a thrilling showcase for Elzhi&#039;s lyrical wizardry and cinematic storytelling, as Oh No breathes new life into a compelling tapestry of jazz samples, producing the entire collection. &quot;The only thing you need to absorb this experience is an open mind,&quot; says Elzhi. With guest appearances by Blu and Guilty Simpson, Heavy Vibrato taps into an undeniable frequency.\" \/>\n<meta name=\"robots\" content=\"index, follow, max-snippet:-1, max-image-preview:large, max-video-preview:-1\" \/>\n<link rel=\"canonical\" href=\"https:\/\/wpguerssen-test.odoo.rgbconsulting.com\/es\/producto\/heavy-vibrato-2\/\" \/>\n<meta property=\"og:locale\" content=\"es_ES\" \/>\n<meta property=\"og:type\" content=\"article\" \/>\n<meta property=\"og:title\" content=\"ELZHI &amp; OH NO - Heavy Vibrato -  (LP) | Guerssen\" \/>\n<meta property=\"og:description\" content=\"Known for weaving together complex rhymes with style, Elzhi has been rapping circles around the competition for more than two decades. After years as a member of iconic group Slum Village, Elzhi&#039;s impressivesolo career has included projects produced by acclaimed artists like Black Milk, Georgia Anne Muldrow, Khrysis, and Will Sessions. Now, the Detroit emcee is linking with California beat maestro Oh No for the new collaborative album Heavy Vibrato. A multitalented underground hip-hop luminary, Oh No has built a formidable resume behind the boards, crafting tracks for Mos Def, Freddie Gibbs, MF DOOM, Action Bronson, Talib Kweli, Ab-Soul, Danny Brown, and more. Heavy Vibrato is a thrilling showcase for Elzhi&#039;s lyrical wizardry and cinematic storytelling, as Oh No breathes new life into a compelling tapestry of jazz samples, producing the entire collection. &quot;The only thing you need to absorb this experience is an open mind,&quot; says Elzhi. With guest appearances by Blu and Guilty Simpson, Heavy Vibrato taps into an undeniable frequency.\" \/>\n<meta property=\"og:url\" content=\"https:\/\/wpguerssen-test.odoo.rgbconsulting.com\/es\/producto\/heavy-vibrato-2\/\" \/>\n<meta property=\"og:site_name\" content=\"Guerssen records\" \/>\n<meta property=\"article:modified_time\" content=\"2024-07-01T17:08:05+00:00\" \/>\n<meta property=\"og:image\" content=\"https:\/\/wpguerssen-test.odoo.rgbconsulting.com\/wp-content\/uploads\/2023\/12\/46416.jpg\" \/>\n\t<meta property=\"og:image:width\" content=\"400\" \/>\n\t<meta property=\"og:image:height\" content=\"400\" \/>\n\t<meta property=\"og:image:type\" content=\"image\/jpeg\" \/>\n<meta name=\"twitter:card\" content=\"summary_large_image\" \/>\n<meta name=\"twitter:title\" content=\"ELZHI &amp; OH NO - Heavy Vibrato -  (LP) | Guerssen\" \/>\n<meta name=\"twitter:label1\" content=\"Tiempo de lectura\" \/>\n\t<meta name=\"twitter:data1\" content=\"1 minuto\" \/>\n<script type=\"application\/ld+json\" class=\"yoast-schema-graph\">{\"@context\":\"https:\/\/schema.org\",\"@graph\":[{\"@type\":\"WebPage\",\"@id\":\"https:\/\/wpguerssen-test.odoo.rgbconsulting.com\/es\/producto\/heavy-vibrato-2\/\",\"url\":\"https:\/\/wpguerssen-test.odoo.rgbconsulting.com\/es\/producto\/heavy-vibrato-2\/\",\"name\":\"ELZHI & OH NO - Heavy Vibrato - (LP) | Guerssen\",\"isPartOf\":{\"@id\":\"https:\/\/wpguerssen-test.odoo.rgbconsulting.com\/es\/#website\"},\"primaryImageOfPage\":{\"@id\":\"https:\/\/wpguerssen-test.odoo.rgbconsulting.com\/es\/producto\/heavy-vibrato-2\/#primaryimage\"},\"image\":{\"@id\":\"https:\/\/wpguerssen-test.odoo.rgbconsulting.com\/es\/producto\/heavy-vibrato-2\/#primaryimage\"},\"thumbnailUrl\":\"https:\/\/wpguerssen-test.odoo.rgbconsulting.com\/wp-content\/uploads\/2023\/12\/46416.jpg\",\"datePublished\":\"2024-02-21T23:00:00+00:00\",\"dateModified\":\"2024-07-01T17:08:05+00:00\",\"description\":\"Known for weaving together complex rhymes with style, Elzhi has been rapping circles around the competition for more than two decades. After years as a member of iconic group Slum Village, Elzhi's impressivesolo career has included projects produced by acclaimed artists like Black Milk, Georgia Anne Muldrow, Khrysis, and Will Sessions. Now, the Detroit emcee is linking with California beat maestro Oh No for the new collaborative album Heavy Vibrato. A multitalented underground hip-hop luminary, Oh No has built a formidable resume behind the boards, crafting tracks for Mos Def, Freddie Gibbs, MF DOOM, Action Bronson, Talib Kweli, Ab-Soul, Danny Brown, and more. Heavy Vibrato is a thrilling showcase for Elzhi's lyrical wizardry and cinematic storytelling, as Oh No breathes new life into a compelling tapestry of jazz samples, producing the entire collection. \\\"The only thing you need to absorb this experience is an open mind,\\\" says Elzhi. With guest appearances by Blu and Guilty Simpson, Heavy Vibrato taps into an undeniable frequency.\",\"breadcrumb\":{\"@id\":\"https:\/\/wpguerssen-test.odoo.rgbconsulting.com\/es\/producto\/heavy-vibrato-2\/#breadcrumb\"},\"inLanguage\":\"es\",\"potentialAction\":[{\"@type\":\"ReadAction\",\"target\":[\"https:\/\/wpguerssen-test.odoo.rgbconsulting.com\/es\/producto\/heavy-vibrato-2\/\"]}]},{\"@type\":\"ImageObject\",\"inLanguage\":\"es\",\"@id\":\"https:\/\/wpguerssen-test.odoo.rgbconsulting.com\/es\/producto\/heavy-vibrato-2\/#primaryimage\",\"url\":\"https:\/\/wpguerssen-test.odoo.rgbconsulting.com\/wp-content\/uploads\/2023\/12\/46416.jpg\",\"contentUrl\":\"https:\/\/wpguerssen-test.odoo.rgbconsulting.com\/wp-content\/uploads\/2023\/12\/46416.jpg\",\"width\":400,\"height\":400},{\"@type\":\"BreadcrumbList\",\"@id\":\"https:\/\/wpguerssen-test.odoo.rgbconsulting.com\/es\/producto\/heavy-vibrato-2\/#breadcrumb\",\"itemListElement\":[{\"@type\":\"ListItem\",\"position\":1,\"name\":\"Inicio\",\"item\":\"https:\/\/wpguerssen-test.odoo.rgbconsulting.com\/es\/\"},{\"@type\":\"ListItem\",\"position\":2,\"name\":\"Shop\",\"item\":\"https:\/\/wpguerssen-test.odoo.rgbconsulting.com\/shop\/\"},{\"@type\":\"ListItem\",\"position\":3,\"name\":\"Heavy Vibrato\"}]},{\"@type\":\"WebSite\",\"@id\":\"https:\/\/wpguerssen-test.odoo.rgbconsulting.com\/es\/#website\",\"url\":\"https:\/\/wpguerssen-test.odoo.rgbconsulting.com\/es\/\",\"name\":\"Guerssen records\",\"description\":\"psychedelia - progressive - folk - garage \",\"publisher\":{\"@id\":\"https:\/\/wpguerssen-test.odoo.rgbconsulting.com\/es\/#organization\"},\"potentialAction\":[{\"@type\":\"SearchAction\",\"target\":{\"@type\":\"EntryPoint\",\"urlTemplate\":\"https:\/\/wpguerssen-test.odoo.rgbconsulting.com\/es\/?s={search_term_string}\"},\"query-input\":{\"@type\":\"PropertyValueSpecification\",\"valueRequired\":true,\"valueName\":\"search_term_string\"}}],\"inLanguage\":\"es\"},{\"@type\":\"Organization\",\"@id\":\"https:\/\/wpguerssen-test.odoo.rgbconsulting.com\/es\/#organization\",\"name\":\"Guerssen records\",\"url\":\"https:\/\/wpguerssen-test.odoo.rgbconsulting.com\/es\/\",\"logo\":{\"@type\":\"ImageObject\",\"inLanguage\":\"es\",\"@id\":\"https:\/\/wpguerssen-test.odoo.rgbconsulting.com\/es\/#\/schema\/logo\/image\/\",\"url\":\"https:\/\/wpguerssen-test.odoo.rgbconsulting.com\/wp-content\/uploads\/2022\/04\/Logo_Guerssen_trans_100.png\",\"contentUrl\":\"https:\/\/wpguerssen-test.odoo.rgbconsulting.com\/wp-content\/uploads\/2022\/04\/Logo_Guerssen_trans_100.png\",\"width\":122,\"height\":100,\"caption\":\"Guerssen records\"},\"image\":{\"@id\":\"https:\/\/wpguerssen-test.odoo.rgbconsulting.com\/es\/#\/schema\/logo\/image\/\"}}]}<\/script>\n<!-- \/ Yoast SEO plugin. -->","yoast_head_json":{"title":"ELZHI & OH NO - Heavy Vibrato -  (LP) | Guerssen","description":"Known for weaving together complex rhymes with style, Elzhi has been rapping circles around the competition for more than two decades. After years as a member of iconic group Slum Village, Elzhi's impressivesolo career has included projects produced by acclaimed artists like Black Milk, Georgia Anne Muldrow, Khrysis, and Will Sessions. Now, the Detroit emcee is linking with California beat maestro Oh No for the new collaborative album Heavy Vibrato. A multitalented underground hip-hop luminary, Oh No has built a formidable resume behind the boards, crafting tracks for Mos Def, Freddie Gibbs, MF DOOM, Action Bronson, Talib Kweli, Ab-Soul, Danny Brown, and more. Heavy Vibrato is a thrilling showcase for Elzhi's lyrical wizardry and cinematic storytelling, as Oh No breathes new life into a compelling tapestry of jazz samples, producing the entire collection. \"The only thing you need to absorb this experience is an open mind,\" says Elzhi. With guest appearances by Blu and Guilty Simpson, Heavy Vibrato taps into an undeniable frequency.","robots":{"index":"index","follow":"follow","max-snippet":"max-snippet:-1","max-image-preview":"max-image-preview:large","max-video-preview":"max-video-preview:-1"},"canonical":"https:\/\/wpguerssen-test.odoo.rgbconsulting.com\/es\/producto\/heavy-vibrato-2\/","og_locale":"es_ES","og_type":"article","og_title":"ELZHI & OH NO - Heavy Vibrato -  (LP) | Guerssen","og_description":"Known for weaving together complex rhymes with style, Elzhi has been rapping circles around the competition for more than two decades. After years as a member of iconic group Slum Village, Elzhi's impressivesolo career has included projects produced by acclaimed artists like Black Milk, Georgia Anne Muldrow, Khrysis, and Will Sessions. Now, the Detroit emcee is linking with California beat maestro Oh No for the new collaborative album Heavy Vibrato. A multitalented underground hip-hop luminary, Oh No has built a formidable resume behind the boards, crafting tracks for Mos Def, Freddie Gibbs, MF DOOM, Action Bronson, Talib Kweli, Ab-Soul, Danny Brown, and more. Heavy Vibrato is a thrilling showcase for Elzhi's lyrical wizardry and cinematic storytelling, as Oh No breathes new life into a compelling tapestry of jazz samples, producing the entire collection. \"The only thing you need to absorb this experience is an open mind,\" says Elzhi. With guest appearances by Blu and Guilty Simpson, Heavy Vibrato taps into an undeniable frequency.","og_url":"https:\/\/wpguerssen-test.odoo.rgbconsulting.com\/es\/producto\/heavy-vibrato-2\/","og_site_name":"Guerssen records","article_modified_time":"2024-07-01T17:08:05+00:00","og_image":[{"width":400,"height":400,"url":"https:\/\/wpguerssen-test.odoo.rgbconsulting.com\/wp-content\/uploads\/2023\/12\/46416.jpg","type":"image\/jpeg"}],"twitter_card":"summary_large_image","twitter_title":"ELZHI & OH NO - Heavy Vibrato -  (LP) | Guerssen","twitter_misc":{"Tiempo de lectura":"1 minuto"},"schema":{"@context":"https:\/\/schema.org","@graph":[{"@type":"WebPage","@id":"https:\/\/wpguerssen-test.odoo.rgbconsulting.com\/es\/producto\/heavy-vibrato-2\/","url":"https:\/\/wpguerssen-test.odoo.rgbconsulting.com\/es\/producto\/heavy-vibrato-2\/","name":"ELZHI & OH NO - Heavy Vibrato - (LP) | Guerssen","isPartOf":{"@id":"https:\/\/wpguerssen-test.odoo.rgbconsulting.com\/es\/#website"},"primaryImageOfPage":{"@id":"https:\/\/wpguerssen-test.odoo.rgbconsulting.com\/es\/producto\/heavy-vibrato-2\/#primaryimage"},"image":{"@id":"https:\/\/wpguerssen-test.odoo.rgbconsulting.com\/es\/producto\/heavy-vibrato-2\/#primaryimage"},"thumbnailUrl":"https:\/\/wpguerssen-test.odoo.rgbconsulting.com\/wp-content\/uploads\/2023\/12\/46416.jpg","datePublished":"2024-02-21T23:00:00+00:00","dateModified":"2024-07-01T17:08:05+00:00","description":"Known for weaving together complex rhymes with style, Elzhi has been rapping circles around the competition for more than two decades. After years as a member of iconic group Slum Village, Elzhi's impressivesolo career has included projects produced by acclaimed artists like Black Milk, Georgia Anne Muldrow, Khrysis, and Will Sessions. Now, the Detroit emcee is linking with California beat maestro Oh No for the new collaborative album Heavy Vibrato. A multitalented underground hip-hop luminary, Oh No has built a formidable resume behind the boards, crafting tracks for Mos Def, Freddie Gibbs, MF DOOM, Action Bronson, Talib Kweli, Ab-Soul, Danny Brown, and more. Heavy Vibrato is a thrilling showcase for Elzhi's lyrical wizardry and cinematic storytelling, as Oh No breathes new life into a compelling tapestry of jazz samples, producing the entire collection. \"The only thing you need to absorb this experience is an open mind,\" says Elzhi. With guest appearances by Blu and Guilty Simpson, Heavy Vibrato taps into an undeniable frequency.","breadcrumb":{"@id":"https:\/\/wpguerssen-test.odoo.rgbconsulting.com\/es\/producto\/heavy-vibrato-2\/#breadcrumb"},"inLanguage":"es","potentialAction":[{"@type":"ReadAction","target":["https:\/\/wpguerssen-test.odoo.rgbconsulting.com\/es\/producto\/heavy-vibrato-2\/"]}]},{"@type":"ImageObject","inLanguage":"es","@id":"https:\/\/wpguerssen-test.odoo.rgbconsulting.com\/es\/producto\/heavy-vibrato-2\/#primaryimage","url":"https:\/\/wpguerssen-test.odoo.rgbconsulting.com\/wp-content\/uploads\/2023\/12\/46416.jpg","contentUrl":"https:\/\/wpguerssen-test.odoo.rgbconsulting.com\/wp-content\/uploads\/2023\/12\/46416.jpg","width":400,"height":400},{"@type":"BreadcrumbList","@id":"https:\/\/wpguerssen-test.odoo.rgbconsulting.com\/es\/producto\/heavy-vibrato-2\/#breadcrumb","itemListElement":[{"@type":"ListItem","position":1,"name":"Inicio","item":"https:\/\/wpguerssen-test.odoo.rgbconsulting.com\/es\/"},{"@type":"ListItem","position":2,"name":"Shop","item":"https:\/\/wpguerssen-test.odoo.rgbconsulting.com\/shop\/"},{"@type":"ListItem","position":3,"name":"Heavy Vibrato"}]},{"@type":"WebSite","@id":"https:\/\/wpguerssen-test.odoo.rgbconsulting.com\/es\/#website","url":"https:\/\/wpguerssen-test.odoo.rgbconsulting.com\/es\/","name":"Guerssen records","description":"psychedelia - progressive - folk - garage ","publisher":{"@id":"https:\/\/wpguerssen-test.odoo.rgbconsulting.com\/es\/#organization"},"potentialAction":[{"@type":"SearchAction","target":{"@type":"EntryPoint","urlTemplate":"https:\/\/wpguerssen-test.odoo.rgbconsulting.com\/es\/?s={search_term_string}"},"query-input":{"@type":"PropertyValueSpecification","valueRequired":true,"valueName":"search_term_string"}}],"inLanguage":"es"},{"@type":"Organization","@id":"https:\/\/wpguerssen-test.odoo.rgbconsulting.com\/es\/#organization","name":"Guerssen records","url":"https:\/\/wpguerssen-test.odoo.rgbconsulting.com\/es\/","logo":{"@type":"ImageObject","inLanguage":"es","@id":"https:\/\/wpguerssen-test.odoo.rgbconsulting.com\/es\/#\/schema\/logo\/image\/","url":"https:\/\/wpguerssen-test.odoo.rgbconsulting.com\/wp-content\/uploads\/2022\/04\/Logo_Guerssen_trans_100.png","contentUrl":"https:\/\/wpguerssen-test.odoo.rgbconsulting.com\/wp-content\/uploads\/2022\/04\/Logo_Guerssen_trans_100.png","width":122,"height":100,"caption":"Guerssen records"},"image":{"@id":"https:\/\/wpguerssen-test.odoo.rgbconsulting.com\/es\/#\/schema\/logo\/image\/"}}]}},"_links":{"self":[{"href":"https:\/\/wpguerssen-test.odoo.rgbconsulting.com\/es\/wp-json\/wp\/v2\/product\/248183","targetHints":{"allow":["GET"]}}],"collection":[{"href":"https:\/\/wpguerssen-test.odoo.rgbconsulting.com\/es\/wp-json\/wp\/v2\/product"}],"about":[{"href":"https:\/\/wpguerssen-test.odoo.rgbconsulting.com\/es\/wp-json\/wp\/v2\/types\/product"}],"wp:featuredmedia":[{"embeddable":true,"href":"https:\/\/wpguerssen-test.odoo.rgbconsulting.com\/es\/wp-json\/wp\/v2\/media\/248166"}],"wp:attachment":[{"href":"https:\/\/wpguerssen-test.odoo.rgbconsulting.com\/es\/wp-json\/wp\/v2\/media?parent=248183"}],"wp:term":[{"taxonomy":"product_brand","embeddable":true,"href":"https:\/\/wpguerssen-test.odoo.rgbconsulting.com\/es\/wp-json\/wp\/v2\/product_brand?post=248183"},{"taxonomy":"product_cat","embeddable":true,"href":"https:\/\/wpguerssen-test.odoo.rgbconsulting.com\/es\/wp-json\/wp\/v2\/product_cat?post=248183"},{"taxonomy":"product_tag","embeddable":true,"href":"https:\/\/wpguerssen-test.odoo.rgbconsulting.com\/es\/wp-json\/wp\/v2\/product_tag?post=248183"}],"curies":[{"name":"wp","href":"https:\/\/api.w.org\/{rel}","templated":true}]}}