{"id":248218,"date":"2025-03-24T00:00:00","date_gmt":"2025-03-23T23:00:00","guid":{"rendered":"https:\/\/wpguerssen-test.odoo.rgbconsulting.com\/product\/soft-winds-the-swinging-harp-of-dorothy-as-clear\/"},"modified":"2025-04-16T18:05:49","modified_gmt":"2025-04-16T16:05:49","slug":"soft-winds-the-swinging-harp-of-dorothy-as-clear","status":"publish","type":"product","link":"https:\/\/wpguerssen-test.odoo.rgbconsulting.com\/es\/producto\/soft-winds-the-swinging-harp-of-dorothy-as-clear\/","title":{"rendered":"Soft Winds: The Swinging Harp Of Dorothy As (clear"},"content":{"rendered":"<p>\u00c1lbum de Dorothy Ashby de 1961 que tambi\u00e9n presenta a Terry Pollard. Viene con una versi\u00f3n de The Skatalites &#8216;Guns of Navarone&#8217; que es una experiencia auditiva bastante surrealista. De las notas originales: \u00abDorothy Ashby puede no ser la primera arpista de jazz (Caspar Reardon) o la primera arpista de jazz (Adele Girard), pero su buen sentido del tiempo y su capacidad para construir l\u00edneas mel\u00f3dicas similares a las de una guitarra la marcan como la m\u00e1s consumada arpista de jazz moderno. La acompa\u00f1aba otra chica de Detroit, Terry Pollard. El principal instrumento de Terry es el piano y es una de las mejores del pa\u00eds, sin excepci\u00f3n. Tambi\u00e9n es una bastante justa vibraarpista de country y en este set, Miss Pollard toca exclusivamente el vibr\u00e1fono, con ellos est\u00e1 todav\u00eda otro Detroiter, Herman Wright, quien al igual que Miss Pollard ha trabajado con Terry Gibbs y Yusef Lateef, y quien tambi\u00e9n se desempe\u00f1\u00f3 como bajista habitual de Miss Ashby. Completando el cuarteto es Jimmy Cobb, baterista del grupo Miles Davis. Durante las actuaciones, Cobb viaja entre escobillas y baquetas sin alterar el equilibrio de este conjunto esencialmente tranquilo. Aqu\u00ed se presenta una amplia gama de material, desde blues como el de Benny Goodman. n\u00famero del t\u00edtulo, &#8216;Soft Winds&#8217; y &#8216;With Strings Attached&#8217; de Miss Ashby, hasta temas de pel\u00edculas como &#8216;Laura&#8217;, &#8216;Wild Is the Wind&#8217; y &#8216;The Guns Of Navarone&#8217;.<\/p>\n","protected":false},"excerpt":{"rendered":"<p>\u00c1lbum de Dorothy Ashby de 1961 que tambi\u00e9n presenta a Terry Pollard. Viene con una versi\u00f3n de The Skatalites &#8216;Guns of Navarone&#8217; que es una experiencia<a class=\"read\" href=\"https:\/\/wpguerssen-test.odoo.rgbconsulting.com\/es\/producto\/soft-winds-the-swinging-harp-of-dorothy-as-clear\/\"> (...)<\/a>","protected":false},"featured_media":220094,"template":"","meta":{"_acf_changed":false},"product_brand":[],"product_cat":[23227],"product_tag":[29140,24185],"class_list":{"0":"post-248218","1":"product","2":"type-product","3":"status-publish","4":"has-post-thumbnail","6":"product_cat-jazz-es","7":"product_tag-color-vinyl-es","8":"product_tag-de-nuevo-en-existencia","9":"pa_artist-ashby-dorothy-es-2","10":"pa_format-lp-es","11":"pa_gender-jazz","12":"pa_label-sowing-records","13":"pa_location-north-america-es","14":"pa_other-filters-vinyl-only-es","16":"first","17":"instock","18":"taxable","19":"shipping-taxable","20":"purchasable","21":"product-type-simple"},"acf":[],"yoast_head":"<!-- This site is optimized with the Yoast SEO plugin v24.9 - https:\/\/yoast.com\/wordpress\/plugins\/seo\/ -->\n<title>ASHBY, Dorothy - Soft Winds: The Swinging Harp Of Dorothy As (clear -  (LP) | Guerssen<\/title>\n<meta name=\"description\" content=\"Back in print ! Dorothy Ashby album from 1961 that also features female vibes player Terry Pollard. Comes with a version of The Skatalites &#039;Guns of Navarone&#039; which is a pretty surreal listening experience. From the original liner notes: &quot;Dorothy Ashby may not be the first jazz harpist (Caspar Reardon) or the first female jazz harpist (Adele Girard), but her good feeling for time and ability to construct melodic, guitar-like lines, mark her as the most accomplished modern jazz harpist. Accompanying her was another Detroit girl, Terry Pollard. Terry&#039;s main instrument is the piano and she is one of the best in the country, bar none. She is also a pretty fair country vibraharpist and in this set, Miss Pollard plays vibes exclusively. With them is still another Detroiter, Herman Wright, who like Miss Pollard has worked with Terry Gibbs and Yusef Lateef, and who also served as Miss Ashby&#039;s regular bassist. Completing the quartet is Jimmy Cobb, drummer for the Miles Davis group. During the proceedings, Cobb travels between brushes and sticks without upsetting the equilibrium of this essentially quiet set. There is wide range of material presented here, from blues like Benny Goodman&#039;s title number, &#039;Soft Winds&#039;, and Miss Ashby&#039;s &#039;With Strings Attached&#039;, to movie themes such as &#039;Laura&#039;, &#039;Wild Is the Wind&#039;, and &#039;The Guns Of Navarone&#039;. Then there are works by such superior writers of standards as Kurt Weill (&#039;My Ship&#039;); Gershwin (&#039;The Man I Love&#039; and &#039;Love Is Here To Stay&#039;)&quot;\" \/>\n<meta name=\"robots\" content=\"index, follow, max-snippet:-1, max-image-preview:large, max-video-preview:-1\" \/>\n<link rel=\"canonical\" href=\"https:\/\/wpguerssen-test.odoo.rgbconsulting.com\/es\/producto\/soft-winds-the-swinging-harp-of-dorothy-as-clear\/\" \/>\n<meta property=\"og:locale\" content=\"es_ES\" \/>\n<meta property=\"og:type\" content=\"article\" \/>\n<meta property=\"og:title\" content=\"ASHBY, Dorothy - Soft Winds: The Swinging Harp Of Dorothy As (clear -  (LP) | Guerssen\" \/>\n<meta property=\"og:description\" content=\"Back in print ! Dorothy Ashby album from 1961 that also features female vibes player Terry Pollard. Comes with a version of The Skatalites &#039;Guns of Navarone&#039; which is a pretty surreal listening experience. From the original liner notes: &quot;Dorothy Ashby may not be the first jazz harpist (Caspar Reardon) or the first female jazz harpist (Adele Girard), but her good feeling for time and ability to construct melodic, guitar-like lines, mark her as the most accomplished modern jazz harpist. Accompanying her was another Detroit girl, Terry Pollard. Terry&#039;s main instrument is the piano and she is one of the best in the country, bar none. She is also a pretty fair country vibraharpist and in this set, Miss Pollard plays vibes exclusively. With them is still another Detroiter, Herman Wright, who like Miss Pollard has worked with Terry Gibbs and Yusef Lateef, and who also served as Miss Ashby&#039;s regular bassist. Completing the quartet is Jimmy Cobb, drummer for the Miles Davis group. During the proceedings, Cobb travels between brushes and sticks without upsetting the equilibrium of this essentially quiet set. There is wide range of material presented here, from blues like Benny Goodman&#039;s title number, &#039;Soft Winds&#039;, and Miss Ashby&#039;s &#039;With Strings Attached&#039;, to movie themes such as &#039;Laura&#039;, &#039;Wild Is the Wind&#039;, and &#039;The Guns Of Navarone&#039;. Then there are works by such superior writers of standards as Kurt Weill (&#039;My Ship&#039;); Gershwin (&#039;The Man I Love&#039; and &#039;Love Is Here To Stay&#039;)&quot;\" \/>\n<meta property=\"og:url\" content=\"https:\/\/wpguerssen-test.odoo.rgbconsulting.com\/es\/producto\/soft-winds-the-swinging-harp-of-dorothy-as-clear\/\" \/>\n<meta property=\"og:site_name\" content=\"Guerssen records\" \/>\n<meta property=\"article:modified_time\" content=\"2025-04-16T16:05:49+00:00\" \/>\n<meta property=\"og:image\" content=\"https:\/\/wpguerssen-test.odoo.rgbconsulting.com\/wp-content\/uploads\/2022\/10\/42086.jpg\" \/>\n\t<meta property=\"og:image:width\" content=\"1080\" \/>\n\t<meta property=\"og:image:height\" content=\"1080\" \/>\n\t<meta property=\"og:image:type\" content=\"image\/jpeg\" \/>\n<meta name=\"twitter:card\" content=\"summary_large_image\" \/>\n<meta name=\"twitter:title\" content=\"ASHBY, Dorothy - Soft Winds: The Swinging Harp Of Dorothy As (clear -  (LP) | Guerssen\" \/>\n<meta name=\"twitter:label1\" content=\"Tiempo de lectura\" \/>\n\t<meta name=\"twitter:data1\" content=\"1 minuto\" \/>\n<script type=\"application\/ld+json\" class=\"yoast-schema-graph\">{\"@context\":\"https:\/\/schema.org\",\"@graph\":[{\"@type\":\"WebPage\",\"@id\":\"https:\/\/wpguerssen-test.odoo.rgbconsulting.com\/es\/producto\/soft-winds-the-swinging-harp-of-dorothy-as-clear\/\",\"url\":\"https:\/\/wpguerssen-test.odoo.rgbconsulting.com\/es\/producto\/soft-winds-the-swinging-harp-of-dorothy-as-clear\/\",\"name\":\"ASHBY, Dorothy - Soft Winds: The Swinging Harp Of Dorothy As (clear - (LP) | Guerssen\",\"isPartOf\":{\"@id\":\"https:\/\/wpguerssen-test.odoo.rgbconsulting.com\/es\/#website\"},\"primaryImageOfPage\":{\"@id\":\"https:\/\/wpguerssen-test.odoo.rgbconsulting.com\/es\/producto\/soft-winds-the-swinging-harp-of-dorothy-as-clear\/#primaryimage\"},\"image\":{\"@id\":\"https:\/\/wpguerssen-test.odoo.rgbconsulting.com\/es\/producto\/soft-winds-the-swinging-harp-of-dorothy-as-clear\/#primaryimage\"},\"thumbnailUrl\":\"https:\/\/wpguerssen-test.odoo.rgbconsulting.com\/wp-content\/uploads\/2022\/10\/42086.jpg\",\"datePublished\":\"2025-03-23T23:00:00+00:00\",\"dateModified\":\"2025-04-16T16:05:49+00:00\",\"description\":\"Back in print ! Dorothy Ashby album from 1961 that also features female vibes player Terry Pollard. Comes with a version of The Skatalites 'Guns of Navarone' which is a pretty surreal listening experience. From the original liner notes: \\\"Dorothy Ashby may not be the first jazz harpist (Caspar Reardon) or the first female jazz harpist (Adele Girard), but her good feeling for time and ability to construct melodic, guitar-like lines, mark her as the most accomplished modern jazz harpist. Accompanying her was another Detroit girl, Terry Pollard. Terry's main instrument is the piano and she is one of the best in the country, bar none. She is also a pretty fair country vibraharpist and in this set, Miss Pollard plays vibes exclusively. With them is still another Detroiter, Herman Wright, who like Miss Pollard has worked with Terry Gibbs and Yusef Lateef, and who also served as Miss Ashby's regular bassist. Completing the quartet is Jimmy Cobb, drummer for the Miles Davis group. During the proceedings, Cobb travels between brushes and sticks without upsetting the equilibrium of this essentially quiet set. There is wide range of material presented here, from blues like Benny Goodman's title number, 'Soft Winds', and Miss Ashby's 'With Strings Attached', to movie themes such as 'Laura', 'Wild Is the Wind', and 'The Guns Of Navarone'. Then there are works by such superior writers of standards as Kurt Weill ('My Ship'); Gershwin ('The Man I Love' and 'Love Is Here To Stay')\\\"\",\"breadcrumb\":{\"@id\":\"https:\/\/wpguerssen-test.odoo.rgbconsulting.com\/es\/producto\/soft-winds-the-swinging-harp-of-dorothy-as-clear\/#breadcrumb\"},\"inLanguage\":\"es\",\"potentialAction\":[{\"@type\":\"ReadAction\",\"target\":[\"https:\/\/wpguerssen-test.odoo.rgbconsulting.com\/es\/producto\/soft-winds-the-swinging-harp-of-dorothy-as-clear\/\"]}]},{\"@type\":\"ImageObject\",\"inLanguage\":\"es\",\"@id\":\"https:\/\/wpguerssen-test.odoo.rgbconsulting.com\/es\/producto\/soft-winds-the-swinging-harp-of-dorothy-as-clear\/#primaryimage\",\"url\":\"https:\/\/wpguerssen-test.odoo.rgbconsulting.com\/wp-content\/uploads\/2022\/10\/42086.jpg\",\"contentUrl\":\"https:\/\/wpguerssen-test.odoo.rgbconsulting.com\/wp-content\/uploads\/2022\/10\/42086.jpg\",\"width\":1080,\"height\":1080,\"caption\":\"Dorothy - Soft Winds: The Swinging Harp Of Dorothy As (clear - SOWING RECORDS (LP) | Guerssen\"},{\"@type\":\"BreadcrumbList\",\"@id\":\"https:\/\/wpguerssen-test.odoo.rgbconsulting.com\/es\/producto\/soft-winds-the-swinging-harp-of-dorothy-as-clear\/#breadcrumb\",\"itemListElement\":[{\"@type\":\"ListItem\",\"position\":1,\"name\":\"Inicio\",\"item\":\"https:\/\/wpguerssen-test.odoo.rgbconsulting.com\/es\/\"},{\"@type\":\"ListItem\",\"position\":2,\"name\":\"Shop\",\"item\":\"https:\/\/wpguerssen-test.odoo.rgbconsulting.com\/shop\/\"},{\"@type\":\"ListItem\",\"position\":3,\"name\":\"Soft Winds: The Swinging Harp Of Dorothy As (clear\"}]},{\"@type\":\"WebSite\",\"@id\":\"https:\/\/wpguerssen-test.odoo.rgbconsulting.com\/es\/#website\",\"url\":\"https:\/\/wpguerssen-test.odoo.rgbconsulting.com\/es\/\",\"name\":\"Guerssen records\",\"description\":\"psychedelia - progressive - folk - garage \",\"publisher\":{\"@id\":\"https:\/\/wpguerssen-test.odoo.rgbconsulting.com\/es\/#organization\"},\"potentialAction\":[{\"@type\":\"SearchAction\",\"target\":{\"@type\":\"EntryPoint\",\"urlTemplate\":\"https:\/\/wpguerssen-test.odoo.rgbconsulting.com\/es\/?s={search_term_string}\"},\"query-input\":{\"@type\":\"PropertyValueSpecification\",\"valueRequired\":true,\"valueName\":\"search_term_string\"}}],\"inLanguage\":\"es\"},{\"@type\":\"Organization\",\"@id\":\"https:\/\/wpguerssen-test.odoo.rgbconsulting.com\/es\/#organization\",\"name\":\"Guerssen records\",\"url\":\"https:\/\/wpguerssen-test.odoo.rgbconsulting.com\/es\/\",\"logo\":{\"@type\":\"ImageObject\",\"inLanguage\":\"es\",\"@id\":\"https:\/\/wpguerssen-test.odoo.rgbconsulting.com\/es\/#\/schema\/logo\/image\/\",\"url\":\"https:\/\/wpguerssen-test.odoo.rgbconsulting.com\/wp-content\/uploads\/2022\/04\/Logo_Guerssen_trans_100.png\",\"contentUrl\":\"https:\/\/wpguerssen-test.odoo.rgbconsulting.com\/wp-content\/uploads\/2022\/04\/Logo_Guerssen_trans_100.png\",\"width\":122,\"height\":100,\"caption\":\"Guerssen records\"},\"image\":{\"@id\":\"https:\/\/wpguerssen-test.odoo.rgbconsulting.com\/es\/#\/schema\/logo\/image\/\"}}]}<\/script>\n<!-- \/ Yoast SEO plugin. -->","yoast_head_json":{"title":"ASHBY, Dorothy - Soft Winds: The Swinging Harp Of Dorothy As (clear -  (LP) | Guerssen","description":"Back in print ! Dorothy Ashby album from 1961 that also features female vibes player Terry Pollard. Comes with a version of The Skatalites 'Guns of Navarone' which is a pretty surreal listening experience. From the original liner notes: \"Dorothy Ashby may not be the first jazz harpist (Caspar Reardon) or the first female jazz harpist (Adele Girard), but her good feeling for time and ability to construct melodic, guitar-like lines, mark her as the most accomplished modern jazz harpist. Accompanying her was another Detroit girl, Terry Pollard. Terry's main instrument is the piano and she is one of the best in the country, bar none. She is also a pretty fair country vibraharpist and in this set, Miss Pollard plays vibes exclusively. With them is still another Detroiter, Herman Wright, who like Miss Pollard has worked with Terry Gibbs and Yusef Lateef, and who also served as Miss Ashby's regular bassist. Completing the quartet is Jimmy Cobb, drummer for the Miles Davis group. During the proceedings, Cobb travels between brushes and sticks without upsetting the equilibrium of this essentially quiet set. There is wide range of material presented here, from blues like Benny Goodman's title number, 'Soft Winds', and Miss Ashby's 'With Strings Attached', to movie themes such as 'Laura', 'Wild Is the Wind', and 'The Guns Of Navarone'. Then there are works by such superior writers of standards as Kurt Weill ('My Ship'); Gershwin ('The Man I Love' and 'Love Is Here To Stay')\"","robots":{"index":"index","follow":"follow","max-snippet":"max-snippet:-1","max-image-preview":"max-image-preview:large","max-video-preview":"max-video-preview:-1"},"canonical":"https:\/\/wpguerssen-test.odoo.rgbconsulting.com\/es\/producto\/soft-winds-the-swinging-harp-of-dorothy-as-clear\/","og_locale":"es_ES","og_type":"article","og_title":"ASHBY, Dorothy - Soft Winds: The Swinging Harp Of Dorothy As (clear -  (LP) | Guerssen","og_description":"Back in print ! Dorothy Ashby album from 1961 that also features female vibes player Terry Pollard. Comes with a version of The Skatalites 'Guns of Navarone' which is a pretty surreal listening experience. From the original liner notes: \"Dorothy Ashby may not be the first jazz harpist (Caspar Reardon) or the first female jazz harpist (Adele Girard), but her good feeling for time and ability to construct melodic, guitar-like lines, mark her as the most accomplished modern jazz harpist. Accompanying her was another Detroit girl, Terry Pollard. Terry's main instrument is the piano and she is one of the best in the country, bar none. She is also a pretty fair country vibraharpist and in this set, Miss Pollard plays vibes exclusively. With them is still another Detroiter, Herman Wright, who like Miss Pollard has worked with Terry Gibbs and Yusef Lateef, and who also served as Miss Ashby's regular bassist. Completing the quartet is Jimmy Cobb, drummer for the Miles Davis group. During the proceedings, Cobb travels between brushes and sticks without upsetting the equilibrium of this essentially quiet set. There is wide range of material presented here, from blues like Benny Goodman's title number, 'Soft Winds', and Miss Ashby's 'With Strings Attached', to movie themes such as 'Laura', 'Wild Is the Wind', and 'The Guns Of Navarone'. Then there are works by such superior writers of standards as Kurt Weill ('My Ship'); Gershwin ('The Man I Love' and 'Love Is Here To Stay')\"","og_url":"https:\/\/wpguerssen-test.odoo.rgbconsulting.com\/es\/producto\/soft-winds-the-swinging-harp-of-dorothy-as-clear\/","og_site_name":"Guerssen records","article_modified_time":"2025-04-16T16:05:49+00:00","og_image":[{"width":1080,"height":1080,"url":"https:\/\/wpguerssen-test.odoo.rgbconsulting.com\/wp-content\/uploads\/2022\/10\/42086.jpg","type":"image\/jpeg"}],"twitter_card":"summary_large_image","twitter_title":"ASHBY, Dorothy - Soft Winds: The Swinging Harp Of Dorothy As (clear -  (LP) | Guerssen","twitter_misc":{"Tiempo de lectura":"1 minuto"},"schema":{"@context":"https:\/\/schema.org","@graph":[{"@type":"WebPage","@id":"https:\/\/wpguerssen-test.odoo.rgbconsulting.com\/es\/producto\/soft-winds-the-swinging-harp-of-dorothy-as-clear\/","url":"https:\/\/wpguerssen-test.odoo.rgbconsulting.com\/es\/producto\/soft-winds-the-swinging-harp-of-dorothy-as-clear\/","name":"ASHBY, Dorothy - Soft Winds: The Swinging Harp Of Dorothy As (clear - (LP) | Guerssen","isPartOf":{"@id":"https:\/\/wpguerssen-test.odoo.rgbconsulting.com\/es\/#website"},"primaryImageOfPage":{"@id":"https:\/\/wpguerssen-test.odoo.rgbconsulting.com\/es\/producto\/soft-winds-the-swinging-harp-of-dorothy-as-clear\/#primaryimage"},"image":{"@id":"https:\/\/wpguerssen-test.odoo.rgbconsulting.com\/es\/producto\/soft-winds-the-swinging-harp-of-dorothy-as-clear\/#primaryimage"},"thumbnailUrl":"https:\/\/wpguerssen-test.odoo.rgbconsulting.com\/wp-content\/uploads\/2022\/10\/42086.jpg","datePublished":"2025-03-23T23:00:00+00:00","dateModified":"2025-04-16T16:05:49+00:00","description":"Back in print ! Dorothy Ashby album from 1961 that also features female vibes player Terry Pollard. Comes with a version of The Skatalites 'Guns of Navarone' which is a pretty surreal listening experience. From the original liner notes: \"Dorothy Ashby may not be the first jazz harpist (Caspar Reardon) or the first female jazz harpist (Adele Girard), but her good feeling for time and ability to construct melodic, guitar-like lines, mark her as the most accomplished modern jazz harpist. Accompanying her was another Detroit girl, Terry Pollard. Terry's main instrument is the piano and she is one of the best in the country, bar none. She is also a pretty fair country vibraharpist and in this set, Miss Pollard plays vibes exclusively. With them is still another Detroiter, Herman Wright, who like Miss Pollard has worked with Terry Gibbs and Yusef Lateef, and who also served as Miss Ashby's regular bassist. Completing the quartet is Jimmy Cobb, drummer for the Miles Davis group. During the proceedings, Cobb travels between brushes and sticks without upsetting the equilibrium of this essentially quiet set. There is wide range of material presented here, from blues like Benny Goodman's title number, 'Soft Winds', and Miss Ashby's 'With Strings Attached', to movie themes such as 'Laura', 'Wild Is the Wind', and 'The Guns Of Navarone'. Then there are works by such superior writers of standards as Kurt Weill ('My Ship'); Gershwin ('The Man I Love' and 'Love Is Here To Stay')\"","breadcrumb":{"@id":"https:\/\/wpguerssen-test.odoo.rgbconsulting.com\/es\/producto\/soft-winds-the-swinging-harp-of-dorothy-as-clear\/#breadcrumb"},"inLanguage":"es","potentialAction":[{"@type":"ReadAction","target":["https:\/\/wpguerssen-test.odoo.rgbconsulting.com\/es\/producto\/soft-winds-the-swinging-harp-of-dorothy-as-clear\/"]}]},{"@type":"ImageObject","inLanguage":"es","@id":"https:\/\/wpguerssen-test.odoo.rgbconsulting.com\/es\/producto\/soft-winds-the-swinging-harp-of-dorothy-as-clear\/#primaryimage","url":"https:\/\/wpguerssen-test.odoo.rgbconsulting.com\/wp-content\/uploads\/2022\/10\/42086.jpg","contentUrl":"https:\/\/wpguerssen-test.odoo.rgbconsulting.com\/wp-content\/uploads\/2022\/10\/42086.jpg","width":1080,"height":1080,"caption":"Dorothy - Soft Winds: The Swinging Harp Of Dorothy As (clear - SOWING RECORDS (LP) | Guerssen"},{"@type":"BreadcrumbList","@id":"https:\/\/wpguerssen-test.odoo.rgbconsulting.com\/es\/producto\/soft-winds-the-swinging-harp-of-dorothy-as-clear\/#breadcrumb","itemListElement":[{"@type":"ListItem","position":1,"name":"Inicio","item":"https:\/\/wpguerssen-test.odoo.rgbconsulting.com\/es\/"},{"@type":"ListItem","position":2,"name":"Shop","item":"https:\/\/wpguerssen-test.odoo.rgbconsulting.com\/shop\/"},{"@type":"ListItem","position":3,"name":"Soft Winds: The Swinging Harp Of Dorothy As (clear"}]},{"@type":"WebSite","@id":"https:\/\/wpguerssen-test.odoo.rgbconsulting.com\/es\/#website","url":"https:\/\/wpguerssen-test.odoo.rgbconsulting.com\/es\/","name":"Guerssen records","description":"psychedelia - progressive - folk - garage ","publisher":{"@id":"https:\/\/wpguerssen-test.odoo.rgbconsulting.com\/es\/#organization"},"potentialAction":[{"@type":"SearchAction","target":{"@type":"EntryPoint","urlTemplate":"https:\/\/wpguerssen-test.odoo.rgbconsulting.com\/es\/?s={search_term_string}"},"query-input":{"@type":"PropertyValueSpecification","valueRequired":true,"valueName":"search_term_string"}}],"inLanguage":"es"},{"@type":"Organization","@id":"https:\/\/wpguerssen-test.odoo.rgbconsulting.com\/es\/#organization","name":"Guerssen records","url":"https:\/\/wpguerssen-test.odoo.rgbconsulting.com\/es\/","logo":{"@type":"ImageObject","inLanguage":"es","@id":"https:\/\/wpguerssen-test.odoo.rgbconsulting.com\/es\/#\/schema\/logo\/image\/","url":"https:\/\/wpguerssen-test.odoo.rgbconsulting.com\/wp-content\/uploads\/2022\/04\/Logo_Guerssen_trans_100.png","contentUrl":"https:\/\/wpguerssen-test.odoo.rgbconsulting.com\/wp-content\/uploads\/2022\/04\/Logo_Guerssen_trans_100.png","width":122,"height":100,"caption":"Guerssen records"},"image":{"@id":"https:\/\/wpguerssen-test.odoo.rgbconsulting.com\/es\/#\/schema\/logo\/image\/"}}]}},"_links":{"self":[{"href":"https:\/\/wpguerssen-test.odoo.rgbconsulting.com\/es\/wp-json\/wp\/v2\/product\/248218","targetHints":{"allow":["GET"]}}],"collection":[{"href":"https:\/\/wpguerssen-test.odoo.rgbconsulting.com\/es\/wp-json\/wp\/v2\/product"}],"about":[{"href":"https:\/\/wpguerssen-test.odoo.rgbconsulting.com\/es\/wp-json\/wp\/v2\/types\/product"}],"wp:featuredmedia":[{"embeddable":true,"href":"https:\/\/wpguerssen-test.odoo.rgbconsulting.com\/es\/wp-json\/wp\/v2\/media\/220094"}],"wp:attachment":[{"href":"https:\/\/wpguerssen-test.odoo.rgbconsulting.com\/es\/wp-json\/wp\/v2\/media?parent=248218"}],"wp:term":[{"taxonomy":"product_brand","embeddable":true,"href":"https:\/\/wpguerssen-test.odoo.rgbconsulting.com\/es\/wp-json\/wp\/v2\/product_brand?post=248218"},{"taxonomy":"product_cat","embeddable":true,"href":"https:\/\/wpguerssen-test.odoo.rgbconsulting.com\/es\/wp-json\/wp\/v2\/product_cat?post=248218"},{"taxonomy":"product_tag","embeddable":true,"href":"https:\/\/wpguerssen-test.odoo.rgbconsulting.com\/es\/wp-json\/wp\/v2\/product_tag?post=248218"}],"curies":[{"name":"wp","href":"https:\/\/api.w.org\/{rel}","templated":true}]}}