{"id":248219,"date":"2022-12-19T00:00:00","date_gmt":"2022-12-18T23:00:00","guid":{"rendered":"https:\/\/wpguerssen-test.odoo.rgbconsulting.com\/product\/jazz-harpist-clear\/"},"modified":"2025-01-15T15:58:08","modified_gmt":"2025-01-15T14:58:08","slug":"jazz-harpist-clear","status":"publish","type":"product","link":"https:\/\/wpguerssen-test.odoo.rgbconsulting.com\/es\/producto\/jazz-harpist-clear\/","title":{"rendered":"Jazz Harpist (Clear)"},"content":{"rendered":"<p>Este es el \u00e1lbum debut de Dorothy Ashby, lanzado originalmente por el sello Regent en 1957. Reconocida como la mujer que le dio al arpa una voz de jazz, aqu\u00ed Ashby est\u00e1 a la cabeza de un combo muy distintivo con Frank Wess en la flauta, Eddie Jones o Wendell Marshall en el bajo y el maestro Ed Thigpen en la bater\u00eda.The Jazz Harpist es una mezcla sin precedentes de evocadores sonidos cl\u00e1sicos y jazz soul, premiado por Allmusic como su primer y mejor \u00e1lbum.<\/p>\n","protected":false},"excerpt":{"rendered":"<p>Este es el \u00e1lbum debut de Dorothy Ashby, lanzado originalmente por el sello Regent en 1957. Reconocida como la mujer que le dio al arpa una voz de jazz, aqu\u00ed Ashby<a class=\"read\" href=\"https:\/\/wpguerssen-test.odoo.rgbconsulting.com\/es\/producto\/jazz-harpist-clear\/\"> (...)<\/a>","protected":false},"featured_media":223776,"template":"","meta":{"_acf_changed":false},"product_brand":[],"product_cat":[23227],"product_tag":[29140],"class_list":{"0":"post-248219","1":"product","2":"type-product","3":"status-publish","4":"has-post-thumbnail","6":"product_cat-jazz-es","7":"product_tag-color-vinyl-es","8":"pa_artist-ashby-dorothy-es-2","9":"pa_format-lp-es","10":"pa_gender-jazz","11":"pa_label-sowing-records","12":"pa_location-north-america-es","13":"pa_other-filters-vinyl-only-es","15":"first","16":"instock","17":"taxable","18":"shipping-taxable","19":"purchasable","20":"product-type-simple"},"acf":[],"yoast_head":"<!-- This site is optimized with the Yoast SEO plugin v24.9 - https:\/\/yoast.com\/wordpress\/plugins\/seo\/ -->\n<title>ASHBY, Dorothy - Jazz Harpist (Clear) -  (LP) | Guerssen<\/title>\n<meta name=\"description\" content=\"Repress. This is Dorothy Ashby&#039;s debut album, originally released in 1957 by the Regent label. Recognized as the woman who gave the harp a Jazz Voice, here Ashby is at the head of a highly distinctive combo featuring Frank Wess on flute, Eddie Jones or Wendell Marshall on bass and master Ed Thigpen on drums. The Jazz Harpist is an unprecedented mix of evocative classic sounds and jazz soul, awarded by Allmusic as her first and best album, period!\" \/>\n<meta name=\"robots\" content=\"index, follow, max-snippet:-1, max-image-preview:large, max-video-preview:-1\" \/>\n<link rel=\"canonical\" href=\"https:\/\/wpguerssen-test.odoo.rgbconsulting.com\/es\/producto\/jazz-harpist-clear\/\" \/>\n<meta property=\"og:locale\" content=\"es_ES\" \/>\n<meta property=\"og:type\" content=\"article\" \/>\n<meta property=\"og:title\" content=\"ASHBY, Dorothy - Jazz Harpist (Clear) -  (LP) | Guerssen\" \/>\n<meta property=\"og:description\" content=\"Repress. This is Dorothy Ashby&#039;s debut album, originally released in 1957 by the Regent label. Recognized as the woman who gave the harp a Jazz Voice, here Ashby is at the head of a highly distinctive combo featuring Frank Wess on flute, Eddie Jones or Wendell Marshall on bass and master Ed Thigpen on drums. The Jazz Harpist is an unprecedented mix of evocative classic sounds and jazz soul, awarded by Allmusic as her first and best album, period!\" \/>\n<meta property=\"og:url\" content=\"https:\/\/wpguerssen-test.odoo.rgbconsulting.com\/es\/producto\/jazz-harpist-clear\/\" \/>\n<meta property=\"og:site_name\" content=\"Guerssen records\" \/>\n<meta property=\"article:modified_time\" content=\"2025-01-15T14:58:08+00:00\" \/>\n<meta property=\"og:image\" content=\"https:\/\/wpguerssen-test.odoo.rgbconsulting.com\/wp-content\/uploads\/2022\/12\/42413.jpg\" \/>\n\t<meta property=\"og:image:width\" content=\"884\" \/>\n\t<meta property=\"og:image:height\" content=\"904\" \/>\n\t<meta property=\"og:image:type\" content=\"image\/png\" \/>\n<meta name=\"twitter:card\" content=\"summary_large_image\" \/>\n<meta name=\"twitter:title\" content=\"ASHBY, Dorothy - Jazz Harpist (Clear) -  (LP) | Guerssen\" \/>\n<script type=\"application\/ld+json\" class=\"yoast-schema-graph\">{\"@context\":\"https:\/\/schema.org\",\"@graph\":[{\"@type\":\"WebPage\",\"@id\":\"https:\/\/wpguerssen-test.odoo.rgbconsulting.com\/es\/producto\/jazz-harpist-clear\/\",\"url\":\"https:\/\/wpguerssen-test.odoo.rgbconsulting.com\/es\/producto\/jazz-harpist-clear\/\",\"name\":\"ASHBY, Dorothy - Jazz Harpist (Clear) - (LP) | Guerssen\",\"isPartOf\":{\"@id\":\"https:\/\/wpguerssen-test.odoo.rgbconsulting.com\/es\/#website\"},\"primaryImageOfPage\":{\"@id\":\"https:\/\/wpguerssen-test.odoo.rgbconsulting.com\/es\/producto\/jazz-harpist-clear\/#primaryimage\"},\"image\":{\"@id\":\"https:\/\/wpguerssen-test.odoo.rgbconsulting.com\/es\/producto\/jazz-harpist-clear\/#primaryimage\"},\"thumbnailUrl\":\"https:\/\/wpguerssen-test.odoo.rgbconsulting.com\/wp-content\/uploads\/2022\/12\/42413.jpg\",\"datePublished\":\"2022-12-18T23:00:00+00:00\",\"dateModified\":\"2025-01-15T14:58:08+00:00\",\"description\":\"Repress. This is Dorothy Ashby's debut album, originally released in 1957 by the Regent label. Recognized as the woman who gave the harp a Jazz Voice, here Ashby is at the head of a highly distinctive combo featuring Frank Wess on flute, Eddie Jones or Wendell Marshall on bass and master Ed Thigpen on drums. The Jazz Harpist is an unprecedented mix of evocative classic sounds and jazz soul, awarded by Allmusic as her first and best album, period!\",\"breadcrumb\":{\"@id\":\"https:\/\/wpguerssen-test.odoo.rgbconsulting.com\/es\/producto\/jazz-harpist-clear\/#breadcrumb\"},\"inLanguage\":\"es\",\"potentialAction\":[{\"@type\":\"ReadAction\",\"target\":[\"https:\/\/wpguerssen-test.odoo.rgbconsulting.com\/es\/producto\/jazz-harpist-clear\/\"]}]},{\"@type\":\"ImageObject\",\"inLanguage\":\"es\",\"@id\":\"https:\/\/wpguerssen-test.odoo.rgbconsulting.com\/es\/producto\/jazz-harpist-clear\/#primaryimage\",\"url\":\"https:\/\/wpguerssen-test.odoo.rgbconsulting.com\/wp-content\/uploads\/2022\/12\/42413.jpg\",\"contentUrl\":\"https:\/\/wpguerssen-test.odoo.rgbconsulting.com\/wp-content\/uploads\/2022\/12\/42413.jpg\",\"width\":884,\"height\":904,\"caption\":\"Dorothy - Jazz Harpist (Clear) - SOWING RECORDS (LP) | Guerssen\"},{\"@type\":\"BreadcrumbList\",\"@id\":\"https:\/\/wpguerssen-test.odoo.rgbconsulting.com\/es\/producto\/jazz-harpist-clear\/#breadcrumb\",\"itemListElement\":[{\"@type\":\"ListItem\",\"position\":1,\"name\":\"Inicio\",\"item\":\"https:\/\/wpguerssen-test.odoo.rgbconsulting.com\/es\/\"},{\"@type\":\"ListItem\",\"position\":2,\"name\":\"Shop\",\"item\":\"https:\/\/wpguerssen-test.odoo.rgbconsulting.com\/shop\/\"},{\"@type\":\"ListItem\",\"position\":3,\"name\":\"Jazz Harpist (Clear)\"}]},{\"@type\":\"WebSite\",\"@id\":\"https:\/\/wpguerssen-test.odoo.rgbconsulting.com\/es\/#website\",\"url\":\"https:\/\/wpguerssen-test.odoo.rgbconsulting.com\/es\/\",\"name\":\"Guerssen records\",\"description\":\"psychedelia - progressive - folk - garage \",\"publisher\":{\"@id\":\"https:\/\/wpguerssen-test.odoo.rgbconsulting.com\/es\/#organization\"},\"potentialAction\":[{\"@type\":\"SearchAction\",\"target\":{\"@type\":\"EntryPoint\",\"urlTemplate\":\"https:\/\/wpguerssen-test.odoo.rgbconsulting.com\/es\/?s={search_term_string}\"},\"query-input\":{\"@type\":\"PropertyValueSpecification\",\"valueRequired\":true,\"valueName\":\"search_term_string\"}}],\"inLanguage\":\"es\"},{\"@type\":\"Organization\",\"@id\":\"https:\/\/wpguerssen-test.odoo.rgbconsulting.com\/es\/#organization\",\"name\":\"Guerssen records\",\"url\":\"https:\/\/wpguerssen-test.odoo.rgbconsulting.com\/es\/\",\"logo\":{\"@type\":\"ImageObject\",\"inLanguage\":\"es\",\"@id\":\"https:\/\/wpguerssen-test.odoo.rgbconsulting.com\/es\/#\/schema\/logo\/image\/\",\"url\":\"https:\/\/wpguerssen-test.odoo.rgbconsulting.com\/wp-content\/uploads\/2022\/04\/Logo_Guerssen_trans_100.png\",\"contentUrl\":\"https:\/\/wpguerssen-test.odoo.rgbconsulting.com\/wp-content\/uploads\/2022\/04\/Logo_Guerssen_trans_100.png\",\"width\":122,\"height\":100,\"caption\":\"Guerssen records\"},\"image\":{\"@id\":\"https:\/\/wpguerssen-test.odoo.rgbconsulting.com\/es\/#\/schema\/logo\/image\/\"}}]}<\/script>\n<!-- \/ Yoast SEO plugin. -->","yoast_head_json":{"title":"ASHBY, Dorothy - Jazz Harpist (Clear) -  (LP) | Guerssen","description":"Repress. This is Dorothy Ashby's debut album, originally released in 1957 by the Regent label. Recognized as the woman who gave the harp a Jazz Voice, here Ashby is at the head of a highly distinctive combo featuring Frank Wess on flute, Eddie Jones or Wendell Marshall on bass and master Ed Thigpen on drums. The Jazz Harpist is an unprecedented mix of evocative classic sounds and jazz soul, awarded by Allmusic as her first and best album, period!","robots":{"index":"index","follow":"follow","max-snippet":"max-snippet:-1","max-image-preview":"max-image-preview:large","max-video-preview":"max-video-preview:-1"},"canonical":"https:\/\/wpguerssen-test.odoo.rgbconsulting.com\/es\/producto\/jazz-harpist-clear\/","og_locale":"es_ES","og_type":"article","og_title":"ASHBY, Dorothy - Jazz Harpist (Clear) -  (LP) | Guerssen","og_description":"Repress. This is Dorothy Ashby's debut album, originally released in 1957 by the Regent label. Recognized as the woman who gave the harp a Jazz Voice, here Ashby is at the head of a highly distinctive combo featuring Frank Wess on flute, Eddie Jones or Wendell Marshall on bass and master Ed Thigpen on drums. The Jazz Harpist is an unprecedented mix of evocative classic sounds and jazz soul, awarded by Allmusic as her first and best album, period!","og_url":"https:\/\/wpguerssen-test.odoo.rgbconsulting.com\/es\/producto\/jazz-harpist-clear\/","og_site_name":"Guerssen records","article_modified_time":"2025-01-15T14:58:08+00:00","og_image":[{"width":884,"height":904,"url":"https:\/\/wpguerssen-test.odoo.rgbconsulting.com\/wp-content\/uploads\/2022\/12\/42413.jpg","type":"image\/png"}],"twitter_card":"summary_large_image","twitter_title":"ASHBY, Dorothy - Jazz Harpist (Clear) -  (LP) | Guerssen","schema":{"@context":"https:\/\/schema.org","@graph":[{"@type":"WebPage","@id":"https:\/\/wpguerssen-test.odoo.rgbconsulting.com\/es\/producto\/jazz-harpist-clear\/","url":"https:\/\/wpguerssen-test.odoo.rgbconsulting.com\/es\/producto\/jazz-harpist-clear\/","name":"ASHBY, Dorothy - Jazz Harpist (Clear) - (LP) | Guerssen","isPartOf":{"@id":"https:\/\/wpguerssen-test.odoo.rgbconsulting.com\/es\/#website"},"primaryImageOfPage":{"@id":"https:\/\/wpguerssen-test.odoo.rgbconsulting.com\/es\/producto\/jazz-harpist-clear\/#primaryimage"},"image":{"@id":"https:\/\/wpguerssen-test.odoo.rgbconsulting.com\/es\/producto\/jazz-harpist-clear\/#primaryimage"},"thumbnailUrl":"https:\/\/wpguerssen-test.odoo.rgbconsulting.com\/wp-content\/uploads\/2022\/12\/42413.jpg","datePublished":"2022-12-18T23:00:00+00:00","dateModified":"2025-01-15T14:58:08+00:00","description":"Repress. This is Dorothy Ashby's debut album, originally released in 1957 by the Regent label. Recognized as the woman who gave the harp a Jazz Voice, here Ashby is at the head of a highly distinctive combo featuring Frank Wess on flute, Eddie Jones or Wendell Marshall on bass and master Ed Thigpen on drums. The Jazz Harpist is an unprecedented mix of evocative classic sounds and jazz soul, awarded by Allmusic as her first and best album, period!","breadcrumb":{"@id":"https:\/\/wpguerssen-test.odoo.rgbconsulting.com\/es\/producto\/jazz-harpist-clear\/#breadcrumb"},"inLanguage":"es","potentialAction":[{"@type":"ReadAction","target":["https:\/\/wpguerssen-test.odoo.rgbconsulting.com\/es\/producto\/jazz-harpist-clear\/"]}]},{"@type":"ImageObject","inLanguage":"es","@id":"https:\/\/wpguerssen-test.odoo.rgbconsulting.com\/es\/producto\/jazz-harpist-clear\/#primaryimage","url":"https:\/\/wpguerssen-test.odoo.rgbconsulting.com\/wp-content\/uploads\/2022\/12\/42413.jpg","contentUrl":"https:\/\/wpguerssen-test.odoo.rgbconsulting.com\/wp-content\/uploads\/2022\/12\/42413.jpg","width":884,"height":904,"caption":"Dorothy - Jazz Harpist (Clear) - SOWING RECORDS (LP) | Guerssen"},{"@type":"BreadcrumbList","@id":"https:\/\/wpguerssen-test.odoo.rgbconsulting.com\/es\/producto\/jazz-harpist-clear\/#breadcrumb","itemListElement":[{"@type":"ListItem","position":1,"name":"Inicio","item":"https:\/\/wpguerssen-test.odoo.rgbconsulting.com\/es\/"},{"@type":"ListItem","position":2,"name":"Shop","item":"https:\/\/wpguerssen-test.odoo.rgbconsulting.com\/shop\/"},{"@type":"ListItem","position":3,"name":"Jazz Harpist (Clear)"}]},{"@type":"WebSite","@id":"https:\/\/wpguerssen-test.odoo.rgbconsulting.com\/es\/#website","url":"https:\/\/wpguerssen-test.odoo.rgbconsulting.com\/es\/","name":"Guerssen records","description":"psychedelia - progressive - folk - garage ","publisher":{"@id":"https:\/\/wpguerssen-test.odoo.rgbconsulting.com\/es\/#organization"},"potentialAction":[{"@type":"SearchAction","target":{"@type":"EntryPoint","urlTemplate":"https:\/\/wpguerssen-test.odoo.rgbconsulting.com\/es\/?s={search_term_string}"},"query-input":{"@type":"PropertyValueSpecification","valueRequired":true,"valueName":"search_term_string"}}],"inLanguage":"es"},{"@type":"Organization","@id":"https:\/\/wpguerssen-test.odoo.rgbconsulting.com\/es\/#organization","name":"Guerssen records","url":"https:\/\/wpguerssen-test.odoo.rgbconsulting.com\/es\/","logo":{"@type":"ImageObject","inLanguage":"es","@id":"https:\/\/wpguerssen-test.odoo.rgbconsulting.com\/es\/#\/schema\/logo\/image\/","url":"https:\/\/wpguerssen-test.odoo.rgbconsulting.com\/wp-content\/uploads\/2022\/04\/Logo_Guerssen_trans_100.png","contentUrl":"https:\/\/wpguerssen-test.odoo.rgbconsulting.com\/wp-content\/uploads\/2022\/04\/Logo_Guerssen_trans_100.png","width":122,"height":100,"caption":"Guerssen records"},"image":{"@id":"https:\/\/wpguerssen-test.odoo.rgbconsulting.com\/es\/#\/schema\/logo\/image\/"}}]}},"_links":{"self":[{"href":"https:\/\/wpguerssen-test.odoo.rgbconsulting.com\/es\/wp-json\/wp\/v2\/product\/248219","targetHints":{"allow":["GET"]}}],"collection":[{"href":"https:\/\/wpguerssen-test.odoo.rgbconsulting.com\/es\/wp-json\/wp\/v2\/product"}],"about":[{"href":"https:\/\/wpguerssen-test.odoo.rgbconsulting.com\/es\/wp-json\/wp\/v2\/types\/product"}],"wp:featuredmedia":[{"embeddable":true,"href":"https:\/\/wpguerssen-test.odoo.rgbconsulting.com\/es\/wp-json\/wp\/v2\/media\/223776"}],"wp:attachment":[{"href":"https:\/\/wpguerssen-test.odoo.rgbconsulting.com\/es\/wp-json\/wp\/v2\/media?parent=248219"}],"wp:term":[{"taxonomy":"product_brand","embeddable":true,"href":"https:\/\/wpguerssen-test.odoo.rgbconsulting.com\/es\/wp-json\/wp\/v2\/product_brand?post=248219"},{"taxonomy":"product_cat","embeddable":true,"href":"https:\/\/wpguerssen-test.odoo.rgbconsulting.com\/es\/wp-json\/wp\/v2\/product_cat?post=248219"},{"taxonomy":"product_tag","embeddable":true,"href":"https:\/\/wpguerssen-test.odoo.rgbconsulting.com\/es\/wp-json\/wp\/v2\/product_tag?post=248219"}],"curies":[{"name":"wp","href":"https:\/\/api.w.org\/{rel}","templated":true}]}}