{"id":248292,"date":"2021-08-24T00:00:00","date_gmt":"2021-08-23T22:00:00","guid":{"rendered":"https:\/\/wpguerssen-test.odoo.rgbconsulting.com\/product\/love-me-please-forever\/"},"modified":"2025-01-07T19:12:10","modified_gmt":"2025-01-07T18:12:10","slug":"love-me-please-forever","status":"publish","type":"product","link":"https:\/\/wpguerssen-test.odoo.rgbconsulting.com\/es\/producto\/love-me-please-forever\/","title":{"rendered":"Love Me Please Forever"},"content":{"rendered":"<p>Los colores rosados \u00bf\u00bfy las composiciones disco pop abundan en el LP hom\u00f3nimo de 1978 de Eva Eva Eva, que es la reedici\u00f3n m\u00e1s reciente de Futuribile en colaboraci\u00f3n con Peer-Southern Productions.<br \/>El LP posee una impresionante sensaci\u00f3n de eclecticismo y profundidad, con deslumbrantes exhibiciones de dinamismo, este se desarrolla en una variedad de texturas y estados de \u00e1nimo&#8230; disco, blues r\u00fastico, cine ex\u00f3tico, rock&#8217;n&#8217;roll desgarrador y funk y soul ba\u00f1ados en dulces, con toques de sintetizador c\u00f3smico ocasionalmente acentuando la mezcla. Y en lo profundo de la cara B hay una maravillosa versi\u00f3n en italiano de \u00abStayin&#8217; Alive\u00bb.<\/p>\n","protected":false},"excerpt":{"rendered":"<p>Los colores rosados \u00bf\u00bfy las composiciones disco pop abundan en el LP hom\u00f3nimo de 1978 de Eva Eva Eva, que es la reedici\u00f3n m\u00e1s reciente de Futuribile en colaboraci\u00f3n<a class=\"read\" href=\"https:\/\/wpguerssen-test.odoo.rgbconsulting.com\/es\/producto\/love-me-please-forever\/\"> (...)<\/a>","protected":false},"featured_media":248237,"template":"","meta":{"_acf_changed":false},"product_brand":[],"product_cat":[23265,23234],"product_tag":[],"class_list":{"0":"post-248292","1":"product","2":"type-product","3":"status-publish","4":"has-post-thumbnail","6":"product_cat-disco-cosmic-italo-es","7":"product_cat-pop-rock-es","8":"pa_artist-eva-eva-eva","9":"pa_format-lp-es","10":"pa_gender-disco-cosmic-italo-pop-rock","11":"pa_label-futuribile","12":"pa_location-europe-es","13":"pa_other-filters-vinyl-only-es","15":"first","16":"instock","17":"taxable","18":"shipping-taxable","19":"purchasable","20":"product-type-simple"},"acf":[],"yoast_head":"<!-- This site is optimized with the Yoast SEO plugin v24.9 - https:\/\/yoast.com\/wordpress\/plugins\/seo\/ -->\n<title>EVA EVA EVA - Love Me Please Forever -  (LP) | Guerssen<\/title>\n<meta name=\"description\" content=\"Pink colorations and disco pop confections abound on Eva Eva Eva&#039;s self titled 1978 LP, which is the newest reissue on Futuribile in collaboration with Peer-Southern Productions.The LP possess a stunning sense of eclecticism and depth, with dazzling displays of diva dynamism proceeding over a range of textures and moods...shimmering disco, rustic blues, cinematic exotica, ripping rock&#039;n&#039;roll, and candy dipped funk and soul, with touches of cosmic synth occasionally accenting the mix. And sitting deep on the B-side is a wonderful Italian language version of &quot;Stayin&#039; Alive.&quot;\" \/>\n<meta name=\"robots\" content=\"index, follow, max-snippet:-1, max-image-preview:large, max-video-preview:-1\" \/>\n<link rel=\"canonical\" href=\"https:\/\/wpguerssen-test.odoo.rgbconsulting.com\/es\/producto\/love-me-please-forever\/\" \/>\n<meta property=\"og:locale\" content=\"es_ES\" \/>\n<meta property=\"og:type\" content=\"article\" \/>\n<meta property=\"og:title\" content=\"EVA EVA EVA - Love Me Please Forever -  (LP) | Guerssen\" \/>\n<meta property=\"og:description\" content=\"Pink colorations and disco pop confections abound on Eva Eva Eva&#039;s self titled 1978 LP, which is the newest reissue on Futuribile in collaboration with Peer-Southern Productions.The LP possess a stunning sense of eclecticism and depth, with dazzling displays of diva dynamism proceeding over a range of textures and moods...shimmering disco, rustic blues, cinematic exotica, ripping rock&#039;n&#039;roll, and candy dipped funk and soul, with touches of cosmic synth occasionally accenting the mix. And sitting deep on the B-side is a wonderful Italian language version of &quot;Stayin&#039; Alive.&quot;\" \/>\n<meta property=\"og:url\" content=\"https:\/\/wpguerssen-test.odoo.rgbconsulting.com\/es\/producto\/love-me-please-forever\/\" \/>\n<meta property=\"og:site_name\" content=\"Guerssen records\" \/>\n<meta property=\"article:modified_time\" content=\"2025-01-07T18:12:10+00:00\" \/>\n<meta property=\"og:image\" content=\"https:\/\/wpguerssen-test.odoo.rgbconsulting.com\/wp-content\/uploads\/2023\/12\/46426.jpg\" \/>\n\t<meta property=\"og:image:width\" content=\"1440\" \/>\n\t<meta property=\"og:image:height\" content=\"1440\" \/>\n\t<meta property=\"og:image:type\" content=\"image\/jpeg\" \/>\n<meta name=\"twitter:card\" content=\"summary_large_image\" \/>\n<meta name=\"twitter:title\" content=\"EVA EVA EVA - Love Me Please Forever -  (LP) | Guerssen\" \/>\n<meta name=\"twitter:label1\" content=\"Tiempo de lectura\" \/>\n\t<meta name=\"twitter:data1\" content=\"1 minuto\" \/>\n<script type=\"application\/ld+json\" class=\"yoast-schema-graph\">{\"@context\":\"https:\/\/schema.org\",\"@graph\":[{\"@type\":\"WebPage\",\"@id\":\"https:\/\/wpguerssen-test.odoo.rgbconsulting.com\/es\/producto\/love-me-please-forever\/\",\"url\":\"https:\/\/wpguerssen-test.odoo.rgbconsulting.com\/es\/producto\/love-me-please-forever\/\",\"name\":\"EVA EVA EVA - Love Me Please Forever - (LP) | Guerssen\",\"isPartOf\":{\"@id\":\"https:\/\/wpguerssen-test.odoo.rgbconsulting.com\/es\/#website\"},\"primaryImageOfPage\":{\"@id\":\"https:\/\/wpguerssen-test.odoo.rgbconsulting.com\/es\/producto\/love-me-please-forever\/#primaryimage\"},\"image\":{\"@id\":\"https:\/\/wpguerssen-test.odoo.rgbconsulting.com\/es\/producto\/love-me-please-forever\/#primaryimage\"},\"thumbnailUrl\":\"https:\/\/wpguerssen-test.odoo.rgbconsulting.com\/wp-content\/uploads\/2023\/12\/46426.jpg\",\"datePublished\":\"2021-08-23T22:00:00+00:00\",\"dateModified\":\"2025-01-07T18:12:10+00:00\",\"description\":\"Pink colorations and disco pop confections abound on Eva Eva Eva's self titled 1978 LP, which is the newest reissue on Futuribile in collaboration with Peer-Southern Productions.The LP possess a stunning sense of eclecticism and depth, with dazzling displays of diva dynamism proceeding over a range of textures and moods...shimmering disco, rustic blues, cinematic exotica, ripping rock'n'roll, and candy dipped funk and soul, with touches of cosmic synth occasionally accenting the mix. And sitting deep on the B-side is a wonderful Italian language version of \\\"Stayin' Alive.\\\"\",\"breadcrumb\":{\"@id\":\"https:\/\/wpguerssen-test.odoo.rgbconsulting.com\/es\/producto\/love-me-please-forever\/#breadcrumb\"},\"inLanguage\":\"es\",\"potentialAction\":[{\"@type\":\"ReadAction\",\"target\":[\"https:\/\/wpguerssen-test.odoo.rgbconsulting.com\/es\/producto\/love-me-please-forever\/\"]}]},{\"@type\":\"ImageObject\",\"inLanguage\":\"es\",\"@id\":\"https:\/\/wpguerssen-test.odoo.rgbconsulting.com\/es\/producto\/love-me-please-forever\/#primaryimage\",\"url\":\"https:\/\/wpguerssen-test.odoo.rgbconsulting.com\/wp-content\/uploads\/2023\/12\/46426.jpg\",\"contentUrl\":\"https:\/\/wpguerssen-test.odoo.rgbconsulting.com\/wp-content\/uploads\/2023\/12\/46426.jpg\",\"width\":1440,\"height\":1440},{\"@type\":\"BreadcrumbList\",\"@id\":\"https:\/\/wpguerssen-test.odoo.rgbconsulting.com\/es\/producto\/love-me-please-forever\/#breadcrumb\",\"itemListElement\":[{\"@type\":\"ListItem\",\"position\":1,\"name\":\"Inicio\",\"item\":\"https:\/\/wpguerssen-test.odoo.rgbconsulting.com\/es\/\"},{\"@type\":\"ListItem\",\"position\":2,\"name\":\"Shop\",\"item\":\"https:\/\/wpguerssen-test.odoo.rgbconsulting.com\/shop\/\"},{\"@type\":\"ListItem\",\"position\":3,\"name\":\"Love Me Please Forever\"}]},{\"@type\":\"WebSite\",\"@id\":\"https:\/\/wpguerssen-test.odoo.rgbconsulting.com\/es\/#website\",\"url\":\"https:\/\/wpguerssen-test.odoo.rgbconsulting.com\/es\/\",\"name\":\"Guerssen records\",\"description\":\"psychedelia - progressive - folk - garage \",\"publisher\":{\"@id\":\"https:\/\/wpguerssen-test.odoo.rgbconsulting.com\/es\/#organization\"},\"potentialAction\":[{\"@type\":\"SearchAction\",\"target\":{\"@type\":\"EntryPoint\",\"urlTemplate\":\"https:\/\/wpguerssen-test.odoo.rgbconsulting.com\/es\/?s={search_term_string}\"},\"query-input\":{\"@type\":\"PropertyValueSpecification\",\"valueRequired\":true,\"valueName\":\"search_term_string\"}}],\"inLanguage\":\"es\"},{\"@type\":\"Organization\",\"@id\":\"https:\/\/wpguerssen-test.odoo.rgbconsulting.com\/es\/#organization\",\"name\":\"Guerssen records\",\"url\":\"https:\/\/wpguerssen-test.odoo.rgbconsulting.com\/es\/\",\"logo\":{\"@type\":\"ImageObject\",\"inLanguage\":\"es\",\"@id\":\"https:\/\/wpguerssen-test.odoo.rgbconsulting.com\/es\/#\/schema\/logo\/image\/\",\"url\":\"https:\/\/wpguerssen-test.odoo.rgbconsulting.com\/wp-content\/uploads\/2022\/04\/Logo_Guerssen_trans_100.png\",\"contentUrl\":\"https:\/\/wpguerssen-test.odoo.rgbconsulting.com\/wp-content\/uploads\/2022\/04\/Logo_Guerssen_trans_100.png\",\"width\":122,\"height\":100,\"caption\":\"Guerssen records\"},\"image\":{\"@id\":\"https:\/\/wpguerssen-test.odoo.rgbconsulting.com\/es\/#\/schema\/logo\/image\/\"}}]}<\/script>\n<!-- \/ Yoast SEO plugin. -->","yoast_head_json":{"title":"EVA EVA EVA - Love Me Please Forever -  (LP) | Guerssen","description":"Pink colorations and disco pop confections abound on Eva Eva Eva's self titled 1978 LP, which is the newest reissue on Futuribile in collaboration with Peer-Southern Productions.The LP possess a stunning sense of eclecticism and depth, with dazzling displays of diva dynamism proceeding over a range of textures and moods...shimmering disco, rustic blues, cinematic exotica, ripping rock'n'roll, and candy dipped funk and soul, with touches of cosmic synth occasionally accenting the mix. And sitting deep on the B-side is a wonderful Italian language version of \"Stayin' Alive.\"","robots":{"index":"index","follow":"follow","max-snippet":"max-snippet:-1","max-image-preview":"max-image-preview:large","max-video-preview":"max-video-preview:-1"},"canonical":"https:\/\/wpguerssen-test.odoo.rgbconsulting.com\/es\/producto\/love-me-please-forever\/","og_locale":"es_ES","og_type":"article","og_title":"EVA EVA EVA - Love Me Please Forever -  (LP) | Guerssen","og_description":"Pink colorations and disco pop confections abound on Eva Eva Eva's self titled 1978 LP, which is the newest reissue on Futuribile in collaboration with Peer-Southern Productions.The LP possess a stunning sense of eclecticism and depth, with dazzling displays of diva dynamism proceeding over a range of textures and moods...shimmering disco, rustic blues, cinematic exotica, ripping rock'n'roll, and candy dipped funk and soul, with touches of cosmic synth occasionally accenting the mix. And sitting deep on the B-side is a wonderful Italian language version of \"Stayin' Alive.\"","og_url":"https:\/\/wpguerssen-test.odoo.rgbconsulting.com\/es\/producto\/love-me-please-forever\/","og_site_name":"Guerssen records","article_modified_time":"2025-01-07T18:12:10+00:00","og_image":[{"width":1440,"height":1440,"url":"https:\/\/wpguerssen-test.odoo.rgbconsulting.com\/wp-content\/uploads\/2023\/12\/46426.jpg","type":"image\/jpeg"}],"twitter_card":"summary_large_image","twitter_title":"EVA EVA EVA - Love Me Please Forever -  (LP) | Guerssen","twitter_misc":{"Tiempo de lectura":"1 minuto"},"schema":{"@context":"https:\/\/schema.org","@graph":[{"@type":"WebPage","@id":"https:\/\/wpguerssen-test.odoo.rgbconsulting.com\/es\/producto\/love-me-please-forever\/","url":"https:\/\/wpguerssen-test.odoo.rgbconsulting.com\/es\/producto\/love-me-please-forever\/","name":"EVA EVA EVA - Love Me Please Forever - (LP) | Guerssen","isPartOf":{"@id":"https:\/\/wpguerssen-test.odoo.rgbconsulting.com\/es\/#website"},"primaryImageOfPage":{"@id":"https:\/\/wpguerssen-test.odoo.rgbconsulting.com\/es\/producto\/love-me-please-forever\/#primaryimage"},"image":{"@id":"https:\/\/wpguerssen-test.odoo.rgbconsulting.com\/es\/producto\/love-me-please-forever\/#primaryimage"},"thumbnailUrl":"https:\/\/wpguerssen-test.odoo.rgbconsulting.com\/wp-content\/uploads\/2023\/12\/46426.jpg","datePublished":"2021-08-23T22:00:00+00:00","dateModified":"2025-01-07T18:12:10+00:00","description":"Pink colorations and disco pop confections abound on Eva Eva Eva's self titled 1978 LP, which is the newest reissue on Futuribile in collaboration with Peer-Southern Productions.The LP possess a stunning sense of eclecticism and depth, with dazzling displays of diva dynamism proceeding over a range of textures and moods...shimmering disco, rustic blues, cinematic exotica, ripping rock'n'roll, and candy dipped funk and soul, with touches of cosmic synth occasionally accenting the mix. And sitting deep on the B-side is a wonderful Italian language version of \"Stayin' Alive.\"","breadcrumb":{"@id":"https:\/\/wpguerssen-test.odoo.rgbconsulting.com\/es\/producto\/love-me-please-forever\/#breadcrumb"},"inLanguage":"es","potentialAction":[{"@type":"ReadAction","target":["https:\/\/wpguerssen-test.odoo.rgbconsulting.com\/es\/producto\/love-me-please-forever\/"]}]},{"@type":"ImageObject","inLanguage":"es","@id":"https:\/\/wpguerssen-test.odoo.rgbconsulting.com\/es\/producto\/love-me-please-forever\/#primaryimage","url":"https:\/\/wpguerssen-test.odoo.rgbconsulting.com\/wp-content\/uploads\/2023\/12\/46426.jpg","contentUrl":"https:\/\/wpguerssen-test.odoo.rgbconsulting.com\/wp-content\/uploads\/2023\/12\/46426.jpg","width":1440,"height":1440},{"@type":"BreadcrumbList","@id":"https:\/\/wpguerssen-test.odoo.rgbconsulting.com\/es\/producto\/love-me-please-forever\/#breadcrumb","itemListElement":[{"@type":"ListItem","position":1,"name":"Inicio","item":"https:\/\/wpguerssen-test.odoo.rgbconsulting.com\/es\/"},{"@type":"ListItem","position":2,"name":"Shop","item":"https:\/\/wpguerssen-test.odoo.rgbconsulting.com\/shop\/"},{"@type":"ListItem","position":3,"name":"Love Me Please Forever"}]},{"@type":"WebSite","@id":"https:\/\/wpguerssen-test.odoo.rgbconsulting.com\/es\/#website","url":"https:\/\/wpguerssen-test.odoo.rgbconsulting.com\/es\/","name":"Guerssen records","description":"psychedelia - progressive - folk - garage ","publisher":{"@id":"https:\/\/wpguerssen-test.odoo.rgbconsulting.com\/es\/#organization"},"potentialAction":[{"@type":"SearchAction","target":{"@type":"EntryPoint","urlTemplate":"https:\/\/wpguerssen-test.odoo.rgbconsulting.com\/es\/?s={search_term_string}"},"query-input":{"@type":"PropertyValueSpecification","valueRequired":true,"valueName":"search_term_string"}}],"inLanguage":"es"},{"@type":"Organization","@id":"https:\/\/wpguerssen-test.odoo.rgbconsulting.com\/es\/#organization","name":"Guerssen records","url":"https:\/\/wpguerssen-test.odoo.rgbconsulting.com\/es\/","logo":{"@type":"ImageObject","inLanguage":"es","@id":"https:\/\/wpguerssen-test.odoo.rgbconsulting.com\/es\/#\/schema\/logo\/image\/","url":"https:\/\/wpguerssen-test.odoo.rgbconsulting.com\/wp-content\/uploads\/2022\/04\/Logo_Guerssen_trans_100.png","contentUrl":"https:\/\/wpguerssen-test.odoo.rgbconsulting.com\/wp-content\/uploads\/2022\/04\/Logo_Guerssen_trans_100.png","width":122,"height":100,"caption":"Guerssen records"},"image":{"@id":"https:\/\/wpguerssen-test.odoo.rgbconsulting.com\/es\/#\/schema\/logo\/image\/"}}]}},"_links":{"self":[{"href":"https:\/\/wpguerssen-test.odoo.rgbconsulting.com\/es\/wp-json\/wp\/v2\/product\/248292","targetHints":{"allow":["GET"]}}],"collection":[{"href":"https:\/\/wpguerssen-test.odoo.rgbconsulting.com\/es\/wp-json\/wp\/v2\/product"}],"about":[{"href":"https:\/\/wpguerssen-test.odoo.rgbconsulting.com\/es\/wp-json\/wp\/v2\/types\/product"}],"wp:featuredmedia":[{"embeddable":true,"href":"https:\/\/wpguerssen-test.odoo.rgbconsulting.com\/es\/wp-json\/wp\/v2\/media\/248237"}],"wp:attachment":[{"href":"https:\/\/wpguerssen-test.odoo.rgbconsulting.com\/es\/wp-json\/wp\/v2\/media?parent=248292"}],"wp:term":[{"taxonomy":"product_brand","embeddable":true,"href":"https:\/\/wpguerssen-test.odoo.rgbconsulting.com\/es\/wp-json\/wp\/v2\/product_brand?post=248292"},{"taxonomy":"product_cat","embeddable":true,"href":"https:\/\/wpguerssen-test.odoo.rgbconsulting.com\/es\/wp-json\/wp\/v2\/product_cat?post=248292"},{"taxonomy":"product_tag","embeddable":true,"href":"https:\/\/wpguerssen-test.odoo.rgbconsulting.com\/es\/wp-json\/wp\/v2\/product_tag?post=248292"}],"curies":[{"name":"wp","href":"https:\/\/api.w.org\/{rel}","templated":true}]}}