{"id":248294,"date":"2024-02-13T00:00:00","date_gmt":"2024-02-12T23:00:00","guid":{"rendered":"https:\/\/wpguerssen-test.odoo.rgbconsulting.com\/product\/power-fuerza\/"},"modified":"2024-10-29T16:45:22","modified_gmt":"2024-10-29T15:45:22","slug":"power-fuerza","status":"publish","type":"product","link":"https:\/\/wpguerssen-test.odoo.rgbconsulting.com\/es\/producto\/power-fuerza\/","title":{"rendered":"Power &#8211; Fuerza"},"content":{"rendered":"<p>\u00abPower-Fuerza\u00bb de Ghetto Brothers (1972), uno de los mejores \u00e1lbumes de funk latino jam\u00e1s grabados. Producida por el boogaloo don Bobby Marin, esta obra maestra es un testimonio sonoro de los Ghetto Brothers: fusi\u00f3n de resiliencia, riqueza cultural e innovaci\u00f3n musical. Cada tema es un tapiz vibrante, que entrelaza la energ\u00eda cruda de las calles del sur del Bronx y las conmovedoras melod\u00edas nacidas de la herencia puertorrique\u00f1a del tr\u00edo. Agotado desde hace bastante tiempo, \u00a1estamos muy felices de que esta oscura joya del funk latino est\u00e9 disponible nuevamente!<\/p>\n","protected":false},"excerpt":{"rendered":"<p>\u00abPower-Fuerza\u00bb de Ghetto Brothers (1972), uno de los mejores \u00e1lbumes de funk latino jam\u00e1s grabados. Producida por el boogaloo don Bobby Marin, esta obra maestra<a class=\"read\" href=\"https:\/\/wpguerssen-test.odoo.rgbconsulting.com\/es\/producto\/power-fuerza\/\"> (...)<\/a>","protected":false},"featured_media":248243,"template":"","meta":{"_acf_changed":false},"product_brand":[],"product_cat":[23219,23231],"product_tag":[],"class_list":{"0":"post-248294","1":"product","2":"type-product","3":"status-publish","4":"has-post-thumbnail","6":"product_cat-funk-es","7":"product_cat-latin-brazilian-es","8":"pa_artist-ghetto-brothers-the","9":"pa_format-lp-es","10":"pa_gender-latin-brazilian-funk","11":"pa_label-vampi-soul-es","12":"pa_location-north-america-es","13":"pa_other-filters-vinyl-only-es","15":"first","16":"instock","17":"taxable","18":"shipping-taxable","19":"purchasable","20":"product-type-simple"},"acf":[],"yoast_head":"<!-- This site is optimized with the Yoast SEO plugin v24.9 - https:\/\/yoast.com\/wordpress\/plugins\/seo\/ -->\n<title>GHETTO BROTHERS, The - Power - Fuerza -  (LP) | Guerssen<\/title>\n<meta name=\"description\" content=\"Ghetto Brothers&#039; &quot;Power-Fuerza&quot; (1972), one of the best Latin funk albums ever recorded. Produced by boogaloo don Bobby Marin, this masterpiece is a sonic testament to the Ghetto Brothers- fusion of resilience, cultural richness, and musical innovation. Each track is a vibrant tapestry, weaving together the raw energy of the South Bronx streets and the soulful melodies born from the trio&#039;s Puerto Rican heritage. Out of print for quite some time now, we are so happy to make this obscure Latin funk gem available again!\" \/>\n<meta name=\"robots\" content=\"index, follow, max-snippet:-1, max-image-preview:large, max-video-preview:-1\" \/>\n<link rel=\"canonical\" href=\"https:\/\/wpguerssen-test.odoo.rgbconsulting.com\/es\/producto\/power-fuerza\/\" \/>\n<meta property=\"og:locale\" content=\"es_ES\" \/>\n<meta property=\"og:type\" content=\"article\" \/>\n<meta property=\"og:title\" content=\"GHETTO BROTHERS, The - Power - Fuerza -  (LP) | Guerssen\" \/>\n<meta property=\"og:description\" content=\"Ghetto Brothers&#039; &quot;Power-Fuerza&quot; (1972), one of the best Latin funk albums ever recorded. Produced by boogaloo don Bobby Marin, this masterpiece is a sonic testament to the Ghetto Brothers- fusion of resilience, cultural richness, and musical innovation. Each track is a vibrant tapestry, weaving together the raw energy of the South Bronx streets and the soulful melodies born from the trio&#039;s Puerto Rican heritage. Out of print for quite some time now, we are so happy to make this obscure Latin funk gem available again!\" \/>\n<meta property=\"og:url\" content=\"https:\/\/wpguerssen-test.odoo.rgbconsulting.com\/es\/producto\/power-fuerza\/\" \/>\n<meta property=\"og:site_name\" content=\"Guerssen records\" \/>\n<meta property=\"article:modified_time\" content=\"2024-10-29T15:45:22+00:00\" \/>\n<meta property=\"og:image\" content=\"https:\/\/wpguerssen-test.odoo.rgbconsulting.com\/wp-content\/uploads\/2023\/12\/46428.jpg\" \/>\n\t<meta property=\"og:image:width\" content=\"300\" \/>\n\t<meta property=\"og:image:height\" content=\"300\" \/>\n\t<meta property=\"og:image:type\" content=\"image\/jpeg\" \/>\n<meta name=\"twitter:card\" content=\"summary_large_image\" \/>\n<meta name=\"twitter:title\" content=\"GHETTO BROTHERS, The - Power - Fuerza -  (LP) | Guerssen\" \/>\n<script type=\"application\/ld+json\" class=\"yoast-schema-graph\">{\"@context\":\"https:\/\/schema.org\",\"@graph\":[{\"@type\":\"WebPage\",\"@id\":\"https:\/\/wpguerssen-test.odoo.rgbconsulting.com\/es\/producto\/power-fuerza\/\",\"url\":\"https:\/\/wpguerssen-test.odoo.rgbconsulting.com\/es\/producto\/power-fuerza\/\",\"name\":\"GHETTO BROTHERS, The - Power - Fuerza - (LP) | Guerssen\",\"isPartOf\":{\"@id\":\"https:\/\/wpguerssen-test.odoo.rgbconsulting.com\/es\/#website\"},\"primaryImageOfPage\":{\"@id\":\"https:\/\/wpguerssen-test.odoo.rgbconsulting.com\/es\/producto\/power-fuerza\/#primaryimage\"},\"image\":{\"@id\":\"https:\/\/wpguerssen-test.odoo.rgbconsulting.com\/es\/producto\/power-fuerza\/#primaryimage\"},\"thumbnailUrl\":\"https:\/\/wpguerssen-test.odoo.rgbconsulting.com\/wp-content\/uploads\/2023\/12\/46428.jpg\",\"datePublished\":\"2024-02-12T23:00:00+00:00\",\"dateModified\":\"2024-10-29T15:45:22+00:00\",\"description\":\"Ghetto Brothers' \\\"Power-Fuerza\\\" (1972), one of the best Latin funk albums ever recorded. Produced by boogaloo don Bobby Marin, this masterpiece is a sonic testament to the Ghetto Brothers- fusion of resilience, cultural richness, and musical innovation. Each track is a vibrant tapestry, weaving together the raw energy of the South Bronx streets and the soulful melodies born from the trio's Puerto Rican heritage. Out of print for quite some time now, we are so happy to make this obscure Latin funk gem available again!\",\"breadcrumb\":{\"@id\":\"https:\/\/wpguerssen-test.odoo.rgbconsulting.com\/es\/producto\/power-fuerza\/#breadcrumb\"},\"inLanguage\":\"es\",\"potentialAction\":[{\"@type\":\"ReadAction\",\"target\":[\"https:\/\/wpguerssen-test.odoo.rgbconsulting.com\/es\/producto\/power-fuerza\/\"]}]},{\"@type\":\"ImageObject\",\"inLanguage\":\"es\",\"@id\":\"https:\/\/wpguerssen-test.odoo.rgbconsulting.com\/es\/producto\/power-fuerza\/#primaryimage\",\"url\":\"https:\/\/wpguerssen-test.odoo.rgbconsulting.com\/wp-content\/uploads\/2023\/12\/46428.jpg\",\"contentUrl\":\"https:\/\/wpguerssen-test.odoo.rgbconsulting.com\/wp-content\/uploads\/2023\/12\/46428.jpg\",\"width\":300,\"height\":300,\"caption\":\"The - Power - Fuerza - VAMPI SOUL (LP) | Guerssen\"},{\"@type\":\"BreadcrumbList\",\"@id\":\"https:\/\/wpguerssen-test.odoo.rgbconsulting.com\/es\/producto\/power-fuerza\/#breadcrumb\",\"itemListElement\":[{\"@type\":\"ListItem\",\"position\":1,\"name\":\"Inicio\",\"item\":\"https:\/\/wpguerssen-test.odoo.rgbconsulting.com\/es\/\"},{\"@type\":\"ListItem\",\"position\":2,\"name\":\"Shop\",\"item\":\"https:\/\/wpguerssen-test.odoo.rgbconsulting.com\/shop\/\"},{\"@type\":\"ListItem\",\"position\":3,\"name\":\"Power &#8211; Fuerza\"}]},{\"@type\":\"WebSite\",\"@id\":\"https:\/\/wpguerssen-test.odoo.rgbconsulting.com\/es\/#website\",\"url\":\"https:\/\/wpguerssen-test.odoo.rgbconsulting.com\/es\/\",\"name\":\"Guerssen records\",\"description\":\"psychedelia - progressive - folk - garage \",\"publisher\":{\"@id\":\"https:\/\/wpguerssen-test.odoo.rgbconsulting.com\/es\/#organization\"},\"potentialAction\":[{\"@type\":\"SearchAction\",\"target\":{\"@type\":\"EntryPoint\",\"urlTemplate\":\"https:\/\/wpguerssen-test.odoo.rgbconsulting.com\/es\/?s={search_term_string}\"},\"query-input\":{\"@type\":\"PropertyValueSpecification\",\"valueRequired\":true,\"valueName\":\"search_term_string\"}}],\"inLanguage\":\"es\"},{\"@type\":\"Organization\",\"@id\":\"https:\/\/wpguerssen-test.odoo.rgbconsulting.com\/es\/#organization\",\"name\":\"Guerssen records\",\"url\":\"https:\/\/wpguerssen-test.odoo.rgbconsulting.com\/es\/\",\"logo\":{\"@type\":\"ImageObject\",\"inLanguage\":\"es\",\"@id\":\"https:\/\/wpguerssen-test.odoo.rgbconsulting.com\/es\/#\/schema\/logo\/image\/\",\"url\":\"https:\/\/wpguerssen-test.odoo.rgbconsulting.com\/wp-content\/uploads\/2022\/04\/Logo_Guerssen_trans_100.png\",\"contentUrl\":\"https:\/\/wpguerssen-test.odoo.rgbconsulting.com\/wp-content\/uploads\/2022\/04\/Logo_Guerssen_trans_100.png\",\"width\":122,\"height\":100,\"caption\":\"Guerssen records\"},\"image\":{\"@id\":\"https:\/\/wpguerssen-test.odoo.rgbconsulting.com\/es\/#\/schema\/logo\/image\/\"}}]}<\/script>\n<!-- \/ Yoast SEO plugin. -->","yoast_head_json":{"title":"GHETTO BROTHERS, The - Power - Fuerza -  (LP) | Guerssen","description":"Ghetto Brothers' \"Power-Fuerza\" (1972), one of the best Latin funk albums ever recorded. Produced by boogaloo don Bobby Marin, this masterpiece is a sonic testament to the Ghetto Brothers- fusion of resilience, cultural richness, and musical innovation. Each track is a vibrant tapestry, weaving together the raw energy of the South Bronx streets and the soulful melodies born from the trio's Puerto Rican heritage. Out of print for quite some time now, we are so happy to make this obscure Latin funk gem available again!","robots":{"index":"index","follow":"follow","max-snippet":"max-snippet:-1","max-image-preview":"max-image-preview:large","max-video-preview":"max-video-preview:-1"},"canonical":"https:\/\/wpguerssen-test.odoo.rgbconsulting.com\/es\/producto\/power-fuerza\/","og_locale":"es_ES","og_type":"article","og_title":"GHETTO BROTHERS, The - Power - Fuerza -  (LP) | Guerssen","og_description":"Ghetto Brothers' \"Power-Fuerza\" (1972), one of the best Latin funk albums ever recorded. Produced by boogaloo don Bobby Marin, this masterpiece is a sonic testament to the Ghetto Brothers- fusion of resilience, cultural richness, and musical innovation. Each track is a vibrant tapestry, weaving together the raw energy of the South Bronx streets and the soulful melodies born from the trio's Puerto Rican heritage. Out of print for quite some time now, we are so happy to make this obscure Latin funk gem available again!","og_url":"https:\/\/wpguerssen-test.odoo.rgbconsulting.com\/es\/producto\/power-fuerza\/","og_site_name":"Guerssen records","article_modified_time":"2024-10-29T15:45:22+00:00","og_image":[{"width":300,"height":300,"url":"https:\/\/wpguerssen-test.odoo.rgbconsulting.com\/wp-content\/uploads\/2023\/12\/46428.jpg","type":"image\/jpeg"}],"twitter_card":"summary_large_image","twitter_title":"GHETTO BROTHERS, The - Power - Fuerza -  (LP) | Guerssen","schema":{"@context":"https:\/\/schema.org","@graph":[{"@type":"WebPage","@id":"https:\/\/wpguerssen-test.odoo.rgbconsulting.com\/es\/producto\/power-fuerza\/","url":"https:\/\/wpguerssen-test.odoo.rgbconsulting.com\/es\/producto\/power-fuerza\/","name":"GHETTO BROTHERS, The - Power - Fuerza - (LP) | Guerssen","isPartOf":{"@id":"https:\/\/wpguerssen-test.odoo.rgbconsulting.com\/es\/#website"},"primaryImageOfPage":{"@id":"https:\/\/wpguerssen-test.odoo.rgbconsulting.com\/es\/producto\/power-fuerza\/#primaryimage"},"image":{"@id":"https:\/\/wpguerssen-test.odoo.rgbconsulting.com\/es\/producto\/power-fuerza\/#primaryimage"},"thumbnailUrl":"https:\/\/wpguerssen-test.odoo.rgbconsulting.com\/wp-content\/uploads\/2023\/12\/46428.jpg","datePublished":"2024-02-12T23:00:00+00:00","dateModified":"2024-10-29T15:45:22+00:00","description":"Ghetto Brothers' \"Power-Fuerza\" (1972), one of the best Latin funk albums ever recorded. Produced by boogaloo don Bobby Marin, this masterpiece is a sonic testament to the Ghetto Brothers- fusion of resilience, cultural richness, and musical innovation. Each track is a vibrant tapestry, weaving together the raw energy of the South Bronx streets and the soulful melodies born from the trio's Puerto Rican heritage. Out of print for quite some time now, we are so happy to make this obscure Latin funk gem available again!","breadcrumb":{"@id":"https:\/\/wpguerssen-test.odoo.rgbconsulting.com\/es\/producto\/power-fuerza\/#breadcrumb"},"inLanguage":"es","potentialAction":[{"@type":"ReadAction","target":["https:\/\/wpguerssen-test.odoo.rgbconsulting.com\/es\/producto\/power-fuerza\/"]}]},{"@type":"ImageObject","inLanguage":"es","@id":"https:\/\/wpguerssen-test.odoo.rgbconsulting.com\/es\/producto\/power-fuerza\/#primaryimage","url":"https:\/\/wpguerssen-test.odoo.rgbconsulting.com\/wp-content\/uploads\/2023\/12\/46428.jpg","contentUrl":"https:\/\/wpguerssen-test.odoo.rgbconsulting.com\/wp-content\/uploads\/2023\/12\/46428.jpg","width":300,"height":300,"caption":"The - Power - Fuerza - VAMPI SOUL (LP) | Guerssen"},{"@type":"BreadcrumbList","@id":"https:\/\/wpguerssen-test.odoo.rgbconsulting.com\/es\/producto\/power-fuerza\/#breadcrumb","itemListElement":[{"@type":"ListItem","position":1,"name":"Inicio","item":"https:\/\/wpguerssen-test.odoo.rgbconsulting.com\/es\/"},{"@type":"ListItem","position":2,"name":"Shop","item":"https:\/\/wpguerssen-test.odoo.rgbconsulting.com\/shop\/"},{"@type":"ListItem","position":3,"name":"Power &#8211; Fuerza"}]},{"@type":"WebSite","@id":"https:\/\/wpguerssen-test.odoo.rgbconsulting.com\/es\/#website","url":"https:\/\/wpguerssen-test.odoo.rgbconsulting.com\/es\/","name":"Guerssen records","description":"psychedelia - progressive - folk - garage ","publisher":{"@id":"https:\/\/wpguerssen-test.odoo.rgbconsulting.com\/es\/#organization"},"potentialAction":[{"@type":"SearchAction","target":{"@type":"EntryPoint","urlTemplate":"https:\/\/wpguerssen-test.odoo.rgbconsulting.com\/es\/?s={search_term_string}"},"query-input":{"@type":"PropertyValueSpecification","valueRequired":true,"valueName":"search_term_string"}}],"inLanguage":"es"},{"@type":"Organization","@id":"https:\/\/wpguerssen-test.odoo.rgbconsulting.com\/es\/#organization","name":"Guerssen records","url":"https:\/\/wpguerssen-test.odoo.rgbconsulting.com\/es\/","logo":{"@type":"ImageObject","inLanguage":"es","@id":"https:\/\/wpguerssen-test.odoo.rgbconsulting.com\/es\/#\/schema\/logo\/image\/","url":"https:\/\/wpguerssen-test.odoo.rgbconsulting.com\/wp-content\/uploads\/2022\/04\/Logo_Guerssen_trans_100.png","contentUrl":"https:\/\/wpguerssen-test.odoo.rgbconsulting.com\/wp-content\/uploads\/2022\/04\/Logo_Guerssen_trans_100.png","width":122,"height":100,"caption":"Guerssen records"},"image":{"@id":"https:\/\/wpguerssen-test.odoo.rgbconsulting.com\/es\/#\/schema\/logo\/image\/"}}]}},"_links":{"self":[{"href":"https:\/\/wpguerssen-test.odoo.rgbconsulting.com\/es\/wp-json\/wp\/v2\/product\/248294","targetHints":{"allow":["GET"]}}],"collection":[{"href":"https:\/\/wpguerssen-test.odoo.rgbconsulting.com\/es\/wp-json\/wp\/v2\/product"}],"about":[{"href":"https:\/\/wpguerssen-test.odoo.rgbconsulting.com\/es\/wp-json\/wp\/v2\/types\/product"}],"wp:featuredmedia":[{"embeddable":true,"href":"https:\/\/wpguerssen-test.odoo.rgbconsulting.com\/es\/wp-json\/wp\/v2\/media\/248243"}],"wp:attachment":[{"href":"https:\/\/wpguerssen-test.odoo.rgbconsulting.com\/es\/wp-json\/wp\/v2\/media?parent=248294"}],"wp:term":[{"taxonomy":"product_brand","embeddable":true,"href":"https:\/\/wpguerssen-test.odoo.rgbconsulting.com\/es\/wp-json\/wp\/v2\/product_brand?post=248294"},{"taxonomy":"product_cat","embeddable":true,"href":"https:\/\/wpguerssen-test.odoo.rgbconsulting.com\/es\/wp-json\/wp\/v2\/product_cat?post=248294"},{"taxonomy":"product_tag","embeddable":true,"href":"https:\/\/wpguerssen-test.odoo.rgbconsulting.com\/es\/wp-json\/wp\/v2\/product_tag?post=248294"}],"curies":[{"name":"wp","href":"https:\/\/api.w.org\/{rel}","templated":true}]}}