{"id":248344,"date":"2024-02-13T00:00:00","date_gmt":"2024-02-12T23:00:00","guid":{"rendered":"https:\/\/wpguerssen-test.odoo.rgbconsulting.com\/?post_type=product&#038;p=248344"},"modified":"2025-05-05T11:11:28","modified_gmt":"2025-05-05T09:11:28","slug":"samuel-prody-cd","status":"publish","type":"product","link":"https:\/\/wpguerssen-test.odoo.rgbconsulting.com\/es\/producto\/samuel-prody-cd\/","title":{"rendered":"Samuel Prody (CD)"},"content":{"rendered":"<p>Todo un cl\u00e1sico del mejor heavy-rock underground de 1971 reeditado oficialmente por vez primera.<\/p>\n<p>Samuel Prody fue un grupo brit\u00e1nico de hard-rock psicod\u00e9lico que surgi\u00f3 de una banda llamada Giant (originalmente con Viv Prince de los Pretty Things a la bater\u00eda!).<\/p>\n<p>Liderados por el bajista \/ vocalista Tony Savva y con el duro guitarrista Derek Smallcombe (Jason Crest) tambi\u00e9n en sus filas, grabaron su \u00fanico disco en Inglaterra pero por alguna extra\u00f1a raz\u00f3n solo se public\u00f3 en Alemania. Es sin duda una de las aut\u00e9nticas rarezas de la era heavy-prog. Salvaje voz, cavern\u00edcola bater\u00eda, guitarras distorsionadas, efectos\u2026culminando en los 8 minutos de \u201cHallucination\u201d.<\/p>\n<p>Pirateado numerosas veces, presentamos la primera reedici\u00f3n oficial hecha con la colaboraci\u00f3n de Tony Savva, incluyendo un insert de cuatro p\u00e1ginas contando toda la historia del grupo.<\/p>\n<p>*Sonido remasterizado<br \/>*Libreto con detalladas notas por Klemen Breznikar (It\u2019s Psychedelic Baby) y fotos<\/p>\n<p>RIYL: BLACK SABBATH, EDGAR BROUGHTON BAND, PINK FAIRIES, ORANG-UTAN, JERUSALEM\u2026<\/p>\n<p>Tracklist:<br \/>1. Who Will Buy \u2013 2. Woman \u2013 3. Time Is All Mine \u2013 4. Scat Shuffle &#8211; 5. She\u2019s Mine \u2013 6. Mr Make Believe \u2013 7. Hallucination<\/p>\n<p>\n","protected":false},"excerpt":{"rendered":"<p>Todo un cl\u00e1sico del mejor heavy-rock underground de 1971 reeditado oficialmente por vez primera.<\/p>\n<p>Samuel Prody fue un grupo brit\u00e1nico de hard-rock psicod\u00e9lico<a class=\"read\" href=\"https:\/\/wpguerssen-test.odoo.rgbconsulting.com\/es\/producto\/samuel-prody-cd\/\"> (...)<\/a>","protected":false},"featured_media":248331,"template":"","meta":{"_acf_changed":false},"product_brand":[],"product_cat":[21639,23224],"product_tag":[29138,24185],"class_list":{"0":"post-248344","1":"product","2":"type-product","3":"status-publish","4":"has-post-thumbnail","6":"product_cat-psychedelic60s-70s-es","7":"product_cat-hard-rock-60s-70s-es","8":"product_tag-cd-es","9":"product_tag-de-nuevo-en-existencia","10":"pa_artist-samuel-prody-es","11":"pa_format-cd-2-es","12":"pa_gender-psychedelic60s-70s-hard-rock-60s-70s","13":"pa_label-guerssen-es","14":"pa_location-uk-ireland-es","16":"first","17":"instock","18":"taxable","19":"shipping-taxable","20":"purchasable","21":"product-type-simple"},"acf":[],"yoast_head":"<!-- This site is optimized with the Yoast SEO plugin v24.9 - https:\/\/yoast.com\/wordpress\/plugins\/seo\/ -->\n<title>SAMUEL PRODY - Samuel Prody (CD) -  (CD) | Guerssen<\/title>\n<meta name=\"description\" content=\"Heavy-rock classic from 1971 now officially reissued for the first time.Samuel Prody was a British psychedelic hard-rock band which evolved from another group called Giant (originally with Viv Prince of the Pretty Things on drums!). Led by bass player \/ vocalist Tony Savva and featuring top guitar player Derek Smallcombe (Jason Crest), they recorded their sole album in England but for some weird reason it was only released in Germany back at the time, making it a true rarity of the heavy prog era. Wild vocals, pounding drums, distorted guitars, psych effects\u2026culminating in the eight-minutes long \u201cHallucination\u201d.Bootlegged many times, we present the first-ever band sanctioned reissue with their amazing history told for the first time.*Remastered sound*Booklet with liner notes by Klemen Breznikar (It\u2019s Psychedelic Baby) and photosRIYL: BLACK SABBATH, EDGAR BROUGHTON BAND, PINK FAIRIES, ORANG-UTAN, JERUSALEM\u2026Tracklist:1. Who Will Buy \u2013 2. Woman \u2013 3. Time Is All Mine \u2013 4. Scat Shuffle - 5. She\u2019s Mine \u2013 6. Mr Make Believe \u2013 7. Hallucination\" \/>\n<meta name=\"robots\" content=\"index, follow, max-snippet:-1, max-image-preview:large, max-video-preview:-1\" \/>\n<link rel=\"canonical\" href=\"https:\/\/wpguerssen-test.odoo.rgbconsulting.com\/es\/producto\/samuel-prody-cd\/\" \/>\n<meta property=\"og:locale\" content=\"es_ES\" \/>\n<meta property=\"og:type\" content=\"article\" \/>\n<meta property=\"og:title\" content=\"SAMUEL PRODY - Samuel Prody (CD) -  (CD) | Guerssen\" \/>\n<meta property=\"og:description\" content=\"Heavy-rock classic from 1971 now officially reissued for the first time.Samuel Prody was a British psychedelic hard-rock band which evolved from another group called Giant (originally with Viv Prince of the Pretty Things on drums!). Led by bass player \/ vocalist Tony Savva and featuring top guitar player Derek Smallcombe (Jason Crest), they recorded their sole album in England but for some weird reason it was only released in Germany back at the time, making it a true rarity of the heavy prog era. Wild vocals, pounding drums, distorted guitars, psych effects\u2026culminating in the eight-minutes long \u201cHallucination\u201d.Bootlegged many times, we present the first-ever band sanctioned reissue with their amazing history told for the first time.*Remastered sound*Booklet with liner notes by Klemen Breznikar (It\u2019s Psychedelic Baby) and photosRIYL: BLACK SABBATH, EDGAR BROUGHTON BAND, PINK FAIRIES, ORANG-UTAN, JERUSALEM\u2026Tracklist:1. Who Will Buy \u2013 2. Woman \u2013 3. Time Is All Mine \u2013 4. Scat Shuffle - 5. She\u2019s Mine \u2013 6. Mr Make Believe \u2013 7. Hallucination\" \/>\n<meta property=\"og:url\" content=\"https:\/\/wpguerssen-test.odoo.rgbconsulting.com\/es\/producto\/samuel-prody-cd\/\" \/>\n<meta property=\"og:site_name\" content=\"Guerssen records\" \/>\n<meta property=\"article:modified_time\" content=\"2025-05-05T09:11:28+00:00\" \/>\n<meta property=\"og:image\" content=\"https:\/\/wpguerssen-test.odoo.rgbconsulting.com\/wp-content\/uploads\/2023\/12\/45987.jpg\" \/>\n\t<meta property=\"og:image:width\" content=\"1400\" \/>\n\t<meta property=\"og:image:height\" content=\"1400\" \/>\n\t<meta property=\"og:image:type\" content=\"image\/jpeg\" \/>\n<meta name=\"twitter:card\" content=\"summary_large_image\" \/>\n<meta name=\"twitter:title\" content=\"SAMUEL PRODY - Samuel Prody (CD) -  (CD) | Guerssen\" \/>\n<meta name=\"twitter:label1\" content=\"Tiempo de lectura\" \/>\n\t<meta name=\"twitter:data1\" content=\"1 minuto\" \/>\n<script type=\"application\/ld+json\" class=\"yoast-schema-graph\">{\"@context\":\"https:\/\/schema.org\",\"@graph\":[{\"@type\":\"WebPage\",\"@id\":\"https:\/\/wpguerssen-test.odoo.rgbconsulting.com\/es\/producto\/samuel-prody-cd\/\",\"url\":\"https:\/\/wpguerssen-test.odoo.rgbconsulting.com\/es\/producto\/samuel-prody-cd\/\",\"name\":\"SAMUEL PRODY - Samuel Prody (CD) - (CD) | Guerssen\",\"isPartOf\":{\"@id\":\"https:\/\/wpguerssen-test.odoo.rgbconsulting.com\/es\/#website\"},\"primaryImageOfPage\":{\"@id\":\"https:\/\/wpguerssen-test.odoo.rgbconsulting.com\/es\/producto\/samuel-prody-cd\/#primaryimage\"},\"image\":{\"@id\":\"https:\/\/wpguerssen-test.odoo.rgbconsulting.com\/es\/producto\/samuel-prody-cd\/#primaryimage\"},\"thumbnailUrl\":\"https:\/\/wpguerssen-test.odoo.rgbconsulting.com\/wp-content\/uploads\/2023\/12\/45987.jpg\",\"datePublished\":\"2024-02-12T23:00:00+00:00\",\"dateModified\":\"2025-05-05T09:11:28+00:00\",\"description\":\"Heavy-rock classic from 1971 now officially reissued for the first time.Samuel Prody was a British psychedelic hard-rock band which evolved from another group called Giant (originally with Viv Prince of the Pretty Things on drums!). Led by bass player \/ vocalist Tony Savva and featuring top guitar player Derek Smallcombe (Jason Crest), they recorded their sole album in England but for some weird reason it was only released in Germany back at the time, making it a true rarity of the heavy prog era. Wild vocals, pounding drums, distorted guitars, psych effects\u2026culminating in the eight-minutes long \u201cHallucination\u201d.Bootlegged many times, we present the first-ever band sanctioned reissue with their amazing history told for the first time.*Remastered sound*Booklet with liner notes by Klemen Breznikar (It\u2019s Psychedelic Baby) and photosRIYL: BLACK SABBATH, EDGAR BROUGHTON BAND, PINK FAIRIES, ORANG-UTAN, JERUSALEM\u2026Tracklist:1. Who Will Buy \u2013 2. Woman \u2013 3. Time Is All Mine \u2013 4. Scat Shuffle - 5. She\u2019s Mine \u2013 6. Mr Make Believe \u2013 7. Hallucination\",\"breadcrumb\":{\"@id\":\"https:\/\/wpguerssen-test.odoo.rgbconsulting.com\/es\/producto\/samuel-prody-cd\/#breadcrumb\"},\"inLanguage\":\"es\",\"potentialAction\":[{\"@type\":\"ReadAction\",\"target\":[\"https:\/\/wpguerssen-test.odoo.rgbconsulting.com\/es\/producto\/samuel-prody-cd\/\"]}]},{\"@type\":\"ImageObject\",\"inLanguage\":\"es\",\"@id\":\"https:\/\/wpguerssen-test.odoo.rgbconsulting.com\/es\/producto\/samuel-prody-cd\/#primaryimage\",\"url\":\"https:\/\/wpguerssen-test.odoo.rgbconsulting.com\/wp-content\/uploads\/2023\/12\/45987.jpg\",\"contentUrl\":\"https:\/\/wpguerssen-test.odoo.rgbconsulting.com\/wp-content\/uploads\/2023\/12\/45987.jpg\",\"width\":1400,\"height\":1400},{\"@type\":\"BreadcrumbList\",\"@id\":\"https:\/\/wpguerssen-test.odoo.rgbconsulting.com\/es\/producto\/samuel-prody-cd\/#breadcrumb\",\"itemListElement\":[{\"@type\":\"ListItem\",\"position\":1,\"name\":\"Inicio\",\"item\":\"https:\/\/wpguerssen-test.odoo.rgbconsulting.com\/es\/\"},{\"@type\":\"ListItem\",\"position\":2,\"name\":\"Shop\",\"item\":\"https:\/\/wpguerssen-test.odoo.rgbconsulting.com\/shop\/\"},{\"@type\":\"ListItem\",\"position\":3,\"name\":\"Samuel Prody (CD)\"}]},{\"@type\":\"WebSite\",\"@id\":\"https:\/\/wpguerssen-test.odoo.rgbconsulting.com\/es\/#website\",\"url\":\"https:\/\/wpguerssen-test.odoo.rgbconsulting.com\/es\/\",\"name\":\"Guerssen records\",\"description\":\"psychedelia - progressive - folk - garage \",\"publisher\":{\"@id\":\"https:\/\/wpguerssen-test.odoo.rgbconsulting.com\/es\/#organization\"},\"potentialAction\":[{\"@type\":\"SearchAction\",\"target\":{\"@type\":\"EntryPoint\",\"urlTemplate\":\"https:\/\/wpguerssen-test.odoo.rgbconsulting.com\/es\/?s={search_term_string}\"},\"query-input\":{\"@type\":\"PropertyValueSpecification\",\"valueRequired\":true,\"valueName\":\"search_term_string\"}}],\"inLanguage\":\"es\"},{\"@type\":\"Organization\",\"@id\":\"https:\/\/wpguerssen-test.odoo.rgbconsulting.com\/es\/#organization\",\"name\":\"Guerssen records\",\"url\":\"https:\/\/wpguerssen-test.odoo.rgbconsulting.com\/es\/\",\"logo\":{\"@type\":\"ImageObject\",\"inLanguage\":\"es\",\"@id\":\"https:\/\/wpguerssen-test.odoo.rgbconsulting.com\/es\/#\/schema\/logo\/image\/\",\"url\":\"https:\/\/wpguerssen-test.odoo.rgbconsulting.com\/wp-content\/uploads\/2022\/04\/Logo_Guerssen_trans_100.png\",\"contentUrl\":\"https:\/\/wpguerssen-test.odoo.rgbconsulting.com\/wp-content\/uploads\/2022\/04\/Logo_Guerssen_trans_100.png\",\"width\":122,\"height\":100,\"caption\":\"Guerssen records\"},\"image\":{\"@id\":\"https:\/\/wpguerssen-test.odoo.rgbconsulting.com\/es\/#\/schema\/logo\/image\/\"}}]}<\/script>\n<!-- \/ Yoast SEO plugin. -->","yoast_head_json":{"title":"SAMUEL PRODY - Samuel Prody (CD) -  (CD) | Guerssen","description":"Heavy-rock classic from 1971 now officially reissued for the first time.Samuel Prody was a British psychedelic hard-rock band which evolved from another group called Giant (originally with Viv Prince of the Pretty Things on drums!). Led by bass player \/ vocalist Tony Savva and featuring top guitar player Derek Smallcombe (Jason Crest), they recorded their sole album in England but for some weird reason it was only released in Germany back at the time, making it a true rarity of the heavy prog era. Wild vocals, pounding drums, distorted guitars, psych effects\u2026culminating in the eight-minutes long \u201cHallucination\u201d.Bootlegged many times, we present the first-ever band sanctioned reissue with their amazing history told for the first time.*Remastered sound*Booklet with liner notes by Klemen Breznikar (It\u2019s Psychedelic Baby) and photosRIYL: BLACK SABBATH, EDGAR BROUGHTON BAND, PINK FAIRIES, ORANG-UTAN, JERUSALEM\u2026Tracklist:1. Who Will Buy \u2013 2. Woman \u2013 3. Time Is All Mine \u2013 4. Scat Shuffle - 5. She\u2019s Mine \u2013 6. Mr Make Believe \u2013 7. Hallucination","robots":{"index":"index","follow":"follow","max-snippet":"max-snippet:-1","max-image-preview":"max-image-preview:large","max-video-preview":"max-video-preview:-1"},"canonical":"https:\/\/wpguerssen-test.odoo.rgbconsulting.com\/es\/producto\/samuel-prody-cd\/","og_locale":"es_ES","og_type":"article","og_title":"SAMUEL PRODY - Samuel Prody (CD) -  (CD) | Guerssen","og_description":"Heavy-rock classic from 1971 now officially reissued for the first time.Samuel Prody was a British psychedelic hard-rock band which evolved from another group called Giant (originally with Viv Prince of the Pretty Things on drums!). Led by bass player \/ vocalist Tony Savva and featuring top guitar player Derek Smallcombe (Jason Crest), they recorded their sole album in England but for some weird reason it was only released in Germany back at the time, making it a true rarity of the heavy prog era. Wild vocals, pounding drums, distorted guitars, psych effects\u2026culminating in the eight-minutes long \u201cHallucination\u201d.Bootlegged many times, we present the first-ever band sanctioned reissue with their amazing history told for the first time.*Remastered sound*Booklet with liner notes by Klemen Breznikar (It\u2019s Psychedelic Baby) and photosRIYL: BLACK SABBATH, EDGAR BROUGHTON BAND, PINK FAIRIES, ORANG-UTAN, JERUSALEM\u2026Tracklist:1. Who Will Buy \u2013 2. Woman \u2013 3. Time Is All Mine \u2013 4. Scat Shuffle - 5. She\u2019s Mine \u2013 6. Mr Make Believe \u2013 7. Hallucination","og_url":"https:\/\/wpguerssen-test.odoo.rgbconsulting.com\/es\/producto\/samuel-prody-cd\/","og_site_name":"Guerssen records","article_modified_time":"2025-05-05T09:11:28+00:00","og_image":[{"width":1400,"height":1400,"url":"https:\/\/wpguerssen-test.odoo.rgbconsulting.com\/wp-content\/uploads\/2023\/12\/45987.jpg","type":"image\/jpeg"}],"twitter_card":"summary_large_image","twitter_title":"SAMUEL PRODY - Samuel Prody (CD) -  (CD) | Guerssen","twitter_misc":{"Tiempo de lectura":"1 minuto"},"schema":{"@context":"https:\/\/schema.org","@graph":[{"@type":"WebPage","@id":"https:\/\/wpguerssen-test.odoo.rgbconsulting.com\/es\/producto\/samuel-prody-cd\/","url":"https:\/\/wpguerssen-test.odoo.rgbconsulting.com\/es\/producto\/samuel-prody-cd\/","name":"SAMUEL PRODY - Samuel Prody (CD) - (CD) | Guerssen","isPartOf":{"@id":"https:\/\/wpguerssen-test.odoo.rgbconsulting.com\/es\/#website"},"primaryImageOfPage":{"@id":"https:\/\/wpguerssen-test.odoo.rgbconsulting.com\/es\/producto\/samuel-prody-cd\/#primaryimage"},"image":{"@id":"https:\/\/wpguerssen-test.odoo.rgbconsulting.com\/es\/producto\/samuel-prody-cd\/#primaryimage"},"thumbnailUrl":"https:\/\/wpguerssen-test.odoo.rgbconsulting.com\/wp-content\/uploads\/2023\/12\/45987.jpg","datePublished":"2024-02-12T23:00:00+00:00","dateModified":"2025-05-05T09:11:28+00:00","description":"Heavy-rock classic from 1971 now officially reissued for the first time.Samuel Prody was a British psychedelic hard-rock band which evolved from another group called Giant (originally with Viv Prince of the Pretty Things on drums!). Led by bass player \/ vocalist Tony Savva and featuring top guitar player Derek Smallcombe (Jason Crest), they recorded their sole album in England but for some weird reason it was only released in Germany back at the time, making it a true rarity of the heavy prog era. Wild vocals, pounding drums, distorted guitars, psych effects\u2026culminating in the eight-minutes long \u201cHallucination\u201d.Bootlegged many times, we present the first-ever band sanctioned reissue with their amazing history told for the first time.*Remastered sound*Booklet with liner notes by Klemen Breznikar (It\u2019s Psychedelic Baby) and photosRIYL: BLACK SABBATH, EDGAR BROUGHTON BAND, PINK FAIRIES, ORANG-UTAN, JERUSALEM\u2026Tracklist:1. Who Will Buy \u2013 2. Woman \u2013 3. Time Is All Mine \u2013 4. Scat Shuffle - 5. She\u2019s Mine \u2013 6. Mr Make Believe \u2013 7. Hallucination","breadcrumb":{"@id":"https:\/\/wpguerssen-test.odoo.rgbconsulting.com\/es\/producto\/samuel-prody-cd\/#breadcrumb"},"inLanguage":"es","potentialAction":[{"@type":"ReadAction","target":["https:\/\/wpguerssen-test.odoo.rgbconsulting.com\/es\/producto\/samuel-prody-cd\/"]}]},{"@type":"ImageObject","inLanguage":"es","@id":"https:\/\/wpguerssen-test.odoo.rgbconsulting.com\/es\/producto\/samuel-prody-cd\/#primaryimage","url":"https:\/\/wpguerssen-test.odoo.rgbconsulting.com\/wp-content\/uploads\/2023\/12\/45987.jpg","contentUrl":"https:\/\/wpguerssen-test.odoo.rgbconsulting.com\/wp-content\/uploads\/2023\/12\/45987.jpg","width":1400,"height":1400},{"@type":"BreadcrumbList","@id":"https:\/\/wpguerssen-test.odoo.rgbconsulting.com\/es\/producto\/samuel-prody-cd\/#breadcrumb","itemListElement":[{"@type":"ListItem","position":1,"name":"Inicio","item":"https:\/\/wpguerssen-test.odoo.rgbconsulting.com\/es\/"},{"@type":"ListItem","position":2,"name":"Shop","item":"https:\/\/wpguerssen-test.odoo.rgbconsulting.com\/shop\/"},{"@type":"ListItem","position":3,"name":"Samuel Prody (CD)"}]},{"@type":"WebSite","@id":"https:\/\/wpguerssen-test.odoo.rgbconsulting.com\/es\/#website","url":"https:\/\/wpguerssen-test.odoo.rgbconsulting.com\/es\/","name":"Guerssen records","description":"psychedelia - progressive - folk - garage ","publisher":{"@id":"https:\/\/wpguerssen-test.odoo.rgbconsulting.com\/es\/#organization"},"potentialAction":[{"@type":"SearchAction","target":{"@type":"EntryPoint","urlTemplate":"https:\/\/wpguerssen-test.odoo.rgbconsulting.com\/es\/?s={search_term_string}"},"query-input":{"@type":"PropertyValueSpecification","valueRequired":true,"valueName":"search_term_string"}}],"inLanguage":"es"},{"@type":"Organization","@id":"https:\/\/wpguerssen-test.odoo.rgbconsulting.com\/es\/#organization","name":"Guerssen records","url":"https:\/\/wpguerssen-test.odoo.rgbconsulting.com\/es\/","logo":{"@type":"ImageObject","inLanguage":"es","@id":"https:\/\/wpguerssen-test.odoo.rgbconsulting.com\/es\/#\/schema\/logo\/image\/","url":"https:\/\/wpguerssen-test.odoo.rgbconsulting.com\/wp-content\/uploads\/2022\/04\/Logo_Guerssen_trans_100.png","contentUrl":"https:\/\/wpguerssen-test.odoo.rgbconsulting.com\/wp-content\/uploads\/2022\/04\/Logo_Guerssen_trans_100.png","width":122,"height":100,"caption":"Guerssen records"},"image":{"@id":"https:\/\/wpguerssen-test.odoo.rgbconsulting.com\/es\/#\/schema\/logo\/image\/"}}]}},"_links":{"self":[{"href":"https:\/\/wpguerssen-test.odoo.rgbconsulting.com\/es\/wp-json\/wp\/v2\/product\/248344","targetHints":{"allow":["GET"]}}],"collection":[{"href":"https:\/\/wpguerssen-test.odoo.rgbconsulting.com\/es\/wp-json\/wp\/v2\/product"}],"about":[{"href":"https:\/\/wpguerssen-test.odoo.rgbconsulting.com\/es\/wp-json\/wp\/v2\/types\/product"}],"wp:featuredmedia":[{"embeddable":true,"href":"https:\/\/wpguerssen-test.odoo.rgbconsulting.com\/es\/wp-json\/wp\/v2\/media\/248331"}],"wp:attachment":[{"href":"https:\/\/wpguerssen-test.odoo.rgbconsulting.com\/es\/wp-json\/wp\/v2\/media?parent=248344"}],"wp:term":[{"taxonomy":"product_brand","embeddable":true,"href":"https:\/\/wpguerssen-test.odoo.rgbconsulting.com\/es\/wp-json\/wp\/v2\/product_brand?post=248344"},{"taxonomy":"product_cat","embeddable":true,"href":"https:\/\/wpguerssen-test.odoo.rgbconsulting.com\/es\/wp-json\/wp\/v2\/product_cat?post=248344"},{"taxonomy":"product_tag","embeddable":true,"href":"https:\/\/wpguerssen-test.odoo.rgbconsulting.com\/es\/wp-json\/wp\/v2\/product_tag?post=248344"}],"curies":[{"name":"wp","href":"https:\/\/api.w.org\/{rel}","templated":true}]}}