{"id":248612,"date":"2024-01-08T00:00:00","date_gmt":"2024-01-07T23:00:00","guid":{"rendered":"https:\/\/wpguerssen-test.odoo.rgbconsulting.com\/product\/all-your-pretty-moves\/"},"modified":"2025-03-19T16:29:10","modified_gmt":"2025-03-19T15:29:10","slug":"all-your-pretty-moves","status":"publish","type":"product","link":"https:\/\/wpguerssen-test.odoo.rgbconsulting.com\/es\/producto\/all-your-pretty-moves\/","title":{"rendered":"All Your Pretty Moves"},"content":{"rendered":"<p>Reedici\u00f3n en vinilo de 1979 donde el hard rock de Luisiana se encuentra con el metal cl\u00e1sico y una pieza de colecci\u00f3n con un sonido inspirado en Thin Lizzy, UFO, Led Zeppelin, Budgie y Judas Priest. \u00a1Presenta un sonido cl\u00e1sico de hard rock y metal cruzado resaltado por las excelentes guitarras de Pat O&#8217;Hara y Paul Restovich! Este grupo m\u00e1s tarde se convirti\u00f3 en el grupo cristiano de heavy metal Philadelphia, que tambi\u00e9n lanz\u00f3 dos \u00e1lbumes de gran audiencia. Lanzado originalmente en 1979 con el propio sello de la banda, este vinilo original limitado se ha convertido en un art\u00edculo codiciado que exige m\u00e1s de 400 d\u00f3lares a los coleccionistas cuando aparece. \u00a1Ya disponible nuevamente en el sello Rockadrome! Incluye insert con notas, letras y fotograf\u00edas de la banda.<\/p>\n","protected":false},"excerpt":{"rendered":"<p>Reedici\u00f3n en vinilo de 1979 donde el hard rock de Luisiana se encuentra con el metal cl\u00e1sico y una pieza de colecci\u00f3n con un sonido inspirado en Thin Lizzy, UFO,<a class=\"read\" href=\"https:\/\/wpguerssen-test.odoo.rgbconsulting.com\/es\/producto\/all-your-pretty-moves\/\"> (...)<\/a>","protected":false},"featured_media":248610,"template":"","meta":{"_acf_changed":false},"product_brand":[],"product_cat":[23224],"product_tag":[],"class_list":{"0":"post-248612","1":"product","2":"type-product","3":"status-publish","4":"has-post-thumbnail","6":"product_cat-hard-rock-60s-70s-es","7":"pa_artist-survivor","8":"pa_format-lp-es","9":"pa_gender-hard-rock-60s-70s","10":"pa_label-rockadrome","11":"pa_location-north-america-es","12":"pa_other-filters-vinyl-only-es","14":"first","15":"instock","16":"taxable","17":"shipping-taxable","18":"purchasable","19":"product-type-simple"},"acf":[],"yoast_head":"<!-- This site is optimized with the Yoast SEO plugin v24.9 - https:\/\/yoast.com\/wordpress\/plugins\/seo\/ -->\n<title>SURVIVOR - All Your Pretty Moves -  (LP) | Guerssen<\/title>\n<meta name=\"description\" content=\"Vinyl reissue of 1979 Louisiana hard rock meets metal classic and collector item with a sound inspired by Thin Lizzy, UFO, Led Zeppelin, Budgie, and Judas Priest. Features a classic hard rock and metal crossover sound highlighted by the outstanding guitars of Pat O&#039;Hara and Paul Restovich! This group later evolved into the Christian heavy metal group Philadelphia, which also released two highly-rated albums. Originally released in 1979 on the band&#039;s own label, this limited original vinyl pressing has become a sought-after item demanding over $400 from collectors when it surfaces. Now available again on the Rockadrome label! Includes insert with liner notes, lyrics, and band photos.\" \/>\n<meta name=\"robots\" content=\"index, follow, max-snippet:-1, max-image-preview:large, max-video-preview:-1\" \/>\n<link rel=\"canonical\" href=\"https:\/\/wpguerssen-test.odoo.rgbconsulting.com\/es\/producto\/all-your-pretty-moves\/\" \/>\n<meta property=\"og:locale\" content=\"es_ES\" \/>\n<meta property=\"og:type\" content=\"article\" \/>\n<meta property=\"og:title\" content=\"SURVIVOR - All Your Pretty Moves -  (LP) | Guerssen\" \/>\n<meta property=\"og:description\" content=\"Vinyl reissue of 1979 Louisiana hard rock meets metal classic and collector item with a sound inspired by Thin Lizzy, UFO, Led Zeppelin, Budgie, and Judas Priest. Features a classic hard rock and metal crossover sound highlighted by the outstanding guitars of Pat O&#039;Hara and Paul Restovich! This group later evolved into the Christian heavy metal group Philadelphia, which also released two highly-rated albums. Originally released in 1979 on the band&#039;s own label, this limited original vinyl pressing has become a sought-after item demanding over $400 from collectors when it surfaces. Now available again on the Rockadrome label! Includes insert with liner notes, lyrics, and band photos.\" \/>\n<meta property=\"og:url\" content=\"https:\/\/wpguerssen-test.odoo.rgbconsulting.com\/es\/producto\/all-your-pretty-moves\/\" \/>\n<meta property=\"og:site_name\" content=\"Guerssen records\" \/>\n<meta property=\"article:modified_time\" content=\"2025-03-19T15:29:10+00:00\" \/>\n<meta property=\"og:image\" content=\"https:\/\/wpguerssen-test.odoo.rgbconsulting.com\/wp-content\/uploads\/2024\/01\/46456.jpg\" \/>\n\t<meta property=\"og:image:width\" content=\"600\" \/>\n\t<meta property=\"og:image:height\" content=\"600\" \/>\n\t<meta property=\"og:image:type\" content=\"image\/jpeg\" \/>\n<meta name=\"twitter:card\" content=\"summary_large_image\" \/>\n<meta name=\"twitter:title\" content=\"SURVIVOR - All Your Pretty Moves -  (LP) | Guerssen\" \/>\n<meta name=\"twitter:label1\" content=\"Tiempo de lectura\" \/>\n\t<meta name=\"twitter:data1\" content=\"1 minuto\" \/>\n<script type=\"application\/ld+json\" class=\"yoast-schema-graph\">{\"@context\":\"https:\/\/schema.org\",\"@graph\":[{\"@type\":\"WebPage\",\"@id\":\"https:\/\/wpguerssen-test.odoo.rgbconsulting.com\/es\/producto\/all-your-pretty-moves\/\",\"url\":\"https:\/\/wpguerssen-test.odoo.rgbconsulting.com\/es\/producto\/all-your-pretty-moves\/\",\"name\":\"SURVIVOR - All Your Pretty Moves - (LP) | Guerssen\",\"isPartOf\":{\"@id\":\"https:\/\/wpguerssen-test.odoo.rgbconsulting.com\/es\/#website\"},\"primaryImageOfPage\":{\"@id\":\"https:\/\/wpguerssen-test.odoo.rgbconsulting.com\/es\/producto\/all-your-pretty-moves\/#primaryimage\"},\"image\":{\"@id\":\"https:\/\/wpguerssen-test.odoo.rgbconsulting.com\/es\/producto\/all-your-pretty-moves\/#primaryimage\"},\"thumbnailUrl\":\"https:\/\/wpguerssen-test.odoo.rgbconsulting.com\/wp-content\/uploads\/2024\/01\/46456.jpg\",\"datePublished\":\"2024-01-07T23:00:00+00:00\",\"dateModified\":\"2025-03-19T15:29:10+00:00\",\"description\":\"Vinyl reissue of 1979 Louisiana hard rock meets metal classic and collector item with a sound inspired by Thin Lizzy, UFO, Led Zeppelin, Budgie, and Judas Priest. Features a classic hard rock and metal crossover sound highlighted by the outstanding guitars of Pat O'Hara and Paul Restovich! This group later evolved into the Christian heavy metal group Philadelphia, which also released two highly-rated albums. Originally released in 1979 on the band's own label, this limited original vinyl pressing has become a sought-after item demanding over $400 from collectors when it surfaces. Now available again on the Rockadrome label! Includes insert with liner notes, lyrics, and band photos.\",\"breadcrumb\":{\"@id\":\"https:\/\/wpguerssen-test.odoo.rgbconsulting.com\/es\/producto\/all-your-pretty-moves\/#breadcrumb\"},\"inLanguage\":\"es\",\"potentialAction\":[{\"@type\":\"ReadAction\",\"target\":[\"https:\/\/wpguerssen-test.odoo.rgbconsulting.com\/es\/producto\/all-your-pretty-moves\/\"]}]},{\"@type\":\"ImageObject\",\"inLanguage\":\"es\",\"@id\":\"https:\/\/wpguerssen-test.odoo.rgbconsulting.com\/es\/producto\/all-your-pretty-moves\/#primaryimage\",\"url\":\"https:\/\/wpguerssen-test.odoo.rgbconsulting.com\/wp-content\/uploads\/2024\/01\/46456.jpg\",\"contentUrl\":\"https:\/\/wpguerssen-test.odoo.rgbconsulting.com\/wp-content\/uploads\/2024\/01\/46456.jpg\",\"width\":600,\"height\":600},{\"@type\":\"BreadcrumbList\",\"@id\":\"https:\/\/wpguerssen-test.odoo.rgbconsulting.com\/es\/producto\/all-your-pretty-moves\/#breadcrumb\",\"itemListElement\":[{\"@type\":\"ListItem\",\"position\":1,\"name\":\"Inicio\",\"item\":\"https:\/\/wpguerssen-test.odoo.rgbconsulting.com\/es\/\"},{\"@type\":\"ListItem\",\"position\":2,\"name\":\"Shop\",\"item\":\"https:\/\/wpguerssen-test.odoo.rgbconsulting.com\/shop\/\"},{\"@type\":\"ListItem\",\"position\":3,\"name\":\"All Your Pretty Moves\"}]},{\"@type\":\"WebSite\",\"@id\":\"https:\/\/wpguerssen-test.odoo.rgbconsulting.com\/es\/#website\",\"url\":\"https:\/\/wpguerssen-test.odoo.rgbconsulting.com\/es\/\",\"name\":\"Guerssen records\",\"description\":\"psychedelia - progressive - folk - garage \",\"publisher\":{\"@id\":\"https:\/\/wpguerssen-test.odoo.rgbconsulting.com\/es\/#organization\"},\"potentialAction\":[{\"@type\":\"SearchAction\",\"target\":{\"@type\":\"EntryPoint\",\"urlTemplate\":\"https:\/\/wpguerssen-test.odoo.rgbconsulting.com\/es\/?s={search_term_string}\"},\"query-input\":{\"@type\":\"PropertyValueSpecification\",\"valueRequired\":true,\"valueName\":\"search_term_string\"}}],\"inLanguage\":\"es\"},{\"@type\":\"Organization\",\"@id\":\"https:\/\/wpguerssen-test.odoo.rgbconsulting.com\/es\/#organization\",\"name\":\"Guerssen records\",\"url\":\"https:\/\/wpguerssen-test.odoo.rgbconsulting.com\/es\/\",\"logo\":{\"@type\":\"ImageObject\",\"inLanguage\":\"es\",\"@id\":\"https:\/\/wpguerssen-test.odoo.rgbconsulting.com\/es\/#\/schema\/logo\/image\/\",\"url\":\"https:\/\/wpguerssen-test.odoo.rgbconsulting.com\/wp-content\/uploads\/2022\/04\/Logo_Guerssen_trans_100.png\",\"contentUrl\":\"https:\/\/wpguerssen-test.odoo.rgbconsulting.com\/wp-content\/uploads\/2022\/04\/Logo_Guerssen_trans_100.png\",\"width\":122,\"height\":100,\"caption\":\"Guerssen records\"},\"image\":{\"@id\":\"https:\/\/wpguerssen-test.odoo.rgbconsulting.com\/es\/#\/schema\/logo\/image\/\"}}]}<\/script>\n<!-- \/ Yoast SEO plugin. -->","yoast_head_json":{"title":"SURVIVOR - All Your Pretty Moves -  (LP) | Guerssen","description":"Vinyl reissue of 1979 Louisiana hard rock meets metal classic and collector item with a sound inspired by Thin Lizzy, UFO, Led Zeppelin, Budgie, and Judas Priest. Features a classic hard rock and metal crossover sound highlighted by the outstanding guitars of Pat O'Hara and Paul Restovich! This group later evolved into the Christian heavy metal group Philadelphia, which also released two highly-rated albums. Originally released in 1979 on the band's own label, this limited original vinyl pressing has become a sought-after item demanding over $400 from collectors when it surfaces. Now available again on the Rockadrome label! Includes insert with liner notes, lyrics, and band photos.","robots":{"index":"index","follow":"follow","max-snippet":"max-snippet:-1","max-image-preview":"max-image-preview:large","max-video-preview":"max-video-preview:-1"},"canonical":"https:\/\/wpguerssen-test.odoo.rgbconsulting.com\/es\/producto\/all-your-pretty-moves\/","og_locale":"es_ES","og_type":"article","og_title":"SURVIVOR - All Your Pretty Moves -  (LP) | Guerssen","og_description":"Vinyl reissue of 1979 Louisiana hard rock meets metal classic and collector item with a sound inspired by Thin Lizzy, UFO, Led Zeppelin, Budgie, and Judas Priest. Features a classic hard rock and metal crossover sound highlighted by the outstanding guitars of Pat O'Hara and Paul Restovich! This group later evolved into the Christian heavy metal group Philadelphia, which also released two highly-rated albums. Originally released in 1979 on the band's own label, this limited original vinyl pressing has become a sought-after item demanding over $400 from collectors when it surfaces. Now available again on the Rockadrome label! Includes insert with liner notes, lyrics, and band photos.","og_url":"https:\/\/wpguerssen-test.odoo.rgbconsulting.com\/es\/producto\/all-your-pretty-moves\/","og_site_name":"Guerssen records","article_modified_time":"2025-03-19T15:29:10+00:00","og_image":[{"width":600,"height":600,"url":"https:\/\/wpguerssen-test.odoo.rgbconsulting.com\/wp-content\/uploads\/2024\/01\/46456.jpg","type":"image\/jpeg"}],"twitter_card":"summary_large_image","twitter_title":"SURVIVOR - All Your Pretty Moves -  (LP) | Guerssen","twitter_misc":{"Tiempo de lectura":"1 minuto"},"schema":{"@context":"https:\/\/schema.org","@graph":[{"@type":"WebPage","@id":"https:\/\/wpguerssen-test.odoo.rgbconsulting.com\/es\/producto\/all-your-pretty-moves\/","url":"https:\/\/wpguerssen-test.odoo.rgbconsulting.com\/es\/producto\/all-your-pretty-moves\/","name":"SURVIVOR - All Your Pretty Moves - (LP) | Guerssen","isPartOf":{"@id":"https:\/\/wpguerssen-test.odoo.rgbconsulting.com\/es\/#website"},"primaryImageOfPage":{"@id":"https:\/\/wpguerssen-test.odoo.rgbconsulting.com\/es\/producto\/all-your-pretty-moves\/#primaryimage"},"image":{"@id":"https:\/\/wpguerssen-test.odoo.rgbconsulting.com\/es\/producto\/all-your-pretty-moves\/#primaryimage"},"thumbnailUrl":"https:\/\/wpguerssen-test.odoo.rgbconsulting.com\/wp-content\/uploads\/2024\/01\/46456.jpg","datePublished":"2024-01-07T23:00:00+00:00","dateModified":"2025-03-19T15:29:10+00:00","description":"Vinyl reissue of 1979 Louisiana hard rock meets metal classic and collector item with a sound inspired by Thin Lizzy, UFO, Led Zeppelin, Budgie, and Judas Priest. Features a classic hard rock and metal crossover sound highlighted by the outstanding guitars of Pat O'Hara and Paul Restovich! This group later evolved into the Christian heavy metal group Philadelphia, which also released two highly-rated albums. Originally released in 1979 on the band's own label, this limited original vinyl pressing has become a sought-after item demanding over $400 from collectors when it surfaces. Now available again on the Rockadrome label! Includes insert with liner notes, lyrics, and band photos.","breadcrumb":{"@id":"https:\/\/wpguerssen-test.odoo.rgbconsulting.com\/es\/producto\/all-your-pretty-moves\/#breadcrumb"},"inLanguage":"es","potentialAction":[{"@type":"ReadAction","target":["https:\/\/wpguerssen-test.odoo.rgbconsulting.com\/es\/producto\/all-your-pretty-moves\/"]}]},{"@type":"ImageObject","inLanguage":"es","@id":"https:\/\/wpguerssen-test.odoo.rgbconsulting.com\/es\/producto\/all-your-pretty-moves\/#primaryimage","url":"https:\/\/wpguerssen-test.odoo.rgbconsulting.com\/wp-content\/uploads\/2024\/01\/46456.jpg","contentUrl":"https:\/\/wpguerssen-test.odoo.rgbconsulting.com\/wp-content\/uploads\/2024\/01\/46456.jpg","width":600,"height":600},{"@type":"BreadcrumbList","@id":"https:\/\/wpguerssen-test.odoo.rgbconsulting.com\/es\/producto\/all-your-pretty-moves\/#breadcrumb","itemListElement":[{"@type":"ListItem","position":1,"name":"Inicio","item":"https:\/\/wpguerssen-test.odoo.rgbconsulting.com\/es\/"},{"@type":"ListItem","position":2,"name":"Shop","item":"https:\/\/wpguerssen-test.odoo.rgbconsulting.com\/shop\/"},{"@type":"ListItem","position":3,"name":"All Your Pretty Moves"}]},{"@type":"WebSite","@id":"https:\/\/wpguerssen-test.odoo.rgbconsulting.com\/es\/#website","url":"https:\/\/wpguerssen-test.odoo.rgbconsulting.com\/es\/","name":"Guerssen records","description":"psychedelia - progressive - folk - garage ","publisher":{"@id":"https:\/\/wpguerssen-test.odoo.rgbconsulting.com\/es\/#organization"},"potentialAction":[{"@type":"SearchAction","target":{"@type":"EntryPoint","urlTemplate":"https:\/\/wpguerssen-test.odoo.rgbconsulting.com\/es\/?s={search_term_string}"},"query-input":{"@type":"PropertyValueSpecification","valueRequired":true,"valueName":"search_term_string"}}],"inLanguage":"es"},{"@type":"Organization","@id":"https:\/\/wpguerssen-test.odoo.rgbconsulting.com\/es\/#organization","name":"Guerssen records","url":"https:\/\/wpguerssen-test.odoo.rgbconsulting.com\/es\/","logo":{"@type":"ImageObject","inLanguage":"es","@id":"https:\/\/wpguerssen-test.odoo.rgbconsulting.com\/es\/#\/schema\/logo\/image\/","url":"https:\/\/wpguerssen-test.odoo.rgbconsulting.com\/wp-content\/uploads\/2022\/04\/Logo_Guerssen_trans_100.png","contentUrl":"https:\/\/wpguerssen-test.odoo.rgbconsulting.com\/wp-content\/uploads\/2022\/04\/Logo_Guerssen_trans_100.png","width":122,"height":100,"caption":"Guerssen records"},"image":{"@id":"https:\/\/wpguerssen-test.odoo.rgbconsulting.com\/es\/#\/schema\/logo\/image\/"}}]}},"_links":{"self":[{"href":"https:\/\/wpguerssen-test.odoo.rgbconsulting.com\/es\/wp-json\/wp\/v2\/product\/248612","targetHints":{"allow":["GET"]}}],"collection":[{"href":"https:\/\/wpguerssen-test.odoo.rgbconsulting.com\/es\/wp-json\/wp\/v2\/product"}],"about":[{"href":"https:\/\/wpguerssen-test.odoo.rgbconsulting.com\/es\/wp-json\/wp\/v2\/types\/product"}],"wp:featuredmedia":[{"embeddable":true,"href":"https:\/\/wpguerssen-test.odoo.rgbconsulting.com\/es\/wp-json\/wp\/v2\/media\/248610"}],"wp:attachment":[{"href":"https:\/\/wpguerssen-test.odoo.rgbconsulting.com\/es\/wp-json\/wp\/v2\/media?parent=248612"}],"wp:term":[{"taxonomy":"product_brand","embeddable":true,"href":"https:\/\/wpguerssen-test.odoo.rgbconsulting.com\/es\/wp-json\/wp\/v2\/product_brand?post=248612"},{"taxonomy":"product_cat","embeddable":true,"href":"https:\/\/wpguerssen-test.odoo.rgbconsulting.com\/es\/wp-json\/wp\/v2\/product_cat?post=248612"},{"taxonomy":"product_tag","embeddable":true,"href":"https:\/\/wpguerssen-test.odoo.rgbconsulting.com\/es\/wp-json\/wp\/v2\/product_tag?post=248612"}],"curies":[{"name":"wp","href":"https:\/\/api.w.org\/{rel}","templated":true}]}}