{"id":248636,"date":"2025-02-20T00:00:00","date_gmt":"2025-02-19T23:00:00","guid":{"rendered":"https:\/\/wpguerssen-test.odoo.rgbconsulting.com\/product\/janus-red\/"},"modified":"2025-04-23T17:27:06","modified_gmt":"2025-04-23T15:27:06","slug":"janus-red","status":"publish","type":"product","link":"https:\/\/wpguerssen-test.odoo.rgbconsulting.com\/es\/producto\/janus-red\/","title":{"rendered":"Janus (Red)"},"content":{"rendered":"<p>Aunt Mary fue una banda de rock progresivo formada en Fredrikstad, Ostfold en Noruega a principios de los a\u00f1os 70. Firm\u00f3 un contrato con Polydor en Dinamarca para lanzar Aunt Mary en 1970. El grupo avanz\u00f3 gradualmente hacia el rock progresivo con los discos Loaded en 1972 y Janus en 73. En la primavera de 1973, durante los preparativos de su tercer \u00e1lbum, Svein y Bjorn decidieron llevar su m\u00fasica a\u00fan m\u00e1s lejos y pasaron meses juntos escribiendo lo que quer\u00edan que fuera el \u00e1lbum internacional de la banda. La m\u00fasica estaba m\u00e1s orientada al progresivo que su predecesora. Los fans y los cr\u00edticos lo comparar\u00edan m\u00e1s tarde con Pink Floyd, King Crimson o incluso con una versi\u00f3n psicod\u00e9lica de The Beatles.<br \/>En junio de 1973, la banda entr\u00f3 en el estudio. Pero sus miembros estaban tan cansados \u00bf\u00bfde la vida en la carretera que decidieron editar el \u00e1lbum, hacer la gira de lanzamiento y luego separarse. Sabiendo que este \u00e1lbum era \u00absu canto de cisne\u00bb, realmente hicieron todo lo posible para hacerlo brillar. La banda pas\u00f3 tanto tiempo grabando que el productor, Svein Robert Ludviksen, casi pierde su trabajo. Pero el \u00e1lbum result\u00f3 ser lo que la banda considerar\u00eda \u00abel mejor de su carrera\u00bb.<\/p>\n","protected":false},"excerpt":{"rendered":"<p>Aunt Mary fue una banda de rock progresivo formada en Fredrikstad, Ostfold en Noruega a principios de los a\u00f1os 70. Firm\u00f3 un contrato con Polydor en Dinamarca para<a class=\"read\" href=\"https:\/\/wpguerssen-test.odoo.rgbconsulting.com\/es\/producto\/janus-red\/\"> (...)<\/a>","protected":false},"featured_media":248815,"template":"","meta":{"_acf_changed":false},"product_brand":[],"product_cat":[23215],"product_tag":[29140,24185],"class_list":{"0":"post-248636","1":"product","2":"type-product","3":"status-publish","4":"has-post-thumbnail","6":"product_cat-progressive60s-70s-es","7":"product_tag-color-vinyl-es","8":"product_tag-de-nuevo-en-existencia","9":"pa_artist-aunt-mary","10":"pa_format-lp-es","11":"pa_gender-progressive60s-70s","12":"pa_label-klimt","13":"pa_location-europe-es","14":"pa_other-filters-vinyl-only-es","16":"first","17":"instock","18":"taxable","19":"shipping-taxable","20":"purchasable","21":"product-type-simple"},"acf":[],"yoast_head":"<!-- This site is optimized with the Yoast SEO plugin v24.9 - https:\/\/yoast.com\/wordpress\/plugins\/seo\/ -->\n<title>AUNT MARY - Janus (Red) -  (LP) | Guerssen<\/title>\n<meta name=\"description\" content=\"Aunt Mary was a prog rock band formed in Fredrikstad, Ostfold in Norway in the early 70&#039;s. Signed a contract with Polydor in Denmark to release Aunt Mary in 1970. The group gradually moved towards progressive rock with the records Loaded in 1972 and Janus in 73. In the spring of 1973, during the preparations of their third album, Svein and Bjorn decided to take their music even further and spent months together writing for what they wanted to be the band&#039;s international album. The music was more prog-orientated than its predecessor. Fans and critics would later compare it to Pink Floyd, King Crimson or even a psychedelic version of The Beatles !In June 1973, the band entered the studio. But its members were so tired of life on the road that they decided to cut the album, do the launch tour and then split up. Knowing that this album was &quot;their swansong&quot;, they really did their best to make it shine. The band spent so much time recording that the producer, Svein Robert Ludviksen, almost lost his job. But the album turned out to be what the band would consider &quot;the best of their career&quot;.\" \/>\n<meta name=\"robots\" content=\"index, follow, max-snippet:-1, max-image-preview:large, max-video-preview:-1\" \/>\n<link rel=\"canonical\" href=\"https:\/\/wpguerssen-test.odoo.rgbconsulting.com\/es\/producto\/janus-red\/\" \/>\n<meta property=\"og:locale\" content=\"es_ES\" \/>\n<meta property=\"og:type\" content=\"article\" \/>\n<meta property=\"og:title\" content=\"AUNT MARY - Janus (Red) -  (LP) | Guerssen\" \/>\n<meta property=\"og:description\" content=\"Aunt Mary was a prog rock band formed in Fredrikstad, Ostfold in Norway in the early 70&#039;s. Signed a contract with Polydor in Denmark to release Aunt Mary in 1970. The group gradually moved towards progressive rock with the records Loaded in 1972 and Janus in 73. In the spring of 1973, during the preparations of their third album, Svein and Bjorn decided to take their music even further and spent months together writing for what they wanted to be the band&#039;s international album. The music was more prog-orientated than its predecessor. Fans and critics would later compare it to Pink Floyd, King Crimson or even a psychedelic version of The Beatles !In June 1973, the band entered the studio. But its members were so tired of life on the road that they decided to cut the album, do the launch tour and then split up. Knowing that this album was &quot;their swansong&quot;, they really did their best to make it shine. The band spent so much time recording that the producer, Svein Robert Ludviksen, almost lost his job. But the album turned out to be what the band would consider &quot;the best of their career&quot;.\" \/>\n<meta property=\"og:url\" content=\"https:\/\/wpguerssen-test.odoo.rgbconsulting.com\/es\/producto\/janus-red\/\" \/>\n<meta property=\"og:site_name\" content=\"Guerssen records\" \/>\n<meta property=\"article:modified_time\" content=\"2025-04-23T15:27:06+00:00\" \/>\n<meta property=\"og:image\" content=\"https:\/\/wpguerssen-test.odoo.rgbconsulting.com\/wp-content\/uploads\/2024\/01\/46459.jpg\" \/>\n\t<meta property=\"og:image:width\" content=\"1181\" \/>\n\t<meta property=\"og:image:height\" content=\"1181\" \/>\n\t<meta property=\"og:image:type\" content=\"image\/jpeg\" \/>\n<meta name=\"twitter:card\" content=\"summary_large_image\" \/>\n<meta name=\"twitter:title\" content=\"AUNT MARY - Janus (Red) -  (LP) | Guerssen\" \/>\n<meta name=\"twitter:label1\" content=\"Tiempo de lectura\" \/>\n\t<meta name=\"twitter:data1\" content=\"1 minuto\" \/>\n<script type=\"application\/ld+json\" class=\"yoast-schema-graph\">{\"@context\":\"https:\/\/schema.org\",\"@graph\":[{\"@type\":\"WebPage\",\"@id\":\"https:\/\/wpguerssen-test.odoo.rgbconsulting.com\/es\/producto\/janus-red\/\",\"url\":\"https:\/\/wpguerssen-test.odoo.rgbconsulting.com\/es\/producto\/janus-red\/\",\"name\":\"AUNT MARY - Janus (Red) - (LP) | Guerssen\",\"isPartOf\":{\"@id\":\"https:\/\/wpguerssen-test.odoo.rgbconsulting.com\/es\/#website\"},\"primaryImageOfPage\":{\"@id\":\"https:\/\/wpguerssen-test.odoo.rgbconsulting.com\/es\/producto\/janus-red\/#primaryimage\"},\"image\":{\"@id\":\"https:\/\/wpguerssen-test.odoo.rgbconsulting.com\/es\/producto\/janus-red\/#primaryimage\"},\"thumbnailUrl\":\"https:\/\/wpguerssen-test.odoo.rgbconsulting.com\/wp-content\/uploads\/2024\/01\/46459.jpg\",\"datePublished\":\"2025-02-19T23:00:00+00:00\",\"dateModified\":\"2025-04-23T15:27:06+00:00\",\"description\":\"Aunt Mary was a prog rock band formed in Fredrikstad, Ostfold in Norway in the early 70's. Signed a contract with Polydor in Denmark to release Aunt Mary in 1970. The group gradually moved towards progressive rock with the records Loaded in 1972 and Janus in 73. In the spring of 1973, during the preparations of their third album, Svein and Bjorn decided to take their music even further and spent months together writing for what they wanted to be the band's international album. The music was more prog-orientated than its predecessor. Fans and critics would later compare it to Pink Floyd, King Crimson or even a psychedelic version of The Beatles !In June 1973, the band entered the studio. But its members were so tired of life on the road that they decided to cut the album, do the launch tour and then split up. Knowing that this album was \\\"their swansong\\\", they really did their best to make it shine. The band spent so much time recording that the producer, Svein Robert Ludviksen, almost lost his job. But the album turned out to be what the band would consider \\\"the best of their career\\\".\",\"breadcrumb\":{\"@id\":\"https:\/\/wpguerssen-test.odoo.rgbconsulting.com\/es\/producto\/janus-red\/#breadcrumb\"},\"inLanguage\":\"es\",\"potentialAction\":[{\"@type\":\"ReadAction\",\"target\":[\"https:\/\/wpguerssen-test.odoo.rgbconsulting.com\/es\/producto\/janus-red\/\"]}]},{\"@type\":\"ImageObject\",\"inLanguage\":\"es\",\"@id\":\"https:\/\/wpguerssen-test.odoo.rgbconsulting.com\/es\/producto\/janus-red\/#primaryimage\",\"url\":\"https:\/\/wpguerssen-test.odoo.rgbconsulting.com\/wp-content\/uploads\/2024\/01\/46459.jpg\",\"contentUrl\":\"https:\/\/wpguerssen-test.odoo.rgbconsulting.com\/wp-content\/uploads\/2024\/01\/46459.jpg\",\"width\":1181,\"height\":1181},{\"@type\":\"BreadcrumbList\",\"@id\":\"https:\/\/wpguerssen-test.odoo.rgbconsulting.com\/es\/producto\/janus-red\/#breadcrumb\",\"itemListElement\":[{\"@type\":\"ListItem\",\"position\":1,\"name\":\"Inicio\",\"item\":\"https:\/\/wpguerssen-test.odoo.rgbconsulting.com\/es\/\"},{\"@type\":\"ListItem\",\"position\":2,\"name\":\"Shop\",\"item\":\"https:\/\/wpguerssen-test.odoo.rgbconsulting.com\/shop\/\"},{\"@type\":\"ListItem\",\"position\":3,\"name\":\"Janus (Red)\"}]},{\"@type\":\"WebSite\",\"@id\":\"https:\/\/wpguerssen-test.odoo.rgbconsulting.com\/es\/#website\",\"url\":\"https:\/\/wpguerssen-test.odoo.rgbconsulting.com\/es\/\",\"name\":\"Guerssen records\",\"description\":\"psychedelia - progressive - folk - garage \",\"publisher\":{\"@id\":\"https:\/\/wpguerssen-test.odoo.rgbconsulting.com\/es\/#organization\"},\"potentialAction\":[{\"@type\":\"SearchAction\",\"target\":{\"@type\":\"EntryPoint\",\"urlTemplate\":\"https:\/\/wpguerssen-test.odoo.rgbconsulting.com\/es\/?s={search_term_string}\"},\"query-input\":{\"@type\":\"PropertyValueSpecification\",\"valueRequired\":true,\"valueName\":\"search_term_string\"}}],\"inLanguage\":\"es\"},{\"@type\":\"Organization\",\"@id\":\"https:\/\/wpguerssen-test.odoo.rgbconsulting.com\/es\/#organization\",\"name\":\"Guerssen records\",\"url\":\"https:\/\/wpguerssen-test.odoo.rgbconsulting.com\/es\/\",\"logo\":{\"@type\":\"ImageObject\",\"inLanguage\":\"es\",\"@id\":\"https:\/\/wpguerssen-test.odoo.rgbconsulting.com\/es\/#\/schema\/logo\/image\/\",\"url\":\"https:\/\/wpguerssen-test.odoo.rgbconsulting.com\/wp-content\/uploads\/2022\/04\/Logo_Guerssen_trans_100.png\",\"contentUrl\":\"https:\/\/wpguerssen-test.odoo.rgbconsulting.com\/wp-content\/uploads\/2022\/04\/Logo_Guerssen_trans_100.png\",\"width\":122,\"height\":100,\"caption\":\"Guerssen records\"},\"image\":{\"@id\":\"https:\/\/wpguerssen-test.odoo.rgbconsulting.com\/es\/#\/schema\/logo\/image\/\"}}]}<\/script>\n<!-- \/ Yoast SEO plugin. -->","yoast_head_json":{"title":"AUNT MARY - Janus (Red) -  (LP) | Guerssen","description":"Aunt Mary was a prog rock band formed in Fredrikstad, Ostfold in Norway in the early 70's. Signed a contract with Polydor in Denmark to release Aunt Mary in 1970. The group gradually moved towards progressive rock with the records Loaded in 1972 and Janus in 73. In the spring of 1973, during the preparations of their third album, Svein and Bjorn decided to take their music even further and spent months together writing for what they wanted to be the band's international album. The music was more prog-orientated than its predecessor. Fans and critics would later compare it to Pink Floyd, King Crimson or even a psychedelic version of The Beatles !In June 1973, the band entered the studio. But its members were so tired of life on the road that they decided to cut the album, do the launch tour and then split up. Knowing that this album was \"their swansong\", they really did their best to make it shine. The band spent so much time recording that the producer, Svein Robert Ludviksen, almost lost his job. But the album turned out to be what the band would consider \"the best of their career\".","robots":{"index":"index","follow":"follow","max-snippet":"max-snippet:-1","max-image-preview":"max-image-preview:large","max-video-preview":"max-video-preview:-1"},"canonical":"https:\/\/wpguerssen-test.odoo.rgbconsulting.com\/es\/producto\/janus-red\/","og_locale":"es_ES","og_type":"article","og_title":"AUNT MARY - Janus (Red) -  (LP) | Guerssen","og_description":"Aunt Mary was a prog rock band formed in Fredrikstad, Ostfold in Norway in the early 70's. Signed a contract with Polydor in Denmark to release Aunt Mary in 1970. The group gradually moved towards progressive rock with the records Loaded in 1972 and Janus in 73. In the spring of 1973, during the preparations of their third album, Svein and Bjorn decided to take their music even further and spent months together writing for what they wanted to be the band's international album. The music was more prog-orientated than its predecessor. Fans and critics would later compare it to Pink Floyd, King Crimson or even a psychedelic version of The Beatles !In June 1973, the band entered the studio. But its members were so tired of life on the road that they decided to cut the album, do the launch tour and then split up. Knowing that this album was \"their swansong\", they really did their best to make it shine. The band spent so much time recording that the producer, Svein Robert Ludviksen, almost lost his job. But the album turned out to be what the band would consider \"the best of their career\".","og_url":"https:\/\/wpguerssen-test.odoo.rgbconsulting.com\/es\/producto\/janus-red\/","og_site_name":"Guerssen records","article_modified_time":"2025-04-23T15:27:06+00:00","og_image":[{"width":1181,"height":1181,"url":"https:\/\/wpguerssen-test.odoo.rgbconsulting.com\/wp-content\/uploads\/2024\/01\/46459.jpg","type":"image\/jpeg"}],"twitter_card":"summary_large_image","twitter_title":"AUNT MARY - Janus (Red) -  (LP) | Guerssen","twitter_misc":{"Tiempo de lectura":"1 minuto"},"schema":{"@context":"https:\/\/schema.org","@graph":[{"@type":"WebPage","@id":"https:\/\/wpguerssen-test.odoo.rgbconsulting.com\/es\/producto\/janus-red\/","url":"https:\/\/wpguerssen-test.odoo.rgbconsulting.com\/es\/producto\/janus-red\/","name":"AUNT MARY - Janus (Red) - (LP) | Guerssen","isPartOf":{"@id":"https:\/\/wpguerssen-test.odoo.rgbconsulting.com\/es\/#website"},"primaryImageOfPage":{"@id":"https:\/\/wpguerssen-test.odoo.rgbconsulting.com\/es\/producto\/janus-red\/#primaryimage"},"image":{"@id":"https:\/\/wpguerssen-test.odoo.rgbconsulting.com\/es\/producto\/janus-red\/#primaryimage"},"thumbnailUrl":"https:\/\/wpguerssen-test.odoo.rgbconsulting.com\/wp-content\/uploads\/2024\/01\/46459.jpg","datePublished":"2025-02-19T23:00:00+00:00","dateModified":"2025-04-23T15:27:06+00:00","description":"Aunt Mary was a prog rock band formed in Fredrikstad, Ostfold in Norway in the early 70's. Signed a contract with Polydor in Denmark to release Aunt Mary in 1970. The group gradually moved towards progressive rock with the records Loaded in 1972 and Janus in 73. In the spring of 1973, during the preparations of their third album, Svein and Bjorn decided to take their music even further and spent months together writing for what they wanted to be the band's international album. The music was more prog-orientated than its predecessor. Fans and critics would later compare it to Pink Floyd, King Crimson or even a psychedelic version of The Beatles !In June 1973, the band entered the studio. But its members were so tired of life on the road that they decided to cut the album, do the launch tour and then split up. Knowing that this album was \"their swansong\", they really did their best to make it shine. The band spent so much time recording that the producer, Svein Robert Ludviksen, almost lost his job. But the album turned out to be what the band would consider \"the best of their career\".","breadcrumb":{"@id":"https:\/\/wpguerssen-test.odoo.rgbconsulting.com\/es\/producto\/janus-red\/#breadcrumb"},"inLanguage":"es","potentialAction":[{"@type":"ReadAction","target":["https:\/\/wpguerssen-test.odoo.rgbconsulting.com\/es\/producto\/janus-red\/"]}]},{"@type":"ImageObject","inLanguage":"es","@id":"https:\/\/wpguerssen-test.odoo.rgbconsulting.com\/es\/producto\/janus-red\/#primaryimage","url":"https:\/\/wpguerssen-test.odoo.rgbconsulting.com\/wp-content\/uploads\/2024\/01\/46459.jpg","contentUrl":"https:\/\/wpguerssen-test.odoo.rgbconsulting.com\/wp-content\/uploads\/2024\/01\/46459.jpg","width":1181,"height":1181},{"@type":"BreadcrumbList","@id":"https:\/\/wpguerssen-test.odoo.rgbconsulting.com\/es\/producto\/janus-red\/#breadcrumb","itemListElement":[{"@type":"ListItem","position":1,"name":"Inicio","item":"https:\/\/wpguerssen-test.odoo.rgbconsulting.com\/es\/"},{"@type":"ListItem","position":2,"name":"Shop","item":"https:\/\/wpguerssen-test.odoo.rgbconsulting.com\/shop\/"},{"@type":"ListItem","position":3,"name":"Janus (Red)"}]},{"@type":"WebSite","@id":"https:\/\/wpguerssen-test.odoo.rgbconsulting.com\/es\/#website","url":"https:\/\/wpguerssen-test.odoo.rgbconsulting.com\/es\/","name":"Guerssen records","description":"psychedelia - progressive - folk - garage ","publisher":{"@id":"https:\/\/wpguerssen-test.odoo.rgbconsulting.com\/es\/#organization"},"potentialAction":[{"@type":"SearchAction","target":{"@type":"EntryPoint","urlTemplate":"https:\/\/wpguerssen-test.odoo.rgbconsulting.com\/es\/?s={search_term_string}"},"query-input":{"@type":"PropertyValueSpecification","valueRequired":true,"valueName":"search_term_string"}}],"inLanguage":"es"},{"@type":"Organization","@id":"https:\/\/wpguerssen-test.odoo.rgbconsulting.com\/es\/#organization","name":"Guerssen records","url":"https:\/\/wpguerssen-test.odoo.rgbconsulting.com\/es\/","logo":{"@type":"ImageObject","inLanguage":"es","@id":"https:\/\/wpguerssen-test.odoo.rgbconsulting.com\/es\/#\/schema\/logo\/image\/","url":"https:\/\/wpguerssen-test.odoo.rgbconsulting.com\/wp-content\/uploads\/2022\/04\/Logo_Guerssen_trans_100.png","contentUrl":"https:\/\/wpguerssen-test.odoo.rgbconsulting.com\/wp-content\/uploads\/2022\/04\/Logo_Guerssen_trans_100.png","width":122,"height":100,"caption":"Guerssen records"},"image":{"@id":"https:\/\/wpguerssen-test.odoo.rgbconsulting.com\/es\/#\/schema\/logo\/image\/"}}]}},"_links":{"self":[{"href":"https:\/\/wpguerssen-test.odoo.rgbconsulting.com\/es\/wp-json\/wp\/v2\/product\/248636","targetHints":{"allow":["GET"]}}],"collection":[{"href":"https:\/\/wpguerssen-test.odoo.rgbconsulting.com\/es\/wp-json\/wp\/v2\/product"}],"about":[{"href":"https:\/\/wpguerssen-test.odoo.rgbconsulting.com\/es\/wp-json\/wp\/v2\/types\/product"}],"wp:featuredmedia":[{"embeddable":true,"href":"https:\/\/wpguerssen-test.odoo.rgbconsulting.com\/es\/wp-json\/wp\/v2\/media\/248815"}],"wp:attachment":[{"href":"https:\/\/wpguerssen-test.odoo.rgbconsulting.com\/es\/wp-json\/wp\/v2\/media?parent=248636"}],"wp:term":[{"taxonomy":"product_brand","embeddable":true,"href":"https:\/\/wpguerssen-test.odoo.rgbconsulting.com\/es\/wp-json\/wp\/v2\/product_brand?post=248636"},{"taxonomy":"product_cat","embeddable":true,"href":"https:\/\/wpguerssen-test.odoo.rgbconsulting.com\/es\/wp-json\/wp\/v2\/product_cat?post=248636"},{"taxonomy":"product_tag","embeddable":true,"href":"https:\/\/wpguerssen-test.odoo.rgbconsulting.com\/es\/wp-json\/wp\/v2\/product_tag?post=248636"}],"curies":[{"name":"wp","href":"https:\/\/api.w.org\/{rel}","templated":true}]}}