{"id":248643,"date":"2025-01-15T00:00:00","date_gmt":"2025-01-14T23:00:00","guid":{"rendered":"https:\/\/wpguerssen-test.odoo.rgbconsulting.com\/product\/twice-as-nice-half-the-price-2lp\/"},"modified":"2025-02-11T12:08:53","modified_gmt":"2025-02-11T11:08:53","slug":"twice-as-nice-half-the-price-2lp","status":"publish","type":"product","link":"https:\/\/wpguerssen-test.odoo.rgbconsulting.com\/es\/producto\/twice-as-nice-half-the-price-2lp\/","title":{"rendered":"Twice as nice &#038; Half the price (2LP)"},"content":{"rendered":"<p>Formado en los suburbios de Maidenhead por el cantante Tony Pook, el guitarrista y pianista Roy Apps y el guitarrista Robert Collins, Heron se solidific\u00f3 cuando Collins fue reemplazado por el guitarrista y mandolinista GT Moore. Despu\u00e9s de un \u00e1lbum debut grabado en la granja de la familia Pook, el LP doble con precio especial Twice As Nice And Half The Price logr\u00f3 un sonido m\u00e1s completo con el guitarrista Mike Cooper, el bajista Mike Finesilver, el baterista Terry Gittins y el guitarrista Willie Boazman. El set \u00e9pico suena absolutamente brillante de principio a fin, con fuertes armon\u00edas vocales, intrincadas interacciones de guitarra y excelente comunicaci\u00f3n musical. \u00a1Podr\u00eda decirse que Heron est\u00e1 en su m\u00e1xima expresi\u00f3n!<\/p>\n","protected":false},"excerpt":{"rendered":"<p>Formado en los suburbios de Maidenhead por el cantante Tony Pook, el guitarrista y pianista Roy Apps y el guitarrista Robert Collins, Heron se solidific\u00f3 cuando Collins<a class=\"read\" href=\"https:\/\/wpguerssen-test.odoo.rgbconsulting.com\/es\/producto\/twice-as-nice-half-the-price-2lp\/\"> (...)<\/a>","protected":false},"featured_media":248825,"template":"","meta":{"_acf_changed":false},"product_brand":[],"product_cat":[23271,23274],"product_tag":[24185],"class_list":{"0":"post-248643","1":"product","2":"type-product","3":"status-publish","4":"has-post-thumbnail","6":"product_cat-folk-60s-70s-es","7":"product_cat-folk-rock-60s-70s-es","8":"product_tag-de-nuevo-en-existencia","9":"pa_artist-heron","10":"pa_format-2lp-es","11":"pa_gender-folk-60s-70s-folk-rock-60s-70s","12":"pa_label-trading-places","13":"pa_location-uk-ireland-es","14":"pa_other-filters-vinyl-only-es","16":"first","17":"instock","18":"taxable","19":"shipping-taxable","20":"purchasable","21":"product-type-simple"},"acf":[],"yoast_head":"<!-- This site is optimized with the Yoast SEO plugin v24.9 - https:\/\/yoast.com\/wordpress\/plugins\/seo\/ -->\n<title>HERON - Twice as nice &amp; Half the price (2LP) -  (2LP) | Guerssen<\/title>\n<meta name=\"description\" content=\"Formed in suburban Maidenhead by singer Tony Pook, guitarist\/pianist Roy Apps and guitarist Robert Collins, Heron solidified when Collins was replaced by uitarist\/mandolin player GT Moore. After a debut album recorded at the Pook family farm, specially priced double LP Twice As Nice And Half The Price achieved a fuller sound with guitarist Mike Cooper, bassist Mike Finesilver, drummer Terry Gittins and guitarist Willie Boazman. The epic set sounds absolutely brilliant from start to finish, with strong vocal harmonies, intricate guitar interplay and excellent musical communication. Arguably Heron at their absolute best!\" \/>\n<meta name=\"robots\" content=\"index, follow, max-snippet:-1, max-image-preview:large, max-video-preview:-1\" \/>\n<link rel=\"canonical\" href=\"https:\/\/wpguerssen-test.odoo.rgbconsulting.com\/es\/producto\/twice-as-nice-half-the-price-2lp\/\" \/>\n<meta property=\"og:locale\" content=\"es_ES\" \/>\n<meta property=\"og:type\" content=\"article\" \/>\n<meta property=\"og:title\" content=\"HERON - Twice as nice &amp; Half the price (2LP) -  (2LP) | Guerssen\" \/>\n<meta property=\"og:description\" content=\"Formed in suburban Maidenhead by singer Tony Pook, guitarist\/pianist Roy Apps and guitarist Robert Collins, Heron solidified when Collins was replaced by uitarist\/mandolin player GT Moore. After a debut album recorded at the Pook family farm, specially priced double LP Twice As Nice And Half The Price achieved a fuller sound with guitarist Mike Cooper, bassist Mike Finesilver, drummer Terry Gittins and guitarist Willie Boazman. The epic set sounds absolutely brilliant from start to finish, with strong vocal harmonies, intricate guitar interplay and excellent musical communication. Arguably Heron at their absolute best!\" \/>\n<meta property=\"og:url\" content=\"https:\/\/wpguerssen-test.odoo.rgbconsulting.com\/es\/producto\/twice-as-nice-half-the-price-2lp\/\" \/>\n<meta property=\"og:site_name\" content=\"Guerssen records\" \/>\n<meta property=\"article:modified_time\" content=\"2025-02-11T11:08:53+00:00\" \/>\n<meta property=\"og:image\" content=\"https:\/\/wpguerssen-test.odoo.rgbconsulting.com\/wp-content\/uploads\/2024\/01\/46466.jpg\" \/>\n\t<meta property=\"og:image:width\" content=\"945\" \/>\n\t<meta property=\"og:image:height\" content=\"947\" \/>\n\t<meta property=\"og:image:type\" content=\"image\/jpeg\" \/>\n<meta name=\"twitter:card\" content=\"summary_large_image\" \/>\n<meta name=\"twitter:title\" content=\"HERON - Twice as nice &amp; Half the price (2LP) -  (2LP) | Guerssen\" \/>\n<meta name=\"twitter:label1\" content=\"Tiempo de lectura\" \/>\n\t<meta name=\"twitter:data1\" content=\"1 minuto\" \/>\n<script type=\"application\/ld+json\" class=\"yoast-schema-graph\">{\"@context\":\"https:\/\/schema.org\",\"@graph\":[{\"@type\":\"WebPage\",\"@id\":\"https:\/\/wpguerssen-test.odoo.rgbconsulting.com\/es\/producto\/twice-as-nice-half-the-price-2lp\/\",\"url\":\"https:\/\/wpguerssen-test.odoo.rgbconsulting.com\/es\/producto\/twice-as-nice-half-the-price-2lp\/\",\"name\":\"HERON - Twice as nice & Half the price (2LP) - (2LP) | Guerssen\",\"isPartOf\":{\"@id\":\"https:\/\/wpguerssen-test.odoo.rgbconsulting.com\/es\/#website\"},\"primaryImageOfPage\":{\"@id\":\"https:\/\/wpguerssen-test.odoo.rgbconsulting.com\/es\/producto\/twice-as-nice-half-the-price-2lp\/#primaryimage\"},\"image\":{\"@id\":\"https:\/\/wpguerssen-test.odoo.rgbconsulting.com\/es\/producto\/twice-as-nice-half-the-price-2lp\/#primaryimage\"},\"thumbnailUrl\":\"https:\/\/wpguerssen-test.odoo.rgbconsulting.com\/wp-content\/uploads\/2024\/01\/46466.jpg\",\"datePublished\":\"2025-01-14T23:00:00+00:00\",\"dateModified\":\"2025-02-11T11:08:53+00:00\",\"description\":\"Formed in suburban Maidenhead by singer Tony Pook, guitarist\/pianist Roy Apps and guitarist Robert Collins, Heron solidified when Collins was replaced by uitarist\/mandolin player GT Moore. After a debut album recorded at the Pook family farm, specially priced double LP Twice As Nice And Half The Price achieved a fuller sound with guitarist Mike Cooper, bassist Mike Finesilver, drummer Terry Gittins and guitarist Willie Boazman. The epic set sounds absolutely brilliant from start to finish, with strong vocal harmonies, intricate guitar interplay and excellent musical communication. Arguably Heron at their absolute best!\",\"breadcrumb\":{\"@id\":\"https:\/\/wpguerssen-test.odoo.rgbconsulting.com\/es\/producto\/twice-as-nice-half-the-price-2lp\/#breadcrumb\"},\"inLanguage\":\"es\",\"potentialAction\":[{\"@type\":\"ReadAction\",\"target\":[\"https:\/\/wpguerssen-test.odoo.rgbconsulting.com\/es\/producto\/twice-as-nice-half-the-price-2lp\/\"]}]},{\"@type\":\"ImageObject\",\"inLanguage\":\"es\",\"@id\":\"https:\/\/wpguerssen-test.odoo.rgbconsulting.com\/es\/producto\/twice-as-nice-half-the-price-2lp\/#primaryimage\",\"url\":\"https:\/\/wpguerssen-test.odoo.rgbconsulting.com\/wp-content\/uploads\/2024\/01\/46466.jpg\",\"contentUrl\":\"https:\/\/wpguerssen-test.odoo.rgbconsulting.com\/wp-content\/uploads\/2024\/01\/46466.jpg\",\"width\":945,\"height\":947},{\"@type\":\"BreadcrumbList\",\"@id\":\"https:\/\/wpguerssen-test.odoo.rgbconsulting.com\/es\/producto\/twice-as-nice-half-the-price-2lp\/#breadcrumb\",\"itemListElement\":[{\"@type\":\"ListItem\",\"position\":1,\"name\":\"Inicio\",\"item\":\"https:\/\/wpguerssen-test.odoo.rgbconsulting.com\/es\/\"},{\"@type\":\"ListItem\",\"position\":2,\"name\":\"Shop\",\"item\":\"https:\/\/wpguerssen-test.odoo.rgbconsulting.com\/shop\/\"},{\"@type\":\"ListItem\",\"position\":3,\"name\":\"Twice as nice &#038; Half the price (2LP)\"}]},{\"@type\":\"WebSite\",\"@id\":\"https:\/\/wpguerssen-test.odoo.rgbconsulting.com\/es\/#website\",\"url\":\"https:\/\/wpguerssen-test.odoo.rgbconsulting.com\/es\/\",\"name\":\"Guerssen records\",\"description\":\"psychedelia - progressive - folk - garage \",\"publisher\":{\"@id\":\"https:\/\/wpguerssen-test.odoo.rgbconsulting.com\/es\/#organization\"},\"potentialAction\":[{\"@type\":\"SearchAction\",\"target\":{\"@type\":\"EntryPoint\",\"urlTemplate\":\"https:\/\/wpguerssen-test.odoo.rgbconsulting.com\/es\/?s={search_term_string}\"},\"query-input\":{\"@type\":\"PropertyValueSpecification\",\"valueRequired\":true,\"valueName\":\"search_term_string\"}}],\"inLanguage\":\"es\"},{\"@type\":\"Organization\",\"@id\":\"https:\/\/wpguerssen-test.odoo.rgbconsulting.com\/es\/#organization\",\"name\":\"Guerssen records\",\"url\":\"https:\/\/wpguerssen-test.odoo.rgbconsulting.com\/es\/\",\"logo\":{\"@type\":\"ImageObject\",\"inLanguage\":\"es\",\"@id\":\"https:\/\/wpguerssen-test.odoo.rgbconsulting.com\/es\/#\/schema\/logo\/image\/\",\"url\":\"https:\/\/wpguerssen-test.odoo.rgbconsulting.com\/wp-content\/uploads\/2022\/04\/Logo_Guerssen_trans_100.png\",\"contentUrl\":\"https:\/\/wpguerssen-test.odoo.rgbconsulting.com\/wp-content\/uploads\/2022\/04\/Logo_Guerssen_trans_100.png\",\"width\":122,\"height\":100,\"caption\":\"Guerssen records\"},\"image\":{\"@id\":\"https:\/\/wpguerssen-test.odoo.rgbconsulting.com\/es\/#\/schema\/logo\/image\/\"}}]}<\/script>\n<!-- \/ Yoast SEO plugin. -->","yoast_head_json":{"title":"HERON - Twice as nice & Half the price (2LP) -  (2LP) | Guerssen","description":"Formed in suburban Maidenhead by singer Tony Pook, guitarist\/pianist Roy Apps and guitarist Robert Collins, Heron solidified when Collins was replaced by uitarist\/mandolin player GT Moore. After a debut album recorded at the Pook family farm, specially priced double LP Twice As Nice And Half The Price achieved a fuller sound with guitarist Mike Cooper, bassist Mike Finesilver, drummer Terry Gittins and guitarist Willie Boazman. The epic set sounds absolutely brilliant from start to finish, with strong vocal harmonies, intricate guitar interplay and excellent musical communication. Arguably Heron at their absolute best!","robots":{"index":"index","follow":"follow","max-snippet":"max-snippet:-1","max-image-preview":"max-image-preview:large","max-video-preview":"max-video-preview:-1"},"canonical":"https:\/\/wpguerssen-test.odoo.rgbconsulting.com\/es\/producto\/twice-as-nice-half-the-price-2lp\/","og_locale":"es_ES","og_type":"article","og_title":"HERON - Twice as nice & Half the price (2LP) -  (2LP) | Guerssen","og_description":"Formed in suburban Maidenhead by singer Tony Pook, guitarist\/pianist Roy Apps and guitarist Robert Collins, Heron solidified when Collins was replaced by uitarist\/mandolin player GT Moore. After a debut album recorded at the Pook family farm, specially priced double LP Twice As Nice And Half The Price achieved a fuller sound with guitarist Mike Cooper, bassist Mike Finesilver, drummer Terry Gittins and guitarist Willie Boazman. The epic set sounds absolutely brilliant from start to finish, with strong vocal harmonies, intricate guitar interplay and excellent musical communication. Arguably Heron at their absolute best!","og_url":"https:\/\/wpguerssen-test.odoo.rgbconsulting.com\/es\/producto\/twice-as-nice-half-the-price-2lp\/","og_site_name":"Guerssen records","article_modified_time":"2025-02-11T11:08:53+00:00","og_image":[{"width":945,"height":947,"url":"https:\/\/wpguerssen-test.odoo.rgbconsulting.com\/wp-content\/uploads\/2024\/01\/46466.jpg","type":"image\/jpeg"}],"twitter_card":"summary_large_image","twitter_title":"HERON - Twice as nice & Half the price (2LP) -  (2LP) | Guerssen","twitter_misc":{"Tiempo de lectura":"1 minuto"},"schema":{"@context":"https:\/\/schema.org","@graph":[{"@type":"WebPage","@id":"https:\/\/wpguerssen-test.odoo.rgbconsulting.com\/es\/producto\/twice-as-nice-half-the-price-2lp\/","url":"https:\/\/wpguerssen-test.odoo.rgbconsulting.com\/es\/producto\/twice-as-nice-half-the-price-2lp\/","name":"HERON - Twice as nice & Half the price (2LP) - (2LP) | Guerssen","isPartOf":{"@id":"https:\/\/wpguerssen-test.odoo.rgbconsulting.com\/es\/#website"},"primaryImageOfPage":{"@id":"https:\/\/wpguerssen-test.odoo.rgbconsulting.com\/es\/producto\/twice-as-nice-half-the-price-2lp\/#primaryimage"},"image":{"@id":"https:\/\/wpguerssen-test.odoo.rgbconsulting.com\/es\/producto\/twice-as-nice-half-the-price-2lp\/#primaryimage"},"thumbnailUrl":"https:\/\/wpguerssen-test.odoo.rgbconsulting.com\/wp-content\/uploads\/2024\/01\/46466.jpg","datePublished":"2025-01-14T23:00:00+00:00","dateModified":"2025-02-11T11:08:53+00:00","description":"Formed in suburban Maidenhead by singer Tony Pook, guitarist\/pianist Roy Apps and guitarist Robert Collins, Heron solidified when Collins was replaced by uitarist\/mandolin player GT Moore. After a debut album recorded at the Pook family farm, specially priced double LP Twice As Nice And Half The Price achieved a fuller sound with guitarist Mike Cooper, bassist Mike Finesilver, drummer Terry Gittins and guitarist Willie Boazman. The epic set sounds absolutely brilliant from start to finish, with strong vocal harmonies, intricate guitar interplay and excellent musical communication. Arguably Heron at their absolute best!","breadcrumb":{"@id":"https:\/\/wpguerssen-test.odoo.rgbconsulting.com\/es\/producto\/twice-as-nice-half-the-price-2lp\/#breadcrumb"},"inLanguage":"es","potentialAction":[{"@type":"ReadAction","target":["https:\/\/wpguerssen-test.odoo.rgbconsulting.com\/es\/producto\/twice-as-nice-half-the-price-2lp\/"]}]},{"@type":"ImageObject","inLanguage":"es","@id":"https:\/\/wpguerssen-test.odoo.rgbconsulting.com\/es\/producto\/twice-as-nice-half-the-price-2lp\/#primaryimage","url":"https:\/\/wpguerssen-test.odoo.rgbconsulting.com\/wp-content\/uploads\/2024\/01\/46466.jpg","contentUrl":"https:\/\/wpguerssen-test.odoo.rgbconsulting.com\/wp-content\/uploads\/2024\/01\/46466.jpg","width":945,"height":947},{"@type":"BreadcrumbList","@id":"https:\/\/wpguerssen-test.odoo.rgbconsulting.com\/es\/producto\/twice-as-nice-half-the-price-2lp\/#breadcrumb","itemListElement":[{"@type":"ListItem","position":1,"name":"Inicio","item":"https:\/\/wpguerssen-test.odoo.rgbconsulting.com\/es\/"},{"@type":"ListItem","position":2,"name":"Shop","item":"https:\/\/wpguerssen-test.odoo.rgbconsulting.com\/shop\/"},{"@type":"ListItem","position":3,"name":"Twice as nice &#038; Half the price (2LP)"}]},{"@type":"WebSite","@id":"https:\/\/wpguerssen-test.odoo.rgbconsulting.com\/es\/#website","url":"https:\/\/wpguerssen-test.odoo.rgbconsulting.com\/es\/","name":"Guerssen records","description":"psychedelia - progressive - folk - garage ","publisher":{"@id":"https:\/\/wpguerssen-test.odoo.rgbconsulting.com\/es\/#organization"},"potentialAction":[{"@type":"SearchAction","target":{"@type":"EntryPoint","urlTemplate":"https:\/\/wpguerssen-test.odoo.rgbconsulting.com\/es\/?s={search_term_string}"},"query-input":{"@type":"PropertyValueSpecification","valueRequired":true,"valueName":"search_term_string"}}],"inLanguage":"es"},{"@type":"Organization","@id":"https:\/\/wpguerssen-test.odoo.rgbconsulting.com\/es\/#organization","name":"Guerssen records","url":"https:\/\/wpguerssen-test.odoo.rgbconsulting.com\/es\/","logo":{"@type":"ImageObject","inLanguage":"es","@id":"https:\/\/wpguerssen-test.odoo.rgbconsulting.com\/es\/#\/schema\/logo\/image\/","url":"https:\/\/wpguerssen-test.odoo.rgbconsulting.com\/wp-content\/uploads\/2022\/04\/Logo_Guerssen_trans_100.png","contentUrl":"https:\/\/wpguerssen-test.odoo.rgbconsulting.com\/wp-content\/uploads\/2022\/04\/Logo_Guerssen_trans_100.png","width":122,"height":100,"caption":"Guerssen records"},"image":{"@id":"https:\/\/wpguerssen-test.odoo.rgbconsulting.com\/es\/#\/schema\/logo\/image\/"}}]}},"_links":{"self":[{"href":"https:\/\/wpguerssen-test.odoo.rgbconsulting.com\/es\/wp-json\/wp\/v2\/product\/248643","targetHints":{"allow":["GET"]}}],"collection":[{"href":"https:\/\/wpguerssen-test.odoo.rgbconsulting.com\/es\/wp-json\/wp\/v2\/product"}],"about":[{"href":"https:\/\/wpguerssen-test.odoo.rgbconsulting.com\/es\/wp-json\/wp\/v2\/types\/product"}],"wp:featuredmedia":[{"embeddable":true,"href":"https:\/\/wpguerssen-test.odoo.rgbconsulting.com\/es\/wp-json\/wp\/v2\/media\/248825"}],"wp:attachment":[{"href":"https:\/\/wpguerssen-test.odoo.rgbconsulting.com\/es\/wp-json\/wp\/v2\/media?parent=248643"}],"wp:term":[{"taxonomy":"product_brand","embeddable":true,"href":"https:\/\/wpguerssen-test.odoo.rgbconsulting.com\/es\/wp-json\/wp\/v2\/product_brand?post=248643"},{"taxonomy":"product_cat","embeddable":true,"href":"https:\/\/wpguerssen-test.odoo.rgbconsulting.com\/es\/wp-json\/wp\/v2\/product_cat?post=248643"},{"taxonomy":"product_tag","embeddable":true,"href":"https:\/\/wpguerssen-test.odoo.rgbconsulting.com\/es\/wp-json\/wp\/v2\/product_tag?post=248643"}],"curies":[{"name":"wp","href":"https:\/\/api.w.org\/{rel}","templated":true}]}}