{"id":248646,"date":"2021-05-17T00:00:00","date_gmt":"2021-05-16T22:00:00","guid":{"rendered":"https:\/\/wpguerssen-test.odoo.rgbconsulting.com\/product\/fuera-de-atraccion\/"},"modified":"2025-02-07T14:05:29","modified_gmt":"2025-02-07T13:05:29","slug":"fuera-de-atraccion","status":"publish","type":"product","link":"https:\/\/wpguerssen-test.odoo.rgbconsulting.com\/es\/producto\/fuera-de-atraccion\/","title":{"rendered":"Fuera de Atracci\u00f3n"},"content":{"rendered":"<p>\u00ab60s Psychedelic Garage From El Salvador\u00bb. <\/p>\n<p> El Salvador, la \u00faltima frontera&#8230;la revoluci\u00f3n psicod\u00e9lica que sacudi\u00f3 medio mundo a finales de los 60 tambi\u00e9n lleg\u00f3 a este peque\u00f1o pa\u00eds de Am\u00e9rica Central y el resultado fue la aparici\u00f3n de numerosos grupos de garaje y psicodelia formados por adolescentes. Hasta ahora, muy poco se sab\u00eda de esta alucinante escena musical que tuvo lugar durante los a\u00f1os 60 y 70, una verdadera revoluci\u00f3n que sacudi\u00f3 el pa\u00eds. Debido a la falta de recursos, muchos de los m\u00fasicos ten\u00edan que fabricar de forma casera sus pedales fuzz y en los escasos estudios de grabaci\u00f3n, los ingenieros experimentaban con primitivas t\u00e9cnicas de eco de cinta para suplir la falta de equipo y efectos. El resultado fue un particular sonido, 100% crudo y salvaje. Aqu\u00ed encontrar\u00e1s tremendas versiones con fuzz a tope de gente como Doors, Blue Cheer, Country Joe &#038; The Fish o Alan Bown junto a curiosos temas propios. Todas las canciones extra\u00eddas de rar\u00edsimos singles, poco conocidos fuera de El Salvador hasta ahora. Con: Kiriaps, Los Saltos, San Miguel, Los Vikings, Los Rebeldes, Los Junior&#8217;s, Los Intocables&#8230;Incluye libreto a color con notas en ingl\u00e9s\/espa\u00f1ol y fotos. <\/p>\n<p> Side A:<br \/>LOS MARQUIS &#8211; Rompe El Ritmo<br \/>RICARDO ALFONSO Y LOS REBELDES &#8211; Una Cosa Nueva<br \/>SAN MIGUEL &#8211; Tienes Que Entrar En Onda<br \/>LOS KIRIAP&#8217;S &#8211; El Viaje<br \/>LOS FALCONS &#8211; Afuera Es Noche<br \/>LOS VIKING&#8217;S &#8211; Fuera De Atracci\u00f3n<br \/>LA NUEVA GENERACI\u00d3N &#8211; La Fuerza Del Alma <\/p>\n<p> Side B:<br \/>LOS TNT &#8211; Love<br \/>LOS INTOCABLES &#8211; Qu\u00e9 Dif\u00edcil Es<br \/>LOS JUNIOR&#8217;S &#8211; Incomprensi\u00f3n<br \/>LOS BEATNICKS &#8211; Este Amor Es El Mejor<br \/>LOS BLACK CATS &#8211; Suceder\u00e1<br \/>LOS SALTOS &#8211; Mi Amor Por Ti<br \/>SAN MIGUEL &#8211; Mientes o Sientes<\/p>\n","protected":false},"excerpt":{"rendered":"<p>\u00ab60s Psychedelic Garage From El Salvador\u00bb. <\/p>\n<p>\u00a0<\/p>\n<p> El Salvador, la \u00faltima frontera&#8230;la revoluci\u00f3n psicod\u00e9lica que sacudi\u00f3 medio mundo a finales<a class=\"read\" href=\"https:\/\/wpguerssen-test.odoo.rgbconsulting.com\/es\/producto\/fuera-de-atraccion\/\"> (...)<\/a>","protected":false},"featured_media":128184,"template":"","meta":{"_acf_changed":false},"product_brand":[],"product_cat":[21639],"product_tag":[],"class_list":{"0":"post-248646","1":"product","2":"type-product","3":"status-publish","4":"has-post-thumbnail","6":"product_cat-psychedelic60s-70s-es","7":"pa_artist-various-artists-es","8":"pa_format-lp-es","9":"pa_gender-psychedelic60s-70s","10":"pa_label-el-tigre","11":"pa_location-south-america-caribbean-es","12":"pa_other-filters-vinyl-only-es","14":"first","15":"instock","16":"taxable","17":"shipping-taxable","18":"purchasable","19":"product-type-simple"},"acf":[],"yoast_head":"<!-- This site is optimized with the Yoast SEO plugin v24.9 - https:\/\/yoast.com\/wordpress\/plugins\/seo\/ -->\n<title>VARIOUS ARTISTS - Fuera de Atracci\u00f3n -  (LP) | Guerssen<\/title>\n<meta name=\"description\" content=\"&quot;60s Psychedelic Garage From El Salvador&quot;. #nl# El Salvador, the last frontier... the psychedelic revolution also reached this small country from Central America in the 60s, resulting in the formation of many teen garage bands. Until now, little was known about this amazing local music scene that took place in the late 60s and early 70s... a true musical revolution. Due to the lack of resources, musicians often had to build their own fuzz and effects pedals and in studio recordings, primitive tape experimentation and echo were often used... the result was a very unique sound, 100% raw &amp; wild. #nl# Hear tremendous fuzzed-out covers of Doors, Blue Cheer, Country Joe &amp; The Fish or Alan Bown along with cool self-penned songs. All tracks taken from very hard to find 45s, most of them unknown outside of El Salvador until now. Feat: Kiriaps, Los Saltos, San Miguel, Los Vikings, Los Rebeldes, Los Junior&#039;s, Los Intocables... #nl# Includes color insert with detailed liner notes in English\/Spanish and cool photos. #nl# Side A:LOS MARQUIS - Rompe El RitmoRICARDO ALFONSO Y LOS REBELDES - Una Cosa NuevaSAN MIGUEL - Tienes Que Entrar En OndaLOS KIRIAP&#039;S - El ViajeLOS FALCONS - Afuera Es NocheLOS VIKING&#039;S - Fuera De Atracci\u00f3nLA NUEVA GENERACI\u00d3N - La Fuerza Del Alma #nl# Side B:LOS TNT - LoveLOS INTOCABLES - Qu\u00e9 Dif\u00edcil EsLOS JUNIOR&#039;S - Incomprensi\u00f3nLOS BEATNICKS - Este Amor Es El MejorLOS BLACK CATS - Suceder\u00e1LOS SALTOS - Mi Amor Por TiSAN MIGUEL - Mientes o Sientes\" \/>\n<meta name=\"robots\" content=\"index, follow, max-snippet:-1, max-image-preview:large, max-video-preview:-1\" \/>\n<link rel=\"canonical\" href=\"https:\/\/wpguerssen-test.odoo.rgbconsulting.com\/es\/producto\/fuera-de-atraccion\/\" \/>\n<meta property=\"og:locale\" content=\"es_ES\" \/>\n<meta property=\"og:type\" content=\"article\" \/>\n<meta property=\"og:title\" content=\"VARIOUS ARTISTS - Fuera de Atracci\u00f3n -  (LP) | Guerssen\" \/>\n<meta property=\"og:description\" content=\"&quot;60s Psychedelic Garage From El Salvador&quot;. #nl# El Salvador, the last frontier... the psychedelic revolution also reached this small country from Central America in the 60s, resulting in the formation of many teen garage bands. Until now, little was known about this amazing local music scene that took place in the late 60s and early 70s... a true musical revolution. Due to the lack of resources, musicians often had to build their own fuzz and effects pedals and in studio recordings, primitive tape experimentation and echo were often used... the result was a very unique sound, 100% raw &amp; wild. #nl# Hear tremendous fuzzed-out covers of Doors, Blue Cheer, Country Joe &amp; The Fish or Alan Bown along with cool self-penned songs. All tracks taken from very hard to find 45s, most of them unknown outside of El Salvador until now. Feat: Kiriaps, Los Saltos, San Miguel, Los Vikings, Los Rebeldes, Los Junior&#039;s, Los Intocables... #nl# Includes color insert with detailed liner notes in English\/Spanish and cool photos. #nl# Side A:LOS MARQUIS - Rompe El RitmoRICARDO ALFONSO Y LOS REBELDES - Una Cosa NuevaSAN MIGUEL - Tienes Que Entrar En OndaLOS KIRIAP&#039;S - El ViajeLOS FALCONS - Afuera Es NocheLOS VIKING&#039;S - Fuera De Atracci\u00f3nLA NUEVA GENERACI\u00d3N - La Fuerza Del Alma #nl# Side B:LOS TNT - LoveLOS INTOCABLES - Qu\u00e9 Dif\u00edcil EsLOS JUNIOR&#039;S - Incomprensi\u00f3nLOS BEATNICKS - Este Amor Es El MejorLOS BLACK CATS - Suceder\u00e1LOS SALTOS - Mi Amor Por TiSAN MIGUEL - Mientes o Sientes\" \/>\n<meta property=\"og:url\" content=\"https:\/\/wpguerssen-test.odoo.rgbconsulting.com\/es\/producto\/fuera-de-atraccion\/\" \/>\n<meta property=\"og:site_name\" content=\"Guerssen records\" \/>\n<meta property=\"article:modified_time\" content=\"2025-02-07T13:05:29+00:00\" \/>\n<meta property=\"og:image\" content=\"https:\/\/wpguerssen-test.odoo.rgbconsulting.com\/wp-content\/uploads\/2022\/03\/38124.jpg\" \/>\n\t<meta property=\"og:image:width\" content=\"1400\" \/>\n\t<meta property=\"og:image:height\" content=\"1400\" \/>\n\t<meta property=\"og:image:type\" content=\"image\/jpeg\" \/>\n<meta name=\"twitter:card\" content=\"summary_large_image\" \/>\n<meta name=\"twitter:title\" content=\"VARIOUS ARTISTS - Fuera de Atracci\u00f3n -  (LP) | Guerssen\" \/>\n<meta name=\"twitter:label1\" content=\"Tiempo de lectura\" \/>\n\t<meta name=\"twitter:data1\" content=\"1 minuto\" \/>\n<script type=\"application\/ld+json\" class=\"yoast-schema-graph\">{\"@context\":\"https:\/\/schema.org\",\"@graph\":[{\"@type\":\"WebPage\",\"@id\":\"https:\/\/wpguerssen-test.odoo.rgbconsulting.com\/es\/producto\/fuera-de-atraccion\/\",\"url\":\"https:\/\/wpguerssen-test.odoo.rgbconsulting.com\/es\/producto\/fuera-de-atraccion\/\",\"name\":\"VARIOUS ARTISTS - Fuera de Atracci\u00f3n - (LP) | Guerssen\",\"isPartOf\":{\"@id\":\"https:\/\/wpguerssen-test.odoo.rgbconsulting.com\/es\/#website\"},\"primaryImageOfPage\":{\"@id\":\"https:\/\/wpguerssen-test.odoo.rgbconsulting.com\/es\/producto\/fuera-de-atraccion\/#primaryimage\"},\"image\":{\"@id\":\"https:\/\/wpguerssen-test.odoo.rgbconsulting.com\/es\/producto\/fuera-de-atraccion\/#primaryimage\"},\"thumbnailUrl\":\"https:\/\/wpguerssen-test.odoo.rgbconsulting.com\/wp-content\/uploads\/2022\/03\/38124.jpg\",\"datePublished\":\"2021-05-16T22:00:00+00:00\",\"dateModified\":\"2025-02-07T13:05:29+00:00\",\"description\":\"\\\"60s Psychedelic Garage From El Salvador\\\". #nl# El Salvador, the last frontier... the psychedelic revolution also reached this small country from Central America in the 60s, resulting in the formation of many teen garage bands. Until now, little was known about this amazing local music scene that took place in the late 60s and early 70s... a true musical revolution. Due to the lack of resources, musicians often had to build their own fuzz and effects pedals and in studio recordings, primitive tape experimentation and echo were often used... the result was a very unique sound, 100% raw & wild. #nl# Hear tremendous fuzzed-out covers of Doors, Blue Cheer, Country Joe & The Fish or Alan Bown along with cool self-penned songs. All tracks taken from very hard to find 45s, most of them unknown outside of El Salvador until now. Feat: Kiriaps, Los Saltos, San Miguel, Los Vikings, Los Rebeldes, Los Junior's, Los Intocables... #nl# Includes color insert with detailed liner notes in English\/Spanish and cool photos. #nl# Side A:LOS MARQUIS - Rompe El RitmoRICARDO ALFONSO Y LOS REBELDES - Una Cosa NuevaSAN MIGUEL - Tienes Que Entrar En OndaLOS KIRIAP'S - El ViajeLOS FALCONS - Afuera Es NocheLOS VIKING'S - Fuera De Atracci\u00f3nLA NUEVA GENERACI\u00d3N - La Fuerza Del Alma #nl# Side B:LOS TNT - LoveLOS INTOCABLES - Qu\u00e9 Dif\u00edcil EsLOS JUNIOR'S - Incomprensi\u00f3nLOS BEATNICKS - Este Amor Es El MejorLOS BLACK CATS - Suceder\u00e1LOS SALTOS - Mi Amor Por TiSAN MIGUEL - Mientes o Sientes\",\"breadcrumb\":{\"@id\":\"https:\/\/wpguerssen-test.odoo.rgbconsulting.com\/es\/producto\/fuera-de-atraccion\/#breadcrumb\"},\"inLanguage\":\"es\",\"potentialAction\":[{\"@type\":\"ReadAction\",\"target\":[\"https:\/\/wpguerssen-test.odoo.rgbconsulting.com\/es\/producto\/fuera-de-atraccion\/\"]}]},{\"@type\":\"ImageObject\",\"inLanguage\":\"es\",\"@id\":\"https:\/\/wpguerssen-test.odoo.rgbconsulting.com\/es\/producto\/fuera-de-atraccion\/#primaryimage\",\"url\":\"https:\/\/wpguerssen-test.odoo.rgbconsulting.com\/wp-content\/uploads\/2022\/03\/38124.jpg\",\"contentUrl\":\"https:\/\/wpguerssen-test.odoo.rgbconsulting.com\/wp-content\/uploads\/2022\/03\/38124.jpg\",\"width\":1400,\"height\":1400,\"caption\":\"VARIOUS ARTISTS - Fuera de Atracci\u00f3n - EL TIGRE (LP) | Guerssen\"},{\"@type\":\"BreadcrumbList\",\"@id\":\"https:\/\/wpguerssen-test.odoo.rgbconsulting.com\/es\/producto\/fuera-de-atraccion\/#breadcrumb\",\"itemListElement\":[{\"@type\":\"ListItem\",\"position\":1,\"name\":\"Inicio\",\"item\":\"https:\/\/wpguerssen-test.odoo.rgbconsulting.com\/es\/\"},{\"@type\":\"ListItem\",\"position\":2,\"name\":\"Shop\",\"item\":\"https:\/\/wpguerssen-test.odoo.rgbconsulting.com\/shop\/\"},{\"@type\":\"ListItem\",\"position\":3,\"name\":\"Fuera de Atracci\u00f3n\"}]},{\"@type\":\"WebSite\",\"@id\":\"https:\/\/wpguerssen-test.odoo.rgbconsulting.com\/es\/#website\",\"url\":\"https:\/\/wpguerssen-test.odoo.rgbconsulting.com\/es\/\",\"name\":\"Guerssen records\",\"description\":\"psychedelia - progressive - folk - garage \",\"publisher\":{\"@id\":\"https:\/\/wpguerssen-test.odoo.rgbconsulting.com\/es\/#organization\"},\"potentialAction\":[{\"@type\":\"SearchAction\",\"target\":{\"@type\":\"EntryPoint\",\"urlTemplate\":\"https:\/\/wpguerssen-test.odoo.rgbconsulting.com\/es\/?s={search_term_string}\"},\"query-input\":{\"@type\":\"PropertyValueSpecification\",\"valueRequired\":true,\"valueName\":\"search_term_string\"}}],\"inLanguage\":\"es\"},{\"@type\":\"Organization\",\"@id\":\"https:\/\/wpguerssen-test.odoo.rgbconsulting.com\/es\/#organization\",\"name\":\"Guerssen records\",\"url\":\"https:\/\/wpguerssen-test.odoo.rgbconsulting.com\/es\/\",\"logo\":{\"@type\":\"ImageObject\",\"inLanguage\":\"es\",\"@id\":\"https:\/\/wpguerssen-test.odoo.rgbconsulting.com\/es\/#\/schema\/logo\/image\/\",\"url\":\"https:\/\/wpguerssen-test.odoo.rgbconsulting.com\/wp-content\/uploads\/2022\/04\/Logo_Guerssen_trans_100.png\",\"contentUrl\":\"https:\/\/wpguerssen-test.odoo.rgbconsulting.com\/wp-content\/uploads\/2022\/04\/Logo_Guerssen_trans_100.png\",\"width\":122,\"height\":100,\"caption\":\"Guerssen records\"},\"image\":{\"@id\":\"https:\/\/wpguerssen-test.odoo.rgbconsulting.com\/es\/#\/schema\/logo\/image\/\"}}]}<\/script>\n<!-- \/ Yoast SEO plugin. -->","yoast_head_json":{"title":"VARIOUS ARTISTS - Fuera de Atracci\u00f3n -  (LP) | Guerssen","description":"\"60s Psychedelic Garage From El Salvador\". #nl# El Salvador, the last frontier... the psychedelic revolution also reached this small country from Central America in the 60s, resulting in the formation of many teen garage bands. Until now, little was known about this amazing local music scene that took place in the late 60s and early 70s... a true musical revolution. Due to the lack of resources, musicians often had to build their own fuzz and effects pedals and in studio recordings, primitive tape experimentation and echo were often used... the result was a very unique sound, 100% raw & wild. #nl# Hear tremendous fuzzed-out covers of Doors, Blue Cheer, Country Joe & The Fish or Alan Bown along with cool self-penned songs. All tracks taken from very hard to find 45s, most of them unknown outside of El Salvador until now. Feat: Kiriaps, Los Saltos, San Miguel, Los Vikings, Los Rebeldes, Los Junior's, Los Intocables... #nl# Includes color insert with detailed liner notes in English\/Spanish and cool photos. #nl# Side A:LOS MARQUIS - Rompe El RitmoRICARDO ALFONSO Y LOS REBELDES - Una Cosa NuevaSAN MIGUEL - Tienes Que Entrar En OndaLOS KIRIAP'S - El ViajeLOS FALCONS - Afuera Es NocheLOS VIKING'S - Fuera De Atracci\u00f3nLA NUEVA GENERACI\u00d3N - La Fuerza Del Alma #nl# Side B:LOS TNT - LoveLOS INTOCABLES - Qu\u00e9 Dif\u00edcil EsLOS JUNIOR'S - Incomprensi\u00f3nLOS BEATNICKS - Este Amor Es El MejorLOS BLACK CATS - Suceder\u00e1LOS SALTOS - Mi Amor Por TiSAN MIGUEL - Mientes o Sientes","robots":{"index":"index","follow":"follow","max-snippet":"max-snippet:-1","max-image-preview":"max-image-preview:large","max-video-preview":"max-video-preview:-1"},"canonical":"https:\/\/wpguerssen-test.odoo.rgbconsulting.com\/es\/producto\/fuera-de-atraccion\/","og_locale":"es_ES","og_type":"article","og_title":"VARIOUS ARTISTS - Fuera de Atracci\u00f3n -  (LP) | Guerssen","og_description":"\"60s Psychedelic Garage From El Salvador\". #nl# El Salvador, the last frontier... the psychedelic revolution also reached this small country from Central America in the 60s, resulting in the formation of many teen garage bands. Until now, little was known about this amazing local music scene that took place in the late 60s and early 70s... a true musical revolution. Due to the lack of resources, musicians often had to build their own fuzz and effects pedals and in studio recordings, primitive tape experimentation and echo were often used... the result was a very unique sound, 100% raw & wild. #nl# Hear tremendous fuzzed-out covers of Doors, Blue Cheer, Country Joe & The Fish or Alan Bown along with cool self-penned songs. All tracks taken from very hard to find 45s, most of them unknown outside of El Salvador until now. Feat: Kiriaps, Los Saltos, San Miguel, Los Vikings, Los Rebeldes, Los Junior's, Los Intocables... #nl# Includes color insert with detailed liner notes in English\/Spanish and cool photos. #nl# Side A:LOS MARQUIS - Rompe El RitmoRICARDO ALFONSO Y LOS REBELDES - Una Cosa NuevaSAN MIGUEL - Tienes Que Entrar En OndaLOS KIRIAP'S - El ViajeLOS FALCONS - Afuera Es NocheLOS VIKING'S - Fuera De Atracci\u00f3nLA NUEVA GENERACI\u00d3N - La Fuerza Del Alma #nl# Side B:LOS TNT - LoveLOS INTOCABLES - Qu\u00e9 Dif\u00edcil EsLOS JUNIOR'S - Incomprensi\u00f3nLOS BEATNICKS - Este Amor Es El MejorLOS BLACK CATS - Suceder\u00e1LOS SALTOS - Mi Amor Por TiSAN MIGUEL - Mientes o Sientes","og_url":"https:\/\/wpguerssen-test.odoo.rgbconsulting.com\/es\/producto\/fuera-de-atraccion\/","og_site_name":"Guerssen records","article_modified_time":"2025-02-07T13:05:29+00:00","og_image":[{"width":1400,"height":1400,"url":"https:\/\/wpguerssen-test.odoo.rgbconsulting.com\/wp-content\/uploads\/2022\/03\/38124.jpg","type":"image\/jpeg"}],"twitter_card":"summary_large_image","twitter_title":"VARIOUS ARTISTS - Fuera de Atracci\u00f3n -  (LP) | Guerssen","twitter_misc":{"Tiempo de lectura":"1 minuto"},"schema":{"@context":"https:\/\/schema.org","@graph":[{"@type":"WebPage","@id":"https:\/\/wpguerssen-test.odoo.rgbconsulting.com\/es\/producto\/fuera-de-atraccion\/","url":"https:\/\/wpguerssen-test.odoo.rgbconsulting.com\/es\/producto\/fuera-de-atraccion\/","name":"VARIOUS ARTISTS - Fuera de Atracci\u00f3n - (LP) | Guerssen","isPartOf":{"@id":"https:\/\/wpguerssen-test.odoo.rgbconsulting.com\/es\/#website"},"primaryImageOfPage":{"@id":"https:\/\/wpguerssen-test.odoo.rgbconsulting.com\/es\/producto\/fuera-de-atraccion\/#primaryimage"},"image":{"@id":"https:\/\/wpguerssen-test.odoo.rgbconsulting.com\/es\/producto\/fuera-de-atraccion\/#primaryimage"},"thumbnailUrl":"https:\/\/wpguerssen-test.odoo.rgbconsulting.com\/wp-content\/uploads\/2022\/03\/38124.jpg","datePublished":"2021-05-16T22:00:00+00:00","dateModified":"2025-02-07T13:05:29+00:00","description":"\"60s Psychedelic Garage From El Salvador\". #nl# El Salvador, the last frontier... the psychedelic revolution also reached this small country from Central America in the 60s, resulting in the formation of many teen garage bands. Until now, little was known about this amazing local music scene that took place in the late 60s and early 70s... a true musical revolution. Due to the lack of resources, musicians often had to build their own fuzz and effects pedals and in studio recordings, primitive tape experimentation and echo were often used... the result was a very unique sound, 100% raw & wild. #nl# Hear tremendous fuzzed-out covers of Doors, Blue Cheer, Country Joe & The Fish or Alan Bown along with cool self-penned songs. All tracks taken from very hard to find 45s, most of them unknown outside of El Salvador until now. Feat: Kiriaps, Los Saltos, San Miguel, Los Vikings, Los Rebeldes, Los Junior's, Los Intocables... #nl# Includes color insert with detailed liner notes in English\/Spanish and cool photos. #nl# Side A:LOS MARQUIS - Rompe El RitmoRICARDO ALFONSO Y LOS REBELDES - Una Cosa NuevaSAN MIGUEL - Tienes Que Entrar En OndaLOS KIRIAP'S - El ViajeLOS FALCONS - Afuera Es NocheLOS VIKING'S - Fuera De Atracci\u00f3nLA NUEVA GENERACI\u00d3N - La Fuerza Del Alma #nl# Side B:LOS TNT - LoveLOS INTOCABLES - Qu\u00e9 Dif\u00edcil EsLOS JUNIOR'S - Incomprensi\u00f3nLOS BEATNICKS - Este Amor Es El MejorLOS BLACK CATS - Suceder\u00e1LOS SALTOS - Mi Amor Por TiSAN MIGUEL - Mientes o Sientes","breadcrumb":{"@id":"https:\/\/wpguerssen-test.odoo.rgbconsulting.com\/es\/producto\/fuera-de-atraccion\/#breadcrumb"},"inLanguage":"es","potentialAction":[{"@type":"ReadAction","target":["https:\/\/wpguerssen-test.odoo.rgbconsulting.com\/es\/producto\/fuera-de-atraccion\/"]}]},{"@type":"ImageObject","inLanguage":"es","@id":"https:\/\/wpguerssen-test.odoo.rgbconsulting.com\/es\/producto\/fuera-de-atraccion\/#primaryimage","url":"https:\/\/wpguerssen-test.odoo.rgbconsulting.com\/wp-content\/uploads\/2022\/03\/38124.jpg","contentUrl":"https:\/\/wpguerssen-test.odoo.rgbconsulting.com\/wp-content\/uploads\/2022\/03\/38124.jpg","width":1400,"height":1400,"caption":"VARIOUS ARTISTS - Fuera de Atracci\u00f3n - EL TIGRE (LP) | Guerssen"},{"@type":"BreadcrumbList","@id":"https:\/\/wpguerssen-test.odoo.rgbconsulting.com\/es\/producto\/fuera-de-atraccion\/#breadcrumb","itemListElement":[{"@type":"ListItem","position":1,"name":"Inicio","item":"https:\/\/wpguerssen-test.odoo.rgbconsulting.com\/es\/"},{"@type":"ListItem","position":2,"name":"Shop","item":"https:\/\/wpguerssen-test.odoo.rgbconsulting.com\/shop\/"},{"@type":"ListItem","position":3,"name":"Fuera de Atracci\u00f3n"}]},{"@type":"WebSite","@id":"https:\/\/wpguerssen-test.odoo.rgbconsulting.com\/es\/#website","url":"https:\/\/wpguerssen-test.odoo.rgbconsulting.com\/es\/","name":"Guerssen records","description":"psychedelia - progressive - folk - garage ","publisher":{"@id":"https:\/\/wpguerssen-test.odoo.rgbconsulting.com\/es\/#organization"},"potentialAction":[{"@type":"SearchAction","target":{"@type":"EntryPoint","urlTemplate":"https:\/\/wpguerssen-test.odoo.rgbconsulting.com\/es\/?s={search_term_string}"},"query-input":{"@type":"PropertyValueSpecification","valueRequired":true,"valueName":"search_term_string"}}],"inLanguage":"es"},{"@type":"Organization","@id":"https:\/\/wpguerssen-test.odoo.rgbconsulting.com\/es\/#organization","name":"Guerssen records","url":"https:\/\/wpguerssen-test.odoo.rgbconsulting.com\/es\/","logo":{"@type":"ImageObject","inLanguage":"es","@id":"https:\/\/wpguerssen-test.odoo.rgbconsulting.com\/es\/#\/schema\/logo\/image\/","url":"https:\/\/wpguerssen-test.odoo.rgbconsulting.com\/wp-content\/uploads\/2022\/04\/Logo_Guerssen_trans_100.png","contentUrl":"https:\/\/wpguerssen-test.odoo.rgbconsulting.com\/wp-content\/uploads\/2022\/04\/Logo_Guerssen_trans_100.png","width":122,"height":100,"caption":"Guerssen records"},"image":{"@id":"https:\/\/wpguerssen-test.odoo.rgbconsulting.com\/es\/#\/schema\/logo\/image\/"}}]}},"_links":{"self":[{"href":"https:\/\/wpguerssen-test.odoo.rgbconsulting.com\/es\/wp-json\/wp\/v2\/product\/248646","targetHints":{"allow":["GET"]}}],"collection":[{"href":"https:\/\/wpguerssen-test.odoo.rgbconsulting.com\/es\/wp-json\/wp\/v2\/product"}],"about":[{"href":"https:\/\/wpguerssen-test.odoo.rgbconsulting.com\/es\/wp-json\/wp\/v2\/types\/product"}],"wp:featuredmedia":[{"embeddable":true,"href":"https:\/\/wpguerssen-test.odoo.rgbconsulting.com\/es\/wp-json\/wp\/v2\/media\/128184"}],"wp:attachment":[{"href":"https:\/\/wpguerssen-test.odoo.rgbconsulting.com\/es\/wp-json\/wp\/v2\/media?parent=248646"}],"wp:term":[{"taxonomy":"product_brand","embeddable":true,"href":"https:\/\/wpguerssen-test.odoo.rgbconsulting.com\/es\/wp-json\/wp\/v2\/product_brand?post=248646"},{"taxonomy":"product_cat","embeddable":true,"href":"https:\/\/wpguerssen-test.odoo.rgbconsulting.com\/es\/wp-json\/wp\/v2\/product_cat?post=248646"},{"taxonomy":"product_tag","embeddable":true,"href":"https:\/\/wpguerssen-test.odoo.rgbconsulting.com\/es\/wp-json\/wp\/v2\/product_tag?post=248646"}],"curies":[{"name":"wp","href":"https:\/\/api.w.org\/{rel}","templated":true}]}}