{"id":248844,"date":"2024-01-24T00:00:00","date_gmt":"2024-01-23T23:00:00","guid":{"rendered":"https:\/\/wpguerssen-test.odoo.rgbconsulting.com\/product\/sixties-japanes-garage-psych-sampler\/"},"modified":"2025-03-26T16:54:09","modified_gmt":"2025-03-26T15:54:09","slug":"sixties-japanese-garage-psych-sampler","status":"publish","type":"product","link":"https:\/\/wpguerssen-test.odoo.rgbconsulting.com\/es\/producto\/sixties-japanese-garage-psych-sampler\/","title":{"rendered":"Sixties Japanese Garage-Psych Sampler"},"content":{"rendered":"<p>\u00a1Aqu\u00ed est\u00e1 la cosa real! Una recopilaci\u00f3n japonesa de finales de los a\u00f1os 60 que investiga el movimiento del llamado \u00absonido grupal\u00bb. Incluye las primeras grabaciones de una serie de m\u00fasicos que luego actuaron con bandas legendarias como Flower Travellin&#8217; Band, Speed \u00bf\u00bfGlue &#038; Shinki, Les Rallizes Denudes y Foodbrain.<\/p>\n","protected":false},"excerpt":{"rendered":"<p>\u00a1Aqu\u00ed est\u00e1 la cosa real! Una recopilaci\u00f3n japonesa de finales de los a\u00f1os 60 que investiga el movimiento del llamado \u00absonido grupal\u00bb. Incluye las primeras grabaciones<a class=\"read\" href=\"https:\/\/wpguerssen-test.odoo.rgbconsulting.com\/es\/producto\/sixties-japanese-garage-psych-sampler\/\"> (...)<\/a>","protected":false},"featured_media":248703,"template":"","meta":{"_acf_changed":false},"product_brand":[],"product_cat":[23281,23283],"product_tag":[],"class_list":{"0":"post-248844","1":"product","2":"type-product","3":"status-publish","4":"has-post-thumbnail","6":"product_cat-garagebeatrnb60-70-es","7":"product_cat-garagebeatrnb80-90-es","8":"pa_artist-various-artists-es","9":"pa_format-lp-es","10":"pa_gender-garage-beat-rnb60-70-garagebeatrnb80-90","11":"pa_label-cosmic-rock-es","12":"pa_location-asia-es","13":"pa_other-filters-vinyl-only-es","15":"first","16":"instock","17":"taxable","18":"shipping-taxable","19":"purchasable","20":"product-type-simple"},"acf":[],"yoast_head":"<!-- This site is optimized with the Yoast SEO plugin v24.9 - https:\/\/yoast.com\/wordpress\/plugins\/seo\/ -->\n<title>VARIOUS ARTISTS - Sixties Japanese Garage-Psych Sampler -  (LP) | Guerssen<\/title>\n<meta name=\"description\" content=\"Here&#039;s for the real thing! A late 60s Japanese compilation investigating the so-called &quot;group sound&quot; movement. Includes early recordings by a series of musicians later to perform with legendary bands such as the Flower Travellin&#039; Band, Speed Glue &amp; Shinki, Les Rallizes Denudes and Foodbrain. Must have !Tracklist:Side A 1 Golden Cups - Love Is my Life 2 Dynamite - Tunnel To Heaven 3 Outcast - Long Tall Sally 4 Carnabeats - Chu! Chu! Chu! 5 Tempters - Tell Me mOre 6 Beavers - Why, Baby, Why? 7 Bunnys - Burning, Burning Side B 1 Mops - I&#039;m Just A Mops 2 Spiders - Anything You Want 3 D&#039;Swooners - PLease Please Trina 4 Zoo Nee Woo - Lonely Highway 5 Fingers - Gloria 6 Outcast - Everythings Alright 7 Bunnys - Hey! Chance\" \/>\n<meta name=\"robots\" content=\"index, follow, max-snippet:-1, max-image-preview:large, max-video-preview:-1\" \/>\n<link rel=\"canonical\" href=\"https:\/\/wpguerssen-test.odoo.rgbconsulting.com\/es\/producto\/sixties-japanese-garage-psych-sampler\/\" \/>\n<meta property=\"og:locale\" content=\"es_ES\" \/>\n<meta property=\"og:type\" content=\"article\" \/>\n<meta property=\"og:title\" content=\"VARIOUS ARTISTS - Sixties Japanese Garage-Psych Sampler -  (LP) | Guerssen\" \/>\n<meta property=\"og:description\" content=\"Here&#039;s for the real thing! A late 60s Japanese compilation investigating the so-called &quot;group sound&quot; movement. Includes early recordings by a series of musicians later to perform with legendary bands such as the Flower Travellin&#039; Band, Speed Glue &amp; Shinki, Les Rallizes Denudes and Foodbrain. Must have !Tracklist:Side A 1 Golden Cups - Love Is my Life 2 Dynamite - Tunnel To Heaven 3 Outcast - Long Tall Sally 4 Carnabeats - Chu! Chu! Chu! 5 Tempters - Tell Me mOre 6 Beavers - Why, Baby, Why? 7 Bunnys - Burning, Burning Side B 1 Mops - I&#039;m Just A Mops 2 Spiders - Anything You Want 3 D&#039;Swooners - PLease Please Trina 4 Zoo Nee Woo - Lonely Highway 5 Fingers - Gloria 6 Outcast - Everythings Alright 7 Bunnys - Hey! Chance\" \/>\n<meta property=\"og:url\" content=\"https:\/\/wpguerssen-test.odoo.rgbconsulting.com\/es\/producto\/sixties-japanese-garage-psych-sampler\/\" \/>\n<meta property=\"og:site_name\" content=\"Guerssen records\" \/>\n<meta property=\"article:modified_time\" content=\"2025-03-26T15:54:09+00:00\" \/>\n<meta property=\"og:image\" content=\"https:\/\/wpguerssen-test.odoo.rgbconsulting.com\/wp-content\/uploads\/2024\/01\/46476.jpg\" \/>\n\t<meta property=\"og:image:width\" content=\"1181\" \/>\n\t<meta property=\"og:image:height\" content=\"1181\" \/>\n\t<meta property=\"og:image:type\" content=\"image\/jpeg\" \/>\n<meta name=\"twitter:card\" content=\"summary_large_image\" \/>\n<meta name=\"twitter:title\" content=\"VARIOUS ARTISTS - Sixties Japanese Garage-Psych Sampler -  (LP) | Guerssen\" \/>\n<script type=\"application\/ld+json\" class=\"yoast-schema-graph\">{\"@context\":\"https:\/\/schema.org\",\"@graph\":[{\"@type\":\"WebPage\",\"@id\":\"https:\/\/wpguerssen-test.odoo.rgbconsulting.com\/es\/producto\/sixties-japanese-garage-psych-sampler\/\",\"url\":\"https:\/\/wpguerssen-test.odoo.rgbconsulting.com\/es\/producto\/sixties-japanese-garage-psych-sampler\/\",\"name\":\"VARIOUS ARTISTS - Sixties Japanese Garage-Psych Sampler - (LP) | Guerssen\",\"isPartOf\":{\"@id\":\"https:\/\/wpguerssen-test.odoo.rgbconsulting.com\/es\/#website\"},\"primaryImageOfPage\":{\"@id\":\"https:\/\/wpguerssen-test.odoo.rgbconsulting.com\/es\/producto\/sixties-japanese-garage-psych-sampler\/#primaryimage\"},\"image\":{\"@id\":\"https:\/\/wpguerssen-test.odoo.rgbconsulting.com\/es\/producto\/sixties-japanese-garage-psych-sampler\/#primaryimage\"},\"thumbnailUrl\":\"https:\/\/wpguerssen-test.odoo.rgbconsulting.com\/wp-content\/uploads\/2024\/01\/46476.jpg\",\"datePublished\":\"2024-01-23T23:00:00+00:00\",\"dateModified\":\"2025-03-26T15:54:09+00:00\",\"description\":\"Here's for the real thing! A late 60s Japanese compilation investigating the so-called \\\"group sound\\\" movement. Includes early recordings by a series of musicians later to perform with legendary bands such as the Flower Travellin' Band, Speed Glue & Shinki, Les Rallizes Denudes and Foodbrain. Must have !Tracklist:Side A 1 Golden Cups - Love Is my Life 2 Dynamite - Tunnel To Heaven 3 Outcast - Long Tall Sally 4 Carnabeats - Chu! Chu! Chu! 5 Tempters - Tell Me mOre 6 Beavers - Why, Baby, Why? 7 Bunnys - Burning, Burning Side B 1 Mops - I'm Just A Mops 2 Spiders - Anything You Want 3 D'Swooners - PLease Please Trina 4 Zoo Nee Woo - Lonely Highway 5 Fingers - Gloria 6 Outcast - Everythings Alright 7 Bunnys - Hey! Chance\",\"breadcrumb\":{\"@id\":\"https:\/\/wpguerssen-test.odoo.rgbconsulting.com\/es\/producto\/sixties-japanese-garage-psych-sampler\/#breadcrumb\"},\"inLanguage\":\"es\",\"potentialAction\":[{\"@type\":\"ReadAction\",\"target\":[\"https:\/\/wpguerssen-test.odoo.rgbconsulting.com\/es\/producto\/sixties-japanese-garage-psych-sampler\/\"]}]},{\"@type\":\"ImageObject\",\"inLanguage\":\"es\",\"@id\":\"https:\/\/wpguerssen-test.odoo.rgbconsulting.com\/es\/producto\/sixties-japanese-garage-psych-sampler\/#primaryimage\",\"url\":\"https:\/\/wpguerssen-test.odoo.rgbconsulting.com\/wp-content\/uploads\/2024\/01\/46476.jpg\",\"contentUrl\":\"https:\/\/wpguerssen-test.odoo.rgbconsulting.com\/wp-content\/uploads\/2024\/01\/46476.jpg\",\"width\":1181,\"height\":1181},{\"@type\":\"BreadcrumbList\",\"@id\":\"https:\/\/wpguerssen-test.odoo.rgbconsulting.com\/es\/producto\/sixties-japanese-garage-psych-sampler\/#breadcrumb\",\"itemListElement\":[{\"@type\":\"ListItem\",\"position\":1,\"name\":\"Inicio\",\"item\":\"https:\/\/wpguerssen-test.odoo.rgbconsulting.com\/es\/\"},{\"@type\":\"ListItem\",\"position\":2,\"name\":\"Shop\",\"item\":\"https:\/\/wpguerssen-test.odoo.rgbconsulting.com\/shop\/\"},{\"@type\":\"ListItem\",\"position\":3,\"name\":\"Sixties Japanese Garage-Psych Sampler\"}]},{\"@type\":\"WebSite\",\"@id\":\"https:\/\/wpguerssen-test.odoo.rgbconsulting.com\/es\/#website\",\"url\":\"https:\/\/wpguerssen-test.odoo.rgbconsulting.com\/es\/\",\"name\":\"Guerssen records\",\"description\":\"psychedelia - progressive - folk - garage \",\"publisher\":{\"@id\":\"https:\/\/wpguerssen-test.odoo.rgbconsulting.com\/es\/#organization\"},\"potentialAction\":[{\"@type\":\"SearchAction\",\"target\":{\"@type\":\"EntryPoint\",\"urlTemplate\":\"https:\/\/wpguerssen-test.odoo.rgbconsulting.com\/es\/?s={search_term_string}\"},\"query-input\":{\"@type\":\"PropertyValueSpecification\",\"valueRequired\":true,\"valueName\":\"search_term_string\"}}],\"inLanguage\":\"es\"},{\"@type\":\"Organization\",\"@id\":\"https:\/\/wpguerssen-test.odoo.rgbconsulting.com\/es\/#organization\",\"name\":\"Guerssen records\",\"url\":\"https:\/\/wpguerssen-test.odoo.rgbconsulting.com\/es\/\",\"logo\":{\"@type\":\"ImageObject\",\"inLanguage\":\"es\",\"@id\":\"https:\/\/wpguerssen-test.odoo.rgbconsulting.com\/es\/#\/schema\/logo\/image\/\",\"url\":\"https:\/\/wpguerssen-test.odoo.rgbconsulting.com\/wp-content\/uploads\/2022\/04\/Logo_Guerssen_trans_100.png\",\"contentUrl\":\"https:\/\/wpguerssen-test.odoo.rgbconsulting.com\/wp-content\/uploads\/2022\/04\/Logo_Guerssen_trans_100.png\",\"width\":122,\"height\":100,\"caption\":\"Guerssen records\"},\"image\":{\"@id\":\"https:\/\/wpguerssen-test.odoo.rgbconsulting.com\/es\/#\/schema\/logo\/image\/\"}}]}<\/script>\n<!-- \/ Yoast SEO plugin. -->","yoast_head_json":{"title":"VARIOUS ARTISTS - Sixties Japanese Garage-Psych Sampler -  (LP) | Guerssen","description":"Here's for the real thing! A late 60s Japanese compilation investigating the so-called \"group sound\" movement. Includes early recordings by a series of musicians later to perform with legendary bands such as the Flower Travellin' Band, Speed Glue & Shinki, Les Rallizes Denudes and Foodbrain. Must have !Tracklist:Side A 1 Golden Cups - Love Is my Life 2 Dynamite - Tunnel To Heaven 3 Outcast - Long Tall Sally 4 Carnabeats - Chu! Chu! Chu! 5 Tempters - Tell Me mOre 6 Beavers - Why, Baby, Why? 7 Bunnys - Burning, Burning Side B 1 Mops - I'm Just A Mops 2 Spiders - Anything You Want 3 D'Swooners - PLease Please Trina 4 Zoo Nee Woo - Lonely Highway 5 Fingers - Gloria 6 Outcast - Everythings Alright 7 Bunnys - Hey! Chance","robots":{"index":"index","follow":"follow","max-snippet":"max-snippet:-1","max-image-preview":"max-image-preview:large","max-video-preview":"max-video-preview:-1"},"canonical":"https:\/\/wpguerssen-test.odoo.rgbconsulting.com\/es\/producto\/sixties-japanese-garage-psych-sampler\/","og_locale":"es_ES","og_type":"article","og_title":"VARIOUS ARTISTS - Sixties Japanese Garage-Psych Sampler -  (LP) | Guerssen","og_description":"Here's for the real thing! A late 60s Japanese compilation investigating the so-called \"group sound\" movement. Includes early recordings by a series of musicians later to perform with legendary bands such as the Flower Travellin' Band, Speed Glue & Shinki, Les Rallizes Denudes and Foodbrain. Must have !Tracklist:Side A 1 Golden Cups - Love Is my Life 2 Dynamite - Tunnel To Heaven 3 Outcast - Long Tall Sally 4 Carnabeats - Chu! Chu! Chu! 5 Tempters - Tell Me mOre 6 Beavers - Why, Baby, Why? 7 Bunnys - Burning, Burning Side B 1 Mops - I'm Just A Mops 2 Spiders - Anything You Want 3 D'Swooners - PLease Please Trina 4 Zoo Nee Woo - Lonely Highway 5 Fingers - Gloria 6 Outcast - Everythings Alright 7 Bunnys - Hey! Chance","og_url":"https:\/\/wpguerssen-test.odoo.rgbconsulting.com\/es\/producto\/sixties-japanese-garage-psych-sampler\/","og_site_name":"Guerssen records","article_modified_time":"2025-03-26T15:54:09+00:00","og_image":[{"width":1181,"height":1181,"url":"https:\/\/wpguerssen-test.odoo.rgbconsulting.com\/wp-content\/uploads\/2024\/01\/46476.jpg","type":"image\/jpeg"}],"twitter_card":"summary_large_image","twitter_title":"VARIOUS ARTISTS - Sixties Japanese Garage-Psych Sampler -  (LP) | Guerssen","schema":{"@context":"https:\/\/schema.org","@graph":[{"@type":"WebPage","@id":"https:\/\/wpguerssen-test.odoo.rgbconsulting.com\/es\/producto\/sixties-japanese-garage-psych-sampler\/","url":"https:\/\/wpguerssen-test.odoo.rgbconsulting.com\/es\/producto\/sixties-japanese-garage-psych-sampler\/","name":"VARIOUS ARTISTS - Sixties Japanese Garage-Psych Sampler - (LP) | Guerssen","isPartOf":{"@id":"https:\/\/wpguerssen-test.odoo.rgbconsulting.com\/es\/#website"},"primaryImageOfPage":{"@id":"https:\/\/wpguerssen-test.odoo.rgbconsulting.com\/es\/producto\/sixties-japanese-garage-psych-sampler\/#primaryimage"},"image":{"@id":"https:\/\/wpguerssen-test.odoo.rgbconsulting.com\/es\/producto\/sixties-japanese-garage-psych-sampler\/#primaryimage"},"thumbnailUrl":"https:\/\/wpguerssen-test.odoo.rgbconsulting.com\/wp-content\/uploads\/2024\/01\/46476.jpg","datePublished":"2024-01-23T23:00:00+00:00","dateModified":"2025-03-26T15:54:09+00:00","description":"Here's for the real thing! A late 60s Japanese compilation investigating the so-called \"group sound\" movement. Includes early recordings by a series of musicians later to perform with legendary bands such as the Flower Travellin' Band, Speed Glue & Shinki, Les Rallizes Denudes and Foodbrain. Must have !Tracklist:Side A 1 Golden Cups - Love Is my Life 2 Dynamite - Tunnel To Heaven 3 Outcast - Long Tall Sally 4 Carnabeats - Chu! Chu! Chu! 5 Tempters - Tell Me mOre 6 Beavers - Why, Baby, Why? 7 Bunnys - Burning, Burning Side B 1 Mops - I'm Just A Mops 2 Spiders - Anything You Want 3 D'Swooners - PLease Please Trina 4 Zoo Nee Woo - Lonely Highway 5 Fingers - Gloria 6 Outcast - Everythings Alright 7 Bunnys - Hey! Chance","breadcrumb":{"@id":"https:\/\/wpguerssen-test.odoo.rgbconsulting.com\/es\/producto\/sixties-japanese-garage-psych-sampler\/#breadcrumb"},"inLanguage":"es","potentialAction":[{"@type":"ReadAction","target":["https:\/\/wpguerssen-test.odoo.rgbconsulting.com\/es\/producto\/sixties-japanese-garage-psych-sampler\/"]}]},{"@type":"ImageObject","inLanguage":"es","@id":"https:\/\/wpguerssen-test.odoo.rgbconsulting.com\/es\/producto\/sixties-japanese-garage-psych-sampler\/#primaryimage","url":"https:\/\/wpguerssen-test.odoo.rgbconsulting.com\/wp-content\/uploads\/2024\/01\/46476.jpg","contentUrl":"https:\/\/wpguerssen-test.odoo.rgbconsulting.com\/wp-content\/uploads\/2024\/01\/46476.jpg","width":1181,"height":1181},{"@type":"BreadcrumbList","@id":"https:\/\/wpguerssen-test.odoo.rgbconsulting.com\/es\/producto\/sixties-japanese-garage-psych-sampler\/#breadcrumb","itemListElement":[{"@type":"ListItem","position":1,"name":"Inicio","item":"https:\/\/wpguerssen-test.odoo.rgbconsulting.com\/es\/"},{"@type":"ListItem","position":2,"name":"Shop","item":"https:\/\/wpguerssen-test.odoo.rgbconsulting.com\/shop\/"},{"@type":"ListItem","position":3,"name":"Sixties Japanese Garage-Psych Sampler"}]},{"@type":"WebSite","@id":"https:\/\/wpguerssen-test.odoo.rgbconsulting.com\/es\/#website","url":"https:\/\/wpguerssen-test.odoo.rgbconsulting.com\/es\/","name":"Guerssen records","description":"psychedelia - progressive - folk - garage ","publisher":{"@id":"https:\/\/wpguerssen-test.odoo.rgbconsulting.com\/es\/#organization"},"potentialAction":[{"@type":"SearchAction","target":{"@type":"EntryPoint","urlTemplate":"https:\/\/wpguerssen-test.odoo.rgbconsulting.com\/es\/?s={search_term_string}"},"query-input":{"@type":"PropertyValueSpecification","valueRequired":true,"valueName":"search_term_string"}}],"inLanguage":"es"},{"@type":"Organization","@id":"https:\/\/wpguerssen-test.odoo.rgbconsulting.com\/es\/#organization","name":"Guerssen records","url":"https:\/\/wpguerssen-test.odoo.rgbconsulting.com\/es\/","logo":{"@type":"ImageObject","inLanguage":"es","@id":"https:\/\/wpguerssen-test.odoo.rgbconsulting.com\/es\/#\/schema\/logo\/image\/","url":"https:\/\/wpguerssen-test.odoo.rgbconsulting.com\/wp-content\/uploads\/2022\/04\/Logo_Guerssen_trans_100.png","contentUrl":"https:\/\/wpguerssen-test.odoo.rgbconsulting.com\/wp-content\/uploads\/2022\/04\/Logo_Guerssen_trans_100.png","width":122,"height":100,"caption":"Guerssen records"},"image":{"@id":"https:\/\/wpguerssen-test.odoo.rgbconsulting.com\/es\/#\/schema\/logo\/image\/"}}]}},"_links":{"self":[{"href":"https:\/\/wpguerssen-test.odoo.rgbconsulting.com\/es\/wp-json\/wp\/v2\/product\/248844","targetHints":{"allow":["GET"]}}],"collection":[{"href":"https:\/\/wpguerssen-test.odoo.rgbconsulting.com\/es\/wp-json\/wp\/v2\/product"}],"about":[{"href":"https:\/\/wpguerssen-test.odoo.rgbconsulting.com\/es\/wp-json\/wp\/v2\/types\/product"}],"wp:featuredmedia":[{"embeddable":true,"href":"https:\/\/wpguerssen-test.odoo.rgbconsulting.com\/es\/wp-json\/wp\/v2\/media\/248703"}],"wp:attachment":[{"href":"https:\/\/wpguerssen-test.odoo.rgbconsulting.com\/es\/wp-json\/wp\/v2\/media?parent=248844"}],"wp:term":[{"taxonomy":"product_brand","embeddable":true,"href":"https:\/\/wpguerssen-test.odoo.rgbconsulting.com\/es\/wp-json\/wp\/v2\/product_brand?post=248844"},{"taxonomy":"product_cat","embeddable":true,"href":"https:\/\/wpguerssen-test.odoo.rgbconsulting.com\/es\/wp-json\/wp\/v2\/product_cat?post=248844"},{"taxonomy":"product_tag","embeddable":true,"href":"https:\/\/wpguerssen-test.odoo.rgbconsulting.com\/es\/wp-json\/wp\/v2\/product_tag?post=248844"}],"curies":[{"name":"wp","href":"https:\/\/api.w.org\/{rel}","templated":true}]}}