{"id":248859,"date":"2024-03-18T00:00:00","date_gmt":"2024-03-17T23:00:00","guid":{"rendered":"https:\/\/wpguerssen-test.odoo.rgbconsulting.com\/product\/garage-beat-in-florence-the-complete-1966-singles\/"},"modified":"2025-03-26T16:54:14","modified_gmt":"2025-03-26T15:54:14","slug":"garage-beat-in-florence-the-complete-1966-singles","status":"publish","type":"product","link":"https:\/\/wpguerssen-test.odoo.rgbconsulting.com\/es\/producto\/garage-beat-in-florence-the-complete-1966-singles\/","title":{"rendered":"Garage Beat In Florence. The Complete 1966 Singles"},"content":{"rendered":"<p>Por primera vez en doble vinilo, y 20 a\u00f1os despu\u00e9s de su primer lanzamiento en CD, aqu\u00ed tenemos la recopilaci\u00f3n &#8216;Garage Beat in Florence&#8217;, b\u00e1sicamente una instant\u00e1nea de los &#8216;fen\u00f3menos beat&#8217; de Florencia de 1966. Todas las pistas fueron grabadas en &#8216;Studio Due&#8217; para el sello NET y originalmente adjuntas a la revista &#8216;Nuova Enigmistica Tascabile&#8217;. Adem\u00e1s, como bonus tracks, una buena selecci\u00f3n del sello Ginco Records, \u00a1incluido acetato in\u00e9dito! El vinilo doble contiene 28 pistas, fotograf\u00edas, recuerdos y tambi\u00e9n la historia de &#8216;Studio Due&#8217; y sus innovadoras t\u00e9cnicas de grabaci\u00f3n, que se convirtieron en parte integral de la fama de NET entre los coleccionistas y amantes de los sonidos Beat. Desgraciadamente, la actividad del &#8216;Studio Due&#8217; se vio abruptamente interrumpida por la inundaci\u00f3n de Florencia del 4 de noviembre de 1966. RIYL : Pebbles, Highs In The Mid Sixties, Nuggets.<br \/>Tracklist:<br \/>Side A l  TELSTARS * She Waits The Happiness 2 TELSTARS * Why My Girl 3 DANNY * Everything 4 TELSTARS * Solo Me 5 DANNY * Somebody Else 6 BILLY &#038; I CANI FEDELI * Lei Ama Me 7 DANNY * In The Morning<br \/>Side B 1 SPETTRI * Non Mi Lascerai 2 TELSTARS * l&#8217;m Feeling Love 3 SPETTRI * Non Eri Per Me 4 FACCE DI BRONZO * E&#8217; Inutile 5 FACCE DI BRONZO * All Right 6 TREMENDI * Where&#8217;s My Baby 7 TREMENDI * Together We&#8217;re Strong<br \/>Side C 1 TELSTARS * Tu Sei Lontana 2 SPETTRI * Come Farei 3 TREMENDI * I Knew l&#8217;d Get You 4 TREMENDI * If You Don&#8217;t Come Around 5 DANNY * We Could Be Happy*6 DANNY * That&#8217;s Alright* 7 NOI TRE * Se Tu Non Ci Sei*<br \/>Side D 1 NOI TRE * Distruggimi* 2 DANNY * II Tempo Sopra Noi* 3 FELLOWS * Per Chi Non Conosce La Libert\u00e0 4 FELLOWS * La Mia Strada 5 NOI TRE * Un Posto Dove 6 NOI TRE * Non Piangete Io Son Contento 7 NOI TRE * Outside (live 1966)*<br \/>* previously unreleased<\/p>\n","protected":false},"excerpt":{"rendered":"<p>Por primera vez en doble vinilo, y 20 a\u00f1os despu\u00e9s de su primer lanzamiento en CD, aqu\u00ed tenemos la recopilaci\u00f3n &#8216;Garage Beat in Florence&#8217;, b\u00e1sicamente<a class=\"read\" href=\"https:\/\/wpguerssen-test.odoo.rgbconsulting.com\/es\/producto\/garage-beat-in-florence-the-complete-1966-singles\/\"> (...)<\/a>","protected":false},"featured_media":248744,"template":"","meta":{"_acf_changed":false},"product_brand":[],"product_cat":[23281],"product_tag":[],"class_list":{"0":"post-248859","1":"product","2":"type-product","3":"status-publish","4":"has-post-thumbnail","6":"product_cat-garagebeatrnb60-70-es","7":"pa_artist-various-artists-es","8":"pa_format-2lp-es","9":"pa_gender-garage-beat-rnb60-70-garagebeatrnb60-70","10":"pa_label-perfect-kick-off","11":"pa_location-europe-es","12":"pa_other-filters-vinyl-only-es","14":"first","15":"instock","16":"taxable","17":"shipping-taxable","18":"purchasable","19":"product-type-simple"},"acf":[],"yoast_head":"<!-- This site is optimized with the Yoast SEO plugin v24.9 - https:\/\/yoast.com\/wordpress\/plugins\/seo\/ -->\n<title>VARIOUS ARTISTS - Garage Beat In Florence. The Complete 1966 Singles -  (2LP) | Guerssen<\/title>\n<meta name=\"description\" content=\"For the first time on double vinyl - and 20 years after its first release on cd - here we have the compilation &#039;Garage Beat in Florence&#039;, basically a snapshot of Florence 1966 &#039;beat phenomena&#039;. All the tracks were recorded at &#039;Studio Due&#039; for the NET label and originally enclosed with the magazine &#039;Nuova Enigmistica Tascabile&#039;. Plus - as bonus tracks - a nice selection from the Ginco Records label, including previously unreleased acetate ! The double vinyl contains 28 tracks, pictures, memorabilia and also the history of &#039;Studio Due&#039; and its innovative recording techniques, which became an integral part of NET&#039;s fame among collectors and lovers of Beat sounds. The activity of &#039;Studio Due&#039; was unfortunately abruptly interrupted by the Florence flood of the 4th November of 1966. RIYL : Pebbles, Highs In The Mid Sixties, Nuggets.Tracklist:Side A l TELSTARS * She Waits The Happiness 2 TELSTARS * Why My Girl 3 DANNY * Everything 4 TELSTARS * Solo Me 5 DANNY * Somebody Else 6 BILLY &amp; I CANI FEDELI * Lei Ama Me 7 DANNY * In The MorningSide B 1 SPETTRI * Non Mi Lascerai 2 TELSTARS * l&#039;m Feeling Love 3 SPETTRI * Non Eri Per Me 4 FACCE DI BRONZO * E&#039; Inutile 5 FACCE DI BRONZO * All Right 6 TREMENDI * Where&#039;s My Baby 7 TREMENDI * Together We&#039;re StrongSide C 1 TELSTARS * Tu Sei Lontana 2 SPETTRI * Come Farei 3 TREMENDI * I Knew l&#039;d Get You 4 TREMENDI * If You Don&#039;t Come Around 5 DANNY * We Could Be Happy*6 DANNY * That&#039;s Alright* 7 NOI TRE * Se Tu Non Ci Sei*Side D 1 NOI TRE * Distruggimi* 2 DANNY * II Tempo Sopra Noi* 3 FELLOWS * Per Chi Non Conosce La Libert\u00e0 4 FELLOWS * La Mia Strada 5 NOI TRE * Un Posto Dove 6 NOI TRE * Non Piangete Io Son Contento 7 NOI TRE * Outside (live 1966)** previously unreleased\" \/>\n<meta name=\"robots\" content=\"index, follow, max-snippet:-1, max-image-preview:large, max-video-preview:-1\" \/>\n<link rel=\"canonical\" href=\"https:\/\/wpguerssen-test.odoo.rgbconsulting.com\/es\/producto\/garage-beat-in-florence-the-complete-1966-singles\/\" \/>\n<meta property=\"og:locale\" content=\"es_ES\" \/>\n<meta property=\"og:type\" content=\"article\" \/>\n<meta property=\"og:title\" content=\"VARIOUS ARTISTS - Garage Beat In Florence. The Complete 1966 Singles -  (2LP) | Guerssen\" \/>\n<meta property=\"og:description\" content=\"For the first time on double vinyl - and 20 years after its first release on cd - here we have the compilation &#039;Garage Beat in Florence&#039;, basically a snapshot of Florence 1966 &#039;beat phenomena&#039;. All the tracks were recorded at &#039;Studio Due&#039; for the NET label and originally enclosed with the magazine &#039;Nuova Enigmistica Tascabile&#039;. Plus - as bonus tracks - a nice selection from the Ginco Records label, including previously unreleased acetate ! The double vinyl contains 28 tracks, pictures, memorabilia and also the history of &#039;Studio Due&#039; and its innovative recording techniques, which became an integral part of NET&#039;s fame among collectors and lovers of Beat sounds. The activity of &#039;Studio Due&#039; was unfortunately abruptly interrupted by the Florence flood of the 4th November of 1966. RIYL : Pebbles, Highs In The Mid Sixties, Nuggets.Tracklist:Side A l TELSTARS * She Waits The Happiness 2 TELSTARS * Why My Girl 3 DANNY * Everything 4 TELSTARS * Solo Me 5 DANNY * Somebody Else 6 BILLY &amp; I CANI FEDELI * Lei Ama Me 7 DANNY * In The MorningSide B 1 SPETTRI * Non Mi Lascerai 2 TELSTARS * l&#039;m Feeling Love 3 SPETTRI * Non Eri Per Me 4 FACCE DI BRONZO * E&#039; Inutile 5 FACCE DI BRONZO * All Right 6 TREMENDI * Where&#039;s My Baby 7 TREMENDI * Together We&#039;re StrongSide C 1 TELSTARS * Tu Sei Lontana 2 SPETTRI * Come Farei 3 TREMENDI * I Knew l&#039;d Get You 4 TREMENDI * If You Don&#039;t Come Around 5 DANNY * We Could Be Happy*6 DANNY * That&#039;s Alright* 7 NOI TRE * Se Tu Non Ci Sei*Side D 1 NOI TRE * Distruggimi* 2 DANNY * II Tempo Sopra Noi* 3 FELLOWS * Per Chi Non Conosce La Libert\u00e0 4 FELLOWS * La Mia Strada 5 NOI TRE * Un Posto Dove 6 NOI TRE * Non Piangete Io Son Contento 7 NOI TRE * Outside (live 1966)** previously unreleased\" \/>\n<meta property=\"og:url\" content=\"https:\/\/wpguerssen-test.odoo.rgbconsulting.com\/es\/producto\/garage-beat-in-florence-the-complete-1966-singles\/\" \/>\n<meta property=\"og:site_name\" content=\"Guerssen records\" \/>\n<meta property=\"article:modified_time\" content=\"2025-03-26T15:54:14+00:00\" \/>\n<meta property=\"og:image\" content=\"https:\/\/wpguerssen-test.odoo.rgbconsulting.com\/wp-content\/uploads\/2024\/01\/46491.jpg\" \/>\n\t<meta property=\"og:image:width\" content=\"1181\" \/>\n\t<meta property=\"og:image:height\" content=\"1184\" \/>\n\t<meta property=\"og:image:type\" content=\"image\/jpeg\" \/>\n<meta name=\"twitter:card\" content=\"summary_large_image\" \/>\n<meta name=\"twitter:title\" content=\"VARIOUS ARTISTS - Garage Beat In Florence. The Complete 1966 Singles -  (2LP) | Guerssen\" \/>\n<meta name=\"twitter:label1\" content=\"Tiempo de lectura\" \/>\n\t<meta name=\"twitter:data1\" content=\"1 minuto\" \/>\n<script type=\"application\/ld+json\" class=\"yoast-schema-graph\">{\"@context\":\"https:\/\/schema.org\",\"@graph\":[{\"@type\":\"WebPage\",\"@id\":\"https:\/\/wpguerssen-test.odoo.rgbconsulting.com\/es\/producto\/garage-beat-in-florence-the-complete-1966-singles\/\",\"url\":\"https:\/\/wpguerssen-test.odoo.rgbconsulting.com\/es\/producto\/garage-beat-in-florence-the-complete-1966-singles\/\",\"name\":\"VARIOUS ARTISTS - Garage Beat In Florence. The Complete 1966 Singles - (2LP) | Guerssen\",\"isPartOf\":{\"@id\":\"https:\/\/wpguerssen-test.odoo.rgbconsulting.com\/es\/#website\"},\"primaryImageOfPage\":{\"@id\":\"https:\/\/wpguerssen-test.odoo.rgbconsulting.com\/es\/producto\/garage-beat-in-florence-the-complete-1966-singles\/#primaryimage\"},\"image\":{\"@id\":\"https:\/\/wpguerssen-test.odoo.rgbconsulting.com\/es\/producto\/garage-beat-in-florence-the-complete-1966-singles\/#primaryimage\"},\"thumbnailUrl\":\"https:\/\/wpguerssen-test.odoo.rgbconsulting.com\/wp-content\/uploads\/2024\/01\/46491.jpg\",\"datePublished\":\"2024-03-17T23:00:00+00:00\",\"dateModified\":\"2025-03-26T15:54:14+00:00\",\"description\":\"For the first time on double vinyl - and 20 years after its first release on cd - here we have the compilation 'Garage Beat in Florence', basically a snapshot of Florence 1966 'beat phenomena'. All the tracks were recorded at 'Studio Due' for the NET label and originally enclosed with the magazine 'Nuova Enigmistica Tascabile'. Plus - as bonus tracks - a nice selection from the Ginco Records label, including previously unreleased acetate ! The double vinyl contains 28 tracks, pictures, memorabilia and also the history of 'Studio Due' and its innovative recording techniques, which became an integral part of NET's fame among collectors and lovers of Beat sounds. The activity of 'Studio Due' was unfortunately abruptly interrupted by the Florence flood of the 4th November of 1966. RIYL : Pebbles, Highs In The Mid Sixties, Nuggets.Tracklist:Side A l TELSTARS * She Waits The Happiness 2 TELSTARS * Why My Girl 3 DANNY * Everything 4 TELSTARS * Solo Me 5 DANNY * Somebody Else 6 BILLY & I CANI FEDELI * Lei Ama Me 7 DANNY * In The MorningSide B 1 SPETTRI * Non Mi Lascerai 2 TELSTARS * l'm Feeling Love 3 SPETTRI * Non Eri Per Me 4 FACCE DI BRONZO * E' Inutile 5 FACCE DI BRONZO * All Right 6 TREMENDI * Where's My Baby 7 TREMENDI * Together We're StrongSide C 1 TELSTARS * Tu Sei Lontana 2 SPETTRI * Come Farei 3 TREMENDI * I Knew l'd Get You 4 TREMENDI * If You Don't Come Around 5 DANNY * We Could Be Happy*6 DANNY * That's Alright* 7 NOI TRE * Se Tu Non Ci Sei*Side D 1 NOI TRE * Distruggimi* 2 DANNY * II Tempo Sopra Noi* 3 FELLOWS * Per Chi Non Conosce La Libert\u00e0 4 FELLOWS * La Mia Strada 5 NOI TRE * Un Posto Dove 6 NOI TRE * Non Piangete Io Son Contento 7 NOI TRE * Outside (live 1966)** previously unreleased\",\"breadcrumb\":{\"@id\":\"https:\/\/wpguerssen-test.odoo.rgbconsulting.com\/es\/producto\/garage-beat-in-florence-the-complete-1966-singles\/#breadcrumb\"},\"inLanguage\":\"es\",\"potentialAction\":[{\"@type\":\"ReadAction\",\"target\":[\"https:\/\/wpguerssen-test.odoo.rgbconsulting.com\/es\/producto\/garage-beat-in-florence-the-complete-1966-singles\/\"]}]},{\"@type\":\"ImageObject\",\"inLanguage\":\"es\",\"@id\":\"https:\/\/wpguerssen-test.odoo.rgbconsulting.com\/es\/producto\/garage-beat-in-florence-the-complete-1966-singles\/#primaryimage\",\"url\":\"https:\/\/wpguerssen-test.odoo.rgbconsulting.com\/wp-content\/uploads\/2024\/01\/46491.jpg\",\"contentUrl\":\"https:\/\/wpguerssen-test.odoo.rgbconsulting.com\/wp-content\/uploads\/2024\/01\/46491.jpg\",\"width\":1181,\"height\":1184},{\"@type\":\"BreadcrumbList\",\"@id\":\"https:\/\/wpguerssen-test.odoo.rgbconsulting.com\/es\/producto\/garage-beat-in-florence-the-complete-1966-singles\/#breadcrumb\",\"itemListElement\":[{\"@type\":\"ListItem\",\"position\":1,\"name\":\"Inicio\",\"item\":\"https:\/\/wpguerssen-test.odoo.rgbconsulting.com\/es\/\"},{\"@type\":\"ListItem\",\"position\":2,\"name\":\"Shop\",\"item\":\"https:\/\/wpguerssen-test.odoo.rgbconsulting.com\/shop\/\"},{\"@type\":\"ListItem\",\"position\":3,\"name\":\"Garage Beat In Florence. The Complete 1966 Singles\"}]},{\"@type\":\"WebSite\",\"@id\":\"https:\/\/wpguerssen-test.odoo.rgbconsulting.com\/es\/#website\",\"url\":\"https:\/\/wpguerssen-test.odoo.rgbconsulting.com\/es\/\",\"name\":\"Guerssen records\",\"description\":\"psychedelia - progressive - folk - garage \",\"publisher\":{\"@id\":\"https:\/\/wpguerssen-test.odoo.rgbconsulting.com\/es\/#organization\"},\"potentialAction\":[{\"@type\":\"SearchAction\",\"target\":{\"@type\":\"EntryPoint\",\"urlTemplate\":\"https:\/\/wpguerssen-test.odoo.rgbconsulting.com\/es\/?s={search_term_string}\"},\"query-input\":{\"@type\":\"PropertyValueSpecification\",\"valueRequired\":true,\"valueName\":\"search_term_string\"}}],\"inLanguage\":\"es\"},{\"@type\":\"Organization\",\"@id\":\"https:\/\/wpguerssen-test.odoo.rgbconsulting.com\/es\/#organization\",\"name\":\"Guerssen records\",\"url\":\"https:\/\/wpguerssen-test.odoo.rgbconsulting.com\/es\/\",\"logo\":{\"@type\":\"ImageObject\",\"inLanguage\":\"es\",\"@id\":\"https:\/\/wpguerssen-test.odoo.rgbconsulting.com\/es\/#\/schema\/logo\/image\/\",\"url\":\"https:\/\/wpguerssen-test.odoo.rgbconsulting.com\/wp-content\/uploads\/2022\/04\/Logo_Guerssen_trans_100.png\",\"contentUrl\":\"https:\/\/wpguerssen-test.odoo.rgbconsulting.com\/wp-content\/uploads\/2022\/04\/Logo_Guerssen_trans_100.png\",\"width\":122,\"height\":100,\"caption\":\"Guerssen records\"},\"image\":{\"@id\":\"https:\/\/wpguerssen-test.odoo.rgbconsulting.com\/es\/#\/schema\/logo\/image\/\"}}]}<\/script>\n<!-- \/ Yoast SEO plugin. -->","yoast_head_json":{"title":"VARIOUS ARTISTS - Garage Beat In Florence. The Complete 1966 Singles -  (2LP) | Guerssen","description":"For the first time on double vinyl - and 20 years after its first release on cd - here we have the compilation 'Garage Beat in Florence', basically a snapshot of Florence 1966 'beat phenomena'. All the tracks were recorded at 'Studio Due' for the NET label and originally enclosed with the magazine 'Nuova Enigmistica Tascabile'. Plus - as bonus tracks - a nice selection from the Ginco Records label, including previously unreleased acetate ! The double vinyl contains 28 tracks, pictures, memorabilia and also the history of 'Studio Due' and its innovative recording techniques, which became an integral part of NET's fame among collectors and lovers of Beat sounds. The activity of 'Studio Due' was unfortunately abruptly interrupted by the Florence flood of the 4th November of 1966. RIYL : Pebbles, Highs In The Mid Sixties, Nuggets.Tracklist:Side A l TELSTARS * She Waits The Happiness 2 TELSTARS * Why My Girl 3 DANNY * Everything 4 TELSTARS * Solo Me 5 DANNY * Somebody Else 6 BILLY & I CANI FEDELI * Lei Ama Me 7 DANNY * In The MorningSide B 1 SPETTRI * Non Mi Lascerai 2 TELSTARS * l'm Feeling Love 3 SPETTRI * Non Eri Per Me 4 FACCE DI BRONZO * E' Inutile 5 FACCE DI BRONZO * All Right 6 TREMENDI * Where's My Baby 7 TREMENDI * Together We're StrongSide C 1 TELSTARS * Tu Sei Lontana 2 SPETTRI * Come Farei 3 TREMENDI * I Knew l'd Get You 4 TREMENDI * If You Don't Come Around 5 DANNY * We Could Be Happy*6 DANNY * That's Alright* 7 NOI TRE * Se Tu Non Ci Sei*Side D 1 NOI TRE * Distruggimi* 2 DANNY * II Tempo Sopra Noi* 3 FELLOWS * Per Chi Non Conosce La Libert\u00e0 4 FELLOWS * La Mia Strada 5 NOI TRE * Un Posto Dove 6 NOI TRE * Non Piangete Io Son Contento 7 NOI TRE * Outside (live 1966)** previously unreleased","robots":{"index":"index","follow":"follow","max-snippet":"max-snippet:-1","max-image-preview":"max-image-preview:large","max-video-preview":"max-video-preview:-1"},"canonical":"https:\/\/wpguerssen-test.odoo.rgbconsulting.com\/es\/producto\/garage-beat-in-florence-the-complete-1966-singles\/","og_locale":"es_ES","og_type":"article","og_title":"VARIOUS ARTISTS - Garage Beat In Florence. The Complete 1966 Singles -  (2LP) | Guerssen","og_description":"For the first time on double vinyl - and 20 years after its first release on cd - here we have the compilation 'Garage Beat in Florence', basically a snapshot of Florence 1966 'beat phenomena'. All the tracks were recorded at 'Studio Due' for the NET label and originally enclosed with the magazine 'Nuova Enigmistica Tascabile'. Plus - as bonus tracks - a nice selection from the Ginco Records label, including previously unreleased acetate ! The double vinyl contains 28 tracks, pictures, memorabilia and also the history of 'Studio Due' and its innovative recording techniques, which became an integral part of NET's fame among collectors and lovers of Beat sounds. The activity of 'Studio Due' was unfortunately abruptly interrupted by the Florence flood of the 4th November of 1966. RIYL : Pebbles, Highs In The Mid Sixties, Nuggets.Tracklist:Side A l TELSTARS * She Waits The Happiness 2 TELSTARS * Why My Girl 3 DANNY * Everything 4 TELSTARS * Solo Me 5 DANNY * Somebody Else 6 BILLY & I CANI FEDELI * Lei Ama Me 7 DANNY * In The MorningSide B 1 SPETTRI * Non Mi Lascerai 2 TELSTARS * l'm Feeling Love 3 SPETTRI * Non Eri Per Me 4 FACCE DI BRONZO * E' Inutile 5 FACCE DI BRONZO * All Right 6 TREMENDI * Where's My Baby 7 TREMENDI * Together We're StrongSide C 1 TELSTARS * Tu Sei Lontana 2 SPETTRI * Come Farei 3 TREMENDI * I Knew l'd Get You 4 TREMENDI * If You Don't Come Around 5 DANNY * We Could Be Happy*6 DANNY * That's Alright* 7 NOI TRE * Se Tu Non Ci Sei*Side D 1 NOI TRE * Distruggimi* 2 DANNY * II Tempo Sopra Noi* 3 FELLOWS * Per Chi Non Conosce La Libert\u00e0 4 FELLOWS * La Mia Strada 5 NOI TRE * Un Posto Dove 6 NOI TRE * Non Piangete Io Son Contento 7 NOI TRE * Outside (live 1966)** previously unreleased","og_url":"https:\/\/wpguerssen-test.odoo.rgbconsulting.com\/es\/producto\/garage-beat-in-florence-the-complete-1966-singles\/","og_site_name":"Guerssen records","article_modified_time":"2025-03-26T15:54:14+00:00","og_image":[{"width":1181,"height":1184,"url":"https:\/\/wpguerssen-test.odoo.rgbconsulting.com\/wp-content\/uploads\/2024\/01\/46491.jpg","type":"image\/jpeg"}],"twitter_card":"summary_large_image","twitter_title":"VARIOUS ARTISTS - Garage Beat In Florence. The Complete 1966 Singles -  (2LP) | Guerssen","twitter_misc":{"Tiempo de lectura":"1 minuto"},"schema":{"@context":"https:\/\/schema.org","@graph":[{"@type":"WebPage","@id":"https:\/\/wpguerssen-test.odoo.rgbconsulting.com\/es\/producto\/garage-beat-in-florence-the-complete-1966-singles\/","url":"https:\/\/wpguerssen-test.odoo.rgbconsulting.com\/es\/producto\/garage-beat-in-florence-the-complete-1966-singles\/","name":"VARIOUS ARTISTS - Garage Beat In Florence. The Complete 1966 Singles - (2LP) | Guerssen","isPartOf":{"@id":"https:\/\/wpguerssen-test.odoo.rgbconsulting.com\/es\/#website"},"primaryImageOfPage":{"@id":"https:\/\/wpguerssen-test.odoo.rgbconsulting.com\/es\/producto\/garage-beat-in-florence-the-complete-1966-singles\/#primaryimage"},"image":{"@id":"https:\/\/wpguerssen-test.odoo.rgbconsulting.com\/es\/producto\/garage-beat-in-florence-the-complete-1966-singles\/#primaryimage"},"thumbnailUrl":"https:\/\/wpguerssen-test.odoo.rgbconsulting.com\/wp-content\/uploads\/2024\/01\/46491.jpg","datePublished":"2024-03-17T23:00:00+00:00","dateModified":"2025-03-26T15:54:14+00:00","description":"For the first time on double vinyl - and 20 years after its first release on cd - here we have the compilation 'Garage Beat in Florence', basically a snapshot of Florence 1966 'beat phenomena'. All the tracks were recorded at 'Studio Due' for the NET label and originally enclosed with the magazine 'Nuova Enigmistica Tascabile'. Plus - as bonus tracks - a nice selection from the Ginco Records label, including previously unreleased acetate ! The double vinyl contains 28 tracks, pictures, memorabilia and also the history of 'Studio Due' and its innovative recording techniques, which became an integral part of NET's fame among collectors and lovers of Beat sounds. The activity of 'Studio Due' was unfortunately abruptly interrupted by the Florence flood of the 4th November of 1966. RIYL : Pebbles, Highs In The Mid Sixties, Nuggets.Tracklist:Side A l TELSTARS * She Waits The Happiness 2 TELSTARS * Why My Girl 3 DANNY * Everything 4 TELSTARS * Solo Me 5 DANNY * Somebody Else 6 BILLY & I CANI FEDELI * Lei Ama Me 7 DANNY * In The MorningSide B 1 SPETTRI * Non Mi Lascerai 2 TELSTARS * l'm Feeling Love 3 SPETTRI * Non Eri Per Me 4 FACCE DI BRONZO * E' Inutile 5 FACCE DI BRONZO * All Right 6 TREMENDI * Where's My Baby 7 TREMENDI * Together We're StrongSide C 1 TELSTARS * Tu Sei Lontana 2 SPETTRI * Come Farei 3 TREMENDI * I Knew l'd Get You 4 TREMENDI * If You Don't Come Around 5 DANNY * We Could Be Happy*6 DANNY * That's Alright* 7 NOI TRE * Se Tu Non Ci Sei*Side D 1 NOI TRE * Distruggimi* 2 DANNY * II Tempo Sopra Noi* 3 FELLOWS * Per Chi Non Conosce La Libert\u00e0 4 FELLOWS * La Mia Strada 5 NOI TRE * Un Posto Dove 6 NOI TRE * Non Piangete Io Son Contento 7 NOI TRE * Outside (live 1966)** previously unreleased","breadcrumb":{"@id":"https:\/\/wpguerssen-test.odoo.rgbconsulting.com\/es\/producto\/garage-beat-in-florence-the-complete-1966-singles\/#breadcrumb"},"inLanguage":"es","potentialAction":[{"@type":"ReadAction","target":["https:\/\/wpguerssen-test.odoo.rgbconsulting.com\/es\/producto\/garage-beat-in-florence-the-complete-1966-singles\/"]}]},{"@type":"ImageObject","inLanguage":"es","@id":"https:\/\/wpguerssen-test.odoo.rgbconsulting.com\/es\/producto\/garage-beat-in-florence-the-complete-1966-singles\/#primaryimage","url":"https:\/\/wpguerssen-test.odoo.rgbconsulting.com\/wp-content\/uploads\/2024\/01\/46491.jpg","contentUrl":"https:\/\/wpguerssen-test.odoo.rgbconsulting.com\/wp-content\/uploads\/2024\/01\/46491.jpg","width":1181,"height":1184},{"@type":"BreadcrumbList","@id":"https:\/\/wpguerssen-test.odoo.rgbconsulting.com\/es\/producto\/garage-beat-in-florence-the-complete-1966-singles\/#breadcrumb","itemListElement":[{"@type":"ListItem","position":1,"name":"Inicio","item":"https:\/\/wpguerssen-test.odoo.rgbconsulting.com\/es\/"},{"@type":"ListItem","position":2,"name":"Shop","item":"https:\/\/wpguerssen-test.odoo.rgbconsulting.com\/shop\/"},{"@type":"ListItem","position":3,"name":"Garage Beat In Florence. The Complete 1966 Singles"}]},{"@type":"WebSite","@id":"https:\/\/wpguerssen-test.odoo.rgbconsulting.com\/es\/#website","url":"https:\/\/wpguerssen-test.odoo.rgbconsulting.com\/es\/","name":"Guerssen records","description":"psychedelia - progressive - folk - garage ","publisher":{"@id":"https:\/\/wpguerssen-test.odoo.rgbconsulting.com\/es\/#organization"},"potentialAction":[{"@type":"SearchAction","target":{"@type":"EntryPoint","urlTemplate":"https:\/\/wpguerssen-test.odoo.rgbconsulting.com\/es\/?s={search_term_string}"},"query-input":{"@type":"PropertyValueSpecification","valueRequired":true,"valueName":"search_term_string"}}],"inLanguage":"es"},{"@type":"Organization","@id":"https:\/\/wpguerssen-test.odoo.rgbconsulting.com\/es\/#organization","name":"Guerssen records","url":"https:\/\/wpguerssen-test.odoo.rgbconsulting.com\/es\/","logo":{"@type":"ImageObject","inLanguage":"es","@id":"https:\/\/wpguerssen-test.odoo.rgbconsulting.com\/es\/#\/schema\/logo\/image\/","url":"https:\/\/wpguerssen-test.odoo.rgbconsulting.com\/wp-content\/uploads\/2022\/04\/Logo_Guerssen_trans_100.png","contentUrl":"https:\/\/wpguerssen-test.odoo.rgbconsulting.com\/wp-content\/uploads\/2022\/04\/Logo_Guerssen_trans_100.png","width":122,"height":100,"caption":"Guerssen records"},"image":{"@id":"https:\/\/wpguerssen-test.odoo.rgbconsulting.com\/es\/#\/schema\/logo\/image\/"}}]}},"_links":{"self":[{"href":"https:\/\/wpguerssen-test.odoo.rgbconsulting.com\/es\/wp-json\/wp\/v2\/product\/248859","targetHints":{"allow":["GET"]}}],"collection":[{"href":"https:\/\/wpguerssen-test.odoo.rgbconsulting.com\/es\/wp-json\/wp\/v2\/product"}],"about":[{"href":"https:\/\/wpguerssen-test.odoo.rgbconsulting.com\/es\/wp-json\/wp\/v2\/types\/product"}],"wp:featuredmedia":[{"embeddable":true,"href":"https:\/\/wpguerssen-test.odoo.rgbconsulting.com\/es\/wp-json\/wp\/v2\/media\/248744"}],"wp:attachment":[{"href":"https:\/\/wpguerssen-test.odoo.rgbconsulting.com\/es\/wp-json\/wp\/v2\/media?parent=248859"}],"wp:term":[{"taxonomy":"product_brand","embeddable":true,"href":"https:\/\/wpguerssen-test.odoo.rgbconsulting.com\/es\/wp-json\/wp\/v2\/product_brand?post=248859"},{"taxonomy":"product_cat","embeddable":true,"href":"https:\/\/wpguerssen-test.odoo.rgbconsulting.com\/es\/wp-json\/wp\/v2\/product_cat?post=248859"},{"taxonomy":"product_tag","embeddable":true,"href":"https:\/\/wpguerssen-test.odoo.rgbconsulting.com\/es\/wp-json\/wp\/v2\/product_tag?post=248859"}],"curies":[{"name":"wp","href":"https:\/\/api.w.org\/{rel}","templated":true}]}}