{"id":248886,"date":"2024-06-14T00:00:00","date_gmt":"2024-06-13T22:00:00","guid":{"rendered":"https:\/\/wpguerssen-test.odoo.rgbconsulting.com\/product\/kiosque-dorphee\/"},"modified":"2024-10-29T16:45:52","modified_gmt":"2024-10-29T15:45:52","slug":"kiosque-dorphee","status":"publish","type":"product","link":"https:\/\/wpguerssen-test.odoo.rgbconsulting.com\/es\/producto\/kiosque-dorphee\/","title":{"rendered":"Kiosque D&#8217;Orph\u00e9e"},"content":{"rendered":"<p>&#8216;UNE EPOPEE DE L&#8217;AUTOPRODUCTION EN FRANCE &#8211; 1973\/1991&#8217; &#8211; El equivalente franc\u00e9s del \u00abDerby Service\u00bb ingl\u00e9s, el Kiosque d&#8217;Orph\u00e9e, fue adquirido por Georges Batard en 1967 y permaneci\u00f3 en servicio hasta 1991. Georges Batard fue un ingeniero de sonido que utiliz\u00f3 una grabadora de tubo Neumann para grabar acetatos de las cintas que recib\u00eda, antes de imprimir los preciosos vinilos, donde pudo producir tiradas muy peque\u00f1as, de entre 50 y 500 copias. Lo que tienen en com\u00fan la mayor\u00eda de estos discos es el anonimato de los artistas. La mayor\u00eda de ellas eran producciones amateurs, tanto por el nivel de los m\u00fasicos como por la calidad de las grabaciones, realizadas en una mesa de cinta de dos pistas o, el m\u00e1ximo lujo, en una grabadora de cuatro pistas. Este 3LP presenta una colecci\u00f3n de canciones del per\u00edodo 1973-1991.<br \/>TRACKS: 01. Mar Vista &#8211; Her Eyes Are Closed 02. K\u00ebnnlisch &#8211; K\u00ebnnlisch 03. Crystal Eyes &#8211; Crystalzed 04. Walrus &#8211; Girl Like You 05. G\u00e9rard Alfonsi &#8211; Fana Stickle 06. Geoffroy &#8211; Viking 07. Amphyrite &#8211; Symphonie Pour 3 Oeufs Brouill\u00e9s 08. Eole &#8211; Friendship 09. Capucine &#8211; Les El\u00e9phants 10. Rictus &#8211; Flashes 11. Inscir Transit Express &#8211; Cipangu 12. Polaris &#8211; Palaris 13. Jo\u00ebl Boutolleau &#8211; Force 14. Spotch Forcey &#8211; Frustr\u00e9 15. Demon &#038; Wizard &#8211; Black Witch 16. Temple Sun &#8211; Voyage Sans Retour 17. Chantal Weber &#8211; Ballade Aux Ch\u00e2taignes Tomb\u00e9es 18. Jean Claude Zemour &#8211; X kmh 19. Rhodes &#038; Co- Baoum 20. Guidon, Edmond et Clafoutis &#8211; Stormy Sunday 21. Dominique A &#8211; Silence Entre Nos Larmes 22. Didier Bocquet &#8211; Le Chemin Du Silence Part 2 23. Alain Meunier &#8211; Les Epaves (edit)<\/p>\n","protected":false},"excerpt":{"rendered":"<p>&#8216;UNE EPOPEE DE L&#8217;AUTOPRODUCTION EN FRANCE &#8211; 1973\/1991&#8217; &#8211; El equivalente franc\u00e9s del \u00abDerby Service\u00bb ingl\u00e9s, el Kiosque d&#8217;Orph\u00e9e,<a class=\"read\" href=\"https:\/\/wpguerssen-test.odoo.rgbconsulting.com\/es\/producto\/kiosque-dorphee\/\"> (...)<\/a>","protected":false},"featured_media":248777,"template":"","meta":{"_acf_changed":false},"product_brand":[],"product_cat":[21639,21677],"product_tag":[],"class_list":{"0":"post-248886","1":"product","2":"type-product","3":"status-publish","4":"has-post-thumbnail","6":"product_cat-psychedelic60s-70s-es","7":"product_cat-progressive80s-90s-es","8":"pa_artist-various-artists-es","9":"pa_format-3lp-es","10":"pa_gender-psychedelic60s-70s-progressive80s-90s","11":"pa_label-born-bad","12":"pa_location-europe-es","13":"pa_other-filters-vinyl-only-es","15":"first","16":"instock","17":"taxable","18":"shipping-taxable","19":"purchasable","20":"product-type-simple"},"acf":[],"yoast_head":"<!-- This site is optimized with the Yoast SEO plugin v24.9 - https:\/\/yoast.com\/wordpress\/plugins\/seo\/ -->\n<title>VARIOUS ARTISTS - Kiosque D&#039;Orph\u00e9e -  (3LP) | Guerssen<\/title>\n<meta name=\"description\" content=\"&#039;UNE EPOPEE DE L&#039;AUTOPRODUCTION EN FRANCE - 1973\/1991&#039; - The French equivalent of the English &quot;Derby Service&quot;, the Kiosque d&#039;Orph\u00e9e, was taken over by Georges Batard in 1967 and it remained in service until 1991. Georges Batard was a sound engineer who used a Neumann tube engraver to engrave acetates from the tapes he received, before printing the precious vinyls, where he was able to produce very small runs of between 50 and 500 copies. What most of these records have in common is the anonymity of the artists. Most of them were amateur productions, both in terms of the level of the musicians and the quality of the recordings, made on a two-track tape desk or, the ultimate luxury, a 4-track tape recorder. This 3LP features a collection of songs from the period 1973-1991.TRACKS: 01. Mar Vista - Her Eyes Are Closed 02. K\u00ebnnlisch - K\u00ebnnlisch 03. Crystal Eyes - Crystalzed 04. Walrus - Girl Like You 05. G\u00e9rard Alfonsi - Fana Stickle 06. Geoffroy - Viking 07. Amphyrite - Symphonie Pour 3 Oeufs Brouill\u00e9s 08. Eole - Friendship 09. Capucine - Les El\u00e9phants 10. Rictus - Flashes 11. Inscir Transit Express - Cipangu 12. Polaris - Palaris 13. Jo\u00ebl Boutolleau - Force 14. Spotch Forcey - Frustr\u00e9 15. Demon &amp; Wizard - Black Witch 16. Temple Sun - Voyage Sans Retour 17. Chantal Weber - Ballade Aux Ch\u00e2taignes Tomb\u00e9es 18. Jean Claude Zemour - X kmh 19. Rhodes &amp; Co- Baoum 20. Guidon, Edmond et Clafoutis - Stormy Sunday 21. Dominique A - Silence Entre Nos Larmes 22. Didier Bocquet - Le Chemin Du Silence Part 2 23. Alain Meunier - Les Epaves (edit)\" \/>\n<meta name=\"robots\" content=\"index, follow, max-snippet:-1, max-image-preview:large, max-video-preview:-1\" \/>\n<link rel=\"canonical\" href=\"https:\/\/wpguerssen-test.odoo.rgbconsulting.com\/es\/producto\/kiosque-dorphee\/\" \/>\n<meta property=\"og:locale\" content=\"es_ES\" \/>\n<meta property=\"og:type\" content=\"article\" \/>\n<meta property=\"og:title\" content=\"VARIOUS ARTISTS - Kiosque D&#039;Orph\u00e9e -  (3LP) | Guerssen\" \/>\n<meta property=\"og:description\" content=\"&#039;UNE EPOPEE DE L&#039;AUTOPRODUCTION EN FRANCE - 1973\/1991&#039; - The French equivalent of the English &quot;Derby Service&quot;, the Kiosque d&#039;Orph\u00e9e, was taken over by Georges Batard in 1967 and it remained in service until 1991. Georges Batard was a sound engineer who used a Neumann tube engraver to engrave acetates from the tapes he received, before printing the precious vinyls, where he was able to produce very small runs of between 50 and 500 copies. What most of these records have in common is the anonymity of the artists. Most of them were amateur productions, both in terms of the level of the musicians and the quality of the recordings, made on a two-track tape desk or, the ultimate luxury, a 4-track tape recorder. This 3LP features a collection of songs from the period 1973-1991.TRACKS: 01. Mar Vista - Her Eyes Are Closed 02. K\u00ebnnlisch - K\u00ebnnlisch 03. Crystal Eyes - Crystalzed 04. Walrus - Girl Like You 05. G\u00e9rard Alfonsi - Fana Stickle 06. Geoffroy - Viking 07. Amphyrite - Symphonie Pour 3 Oeufs Brouill\u00e9s 08. Eole - Friendship 09. Capucine - Les El\u00e9phants 10. Rictus - Flashes 11. Inscir Transit Express - Cipangu 12. Polaris - Palaris 13. Jo\u00ebl Boutolleau - Force 14. Spotch Forcey - Frustr\u00e9 15. Demon &amp; Wizard - Black Witch 16. Temple Sun - Voyage Sans Retour 17. Chantal Weber - Ballade Aux Ch\u00e2taignes Tomb\u00e9es 18. Jean Claude Zemour - X kmh 19. Rhodes &amp; Co- Baoum 20. Guidon, Edmond et Clafoutis - Stormy Sunday 21. Dominique A - Silence Entre Nos Larmes 22. Didier Bocquet - Le Chemin Du Silence Part 2 23. Alain Meunier - Les Epaves (edit)\" \/>\n<meta property=\"og:url\" content=\"https:\/\/wpguerssen-test.odoo.rgbconsulting.com\/es\/producto\/kiosque-dorphee\/\" \/>\n<meta property=\"og:site_name\" content=\"Guerssen records\" \/>\n<meta property=\"article:modified_time\" content=\"2024-10-29T15:45:52+00:00\" \/>\n<meta property=\"og:image\" content=\"https:\/\/wpguerssen-test.odoo.rgbconsulting.com\/wp-content\/uploads\/2024\/01\/46519.jpg\" \/>\n\t<meta property=\"og:image:width\" content=\"480\" \/>\n\t<meta property=\"og:image:height\" content=\"483\" \/>\n\t<meta property=\"og:image:type\" content=\"image\/jpeg\" \/>\n<meta name=\"twitter:card\" content=\"summary_large_image\" \/>\n<meta name=\"twitter:title\" content=\"VARIOUS ARTISTS - Kiosque D&#039;Orph\u00e9e -  (3LP) | Guerssen\" \/>\n<meta name=\"twitter:label1\" content=\"Tiempo de lectura\" \/>\n\t<meta name=\"twitter:data1\" content=\"1 minuto\" \/>\n<script type=\"application\/ld+json\" class=\"yoast-schema-graph\">{\"@context\":\"https:\/\/schema.org\",\"@graph\":[{\"@type\":\"WebPage\",\"@id\":\"https:\/\/wpguerssen-test.odoo.rgbconsulting.com\/es\/producto\/kiosque-dorphee\/\",\"url\":\"https:\/\/wpguerssen-test.odoo.rgbconsulting.com\/es\/producto\/kiosque-dorphee\/\",\"name\":\"VARIOUS ARTISTS - Kiosque D'Orph\u00e9e - (3LP) | Guerssen\",\"isPartOf\":{\"@id\":\"https:\/\/wpguerssen-test.odoo.rgbconsulting.com\/es\/#website\"},\"primaryImageOfPage\":{\"@id\":\"https:\/\/wpguerssen-test.odoo.rgbconsulting.com\/es\/producto\/kiosque-dorphee\/#primaryimage\"},\"image\":{\"@id\":\"https:\/\/wpguerssen-test.odoo.rgbconsulting.com\/es\/producto\/kiosque-dorphee\/#primaryimage\"},\"thumbnailUrl\":\"https:\/\/wpguerssen-test.odoo.rgbconsulting.com\/wp-content\/uploads\/2024\/01\/46519.jpg\",\"datePublished\":\"2024-06-13T22:00:00+00:00\",\"dateModified\":\"2024-10-29T15:45:52+00:00\",\"description\":\"'UNE EPOPEE DE L'AUTOPRODUCTION EN FRANCE - 1973\/1991' - The French equivalent of the English \\\"Derby Service\\\", the Kiosque d'Orph\u00e9e, was taken over by Georges Batard in 1967 and it remained in service until 1991. Georges Batard was a sound engineer who used a Neumann tube engraver to engrave acetates from the tapes he received, before printing the precious vinyls, where he was able to produce very small runs of between 50 and 500 copies. What most of these records have in common is the anonymity of the artists. Most of them were amateur productions, both in terms of the level of the musicians and the quality of the recordings, made on a two-track tape desk or, the ultimate luxury, a 4-track tape recorder. This 3LP features a collection of songs from the period 1973-1991.TRACKS: 01. Mar Vista - Her Eyes Are Closed 02. K\u00ebnnlisch - K\u00ebnnlisch 03. Crystal Eyes - Crystalzed 04. Walrus - Girl Like You 05. G\u00e9rard Alfonsi - Fana Stickle 06. Geoffroy - Viking 07. Amphyrite - Symphonie Pour 3 Oeufs Brouill\u00e9s 08. Eole - Friendship 09. Capucine - Les El\u00e9phants 10. Rictus - Flashes 11. Inscir Transit Express - Cipangu 12. Polaris - Palaris 13. Jo\u00ebl Boutolleau - Force 14. Spotch Forcey - Frustr\u00e9 15. Demon & Wizard - Black Witch 16. Temple Sun - Voyage Sans Retour 17. Chantal Weber - Ballade Aux Ch\u00e2taignes Tomb\u00e9es 18. Jean Claude Zemour - X kmh 19. Rhodes & Co- Baoum 20. Guidon, Edmond et Clafoutis - Stormy Sunday 21. Dominique A - Silence Entre Nos Larmes 22. Didier Bocquet - Le Chemin Du Silence Part 2 23. Alain Meunier - Les Epaves (edit)\",\"breadcrumb\":{\"@id\":\"https:\/\/wpguerssen-test.odoo.rgbconsulting.com\/es\/producto\/kiosque-dorphee\/#breadcrumb\"},\"inLanguage\":\"es\",\"potentialAction\":[{\"@type\":\"ReadAction\",\"target\":[\"https:\/\/wpguerssen-test.odoo.rgbconsulting.com\/es\/producto\/kiosque-dorphee\/\"]}]},{\"@type\":\"ImageObject\",\"inLanguage\":\"es\",\"@id\":\"https:\/\/wpguerssen-test.odoo.rgbconsulting.com\/es\/producto\/kiosque-dorphee\/#primaryimage\",\"url\":\"https:\/\/wpguerssen-test.odoo.rgbconsulting.com\/wp-content\/uploads\/2024\/01\/46519.jpg\",\"contentUrl\":\"https:\/\/wpguerssen-test.odoo.rgbconsulting.com\/wp-content\/uploads\/2024\/01\/46519.jpg\",\"width\":480,\"height\":483},{\"@type\":\"BreadcrumbList\",\"@id\":\"https:\/\/wpguerssen-test.odoo.rgbconsulting.com\/es\/producto\/kiosque-dorphee\/#breadcrumb\",\"itemListElement\":[{\"@type\":\"ListItem\",\"position\":1,\"name\":\"Inicio\",\"item\":\"https:\/\/wpguerssen-test.odoo.rgbconsulting.com\/es\/\"},{\"@type\":\"ListItem\",\"position\":2,\"name\":\"Shop\",\"item\":\"https:\/\/wpguerssen-test.odoo.rgbconsulting.com\/shop\/\"},{\"@type\":\"ListItem\",\"position\":3,\"name\":\"Kiosque D&#8217;Orph\u00e9e\"}]},{\"@type\":\"WebSite\",\"@id\":\"https:\/\/wpguerssen-test.odoo.rgbconsulting.com\/es\/#website\",\"url\":\"https:\/\/wpguerssen-test.odoo.rgbconsulting.com\/es\/\",\"name\":\"Guerssen records\",\"description\":\"psychedelia - progressive - folk - garage \",\"publisher\":{\"@id\":\"https:\/\/wpguerssen-test.odoo.rgbconsulting.com\/es\/#organization\"},\"potentialAction\":[{\"@type\":\"SearchAction\",\"target\":{\"@type\":\"EntryPoint\",\"urlTemplate\":\"https:\/\/wpguerssen-test.odoo.rgbconsulting.com\/es\/?s={search_term_string}\"},\"query-input\":{\"@type\":\"PropertyValueSpecification\",\"valueRequired\":true,\"valueName\":\"search_term_string\"}}],\"inLanguage\":\"es\"},{\"@type\":\"Organization\",\"@id\":\"https:\/\/wpguerssen-test.odoo.rgbconsulting.com\/es\/#organization\",\"name\":\"Guerssen records\",\"url\":\"https:\/\/wpguerssen-test.odoo.rgbconsulting.com\/es\/\",\"logo\":{\"@type\":\"ImageObject\",\"inLanguage\":\"es\",\"@id\":\"https:\/\/wpguerssen-test.odoo.rgbconsulting.com\/es\/#\/schema\/logo\/image\/\",\"url\":\"https:\/\/wpguerssen-test.odoo.rgbconsulting.com\/wp-content\/uploads\/2022\/04\/Logo_Guerssen_trans_100.png\",\"contentUrl\":\"https:\/\/wpguerssen-test.odoo.rgbconsulting.com\/wp-content\/uploads\/2022\/04\/Logo_Guerssen_trans_100.png\",\"width\":122,\"height\":100,\"caption\":\"Guerssen records\"},\"image\":{\"@id\":\"https:\/\/wpguerssen-test.odoo.rgbconsulting.com\/es\/#\/schema\/logo\/image\/\"}}]}<\/script>\n<!-- \/ Yoast SEO plugin. -->","yoast_head_json":{"title":"VARIOUS ARTISTS - Kiosque D'Orph\u00e9e -  (3LP) | Guerssen","description":"'UNE EPOPEE DE L'AUTOPRODUCTION EN FRANCE - 1973\/1991' - The French equivalent of the English \"Derby Service\", the Kiosque d'Orph\u00e9e, was taken over by Georges Batard in 1967 and it remained in service until 1991. Georges Batard was a sound engineer who used a Neumann tube engraver to engrave acetates from the tapes he received, before printing the precious vinyls, where he was able to produce very small runs of between 50 and 500 copies. What most of these records have in common is the anonymity of the artists. Most of them were amateur productions, both in terms of the level of the musicians and the quality of the recordings, made on a two-track tape desk or, the ultimate luxury, a 4-track tape recorder. This 3LP features a collection of songs from the period 1973-1991.TRACKS: 01. Mar Vista - Her Eyes Are Closed 02. K\u00ebnnlisch - K\u00ebnnlisch 03. Crystal Eyes - Crystalzed 04. Walrus - Girl Like You 05. G\u00e9rard Alfonsi - Fana Stickle 06. Geoffroy - Viking 07. Amphyrite - Symphonie Pour 3 Oeufs Brouill\u00e9s 08. Eole - Friendship 09. Capucine - Les El\u00e9phants 10. Rictus - Flashes 11. Inscir Transit Express - Cipangu 12. Polaris - Palaris 13. Jo\u00ebl Boutolleau - Force 14. Spotch Forcey - Frustr\u00e9 15. Demon & Wizard - Black Witch 16. Temple Sun - Voyage Sans Retour 17. Chantal Weber - Ballade Aux Ch\u00e2taignes Tomb\u00e9es 18. Jean Claude Zemour - X kmh 19. Rhodes & Co- Baoum 20. Guidon, Edmond et Clafoutis - Stormy Sunday 21. Dominique A - Silence Entre Nos Larmes 22. Didier Bocquet - Le Chemin Du Silence Part 2 23. Alain Meunier - Les Epaves (edit)","robots":{"index":"index","follow":"follow","max-snippet":"max-snippet:-1","max-image-preview":"max-image-preview:large","max-video-preview":"max-video-preview:-1"},"canonical":"https:\/\/wpguerssen-test.odoo.rgbconsulting.com\/es\/producto\/kiosque-dorphee\/","og_locale":"es_ES","og_type":"article","og_title":"VARIOUS ARTISTS - Kiosque D'Orph\u00e9e -  (3LP) | Guerssen","og_description":"'UNE EPOPEE DE L'AUTOPRODUCTION EN FRANCE - 1973\/1991' - The French equivalent of the English \"Derby Service\", the Kiosque d'Orph\u00e9e, was taken over by Georges Batard in 1967 and it remained in service until 1991. Georges Batard was a sound engineer who used a Neumann tube engraver to engrave acetates from the tapes he received, before printing the precious vinyls, where he was able to produce very small runs of between 50 and 500 copies. What most of these records have in common is the anonymity of the artists. Most of them were amateur productions, both in terms of the level of the musicians and the quality of the recordings, made on a two-track tape desk or, the ultimate luxury, a 4-track tape recorder. This 3LP features a collection of songs from the period 1973-1991.TRACKS: 01. Mar Vista - Her Eyes Are Closed 02. K\u00ebnnlisch - K\u00ebnnlisch 03. Crystal Eyes - Crystalzed 04. Walrus - Girl Like You 05. G\u00e9rard Alfonsi - Fana Stickle 06. Geoffroy - Viking 07. Amphyrite - Symphonie Pour 3 Oeufs Brouill\u00e9s 08. Eole - Friendship 09. Capucine - Les El\u00e9phants 10. Rictus - Flashes 11. Inscir Transit Express - Cipangu 12. Polaris - Palaris 13. Jo\u00ebl Boutolleau - Force 14. Spotch Forcey - Frustr\u00e9 15. Demon & Wizard - Black Witch 16. Temple Sun - Voyage Sans Retour 17. Chantal Weber - Ballade Aux Ch\u00e2taignes Tomb\u00e9es 18. Jean Claude Zemour - X kmh 19. Rhodes & Co- Baoum 20. Guidon, Edmond et Clafoutis - Stormy Sunday 21. Dominique A - Silence Entre Nos Larmes 22. Didier Bocquet - Le Chemin Du Silence Part 2 23. Alain Meunier - Les Epaves (edit)","og_url":"https:\/\/wpguerssen-test.odoo.rgbconsulting.com\/es\/producto\/kiosque-dorphee\/","og_site_name":"Guerssen records","article_modified_time":"2024-10-29T15:45:52+00:00","og_image":[{"width":480,"height":483,"url":"https:\/\/wpguerssen-test.odoo.rgbconsulting.com\/wp-content\/uploads\/2024\/01\/46519.jpg","type":"image\/jpeg"}],"twitter_card":"summary_large_image","twitter_title":"VARIOUS ARTISTS - Kiosque D'Orph\u00e9e -  (3LP) | Guerssen","twitter_misc":{"Tiempo de lectura":"1 minuto"},"schema":{"@context":"https:\/\/schema.org","@graph":[{"@type":"WebPage","@id":"https:\/\/wpguerssen-test.odoo.rgbconsulting.com\/es\/producto\/kiosque-dorphee\/","url":"https:\/\/wpguerssen-test.odoo.rgbconsulting.com\/es\/producto\/kiosque-dorphee\/","name":"VARIOUS ARTISTS - Kiosque D'Orph\u00e9e - (3LP) | Guerssen","isPartOf":{"@id":"https:\/\/wpguerssen-test.odoo.rgbconsulting.com\/es\/#website"},"primaryImageOfPage":{"@id":"https:\/\/wpguerssen-test.odoo.rgbconsulting.com\/es\/producto\/kiosque-dorphee\/#primaryimage"},"image":{"@id":"https:\/\/wpguerssen-test.odoo.rgbconsulting.com\/es\/producto\/kiosque-dorphee\/#primaryimage"},"thumbnailUrl":"https:\/\/wpguerssen-test.odoo.rgbconsulting.com\/wp-content\/uploads\/2024\/01\/46519.jpg","datePublished":"2024-06-13T22:00:00+00:00","dateModified":"2024-10-29T15:45:52+00:00","description":"'UNE EPOPEE DE L'AUTOPRODUCTION EN FRANCE - 1973\/1991' - The French equivalent of the English \"Derby Service\", the Kiosque d'Orph\u00e9e, was taken over by Georges Batard in 1967 and it remained in service until 1991. Georges Batard was a sound engineer who used a Neumann tube engraver to engrave acetates from the tapes he received, before printing the precious vinyls, where he was able to produce very small runs of between 50 and 500 copies. What most of these records have in common is the anonymity of the artists. Most of them were amateur productions, both in terms of the level of the musicians and the quality of the recordings, made on a two-track tape desk or, the ultimate luxury, a 4-track tape recorder. This 3LP features a collection of songs from the period 1973-1991.TRACKS: 01. Mar Vista - Her Eyes Are Closed 02. K\u00ebnnlisch - K\u00ebnnlisch 03. Crystal Eyes - Crystalzed 04. Walrus - Girl Like You 05. G\u00e9rard Alfonsi - Fana Stickle 06. Geoffroy - Viking 07. Amphyrite - Symphonie Pour 3 Oeufs Brouill\u00e9s 08. Eole - Friendship 09. Capucine - Les El\u00e9phants 10. Rictus - Flashes 11. Inscir Transit Express - Cipangu 12. Polaris - Palaris 13. Jo\u00ebl Boutolleau - Force 14. Spotch Forcey - Frustr\u00e9 15. Demon & Wizard - Black Witch 16. Temple Sun - Voyage Sans Retour 17. Chantal Weber - Ballade Aux Ch\u00e2taignes Tomb\u00e9es 18. Jean Claude Zemour - X kmh 19. Rhodes & Co- Baoum 20. Guidon, Edmond et Clafoutis - Stormy Sunday 21. Dominique A - Silence Entre Nos Larmes 22. Didier Bocquet - Le Chemin Du Silence Part 2 23. Alain Meunier - Les Epaves (edit)","breadcrumb":{"@id":"https:\/\/wpguerssen-test.odoo.rgbconsulting.com\/es\/producto\/kiosque-dorphee\/#breadcrumb"},"inLanguage":"es","potentialAction":[{"@type":"ReadAction","target":["https:\/\/wpguerssen-test.odoo.rgbconsulting.com\/es\/producto\/kiosque-dorphee\/"]}]},{"@type":"ImageObject","inLanguage":"es","@id":"https:\/\/wpguerssen-test.odoo.rgbconsulting.com\/es\/producto\/kiosque-dorphee\/#primaryimage","url":"https:\/\/wpguerssen-test.odoo.rgbconsulting.com\/wp-content\/uploads\/2024\/01\/46519.jpg","contentUrl":"https:\/\/wpguerssen-test.odoo.rgbconsulting.com\/wp-content\/uploads\/2024\/01\/46519.jpg","width":480,"height":483},{"@type":"BreadcrumbList","@id":"https:\/\/wpguerssen-test.odoo.rgbconsulting.com\/es\/producto\/kiosque-dorphee\/#breadcrumb","itemListElement":[{"@type":"ListItem","position":1,"name":"Inicio","item":"https:\/\/wpguerssen-test.odoo.rgbconsulting.com\/es\/"},{"@type":"ListItem","position":2,"name":"Shop","item":"https:\/\/wpguerssen-test.odoo.rgbconsulting.com\/shop\/"},{"@type":"ListItem","position":3,"name":"Kiosque D&#8217;Orph\u00e9e"}]},{"@type":"WebSite","@id":"https:\/\/wpguerssen-test.odoo.rgbconsulting.com\/es\/#website","url":"https:\/\/wpguerssen-test.odoo.rgbconsulting.com\/es\/","name":"Guerssen records","description":"psychedelia - progressive - folk - garage ","publisher":{"@id":"https:\/\/wpguerssen-test.odoo.rgbconsulting.com\/es\/#organization"},"potentialAction":[{"@type":"SearchAction","target":{"@type":"EntryPoint","urlTemplate":"https:\/\/wpguerssen-test.odoo.rgbconsulting.com\/es\/?s={search_term_string}"},"query-input":{"@type":"PropertyValueSpecification","valueRequired":true,"valueName":"search_term_string"}}],"inLanguage":"es"},{"@type":"Organization","@id":"https:\/\/wpguerssen-test.odoo.rgbconsulting.com\/es\/#organization","name":"Guerssen records","url":"https:\/\/wpguerssen-test.odoo.rgbconsulting.com\/es\/","logo":{"@type":"ImageObject","inLanguage":"es","@id":"https:\/\/wpguerssen-test.odoo.rgbconsulting.com\/es\/#\/schema\/logo\/image\/","url":"https:\/\/wpguerssen-test.odoo.rgbconsulting.com\/wp-content\/uploads\/2022\/04\/Logo_Guerssen_trans_100.png","contentUrl":"https:\/\/wpguerssen-test.odoo.rgbconsulting.com\/wp-content\/uploads\/2022\/04\/Logo_Guerssen_trans_100.png","width":122,"height":100,"caption":"Guerssen records"},"image":{"@id":"https:\/\/wpguerssen-test.odoo.rgbconsulting.com\/es\/#\/schema\/logo\/image\/"}}]}},"_links":{"self":[{"href":"https:\/\/wpguerssen-test.odoo.rgbconsulting.com\/es\/wp-json\/wp\/v2\/product\/248886","targetHints":{"allow":["GET"]}}],"collection":[{"href":"https:\/\/wpguerssen-test.odoo.rgbconsulting.com\/es\/wp-json\/wp\/v2\/product"}],"about":[{"href":"https:\/\/wpguerssen-test.odoo.rgbconsulting.com\/es\/wp-json\/wp\/v2\/types\/product"}],"wp:featuredmedia":[{"embeddable":true,"href":"https:\/\/wpguerssen-test.odoo.rgbconsulting.com\/es\/wp-json\/wp\/v2\/media\/248777"}],"wp:attachment":[{"href":"https:\/\/wpguerssen-test.odoo.rgbconsulting.com\/es\/wp-json\/wp\/v2\/media?parent=248886"}],"wp:term":[{"taxonomy":"product_brand","embeddable":true,"href":"https:\/\/wpguerssen-test.odoo.rgbconsulting.com\/es\/wp-json\/wp\/v2\/product_brand?post=248886"},{"taxonomy":"product_cat","embeddable":true,"href":"https:\/\/wpguerssen-test.odoo.rgbconsulting.com\/es\/wp-json\/wp\/v2\/product_cat?post=248886"},{"taxonomy":"product_tag","embeddable":true,"href":"https:\/\/wpguerssen-test.odoo.rgbconsulting.com\/es\/wp-json\/wp\/v2\/product_tag?post=248886"}],"curies":[{"name":"wp","href":"https:\/\/api.w.org\/{rel}","templated":true}]}}