{"id":248968,"date":"2013-05-30T00:00:00","date_gmt":"2013-05-29T22:00:00","guid":{"rendered":"https:\/\/wpguerssen-test.odoo.rgbconsulting.com\/product\/coban-mamos\/"},"modified":"2025-03-10T12:28:25","modified_gmt":"2025-03-10T11:28:25","slug":"coban-mamos","status":"publish","type":"product","link":"https:\/\/wpguerssen-test.odoo.rgbconsulting.com\/es\/producto\/coban-mamos\/","title":{"rendered":"\u00c7oban Mamos"},"content":{"rendered":"<p>Cuarto \u00e1lbum editado en 1985 por esta singular pareja de m\u00fasicos turcos armados con electro-saz, guitarra, bater\u00eda y sintetizadores. Aparecieron en la comunidad turca de Alemania, donde resid\u00edan, tocando su particular m\u00fasica electro-folk en bodas y ceremonias de circunsici\u00f3n&#8230;si ya la historia suena tremenda, m\u00e1s tremendo es su sonido!! Sonido de m\u00e1sters, insert con notas por Angela Sawyer (Weirdo Records). <\/p>\n<p> Tracklist: :\u00c7oban Mamos &#8211; Garip modalar &#8211; Korkirem balam &#8211; Baris I\u00e7inde &#8211; Sen degil bagim &#8211; Dom dom kursunu &#8211; K\u00f6t\u00fcler ermez menzile &#8211; Kanser &#8211; Kara \u00fcz\u00fcm habbesi &#8211; Elin memleketi bize yar olmaz &#8211; G\u00f6zlerin bakipta g\u00f6rmedgi &#8211; Derdig\u00fczel aglama<\/p>\n","protected":false},"excerpt":{"rendered":"<p>Cuarto \u00e1lbum editado en 1985 por esta singular pareja de m\u00fasicos turcos armados con electro-saz, guitarra, bater\u00eda y sintetizadores. Aparecieron en la comunidad<a class=\"read\" href=\"https:\/\/wpguerssen-test.odoo.rgbconsulting.com\/es\/producto\/coban-mamos\/\"> (...)<\/a>","protected":false},"featured_media":113794,"template":"","meta":{"_acf_changed":false},"product_brand":[],"product_cat":[23272,23219],"product_tag":[],"class_list":{"0":"post-248968","1":"product","2":"type-product","3":"status-publish","4":"has-post-thumbnail","6":"product_cat-folk-80s-90s-es","7":"product_cat-funk-es","8":"pa_artist-derdiyoklar-ikilisi-es","9":"pa_format-lp-es","10":"pa_gender-folk-80s-90s-funk","11":"pa_label-pharaway-sounds-es","12":"pa_location-eastern-es","13":"pa_other-filters-vinyl-only-es","15":"first","16":"instock","17":"taxable","18":"shipping-taxable","19":"purchasable","20":"product-type-simple"},"acf":[],"yoast_head":"<!-- This site is optimized with the Yoast SEO plugin v24.9 - https:\/\/yoast.com\/wordpress\/plugins\/seo\/ -->\n<title>DERDIYOKLAR IKILISI - \u00c7oban Mamos -  (LP) | Guerssen<\/title>\n<meta name=\"description\" content=\"Turkish Bar or Bengi folk dancing requires approximately 100 people to do properly, and it helps if a lot of them are eating wedding cake. You put your arms around the shoulders of the people on either side of you, and then stomp around in a circle, facing in and kicking the air, until everybody is exhausted and happy. Far away from any folklore festivals, Derdiyoklar hand-built the soundtrack to this dancing as it was drunkenly executed by luckless German-Turkish immigrants in the fashion-insensitive 80s. And though the band had only two members, they decided electric saz, synthesized drums, cimbalom, and sheep sound effects were all needed to get the job done. Who could argue? This tinkly and psychoactive album, full of uniquely odd overdubs and buzzy, flanged-out guitar solos, can now be yours. First time ever reissue. Sound taken from mastertapes, insert with liner notes,180gr vinyl. #nl# Tracklist:\u00c7oban Mamos - Garip modalar - Korkirem balam - Baris I\u00e7inde - Sen degil bagim - Dom dom kursunu - K\u00f6t\u00fcler ermez menzile - Kanser - Kara \u00fcz\u00fcm habbesi - Elin memleketi bize yar olmaz - G\u00f6zlerin bakipta g\u00f6rmedgi - Derdig\u00fczel aglama\" \/>\n<meta name=\"robots\" content=\"index, follow, max-snippet:-1, max-image-preview:large, max-video-preview:-1\" \/>\n<link rel=\"canonical\" href=\"https:\/\/wpguerssen-test.odoo.rgbconsulting.com\/es\/producto\/coban-mamos\/\" \/>\n<meta property=\"og:locale\" content=\"es_ES\" \/>\n<meta property=\"og:type\" content=\"article\" \/>\n<meta property=\"og:title\" content=\"DERDIYOKLAR IKILISI - \u00c7oban Mamos -  (LP) | Guerssen\" \/>\n<meta property=\"og:description\" content=\"Turkish Bar or Bengi folk dancing requires approximately 100 people to do properly, and it helps if a lot of them are eating wedding cake. You put your arms around the shoulders of the people on either side of you, and then stomp around in a circle, facing in and kicking the air, until everybody is exhausted and happy. Far away from any folklore festivals, Derdiyoklar hand-built the soundtrack to this dancing as it was drunkenly executed by luckless German-Turkish immigrants in the fashion-insensitive 80s. And though the band had only two members, they decided electric saz, synthesized drums, cimbalom, and sheep sound effects were all needed to get the job done. Who could argue? This tinkly and psychoactive album, full of uniquely odd overdubs and buzzy, flanged-out guitar solos, can now be yours. First time ever reissue. Sound taken from mastertapes, insert with liner notes,180gr vinyl. #nl# Tracklist:\u00c7oban Mamos - Garip modalar - Korkirem balam - Baris I\u00e7inde - Sen degil bagim - Dom dom kursunu - K\u00f6t\u00fcler ermez menzile - Kanser - Kara \u00fcz\u00fcm habbesi - Elin memleketi bize yar olmaz - G\u00f6zlerin bakipta g\u00f6rmedgi - Derdig\u00fczel aglama\" \/>\n<meta property=\"og:url\" content=\"https:\/\/wpguerssen-test.odoo.rgbconsulting.com\/es\/producto\/coban-mamos\/\" \/>\n<meta property=\"og:site_name\" content=\"Guerssen records\" \/>\n<meta property=\"article:modified_time\" content=\"2025-03-10T11:28:25+00:00\" \/>\n<meta property=\"og:image\" content=\"https:\/\/wpguerssen-test.odoo.rgbconsulting.com\/wp-content\/uploads\/2022\/03\/13854.jpg\" \/>\n\t<meta property=\"og:image:width\" content=\"600\" \/>\n\t<meta property=\"og:image:height\" content=\"600\" \/>\n\t<meta property=\"og:image:type\" content=\"image\/jpeg\" \/>\n<meta name=\"twitter:card\" content=\"summary_large_image\" \/>\n<meta name=\"twitter:title\" content=\"DERDIYOKLAR IKILISI - \u00c7oban Mamos -  (LP) | Guerssen\" \/>\n<meta name=\"twitter:label1\" content=\"Tiempo de lectura\" \/>\n\t<meta name=\"twitter:data1\" content=\"1 minuto\" \/>\n<script type=\"application\/ld+json\" class=\"yoast-schema-graph\">{\"@context\":\"https:\/\/schema.org\",\"@graph\":[{\"@type\":\"WebPage\",\"@id\":\"https:\/\/wpguerssen-test.odoo.rgbconsulting.com\/es\/producto\/coban-mamos\/\",\"url\":\"https:\/\/wpguerssen-test.odoo.rgbconsulting.com\/es\/producto\/coban-mamos\/\",\"name\":\"DERDIYOKLAR IKILISI - \u00c7oban Mamos - (LP) | Guerssen\",\"isPartOf\":{\"@id\":\"https:\/\/wpguerssen-test.odoo.rgbconsulting.com\/es\/#website\"},\"primaryImageOfPage\":{\"@id\":\"https:\/\/wpguerssen-test.odoo.rgbconsulting.com\/es\/producto\/coban-mamos\/#primaryimage\"},\"image\":{\"@id\":\"https:\/\/wpguerssen-test.odoo.rgbconsulting.com\/es\/producto\/coban-mamos\/#primaryimage\"},\"thumbnailUrl\":\"https:\/\/wpguerssen-test.odoo.rgbconsulting.com\/wp-content\/uploads\/2022\/03\/13854.jpg\",\"datePublished\":\"2013-05-29T22:00:00+00:00\",\"dateModified\":\"2025-03-10T11:28:25+00:00\",\"description\":\"Turkish Bar or Bengi folk dancing requires approximately 100 people to do properly, and it helps if a lot of them are eating wedding cake. You put your arms around the shoulders of the people on either side of you, and then stomp around in a circle, facing in and kicking the air, until everybody is exhausted and happy. Far away from any folklore festivals, Derdiyoklar hand-built the soundtrack to this dancing as it was drunkenly executed by luckless German-Turkish immigrants in the fashion-insensitive 80s. And though the band had only two members, they decided electric saz, synthesized drums, cimbalom, and sheep sound effects were all needed to get the job done. Who could argue? This tinkly and psychoactive album, full of uniquely odd overdubs and buzzy, flanged-out guitar solos, can now be yours. First time ever reissue. Sound taken from mastertapes, insert with liner notes,180gr vinyl. #nl# Tracklist:\u00c7oban Mamos - Garip modalar - Korkirem balam - Baris I\u00e7inde - Sen degil bagim - Dom dom kursunu - K\u00f6t\u00fcler ermez menzile - Kanser - Kara \u00fcz\u00fcm habbesi - Elin memleketi bize yar olmaz - G\u00f6zlerin bakipta g\u00f6rmedgi - Derdig\u00fczel aglama\",\"breadcrumb\":{\"@id\":\"https:\/\/wpguerssen-test.odoo.rgbconsulting.com\/es\/producto\/coban-mamos\/#breadcrumb\"},\"inLanguage\":\"es\",\"potentialAction\":[{\"@type\":\"ReadAction\",\"target\":[\"https:\/\/wpguerssen-test.odoo.rgbconsulting.com\/es\/producto\/coban-mamos\/\"]}]},{\"@type\":\"ImageObject\",\"inLanguage\":\"es\",\"@id\":\"https:\/\/wpguerssen-test.odoo.rgbconsulting.com\/es\/producto\/coban-mamos\/#primaryimage\",\"url\":\"https:\/\/wpguerssen-test.odoo.rgbconsulting.com\/wp-content\/uploads\/2022\/03\/13854.jpg\",\"contentUrl\":\"https:\/\/wpguerssen-test.odoo.rgbconsulting.com\/wp-content\/uploads\/2022\/03\/13854.jpg\",\"width\":600,\"height\":600,\"caption\":\"DERDIYOKLAR IKILISI - \u00c7oban Mamos - PHARAWAY SOUNDS (LP) | Guerssen\"},{\"@type\":\"BreadcrumbList\",\"@id\":\"https:\/\/wpguerssen-test.odoo.rgbconsulting.com\/es\/producto\/coban-mamos\/#breadcrumb\",\"itemListElement\":[{\"@type\":\"ListItem\",\"position\":1,\"name\":\"Inicio\",\"item\":\"https:\/\/wpguerssen-test.odoo.rgbconsulting.com\/es\/\"},{\"@type\":\"ListItem\",\"position\":2,\"name\":\"Shop\",\"item\":\"https:\/\/wpguerssen-test.odoo.rgbconsulting.com\/shop\/\"},{\"@type\":\"ListItem\",\"position\":3,\"name\":\"\u00c7oban Mamos\"}]},{\"@type\":\"WebSite\",\"@id\":\"https:\/\/wpguerssen-test.odoo.rgbconsulting.com\/es\/#website\",\"url\":\"https:\/\/wpguerssen-test.odoo.rgbconsulting.com\/es\/\",\"name\":\"Guerssen records\",\"description\":\"psychedelia - progressive - folk - garage \",\"publisher\":{\"@id\":\"https:\/\/wpguerssen-test.odoo.rgbconsulting.com\/es\/#organization\"},\"potentialAction\":[{\"@type\":\"SearchAction\",\"target\":{\"@type\":\"EntryPoint\",\"urlTemplate\":\"https:\/\/wpguerssen-test.odoo.rgbconsulting.com\/es\/?s={search_term_string}\"},\"query-input\":{\"@type\":\"PropertyValueSpecification\",\"valueRequired\":true,\"valueName\":\"search_term_string\"}}],\"inLanguage\":\"es\"},{\"@type\":\"Organization\",\"@id\":\"https:\/\/wpguerssen-test.odoo.rgbconsulting.com\/es\/#organization\",\"name\":\"Guerssen records\",\"url\":\"https:\/\/wpguerssen-test.odoo.rgbconsulting.com\/es\/\",\"logo\":{\"@type\":\"ImageObject\",\"inLanguage\":\"es\",\"@id\":\"https:\/\/wpguerssen-test.odoo.rgbconsulting.com\/es\/#\/schema\/logo\/image\/\",\"url\":\"https:\/\/wpguerssen-test.odoo.rgbconsulting.com\/wp-content\/uploads\/2022\/04\/Logo_Guerssen_trans_100.png\",\"contentUrl\":\"https:\/\/wpguerssen-test.odoo.rgbconsulting.com\/wp-content\/uploads\/2022\/04\/Logo_Guerssen_trans_100.png\",\"width\":122,\"height\":100,\"caption\":\"Guerssen records\"},\"image\":{\"@id\":\"https:\/\/wpguerssen-test.odoo.rgbconsulting.com\/es\/#\/schema\/logo\/image\/\"}}]}<\/script>\n<!-- \/ Yoast SEO plugin. -->","yoast_head_json":{"title":"DERDIYOKLAR IKILISI - \u00c7oban Mamos -  (LP) | Guerssen","description":"Turkish Bar or Bengi folk dancing requires approximately 100 people to do properly, and it helps if a lot of them are eating wedding cake. You put your arms around the shoulders of the people on either side of you, and then stomp around in a circle, facing in and kicking the air, until everybody is exhausted and happy. Far away from any folklore festivals, Derdiyoklar hand-built the soundtrack to this dancing as it was drunkenly executed by luckless German-Turkish immigrants in the fashion-insensitive 80s. And though the band had only two members, they decided electric saz, synthesized drums, cimbalom, and sheep sound effects were all needed to get the job done. Who could argue? This tinkly and psychoactive album, full of uniquely odd overdubs and buzzy, flanged-out guitar solos, can now be yours. First time ever reissue. Sound taken from mastertapes, insert with liner notes,180gr vinyl. #nl# Tracklist:\u00c7oban Mamos - Garip modalar - Korkirem balam - Baris I\u00e7inde - Sen degil bagim - Dom dom kursunu - K\u00f6t\u00fcler ermez menzile - Kanser - Kara \u00fcz\u00fcm habbesi - Elin memleketi bize yar olmaz - G\u00f6zlerin bakipta g\u00f6rmedgi - Derdig\u00fczel aglama","robots":{"index":"index","follow":"follow","max-snippet":"max-snippet:-1","max-image-preview":"max-image-preview:large","max-video-preview":"max-video-preview:-1"},"canonical":"https:\/\/wpguerssen-test.odoo.rgbconsulting.com\/es\/producto\/coban-mamos\/","og_locale":"es_ES","og_type":"article","og_title":"DERDIYOKLAR IKILISI - \u00c7oban Mamos -  (LP) | Guerssen","og_description":"Turkish Bar or Bengi folk dancing requires approximately 100 people to do properly, and it helps if a lot of them are eating wedding cake. You put your arms around the shoulders of the people on either side of you, and then stomp around in a circle, facing in and kicking the air, until everybody is exhausted and happy. Far away from any folklore festivals, Derdiyoklar hand-built the soundtrack to this dancing as it was drunkenly executed by luckless German-Turkish immigrants in the fashion-insensitive 80s. And though the band had only two members, they decided electric saz, synthesized drums, cimbalom, and sheep sound effects were all needed to get the job done. Who could argue? This tinkly and psychoactive album, full of uniquely odd overdubs and buzzy, flanged-out guitar solos, can now be yours. First time ever reissue. Sound taken from mastertapes, insert with liner notes,180gr vinyl. #nl# Tracklist:\u00c7oban Mamos - Garip modalar - Korkirem balam - Baris I\u00e7inde - Sen degil bagim - Dom dom kursunu - K\u00f6t\u00fcler ermez menzile - Kanser - Kara \u00fcz\u00fcm habbesi - Elin memleketi bize yar olmaz - G\u00f6zlerin bakipta g\u00f6rmedgi - Derdig\u00fczel aglama","og_url":"https:\/\/wpguerssen-test.odoo.rgbconsulting.com\/es\/producto\/coban-mamos\/","og_site_name":"Guerssen records","article_modified_time":"2025-03-10T11:28:25+00:00","og_image":[{"width":600,"height":600,"url":"https:\/\/wpguerssen-test.odoo.rgbconsulting.com\/wp-content\/uploads\/2022\/03\/13854.jpg","type":"image\/jpeg"}],"twitter_card":"summary_large_image","twitter_title":"DERDIYOKLAR IKILISI - \u00c7oban Mamos -  (LP) | Guerssen","twitter_misc":{"Tiempo de lectura":"1 minuto"},"schema":{"@context":"https:\/\/schema.org","@graph":[{"@type":"WebPage","@id":"https:\/\/wpguerssen-test.odoo.rgbconsulting.com\/es\/producto\/coban-mamos\/","url":"https:\/\/wpguerssen-test.odoo.rgbconsulting.com\/es\/producto\/coban-mamos\/","name":"DERDIYOKLAR IKILISI - \u00c7oban Mamos - (LP) | Guerssen","isPartOf":{"@id":"https:\/\/wpguerssen-test.odoo.rgbconsulting.com\/es\/#website"},"primaryImageOfPage":{"@id":"https:\/\/wpguerssen-test.odoo.rgbconsulting.com\/es\/producto\/coban-mamos\/#primaryimage"},"image":{"@id":"https:\/\/wpguerssen-test.odoo.rgbconsulting.com\/es\/producto\/coban-mamos\/#primaryimage"},"thumbnailUrl":"https:\/\/wpguerssen-test.odoo.rgbconsulting.com\/wp-content\/uploads\/2022\/03\/13854.jpg","datePublished":"2013-05-29T22:00:00+00:00","dateModified":"2025-03-10T11:28:25+00:00","description":"Turkish Bar or Bengi folk dancing requires approximately 100 people to do properly, and it helps if a lot of them are eating wedding cake. You put your arms around the shoulders of the people on either side of you, and then stomp around in a circle, facing in and kicking the air, until everybody is exhausted and happy. Far away from any folklore festivals, Derdiyoklar hand-built the soundtrack to this dancing as it was drunkenly executed by luckless German-Turkish immigrants in the fashion-insensitive 80s. And though the band had only two members, they decided electric saz, synthesized drums, cimbalom, and sheep sound effects were all needed to get the job done. Who could argue? This tinkly and psychoactive album, full of uniquely odd overdubs and buzzy, flanged-out guitar solos, can now be yours. First time ever reissue. Sound taken from mastertapes, insert with liner notes,180gr vinyl. #nl# Tracklist:\u00c7oban Mamos - Garip modalar - Korkirem balam - Baris I\u00e7inde - Sen degil bagim - Dom dom kursunu - K\u00f6t\u00fcler ermez menzile - Kanser - Kara \u00fcz\u00fcm habbesi - Elin memleketi bize yar olmaz - G\u00f6zlerin bakipta g\u00f6rmedgi - Derdig\u00fczel aglama","breadcrumb":{"@id":"https:\/\/wpguerssen-test.odoo.rgbconsulting.com\/es\/producto\/coban-mamos\/#breadcrumb"},"inLanguage":"es","potentialAction":[{"@type":"ReadAction","target":["https:\/\/wpguerssen-test.odoo.rgbconsulting.com\/es\/producto\/coban-mamos\/"]}]},{"@type":"ImageObject","inLanguage":"es","@id":"https:\/\/wpguerssen-test.odoo.rgbconsulting.com\/es\/producto\/coban-mamos\/#primaryimage","url":"https:\/\/wpguerssen-test.odoo.rgbconsulting.com\/wp-content\/uploads\/2022\/03\/13854.jpg","contentUrl":"https:\/\/wpguerssen-test.odoo.rgbconsulting.com\/wp-content\/uploads\/2022\/03\/13854.jpg","width":600,"height":600,"caption":"DERDIYOKLAR IKILISI - \u00c7oban Mamos - PHARAWAY SOUNDS (LP) | Guerssen"},{"@type":"BreadcrumbList","@id":"https:\/\/wpguerssen-test.odoo.rgbconsulting.com\/es\/producto\/coban-mamos\/#breadcrumb","itemListElement":[{"@type":"ListItem","position":1,"name":"Inicio","item":"https:\/\/wpguerssen-test.odoo.rgbconsulting.com\/es\/"},{"@type":"ListItem","position":2,"name":"Shop","item":"https:\/\/wpguerssen-test.odoo.rgbconsulting.com\/shop\/"},{"@type":"ListItem","position":3,"name":"\u00c7oban Mamos"}]},{"@type":"WebSite","@id":"https:\/\/wpguerssen-test.odoo.rgbconsulting.com\/es\/#website","url":"https:\/\/wpguerssen-test.odoo.rgbconsulting.com\/es\/","name":"Guerssen records","description":"psychedelia - progressive - folk - garage ","publisher":{"@id":"https:\/\/wpguerssen-test.odoo.rgbconsulting.com\/es\/#organization"},"potentialAction":[{"@type":"SearchAction","target":{"@type":"EntryPoint","urlTemplate":"https:\/\/wpguerssen-test.odoo.rgbconsulting.com\/es\/?s={search_term_string}"},"query-input":{"@type":"PropertyValueSpecification","valueRequired":true,"valueName":"search_term_string"}}],"inLanguage":"es"},{"@type":"Organization","@id":"https:\/\/wpguerssen-test.odoo.rgbconsulting.com\/es\/#organization","name":"Guerssen records","url":"https:\/\/wpguerssen-test.odoo.rgbconsulting.com\/es\/","logo":{"@type":"ImageObject","inLanguage":"es","@id":"https:\/\/wpguerssen-test.odoo.rgbconsulting.com\/es\/#\/schema\/logo\/image\/","url":"https:\/\/wpguerssen-test.odoo.rgbconsulting.com\/wp-content\/uploads\/2022\/04\/Logo_Guerssen_trans_100.png","contentUrl":"https:\/\/wpguerssen-test.odoo.rgbconsulting.com\/wp-content\/uploads\/2022\/04\/Logo_Guerssen_trans_100.png","width":122,"height":100,"caption":"Guerssen records"},"image":{"@id":"https:\/\/wpguerssen-test.odoo.rgbconsulting.com\/es\/#\/schema\/logo\/image\/"}}]}},"_links":{"self":[{"href":"https:\/\/wpguerssen-test.odoo.rgbconsulting.com\/es\/wp-json\/wp\/v2\/product\/248968","targetHints":{"allow":["GET"]}}],"collection":[{"href":"https:\/\/wpguerssen-test.odoo.rgbconsulting.com\/es\/wp-json\/wp\/v2\/product"}],"about":[{"href":"https:\/\/wpguerssen-test.odoo.rgbconsulting.com\/es\/wp-json\/wp\/v2\/types\/product"}],"wp:featuredmedia":[{"embeddable":true,"href":"https:\/\/wpguerssen-test.odoo.rgbconsulting.com\/es\/wp-json\/wp\/v2\/media\/113794"}],"wp:attachment":[{"href":"https:\/\/wpguerssen-test.odoo.rgbconsulting.com\/es\/wp-json\/wp\/v2\/media?parent=248968"}],"wp:term":[{"taxonomy":"product_brand","embeddable":true,"href":"https:\/\/wpguerssen-test.odoo.rgbconsulting.com\/es\/wp-json\/wp\/v2\/product_brand?post=248968"},{"taxonomy":"product_cat","embeddable":true,"href":"https:\/\/wpguerssen-test.odoo.rgbconsulting.com\/es\/wp-json\/wp\/v2\/product_cat?post=248968"},{"taxonomy":"product_tag","embeddable":true,"href":"https:\/\/wpguerssen-test.odoo.rgbconsulting.com\/es\/wp-json\/wp\/v2\/product_tag?post=248968"}],"curies":[{"name":"wp","href":"https:\/\/api.w.org\/{rel}","templated":true}]}}