{"id":249262,"date":"2024-02-13T00:00:00","date_gmt":"2024-02-12T23:00:00","guid":{"rendered":"https:\/\/wpguerssen-test.odoo.rgbconsulting.com\/product\/first-battle\/"},"modified":"2025-05-05T11:10:03","modified_gmt":"2025-05-05T09:10:03","slug":"first-battle","status":"publish","type":"product","link":"https:\/\/wpguerssen-test.odoo.rgbconsulting.com\/es\/producto\/first-battle\/","title":{"rendered":"First Battle"},"content":{"rendered":"<p>Reconocido como uno de los mejores discos de rock progresivo 70&#8217;s de Europa, el \u00fanico disco de los belgas Waterloo se edit\u00f3 en 1970 bajo el sello Vogue.<br \/>Enteramente cantado en ingl\u00e9s, este brillante disco de heavy progresivo-psicod\u00e9lico tiene obvias influencias de Jethro Tull, con flauta al uso y una potente producci\u00f3n con dura guitarra y \u00f3rgano.<\/p>\n<p>Reeditado oficialmente por nosotros en 2009 y descatalogado durante a\u00f1os, presentamos una nueva edici\u00f3n mejorada con portada de cart\u00f3n duro + OBI e insert con notas y fotos.<\/p>\n<p>Tracklist:<br \/>Side 1: 1. Meet Again &#8211; 2. Why May I Not Know &#8211; 3. Tumblin&#8217; Jack &#8211; 4. Black Born Children &#8211; 5. Life &#8211; 6. Problems<br \/>Side 2: 1. Why Don&#8217;t You Follow Me &#8211; 2. Guy In The Wrong Neighbourhood &#8211; 3. Lonesome Road &#8211; 4. Diary of An Old Man<\/p>\n<p>\n","protected":false},"excerpt":{"rendered":"<p>Reconocido como uno de los mejores discos de rock progresivo 70&#8217;s de Europa, el \u00fanico disco de los belgas Waterloo se edit\u00f3 en 1970 bajo el sello Vogue.<br<a class=\"read\" href=\"https:\/\/wpguerssen-test.odoo.rgbconsulting.com\/es\/producto\/first-battle\/\"> (...)<\/a>","protected":false},"featured_media":249258,"template":"","meta":{"_acf_changed":false},"product_brand":[],"product_cat":[21639,23215],"product_tag":[],"class_list":{"0":"post-249262","1":"product","2":"type-product","3":"status-publish","4":"has-post-thumbnail","6":"product_cat-psychedelic60s-70s-es","7":"product_cat-progressive60s-70s-es","8":"pa_artist-waterloo-es","9":"pa_format-lp-es","10":"pa_gender-psychedelic60s-70s-progressive60s-70s","11":"pa_label-guerssen-es","12":"pa_location-europe-es","14":"first","15":"instock","16":"taxable","17":"shipping-taxable","18":"purchasable","19":"product-type-simple"},"acf":[],"yoast_head":"<!-- This site is optimized with the Yoast SEO plugin v24.9 - https:\/\/yoast.com\/wordpress\/plugins\/seo\/ -->\n<title>WATERLOO - First Battle -  (LP) | Guerssen<\/title>\n<meta name=\"description\" content=\"Regarded as one of the best European progressive rock albums from the 70&#039;s, the sole release by Belgian group Waterloo was originally released on the Vogue label in 1970.Entirely sung in English, \u201cFirst Battle\u201d is a blend of progressive rock, psychedelia and heavy prog with top guitar\/organ, flute and obvious Jethro Tull influence but with something else really of their own, making of it a very special album.First officially reissued by us in 2009 and long out of print, we present an improved reissue in hard cardboard sleeve + OBI and insert with liner notes and photos.Tracklist:Side 1: 1. Meet Again - 2. Why May I Not Know - 3. Tumblin&#039; Jack - 4. Black Born Children - 5. Life - 6. ProblemsSide 2: 1. Why Don&#039;t You Follow Me - 2. Guy In The Wrong Neighbourhood - 3. Lonesome Road - 4. Diary of An Old Man\" \/>\n<meta name=\"robots\" content=\"index, follow, max-snippet:-1, max-image-preview:large, max-video-preview:-1\" \/>\n<link rel=\"canonical\" href=\"https:\/\/wpguerssen-test.odoo.rgbconsulting.com\/es\/producto\/first-battle\/\" \/>\n<meta property=\"og:locale\" content=\"es_ES\" \/>\n<meta property=\"og:type\" content=\"article\" \/>\n<meta property=\"og:title\" content=\"WATERLOO - First Battle -  (LP) | Guerssen\" \/>\n<meta property=\"og:description\" content=\"Regarded as one of the best European progressive rock albums from the 70&#039;s, the sole release by Belgian group Waterloo was originally released on the Vogue label in 1970.Entirely sung in English, \u201cFirst Battle\u201d is a blend of progressive rock, psychedelia and heavy prog with top guitar\/organ, flute and obvious Jethro Tull influence but with something else really of their own, making of it a very special album.First officially reissued by us in 2009 and long out of print, we present an improved reissue in hard cardboard sleeve + OBI and insert with liner notes and photos.Tracklist:Side 1: 1. Meet Again - 2. Why May I Not Know - 3. Tumblin&#039; Jack - 4. Black Born Children - 5. Life - 6. ProblemsSide 2: 1. Why Don&#039;t You Follow Me - 2. Guy In The Wrong Neighbourhood - 3. Lonesome Road - 4. Diary of An Old Man\" \/>\n<meta property=\"og:url\" content=\"https:\/\/wpguerssen-test.odoo.rgbconsulting.com\/es\/producto\/first-battle\/\" \/>\n<meta property=\"og:site_name\" content=\"Guerssen records\" \/>\n<meta property=\"article:modified_time\" content=\"2025-05-05T09:10:03+00:00\" \/>\n<meta property=\"og:image\" content=\"https:\/\/wpguerssen-test.odoo.rgbconsulting.com\/wp-content\/uploads\/2024\/01\/45979.jpg\" \/>\n\t<meta property=\"og:image:width\" content=\"1400\" \/>\n\t<meta property=\"og:image:height\" content=\"1400\" \/>\n\t<meta property=\"og:image:type\" content=\"image\/jpeg\" \/>\n<meta name=\"twitter:card\" content=\"summary_large_image\" \/>\n<meta name=\"twitter:title\" content=\"WATERLOO - First Battle -  (LP) | Guerssen\" \/>\n<meta name=\"twitter:label1\" content=\"Tiempo de lectura\" \/>\n\t<meta name=\"twitter:data1\" content=\"1 minuto\" \/>\n<script type=\"application\/ld+json\" class=\"yoast-schema-graph\">{\"@context\":\"https:\/\/schema.org\",\"@graph\":[{\"@type\":\"WebPage\",\"@id\":\"https:\/\/wpguerssen-test.odoo.rgbconsulting.com\/es\/producto\/first-battle\/\",\"url\":\"https:\/\/wpguerssen-test.odoo.rgbconsulting.com\/es\/producto\/first-battle\/\",\"name\":\"WATERLOO - First Battle - (LP) | Guerssen\",\"isPartOf\":{\"@id\":\"https:\/\/wpguerssen-test.odoo.rgbconsulting.com\/es\/#website\"},\"primaryImageOfPage\":{\"@id\":\"https:\/\/wpguerssen-test.odoo.rgbconsulting.com\/es\/producto\/first-battle\/#primaryimage\"},\"image\":{\"@id\":\"https:\/\/wpguerssen-test.odoo.rgbconsulting.com\/es\/producto\/first-battle\/#primaryimage\"},\"thumbnailUrl\":\"https:\/\/wpguerssen-test.odoo.rgbconsulting.com\/wp-content\/uploads\/2024\/01\/45979.jpg\",\"datePublished\":\"2024-02-12T23:00:00+00:00\",\"dateModified\":\"2025-05-05T09:10:03+00:00\",\"description\":\"Regarded as one of the best European progressive rock albums from the 70's, the sole release by Belgian group Waterloo was originally released on the Vogue label in 1970.Entirely sung in English, \u201cFirst Battle\u201d is a blend of progressive rock, psychedelia and heavy prog with top guitar\/organ, flute and obvious Jethro Tull influence but with something else really of their own, making of it a very special album.First officially reissued by us in 2009 and long out of print, we present an improved reissue in hard cardboard sleeve + OBI and insert with liner notes and photos.Tracklist:Side 1: 1. Meet Again - 2. Why May I Not Know - 3. Tumblin' Jack - 4. Black Born Children - 5. Life - 6. ProblemsSide 2: 1. Why Don't You Follow Me - 2. Guy In The Wrong Neighbourhood - 3. Lonesome Road - 4. Diary of An Old Man\",\"breadcrumb\":{\"@id\":\"https:\/\/wpguerssen-test.odoo.rgbconsulting.com\/es\/producto\/first-battle\/#breadcrumb\"},\"inLanguage\":\"es\",\"potentialAction\":[{\"@type\":\"ReadAction\",\"target\":[\"https:\/\/wpguerssen-test.odoo.rgbconsulting.com\/es\/producto\/first-battle\/\"]}]},{\"@type\":\"ImageObject\",\"inLanguage\":\"es\",\"@id\":\"https:\/\/wpguerssen-test.odoo.rgbconsulting.com\/es\/producto\/first-battle\/#primaryimage\",\"url\":\"https:\/\/wpguerssen-test.odoo.rgbconsulting.com\/wp-content\/uploads\/2024\/01\/45979.jpg\",\"contentUrl\":\"https:\/\/wpguerssen-test.odoo.rgbconsulting.com\/wp-content\/uploads\/2024\/01\/45979.jpg\",\"width\":1400,\"height\":1400},{\"@type\":\"BreadcrumbList\",\"@id\":\"https:\/\/wpguerssen-test.odoo.rgbconsulting.com\/es\/producto\/first-battle\/#breadcrumb\",\"itemListElement\":[{\"@type\":\"ListItem\",\"position\":1,\"name\":\"Inicio\",\"item\":\"https:\/\/wpguerssen-test.odoo.rgbconsulting.com\/es\/\"},{\"@type\":\"ListItem\",\"position\":2,\"name\":\"Shop\",\"item\":\"https:\/\/wpguerssen-test.odoo.rgbconsulting.com\/shop\/\"},{\"@type\":\"ListItem\",\"position\":3,\"name\":\"First Battle\"}]},{\"@type\":\"WebSite\",\"@id\":\"https:\/\/wpguerssen-test.odoo.rgbconsulting.com\/es\/#website\",\"url\":\"https:\/\/wpguerssen-test.odoo.rgbconsulting.com\/es\/\",\"name\":\"Guerssen records\",\"description\":\"psychedelia - progressive - folk - garage \",\"publisher\":{\"@id\":\"https:\/\/wpguerssen-test.odoo.rgbconsulting.com\/es\/#organization\"},\"potentialAction\":[{\"@type\":\"SearchAction\",\"target\":{\"@type\":\"EntryPoint\",\"urlTemplate\":\"https:\/\/wpguerssen-test.odoo.rgbconsulting.com\/es\/?s={search_term_string}\"},\"query-input\":{\"@type\":\"PropertyValueSpecification\",\"valueRequired\":true,\"valueName\":\"search_term_string\"}}],\"inLanguage\":\"es\"},{\"@type\":\"Organization\",\"@id\":\"https:\/\/wpguerssen-test.odoo.rgbconsulting.com\/es\/#organization\",\"name\":\"Guerssen records\",\"url\":\"https:\/\/wpguerssen-test.odoo.rgbconsulting.com\/es\/\",\"logo\":{\"@type\":\"ImageObject\",\"inLanguage\":\"es\",\"@id\":\"https:\/\/wpguerssen-test.odoo.rgbconsulting.com\/es\/#\/schema\/logo\/image\/\",\"url\":\"https:\/\/wpguerssen-test.odoo.rgbconsulting.com\/wp-content\/uploads\/2022\/04\/Logo_Guerssen_trans_100.png\",\"contentUrl\":\"https:\/\/wpguerssen-test.odoo.rgbconsulting.com\/wp-content\/uploads\/2022\/04\/Logo_Guerssen_trans_100.png\",\"width\":122,\"height\":100,\"caption\":\"Guerssen records\"},\"image\":{\"@id\":\"https:\/\/wpguerssen-test.odoo.rgbconsulting.com\/es\/#\/schema\/logo\/image\/\"}}]}<\/script>\n<!-- \/ Yoast SEO plugin. -->","yoast_head_json":{"title":"WATERLOO - First Battle -  (LP) | Guerssen","description":"Regarded as one of the best European progressive rock albums from the 70's, the sole release by Belgian group Waterloo was originally released on the Vogue label in 1970.Entirely sung in English, \u201cFirst Battle\u201d is a blend of progressive rock, psychedelia and heavy prog with top guitar\/organ, flute and obvious Jethro Tull influence but with something else really of their own, making of it a very special album.First officially reissued by us in 2009 and long out of print, we present an improved reissue in hard cardboard sleeve + OBI and insert with liner notes and photos.Tracklist:Side 1: 1. Meet Again - 2. Why May I Not Know - 3. Tumblin' Jack - 4. Black Born Children - 5. Life - 6. ProblemsSide 2: 1. Why Don't You Follow Me - 2. Guy In The Wrong Neighbourhood - 3. Lonesome Road - 4. Diary of An Old Man","robots":{"index":"index","follow":"follow","max-snippet":"max-snippet:-1","max-image-preview":"max-image-preview:large","max-video-preview":"max-video-preview:-1"},"canonical":"https:\/\/wpguerssen-test.odoo.rgbconsulting.com\/es\/producto\/first-battle\/","og_locale":"es_ES","og_type":"article","og_title":"WATERLOO - First Battle -  (LP) | Guerssen","og_description":"Regarded as one of the best European progressive rock albums from the 70's, the sole release by Belgian group Waterloo was originally released on the Vogue label in 1970.Entirely sung in English, \u201cFirst Battle\u201d is a blend of progressive rock, psychedelia and heavy prog with top guitar\/organ, flute and obvious Jethro Tull influence but with something else really of their own, making of it a very special album.First officially reissued by us in 2009 and long out of print, we present an improved reissue in hard cardboard sleeve + OBI and insert with liner notes and photos.Tracklist:Side 1: 1. Meet Again - 2. Why May I Not Know - 3. Tumblin' Jack - 4. Black Born Children - 5. Life - 6. ProblemsSide 2: 1. Why Don't You Follow Me - 2. Guy In The Wrong Neighbourhood - 3. Lonesome Road - 4. Diary of An Old Man","og_url":"https:\/\/wpguerssen-test.odoo.rgbconsulting.com\/es\/producto\/first-battle\/","og_site_name":"Guerssen records","article_modified_time":"2025-05-05T09:10:03+00:00","og_image":[{"width":1400,"height":1400,"url":"https:\/\/wpguerssen-test.odoo.rgbconsulting.com\/wp-content\/uploads\/2024\/01\/45979.jpg","type":"image\/jpeg"}],"twitter_card":"summary_large_image","twitter_title":"WATERLOO - First Battle -  (LP) | Guerssen","twitter_misc":{"Tiempo de lectura":"1 minuto"},"schema":{"@context":"https:\/\/schema.org","@graph":[{"@type":"WebPage","@id":"https:\/\/wpguerssen-test.odoo.rgbconsulting.com\/es\/producto\/first-battle\/","url":"https:\/\/wpguerssen-test.odoo.rgbconsulting.com\/es\/producto\/first-battle\/","name":"WATERLOO - First Battle - (LP) | Guerssen","isPartOf":{"@id":"https:\/\/wpguerssen-test.odoo.rgbconsulting.com\/es\/#website"},"primaryImageOfPage":{"@id":"https:\/\/wpguerssen-test.odoo.rgbconsulting.com\/es\/producto\/first-battle\/#primaryimage"},"image":{"@id":"https:\/\/wpguerssen-test.odoo.rgbconsulting.com\/es\/producto\/first-battle\/#primaryimage"},"thumbnailUrl":"https:\/\/wpguerssen-test.odoo.rgbconsulting.com\/wp-content\/uploads\/2024\/01\/45979.jpg","datePublished":"2024-02-12T23:00:00+00:00","dateModified":"2025-05-05T09:10:03+00:00","description":"Regarded as one of the best European progressive rock albums from the 70's, the sole release by Belgian group Waterloo was originally released on the Vogue label in 1970.Entirely sung in English, \u201cFirst Battle\u201d is a blend of progressive rock, psychedelia and heavy prog with top guitar\/organ, flute and obvious Jethro Tull influence but with something else really of their own, making of it a very special album.First officially reissued by us in 2009 and long out of print, we present an improved reissue in hard cardboard sleeve + OBI and insert with liner notes and photos.Tracklist:Side 1: 1. Meet Again - 2. Why May I Not Know - 3. Tumblin' Jack - 4. Black Born Children - 5. Life - 6. ProblemsSide 2: 1. Why Don't You Follow Me - 2. Guy In The Wrong Neighbourhood - 3. Lonesome Road - 4. Diary of An Old Man","breadcrumb":{"@id":"https:\/\/wpguerssen-test.odoo.rgbconsulting.com\/es\/producto\/first-battle\/#breadcrumb"},"inLanguage":"es","potentialAction":[{"@type":"ReadAction","target":["https:\/\/wpguerssen-test.odoo.rgbconsulting.com\/es\/producto\/first-battle\/"]}]},{"@type":"ImageObject","inLanguage":"es","@id":"https:\/\/wpguerssen-test.odoo.rgbconsulting.com\/es\/producto\/first-battle\/#primaryimage","url":"https:\/\/wpguerssen-test.odoo.rgbconsulting.com\/wp-content\/uploads\/2024\/01\/45979.jpg","contentUrl":"https:\/\/wpguerssen-test.odoo.rgbconsulting.com\/wp-content\/uploads\/2024\/01\/45979.jpg","width":1400,"height":1400},{"@type":"BreadcrumbList","@id":"https:\/\/wpguerssen-test.odoo.rgbconsulting.com\/es\/producto\/first-battle\/#breadcrumb","itemListElement":[{"@type":"ListItem","position":1,"name":"Inicio","item":"https:\/\/wpguerssen-test.odoo.rgbconsulting.com\/es\/"},{"@type":"ListItem","position":2,"name":"Shop","item":"https:\/\/wpguerssen-test.odoo.rgbconsulting.com\/shop\/"},{"@type":"ListItem","position":3,"name":"First Battle"}]},{"@type":"WebSite","@id":"https:\/\/wpguerssen-test.odoo.rgbconsulting.com\/es\/#website","url":"https:\/\/wpguerssen-test.odoo.rgbconsulting.com\/es\/","name":"Guerssen records","description":"psychedelia - progressive - folk - garage ","publisher":{"@id":"https:\/\/wpguerssen-test.odoo.rgbconsulting.com\/es\/#organization"},"potentialAction":[{"@type":"SearchAction","target":{"@type":"EntryPoint","urlTemplate":"https:\/\/wpguerssen-test.odoo.rgbconsulting.com\/es\/?s={search_term_string}"},"query-input":{"@type":"PropertyValueSpecification","valueRequired":true,"valueName":"search_term_string"}}],"inLanguage":"es"},{"@type":"Organization","@id":"https:\/\/wpguerssen-test.odoo.rgbconsulting.com\/es\/#organization","name":"Guerssen records","url":"https:\/\/wpguerssen-test.odoo.rgbconsulting.com\/es\/","logo":{"@type":"ImageObject","inLanguage":"es","@id":"https:\/\/wpguerssen-test.odoo.rgbconsulting.com\/es\/#\/schema\/logo\/image\/","url":"https:\/\/wpguerssen-test.odoo.rgbconsulting.com\/wp-content\/uploads\/2022\/04\/Logo_Guerssen_trans_100.png","contentUrl":"https:\/\/wpguerssen-test.odoo.rgbconsulting.com\/wp-content\/uploads\/2022\/04\/Logo_Guerssen_trans_100.png","width":122,"height":100,"caption":"Guerssen records"},"image":{"@id":"https:\/\/wpguerssen-test.odoo.rgbconsulting.com\/es\/#\/schema\/logo\/image\/"}}]}},"_links":{"self":[{"href":"https:\/\/wpguerssen-test.odoo.rgbconsulting.com\/es\/wp-json\/wp\/v2\/product\/249262","targetHints":{"allow":["GET"]}}],"collection":[{"href":"https:\/\/wpguerssen-test.odoo.rgbconsulting.com\/es\/wp-json\/wp\/v2\/product"}],"about":[{"href":"https:\/\/wpguerssen-test.odoo.rgbconsulting.com\/es\/wp-json\/wp\/v2\/types\/product"}],"wp:featuredmedia":[{"embeddable":true,"href":"https:\/\/wpguerssen-test.odoo.rgbconsulting.com\/es\/wp-json\/wp\/v2\/media\/249258"}],"wp:attachment":[{"href":"https:\/\/wpguerssen-test.odoo.rgbconsulting.com\/es\/wp-json\/wp\/v2\/media?parent=249262"}],"wp:term":[{"taxonomy":"product_brand","embeddable":true,"href":"https:\/\/wpguerssen-test.odoo.rgbconsulting.com\/es\/wp-json\/wp\/v2\/product_brand?post=249262"},{"taxonomy":"product_cat","embeddable":true,"href":"https:\/\/wpguerssen-test.odoo.rgbconsulting.com\/es\/wp-json\/wp\/v2\/product_cat?post=249262"},{"taxonomy":"product_tag","embeddable":true,"href":"https:\/\/wpguerssen-test.odoo.rgbconsulting.com\/es\/wp-json\/wp\/v2\/product_tag?post=249262"}],"curies":[{"name":"wp","href":"https:\/\/api.w.org\/{rel}","templated":true}]}}