{"id":249534,"date":"2025-02-28T00:00:00","date_gmt":"2025-02-27T23:00:00","guid":{"rendered":"https:\/\/wpguerssen-test.odoo.rgbconsulting.com\/product\/forge-your-own-chains-2lp\/"},"modified":"2025-02-28T13:47:29","modified_gmt":"2025-02-28T12:47:29","slug":"forge-your-own-chains-2lp","status":"publish","type":"product","link":"https:\/\/wpguerssen-test.odoo.rgbconsulting.com\/es\/producto\/forge-your-own-chains-2lp\/","title":{"rendered":"Forge your own chains (2LP)"},"content":{"rendered":"<p>\u00abHeavy Psychedelic Ballads and Dirges, 1968-1974\u00bb. Doble LP con s\u00faper-psicod\u00e9licos temas 60s-70s de todos los rincones del mundo: USA, Nigeria, Colombia, Suecia, Corea del Sur, Tailandia, Ir\u00e1n&#8230;Postada abierta, notas y fotos, sonido remasterizado, edici\u00f3n oficial <\/p>\n<p> Tracklisting: Tracks: 1. Top Drawer \u00abSong of a Sinner\u00bb 8:44 2. Sensational Saints \u00abHow Great Thou Art\u00bb 3:35 3. East of Underground \u00abSmiling Faces Sometimes\u00bb 6:27 4. D.R. Hooker \u00abForge Your Own Chains\u00bb 4:45 5. Shin Jung Hyun and the Men feat. Jang Hyun \u00abTwilight\u00bb 5:40 6. T. Zchiew and The Johnny \u00abLet Yourself Be Free\u00bb 3:46 7. The Strangers \u00abTwo To Make A Pair\u00bb 2:52 8. Damon \u00abDon&#8217;t You Feel Me\u00bb 2:36 9. Ellison \u00abStrawberry Rain\u00bb 5:33 10. Morly Grey \u00abWho Can I Say You Are\u00bb 3:45 11. Shadrack Chameleon \u00abDon&#8217;t Let It Get You Down\u00bb 4:44 12. Ofege \u00abIt&#8217;s Not Easy\u00bb 4:25 13. Ana Y Jaime \u00abNina Nana\u00bb 3:18 14. Kourosh Yaghmaei \u00abHajm-e Khaali\u00bb 2:42 15. Baby Grandmothers \u00abSomebody&#8217;s Calling My Name\u00bb 9:13.<\/p>\n","protected":false},"excerpt":{"rendered":"<p>\u00abHeavy Psychedelic Ballads and Dirges, 1968-1974\u00bb. Doble LP con s\u00faper-psicod\u00e9licos temas 60s-70s de todos los rincones del mundo: USA, Nigeria, Colombia, Suecia,<a class=\"read\" href=\"https:\/\/wpguerssen-test.odoo.rgbconsulting.com\/es\/producto\/forge-your-own-chains-2lp\/\"> (...)<\/a>","protected":false},"featured_media":251074,"template":"","meta":{"_acf_changed":false},"product_brand":[],"product_cat":[21639],"product_tag":[],"class_list":{"0":"post-249534","1":"product","2":"type-product","3":"status-publish","4":"has-post-thumbnail","6":"product_cat-psychedelic60s-70s-es","7":"pa_artist-various-artists-es","8":"pa_format-2lp-es","9":"pa_gender-psychedelic60s-70s","10":"pa_label-now-again","11":"pa_location-north-america-es","12":"pa_other-filters-vinyl-only-es","14":"first","15":"instock","16":"taxable","17":"shipping-taxable","18":"purchasable","19":"product-type-simple"},"acf":[],"yoast_head":"<!-- This site is optimized with the Yoast SEO plugin v24.9 - https:\/\/yoast.com\/wordpress\/plugins\/seo\/ -->\n<title>VARIOUS ARTISTS - Forge your own chains (2LP) -  (2LP) | Guerssen<\/title>\n<meta name=\"description\" content=\"&quot;Heavy Psychedelic Ballads and Dirges, 1968-1974&quot;: With the same detailed, no-stone-unturned approachused for Deep Funk (The Funky 16 Corners, Cold Heat),Now-Again Records and its owner, Stones Throw Records producer Egon tacklesglobal psychedelia withForge Your Own Chains. #nl# Those of us birthed into record collecting by the Hip Hop midwife revered Jimi Hendrix as well as James Brown. We searched for albums by Mulatu Astatke and Power of Zeus with the same fervor,Egon writes in his introduction to the comp. #nl# Forge Your Own Chainsshowcases music from all corners of the world: Colombia, Nigeria, Sweden, South Korea, Thailand and Iran. The focus in keeping with Now-Agains tradition is on melody,driving rhythms and accessibility. Not one song is included on this compilation because it is from a &#039;rare&#039; album. #nl# Certainly, many of these songs do spring from albums that exchange hands for many thousands of dollars and many of these songs have never seenreissue. #nl# But these songs are all beautiful in their own right and work to form a coherent album. Psychedelic records, long the mainstay of older, grizzled collectors, are giving up new ghostsin the hands of Egon and those of his generation.And, with comps likeForge Your Own Chains, they are inspiring new investigations into our not so distant (and still very much alive) musical past. American gospel, paranoic soul, loner folk, East-Nigerian fuzz, Thai rock, Iranian ballads, and more. Deluxe gatefold jacket contains extensive and detailed liner notes, rare photos, and other ephemera.\" \/>\n<meta name=\"robots\" content=\"index, follow, max-snippet:-1, max-image-preview:large, max-video-preview:-1\" \/>\n<link rel=\"canonical\" href=\"https:\/\/wpguerssen-test.odoo.rgbconsulting.com\/es\/producto\/forge-your-own-chains-2lp\/\" \/>\n<meta property=\"og:locale\" content=\"es_ES\" \/>\n<meta property=\"og:type\" content=\"article\" \/>\n<meta property=\"og:title\" content=\"VARIOUS ARTISTS - Forge your own chains (2LP) -  (2LP) | Guerssen\" \/>\n<meta property=\"og:description\" content=\"&quot;Heavy Psychedelic Ballads and Dirges, 1968-1974&quot;: With the same detailed, no-stone-unturned approachused for Deep Funk (The Funky 16 Corners, Cold Heat),Now-Again Records and its owner, Stones Throw Records producer Egon tacklesglobal psychedelia withForge Your Own Chains. #nl# Those of us birthed into record collecting by the Hip Hop midwife revered Jimi Hendrix as well as James Brown. We searched for albums by Mulatu Astatke and Power of Zeus with the same fervor,Egon writes in his introduction to the comp. #nl# Forge Your Own Chainsshowcases music from all corners of the world: Colombia, Nigeria, Sweden, South Korea, Thailand and Iran. The focus in keeping with Now-Agains tradition is on melody,driving rhythms and accessibility. Not one song is included on this compilation because it is from a &#039;rare&#039; album. #nl# Certainly, many of these songs do spring from albums that exchange hands for many thousands of dollars and many of these songs have never seenreissue. #nl# But these songs are all beautiful in their own right and work to form a coherent album. Psychedelic records, long the mainstay of older, grizzled collectors, are giving up new ghostsin the hands of Egon and those of his generation.And, with comps likeForge Your Own Chains, they are inspiring new investigations into our not so distant (and still very much alive) musical past. American gospel, paranoic soul, loner folk, East-Nigerian fuzz, Thai rock, Iranian ballads, and more. Deluxe gatefold jacket contains extensive and detailed liner notes, rare photos, and other ephemera.\" \/>\n<meta property=\"og:url\" content=\"https:\/\/wpguerssen-test.odoo.rgbconsulting.com\/es\/producto\/forge-your-own-chains-2lp\/\" \/>\n<meta property=\"og:site_name\" content=\"Guerssen records\" \/>\n<meta property=\"article:modified_time\" content=\"2025-02-28T12:47:29+00:00\" \/>\n<meta property=\"og:image\" content=\"https:\/\/wpguerssen-test.odoo.rgbconsulting.com\/wp-content\/uploads\/2024\/02\/10857.jpg\" \/>\n\t<meta property=\"og:image:width\" content=\"243\" \/>\n\t<meta property=\"og:image:height\" content=\"241\" \/>\n\t<meta property=\"og:image:type\" content=\"image\/jpeg\" \/>\n<meta name=\"twitter:card\" content=\"summary_large_image\" \/>\n<meta name=\"twitter:title\" content=\"VARIOUS ARTISTS - Forge your own chains (2LP) -  (2LP) | Guerssen\" \/>\n<meta name=\"twitter:label1\" content=\"Tiempo de lectura\" \/>\n\t<meta name=\"twitter:data1\" content=\"1 minuto\" \/>\n<script type=\"application\/ld+json\" class=\"yoast-schema-graph\">{\"@context\":\"https:\/\/schema.org\",\"@graph\":[{\"@type\":\"WebPage\",\"@id\":\"https:\/\/wpguerssen-test.odoo.rgbconsulting.com\/es\/producto\/forge-your-own-chains-2lp\/\",\"url\":\"https:\/\/wpguerssen-test.odoo.rgbconsulting.com\/es\/producto\/forge-your-own-chains-2lp\/\",\"name\":\"VARIOUS ARTISTS - Forge your own chains (2LP) - (2LP) | Guerssen\",\"isPartOf\":{\"@id\":\"https:\/\/wpguerssen-test.odoo.rgbconsulting.com\/es\/#website\"},\"primaryImageOfPage\":{\"@id\":\"https:\/\/wpguerssen-test.odoo.rgbconsulting.com\/es\/producto\/forge-your-own-chains-2lp\/#primaryimage\"},\"image\":{\"@id\":\"https:\/\/wpguerssen-test.odoo.rgbconsulting.com\/es\/producto\/forge-your-own-chains-2lp\/#primaryimage\"},\"thumbnailUrl\":\"https:\/\/wpguerssen-test.odoo.rgbconsulting.com\/wp-content\/uploads\/2024\/02\/10857.jpg\",\"datePublished\":\"2025-02-27T23:00:00+00:00\",\"dateModified\":\"2025-02-28T12:47:29+00:00\",\"description\":\"\\\"Heavy Psychedelic Ballads and Dirges, 1968-1974\\\": With the same detailed, no-stone-unturned approachused for Deep Funk (The Funky 16 Corners, Cold Heat),Now-Again Records and its owner, Stones Throw Records producer Egon tacklesglobal psychedelia withForge Your Own Chains. #nl# Those of us birthed into record collecting by the Hip Hop midwife revered Jimi Hendrix as well as James Brown. We searched for albums by Mulatu Astatke and Power of Zeus with the same fervor,Egon writes in his introduction to the comp. #nl# Forge Your Own Chainsshowcases music from all corners of the world: Colombia, Nigeria, Sweden, South Korea, Thailand and Iran. The focus in keeping with Now-Agains tradition is on melody,driving rhythms and accessibility. Not one song is included on this compilation because it is from a 'rare' album. #nl# Certainly, many of these songs do spring from albums that exchange hands for many thousands of dollars and many of these songs have never seenreissue. #nl# But these songs are all beautiful in their own right and work to form a coherent album. Psychedelic records, long the mainstay of older, grizzled collectors, are giving up new ghostsin the hands of Egon and those of his generation.And, with comps likeForge Your Own Chains, they are inspiring new investigations into our not so distant (and still very much alive) musical past. American gospel, paranoic soul, loner folk, East-Nigerian fuzz, Thai rock, Iranian ballads, and more. Deluxe gatefold jacket contains extensive and detailed liner notes, rare photos, and other ephemera.\",\"breadcrumb\":{\"@id\":\"https:\/\/wpguerssen-test.odoo.rgbconsulting.com\/es\/producto\/forge-your-own-chains-2lp\/#breadcrumb\"},\"inLanguage\":\"es\",\"potentialAction\":[{\"@type\":\"ReadAction\",\"target\":[\"https:\/\/wpguerssen-test.odoo.rgbconsulting.com\/es\/producto\/forge-your-own-chains-2lp\/\"]}]},{\"@type\":\"ImageObject\",\"inLanguage\":\"es\",\"@id\":\"https:\/\/wpguerssen-test.odoo.rgbconsulting.com\/es\/producto\/forge-your-own-chains-2lp\/#primaryimage\",\"url\":\"https:\/\/wpguerssen-test.odoo.rgbconsulting.com\/wp-content\/uploads\/2024\/02\/10857.jpg\",\"contentUrl\":\"https:\/\/wpguerssen-test.odoo.rgbconsulting.com\/wp-content\/uploads\/2024\/02\/10857.jpg\",\"width\":243,\"height\":241},{\"@type\":\"BreadcrumbList\",\"@id\":\"https:\/\/wpguerssen-test.odoo.rgbconsulting.com\/es\/producto\/forge-your-own-chains-2lp\/#breadcrumb\",\"itemListElement\":[{\"@type\":\"ListItem\",\"position\":1,\"name\":\"Inicio\",\"item\":\"https:\/\/wpguerssen-test.odoo.rgbconsulting.com\/es\/\"},{\"@type\":\"ListItem\",\"position\":2,\"name\":\"Shop\",\"item\":\"https:\/\/wpguerssen-test.odoo.rgbconsulting.com\/shop\/\"},{\"@type\":\"ListItem\",\"position\":3,\"name\":\"Forge your own chains (2LP)\"}]},{\"@type\":\"WebSite\",\"@id\":\"https:\/\/wpguerssen-test.odoo.rgbconsulting.com\/es\/#website\",\"url\":\"https:\/\/wpguerssen-test.odoo.rgbconsulting.com\/es\/\",\"name\":\"Guerssen records\",\"description\":\"psychedelia - progressive - folk - garage \",\"publisher\":{\"@id\":\"https:\/\/wpguerssen-test.odoo.rgbconsulting.com\/es\/#organization\"},\"potentialAction\":[{\"@type\":\"SearchAction\",\"target\":{\"@type\":\"EntryPoint\",\"urlTemplate\":\"https:\/\/wpguerssen-test.odoo.rgbconsulting.com\/es\/?s={search_term_string}\"},\"query-input\":{\"@type\":\"PropertyValueSpecification\",\"valueRequired\":true,\"valueName\":\"search_term_string\"}}],\"inLanguage\":\"es\"},{\"@type\":\"Organization\",\"@id\":\"https:\/\/wpguerssen-test.odoo.rgbconsulting.com\/es\/#organization\",\"name\":\"Guerssen records\",\"url\":\"https:\/\/wpguerssen-test.odoo.rgbconsulting.com\/es\/\",\"logo\":{\"@type\":\"ImageObject\",\"inLanguage\":\"es\",\"@id\":\"https:\/\/wpguerssen-test.odoo.rgbconsulting.com\/es\/#\/schema\/logo\/image\/\",\"url\":\"https:\/\/wpguerssen-test.odoo.rgbconsulting.com\/wp-content\/uploads\/2022\/04\/Logo_Guerssen_trans_100.png\",\"contentUrl\":\"https:\/\/wpguerssen-test.odoo.rgbconsulting.com\/wp-content\/uploads\/2022\/04\/Logo_Guerssen_trans_100.png\",\"width\":122,\"height\":100,\"caption\":\"Guerssen records\"},\"image\":{\"@id\":\"https:\/\/wpguerssen-test.odoo.rgbconsulting.com\/es\/#\/schema\/logo\/image\/\"}}]}<\/script>\n<!-- \/ Yoast SEO plugin. -->","yoast_head_json":{"title":"VARIOUS ARTISTS - Forge your own chains (2LP) -  (2LP) | Guerssen","description":"\"Heavy Psychedelic Ballads and Dirges, 1968-1974\": With the same detailed, no-stone-unturned approachused for Deep Funk (The Funky 16 Corners, Cold Heat),Now-Again Records and its owner, Stones Throw Records producer Egon tacklesglobal psychedelia withForge Your Own Chains. #nl# Those of us birthed into record collecting by the Hip Hop midwife revered Jimi Hendrix as well as James Brown. We searched for albums by Mulatu Astatke and Power of Zeus with the same fervor,Egon writes in his introduction to the comp. #nl# Forge Your Own Chainsshowcases music from all corners of the world: Colombia, Nigeria, Sweden, South Korea, Thailand and Iran. The focus in keeping with Now-Agains tradition is on melody,driving rhythms and accessibility. Not one song is included on this compilation because it is from a 'rare' album. #nl# Certainly, many of these songs do spring from albums that exchange hands for many thousands of dollars and many of these songs have never seenreissue. #nl# But these songs are all beautiful in their own right and work to form a coherent album. Psychedelic records, long the mainstay of older, grizzled collectors, are giving up new ghostsin the hands of Egon and those of his generation.And, with comps likeForge Your Own Chains, they are inspiring new investigations into our not so distant (and still very much alive) musical past. American gospel, paranoic soul, loner folk, East-Nigerian fuzz, Thai rock, Iranian ballads, and more. Deluxe gatefold jacket contains extensive and detailed liner notes, rare photos, and other ephemera.","robots":{"index":"index","follow":"follow","max-snippet":"max-snippet:-1","max-image-preview":"max-image-preview:large","max-video-preview":"max-video-preview:-1"},"canonical":"https:\/\/wpguerssen-test.odoo.rgbconsulting.com\/es\/producto\/forge-your-own-chains-2lp\/","og_locale":"es_ES","og_type":"article","og_title":"VARIOUS ARTISTS - Forge your own chains (2LP) -  (2LP) | Guerssen","og_description":"\"Heavy Psychedelic Ballads and Dirges, 1968-1974\": With the same detailed, no-stone-unturned approachused for Deep Funk (The Funky 16 Corners, Cold Heat),Now-Again Records and its owner, Stones Throw Records producer Egon tacklesglobal psychedelia withForge Your Own Chains. #nl# Those of us birthed into record collecting by the Hip Hop midwife revered Jimi Hendrix as well as James Brown. We searched for albums by Mulatu Astatke and Power of Zeus with the same fervor,Egon writes in his introduction to the comp. #nl# Forge Your Own Chainsshowcases music from all corners of the world: Colombia, Nigeria, Sweden, South Korea, Thailand and Iran. The focus in keeping with Now-Agains tradition is on melody,driving rhythms and accessibility. Not one song is included on this compilation because it is from a 'rare' album. #nl# Certainly, many of these songs do spring from albums that exchange hands for many thousands of dollars and many of these songs have never seenreissue. #nl# But these songs are all beautiful in their own right and work to form a coherent album. Psychedelic records, long the mainstay of older, grizzled collectors, are giving up new ghostsin the hands of Egon and those of his generation.And, with comps likeForge Your Own Chains, they are inspiring new investigations into our not so distant (and still very much alive) musical past. American gospel, paranoic soul, loner folk, East-Nigerian fuzz, Thai rock, Iranian ballads, and more. Deluxe gatefold jacket contains extensive and detailed liner notes, rare photos, and other ephemera.","og_url":"https:\/\/wpguerssen-test.odoo.rgbconsulting.com\/es\/producto\/forge-your-own-chains-2lp\/","og_site_name":"Guerssen records","article_modified_time":"2025-02-28T12:47:29+00:00","og_image":[{"width":243,"height":241,"url":"https:\/\/wpguerssen-test.odoo.rgbconsulting.com\/wp-content\/uploads\/2024\/02\/10857.jpg","type":"image\/jpeg"}],"twitter_card":"summary_large_image","twitter_title":"VARIOUS ARTISTS - Forge your own chains (2LP) -  (2LP) | Guerssen","twitter_misc":{"Tiempo de lectura":"1 minuto"},"schema":{"@context":"https:\/\/schema.org","@graph":[{"@type":"WebPage","@id":"https:\/\/wpguerssen-test.odoo.rgbconsulting.com\/es\/producto\/forge-your-own-chains-2lp\/","url":"https:\/\/wpguerssen-test.odoo.rgbconsulting.com\/es\/producto\/forge-your-own-chains-2lp\/","name":"VARIOUS ARTISTS - Forge your own chains (2LP) - (2LP) | Guerssen","isPartOf":{"@id":"https:\/\/wpguerssen-test.odoo.rgbconsulting.com\/es\/#website"},"primaryImageOfPage":{"@id":"https:\/\/wpguerssen-test.odoo.rgbconsulting.com\/es\/producto\/forge-your-own-chains-2lp\/#primaryimage"},"image":{"@id":"https:\/\/wpguerssen-test.odoo.rgbconsulting.com\/es\/producto\/forge-your-own-chains-2lp\/#primaryimage"},"thumbnailUrl":"https:\/\/wpguerssen-test.odoo.rgbconsulting.com\/wp-content\/uploads\/2024\/02\/10857.jpg","datePublished":"2025-02-27T23:00:00+00:00","dateModified":"2025-02-28T12:47:29+00:00","description":"\"Heavy Psychedelic Ballads and Dirges, 1968-1974\": With the same detailed, no-stone-unturned approachused for Deep Funk (The Funky 16 Corners, Cold Heat),Now-Again Records and its owner, Stones Throw Records producer Egon tacklesglobal psychedelia withForge Your Own Chains. #nl# Those of us birthed into record collecting by the Hip Hop midwife revered Jimi Hendrix as well as James Brown. We searched for albums by Mulatu Astatke and Power of Zeus with the same fervor,Egon writes in his introduction to the comp. #nl# Forge Your Own Chainsshowcases music from all corners of the world: Colombia, Nigeria, Sweden, South Korea, Thailand and Iran. The focus in keeping with Now-Agains tradition is on melody,driving rhythms and accessibility. Not one song is included on this compilation because it is from a 'rare' album. #nl# Certainly, many of these songs do spring from albums that exchange hands for many thousands of dollars and many of these songs have never seenreissue. #nl# But these songs are all beautiful in their own right and work to form a coherent album. Psychedelic records, long the mainstay of older, grizzled collectors, are giving up new ghostsin the hands of Egon and those of his generation.And, with comps likeForge Your Own Chains, they are inspiring new investigations into our not so distant (and still very much alive) musical past. American gospel, paranoic soul, loner folk, East-Nigerian fuzz, Thai rock, Iranian ballads, and more. Deluxe gatefold jacket contains extensive and detailed liner notes, rare photos, and other ephemera.","breadcrumb":{"@id":"https:\/\/wpguerssen-test.odoo.rgbconsulting.com\/es\/producto\/forge-your-own-chains-2lp\/#breadcrumb"},"inLanguage":"es","potentialAction":[{"@type":"ReadAction","target":["https:\/\/wpguerssen-test.odoo.rgbconsulting.com\/es\/producto\/forge-your-own-chains-2lp\/"]}]},{"@type":"ImageObject","inLanguage":"es","@id":"https:\/\/wpguerssen-test.odoo.rgbconsulting.com\/es\/producto\/forge-your-own-chains-2lp\/#primaryimage","url":"https:\/\/wpguerssen-test.odoo.rgbconsulting.com\/wp-content\/uploads\/2024\/02\/10857.jpg","contentUrl":"https:\/\/wpguerssen-test.odoo.rgbconsulting.com\/wp-content\/uploads\/2024\/02\/10857.jpg","width":243,"height":241},{"@type":"BreadcrumbList","@id":"https:\/\/wpguerssen-test.odoo.rgbconsulting.com\/es\/producto\/forge-your-own-chains-2lp\/#breadcrumb","itemListElement":[{"@type":"ListItem","position":1,"name":"Inicio","item":"https:\/\/wpguerssen-test.odoo.rgbconsulting.com\/es\/"},{"@type":"ListItem","position":2,"name":"Shop","item":"https:\/\/wpguerssen-test.odoo.rgbconsulting.com\/shop\/"},{"@type":"ListItem","position":3,"name":"Forge your own chains (2LP)"}]},{"@type":"WebSite","@id":"https:\/\/wpguerssen-test.odoo.rgbconsulting.com\/es\/#website","url":"https:\/\/wpguerssen-test.odoo.rgbconsulting.com\/es\/","name":"Guerssen records","description":"psychedelia - progressive - folk - garage ","publisher":{"@id":"https:\/\/wpguerssen-test.odoo.rgbconsulting.com\/es\/#organization"},"potentialAction":[{"@type":"SearchAction","target":{"@type":"EntryPoint","urlTemplate":"https:\/\/wpguerssen-test.odoo.rgbconsulting.com\/es\/?s={search_term_string}"},"query-input":{"@type":"PropertyValueSpecification","valueRequired":true,"valueName":"search_term_string"}}],"inLanguage":"es"},{"@type":"Organization","@id":"https:\/\/wpguerssen-test.odoo.rgbconsulting.com\/es\/#organization","name":"Guerssen records","url":"https:\/\/wpguerssen-test.odoo.rgbconsulting.com\/es\/","logo":{"@type":"ImageObject","inLanguage":"es","@id":"https:\/\/wpguerssen-test.odoo.rgbconsulting.com\/es\/#\/schema\/logo\/image\/","url":"https:\/\/wpguerssen-test.odoo.rgbconsulting.com\/wp-content\/uploads\/2022\/04\/Logo_Guerssen_trans_100.png","contentUrl":"https:\/\/wpguerssen-test.odoo.rgbconsulting.com\/wp-content\/uploads\/2022\/04\/Logo_Guerssen_trans_100.png","width":122,"height":100,"caption":"Guerssen records"},"image":{"@id":"https:\/\/wpguerssen-test.odoo.rgbconsulting.com\/es\/#\/schema\/logo\/image\/"}}]}},"_links":{"self":[{"href":"https:\/\/wpguerssen-test.odoo.rgbconsulting.com\/es\/wp-json\/wp\/v2\/product\/249534","targetHints":{"allow":["GET"]}}],"collection":[{"href":"https:\/\/wpguerssen-test.odoo.rgbconsulting.com\/es\/wp-json\/wp\/v2\/product"}],"about":[{"href":"https:\/\/wpguerssen-test.odoo.rgbconsulting.com\/es\/wp-json\/wp\/v2\/types\/product"}],"wp:featuredmedia":[{"embeddable":true,"href":"https:\/\/wpguerssen-test.odoo.rgbconsulting.com\/es\/wp-json\/wp\/v2\/media\/251074"}],"wp:attachment":[{"href":"https:\/\/wpguerssen-test.odoo.rgbconsulting.com\/es\/wp-json\/wp\/v2\/media?parent=249534"}],"wp:term":[{"taxonomy":"product_brand","embeddable":true,"href":"https:\/\/wpguerssen-test.odoo.rgbconsulting.com\/es\/wp-json\/wp\/v2\/product_brand?post=249534"},{"taxonomy":"product_cat","embeddable":true,"href":"https:\/\/wpguerssen-test.odoo.rgbconsulting.com\/es\/wp-json\/wp\/v2\/product_cat?post=249534"},{"taxonomy":"product_tag","embeddable":true,"href":"https:\/\/wpguerssen-test.odoo.rgbconsulting.com\/es\/wp-json\/wp\/v2\/product_tag?post=249534"}],"curies":[{"name":"wp","href":"https:\/\/api.w.org\/{rel}","templated":true}]}}