{"id":249535,"date":"2025-02-28T00:00:00","date_gmt":"2025-02-27T23:00:00","guid":{"rendered":"https:\/\/wpguerssen-test.odoo.rgbconsulting.com\/product\/brazilian-guitar-fuzz-bananas-2lp\/"},"modified":"2025-04-22T16:56:35","modified_gmt":"2025-04-22T14:56:35","slug":"brazilian-guitar-fuzz-bananas-2lp","status":"publish","type":"product","link":"https:\/\/wpguerssen-test.odoo.rgbconsulting.com\/es\/producto\/brazilian-guitar-fuzz-bananas-2lp\/","title":{"rendered":"Brazilian guitar fuzz bananas (2LP)"},"content":{"rendered":"<p>Tropicalista Psychedelic Masterpieces 1967-1976&#8243;. Tremenda recopilaci\u00f3n con s\u00faper raros y desconocidos hasta ahora singles brasile\u00f1os de psicodelia-tropicalia con fuzz a manta! Sonido remasterizado y portada abierta con detalladoas notas y fotos. Incluye gafas 3-D!!<BR>Tracks: 1. Celio Balona &#8211; &#8216;Tema De Batman&#8217; 2. Loyce E Os Gnomes &#8211; &#8216;Era Uma Nota De&#8217; 3. The Youngsters &#8211; &#8216;I Want To Be Your Man&#8217; 4. Serguei &#8211; &#8216;Ourico&#8217; 5. Fabio &#8211; &#8216;Lindo Sonho Delirante&#8217; 6. Tony E Som Colorido &#8211; &#8216;O Carona&#8217; 7. 14 Bis &#8211; &#8216;God Save The Queen&#8217; 8. Banda De 7 Legues &#8211; &#8216;Dia De Chuva&#8217; 9. Ton E Sergio &#8211; &#8216;Vou Sair De Cateveiro&#8217; 10. Ely &#8211; &#8216;As Turbinas Estao Ligadas&#8217; 11. Com Os Falcoes Reais &#8211; &#8216;Ele Seculo XX&#8217; 12. Marisa Rossi &#8211; &#8216;Cinturao De Fogo&#8217; 13. The Pops &#8211; &#8216;Som Imaginario De Jimmi Hendrix&#8217; 14. Loyce E Os Gnomes &#8211; &#8216;Que E Isso?&#8217; 15. Piry &#8211; &#8216;Heroi Moderno&#8217; 16. Mac Rybell &#8211; &#8216;The Lantern&#8217;.<\/p>\n","protected":false},"excerpt":{"rendered":"<p>Tropicalista Psychedelic Masterpieces 1967-1976&#8243;. Tremenda recopilaci\u00f3n con s\u00faper raros y desconocidos hasta ahora singles brasile\u00f1os de psicodelia-tropicalia<a class=\"read\" href=\"https:\/\/wpguerssen-test.odoo.rgbconsulting.com\/es\/producto\/brazilian-guitar-fuzz-bananas-2lp\/\"> (...)<\/a>","protected":false},"featured_media":251076,"template":"","meta":{"_acf_changed":false},"product_brand":[],"product_cat":[21639,23219],"product_tag":[],"class_list":{"0":"post-249535","1":"product","2":"type-product","3":"status-publish","4":"has-post-thumbnail","6":"product_cat-psychedelic60s-70s-es","7":"product_cat-funk-es","8":"pa_artist-various-artists-es","9":"pa_format-2lp-es","10":"pa_gender-psychedelic60s-70s-funk","11":"pa_label-world-psychedelia","12":"pa_location-south-america-caribbean-es","13":"pa_other-filters-vinyl-only-es","15":"first","16":"instock","17":"taxable","18":"shipping-taxable","19":"purchasable","20":"product-type-simple"},"acf":[],"yoast_head":"<!-- This site is optimized with the Yoast SEO plugin v24.9 - https:\/\/yoast.com\/wordpress\/plugins\/seo\/ -->\n<title>VARIOUS ARTISTS - Brazilian guitar fuzz bananas (2LP) -  (2LP) | Guerssen<\/title>\n<meta name=\"description\" content=\"Tropicalista Psychedelic Masterpieces 1967-1976&quot;. Brazilian Guitar Fuzz Bananas should serve as a master class for those entranced by the funky, heavy psychedelic wonders of the Tropicalia movement and all that it spawned. #nl# Some of the rarest and best examples of fuzzy, funky Brazilian psychedelia, originally released on promo-only 7-inch records from 1967 to 1976. Each song contained on this album has never been reissued, and has been restored from the best source possible and remastered for near-perfect sound quality. #nl# Gatefold jacket includes detailed liner notes with a wealth of imagery and detailed histories in both English and Portuguese. Free 3D glasses included! #nl# Tracks: 1. Celio Balona - &#039;Tema De Batman&#039; 2. Loyce E Os Gnomes - &#039;Era Uma Nota De&#039; 3. The Youngsters - &#039;I Want To Be Your Man&#039; 4. Serguei - &#039;Ourico&#039; 5. Fabio - &#039;Lindo Sonho Delirante&#039; 6. Tony E Som Colorido - &#039;O Carona&#039; 7. 14 Bis - &#039;God Save The Queen&#039; 8. Banda De 7 Legues - &#039;Dia De Chuva&#039; 9. Ton E Sergio - &#039;Vou Sair De Cateveiro&#039; 10. Ely - &#039;As Turbinas Estao Ligadas&#039; 11. Com Os Falcoes Reais - &#039;Ele Seculo XX&#039; 12. Marisa Rossi - &#039;Cinturao De Fogo&#039; 13. The Pops - &#039;Som Imaginario De Jimmi Hendrix&#039; 14. Loyce E Os Gnomes - &#039;Que E Isso?&#039; 15. Piry - &#039;Heroi Moderno&#039; 16. Mac Rybell - &#039;The Lantern&#039;.\" \/>\n<meta name=\"robots\" content=\"index, follow, max-snippet:-1, max-image-preview:large, max-video-preview:-1\" \/>\n<link rel=\"canonical\" href=\"https:\/\/wpguerssen-test.odoo.rgbconsulting.com\/es\/producto\/brazilian-guitar-fuzz-bananas-2lp\/\" \/>\n<meta property=\"og:locale\" content=\"es_ES\" \/>\n<meta property=\"og:type\" content=\"article\" \/>\n<meta property=\"og:title\" content=\"VARIOUS ARTISTS - Brazilian guitar fuzz bananas (2LP) -  (2LP) | Guerssen\" \/>\n<meta property=\"og:description\" content=\"Tropicalista Psychedelic Masterpieces 1967-1976&quot;. Brazilian Guitar Fuzz Bananas should serve as a master class for those entranced by the funky, heavy psychedelic wonders of the Tropicalia movement and all that it spawned. #nl# Some of the rarest and best examples of fuzzy, funky Brazilian psychedelia, originally released on promo-only 7-inch records from 1967 to 1976. Each song contained on this album has never been reissued, and has been restored from the best source possible and remastered for near-perfect sound quality. #nl# Gatefold jacket includes detailed liner notes with a wealth of imagery and detailed histories in both English and Portuguese. Free 3D glasses included! #nl# Tracks: 1. Celio Balona - &#039;Tema De Batman&#039; 2. Loyce E Os Gnomes - &#039;Era Uma Nota De&#039; 3. The Youngsters - &#039;I Want To Be Your Man&#039; 4. Serguei - &#039;Ourico&#039; 5. Fabio - &#039;Lindo Sonho Delirante&#039; 6. Tony E Som Colorido - &#039;O Carona&#039; 7. 14 Bis - &#039;God Save The Queen&#039; 8. Banda De 7 Legues - &#039;Dia De Chuva&#039; 9. Ton E Sergio - &#039;Vou Sair De Cateveiro&#039; 10. Ely - &#039;As Turbinas Estao Ligadas&#039; 11. Com Os Falcoes Reais - &#039;Ele Seculo XX&#039; 12. Marisa Rossi - &#039;Cinturao De Fogo&#039; 13. The Pops - &#039;Som Imaginario De Jimmi Hendrix&#039; 14. Loyce E Os Gnomes - &#039;Que E Isso?&#039; 15. Piry - &#039;Heroi Moderno&#039; 16. Mac Rybell - &#039;The Lantern&#039;.\" \/>\n<meta property=\"og:url\" content=\"https:\/\/wpguerssen-test.odoo.rgbconsulting.com\/es\/producto\/brazilian-guitar-fuzz-bananas-2lp\/\" \/>\n<meta property=\"og:site_name\" content=\"Guerssen records\" \/>\n<meta property=\"article:modified_time\" content=\"2025-04-22T14:56:35+00:00\" \/>\n<meta property=\"og:image\" content=\"https:\/\/wpguerssen-test.odoo.rgbconsulting.com\/wp-content\/uploads\/2024\/02\/11181.jpg\" \/>\n\t<meta property=\"og:image:width\" content=\"243\" \/>\n\t<meta property=\"og:image:height\" content=\"242\" \/>\n\t<meta property=\"og:image:type\" content=\"image\/jpeg\" \/>\n<meta name=\"twitter:card\" content=\"summary_large_image\" \/>\n<meta name=\"twitter:title\" content=\"VARIOUS ARTISTS - Brazilian guitar fuzz bananas (2LP) -  (2LP) | Guerssen\" \/>\n<meta name=\"twitter:label1\" content=\"Tiempo de lectura\" \/>\n\t<meta name=\"twitter:data1\" content=\"1 minuto\" \/>\n<script type=\"application\/ld+json\" class=\"yoast-schema-graph\">{\"@context\":\"https:\/\/schema.org\",\"@graph\":[{\"@type\":\"WebPage\",\"@id\":\"https:\/\/wpguerssen-test.odoo.rgbconsulting.com\/es\/producto\/brazilian-guitar-fuzz-bananas-2lp\/\",\"url\":\"https:\/\/wpguerssen-test.odoo.rgbconsulting.com\/es\/producto\/brazilian-guitar-fuzz-bananas-2lp\/\",\"name\":\"VARIOUS ARTISTS - Brazilian guitar fuzz bananas (2LP) - (2LP) | Guerssen\",\"isPartOf\":{\"@id\":\"https:\/\/wpguerssen-test.odoo.rgbconsulting.com\/es\/#website\"},\"primaryImageOfPage\":{\"@id\":\"https:\/\/wpguerssen-test.odoo.rgbconsulting.com\/es\/producto\/brazilian-guitar-fuzz-bananas-2lp\/#primaryimage\"},\"image\":{\"@id\":\"https:\/\/wpguerssen-test.odoo.rgbconsulting.com\/es\/producto\/brazilian-guitar-fuzz-bananas-2lp\/#primaryimage\"},\"thumbnailUrl\":\"https:\/\/wpguerssen-test.odoo.rgbconsulting.com\/wp-content\/uploads\/2024\/02\/11181.jpg\",\"datePublished\":\"2025-02-27T23:00:00+00:00\",\"dateModified\":\"2025-04-22T14:56:35+00:00\",\"description\":\"Tropicalista Psychedelic Masterpieces 1967-1976\\\". Brazilian Guitar Fuzz Bananas should serve as a master class for those entranced by the funky, heavy psychedelic wonders of the Tropicalia movement and all that it spawned. #nl# Some of the rarest and best examples of fuzzy, funky Brazilian psychedelia, originally released on promo-only 7-inch records from 1967 to 1976. Each song contained on this album has never been reissued, and has been restored from the best source possible and remastered for near-perfect sound quality. #nl# Gatefold jacket includes detailed liner notes with a wealth of imagery and detailed histories in both English and Portuguese. Free 3D glasses included! #nl# Tracks: 1. Celio Balona - 'Tema De Batman' 2. Loyce E Os Gnomes - 'Era Uma Nota De' 3. The Youngsters - 'I Want To Be Your Man' 4. Serguei - 'Ourico' 5. Fabio - 'Lindo Sonho Delirante' 6. Tony E Som Colorido - 'O Carona' 7. 14 Bis - 'God Save The Queen' 8. Banda De 7 Legues - 'Dia De Chuva' 9. Ton E Sergio - 'Vou Sair De Cateveiro' 10. Ely - 'As Turbinas Estao Ligadas' 11. Com Os Falcoes Reais - 'Ele Seculo XX' 12. Marisa Rossi - 'Cinturao De Fogo' 13. The Pops - 'Som Imaginario De Jimmi Hendrix' 14. Loyce E Os Gnomes - 'Que E Isso?' 15. Piry - 'Heroi Moderno' 16. Mac Rybell - 'The Lantern'.\",\"breadcrumb\":{\"@id\":\"https:\/\/wpguerssen-test.odoo.rgbconsulting.com\/es\/producto\/brazilian-guitar-fuzz-bananas-2lp\/#breadcrumb\"},\"inLanguage\":\"es\",\"potentialAction\":[{\"@type\":\"ReadAction\",\"target\":[\"https:\/\/wpguerssen-test.odoo.rgbconsulting.com\/es\/producto\/brazilian-guitar-fuzz-bananas-2lp\/\"]}]},{\"@type\":\"ImageObject\",\"inLanguage\":\"es\",\"@id\":\"https:\/\/wpguerssen-test.odoo.rgbconsulting.com\/es\/producto\/brazilian-guitar-fuzz-bananas-2lp\/#primaryimage\",\"url\":\"https:\/\/wpguerssen-test.odoo.rgbconsulting.com\/wp-content\/uploads\/2024\/02\/11181.jpg\",\"contentUrl\":\"https:\/\/wpguerssen-test.odoo.rgbconsulting.com\/wp-content\/uploads\/2024\/02\/11181.jpg\",\"width\":243,\"height\":242},{\"@type\":\"BreadcrumbList\",\"@id\":\"https:\/\/wpguerssen-test.odoo.rgbconsulting.com\/es\/producto\/brazilian-guitar-fuzz-bananas-2lp\/#breadcrumb\",\"itemListElement\":[{\"@type\":\"ListItem\",\"position\":1,\"name\":\"Inicio\",\"item\":\"https:\/\/wpguerssen-test.odoo.rgbconsulting.com\/es\/\"},{\"@type\":\"ListItem\",\"position\":2,\"name\":\"Shop\",\"item\":\"https:\/\/wpguerssen-test.odoo.rgbconsulting.com\/shop\/\"},{\"@type\":\"ListItem\",\"position\":3,\"name\":\"Brazilian guitar fuzz bananas (2LP)\"}]},{\"@type\":\"WebSite\",\"@id\":\"https:\/\/wpguerssen-test.odoo.rgbconsulting.com\/es\/#website\",\"url\":\"https:\/\/wpguerssen-test.odoo.rgbconsulting.com\/es\/\",\"name\":\"Guerssen records\",\"description\":\"psychedelia - progressive - folk - garage \",\"publisher\":{\"@id\":\"https:\/\/wpguerssen-test.odoo.rgbconsulting.com\/es\/#organization\"},\"potentialAction\":[{\"@type\":\"SearchAction\",\"target\":{\"@type\":\"EntryPoint\",\"urlTemplate\":\"https:\/\/wpguerssen-test.odoo.rgbconsulting.com\/es\/?s={search_term_string}\"},\"query-input\":{\"@type\":\"PropertyValueSpecification\",\"valueRequired\":true,\"valueName\":\"search_term_string\"}}],\"inLanguage\":\"es\"},{\"@type\":\"Organization\",\"@id\":\"https:\/\/wpguerssen-test.odoo.rgbconsulting.com\/es\/#organization\",\"name\":\"Guerssen records\",\"url\":\"https:\/\/wpguerssen-test.odoo.rgbconsulting.com\/es\/\",\"logo\":{\"@type\":\"ImageObject\",\"inLanguage\":\"es\",\"@id\":\"https:\/\/wpguerssen-test.odoo.rgbconsulting.com\/es\/#\/schema\/logo\/image\/\",\"url\":\"https:\/\/wpguerssen-test.odoo.rgbconsulting.com\/wp-content\/uploads\/2022\/04\/Logo_Guerssen_trans_100.png\",\"contentUrl\":\"https:\/\/wpguerssen-test.odoo.rgbconsulting.com\/wp-content\/uploads\/2022\/04\/Logo_Guerssen_trans_100.png\",\"width\":122,\"height\":100,\"caption\":\"Guerssen records\"},\"image\":{\"@id\":\"https:\/\/wpguerssen-test.odoo.rgbconsulting.com\/es\/#\/schema\/logo\/image\/\"}}]}<\/script>\n<!-- \/ Yoast SEO plugin. -->","yoast_head_json":{"title":"VARIOUS ARTISTS - Brazilian guitar fuzz bananas (2LP) -  (2LP) | Guerssen","description":"Tropicalista Psychedelic Masterpieces 1967-1976\". Brazilian Guitar Fuzz Bananas should serve as a master class for those entranced by the funky, heavy psychedelic wonders of the Tropicalia movement and all that it spawned. #nl# Some of the rarest and best examples of fuzzy, funky Brazilian psychedelia, originally released on promo-only 7-inch records from 1967 to 1976. Each song contained on this album has never been reissued, and has been restored from the best source possible and remastered for near-perfect sound quality. #nl# Gatefold jacket includes detailed liner notes with a wealth of imagery and detailed histories in both English and Portuguese. Free 3D glasses included! #nl# Tracks: 1. Celio Balona - 'Tema De Batman' 2. Loyce E Os Gnomes - 'Era Uma Nota De' 3. The Youngsters - 'I Want To Be Your Man' 4. Serguei - 'Ourico' 5. Fabio - 'Lindo Sonho Delirante' 6. Tony E Som Colorido - 'O Carona' 7. 14 Bis - 'God Save The Queen' 8. Banda De 7 Legues - 'Dia De Chuva' 9. Ton E Sergio - 'Vou Sair De Cateveiro' 10. Ely - 'As Turbinas Estao Ligadas' 11. Com Os Falcoes Reais - 'Ele Seculo XX' 12. Marisa Rossi - 'Cinturao De Fogo' 13. The Pops - 'Som Imaginario De Jimmi Hendrix' 14. Loyce E Os Gnomes - 'Que E Isso?' 15. Piry - 'Heroi Moderno' 16. Mac Rybell - 'The Lantern'.","robots":{"index":"index","follow":"follow","max-snippet":"max-snippet:-1","max-image-preview":"max-image-preview:large","max-video-preview":"max-video-preview:-1"},"canonical":"https:\/\/wpguerssen-test.odoo.rgbconsulting.com\/es\/producto\/brazilian-guitar-fuzz-bananas-2lp\/","og_locale":"es_ES","og_type":"article","og_title":"VARIOUS ARTISTS - Brazilian guitar fuzz bananas (2LP) -  (2LP) | Guerssen","og_description":"Tropicalista Psychedelic Masterpieces 1967-1976\". Brazilian Guitar Fuzz Bananas should serve as a master class for those entranced by the funky, heavy psychedelic wonders of the Tropicalia movement and all that it spawned. #nl# Some of the rarest and best examples of fuzzy, funky Brazilian psychedelia, originally released on promo-only 7-inch records from 1967 to 1976. Each song contained on this album has never been reissued, and has been restored from the best source possible and remastered for near-perfect sound quality. #nl# Gatefold jacket includes detailed liner notes with a wealth of imagery and detailed histories in both English and Portuguese. Free 3D glasses included! #nl# Tracks: 1. Celio Balona - 'Tema De Batman' 2. Loyce E Os Gnomes - 'Era Uma Nota De' 3. The Youngsters - 'I Want To Be Your Man' 4. Serguei - 'Ourico' 5. Fabio - 'Lindo Sonho Delirante' 6. Tony E Som Colorido - 'O Carona' 7. 14 Bis - 'God Save The Queen' 8. Banda De 7 Legues - 'Dia De Chuva' 9. Ton E Sergio - 'Vou Sair De Cateveiro' 10. Ely - 'As Turbinas Estao Ligadas' 11. Com Os Falcoes Reais - 'Ele Seculo XX' 12. Marisa Rossi - 'Cinturao De Fogo' 13. The Pops - 'Som Imaginario De Jimmi Hendrix' 14. Loyce E Os Gnomes - 'Que E Isso?' 15. Piry - 'Heroi Moderno' 16. Mac Rybell - 'The Lantern'.","og_url":"https:\/\/wpguerssen-test.odoo.rgbconsulting.com\/es\/producto\/brazilian-guitar-fuzz-bananas-2lp\/","og_site_name":"Guerssen records","article_modified_time":"2025-04-22T14:56:35+00:00","og_image":[{"width":243,"height":242,"url":"https:\/\/wpguerssen-test.odoo.rgbconsulting.com\/wp-content\/uploads\/2024\/02\/11181.jpg","type":"image\/jpeg"}],"twitter_card":"summary_large_image","twitter_title":"VARIOUS ARTISTS - Brazilian guitar fuzz bananas (2LP) -  (2LP) | Guerssen","twitter_misc":{"Tiempo de lectura":"1 minuto"},"schema":{"@context":"https:\/\/schema.org","@graph":[{"@type":"WebPage","@id":"https:\/\/wpguerssen-test.odoo.rgbconsulting.com\/es\/producto\/brazilian-guitar-fuzz-bananas-2lp\/","url":"https:\/\/wpguerssen-test.odoo.rgbconsulting.com\/es\/producto\/brazilian-guitar-fuzz-bananas-2lp\/","name":"VARIOUS ARTISTS - Brazilian guitar fuzz bananas (2LP) - (2LP) | Guerssen","isPartOf":{"@id":"https:\/\/wpguerssen-test.odoo.rgbconsulting.com\/es\/#website"},"primaryImageOfPage":{"@id":"https:\/\/wpguerssen-test.odoo.rgbconsulting.com\/es\/producto\/brazilian-guitar-fuzz-bananas-2lp\/#primaryimage"},"image":{"@id":"https:\/\/wpguerssen-test.odoo.rgbconsulting.com\/es\/producto\/brazilian-guitar-fuzz-bananas-2lp\/#primaryimage"},"thumbnailUrl":"https:\/\/wpguerssen-test.odoo.rgbconsulting.com\/wp-content\/uploads\/2024\/02\/11181.jpg","datePublished":"2025-02-27T23:00:00+00:00","dateModified":"2025-04-22T14:56:35+00:00","description":"Tropicalista Psychedelic Masterpieces 1967-1976\". Brazilian Guitar Fuzz Bananas should serve as a master class for those entranced by the funky, heavy psychedelic wonders of the Tropicalia movement and all that it spawned. #nl# Some of the rarest and best examples of fuzzy, funky Brazilian psychedelia, originally released on promo-only 7-inch records from 1967 to 1976. Each song contained on this album has never been reissued, and has been restored from the best source possible and remastered for near-perfect sound quality. #nl# Gatefold jacket includes detailed liner notes with a wealth of imagery and detailed histories in both English and Portuguese. Free 3D glasses included! #nl# Tracks: 1. Celio Balona - 'Tema De Batman' 2. Loyce E Os Gnomes - 'Era Uma Nota De' 3. The Youngsters - 'I Want To Be Your Man' 4. Serguei - 'Ourico' 5. Fabio - 'Lindo Sonho Delirante' 6. Tony E Som Colorido - 'O Carona' 7. 14 Bis - 'God Save The Queen' 8. Banda De 7 Legues - 'Dia De Chuva' 9. Ton E Sergio - 'Vou Sair De Cateveiro' 10. Ely - 'As Turbinas Estao Ligadas' 11. Com Os Falcoes Reais - 'Ele Seculo XX' 12. Marisa Rossi - 'Cinturao De Fogo' 13. The Pops - 'Som Imaginario De Jimmi Hendrix' 14. Loyce E Os Gnomes - 'Que E Isso?' 15. Piry - 'Heroi Moderno' 16. Mac Rybell - 'The Lantern'.","breadcrumb":{"@id":"https:\/\/wpguerssen-test.odoo.rgbconsulting.com\/es\/producto\/brazilian-guitar-fuzz-bananas-2lp\/#breadcrumb"},"inLanguage":"es","potentialAction":[{"@type":"ReadAction","target":["https:\/\/wpguerssen-test.odoo.rgbconsulting.com\/es\/producto\/brazilian-guitar-fuzz-bananas-2lp\/"]}]},{"@type":"ImageObject","inLanguage":"es","@id":"https:\/\/wpguerssen-test.odoo.rgbconsulting.com\/es\/producto\/brazilian-guitar-fuzz-bananas-2lp\/#primaryimage","url":"https:\/\/wpguerssen-test.odoo.rgbconsulting.com\/wp-content\/uploads\/2024\/02\/11181.jpg","contentUrl":"https:\/\/wpguerssen-test.odoo.rgbconsulting.com\/wp-content\/uploads\/2024\/02\/11181.jpg","width":243,"height":242},{"@type":"BreadcrumbList","@id":"https:\/\/wpguerssen-test.odoo.rgbconsulting.com\/es\/producto\/brazilian-guitar-fuzz-bananas-2lp\/#breadcrumb","itemListElement":[{"@type":"ListItem","position":1,"name":"Inicio","item":"https:\/\/wpguerssen-test.odoo.rgbconsulting.com\/es\/"},{"@type":"ListItem","position":2,"name":"Shop","item":"https:\/\/wpguerssen-test.odoo.rgbconsulting.com\/shop\/"},{"@type":"ListItem","position":3,"name":"Brazilian guitar fuzz bananas (2LP)"}]},{"@type":"WebSite","@id":"https:\/\/wpguerssen-test.odoo.rgbconsulting.com\/es\/#website","url":"https:\/\/wpguerssen-test.odoo.rgbconsulting.com\/es\/","name":"Guerssen records","description":"psychedelia - progressive - folk - garage ","publisher":{"@id":"https:\/\/wpguerssen-test.odoo.rgbconsulting.com\/es\/#organization"},"potentialAction":[{"@type":"SearchAction","target":{"@type":"EntryPoint","urlTemplate":"https:\/\/wpguerssen-test.odoo.rgbconsulting.com\/es\/?s={search_term_string}"},"query-input":{"@type":"PropertyValueSpecification","valueRequired":true,"valueName":"search_term_string"}}],"inLanguage":"es"},{"@type":"Organization","@id":"https:\/\/wpguerssen-test.odoo.rgbconsulting.com\/es\/#organization","name":"Guerssen records","url":"https:\/\/wpguerssen-test.odoo.rgbconsulting.com\/es\/","logo":{"@type":"ImageObject","inLanguage":"es","@id":"https:\/\/wpguerssen-test.odoo.rgbconsulting.com\/es\/#\/schema\/logo\/image\/","url":"https:\/\/wpguerssen-test.odoo.rgbconsulting.com\/wp-content\/uploads\/2022\/04\/Logo_Guerssen_trans_100.png","contentUrl":"https:\/\/wpguerssen-test.odoo.rgbconsulting.com\/wp-content\/uploads\/2022\/04\/Logo_Guerssen_trans_100.png","width":122,"height":100,"caption":"Guerssen records"},"image":{"@id":"https:\/\/wpguerssen-test.odoo.rgbconsulting.com\/es\/#\/schema\/logo\/image\/"}}]}},"_links":{"self":[{"href":"https:\/\/wpguerssen-test.odoo.rgbconsulting.com\/es\/wp-json\/wp\/v2\/product\/249535","targetHints":{"allow":["GET"]}}],"collection":[{"href":"https:\/\/wpguerssen-test.odoo.rgbconsulting.com\/es\/wp-json\/wp\/v2\/product"}],"about":[{"href":"https:\/\/wpguerssen-test.odoo.rgbconsulting.com\/es\/wp-json\/wp\/v2\/types\/product"}],"wp:featuredmedia":[{"embeddable":true,"href":"https:\/\/wpguerssen-test.odoo.rgbconsulting.com\/es\/wp-json\/wp\/v2\/media\/251076"}],"wp:attachment":[{"href":"https:\/\/wpguerssen-test.odoo.rgbconsulting.com\/es\/wp-json\/wp\/v2\/media?parent=249535"}],"wp:term":[{"taxonomy":"product_brand","embeddable":true,"href":"https:\/\/wpguerssen-test.odoo.rgbconsulting.com\/es\/wp-json\/wp\/v2\/product_brand?post=249535"},{"taxonomy":"product_cat","embeddable":true,"href":"https:\/\/wpguerssen-test.odoo.rgbconsulting.com\/es\/wp-json\/wp\/v2\/product_cat?post=249535"},{"taxonomy":"product_tag","embeddable":true,"href":"https:\/\/wpguerssen-test.odoo.rgbconsulting.com\/es\/wp-json\/wp\/v2\/product_tag?post=249535"}],"curies":[{"name":"wp","href":"https:\/\/api.w.org\/{rel}","templated":true}]}}