{"id":249547,"date":"2024-02-22T00:00:00","date_gmt":"2024-02-21T23:00:00","guid":{"rendered":"https:\/\/wpguerssen-test.odoo.rgbconsulting.com\/product\/good-aderegechegn-blinsided-by-love-blue\/"},"modified":"2025-01-09T15:41:05","modified_gmt":"2025-01-09T14:41:05","slug":"good-aderegechegn-blinsided-by-love-blue","status":"publish","type":"product","link":"https:\/\/wpguerssen-test.odoo.rgbconsulting.com\/es\/producto\/good-aderegechegn-blinsided-by-love-blue\/","title":{"rendered":"Good Aderegechegn (Blinsided By Love) (Blue)"},"content":{"rendered":"<p>Ayalew Mesfin deja a un lado a personas como Mulatu Astake, Mahmoud Ahmed, Hailu Mergia y Alemayehu Eshete como una leyenda de la Etiop\u00eda de los a\u00f1os 70. La m\u00fasica de Mesfin es una de las m\u00e1s funky que ha surgido en esta invencible naci\u00f3n del este de \u00c1frica.<br \/>La carrera discogr\u00e1fica de Mesfin, capturada en casi dos docenas de sencillos de 7&#8243; y numerosas cintas, muestra los estratos de la d\u00e9cada m\u00e1s f\u00e9rtil en Etiop\u00eda. industria discogr\u00e1fica del siglo XX, cuando los discos eran impresos constantemente tanto por empresas independientes como por gigantes corporativos, incluso si solo se distribu\u00edan dentro de los l\u00edmites de esta naci\u00f3n de \u00c1frica Oriental.<br \/>Aunque Mesfin fue obligado a pasar a la clandestinidad por el r\u00e9gimen de Derg que tom\u00f3 el control de Etiop\u00eda. en 1974, regres\u00f3 casi 50 a\u00f1os despu\u00e9s con este conjunto triunfal de \u00e1lbumes.<br \/>Good Aderegechegn nos brinda la oportunidad de descubrir un momento raro y hermoso en la historia de la m\u00fasica, en una antolog\u00eda construida a partir de sus extremadamentes raros lanzamientos individuales de 7&#8243;. Contiene un libro de gran tama\u00f1o de 11&#8243; x 11&#8243; y 16 p\u00e1ginas que cuenta la historia de la m\u00fasica et\u00edope moderna y el papel de Mesfin dentro de ella.<\/p>\n","protected":false},"excerpt":{"rendered":"<p>Ayalew Mesfin deja a un lado a personas como Mulatu Astake, Mahmoud Ahmed, Hailu Mergia y Alemayehu Eshete como una leyenda de la Etiop\u00eda de los a\u00f1os 70. La m\u00fasica<a class=\"read\" href=\"https:\/\/wpguerssen-test.odoo.rgbconsulting.com\/es\/producto\/good-aderegechegn-blinsided-by-love-blue\/\"> (...)<\/a>","protected":false},"featured_media":249512,"template":"","meta":{"_acf_changed":false},"product_brand":[],"product_cat":[23258,23269],"product_tag":[29140],"class_list":{"0":"post-249547","1":"product","2":"type-product","3":"status-publish","4":"has-post-thumbnail","6":"product_cat-afro-funk-afrobeat-es","7":"product_cat-flamenco-world-music-es","8":"product_tag-color-vinyl-es","9":"pa_artist-mesfin-ayalew","10":"pa_format-lp-es","11":"pa_gender-afro-funk-afrobeat-flamenco-world-music","12":"pa_label-now-again","13":"pa_location-africa-es","14":"pa_other-filters-vinyl-only-es","16":"first","17":"instock","18":"taxable","19":"shipping-taxable","20":"purchasable","21":"product-type-simple"},"acf":[],"yoast_head":"<!-- This site is optimized with the Yoast SEO plugin v24.9 - https:\/\/yoast.com\/wordpress\/plugins\/seo\/ -->\n<title>MESFIN, Ayalew - Good Aderegechegn (Blinsided By Love) (Blue) -  (LP) | Guerssen<\/title>\n<meta name=\"description\" content=\"Ayalew Mesfin stands aside the likes of Mulatu Astake, Mahmoud Ahmed, Hailu Mergia and Alemayehu Eshete as a legend of 1970s Ethiopia. Mesfin&#039;s music is some of the funkiest to arise from this unconquerable East African nation.Mesfin&#039;s recording career, captured in nearly two dozen 7&quot; singles and numerous reel-to-reel tapes, shows the strata of the most fertile decade in Ethiopia&#039;s 20th century recording industry, when records were pressed constantly by both independent upstarts and corporate behemoths, even if they were only distributed within the confines of this East African nation.Though Mesfin was forced underground by the Derg regime that took control of Ethiopia in 1974, he has returned almost 50 years later with this triumphant set albums - the first time that his music has been presented in this form.These albums give us a chance to discover a rare and beautiful moment in music history, in anthologies built from Mesfin&#039;s uber-rare 7&quot; single releases and from previously unreleased recordings taken from master tapes.Good Aderegechegn gives us a chance to discover a rare &amp; beautiful moment in music history, in an anthology built from his uber-rare 7&quot; single releases. Contains an oversized 11&quot; x 11&quot; 16 page book that tells the story of modern Ethiopian music and Mesfin&#039;s role within it.\" \/>\n<meta name=\"robots\" content=\"index, follow, max-snippet:-1, max-image-preview:large, max-video-preview:-1\" \/>\n<link rel=\"canonical\" href=\"https:\/\/wpguerssen-test.odoo.rgbconsulting.com\/es\/producto\/good-aderegechegn-blinsided-by-love-blue\/\" \/>\n<meta property=\"og:locale\" content=\"es_ES\" \/>\n<meta property=\"og:type\" content=\"article\" \/>\n<meta property=\"og:title\" content=\"MESFIN, Ayalew - Good Aderegechegn (Blinsided By Love) (Blue) -  (LP) | Guerssen\" \/>\n<meta property=\"og:description\" content=\"Ayalew Mesfin stands aside the likes of Mulatu Astake, Mahmoud Ahmed, Hailu Mergia and Alemayehu Eshete as a legend of 1970s Ethiopia. Mesfin&#039;s music is some of the funkiest to arise from this unconquerable East African nation.Mesfin&#039;s recording career, captured in nearly two dozen 7&quot; singles and numerous reel-to-reel tapes, shows the strata of the most fertile decade in Ethiopia&#039;s 20th century recording industry, when records were pressed constantly by both independent upstarts and corporate behemoths, even if they were only distributed within the confines of this East African nation.Though Mesfin was forced underground by the Derg regime that took control of Ethiopia in 1974, he has returned almost 50 years later with this triumphant set albums - the first time that his music has been presented in this form.These albums give us a chance to discover a rare and beautiful moment in music history, in anthologies built from Mesfin&#039;s uber-rare 7&quot; single releases and from previously unreleased recordings taken from master tapes.Good Aderegechegn gives us a chance to discover a rare &amp; beautiful moment in music history, in an anthology built from his uber-rare 7&quot; single releases. Contains an oversized 11&quot; x 11&quot; 16 page book that tells the story of modern Ethiopian music and Mesfin&#039;s role within it.\" \/>\n<meta property=\"og:url\" content=\"https:\/\/wpguerssen-test.odoo.rgbconsulting.com\/es\/producto\/good-aderegechegn-blinsided-by-love-blue\/\" \/>\n<meta property=\"og:site_name\" content=\"Guerssen records\" \/>\n<meta property=\"article:modified_time\" content=\"2025-01-09T14:41:05+00:00\" \/>\n<meta property=\"og:image\" content=\"https:\/\/wpguerssen-test.odoo.rgbconsulting.com\/wp-content\/uploads\/2024\/01\/46675.jpg\" \/>\n\t<meta property=\"og:image:width\" content=\"243\" \/>\n\t<meta property=\"og:image:height\" content=\"243\" \/>\n\t<meta property=\"og:image:type\" content=\"image\/jpeg\" \/>\n<meta name=\"twitter:card\" content=\"summary_large_image\" \/>\n<meta name=\"twitter:title\" content=\"MESFIN, Ayalew - Good Aderegechegn (Blinsided By Love) (Blue) -  (LP) | Guerssen\" \/>\n<meta name=\"twitter:label1\" content=\"Tiempo de lectura\" \/>\n\t<meta name=\"twitter:data1\" content=\"1 minuto\" \/>\n<script type=\"application\/ld+json\" class=\"yoast-schema-graph\">{\"@context\":\"https:\/\/schema.org\",\"@graph\":[{\"@type\":\"WebPage\",\"@id\":\"https:\/\/wpguerssen-test.odoo.rgbconsulting.com\/es\/producto\/good-aderegechegn-blinsided-by-love-blue\/\",\"url\":\"https:\/\/wpguerssen-test.odoo.rgbconsulting.com\/es\/producto\/good-aderegechegn-blinsided-by-love-blue\/\",\"name\":\"MESFIN, Ayalew - Good Aderegechegn (Blinsided By Love) (Blue) - (LP) | Guerssen\",\"isPartOf\":{\"@id\":\"https:\/\/wpguerssen-test.odoo.rgbconsulting.com\/es\/#website\"},\"primaryImageOfPage\":{\"@id\":\"https:\/\/wpguerssen-test.odoo.rgbconsulting.com\/es\/producto\/good-aderegechegn-blinsided-by-love-blue\/#primaryimage\"},\"image\":{\"@id\":\"https:\/\/wpguerssen-test.odoo.rgbconsulting.com\/es\/producto\/good-aderegechegn-blinsided-by-love-blue\/#primaryimage\"},\"thumbnailUrl\":\"https:\/\/wpguerssen-test.odoo.rgbconsulting.com\/wp-content\/uploads\/2024\/01\/46675.jpg\",\"datePublished\":\"2024-02-21T23:00:00+00:00\",\"dateModified\":\"2025-01-09T14:41:05+00:00\",\"description\":\"Ayalew Mesfin stands aside the likes of Mulatu Astake, Mahmoud Ahmed, Hailu Mergia and Alemayehu Eshete as a legend of 1970s Ethiopia. Mesfin's music is some of the funkiest to arise from this unconquerable East African nation.Mesfin's recording career, captured in nearly two dozen 7\\\" singles and numerous reel-to-reel tapes, shows the strata of the most fertile decade in Ethiopia's 20th century recording industry, when records were pressed constantly by both independent upstarts and corporate behemoths, even if they were only distributed within the confines of this East African nation.Though Mesfin was forced underground by the Derg regime that took control of Ethiopia in 1974, he has returned almost 50 years later with this triumphant set albums - the first time that his music has been presented in this form.These albums give us a chance to discover a rare and beautiful moment in music history, in anthologies built from Mesfin's uber-rare 7\\\" single releases and from previously unreleased recordings taken from master tapes.Good Aderegechegn gives us a chance to discover a rare & beautiful moment in music history, in an anthology built from his uber-rare 7\\\" single releases. Contains an oversized 11\\\" x 11\\\" 16 page book that tells the story of modern Ethiopian music and Mesfin's role within it.\",\"breadcrumb\":{\"@id\":\"https:\/\/wpguerssen-test.odoo.rgbconsulting.com\/es\/producto\/good-aderegechegn-blinsided-by-love-blue\/#breadcrumb\"},\"inLanguage\":\"es\",\"potentialAction\":[{\"@type\":\"ReadAction\",\"target\":[\"https:\/\/wpguerssen-test.odoo.rgbconsulting.com\/es\/producto\/good-aderegechegn-blinsided-by-love-blue\/\"]}]},{\"@type\":\"ImageObject\",\"inLanguage\":\"es\",\"@id\":\"https:\/\/wpguerssen-test.odoo.rgbconsulting.com\/es\/producto\/good-aderegechegn-blinsided-by-love-blue\/#primaryimage\",\"url\":\"https:\/\/wpguerssen-test.odoo.rgbconsulting.com\/wp-content\/uploads\/2024\/01\/46675.jpg\",\"contentUrl\":\"https:\/\/wpguerssen-test.odoo.rgbconsulting.com\/wp-content\/uploads\/2024\/01\/46675.jpg\",\"width\":243,\"height\":243,\"caption\":\"Ayalew - Good Aderegechegn (Blinsided By Love) (Blue) - NOW AGAIN (LP) | Guerssen\"},{\"@type\":\"BreadcrumbList\",\"@id\":\"https:\/\/wpguerssen-test.odoo.rgbconsulting.com\/es\/producto\/good-aderegechegn-blinsided-by-love-blue\/#breadcrumb\",\"itemListElement\":[{\"@type\":\"ListItem\",\"position\":1,\"name\":\"Inicio\",\"item\":\"https:\/\/wpguerssen-test.odoo.rgbconsulting.com\/es\/\"},{\"@type\":\"ListItem\",\"position\":2,\"name\":\"Shop\",\"item\":\"https:\/\/wpguerssen-test.odoo.rgbconsulting.com\/shop\/\"},{\"@type\":\"ListItem\",\"position\":3,\"name\":\"Good Aderegechegn (Blinsided By Love) (Blue)\"}]},{\"@type\":\"WebSite\",\"@id\":\"https:\/\/wpguerssen-test.odoo.rgbconsulting.com\/es\/#website\",\"url\":\"https:\/\/wpguerssen-test.odoo.rgbconsulting.com\/es\/\",\"name\":\"Guerssen records\",\"description\":\"psychedelia - progressive - folk - garage \",\"publisher\":{\"@id\":\"https:\/\/wpguerssen-test.odoo.rgbconsulting.com\/es\/#organization\"},\"potentialAction\":[{\"@type\":\"SearchAction\",\"target\":{\"@type\":\"EntryPoint\",\"urlTemplate\":\"https:\/\/wpguerssen-test.odoo.rgbconsulting.com\/es\/?s={search_term_string}\"},\"query-input\":{\"@type\":\"PropertyValueSpecification\",\"valueRequired\":true,\"valueName\":\"search_term_string\"}}],\"inLanguage\":\"es\"},{\"@type\":\"Organization\",\"@id\":\"https:\/\/wpguerssen-test.odoo.rgbconsulting.com\/es\/#organization\",\"name\":\"Guerssen records\",\"url\":\"https:\/\/wpguerssen-test.odoo.rgbconsulting.com\/es\/\",\"logo\":{\"@type\":\"ImageObject\",\"inLanguage\":\"es\",\"@id\":\"https:\/\/wpguerssen-test.odoo.rgbconsulting.com\/es\/#\/schema\/logo\/image\/\",\"url\":\"https:\/\/wpguerssen-test.odoo.rgbconsulting.com\/wp-content\/uploads\/2022\/04\/Logo_Guerssen_trans_100.png\",\"contentUrl\":\"https:\/\/wpguerssen-test.odoo.rgbconsulting.com\/wp-content\/uploads\/2022\/04\/Logo_Guerssen_trans_100.png\",\"width\":122,\"height\":100,\"caption\":\"Guerssen records\"},\"image\":{\"@id\":\"https:\/\/wpguerssen-test.odoo.rgbconsulting.com\/es\/#\/schema\/logo\/image\/\"}}]}<\/script>\n<!-- \/ Yoast SEO plugin. -->","yoast_head_json":{"title":"MESFIN, Ayalew - Good Aderegechegn (Blinsided By Love) (Blue) -  (LP) | Guerssen","description":"Ayalew Mesfin stands aside the likes of Mulatu Astake, Mahmoud Ahmed, Hailu Mergia and Alemayehu Eshete as a legend of 1970s Ethiopia. Mesfin's music is some of the funkiest to arise from this unconquerable East African nation.Mesfin's recording career, captured in nearly two dozen 7\" singles and numerous reel-to-reel tapes, shows the strata of the most fertile decade in Ethiopia's 20th century recording industry, when records were pressed constantly by both independent upstarts and corporate behemoths, even if they were only distributed within the confines of this East African nation.Though Mesfin was forced underground by the Derg regime that took control of Ethiopia in 1974, he has returned almost 50 years later with this triumphant set albums - the first time that his music has been presented in this form.These albums give us a chance to discover a rare and beautiful moment in music history, in anthologies built from Mesfin's uber-rare 7\" single releases and from previously unreleased recordings taken from master tapes.Good Aderegechegn gives us a chance to discover a rare & beautiful moment in music history, in an anthology built from his uber-rare 7\" single releases. Contains an oversized 11\" x 11\" 16 page book that tells the story of modern Ethiopian music and Mesfin's role within it.","robots":{"index":"index","follow":"follow","max-snippet":"max-snippet:-1","max-image-preview":"max-image-preview:large","max-video-preview":"max-video-preview:-1"},"canonical":"https:\/\/wpguerssen-test.odoo.rgbconsulting.com\/es\/producto\/good-aderegechegn-blinsided-by-love-blue\/","og_locale":"es_ES","og_type":"article","og_title":"MESFIN, Ayalew - Good Aderegechegn (Blinsided By Love) (Blue) -  (LP) | Guerssen","og_description":"Ayalew Mesfin stands aside the likes of Mulatu Astake, Mahmoud Ahmed, Hailu Mergia and Alemayehu Eshete as a legend of 1970s Ethiopia. Mesfin's music is some of the funkiest to arise from this unconquerable East African nation.Mesfin's recording career, captured in nearly two dozen 7\" singles and numerous reel-to-reel tapes, shows the strata of the most fertile decade in Ethiopia's 20th century recording industry, when records were pressed constantly by both independent upstarts and corporate behemoths, even if they were only distributed within the confines of this East African nation.Though Mesfin was forced underground by the Derg regime that took control of Ethiopia in 1974, he has returned almost 50 years later with this triumphant set albums - the first time that his music has been presented in this form.These albums give us a chance to discover a rare and beautiful moment in music history, in anthologies built from Mesfin's uber-rare 7\" single releases and from previously unreleased recordings taken from master tapes.Good Aderegechegn gives us a chance to discover a rare & beautiful moment in music history, in an anthology built from his uber-rare 7\" single releases. Contains an oversized 11\" x 11\" 16 page book that tells the story of modern Ethiopian music and Mesfin's role within it.","og_url":"https:\/\/wpguerssen-test.odoo.rgbconsulting.com\/es\/producto\/good-aderegechegn-blinsided-by-love-blue\/","og_site_name":"Guerssen records","article_modified_time":"2025-01-09T14:41:05+00:00","og_image":[{"width":243,"height":243,"url":"https:\/\/wpguerssen-test.odoo.rgbconsulting.com\/wp-content\/uploads\/2024\/01\/46675.jpg","type":"image\/jpeg"}],"twitter_card":"summary_large_image","twitter_title":"MESFIN, Ayalew - Good Aderegechegn (Blinsided By Love) (Blue) -  (LP) | Guerssen","twitter_misc":{"Tiempo de lectura":"1 minuto"},"schema":{"@context":"https:\/\/schema.org","@graph":[{"@type":"WebPage","@id":"https:\/\/wpguerssen-test.odoo.rgbconsulting.com\/es\/producto\/good-aderegechegn-blinsided-by-love-blue\/","url":"https:\/\/wpguerssen-test.odoo.rgbconsulting.com\/es\/producto\/good-aderegechegn-blinsided-by-love-blue\/","name":"MESFIN, Ayalew - Good Aderegechegn (Blinsided By Love) (Blue) - (LP) | Guerssen","isPartOf":{"@id":"https:\/\/wpguerssen-test.odoo.rgbconsulting.com\/es\/#website"},"primaryImageOfPage":{"@id":"https:\/\/wpguerssen-test.odoo.rgbconsulting.com\/es\/producto\/good-aderegechegn-blinsided-by-love-blue\/#primaryimage"},"image":{"@id":"https:\/\/wpguerssen-test.odoo.rgbconsulting.com\/es\/producto\/good-aderegechegn-blinsided-by-love-blue\/#primaryimage"},"thumbnailUrl":"https:\/\/wpguerssen-test.odoo.rgbconsulting.com\/wp-content\/uploads\/2024\/01\/46675.jpg","datePublished":"2024-02-21T23:00:00+00:00","dateModified":"2025-01-09T14:41:05+00:00","description":"Ayalew Mesfin stands aside the likes of Mulatu Astake, Mahmoud Ahmed, Hailu Mergia and Alemayehu Eshete as a legend of 1970s Ethiopia. Mesfin's music is some of the funkiest to arise from this unconquerable East African nation.Mesfin's recording career, captured in nearly two dozen 7\" singles and numerous reel-to-reel tapes, shows the strata of the most fertile decade in Ethiopia's 20th century recording industry, when records were pressed constantly by both independent upstarts and corporate behemoths, even if they were only distributed within the confines of this East African nation.Though Mesfin was forced underground by the Derg regime that took control of Ethiopia in 1974, he has returned almost 50 years later with this triumphant set albums - the first time that his music has been presented in this form.These albums give us a chance to discover a rare and beautiful moment in music history, in anthologies built from Mesfin's uber-rare 7\" single releases and from previously unreleased recordings taken from master tapes.Good Aderegechegn gives us a chance to discover a rare & beautiful moment in music history, in an anthology built from his uber-rare 7\" single releases. Contains an oversized 11\" x 11\" 16 page book that tells the story of modern Ethiopian music and Mesfin's role within it.","breadcrumb":{"@id":"https:\/\/wpguerssen-test.odoo.rgbconsulting.com\/es\/producto\/good-aderegechegn-blinsided-by-love-blue\/#breadcrumb"},"inLanguage":"es","potentialAction":[{"@type":"ReadAction","target":["https:\/\/wpguerssen-test.odoo.rgbconsulting.com\/es\/producto\/good-aderegechegn-blinsided-by-love-blue\/"]}]},{"@type":"ImageObject","inLanguage":"es","@id":"https:\/\/wpguerssen-test.odoo.rgbconsulting.com\/es\/producto\/good-aderegechegn-blinsided-by-love-blue\/#primaryimage","url":"https:\/\/wpguerssen-test.odoo.rgbconsulting.com\/wp-content\/uploads\/2024\/01\/46675.jpg","contentUrl":"https:\/\/wpguerssen-test.odoo.rgbconsulting.com\/wp-content\/uploads\/2024\/01\/46675.jpg","width":243,"height":243,"caption":"Ayalew - Good Aderegechegn (Blinsided By Love) (Blue) - NOW AGAIN (LP) | Guerssen"},{"@type":"BreadcrumbList","@id":"https:\/\/wpguerssen-test.odoo.rgbconsulting.com\/es\/producto\/good-aderegechegn-blinsided-by-love-blue\/#breadcrumb","itemListElement":[{"@type":"ListItem","position":1,"name":"Inicio","item":"https:\/\/wpguerssen-test.odoo.rgbconsulting.com\/es\/"},{"@type":"ListItem","position":2,"name":"Shop","item":"https:\/\/wpguerssen-test.odoo.rgbconsulting.com\/shop\/"},{"@type":"ListItem","position":3,"name":"Good Aderegechegn (Blinsided By Love) (Blue)"}]},{"@type":"WebSite","@id":"https:\/\/wpguerssen-test.odoo.rgbconsulting.com\/es\/#website","url":"https:\/\/wpguerssen-test.odoo.rgbconsulting.com\/es\/","name":"Guerssen records","description":"psychedelia - progressive - folk - garage ","publisher":{"@id":"https:\/\/wpguerssen-test.odoo.rgbconsulting.com\/es\/#organization"},"potentialAction":[{"@type":"SearchAction","target":{"@type":"EntryPoint","urlTemplate":"https:\/\/wpguerssen-test.odoo.rgbconsulting.com\/es\/?s={search_term_string}"},"query-input":{"@type":"PropertyValueSpecification","valueRequired":true,"valueName":"search_term_string"}}],"inLanguage":"es"},{"@type":"Organization","@id":"https:\/\/wpguerssen-test.odoo.rgbconsulting.com\/es\/#organization","name":"Guerssen records","url":"https:\/\/wpguerssen-test.odoo.rgbconsulting.com\/es\/","logo":{"@type":"ImageObject","inLanguage":"es","@id":"https:\/\/wpguerssen-test.odoo.rgbconsulting.com\/es\/#\/schema\/logo\/image\/","url":"https:\/\/wpguerssen-test.odoo.rgbconsulting.com\/wp-content\/uploads\/2022\/04\/Logo_Guerssen_trans_100.png","contentUrl":"https:\/\/wpguerssen-test.odoo.rgbconsulting.com\/wp-content\/uploads\/2022\/04\/Logo_Guerssen_trans_100.png","width":122,"height":100,"caption":"Guerssen records"},"image":{"@id":"https:\/\/wpguerssen-test.odoo.rgbconsulting.com\/es\/#\/schema\/logo\/image\/"}}]}},"_links":{"self":[{"href":"https:\/\/wpguerssen-test.odoo.rgbconsulting.com\/es\/wp-json\/wp\/v2\/product\/249547","targetHints":{"allow":["GET"]}}],"collection":[{"href":"https:\/\/wpguerssen-test.odoo.rgbconsulting.com\/es\/wp-json\/wp\/v2\/product"}],"about":[{"href":"https:\/\/wpguerssen-test.odoo.rgbconsulting.com\/es\/wp-json\/wp\/v2\/types\/product"}],"wp:featuredmedia":[{"embeddable":true,"href":"https:\/\/wpguerssen-test.odoo.rgbconsulting.com\/es\/wp-json\/wp\/v2\/media\/249512"}],"wp:attachment":[{"href":"https:\/\/wpguerssen-test.odoo.rgbconsulting.com\/es\/wp-json\/wp\/v2\/media?parent=249547"}],"wp:term":[{"taxonomy":"product_brand","embeddable":true,"href":"https:\/\/wpguerssen-test.odoo.rgbconsulting.com\/es\/wp-json\/wp\/v2\/product_brand?post=249547"},{"taxonomy":"product_cat","embeddable":true,"href":"https:\/\/wpguerssen-test.odoo.rgbconsulting.com\/es\/wp-json\/wp\/v2\/product_cat?post=249547"},{"taxonomy":"product_tag","embeddable":true,"href":"https:\/\/wpguerssen-test.odoo.rgbconsulting.com\/es\/wp-json\/wp\/v2\/product_tag?post=249547"}],"curies":[{"name":"wp","href":"https:\/\/api.w.org\/{rel}","templated":true}]}}