{"id":249552,"date":"2025-01-23T00:00:00","date_gmt":"2025-01-22T23:00:00","guid":{"rendered":"https:\/\/wpguerssen-test.odoo.rgbconsulting.com\/product\/psych-funk-101\/"},"modified":"2025-01-23T18:10:32","modified_gmt":"2025-01-23T17:10:32","slug":"psych-funk-101","status":"publish","type":"product","link":"https:\/\/wpguerssen-test.odoo.rgbconsulting.com\/es\/producto\/psych-funk-101\/","title":{"rendered":"Psych Funk 101"},"content":{"rendered":"<p>Psych-Funk 101 presenta a los estudiosos el fen\u00f3meno global de la m\u00fasica funk psicod\u00e9lica y cubre los \u00aba\u00f1os dorados\u00bb del movimiento, desde aproximadamente 1967 hasta 1980. Esta compilaci\u00f3n no se centra en las bandas estadounidenses y brit\u00e1nicas. M\u00e1s bien se centra en las bandas del mundo que fueron influenciadas por la innovaci\u00f3n de las bandas estadounidenses y brit\u00e1nicas, que muchas veces superaron a los h\u00e9roes que buscaban emular. Esta recopilaci\u00f3n se centra en bandas influenciadas por James Brown, The Meters, Sly and The Family Stone, Booker T and The MGs y The Bar Kays y fuerzas r\u00edtmicas no reconocidas como los bateristas Bernard Purdie, Idris Muhammad, Earl Palmer, bajistas como Carol Kaye y Jimmy Lewis. Se centra en bandas que tomaron esa energ\u00eda y la combinaron con el estilo de m\u00fasicos de rock psicod\u00e9lico como Jimi Hendrix y Cream, as\u00ed como bandas de pop-rock tomados del lado experimental de la psicodelia como The Beatles. Pero estas bandas agregaron sus propios y \u00fanicos florecimientos culturales. El resultado es alucinante.<br \/>Pi\u00e9nselo por un segundo: \u00bfqu\u00e9 fuerzas musicales eran mayores que las del funk y la m\u00fasica psicod\u00e9lica a finales de los 60 y principios de los 70? Estas fuerzas, combinadas por bandas felices de incorporar m\u00fasica folcl\u00f3rica y elementos de improvisaci\u00f3n de otras formas musicales, conducen a un sorprendente conjunto de trabajos que investigadores de todo el mundo a\u00fan est\u00e1n desenterrando y que a\u00fan son capaces de inspirar nuevas investigaciones sobre las formas del ritmo.<br \/>TRACKLIST<br \/>A1. Husnu Ozkartal Orkestrasi: Su Derenin Sulari A2. Kukumbas: Respect A3. Mulatu Astatke feat. Belaynesh Wubante And Assegedetch Asfaw: Alemiye A4. Kim Sun: The Man Who Must Leave B1. Petalouda: What You Can Do In Your Life B2. Mehr Pooya: Doe Pajereh \/ Ghabilehe Leili B3. Staff Carpenborg And The Electric Corona: All Men Shall Be Brothers Of Ludwig B4. The Group: The Feed-back C1. Armando Sciascia: Circuito Chiuso C2. Wadih Essa!: Aandak Baharia Ya Rayess C3. Omar Khorshid: Rakset El Fadaa D1. Metin H. Alatli: Mevlana Boyle Dede D2. George Garanian With The Melodiya Jazz Ensemble: The Big Search D3. Eskaton: Dagon.<\/p>\n","protected":false},"excerpt":{"rendered":"<p>Psych-Funk 101 presenta a los estudiosos el fen\u00f3meno global de la m\u00fasica funk psicod\u00e9lica y cubre los \u00aba\u00f1os dorados\u00bb del movimiento, desde aproximadamente 1967<a class=\"read\" href=\"https:\/\/wpguerssen-test.odoo.rgbconsulting.com\/es\/producto\/psych-funk-101\/\"> (...)<\/a>","protected":false},"featured_media":249527,"template":"","meta":{"_acf_changed":false},"product_brand":[],"product_cat":[21639,23219],"product_tag":[24185],"class_list":{"0":"post-249552","1":"product","2":"type-product","3":"status-publish","4":"has-post-thumbnail","6":"product_cat-psychedelic60s-70s-es","7":"product_cat-funk-es","8":"product_tag-de-nuevo-en-existencia","9":"pa_artist-various-artists-es","10":"pa_format-2lp-es","11":"pa_gender-psychedelic60s-70s-funk","12":"pa_label-world-psychedelia","13":"pa_location-africa-es","14":"pa_other-filters-vinyl-only-es","16":"first","17":"instock","18":"taxable","19":"shipping-taxable","20":"purchasable","21":"product-type-simple"},"acf":[],"yoast_head":"<!-- This site is optimized with the Yoast SEO plugin v24.9 - https:\/\/yoast.com\/wordpress\/plugins\/seo\/ -->\n<title>VARIOUS ARTISTS - Psych Funk 101 -  (2LP) | Guerssen<\/title>\n<meta name=\"description\" content=\"Psych-Funk 101 introduces students to the global phenomenon of psychedelic funk music, and covers the &quot;golden years&quot; of the movement, from approximately 1967 until 1980. This compilation does not focus on American and British bands. Rather it focuses on the bands throughout the Global Village that were influenced by the innovation of American and British bands - that many times one upped the heroes they sought to emulate. This compilation focuses on bands influenced by James Brown, The Meters, Sly and The Family Stone, Booker T and The MGs and The Bar Kays and unsung rhythmic forces such as drummers Bernard Purdie, Idris Muhammad, Earl Palmer, bassists such Carol Kaye and Jimmy Lewis. It focuses on bands who took that energy and combined it with the flair of psychedelic-rock musicians such as Jimi Hendrix and the ensemble known as Cream - as well as pop-rock acts taken by the experimental side of psychedelia such as The Beatles. But these bands added their own, unique cultural flourishes. The result is mind-bending.Think about it for a second - what musical forces were greater than that of funk and psychedelic music in the late 60s and early 70s? These forces, combined by bands happy to incorporate folk music and improvisational elements from other musical forms, lead to an amazing body of work still being unearthed by researchers the world over - and still capable of inspiring new investigations into shapes of rhythm.TRACKLISTA1. Husnu Ozkartal Orkestrasi: Su Derenin Sulari A2. Kukumbas: Respect A3. Mulatu Astatke feat. Belaynesh Wubante And Assegedetch Asfaw: Alemiye A4. Kim Sun: The Man Who Must Leave B1. Petalouda: What You Can Do In Your Life B2. Mehr Pooya: Doe Pajereh \/ Ghabilehe Leili B3. Staff Carpenborg And The Electric Corona: All Men Shall Be Brothers Of Ludwig B4. The Group: The Feed-back C1. Armando Sciascia: Circuito Chiuso C2. Wadih Essa!: Aandak Baharia Ya Rayess C3. Omar Khorshid: Rakset El Fadaa D1. Metin H. Alatli: Mevlana Boyle Dede D2. George Garanian With The Melodiya Jazz Ensemble: The Big Search D3. Eskaton: Dagon\" \/>\n<meta name=\"robots\" content=\"index, follow, max-snippet:-1, max-image-preview:large, max-video-preview:-1\" \/>\n<link rel=\"canonical\" href=\"https:\/\/wpguerssen-test.odoo.rgbconsulting.com\/es\/producto\/psych-funk-101\/\" \/>\n<meta property=\"og:locale\" content=\"es_ES\" \/>\n<meta property=\"og:type\" content=\"article\" \/>\n<meta property=\"og:title\" content=\"VARIOUS ARTISTS - Psych Funk 101 -  (2LP) | Guerssen\" \/>\n<meta property=\"og:description\" content=\"Psych-Funk 101 introduces students to the global phenomenon of psychedelic funk music, and covers the &quot;golden years&quot; of the movement, from approximately 1967 until 1980. This compilation does not focus on American and British bands. Rather it focuses on the bands throughout the Global Village that were influenced by the innovation of American and British bands - that many times one upped the heroes they sought to emulate. This compilation focuses on bands influenced by James Brown, The Meters, Sly and The Family Stone, Booker T and The MGs and The Bar Kays and unsung rhythmic forces such as drummers Bernard Purdie, Idris Muhammad, Earl Palmer, bassists such Carol Kaye and Jimmy Lewis. It focuses on bands who took that energy and combined it with the flair of psychedelic-rock musicians such as Jimi Hendrix and the ensemble known as Cream - as well as pop-rock acts taken by the experimental side of psychedelia such as The Beatles. But these bands added their own, unique cultural flourishes. The result is mind-bending.Think about it for a second - what musical forces were greater than that of funk and psychedelic music in the late 60s and early 70s? These forces, combined by bands happy to incorporate folk music and improvisational elements from other musical forms, lead to an amazing body of work still being unearthed by researchers the world over - and still capable of inspiring new investigations into shapes of rhythm.TRACKLISTA1. Husnu Ozkartal Orkestrasi: Su Derenin Sulari A2. Kukumbas: Respect A3. Mulatu Astatke feat. Belaynesh Wubante And Assegedetch Asfaw: Alemiye A4. Kim Sun: The Man Who Must Leave B1. Petalouda: What You Can Do In Your Life B2. Mehr Pooya: Doe Pajereh \/ Ghabilehe Leili B3. Staff Carpenborg And The Electric Corona: All Men Shall Be Brothers Of Ludwig B4. The Group: The Feed-back C1. Armando Sciascia: Circuito Chiuso C2. Wadih Essa!: Aandak Baharia Ya Rayess C3. Omar Khorshid: Rakset El Fadaa D1. Metin H. Alatli: Mevlana Boyle Dede D2. George Garanian With The Melodiya Jazz Ensemble: The Big Search D3. Eskaton: Dagon\" \/>\n<meta property=\"og:url\" content=\"https:\/\/wpguerssen-test.odoo.rgbconsulting.com\/es\/producto\/psych-funk-101\/\" \/>\n<meta property=\"og:site_name\" content=\"Guerssen records\" \/>\n<meta property=\"article:modified_time\" content=\"2025-01-23T17:10:32+00:00\" \/>\n<meta property=\"og:image\" content=\"https:\/\/wpguerssen-test.odoo.rgbconsulting.com\/wp-content\/uploads\/2024\/01\/46680.jpg\" \/>\n\t<meta property=\"og:image:width\" content=\"243\" \/>\n\t<meta property=\"og:image:height\" content=\"242\" \/>\n\t<meta property=\"og:image:type\" content=\"image\/jpeg\" \/>\n<meta name=\"twitter:card\" content=\"summary_large_image\" \/>\n<meta name=\"twitter:title\" content=\"VARIOUS ARTISTS - Psych Funk 101 -  (2LP) | Guerssen\" \/>\n<meta name=\"twitter:label1\" content=\"Tiempo de lectura\" \/>\n\t<meta name=\"twitter:data1\" content=\"2 minutos\" \/>\n<script type=\"application\/ld+json\" class=\"yoast-schema-graph\">{\"@context\":\"https:\/\/schema.org\",\"@graph\":[{\"@type\":\"WebPage\",\"@id\":\"https:\/\/wpguerssen-test.odoo.rgbconsulting.com\/es\/producto\/psych-funk-101\/\",\"url\":\"https:\/\/wpguerssen-test.odoo.rgbconsulting.com\/es\/producto\/psych-funk-101\/\",\"name\":\"VARIOUS ARTISTS - Psych Funk 101 - (2LP) | Guerssen\",\"isPartOf\":{\"@id\":\"https:\/\/wpguerssen-test.odoo.rgbconsulting.com\/es\/#website\"},\"primaryImageOfPage\":{\"@id\":\"https:\/\/wpguerssen-test.odoo.rgbconsulting.com\/es\/producto\/psych-funk-101\/#primaryimage\"},\"image\":{\"@id\":\"https:\/\/wpguerssen-test.odoo.rgbconsulting.com\/es\/producto\/psych-funk-101\/#primaryimage\"},\"thumbnailUrl\":\"https:\/\/wpguerssen-test.odoo.rgbconsulting.com\/wp-content\/uploads\/2024\/01\/46680.jpg\",\"datePublished\":\"2025-01-22T23:00:00+00:00\",\"dateModified\":\"2025-01-23T17:10:32+00:00\",\"description\":\"Psych-Funk 101 introduces students to the global phenomenon of psychedelic funk music, and covers the \\\"golden years\\\" of the movement, from approximately 1967 until 1980. This compilation does not focus on American and British bands. Rather it focuses on the bands throughout the Global Village that were influenced by the innovation of American and British bands - that many times one upped the heroes they sought to emulate. This compilation focuses on bands influenced by James Brown, The Meters, Sly and The Family Stone, Booker T and The MGs and The Bar Kays and unsung rhythmic forces such as drummers Bernard Purdie, Idris Muhammad, Earl Palmer, bassists such Carol Kaye and Jimmy Lewis. It focuses on bands who took that energy and combined it with the flair of psychedelic-rock musicians such as Jimi Hendrix and the ensemble known as Cream - as well as pop-rock acts taken by the experimental side of psychedelia such as The Beatles. But these bands added their own, unique cultural flourishes. The result is mind-bending.Think about it for a second - what musical forces were greater than that of funk and psychedelic music in the late 60s and early 70s? These forces, combined by bands happy to incorporate folk music and improvisational elements from other musical forms, lead to an amazing body of work still being unearthed by researchers the world over - and still capable of inspiring new investigations into shapes of rhythm.TRACKLISTA1. Husnu Ozkartal Orkestrasi: Su Derenin Sulari A2. Kukumbas: Respect A3. Mulatu Astatke feat. Belaynesh Wubante And Assegedetch Asfaw: Alemiye A4. Kim Sun: The Man Who Must Leave B1. Petalouda: What You Can Do In Your Life B2. Mehr Pooya: Doe Pajereh \/ Ghabilehe Leili B3. Staff Carpenborg And The Electric Corona: All Men Shall Be Brothers Of Ludwig B4. The Group: The Feed-back C1. Armando Sciascia: Circuito Chiuso C2. Wadih Essa!: Aandak Baharia Ya Rayess C3. Omar Khorshid: Rakset El Fadaa D1. Metin H. Alatli: Mevlana Boyle Dede D2. George Garanian With The Melodiya Jazz Ensemble: The Big Search D3. Eskaton: Dagon\",\"breadcrumb\":{\"@id\":\"https:\/\/wpguerssen-test.odoo.rgbconsulting.com\/es\/producto\/psych-funk-101\/#breadcrumb\"},\"inLanguage\":\"es\",\"potentialAction\":[{\"@type\":\"ReadAction\",\"target\":[\"https:\/\/wpguerssen-test.odoo.rgbconsulting.com\/es\/producto\/psych-funk-101\/\"]}]},{\"@type\":\"ImageObject\",\"inLanguage\":\"es\",\"@id\":\"https:\/\/wpguerssen-test.odoo.rgbconsulting.com\/es\/producto\/psych-funk-101\/#primaryimage\",\"url\":\"https:\/\/wpguerssen-test.odoo.rgbconsulting.com\/wp-content\/uploads\/2024\/01\/46680.jpg\",\"contentUrl\":\"https:\/\/wpguerssen-test.odoo.rgbconsulting.com\/wp-content\/uploads\/2024\/01\/46680.jpg\",\"width\":243,\"height\":242},{\"@type\":\"BreadcrumbList\",\"@id\":\"https:\/\/wpguerssen-test.odoo.rgbconsulting.com\/es\/producto\/psych-funk-101\/#breadcrumb\",\"itemListElement\":[{\"@type\":\"ListItem\",\"position\":1,\"name\":\"Inicio\",\"item\":\"https:\/\/wpguerssen-test.odoo.rgbconsulting.com\/es\/\"},{\"@type\":\"ListItem\",\"position\":2,\"name\":\"Shop\",\"item\":\"https:\/\/wpguerssen-test.odoo.rgbconsulting.com\/shop\/\"},{\"@type\":\"ListItem\",\"position\":3,\"name\":\"Psych Funk 101\"}]},{\"@type\":\"WebSite\",\"@id\":\"https:\/\/wpguerssen-test.odoo.rgbconsulting.com\/es\/#website\",\"url\":\"https:\/\/wpguerssen-test.odoo.rgbconsulting.com\/es\/\",\"name\":\"Guerssen records\",\"description\":\"psychedelia - progressive - folk - garage \",\"publisher\":{\"@id\":\"https:\/\/wpguerssen-test.odoo.rgbconsulting.com\/es\/#organization\"},\"potentialAction\":[{\"@type\":\"SearchAction\",\"target\":{\"@type\":\"EntryPoint\",\"urlTemplate\":\"https:\/\/wpguerssen-test.odoo.rgbconsulting.com\/es\/?s={search_term_string}\"},\"query-input\":{\"@type\":\"PropertyValueSpecification\",\"valueRequired\":true,\"valueName\":\"search_term_string\"}}],\"inLanguage\":\"es\"},{\"@type\":\"Organization\",\"@id\":\"https:\/\/wpguerssen-test.odoo.rgbconsulting.com\/es\/#organization\",\"name\":\"Guerssen records\",\"url\":\"https:\/\/wpguerssen-test.odoo.rgbconsulting.com\/es\/\",\"logo\":{\"@type\":\"ImageObject\",\"inLanguage\":\"es\",\"@id\":\"https:\/\/wpguerssen-test.odoo.rgbconsulting.com\/es\/#\/schema\/logo\/image\/\",\"url\":\"https:\/\/wpguerssen-test.odoo.rgbconsulting.com\/wp-content\/uploads\/2022\/04\/Logo_Guerssen_trans_100.png\",\"contentUrl\":\"https:\/\/wpguerssen-test.odoo.rgbconsulting.com\/wp-content\/uploads\/2022\/04\/Logo_Guerssen_trans_100.png\",\"width\":122,\"height\":100,\"caption\":\"Guerssen records\"},\"image\":{\"@id\":\"https:\/\/wpguerssen-test.odoo.rgbconsulting.com\/es\/#\/schema\/logo\/image\/\"}}]}<\/script>\n<!-- \/ Yoast SEO plugin. -->","yoast_head_json":{"title":"VARIOUS ARTISTS - Psych Funk 101 -  (2LP) | Guerssen","description":"Psych-Funk 101 introduces students to the global phenomenon of psychedelic funk music, and covers the \"golden years\" of the movement, from approximately 1967 until 1980. This compilation does not focus on American and British bands. Rather it focuses on the bands throughout the Global Village that were influenced by the innovation of American and British bands - that many times one upped the heroes they sought to emulate. This compilation focuses on bands influenced by James Brown, The Meters, Sly and The Family Stone, Booker T and The MGs and The Bar Kays and unsung rhythmic forces such as drummers Bernard Purdie, Idris Muhammad, Earl Palmer, bassists such Carol Kaye and Jimmy Lewis. It focuses on bands who took that energy and combined it with the flair of psychedelic-rock musicians such as Jimi Hendrix and the ensemble known as Cream - as well as pop-rock acts taken by the experimental side of psychedelia such as The Beatles. But these bands added their own, unique cultural flourishes. The result is mind-bending.Think about it for a second - what musical forces were greater than that of funk and psychedelic music in the late 60s and early 70s? These forces, combined by bands happy to incorporate folk music and improvisational elements from other musical forms, lead to an amazing body of work still being unearthed by researchers the world over - and still capable of inspiring new investigations into shapes of rhythm.TRACKLISTA1. Husnu Ozkartal Orkestrasi: Su Derenin Sulari A2. Kukumbas: Respect A3. Mulatu Astatke feat. Belaynesh Wubante And Assegedetch Asfaw: Alemiye A4. Kim Sun: The Man Who Must Leave B1. Petalouda: What You Can Do In Your Life B2. Mehr Pooya: Doe Pajereh \/ Ghabilehe Leili B3. Staff Carpenborg And The Electric Corona: All Men Shall Be Brothers Of Ludwig B4. The Group: The Feed-back C1. Armando Sciascia: Circuito Chiuso C2. Wadih Essa!: Aandak Baharia Ya Rayess C3. Omar Khorshid: Rakset El Fadaa D1. Metin H. Alatli: Mevlana Boyle Dede D2. George Garanian With The Melodiya Jazz Ensemble: The Big Search D3. Eskaton: Dagon","robots":{"index":"index","follow":"follow","max-snippet":"max-snippet:-1","max-image-preview":"max-image-preview:large","max-video-preview":"max-video-preview:-1"},"canonical":"https:\/\/wpguerssen-test.odoo.rgbconsulting.com\/es\/producto\/psych-funk-101\/","og_locale":"es_ES","og_type":"article","og_title":"VARIOUS ARTISTS - Psych Funk 101 -  (2LP) | Guerssen","og_description":"Psych-Funk 101 introduces students to the global phenomenon of psychedelic funk music, and covers the \"golden years\" of the movement, from approximately 1967 until 1980. This compilation does not focus on American and British bands. Rather it focuses on the bands throughout the Global Village that were influenced by the innovation of American and British bands - that many times one upped the heroes they sought to emulate. This compilation focuses on bands influenced by James Brown, The Meters, Sly and The Family Stone, Booker T and The MGs and The Bar Kays and unsung rhythmic forces such as drummers Bernard Purdie, Idris Muhammad, Earl Palmer, bassists such Carol Kaye and Jimmy Lewis. It focuses on bands who took that energy and combined it with the flair of psychedelic-rock musicians such as Jimi Hendrix and the ensemble known as Cream - as well as pop-rock acts taken by the experimental side of psychedelia such as The Beatles. But these bands added their own, unique cultural flourishes. The result is mind-bending.Think about it for a second - what musical forces were greater than that of funk and psychedelic music in the late 60s and early 70s? These forces, combined by bands happy to incorporate folk music and improvisational elements from other musical forms, lead to an amazing body of work still being unearthed by researchers the world over - and still capable of inspiring new investigations into shapes of rhythm.TRACKLISTA1. Husnu Ozkartal Orkestrasi: Su Derenin Sulari A2. Kukumbas: Respect A3. Mulatu Astatke feat. Belaynesh Wubante And Assegedetch Asfaw: Alemiye A4. Kim Sun: The Man Who Must Leave B1. Petalouda: What You Can Do In Your Life B2. Mehr Pooya: Doe Pajereh \/ Ghabilehe Leili B3. Staff Carpenborg And The Electric Corona: All Men Shall Be Brothers Of Ludwig B4. The Group: The Feed-back C1. Armando Sciascia: Circuito Chiuso C2. Wadih Essa!: Aandak Baharia Ya Rayess C3. Omar Khorshid: Rakset El Fadaa D1. Metin H. Alatli: Mevlana Boyle Dede D2. George Garanian With The Melodiya Jazz Ensemble: The Big Search D3. Eskaton: Dagon","og_url":"https:\/\/wpguerssen-test.odoo.rgbconsulting.com\/es\/producto\/psych-funk-101\/","og_site_name":"Guerssen records","article_modified_time":"2025-01-23T17:10:32+00:00","og_image":[{"width":243,"height":242,"url":"https:\/\/wpguerssen-test.odoo.rgbconsulting.com\/wp-content\/uploads\/2024\/01\/46680.jpg","type":"image\/jpeg"}],"twitter_card":"summary_large_image","twitter_title":"VARIOUS ARTISTS - Psych Funk 101 -  (2LP) | Guerssen","twitter_misc":{"Tiempo de lectura":"2 minutos"},"schema":{"@context":"https:\/\/schema.org","@graph":[{"@type":"WebPage","@id":"https:\/\/wpguerssen-test.odoo.rgbconsulting.com\/es\/producto\/psych-funk-101\/","url":"https:\/\/wpguerssen-test.odoo.rgbconsulting.com\/es\/producto\/psych-funk-101\/","name":"VARIOUS ARTISTS - Psych Funk 101 - (2LP) | Guerssen","isPartOf":{"@id":"https:\/\/wpguerssen-test.odoo.rgbconsulting.com\/es\/#website"},"primaryImageOfPage":{"@id":"https:\/\/wpguerssen-test.odoo.rgbconsulting.com\/es\/producto\/psych-funk-101\/#primaryimage"},"image":{"@id":"https:\/\/wpguerssen-test.odoo.rgbconsulting.com\/es\/producto\/psych-funk-101\/#primaryimage"},"thumbnailUrl":"https:\/\/wpguerssen-test.odoo.rgbconsulting.com\/wp-content\/uploads\/2024\/01\/46680.jpg","datePublished":"2025-01-22T23:00:00+00:00","dateModified":"2025-01-23T17:10:32+00:00","description":"Psych-Funk 101 introduces students to the global phenomenon of psychedelic funk music, and covers the \"golden years\" of the movement, from approximately 1967 until 1980. This compilation does not focus on American and British bands. Rather it focuses on the bands throughout the Global Village that were influenced by the innovation of American and British bands - that many times one upped the heroes they sought to emulate. This compilation focuses on bands influenced by James Brown, The Meters, Sly and The Family Stone, Booker T and The MGs and The Bar Kays and unsung rhythmic forces such as drummers Bernard Purdie, Idris Muhammad, Earl Palmer, bassists such Carol Kaye and Jimmy Lewis. It focuses on bands who took that energy and combined it with the flair of psychedelic-rock musicians such as Jimi Hendrix and the ensemble known as Cream - as well as pop-rock acts taken by the experimental side of psychedelia such as The Beatles. But these bands added their own, unique cultural flourishes. The result is mind-bending.Think about it for a second - what musical forces were greater than that of funk and psychedelic music in the late 60s and early 70s? These forces, combined by bands happy to incorporate folk music and improvisational elements from other musical forms, lead to an amazing body of work still being unearthed by researchers the world over - and still capable of inspiring new investigations into shapes of rhythm.TRACKLISTA1. Husnu Ozkartal Orkestrasi: Su Derenin Sulari A2. Kukumbas: Respect A3. Mulatu Astatke feat. Belaynesh Wubante And Assegedetch Asfaw: Alemiye A4. Kim Sun: The Man Who Must Leave B1. Petalouda: What You Can Do In Your Life B2. Mehr Pooya: Doe Pajereh \/ Ghabilehe Leili B3. Staff Carpenborg And The Electric Corona: All Men Shall Be Brothers Of Ludwig B4. The Group: The Feed-back C1. Armando Sciascia: Circuito Chiuso C2. Wadih Essa!: Aandak Baharia Ya Rayess C3. Omar Khorshid: Rakset El Fadaa D1. Metin H. Alatli: Mevlana Boyle Dede D2. George Garanian With The Melodiya Jazz Ensemble: The Big Search D3. Eskaton: Dagon","breadcrumb":{"@id":"https:\/\/wpguerssen-test.odoo.rgbconsulting.com\/es\/producto\/psych-funk-101\/#breadcrumb"},"inLanguage":"es","potentialAction":[{"@type":"ReadAction","target":["https:\/\/wpguerssen-test.odoo.rgbconsulting.com\/es\/producto\/psych-funk-101\/"]}]},{"@type":"ImageObject","inLanguage":"es","@id":"https:\/\/wpguerssen-test.odoo.rgbconsulting.com\/es\/producto\/psych-funk-101\/#primaryimage","url":"https:\/\/wpguerssen-test.odoo.rgbconsulting.com\/wp-content\/uploads\/2024\/01\/46680.jpg","contentUrl":"https:\/\/wpguerssen-test.odoo.rgbconsulting.com\/wp-content\/uploads\/2024\/01\/46680.jpg","width":243,"height":242},{"@type":"BreadcrumbList","@id":"https:\/\/wpguerssen-test.odoo.rgbconsulting.com\/es\/producto\/psych-funk-101\/#breadcrumb","itemListElement":[{"@type":"ListItem","position":1,"name":"Inicio","item":"https:\/\/wpguerssen-test.odoo.rgbconsulting.com\/es\/"},{"@type":"ListItem","position":2,"name":"Shop","item":"https:\/\/wpguerssen-test.odoo.rgbconsulting.com\/shop\/"},{"@type":"ListItem","position":3,"name":"Psych Funk 101"}]},{"@type":"WebSite","@id":"https:\/\/wpguerssen-test.odoo.rgbconsulting.com\/es\/#website","url":"https:\/\/wpguerssen-test.odoo.rgbconsulting.com\/es\/","name":"Guerssen records","description":"psychedelia - progressive - folk - garage ","publisher":{"@id":"https:\/\/wpguerssen-test.odoo.rgbconsulting.com\/es\/#organization"},"potentialAction":[{"@type":"SearchAction","target":{"@type":"EntryPoint","urlTemplate":"https:\/\/wpguerssen-test.odoo.rgbconsulting.com\/es\/?s={search_term_string}"},"query-input":{"@type":"PropertyValueSpecification","valueRequired":true,"valueName":"search_term_string"}}],"inLanguage":"es"},{"@type":"Organization","@id":"https:\/\/wpguerssen-test.odoo.rgbconsulting.com\/es\/#organization","name":"Guerssen records","url":"https:\/\/wpguerssen-test.odoo.rgbconsulting.com\/es\/","logo":{"@type":"ImageObject","inLanguage":"es","@id":"https:\/\/wpguerssen-test.odoo.rgbconsulting.com\/es\/#\/schema\/logo\/image\/","url":"https:\/\/wpguerssen-test.odoo.rgbconsulting.com\/wp-content\/uploads\/2022\/04\/Logo_Guerssen_trans_100.png","contentUrl":"https:\/\/wpguerssen-test.odoo.rgbconsulting.com\/wp-content\/uploads\/2022\/04\/Logo_Guerssen_trans_100.png","width":122,"height":100,"caption":"Guerssen records"},"image":{"@id":"https:\/\/wpguerssen-test.odoo.rgbconsulting.com\/es\/#\/schema\/logo\/image\/"}}]}},"_links":{"self":[{"href":"https:\/\/wpguerssen-test.odoo.rgbconsulting.com\/es\/wp-json\/wp\/v2\/product\/249552","targetHints":{"allow":["GET"]}}],"collection":[{"href":"https:\/\/wpguerssen-test.odoo.rgbconsulting.com\/es\/wp-json\/wp\/v2\/product"}],"about":[{"href":"https:\/\/wpguerssen-test.odoo.rgbconsulting.com\/es\/wp-json\/wp\/v2\/types\/product"}],"wp:featuredmedia":[{"embeddable":true,"href":"https:\/\/wpguerssen-test.odoo.rgbconsulting.com\/es\/wp-json\/wp\/v2\/media\/249527"}],"wp:attachment":[{"href":"https:\/\/wpguerssen-test.odoo.rgbconsulting.com\/es\/wp-json\/wp\/v2\/media?parent=249552"}],"wp:term":[{"taxonomy":"product_brand","embeddable":true,"href":"https:\/\/wpguerssen-test.odoo.rgbconsulting.com\/es\/wp-json\/wp\/v2\/product_brand?post=249552"},{"taxonomy":"product_cat","embeddable":true,"href":"https:\/\/wpguerssen-test.odoo.rgbconsulting.com\/es\/wp-json\/wp\/v2\/product_cat?post=249552"},{"taxonomy":"product_tag","embeddable":true,"href":"https:\/\/wpguerssen-test.odoo.rgbconsulting.com\/es\/wp-json\/wp\/v2\/product_tag?post=249552"}],"curies":[{"name":"wp","href":"https:\/\/api.w.org\/{rel}","templated":true}]}}