{"id":249553,"date":"2025-02-28T00:00:00","date_gmt":"2025-02-27T23:00:00","guid":{"rendered":"https:\/\/wpguerssen-test.odoo.rgbconsulting.com\/product\/tickets-for-doomsday-heavy-psychedelic-funk-soul\/"},"modified":"2025-03-13T17:18:42","modified_gmt":"2025-03-13T16:18:42","slug":"tickets-for-doomsday-heavy-psychedelic-funk-soul","status":"publish","type":"product","link":"https:\/\/wpguerssen-test.odoo.rgbconsulting.com\/es\/producto\/tickets-for-doomsday-heavy-psychedelic-funk-soul\/","title":{"rendered":"Tickets For Doomsday. Heavy Psychedelic Funk, Soul"},"content":{"rendered":"<p>La continuaci\u00f3n de Now-Again Records de una de sus compilaciones m\u00e1s queridas, Forge Your Own Chains, con otro lote de psyche-rock y heavy funk, poco com\u00fan, en gran parte sin compilar (y a veces apenas escuchado). Bater\u00edas fuertes, guitarras mordaces y letras taciturnas y contemplativas.<br \/>Tickets For Doomsday, como sugiere el t\u00edtulo, es una reflexi\u00f3n sobre lo que podr\u00eda ocurrirle a la raza humana. Canciones interpretadas por conjuntos de funk carcelarios, hippies indonesios, leyendas del krautrock, bandas de rock progresivo islandesas&#8230;<br \/>TRACKLIST<br \/>A1. Golden Wing &#8211; Hari Yang Mulya A2. Misty &#8211; Leavin&#8217; A3. Icecross &#8211; A Sad Man&#8217;s Story A4. Paternoster &#8211; Realization A5. Chucky Thurmon &#8211; Tickets For Doomsday A6. Upheaval &#8211; Paradise Lost B1. Water Color &#8211; All Bundled In One B2. Stephen David Heitkotter &#8211; I Don&#8217;t Mind (Pt. 1) B3. Christopher &#8211; In Your Time B4. Kourosh &#8211; Dar Enteha B5. J.B Green and Band &#8211; Time<\/p>\n","protected":false},"excerpt":{"rendered":"<p>La continuaci\u00f3n de Now-Again Records de una de sus compilaciones m\u00e1s queridas, Forge Your Own Chains, con otro lote de psyche-rock y heavy funk, poco com\u00fan, en<a class=\"read\" href=\"https:\/\/wpguerssen-test.odoo.rgbconsulting.com\/es\/producto\/tickets-for-doomsday-heavy-psychedelic-funk-soul\/\"> (...)<\/a>","protected":false},"featured_media":249530,"template":"","meta":{"_acf_changed":false},"product_brand":[],"product_cat":[21639,23215],"product_tag":[24185],"class_list":{"0":"post-249553","1":"product","2":"type-product","3":"status-publish","4":"has-post-thumbnail","6":"product_cat-psychedelic60s-70s-es","7":"product_cat-progressive60s-70s-es","8":"product_tag-de-nuevo-en-existencia","9":"pa_artist-various-artists-es","10":"pa_format-lp-es","11":"pa_gender-progressive60s-70s-psychedelic60s-70s","12":"pa_label-now-again","13":"pa_location-asia-es","14":"pa_other-filters-vinyl-only-es","16":"first","17":"instock","18":"taxable","19":"shipping-taxable","20":"purchasable","21":"product-type-simple"},"acf":[],"yoast_head":"<!-- This site is optimized with the Yoast SEO plugin v24.9 - https:\/\/yoast.com\/wordpress\/plugins\/seo\/ -->\n<title>VARIOUS ARTISTS - Tickets For Doomsday. Heavy Psychedelic Funk, Soul -  (LP) | Guerssen<\/title>\n<meta name=\"description\" content=\"Now-Again Records&#039; follow up to one of its most well-loved compilations, Forge Your Own Chains, with another batch of rare, largely uncompiled - and sometimes barely heard - heavy psych-rock and funk. Pounding drums, scathing fuzz guitar and morose, contemplative lyrics will bring you up on a downer.Tickets For Doomsday, as the title hints, is and rumination on what might befall the human race - made especially salient by the past year&#039;s trials and tribulations - as performed by prison funk ensembles, Indonesian hippies, Krautrock legends, Icelandic prog-rock bands and even Bay Area Records, and the creator of this album&#039;s title track, St. Charles &quot;Chucky&quot; Thurman. A unique and compelling listen, and surely a worthy companion for these times.TRACKLISTA1. Golden Wing - Hari Yang Mulya A2. Misty - Leavin&#039; A3. Icecross - A Sad Man&#039;s Story A4. Paternoster - Realization A5. Chucky Thurmon - Tickets For Doomsday A6. Upheaval - Paradise Lost B1. Water Color - All Bundled In One B2. Stephen David Heitkotter - I Don&#039;t Mind (Pt. 1) B3. Christopher - In Your Time B4. Kourosh - Dar Enteha B5. J.B Green and Band - Time\" \/>\n<meta name=\"robots\" content=\"index, follow, max-snippet:-1, max-image-preview:large, max-video-preview:-1\" \/>\n<link rel=\"canonical\" href=\"https:\/\/wpguerssen-test.odoo.rgbconsulting.com\/es\/producto\/tickets-for-doomsday-heavy-psychedelic-funk-soul\/\" \/>\n<meta property=\"og:locale\" content=\"es_ES\" \/>\n<meta property=\"og:type\" content=\"article\" \/>\n<meta property=\"og:title\" content=\"VARIOUS ARTISTS - Tickets For Doomsday. Heavy Psychedelic Funk, Soul -  (LP) | Guerssen\" \/>\n<meta property=\"og:description\" content=\"Now-Again Records&#039; follow up to one of its most well-loved compilations, Forge Your Own Chains, with another batch of rare, largely uncompiled - and sometimes barely heard - heavy psych-rock and funk. Pounding drums, scathing fuzz guitar and morose, contemplative lyrics will bring you up on a downer.Tickets For Doomsday, as the title hints, is and rumination on what might befall the human race - made especially salient by the past year&#039;s trials and tribulations - as performed by prison funk ensembles, Indonesian hippies, Krautrock legends, Icelandic prog-rock bands and even Bay Area Records, and the creator of this album&#039;s title track, St. Charles &quot;Chucky&quot; Thurman. A unique and compelling listen, and surely a worthy companion for these times.TRACKLISTA1. Golden Wing - Hari Yang Mulya A2. Misty - Leavin&#039; A3. Icecross - A Sad Man&#039;s Story A4. Paternoster - Realization A5. Chucky Thurmon - Tickets For Doomsday A6. Upheaval - Paradise Lost B1. Water Color - All Bundled In One B2. Stephen David Heitkotter - I Don&#039;t Mind (Pt. 1) B3. Christopher - In Your Time B4. Kourosh - Dar Enteha B5. J.B Green and Band - Time\" \/>\n<meta property=\"og:url\" content=\"https:\/\/wpguerssen-test.odoo.rgbconsulting.com\/es\/producto\/tickets-for-doomsday-heavy-psychedelic-funk-soul\/\" \/>\n<meta property=\"og:site_name\" content=\"Guerssen records\" \/>\n<meta property=\"article:modified_time\" content=\"2025-03-13T16:18:42+00:00\" \/>\n<meta property=\"og:image\" content=\"https:\/\/wpguerssen-test.odoo.rgbconsulting.com\/wp-content\/uploads\/2024\/01\/46681.jpg\" \/>\n\t<meta property=\"og:image:width\" content=\"243\" \/>\n\t<meta property=\"og:image:height\" content=\"243\" \/>\n\t<meta property=\"og:image:type\" content=\"image\/jpeg\" \/>\n<meta name=\"twitter:card\" content=\"summary_large_image\" \/>\n<meta name=\"twitter:title\" content=\"VARIOUS ARTISTS - Tickets For Doomsday. Heavy Psychedelic Funk, Soul -  (LP) | Guerssen\" \/>\n<meta name=\"twitter:label1\" content=\"Tiempo de lectura\" \/>\n\t<meta name=\"twitter:data1\" content=\"1 minuto\" \/>\n<script type=\"application\/ld+json\" class=\"yoast-schema-graph\">{\"@context\":\"https:\/\/schema.org\",\"@graph\":[{\"@type\":\"WebPage\",\"@id\":\"https:\/\/wpguerssen-test.odoo.rgbconsulting.com\/es\/producto\/tickets-for-doomsday-heavy-psychedelic-funk-soul\/\",\"url\":\"https:\/\/wpguerssen-test.odoo.rgbconsulting.com\/es\/producto\/tickets-for-doomsday-heavy-psychedelic-funk-soul\/\",\"name\":\"VARIOUS ARTISTS - Tickets For Doomsday. Heavy Psychedelic Funk, Soul - (LP) | Guerssen\",\"isPartOf\":{\"@id\":\"https:\/\/wpguerssen-test.odoo.rgbconsulting.com\/es\/#website\"},\"primaryImageOfPage\":{\"@id\":\"https:\/\/wpguerssen-test.odoo.rgbconsulting.com\/es\/producto\/tickets-for-doomsday-heavy-psychedelic-funk-soul\/#primaryimage\"},\"image\":{\"@id\":\"https:\/\/wpguerssen-test.odoo.rgbconsulting.com\/es\/producto\/tickets-for-doomsday-heavy-psychedelic-funk-soul\/#primaryimage\"},\"thumbnailUrl\":\"https:\/\/wpguerssen-test.odoo.rgbconsulting.com\/wp-content\/uploads\/2024\/01\/46681.jpg\",\"datePublished\":\"2025-02-27T23:00:00+00:00\",\"dateModified\":\"2025-03-13T16:18:42+00:00\",\"description\":\"Now-Again Records' follow up to one of its most well-loved compilations, Forge Your Own Chains, with another batch of rare, largely uncompiled - and sometimes barely heard - heavy psych-rock and funk. Pounding drums, scathing fuzz guitar and morose, contemplative lyrics will bring you up on a downer.Tickets For Doomsday, as the title hints, is and rumination on what might befall the human race - made especially salient by the past year's trials and tribulations - as performed by prison funk ensembles, Indonesian hippies, Krautrock legends, Icelandic prog-rock bands and even Bay Area Records, and the creator of this album's title track, St. Charles \\\"Chucky\\\" Thurman. A unique and compelling listen, and surely a worthy companion for these times.TRACKLISTA1. Golden Wing - Hari Yang Mulya A2. Misty - Leavin' A3. Icecross - A Sad Man's Story A4. Paternoster - Realization A5. Chucky Thurmon - Tickets For Doomsday A6. Upheaval - Paradise Lost B1. Water Color - All Bundled In One B2. Stephen David Heitkotter - I Don't Mind (Pt. 1) B3. Christopher - In Your Time B4. Kourosh - Dar Enteha B5. J.B Green and Band - Time\",\"breadcrumb\":{\"@id\":\"https:\/\/wpguerssen-test.odoo.rgbconsulting.com\/es\/producto\/tickets-for-doomsday-heavy-psychedelic-funk-soul\/#breadcrumb\"},\"inLanguage\":\"es\",\"potentialAction\":[{\"@type\":\"ReadAction\",\"target\":[\"https:\/\/wpguerssen-test.odoo.rgbconsulting.com\/es\/producto\/tickets-for-doomsday-heavy-psychedelic-funk-soul\/\"]}]},{\"@type\":\"ImageObject\",\"inLanguage\":\"es\",\"@id\":\"https:\/\/wpguerssen-test.odoo.rgbconsulting.com\/es\/producto\/tickets-for-doomsday-heavy-psychedelic-funk-soul\/#primaryimage\",\"url\":\"https:\/\/wpguerssen-test.odoo.rgbconsulting.com\/wp-content\/uploads\/2024\/01\/46681.jpg\",\"contentUrl\":\"https:\/\/wpguerssen-test.odoo.rgbconsulting.com\/wp-content\/uploads\/2024\/01\/46681.jpg\",\"width\":243,\"height\":243,\"caption\":\"Soul - NOW AGAIN (LP) | Guerssen\"},{\"@type\":\"BreadcrumbList\",\"@id\":\"https:\/\/wpguerssen-test.odoo.rgbconsulting.com\/es\/producto\/tickets-for-doomsday-heavy-psychedelic-funk-soul\/#breadcrumb\",\"itemListElement\":[{\"@type\":\"ListItem\",\"position\":1,\"name\":\"Inicio\",\"item\":\"https:\/\/wpguerssen-test.odoo.rgbconsulting.com\/es\/\"},{\"@type\":\"ListItem\",\"position\":2,\"name\":\"Shop\",\"item\":\"https:\/\/wpguerssen-test.odoo.rgbconsulting.com\/shop\/\"},{\"@type\":\"ListItem\",\"position\":3,\"name\":\"Tickets For Doomsday. Heavy Psychedelic Funk, Soul\"}]},{\"@type\":\"WebSite\",\"@id\":\"https:\/\/wpguerssen-test.odoo.rgbconsulting.com\/es\/#website\",\"url\":\"https:\/\/wpguerssen-test.odoo.rgbconsulting.com\/es\/\",\"name\":\"Guerssen records\",\"description\":\"psychedelia - progressive - folk - garage \",\"publisher\":{\"@id\":\"https:\/\/wpguerssen-test.odoo.rgbconsulting.com\/es\/#organization\"},\"potentialAction\":[{\"@type\":\"SearchAction\",\"target\":{\"@type\":\"EntryPoint\",\"urlTemplate\":\"https:\/\/wpguerssen-test.odoo.rgbconsulting.com\/es\/?s={search_term_string}\"},\"query-input\":{\"@type\":\"PropertyValueSpecification\",\"valueRequired\":true,\"valueName\":\"search_term_string\"}}],\"inLanguage\":\"es\"},{\"@type\":\"Organization\",\"@id\":\"https:\/\/wpguerssen-test.odoo.rgbconsulting.com\/es\/#organization\",\"name\":\"Guerssen records\",\"url\":\"https:\/\/wpguerssen-test.odoo.rgbconsulting.com\/es\/\",\"logo\":{\"@type\":\"ImageObject\",\"inLanguage\":\"es\",\"@id\":\"https:\/\/wpguerssen-test.odoo.rgbconsulting.com\/es\/#\/schema\/logo\/image\/\",\"url\":\"https:\/\/wpguerssen-test.odoo.rgbconsulting.com\/wp-content\/uploads\/2022\/04\/Logo_Guerssen_trans_100.png\",\"contentUrl\":\"https:\/\/wpguerssen-test.odoo.rgbconsulting.com\/wp-content\/uploads\/2022\/04\/Logo_Guerssen_trans_100.png\",\"width\":122,\"height\":100,\"caption\":\"Guerssen records\"},\"image\":{\"@id\":\"https:\/\/wpguerssen-test.odoo.rgbconsulting.com\/es\/#\/schema\/logo\/image\/\"}}]}<\/script>\n<!-- \/ Yoast SEO plugin. -->","yoast_head_json":{"title":"VARIOUS ARTISTS - Tickets For Doomsday. Heavy Psychedelic Funk, Soul -  (LP) | Guerssen","description":"Now-Again Records' follow up to one of its most well-loved compilations, Forge Your Own Chains, with another batch of rare, largely uncompiled - and sometimes barely heard - heavy psych-rock and funk. Pounding drums, scathing fuzz guitar and morose, contemplative lyrics will bring you up on a downer.Tickets For Doomsday, as the title hints, is and rumination on what might befall the human race - made especially salient by the past year's trials and tribulations - as performed by prison funk ensembles, Indonesian hippies, Krautrock legends, Icelandic prog-rock bands and even Bay Area Records, and the creator of this album's title track, St. Charles \"Chucky\" Thurman. A unique and compelling listen, and surely a worthy companion for these times.TRACKLISTA1. Golden Wing - Hari Yang Mulya A2. Misty - Leavin' A3. Icecross - A Sad Man's Story A4. Paternoster - Realization A5. Chucky Thurmon - Tickets For Doomsday A6. Upheaval - Paradise Lost B1. Water Color - All Bundled In One B2. Stephen David Heitkotter - I Don't Mind (Pt. 1) B3. Christopher - In Your Time B4. Kourosh - Dar Enteha B5. J.B Green and Band - Time","robots":{"index":"index","follow":"follow","max-snippet":"max-snippet:-1","max-image-preview":"max-image-preview:large","max-video-preview":"max-video-preview:-1"},"canonical":"https:\/\/wpguerssen-test.odoo.rgbconsulting.com\/es\/producto\/tickets-for-doomsday-heavy-psychedelic-funk-soul\/","og_locale":"es_ES","og_type":"article","og_title":"VARIOUS ARTISTS - Tickets For Doomsday. Heavy Psychedelic Funk, Soul -  (LP) | Guerssen","og_description":"Now-Again Records' follow up to one of its most well-loved compilations, Forge Your Own Chains, with another batch of rare, largely uncompiled - and sometimes barely heard - heavy psych-rock and funk. Pounding drums, scathing fuzz guitar and morose, contemplative lyrics will bring you up on a downer.Tickets For Doomsday, as the title hints, is and rumination on what might befall the human race - made especially salient by the past year's trials and tribulations - as performed by prison funk ensembles, Indonesian hippies, Krautrock legends, Icelandic prog-rock bands and even Bay Area Records, and the creator of this album's title track, St. Charles \"Chucky\" Thurman. A unique and compelling listen, and surely a worthy companion for these times.TRACKLISTA1. Golden Wing - Hari Yang Mulya A2. Misty - Leavin' A3. Icecross - A Sad Man's Story A4. Paternoster - Realization A5. Chucky Thurmon - Tickets For Doomsday A6. Upheaval - Paradise Lost B1. Water Color - All Bundled In One B2. Stephen David Heitkotter - I Don't Mind (Pt. 1) B3. Christopher - In Your Time B4. Kourosh - Dar Enteha B5. J.B Green and Band - Time","og_url":"https:\/\/wpguerssen-test.odoo.rgbconsulting.com\/es\/producto\/tickets-for-doomsday-heavy-psychedelic-funk-soul\/","og_site_name":"Guerssen records","article_modified_time":"2025-03-13T16:18:42+00:00","og_image":[{"width":243,"height":243,"url":"https:\/\/wpguerssen-test.odoo.rgbconsulting.com\/wp-content\/uploads\/2024\/01\/46681.jpg","type":"image\/jpeg"}],"twitter_card":"summary_large_image","twitter_title":"VARIOUS ARTISTS - Tickets For Doomsday. Heavy Psychedelic Funk, Soul -  (LP) | Guerssen","twitter_misc":{"Tiempo de lectura":"1 minuto"},"schema":{"@context":"https:\/\/schema.org","@graph":[{"@type":"WebPage","@id":"https:\/\/wpguerssen-test.odoo.rgbconsulting.com\/es\/producto\/tickets-for-doomsday-heavy-psychedelic-funk-soul\/","url":"https:\/\/wpguerssen-test.odoo.rgbconsulting.com\/es\/producto\/tickets-for-doomsday-heavy-psychedelic-funk-soul\/","name":"VARIOUS ARTISTS - Tickets For Doomsday. Heavy Psychedelic Funk, Soul - (LP) | Guerssen","isPartOf":{"@id":"https:\/\/wpguerssen-test.odoo.rgbconsulting.com\/es\/#website"},"primaryImageOfPage":{"@id":"https:\/\/wpguerssen-test.odoo.rgbconsulting.com\/es\/producto\/tickets-for-doomsday-heavy-psychedelic-funk-soul\/#primaryimage"},"image":{"@id":"https:\/\/wpguerssen-test.odoo.rgbconsulting.com\/es\/producto\/tickets-for-doomsday-heavy-psychedelic-funk-soul\/#primaryimage"},"thumbnailUrl":"https:\/\/wpguerssen-test.odoo.rgbconsulting.com\/wp-content\/uploads\/2024\/01\/46681.jpg","datePublished":"2025-02-27T23:00:00+00:00","dateModified":"2025-03-13T16:18:42+00:00","description":"Now-Again Records' follow up to one of its most well-loved compilations, Forge Your Own Chains, with another batch of rare, largely uncompiled - and sometimes barely heard - heavy psych-rock and funk. Pounding drums, scathing fuzz guitar and morose, contemplative lyrics will bring you up on a downer.Tickets For Doomsday, as the title hints, is and rumination on what might befall the human race - made especially salient by the past year's trials and tribulations - as performed by prison funk ensembles, Indonesian hippies, Krautrock legends, Icelandic prog-rock bands and even Bay Area Records, and the creator of this album's title track, St. Charles \"Chucky\" Thurman. A unique and compelling listen, and surely a worthy companion for these times.TRACKLISTA1. Golden Wing - Hari Yang Mulya A2. Misty - Leavin' A3. Icecross - A Sad Man's Story A4. Paternoster - Realization A5. Chucky Thurmon - Tickets For Doomsday A6. Upheaval - Paradise Lost B1. Water Color - All Bundled In One B2. Stephen David Heitkotter - I Don't Mind (Pt. 1) B3. Christopher - In Your Time B4. Kourosh - Dar Enteha B5. J.B Green and Band - Time","breadcrumb":{"@id":"https:\/\/wpguerssen-test.odoo.rgbconsulting.com\/es\/producto\/tickets-for-doomsday-heavy-psychedelic-funk-soul\/#breadcrumb"},"inLanguage":"es","potentialAction":[{"@type":"ReadAction","target":["https:\/\/wpguerssen-test.odoo.rgbconsulting.com\/es\/producto\/tickets-for-doomsday-heavy-psychedelic-funk-soul\/"]}]},{"@type":"ImageObject","inLanguage":"es","@id":"https:\/\/wpguerssen-test.odoo.rgbconsulting.com\/es\/producto\/tickets-for-doomsday-heavy-psychedelic-funk-soul\/#primaryimage","url":"https:\/\/wpguerssen-test.odoo.rgbconsulting.com\/wp-content\/uploads\/2024\/01\/46681.jpg","contentUrl":"https:\/\/wpguerssen-test.odoo.rgbconsulting.com\/wp-content\/uploads\/2024\/01\/46681.jpg","width":243,"height":243,"caption":"Soul - NOW AGAIN (LP) | Guerssen"},{"@type":"BreadcrumbList","@id":"https:\/\/wpguerssen-test.odoo.rgbconsulting.com\/es\/producto\/tickets-for-doomsday-heavy-psychedelic-funk-soul\/#breadcrumb","itemListElement":[{"@type":"ListItem","position":1,"name":"Inicio","item":"https:\/\/wpguerssen-test.odoo.rgbconsulting.com\/es\/"},{"@type":"ListItem","position":2,"name":"Shop","item":"https:\/\/wpguerssen-test.odoo.rgbconsulting.com\/shop\/"},{"@type":"ListItem","position":3,"name":"Tickets For Doomsday. Heavy Psychedelic Funk, Soul"}]},{"@type":"WebSite","@id":"https:\/\/wpguerssen-test.odoo.rgbconsulting.com\/es\/#website","url":"https:\/\/wpguerssen-test.odoo.rgbconsulting.com\/es\/","name":"Guerssen records","description":"psychedelia - progressive - folk - garage ","publisher":{"@id":"https:\/\/wpguerssen-test.odoo.rgbconsulting.com\/es\/#organization"},"potentialAction":[{"@type":"SearchAction","target":{"@type":"EntryPoint","urlTemplate":"https:\/\/wpguerssen-test.odoo.rgbconsulting.com\/es\/?s={search_term_string}"},"query-input":{"@type":"PropertyValueSpecification","valueRequired":true,"valueName":"search_term_string"}}],"inLanguage":"es"},{"@type":"Organization","@id":"https:\/\/wpguerssen-test.odoo.rgbconsulting.com\/es\/#organization","name":"Guerssen records","url":"https:\/\/wpguerssen-test.odoo.rgbconsulting.com\/es\/","logo":{"@type":"ImageObject","inLanguage":"es","@id":"https:\/\/wpguerssen-test.odoo.rgbconsulting.com\/es\/#\/schema\/logo\/image\/","url":"https:\/\/wpguerssen-test.odoo.rgbconsulting.com\/wp-content\/uploads\/2022\/04\/Logo_Guerssen_trans_100.png","contentUrl":"https:\/\/wpguerssen-test.odoo.rgbconsulting.com\/wp-content\/uploads\/2022\/04\/Logo_Guerssen_trans_100.png","width":122,"height":100,"caption":"Guerssen records"},"image":{"@id":"https:\/\/wpguerssen-test.odoo.rgbconsulting.com\/es\/#\/schema\/logo\/image\/"}}]}},"_links":{"self":[{"href":"https:\/\/wpguerssen-test.odoo.rgbconsulting.com\/es\/wp-json\/wp\/v2\/product\/249553","targetHints":{"allow":["GET"]}}],"collection":[{"href":"https:\/\/wpguerssen-test.odoo.rgbconsulting.com\/es\/wp-json\/wp\/v2\/product"}],"about":[{"href":"https:\/\/wpguerssen-test.odoo.rgbconsulting.com\/es\/wp-json\/wp\/v2\/types\/product"}],"wp:featuredmedia":[{"embeddable":true,"href":"https:\/\/wpguerssen-test.odoo.rgbconsulting.com\/es\/wp-json\/wp\/v2\/media\/249530"}],"wp:attachment":[{"href":"https:\/\/wpguerssen-test.odoo.rgbconsulting.com\/es\/wp-json\/wp\/v2\/media?parent=249553"}],"wp:term":[{"taxonomy":"product_brand","embeddable":true,"href":"https:\/\/wpguerssen-test.odoo.rgbconsulting.com\/es\/wp-json\/wp\/v2\/product_brand?post=249553"},{"taxonomy":"product_cat","embeddable":true,"href":"https:\/\/wpguerssen-test.odoo.rgbconsulting.com\/es\/wp-json\/wp\/v2\/product_cat?post=249553"},{"taxonomy":"product_tag","embeddable":true,"href":"https:\/\/wpguerssen-test.odoo.rgbconsulting.com\/es\/wp-json\/wp\/v2\/product_tag?post=249553"}],"curies":[{"name":"wp","href":"https:\/\/api.w.org\/{rel}","templated":true}]}}