{"id":249647,"date":"2024-02-22T00:00:00","date_gmt":"2024-02-21T23:00:00","guid":{"rendered":"https:\/\/wpguerssen-test.odoo.rgbconsulting.com\/product\/mochilla-presents-timeless-arthur-verocai\/"},"modified":"2025-01-22T18:34:47","modified_gmt":"2025-01-22T17:34:47","slug":"mochilla-presents-timeless-arthur-verocai","status":"publish","type":"product","link":"https:\/\/wpguerssen-test.odoo.rgbconsulting.com\/es\/producto\/mochilla-presents-timeless-arthur-verocai\/","title":{"rendered":"Mochilla Presents Timeless Arthur Verocai"},"content":{"rendered":"<p>En 2009, Brian Cross (tambi\u00e9n conocido como B+) organiz\u00f3 una serie de eventos en vivo en el Luckman Fine Arts Complex en Los \u00c1ngeles. La serie Timeless captur\u00f3 el impacto duradero de varios artistas en el mundo del Hip Hop y m\u00e1s all\u00e1. Actuaciones en vivo completamente orquestadas por Mulatu Astatke de Etiop\u00eda y Arthur Verocai de Brasil completaron la incre\u00edble Suite For Ma Dukes, un tributo a James \u00abDilla\u00bb Yancey, de Miguel Atwood-Ferguson.<br \/>Ell compositor\/arreglista brasile\u00f1o dirige una orquesta completa a trav\u00e9s de su lanzamiento hom\u00f3nimo de 1972. El resultado fue sorprendente. Despu\u00e9s de haber presenciado el espect\u00e1culo capturado en esta grabaci\u00f3n, MF DOOM coment\u00f3: \u00abUn verdadero director maestro. Tan incre\u00edble en vivo como grabado\u00bb y Madlib dijo: \u00abPodr\u00eda escuchar esta m\u00fasica todos los d\u00edas por el resto de mi vida\u00bb.<\/p>\n","protected":false},"excerpt":{"rendered":"<p>En 2009, Brian Cross (tambi\u00e9n conocido como B+) organiz\u00f3 una serie de eventos en vivo en el Luckman Fine Arts Complex en Los \u00c1ngeles. La serie Timeless captur\u00f3<a class=\"read\" href=\"https:\/\/wpguerssen-test.odoo.rgbconsulting.com\/es\/producto\/mochilla-presents-timeless-arthur-verocai\/\"> (...)<\/a>","protected":false},"featured_media":249614,"template":"","meta":{"_acf_changed":false},"product_brand":[],"product_cat":[21649,23231],"product_tag":[],"class_list":{"0":"post-249647","1":"product","2":"type-product","3":"status-publish","4":"has-post-thumbnail","6":"product_cat-soul-rnb-es","7":"product_cat-latin-brazilian-es","8":"pa_artist-verocai-arthur","9":"pa_format-2lp-es","10":"pa_gender-latin-brazilian-soul-rnb","11":"pa_label-mochilla","12":"pa_location-south-america-caribbean-es","13":"pa_other-filters-vinyl-only-es","15":"first","16":"instock","17":"taxable","18":"shipping-taxable","19":"purchasable","20":"product-type-simple"},"acf":[],"yoast_head":"<!-- This site is optimized with the Yoast SEO plugin v24.9 - https:\/\/yoast.com\/wordpress\/plugins\/seo\/ -->\n<title>VEROCAI, Arthur - Mochilla Presents Timeless Arthur Verocai -  (2LP) | Guerssen<\/title>\n<meta name=\"description\" content=\"In 2009, Brian Cross (aka B+) organized a series of live events at the Luckman Fine Arts Complex in Los Angles. The Timeless series captured the lasting impact of several artists on the world of Hip Hop and beyond. Live fully orchestrated performances by Ethiopia&#039;s Mulatu Astatke and Brazil&#039;s Arthur Verocai bookended the incredible Suite For Ma Dukes, a tribute to James &quot;Dilla&quot; Yancey, by Miguel Atwood-Ferguson.On Mochilla Presents: Timeless Arthur Verocai the Brazilian composer\/arrange leads a full orchestra through his self-titled 1972 release. The result was stunning. Having just witnessed the show captured on this recording MF DOOM remarked &quot;A true master conductor. Just as incredible live as recorded&quot; with Madlib saying &quot;I could listen to this music every day for the rest of my life.&quot;\" \/>\n<meta name=\"robots\" content=\"index, follow, max-snippet:-1, max-image-preview:large, max-video-preview:-1\" \/>\n<link rel=\"canonical\" href=\"https:\/\/wpguerssen-test.odoo.rgbconsulting.com\/es\/producto\/mochilla-presents-timeless-arthur-verocai\/\" \/>\n<meta property=\"og:locale\" content=\"es_ES\" \/>\n<meta property=\"og:type\" content=\"article\" \/>\n<meta property=\"og:title\" content=\"VEROCAI, Arthur - Mochilla Presents Timeless Arthur Verocai -  (2LP) | Guerssen\" \/>\n<meta property=\"og:description\" content=\"In 2009, Brian Cross (aka B+) organized a series of live events at the Luckman Fine Arts Complex in Los Angles. The Timeless series captured the lasting impact of several artists on the world of Hip Hop and beyond. Live fully orchestrated performances by Ethiopia&#039;s Mulatu Astatke and Brazil&#039;s Arthur Verocai bookended the incredible Suite For Ma Dukes, a tribute to James &quot;Dilla&quot; Yancey, by Miguel Atwood-Ferguson.On Mochilla Presents: Timeless Arthur Verocai the Brazilian composer\/arrange leads a full orchestra through his self-titled 1972 release. The result was stunning. Having just witnessed the show captured on this recording MF DOOM remarked &quot;A true master conductor. Just as incredible live as recorded&quot; with Madlib saying &quot;I could listen to this music every day for the rest of my life.&quot;\" \/>\n<meta property=\"og:url\" content=\"https:\/\/wpguerssen-test.odoo.rgbconsulting.com\/es\/producto\/mochilla-presents-timeless-arthur-verocai\/\" \/>\n<meta property=\"og:site_name\" content=\"Guerssen records\" \/>\n<meta property=\"article:modified_time\" content=\"2025-01-22T17:34:47+00:00\" \/>\n<meta property=\"og:image\" content=\"https:\/\/wpguerssen-test.odoo.rgbconsulting.com\/wp-content\/uploads\/2024\/01\/46684.jpg\" \/>\n\t<meta property=\"og:image:width\" content=\"243\" \/>\n\t<meta property=\"og:image:height\" content=\"241\" \/>\n\t<meta property=\"og:image:type\" content=\"image\/jpeg\" \/>\n<meta name=\"twitter:card\" content=\"summary_large_image\" \/>\n<meta name=\"twitter:title\" content=\"VEROCAI, Arthur - Mochilla Presents Timeless Arthur Verocai -  (2LP) | Guerssen\" \/>\n<meta name=\"twitter:label1\" content=\"Tiempo de lectura\" \/>\n\t<meta name=\"twitter:data1\" content=\"1 minuto\" \/>\n<script type=\"application\/ld+json\" class=\"yoast-schema-graph\">{\"@context\":\"https:\/\/schema.org\",\"@graph\":[{\"@type\":\"WebPage\",\"@id\":\"https:\/\/wpguerssen-test.odoo.rgbconsulting.com\/es\/producto\/mochilla-presents-timeless-arthur-verocai\/\",\"url\":\"https:\/\/wpguerssen-test.odoo.rgbconsulting.com\/es\/producto\/mochilla-presents-timeless-arthur-verocai\/\",\"name\":\"VEROCAI, Arthur - Mochilla Presents Timeless Arthur Verocai - (2LP) | Guerssen\",\"isPartOf\":{\"@id\":\"https:\/\/wpguerssen-test.odoo.rgbconsulting.com\/es\/#website\"},\"primaryImageOfPage\":{\"@id\":\"https:\/\/wpguerssen-test.odoo.rgbconsulting.com\/es\/producto\/mochilla-presents-timeless-arthur-verocai\/#primaryimage\"},\"image\":{\"@id\":\"https:\/\/wpguerssen-test.odoo.rgbconsulting.com\/es\/producto\/mochilla-presents-timeless-arthur-verocai\/#primaryimage\"},\"thumbnailUrl\":\"https:\/\/wpguerssen-test.odoo.rgbconsulting.com\/wp-content\/uploads\/2024\/01\/46684.jpg\",\"datePublished\":\"2024-02-21T23:00:00+00:00\",\"dateModified\":\"2025-01-22T17:34:47+00:00\",\"description\":\"In 2009, Brian Cross (aka B+) organized a series of live events at the Luckman Fine Arts Complex in Los Angles. The Timeless series captured the lasting impact of several artists on the world of Hip Hop and beyond. Live fully orchestrated performances by Ethiopia's Mulatu Astatke and Brazil's Arthur Verocai bookended the incredible Suite For Ma Dukes, a tribute to James \\\"Dilla\\\" Yancey, by Miguel Atwood-Ferguson.On Mochilla Presents: Timeless Arthur Verocai the Brazilian composer\/arrange leads a full orchestra through his self-titled 1972 release. The result was stunning. Having just witnessed the show captured on this recording MF DOOM remarked \\\"A true master conductor. Just as incredible live as recorded\\\" with Madlib saying \\\"I could listen to this music every day for the rest of my life.\\\"\",\"breadcrumb\":{\"@id\":\"https:\/\/wpguerssen-test.odoo.rgbconsulting.com\/es\/producto\/mochilla-presents-timeless-arthur-verocai\/#breadcrumb\"},\"inLanguage\":\"es\",\"potentialAction\":[{\"@type\":\"ReadAction\",\"target\":[\"https:\/\/wpguerssen-test.odoo.rgbconsulting.com\/es\/producto\/mochilla-presents-timeless-arthur-verocai\/\"]}]},{\"@type\":\"ImageObject\",\"inLanguage\":\"es\",\"@id\":\"https:\/\/wpguerssen-test.odoo.rgbconsulting.com\/es\/producto\/mochilla-presents-timeless-arthur-verocai\/#primaryimage\",\"url\":\"https:\/\/wpguerssen-test.odoo.rgbconsulting.com\/wp-content\/uploads\/2024\/01\/46684.jpg\",\"contentUrl\":\"https:\/\/wpguerssen-test.odoo.rgbconsulting.com\/wp-content\/uploads\/2024\/01\/46684.jpg\",\"width\":243,\"height\":241,\"caption\":\"Arthur - Mochilla Presents Timeless Arthur Verocai - MOCHILLA (2LP) | Guerssen\"},{\"@type\":\"BreadcrumbList\",\"@id\":\"https:\/\/wpguerssen-test.odoo.rgbconsulting.com\/es\/producto\/mochilla-presents-timeless-arthur-verocai\/#breadcrumb\",\"itemListElement\":[{\"@type\":\"ListItem\",\"position\":1,\"name\":\"Inicio\",\"item\":\"https:\/\/wpguerssen-test.odoo.rgbconsulting.com\/es\/\"},{\"@type\":\"ListItem\",\"position\":2,\"name\":\"Shop\",\"item\":\"https:\/\/wpguerssen-test.odoo.rgbconsulting.com\/shop\/\"},{\"@type\":\"ListItem\",\"position\":3,\"name\":\"Mochilla Presents Timeless Arthur Verocai\"}]},{\"@type\":\"WebSite\",\"@id\":\"https:\/\/wpguerssen-test.odoo.rgbconsulting.com\/es\/#website\",\"url\":\"https:\/\/wpguerssen-test.odoo.rgbconsulting.com\/es\/\",\"name\":\"Guerssen records\",\"description\":\"psychedelia - progressive - folk - garage \",\"publisher\":{\"@id\":\"https:\/\/wpguerssen-test.odoo.rgbconsulting.com\/es\/#organization\"},\"potentialAction\":[{\"@type\":\"SearchAction\",\"target\":{\"@type\":\"EntryPoint\",\"urlTemplate\":\"https:\/\/wpguerssen-test.odoo.rgbconsulting.com\/es\/?s={search_term_string}\"},\"query-input\":{\"@type\":\"PropertyValueSpecification\",\"valueRequired\":true,\"valueName\":\"search_term_string\"}}],\"inLanguage\":\"es\"},{\"@type\":\"Organization\",\"@id\":\"https:\/\/wpguerssen-test.odoo.rgbconsulting.com\/es\/#organization\",\"name\":\"Guerssen records\",\"url\":\"https:\/\/wpguerssen-test.odoo.rgbconsulting.com\/es\/\",\"logo\":{\"@type\":\"ImageObject\",\"inLanguage\":\"es\",\"@id\":\"https:\/\/wpguerssen-test.odoo.rgbconsulting.com\/es\/#\/schema\/logo\/image\/\",\"url\":\"https:\/\/wpguerssen-test.odoo.rgbconsulting.com\/wp-content\/uploads\/2022\/04\/Logo_Guerssen_trans_100.png\",\"contentUrl\":\"https:\/\/wpguerssen-test.odoo.rgbconsulting.com\/wp-content\/uploads\/2022\/04\/Logo_Guerssen_trans_100.png\",\"width\":122,\"height\":100,\"caption\":\"Guerssen records\"},\"image\":{\"@id\":\"https:\/\/wpguerssen-test.odoo.rgbconsulting.com\/es\/#\/schema\/logo\/image\/\"}}]}<\/script>\n<!-- \/ Yoast SEO plugin. -->","yoast_head_json":{"title":"VEROCAI, Arthur - Mochilla Presents Timeless Arthur Verocai -  (2LP) | Guerssen","description":"In 2009, Brian Cross (aka B+) organized a series of live events at the Luckman Fine Arts Complex in Los Angles. The Timeless series captured the lasting impact of several artists on the world of Hip Hop and beyond. Live fully orchestrated performances by Ethiopia's Mulatu Astatke and Brazil's Arthur Verocai bookended the incredible Suite For Ma Dukes, a tribute to James \"Dilla\" Yancey, by Miguel Atwood-Ferguson.On Mochilla Presents: Timeless Arthur Verocai the Brazilian composer\/arrange leads a full orchestra through his self-titled 1972 release. The result was stunning. Having just witnessed the show captured on this recording MF DOOM remarked \"A true master conductor. Just as incredible live as recorded\" with Madlib saying \"I could listen to this music every day for the rest of my life.\"","robots":{"index":"index","follow":"follow","max-snippet":"max-snippet:-1","max-image-preview":"max-image-preview:large","max-video-preview":"max-video-preview:-1"},"canonical":"https:\/\/wpguerssen-test.odoo.rgbconsulting.com\/es\/producto\/mochilla-presents-timeless-arthur-verocai\/","og_locale":"es_ES","og_type":"article","og_title":"VEROCAI, Arthur - Mochilla Presents Timeless Arthur Verocai -  (2LP) | Guerssen","og_description":"In 2009, Brian Cross (aka B+) organized a series of live events at the Luckman Fine Arts Complex in Los Angles. The Timeless series captured the lasting impact of several artists on the world of Hip Hop and beyond. Live fully orchestrated performances by Ethiopia's Mulatu Astatke and Brazil's Arthur Verocai bookended the incredible Suite For Ma Dukes, a tribute to James \"Dilla\" Yancey, by Miguel Atwood-Ferguson.On Mochilla Presents: Timeless Arthur Verocai the Brazilian composer\/arrange leads a full orchestra through his self-titled 1972 release. The result was stunning. Having just witnessed the show captured on this recording MF DOOM remarked \"A true master conductor. Just as incredible live as recorded\" with Madlib saying \"I could listen to this music every day for the rest of my life.\"","og_url":"https:\/\/wpguerssen-test.odoo.rgbconsulting.com\/es\/producto\/mochilla-presents-timeless-arthur-verocai\/","og_site_name":"Guerssen records","article_modified_time":"2025-01-22T17:34:47+00:00","og_image":[{"width":243,"height":241,"url":"https:\/\/wpguerssen-test.odoo.rgbconsulting.com\/wp-content\/uploads\/2024\/01\/46684.jpg","type":"image\/jpeg"}],"twitter_card":"summary_large_image","twitter_title":"VEROCAI, Arthur - Mochilla Presents Timeless Arthur Verocai -  (2LP) | Guerssen","twitter_misc":{"Tiempo de lectura":"1 minuto"},"schema":{"@context":"https:\/\/schema.org","@graph":[{"@type":"WebPage","@id":"https:\/\/wpguerssen-test.odoo.rgbconsulting.com\/es\/producto\/mochilla-presents-timeless-arthur-verocai\/","url":"https:\/\/wpguerssen-test.odoo.rgbconsulting.com\/es\/producto\/mochilla-presents-timeless-arthur-verocai\/","name":"VEROCAI, Arthur - Mochilla Presents Timeless Arthur Verocai - (2LP) | Guerssen","isPartOf":{"@id":"https:\/\/wpguerssen-test.odoo.rgbconsulting.com\/es\/#website"},"primaryImageOfPage":{"@id":"https:\/\/wpguerssen-test.odoo.rgbconsulting.com\/es\/producto\/mochilla-presents-timeless-arthur-verocai\/#primaryimage"},"image":{"@id":"https:\/\/wpguerssen-test.odoo.rgbconsulting.com\/es\/producto\/mochilla-presents-timeless-arthur-verocai\/#primaryimage"},"thumbnailUrl":"https:\/\/wpguerssen-test.odoo.rgbconsulting.com\/wp-content\/uploads\/2024\/01\/46684.jpg","datePublished":"2024-02-21T23:00:00+00:00","dateModified":"2025-01-22T17:34:47+00:00","description":"In 2009, Brian Cross (aka B+) organized a series of live events at the Luckman Fine Arts Complex in Los Angles. The Timeless series captured the lasting impact of several artists on the world of Hip Hop and beyond. Live fully orchestrated performances by Ethiopia's Mulatu Astatke and Brazil's Arthur Verocai bookended the incredible Suite For Ma Dukes, a tribute to James \"Dilla\" Yancey, by Miguel Atwood-Ferguson.On Mochilla Presents: Timeless Arthur Verocai the Brazilian composer\/arrange leads a full orchestra through his self-titled 1972 release. The result was stunning. Having just witnessed the show captured on this recording MF DOOM remarked \"A true master conductor. Just as incredible live as recorded\" with Madlib saying \"I could listen to this music every day for the rest of my life.\"","breadcrumb":{"@id":"https:\/\/wpguerssen-test.odoo.rgbconsulting.com\/es\/producto\/mochilla-presents-timeless-arthur-verocai\/#breadcrumb"},"inLanguage":"es","potentialAction":[{"@type":"ReadAction","target":["https:\/\/wpguerssen-test.odoo.rgbconsulting.com\/es\/producto\/mochilla-presents-timeless-arthur-verocai\/"]}]},{"@type":"ImageObject","inLanguage":"es","@id":"https:\/\/wpguerssen-test.odoo.rgbconsulting.com\/es\/producto\/mochilla-presents-timeless-arthur-verocai\/#primaryimage","url":"https:\/\/wpguerssen-test.odoo.rgbconsulting.com\/wp-content\/uploads\/2024\/01\/46684.jpg","contentUrl":"https:\/\/wpguerssen-test.odoo.rgbconsulting.com\/wp-content\/uploads\/2024\/01\/46684.jpg","width":243,"height":241,"caption":"Arthur - Mochilla Presents Timeless Arthur Verocai - MOCHILLA (2LP) | Guerssen"},{"@type":"BreadcrumbList","@id":"https:\/\/wpguerssen-test.odoo.rgbconsulting.com\/es\/producto\/mochilla-presents-timeless-arthur-verocai\/#breadcrumb","itemListElement":[{"@type":"ListItem","position":1,"name":"Inicio","item":"https:\/\/wpguerssen-test.odoo.rgbconsulting.com\/es\/"},{"@type":"ListItem","position":2,"name":"Shop","item":"https:\/\/wpguerssen-test.odoo.rgbconsulting.com\/shop\/"},{"@type":"ListItem","position":3,"name":"Mochilla Presents Timeless Arthur Verocai"}]},{"@type":"WebSite","@id":"https:\/\/wpguerssen-test.odoo.rgbconsulting.com\/es\/#website","url":"https:\/\/wpguerssen-test.odoo.rgbconsulting.com\/es\/","name":"Guerssen records","description":"psychedelia - progressive - folk - garage ","publisher":{"@id":"https:\/\/wpguerssen-test.odoo.rgbconsulting.com\/es\/#organization"},"potentialAction":[{"@type":"SearchAction","target":{"@type":"EntryPoint","urlTemplate":"https:\/\/wpguerssen-test.odoo.rgbconsulting.com\/es\/?s={search_term_string}"},"query-input":{"@type":"PropertyValueSpecification","valueRequired":true,"valueName":"search_term_string"}}],"inLanguage":"es"},{"@type":"Organization","@id":"https:\/\/wpguerssen-test.odoo.rgbconsulting.com\/es\/#organization","name":"Guerssen records","url":"https:\/\/wpguerssen-test.odoo.rgbconsulting.com\/es\/","logo":{"@type":"ImageObject","inLanguage":"es","@id":"https:\/\/wpguerssen-test.odoo.rgbconsulting.com\/es\/#\/schema\/logo\/image\/","url":"https:\/\/wpguerssen-test.odoo.rgbconsulting.com\/wp-content\/uploads\/2022\/04\/Logo_Guerssen_trans_100.png","contentUrl":"https:\/\/wpguerssen-test.odoo.rgbconsulting.com\/wp-content\/uploads\/2022\/04\/Logo_Guerssen_trans_100.png","width":122,"height":100,"caption":"Guerssen records"},"image":{"@id":"https:\/\/wpguerssen-test.odoo.rgbconsulting.com\/es\/#\/schema\/logo\/image\/"}}]}},"_links":{"self":[{"href":"https:\/\/wpguerssen-test.odoo.rgbconsulting.com\/es\/wp-json\/wp\/v2\/product\/249647","targetHints":{"allow":["GET"]}}],"collection":[{"href":"https:\/\/wpguerssen-test.odoo.rgbconsulting.com\/es\/wp-json\/wp\/v2\/product"}],"about":[{"href":"https:\/\/wpguerssen-test.odoo.rgbconsulting.com\/es\/wp-json\/wp\/v2\/types\/product"}],"wp:featuredmedia":[{"embeddable":true,"href":"https:\/\/wpguerssen-test.odoo.rgbconsulting.com\/es\/wp-json\/wp\/v2\/media\/249614"}],"wp:attachment":[{"href":"https:\/\/wpguerssen-test.odoo.rgbconsulting.com\/es\/wp-json\/wp\/v2\/media?parent=249647"}],"wp:term":[{"taxonomy":"product_brand","embeddable":true,"href":"https:\/\/wpguerssen-test.odoo.rgbconsulting.com\/es\/wp-json\/wp\/v2\/product_brand?post=249647"},{"taxonomy":"product_cat","embeddable":true,"href":"https:\/\/wpguerssen-test.odoo.rgbconsulting.com\/es\/wp-json\/wp\/v2\/product_cat?post=249647"},{"taxonomy":"product_tag","embeddable":true,"href":"https:\/\/wpguerssen-test.odoo.rgbconsulting.com\/es\/wp-json\/wp\/v2\/product_tag?post=249647"}],"curies":[{"name":"wp","href":"https:\/\/api.w.org\/{rel}","templated":true}]}}