{"id":249648,"date":"2025-02-28T00:00:00","date_gmt":"2025-02-27T23:00:00","guid":{"rendered":"https:\/\/wpguerssen-test.odoo.rgbconsulting.com\/product\/in-the-past-opaque-green\/"},"modified":"2025-04-01T17:45:31","modified_gmt":"2025-04-01T15:45:31","slug":"in-the-past-opaque-green","status":"publish","type":"product","link":"https:\/\/wpguerssen-test.odoo.rgbconsulting.com\/es\/producto\/in-the-past-opaque-green\/","title":{"rendered":"In The Past (Opaque Green)"},"content":{"rendered":"<p>\u00a1Esta grabaci\u00f3n hist\u00f3rica del principal conjunto de garage, psicod\u00e9lico, progresivo, funk y afro-rock de Zambia, WITCH, We Intend To Cause Havoc! Ahora est\u00e1 disponible en una variante de color nunca antes vista. El audio es casi perfecto: restaurado y remasterizado a partir de las cintas maestras originales.<br \/>El arco musical de WITCH abarca un lapso de cinco a\u00f1os y, en retrospectiva, es l\u00f3gico que los dos primeros \u00e1lbumes de producci\u00f3n propia de la banda, lanzados al un\u00edsono con el nacimiento de la industria discogr\u00e1fica comercial de Zambia, son experimentos exuberantes de garage rock y est\u00e1n tan influenciados por los Rolling Stones como por James Brown. In The Past, su segundo \u00e1lbum, es la continuaci\u00f3n perfecta para cualquiera que conozca a la banda WITCH a trav\u00e9s de su hist\u00f3rico Introduction.<\/p>\n","protected":false},"excerpt":{"rendered":"<p>\u00a1Esta grabaci\u00f3n hist\u00f3rica del principal conjunto de garage, psicod\u00e9lico, progresivo, funk y afro-rock de Zambia, WITCH, We Intend To Cause Havoc! Ahora est\u00e1 disponible<a class=\"read\" href=\"https:\/\/wpguerssen-test.odoo.rgbconsulting.com\/es\/producto\/in-the-past-opaque-green\/\"> (...)<\/a>","protected":false},"featured_media":249617,"template":"","meta":{"_acf_changed":false},"product_brand":[],"product_cat":[21639,23258],"product_tag":[29140],"class_list":{"0":"post-249648","1":"product","2":"type-product","3":"status-publish","4":"has-post-thumbnail","6":"product_cat-psychedelic60s-70s-es","7":"product_cat-afro-funk-afrobeat-es","8":"product_tag-color-vinyl-es","9":"pa_artist-witch-es","10":"pa_format-lp-es","11":"pa_gender-psychedelic60s-70s-afro-funk-afrobeat","12":"pa_label-now-again","13":"pa_location-africa-es","14":"pa_other-filters-vinyl-only-es","16":"first","17":"instock","18":"taxable","19":"shipping-taxable","20":"purchasable","21":"product-type-simple"},"acf":[],"yoast_head":"<!-- This site is optimized with the Yoast SEO plugin v24.9 - https:\/\/yoast.com\/wordpress\/plugins\/seo\/ -->\n<title>WITCH - In The Past (Opaque Green) -  (LP) | Guerssen<\/title>\n<meta name=\"description\" content=\"This landmark recording from Now-Again&#039;s comprehensive overview of Zambia&#039;s premier garage-, psych-, prog-, funk-,afro-rock ensemble WITCH, We Intend To Cause Havoc! Is now available in a never before seen color variant. The audio is nigh-perfect - restored and remastered from the original master tapes.WITCH&#039;s musical arc is contained to a five year span and, in retrospect, is a logical one. The band&#039;s first two, self-produced albums - released in unison with the birth of the commercial Zambian recording industry - are exuberant experiments in garage rock, and are as influenced by the Rolling Stones as they are James Brown. In The Past, their second album, is the perfect follow-up for anyone exposed to the WITCH band through their landmark Introduction.\" \/>\n<meta name=\"robots\" content=\"index, follow, max-snippet:-1, max-image-preview:large, max-video-preview:-1\" \/>\n<link rel=\"canonical\" href=\"https:\/\/wpguerssen-test.odoo.rgbconsulting.com\/es\/producto\/in-the-past-opaque-green\/\" \/>\n<meta property=\"og:locale\" content=\"es_ES\" \/>\n<meta property=\"og:type\" content=\"article\" \/>\n<meta property=\"og:title\" content=\"WITCH - In The Past (Opaque Green) -  (LP) | Guerssen\" \/>\n<meta property=\"og:description\" content=\"This landmark recording from Now-Again&#039;s comprehensive overview of Zambia&#039;s premier garage-, psych-, prog-, funk-,afro-rock ensemble WITCH, We Intend To Cause Havoc! Is now available in a never before seen color variant. The audio is nigh-perfect - restored and remastered from the original master tapes.WITCH&#039;s musical arc is contained to a five year span and, in retrospect, is a logical one. The band&#039;s first two, self-produced albums - released in unison with the birth of the commercial Zambian recording industry - are exuberant experiments in garage rock, and are as influenced by the Rolling Stones as they are James Brown. In The Past, their second album, is the perfect follow-up for anyone exposed to the WITCH band through their landmark Introduction.\" \/>\n<meta property=\"og:url\" content=\"https:\/\/wpguerssen-test.odoo.rgbconsulting.com\/es\/producto\/in-the-past-opaque-green\/\" \/>\n<meta property=\"og:site_name\" content=\"Guerssen records\" \/>\n<meta property=\"article:modified_time\" content=\"2025-04-01T15:45:31+00:00\" \/>\n<meta property=\"og:image\" content=\"https:\/\/wpguerssen-test.odoo.rgbconsulting.com\/wp-content\/uploads\/2024\/01\/46685.jpg\" \/>\n\t<meta property=\"og:image:width\" content=\"243\" \/>\n\t<meta property=\"og:image:height\" content=\"243\" \/>\n\t<meta property=\"og:image:type\" content=\"image\/jpeg\" \/>\n<meta name=\"twitter:card\" content=\"summary_large_image\" \/>\n<meta name=\"twitter:title\" content=\"WITCH - In The Past (Opaque Green) -  (LP) | Guerssen\" \/>\n<meta name=\"twitter:label1\" content=\"Tiempo de lectura\" \/>\n\t<meta name=\"twitter:data1\" content=\"1 minuto\" \/>\n<script type=\"application\/ld+json\" class=\"yoast-schema-graph\">{\"@context\":\"https:\/\/schema.org\",\"@graph\":[{\"@type\":\"WebPage\",\"@id\":\"https:\/\/wpguerssen-test.odoo.rgbconsulting.com\/es\/producto\/in-the-past-opaque-green\/\",\"url\":\"https:\/\/wpguerssen-test.odoo.rgbconsulting.com\/es\/producto\/in-the-past-opaque-green\/\",\"name\":\"WITCH - In The Past (Opaque Green) - (LP) | Guerssen\",\"isPartOf\":{\"@id\":\"https:\/\/wpguerssen-test.odoo.rgbconsulting.com\/es\/#website\"},\"primaryImageOfPage\":{\"@id\":\"https:\/\/wpguerssen-test.odoo.rgbconsulting.com\/es\/producto\/in-the-past-opaque-green\/#primaryimage\"},\"image\":{\"@id\":\"https:\/\/wpguerssen-test.odoo.rgbconsulting.com\/es\/producto\/in-the-past-opaque-green\/#primaryimage\"},\"thumbnailUrl\":\"https:\/\/wpguerssen-test.odoo.rgbconsulting.com\/wp-content\/uploads\/2024\/01\/46685.jpg\",\"datePublished\":\"2025-02-27T23:00:00+00:00\",\"dateModified\":\"2025-04-01T15:45:31+00:00\",\"description\":\"This landmark recording from Now-Again's comprehensive overview of Zambia's premier garage-, psych-, prog-, funk-,afro-rock ensemble WITCH, We Intend To Cause Havoc! Is now available in a never before seen color variant. The audio is nigh-perfect - restored and remastered from the original master tapes.WITCH's musical arc is contained to a five year span and, in retrospect, is a logical one. The band's first two, self-produced albums - released in unison with the birth of the commercial Zambian recording industry - are exuberant experiments in garage rock, and are as influenced by the Rolling Stones as they are James Brown. In The Past, their second album, is the perfect follow-up for anyone exposed to the WITCH band through their landmark Introduction.\",\"breadcrumb\":{\"@id\":\"https:\/\/wpguerssen-test.odoo.rgbconsulting.com\/es\/producto\/in-the-past-opaque-green\/#breadcrumb\"},\"inLanguage\":\"es\",\"potentialAction\":[{\"@type\":\"ReadAction\",\"target\":[\"https:\/\/wpguerssen-test.odoo.rgbconsulting.com\/es\/producto\/in-the-past-opaque-green\/\"]}]},{\"@type\":\"ImageObject\",\"inLanguage\":\"es\",\"@id\":\"https:\/\/wpguerssen-test.odoo.rgbconsulting.com\/es\/producto\/in-the-past-opaque-green\/#primaryimage\",\"url\":\"https:\/\/wpguerssen-test.odoo.rgbconsulting.com\/wp-content\/uploads\/2024\/01\/46685.jpg\",\"contentUrl\":\"https:\/\/wpguerssen-test.odoo.rgbconsulting.com\/wp-content\/uploads\/2024\/01\/46685.jpg\",\"width\":243,\"height\":243},{\"@type\":\"BreadcrumbList\",\"@id\":\"https:\/\/wpguerssen-test.odoo.rgbconsulting.com\/es\/producto\/in-the-past-opaque-green\/#breadcrumb\",\"itemListElement\":[{\"@type\":\"ListItem\",\"position\":1,\"name\":\"Inicio\",\"item\":\"https:\/\/wpguerssen-test.odoo.rgbconsulting.com\/es\/\"},{\"@type\":\"ListItem\",\"position\":2,\"name\":\"Shop\",\"item\":\"https:\/\/wpguerssen-test.odoo.rgbconsulting.com\/shop\/\"},{\"@type\":\"ListItem\",\"position\":3,\"name\":\"In The Past (Opaque Green)\"}]},{\"@type\":\"WebSite\",\"@id\":\"https:\/\/wpguerssen-test.odoo.rgbconsulting.com\/es\/#website\",\"url\":\"https:\/\/wpguerssen-test.odoo.rgbconsulting.com\/es\/\",\"name\":\"Guerssen records\",\"description\":\"psychedelia - progressive - folk - garage \",\"publisher\":{\"@id\":\"https:\/\/wpguerssen-test.odoo.rgbconsulting.com\/es\/#organization\"},\"potentialAction\":[{\"@type\":\"SearchAction\",\"target\":{\"@type\":\"EntryPoint\",\"urlTemplate\":\"https:\/\/wpguerssen-test.odoo.rgbconsulting.com\/es\/?s={search_term_string}\"},\"query-input\":{\"@type\":\"PropertyValueSpecification\",\"valueRequired\":true,\"valueName\":\"search_term_string\"}}],\"inLanguage\":\"es\"},{\"@type\":\"Organization\",\"@id\":\"https:\/\/wpguerssen-test.odoo.rgbconsulting.com\/es\/#organization\",\"name\":\"Guerssen records\",\"url\":\"https:\/\/wpguerssen-test.odoo.rgbconsulting.com\/es\/\",\"logo\":{\"@type\":\"ImageObject\",\"inLanguage\":\"es\",\"@id\":\"https:\/\/wpguerssen-test.odoo.rgbconsulting.com\/es\/#\/schema\/logo\/image\/\",\"url\":\"https:\/\/wpguerssen-test.odoo.rgbconsulting.com\/wp-content\/uploads\/2022\/04\/Logo_Guerssen_trans_100.png\",\"contentUrl\":\"https:\/\/wpguerssen-test.odoo.rgbconsulting.com\/wp-content\/uploads\/2022\/04\/Logo_Guerssen_trans_100.png\",\"width\":122,\"height\":100,\"caption\":\"Guerssen records\"},\"image\":{\"@id\":\"https:\/\/wpguerssen-test.odoo.rgbconsulting.com\/es\/#\/schema\/logo\/image\/\"}}]}<\/script>\n<!-- \/ Yoast SEO plugin. -->","yoast_head_json":{"title":"WITCH - In The Past (Opaque Green) -  (LP) | Guerssen","description":"This landmark recording from Now-Again's comprehensive overview of Zambia's premier garage-, psych-, prog-, funk-,afro-rock ensemble WITCH, We Intend To Cause Havoc! Is now available in a never before seen color variant. The audio is nigh-perfect - restored and remastered from the original master tapes.WITCH's musical arc is contained to a five year span and, in retrospect, is a logical one. The band's first two, self-produced albums - released in unison with the birth of the commercial Zambian recording industry - are exuberant experiments in garage rock, and are as influenced by the Rolling Stones as they are James Brown. In The Past, their second album, is the perfect follow-up for anyone exposed to the WITCH band through their landmark Introduction.","robots":{"index":"index","follow":"follow","max-snippet":"max-snippet:-1","max-image-preview":"max-image-preview:large","max-video-preview":"max-video-preview:-1"},"canonical":"https:\/\/wpguerssen-test.odoo.rgbconsulting.com\/es\/producto\/in-the-past-opaque-green\/","og_locale":"es_ES","og_type":"article","og_title":"WITCH - In The Past (Opaque Green) -  (LP) | Guerssen","og_description":"This landmark recording from Now-Again's comprehensive overview of Zambia's premier garage-, psych-, prog-, funk-,afro-rock ensemble WITCH, We Intend To Cause Havoc! Is now available in a never before seen color variant. The audio is nigh-perfect - restored and remastered from the original master tapes.WITCH's musical arc is contained to a five year span and, in retrospect, is a logical one. The band's first two, self-produced albums - released in unison with the birth of the commercial Zambian recording industry - are exuberant experiments in garage rock, and are as influenced by the Rolling Stones as they are James Brown. In The Past, their second album, is the perfect follow-up for anyone exposed to the WITCH band through their landmark Introduction.","og_url":"https:\/\/wpguerssen-test.odoo.rgbconsulting.com\/es\/producto\/in-the-past-opaque-green\/","og_site_name":"Guerssen records","article_modified_time":"2025-04-01T15:45:31+00:00","og_image":[{"width":243,"height":243,"url":"https:\/\/wpguerssen-test.odoo.rgbconsulting.com\/wp-content\/uploads\/2024\/01\/46685.jpg","type":"image\/jpeg"}],"twitter_card":"summary_large_image","twitter_title":"WITCH - In The Past (Opaque Green) -  (LP) | Guerssen","twitter_misc":{"Tiempo de lectura":"1 minuto"},"schema":{"@context":"https:\/\/schema.org","@graph":[{"@type":"WebPage","@id":"https:\/\/wpguerssen-test.odoo.rgbconsulting.com\/es\/producto\/in-the-past-opaque-green\/","url":"https:\/\/wpguerssen-test.odoo.rgbconsulting.com\/es\/producto\/in-the-past-opaque-green\/","name":"WITCH - In The Past (Opaque Green) - (LP) | Guerssen","isPartOf":{"@id":"https:\/\/wpguerssen-test.odoo.rgbconsulting.com\/es\/#website"},"primaryImageOfPage":{"@id":"https:\/\/wpguerssen-test.odoo.rgbconsulting.com\/es\/producto\/in-the-past-opaque-green\/#primaryimage"},"image":{"@id":"https:\/\/wpguerssen-test.odoo.rgbconsulting.com\/es\/producto\/in-the-past-opaque-green\/#primaryimage"},"thumbnailUrl":"https:\/\/wpguerssen-test.odoo.rgbconsulting.com\/wp-content\/uploads\/2024\/01\/46685.jpg","datePublished":"2025-02-27T23:00:00+00:00","dateModified":"2025-04-01T15:45:31+00:00","description":"This landmark recording from Now-Again's comprehensive overview of Zambia's premier garage-, psych-, prog-, funk-,afro-rock ensemble WITCH, We Intend To Cause Havoc! Is now available in a never before seen color variant. The audio is nigh-perfect - restored and remastered from the original master tapes.WITCH's musical arc is contained to a five year span and, in retrospect, is a logical one. The band's first two, self-produced albums - released in unison with the birth of the commercial Zambian recording industry - are exuberant experiments in garage rock, and are as influenced by the Rolling Stones as they are James Brown. In The Past, their second album, is the perfect follow-up for anyone exposed to the WITCH band through their landmark Introduction.","breadcrumb":{"@id":"https:\/\/wpguerssen-test.odoo.rgbconsulting.com\/es\/producto\/in-the-past-opaque-green\/#breadcrumb"},"inLanguage":"es","potentialAction":[{"@type":"ReadAction","target":["https:\/\/wpguerssen-test.odoo.rgbconsulting.com\/es\/producto\/in-the-past-opaque-green\/"]}]},{"@type":"ImageObject","inLanguage":"es","@id":"https:\/\/wpguerssen-test.odoo.rgbconsulting.com\/es\/producto\/in-the-past-opaque-green\/#primaryimage","url":"https:\/\/wpguerssen-test.odoo.rgbconsulting.com\/wp-content\/uploads\/2024\/01\/46685.jpg","contentUrl":"https:\/\/wpguerssen-test.odoo.rgbconsulting.com\/wp-content\/uploads\/2024\/01\/46685.jpg","width":243,"height":243},{"@type":"BreadcrumbList","@id":"https:\/\/wpguerssen-test.odoo.rgbconsulting.com\/es\/producto\/in-the-past-opaque-green\/#breadcrumb","itemListElement":[{"@type":"ListItem","position":1,"name":"Inicio","item":"https:\/\/wpguerssen-test.odoo.rgbconsulting.com\/es\/"},{"@type":"ListItem","position":2,"name":"Shop","item":"https:\/\/wpguerssen-test.odoo.rgbconsulting.com\/shop\/"},{"@type":"ListItem","position":3,"name":"In The Past (Opaque Green)"}]},{"@type":"WebSite","@id":"https:\/\/wpguerssen-test.odoo.rgbconsulting.com\/es\/#website","url":"https:\/\/wpguerssen-test.odoo.rgbconsulting.com\/es\/","name":"Guerssen records","description":"psychedelia - progressive - folk - garage ","publisher":{"@id":"https:\/\/wpguerssen-test.odoo.rgbconsulting.com\/es\/#organization"},"potentialAction":[{"@type":"SearchAction","target":{"@type":"EntryPoint","urlTemplate":"https:\/\/wpguerssen-test.odoo.rgbconsulting.com\/es\/?s={search_term_string}"},"query-input":{"@type":"PropertyValueSpecification","valueRequired":true,"valueName":"search_term_string"}}],"inLanguage":"es"},{"@type":"Organization","@id":"https:\/\/wpguerssen-test.odoo.rgbconsulting.com\/es\/#organization","name":"Guerssen records","url":"https:\/\/wpguerssen-test.odoo.rgbconsulting.com\/es\/","logo":{"@type":"ImageObject","inLanguage":"es","@id":"https:\/\/wpguerssen-test.odoo.rgbconsulting.com\/es\/#\/schema\/logo\/image\/","url":"https:\/\/wpguerssen-test.odoo.rgbconsulting.com\/wp-content\/uploads\/2022\/04\/Logo_Guerssen_trans_100.png","contentUrl":"https:\/\/wpguerssen-test.odoo.rgbconsulting.com\/wp-content\/uploads\/2022\/04\/Logo_Guerssen_trans_100.png","width":122,"height":100,"caption":"Guerssen records"},"image":{"@id":"https:\/\/wpguerssen-test.odoo.rgbconsulting.com\/es\/#\/schema\/logo\/image\/"}}]}},"_links":{"self":[{"href":"https:\/\/wpguerssen-test.odoo.rgbconsulting.com\/es\/wp-json\/wp\/v2\/product\/249648","targetHints":{"allow":["GET"]}}],"collection":[{"href":"https:\/\/wpguerssen-test.odoo.rgbconsulting.com\/es\/wp-json\/wp\/v2\/product"}],"about":[{"href":"https:\/\/wpguerssen-test.odoo.rgbconsulting.com\/es\/wp-json\/wp\/v2\/types\/product"}],"wp:featuredmedia":[{"embeddable":true,"href":"https:\/\/wpguerssen-test.odoo.rgbconsulting.com\/es\/wp-json\/wp\/v2\/media\/249617"}],"wp:attachment":[{"href":"https:\/\/wpguerssen-test.odoo.rgbconsulting.com\/es\/wp-json\/wp\/v2\/media?parent=249648"}],"wp:term":[{"taxonomy":"product_brand","embeddable":true,"href":"https:\/\/wpguerssen-test.odoo.rgbconsulting.com\/es\/wp-json\/wp\/v2\/product_brand?post=249648"},{"taxonomy":"product_cat","embeddable":true,"href":"https:\/\/wpguerssen-test.odoo.rgbconsulting.com\/es\/wp-json\/wp\/v2\/product_cat?post=249648"},{"taxonomy":"product_tag","embeddable":true,"href":"https:\/\/wpguerssen-test.odoo.rgbconsulting.com\/es\/wp-json\/wp\/v2\/product_tag?post=249648"}],"curies":[{"name":"wp","href":"https:\/\/api.w.org\/{rel}","templated":true}]}}