{"id":249651,"date":"2024-01-30T00:00:00","date_gmt":"2024-01-29T23:00:00","guid":{"rendered":"https:\/\/wpguerssen-test.odoo.rgbconsulting.com\/product\/apryl-fool-pink\/"},"modified":"2025-04-03T17:06:59","modified_gmt":"2025-04-03T15:06:59","slug":"apryl-fool-pink","status":"publish","type":"product","link":"https:\/\/wpguerssen-test.odoo.rgbconsulting.com\/es\/producto\/apryl-fool-pink\/","title":{"rendered":"Apryl Fool (Pink)"},"content":{"rendered":"<p>Banda posterior a FLORAL y anterior a YELLOW MAGIC ORCHESTRA que incluye, entre otros, a Haruomi Hosono al bajo y Takashi Matsumoto a la bater\u00eda. Este \u00e1lbum, producido por la banda con sede en Tokio, resume un momento transformador en el movimiento contracultural de la naci\u00f3n y su contribuci\u00f3n a la evoluci\u00f3n global de la m\u00fasica psicod\u00e9lica. Con un intrincado trabajo de guitarra, voces inquietantes y composiciones experimentales, el \u00e1lbum sigue siendo una influencia duradera en el panorama mundial de la psicod\u00e9lia. Un cl\u00e1sico japones de 1969 finalmente regresa en vinilo.<\/p>\n","protected":false},"excerpt":{"rendered":"<p>Banda posterior a FLORAL y anterior a YELLOW MAGIC ORCHESTRA que incluye, entre otros, a Haruomi Hosono al bajo y Takashi Matsumoto a la bater\u00eda. Este \u00e1lbum, producido<a class=\"read\" href=\"https:\/\/wpguerssen-test.odoo.rgbconsulting.com\/es\/producto\/apryl-fool-pink\/\"> (...)<\/a>","protected":false},"featured_media":250343,"template":"","meta":{"_acf_changed":false},"product_brand":[],"product_cat":[21639],"product_tag":[29140],"class_list":{"0":"post-249651","1":"product","2":"type-product","3":"status-publish","4":"has-post-thumbnail","6":"product_cat-psychedelic60s-70s-es","7":"product_tag-color-vinyl-es","8":"pa_artist-apryl-fool","9":"pa_format-lp-es","10":"pa_gender-psychedelic60s-70s","11":"pa_label-survival-research","12":"pa_location-asia-es","13":"pa_other-filters-vinyl-only-es","15":"first","16":"instock","17":"taxable","18":"shipping-taxable","19":"purchasable","20":"product-type-simple"},"acf":[],"yoast_head":"<!-- This site is optimized with the Yoast SEO plugin v24.9 - https:\/\/yoast.com\/wordpress\/plugins\/seo\/ -->\n<title>APRYL FOOL - Apryl Fool (Pink) -  (LP) | Guerssen<\/title>\n<meta name=\"description\" content=\"Post FLORAL and pre-YELLOW MAGIC ORCHESTRA &quot;all star&quot; band featuring among others Haruomi Hosono on bass and Takashi Matsumoto on drums. This album, produced by the Tokyo-based band, encapsulates a transformative moment in the nation&#039;s counterculture movement and its contribution to the global evolution of psychedelic music. With intricate guitar work, haunting vocals, and experimental compositions, the album remains an enduring influence in the global psychedelic music landscape. An all-time Japanese psych classic from 1969 finally back on vinyl.\" \/>\n<meta name=\"robots\" content=\"index, follow, max-snippet:-1, max-image-preview:large, max-video-preview:-1\" \/>\n<link rel=\"canonical\" href=\"https:\/\/wpguerssen-test.odoo.rgbconsulting.com\/es\/producto\/apryl-fool-pink\/\" \/>\n<meta property=\"og:locale\" content=\"es_ES\" \/>\n<meta property=\"og:type\" content=\"article\" \/>\n<meta property=\"og:title\" content=\"APRYL FOOL - Apryl Fool (Pink) -  (LP) | Guerssen\" \/>\n<meta property=\"og:description\" content=\"Post FLORAL and pre-YELLOW MAGIC ORCHESTRA &quot;all star&quot; band featuring among others Haruomi Hosono on bass and Takashi Matsumoto on drums. This album, produced by the Tokyo-based band, encapsulates a transformative moment in the nation&#039;s counterculture movement and its contribution to the global evolution of psychedelic music. With intricate guitar work, haunting vocals, and experimental compositions, the album remains an enduring influence in the global psychedelic music landscape. An all-time Japanese psych classic from 1969 finally back on vinyl.\" \/>\n<meta property=\"og:url\" content=\"https:\/\/wpguerssen-test.odoo.rgbconsulting.com\/es\/producto\/apryl-fool-pink\/\" \/>\n<meta property=\"og:site_name\" content=\"Guerssen records\" \/>\n<meta property=\"article:modified_time\" content=\"2025-04-03T15:06:59+00:00\" \/>\n<meta property=\"og:image\" content=\"https:\/\/wpguerssen-test.odoo.rgbconsulting.com\/wp-content\/uploads\/2024\/01\/46688.jpg\" \/>\n\t<meta property=\"og:image:width\" content=\"599\" \/>\n\t<meta property=\"og:image:height\" content=\"597\" \/>\n\t<meta property=\"og:image:type\" content=\"image\/jpeg\" \/>\n<meta name=\"twitter:card\" content=\"summary_large_image\" \/>\n<meta name=\"twitter:title\" content=\"APRYL FOOL - Apryl Fool (Pink) -  (LP) | Guerssen\" \/>\n<script type=\"application\/ld+json\" class=\"yoast-schema-graph\">{\"@context\":\"https:\/\/schema.org\",\"@graph\":[{\"@type\":\"WebPage\",\"@id\":\"https:\/\/wpguerssen-test.odoo.rgbconsulting.com\/es\/producto\/apryl-fool-pink\/\",\"url\":\"https:\/\/wpguerssen-test.odoo.rgbconsulting.com\/es\/producto\/apryl-fool-pink\/\",\"name\":\"APRYL FOOL - Apryl Fool (Pink) - (LP) | Guerssen\",\"isPartOf\":{\"@id\":\"https:\/\/wpguerssen-test.odoo.rgbconsulting.com\/es\/#website\"},\"primaryImageOfPage\":{\"@id\":\"https:\/\/wpguerssen-test.odoo.rgbconsulting.com\/es\/producto\/apryl-fool-pink\/#primaryimage\"},\"image\":{\"@id\":\"https:\/\/wpguerssen-test.odoo.rgbconsulting.com\/es\/producto\/apryl-fool-pink\/#primaryimage\"},\"thumbnailUrl\":\"https:\/\/wpguerssen-test.odoo.rgbconsulting.com\/wp-content\/uploads\/2024\/01\/46688.jpg\",\"datePublished\":\"2024-01-29T23:00:00+00:00\",\"dateModified\":\"2025-04-03T15:06:59+00:00\",\"description\":\"Post FLORAL and pre-YELLOW MAGIC ORCHESTRA \\\"all star\\\" band featuring among others Haruomi Hosono on bass and Takashi Matsumoto on drums. This album, produced by the Tokyo-based band, encapsulates a transformative moment in the nation's counterculture movement and its contribution to the global evolution of psychedelic music. With intricate guitar work, haunting vocals, and experimental compositions, the album remains an enduring influence in the global psychedelic music landscape. An all-time Japanese psych classic from 1969 finally back on vinyl.\",\"breadcrumb\":{\"@id\":\"https:\/\/wpguerssen-test.odoo.rgbconsulting.com\/es\/producto\/apryl-fool-pink\/#breadcrumb\"},\"inLanguage\":\"es\",\"potentialAction\":[{\"@type\":\"ReadAction\",\"target\":[\"https:\/\/wpguerssen-test.odoo.rgbconsulting.com\/es\/producto\/apryl-fool-pink\/\"]}]},{\"@type\":\"ImageObject\",\"inLanguage\":\"es\",\"@id\":\"https:\/\/wpguerssen-test.odoo.rgbconsulting.com\/es\/producto\/apryl-fool-pink\/#primaryimage\",\"url\":\"https:\/\/wpguerssen-test.odoo.rgbconsulting.com\/wp-content\/uploads\/2024\/01\/46688.jpg\",\"contentUrl\":\"https:\/\/wpguerssen-test.odoo.rgbconsulting.com\/wp-content\/uploads\/2024\/01\/46688.jpg\",\"width\":599,\"height\":597},{\"@type\":\"BreadcrumbList\",\"@id\":\"https:\/\/wpguerssen-test.odoo.rgbconsulting.com\/es\/producto\/apryl-fool-pink\/#breadcrumb\",\"itemListElement\":[{\"@type\":\"ListItem\",\"position\":1,\"name\":\"Inicio\",\"item\":\"https:\/\/wpguerssen-test.odoo.rgbconsulting.com\/es\/\"},{\"@type\":\"ListItem\",\"position\":2,\"name\":\"Shop\",\"item\":\"https:\/\/wpguerssen-test.odoo.rgbconsulting.com\/shop\/\"},{\"@type\":\"ListItem\",\"position\":3,\"name\":\"Apryl Fool (Pink)\"}]},{\"@type\":\"WebSite\",\"@id\":\"https:\/\/wpguerssen-test.odoo.rgbconsulting.com\/es\/#website\",\"url\":\"https:\/\/wpguerssen-test.odoo.rgbconsulting.com\/es\/\",\"name\":\"Guerssen records\",\"description\":\"psychedelia - progressive - folk - garage \",\"publisher\":{\"@id\":\"https:\/\/wpguerssen-test.odoo.rgbconsulting.com\/es\/#organization\"},\"potentialAction\":[{\"@type\":\"SearchAction\",\"target\":{\"@type\":\"EntryPoint\",\"urlTemplate\":\"https:\/\/wpguerssen-test.odoo.rgbconsulting.com\/es\/?s={search_term_string}\"},\"query-input\":{\"@type\":\"PropertyValueSpecification\",\"valueRequired\":true,\"valueName\":\"search_term_string\"}}],\"inLanguage\":\"es\"},{\"@type\":\"Organization\",\"@id\":\"https:\/\/wpguerssen-test.odoo.rgbconsulting.com\/es\/#organization\",\"name\":\"Guerssen records\",\"url\":\"https:\/\/wpguerssen-test.odoo.rgbconsulting.com\/es\/\",\"logo\":{\"@type\":\"ImageObject\",\"inLanguage\":\"es\",\"@id\":\"https:\/\/wpguerssen-test.odoo.rgbconsulting.com\/es\/#\/schema\/logo\/image\/\",\"url\":\"https:\/\/wpguerssen-test.odoo.rgbconsulting.com\/wp-content\/uploads\/2022\/04\/Logo_Guerssen_trans_100.png\",\"contentUrl\":\"https:\/\/wpguerssen-test.odoo.rgbconsulting.com\/wp-content\/uploads\/2022\/04\/Logo_Guerssen_trans_100.png\",\"width\":122,\"height\":100,\"caption\":\"Guerssen records\"},\"image\":{\"@id\":\"https:\/\/wpguerssen-test.odoo.rgbconsulting.com\/es\/#\/schema\/logo\/image\/\"}}]}<\/script>\n<!-- \/ Yoast SEO plugin. -->","yoast_head_json":{"title":"APRYL FOOL - Apryl Fool (Pink) -  (LP) | Guerssen","description":"Post FLORAL and pre-YELLOW MAGIC ORCHESTRA \"all star\" band featuring among others Haruomi Hosono on bass and Takashi Matsumoto on drums. This album, produced by the Tokyo-based band, encapsulates a transformative moment in the nation's counterculture movement and its contribution to the global evolution of psychedelic music. With intricate guitar work, haunting vocals, and experimental compositions, the album remains an enduring influence in the global psychedelic music landscape. An all-time Japanese psych classic from 1969 finally back on vinyl.","robots":{"index":"index","follow":"follow","max-snippet":"max-snippet:-1","max-image-preview":"max-image-preview:large","max-video-preview":"max-video-preview:-1"},"canonical":"https:\/\/wpguerssen-test.odoo.rgbconsulting.com\/es\/producto\/apryl-fool-pink\/","og_locale":"es_ES","og_type":"article","og_title":"APRYL FOOL - Apryl Fool (Pink) -  (LP) | Guerssen","og_description":"Post FLORAL and pre-YELLOW MAGIC ORCHESTRA \"all star\" band featuring among others Haruomi Hosono on bass and Takashi Matsumoto on drums. This album, produced by the Tokyo-based band, encapsulates a transformative moment in the nation's counterculture movement and its contribution to the global evolution of psychedelic music. With intricate guitar work, haunting vocals, and experimental compositions, the album remains an enduring influence in the global psychedelic music landscape. An all-time Japanese psych classic from 1969 finally back on vinyl.","og_url":"https:\/\/wpguerssen-test.odoo.rgbconsulting.com\/es\/producto\/apryl-fool-pink\/","og_site_name":"Guerssen records","article_modified_time":"2025-04-03T15:06:59+00:00","og_image":[{"width":599,"height":597,"url":"https:\/\/wpguerssen-test.odoo.rgbconsulting.com\/wp-content\/uploads\/2024\/01\/46688.jpg","type":"image\/jpeg"}],"twitter_card":"summary_large_image","twitter_title":"APRYL FOOL - Apryl Fool (Pink) -  (LP) | Guerssen","schema":{"@context":"https:\/\/schema.org","@graph":[{"@type":"WebPage","@id":"https:\/\/wpguerssen-test.odoo.rgbconsulting.com\/es\/producto\/apryl-fool-pink\/","url":"https:\/\/wpguerssen-test.odoo.rgbconsulting.com\/es\/producto\/apryl-fool-pink\/","name":"APRYL FOOL - Apryl Fool (Pink) - (LP) | Guerssen","isPartOf":{"@id":"https:\/\/wpguerssen-test.odoo.rgbconsulting.com\/es\/#website"},"primaryImageOfPage":{"@id":"https:\/\/wpguerssen-test.odoo.rgbconsulting.com\/es\/producto\/apryl-fool-pink\/#primaryimage"},"image":{"@id":"https:\/\/wpguerssen-test.odoo.rgbconsulting.com\/es\/producto\/apryl-fool-pink\/#primaryimage"},"thumbnailUrl":"https:\/\/wpguerssen-test.odoo.rgbconsulting.com\/wp-content\/uploads\/2024\/01\/46688.jpg","datePublished":"2024-01-29T23:00:00+00:00","dateModified":"2025-04-03T15:06:59+00:00","description":"Post FLORAL and pre-YELLOW MAGIC ORCHESTRA \"all star\" band featuring among others Haruomi Hosono on bass and Takashi Matsumoto on drums. This album, produced by the Tokyo-based band, encapsulates a transformative moment in the nation's counterculture movement and its contribution to the global evolution of psychedelic music. With intricate guitar work, haunting vocals, and experimental compositions, the album remains an enduring influence in the global psychedelic music landscape. An all-time Japanese psych classic from 1969 finally back on vinyl.","breadcrumb":{"@id":"https:\/\/wpguerssen-test.odoo.rgbconsulting.com\/es\/producto\/apryl-fool-pink\/#breadcrumb"},"inLanguage":"es","potentialAction":[{"@type":"ReadAction","target":["https:\/\/wpguerssen-test.odoo.rgbconsulting.com\/es\/producto\/apryl-fool-pink\/"]}]},{"@type":"ImageObject","inLanguage":"es","@id":"https:\/\/wpguerssen-test.odoo.rgbconsulting.com\/es\/producto\/apryl-fool-pink\/#primaryimage","url":"https:\/\/wpguerssen-test.odoo.rgbconsulting.com\/wp-content\/uploads\/2024\/01\/46688.jpg","contentUrl":"https:\/\/wpguerssen-test.odoo.rgbconsulting.com\/wp-content\/uploads\/2024\/01\/46688.jpg","width":599,"height":597},{"@type":"BreadcrumbList","@id":"https:\/\/wpguerssen-test.odoo.rgbconsulting.com\/es\/producto\/apryl-fool-pink\/#breadcrumb","itemListElement":[{"@type":"ListItem","position":1,"name":"Inicio","item":"https:\/\/wpguerssen-test.odoo.rgbconsulting.com\/es\/"},{"@type":"ListItem","position":2,"name":"Shop","item":"https:\/\/wpguerssen-test.odoo.rgbconsulting.com\/shop\/"},{"@type":"ListItem","position":3,"name":"Apryl Fool (Pink)"}]},{"@type":"WebSite","@id":"https:\/\/wpguerssen-test.odoo.rgbconsulting.com\/es\/#website","url":"https:\/\/wpguerssen-test.odoo.rgbconsulting.com\/es\/","name":"Guerssen records","description":"psychedelia - progressive - folk - garage ","publisher":{"@id":"https:\/\/wpguerssen-test.odoo.rgbconsulting.com\/es\/#organization"},"potentialAction":[{"@type":"SearchAction","target":{"@type":"EntryPoint","urlTemplate":"https:\/\/wpguerssen-test.odoo.rgbconsulting.com\/es\/?s={search_term_string}"},"query-input":{"@type":"PropertyValueSpecification","valueRequired":true,"valueName":"search_term_string"}}],"inLanguage":"es"},{"@type":"Organization","@id":"https:\/\/wpguerssen-test.odoo.rgbconsulting.com\/es\/#organization","name":"Guerssen records","url":"https:\/\/wpguerssen-test.odoo.rgbconsulting.com\/es\/","logo":{"@type":"ImageObject","inLanguage":"es","@id":"https:\/\/wpguerssen-test.odoo.rgbconsulting.com\/es\/#\/schema\/logo\/image\/","url":"https:\/\/wpguerssen-test.odoo.rgbconsulting.com\/wp-content\/uploads\/2022\/04\/Logo_Guerssen_trans_100.png","contentUrl":"https:\/\/wpguerssen-test.odoo.rgbconsulting.com\/wp-content\/uploads\/2022\/04\/Logo_Guerssen_trans_100.png","width":122,"height":100,"caption":"Guerssen records"},"image":{"@id":"https:\/\/wpguerssen-test.odoo.rgbconsulting.com\/es\/#\/schema\/logo\/image\/"}}]}},"_links":{"self":[{"href":"https:\/\/wpguerssen-test.odoo.rgbconsulting.com\/es\/wp-json\/wp\/v2\/product\/249651","targetHints":{"allow":["GET"]}}],"collection":[{"href":"https:\/\/wpguerssen-test.odoo.rgbconsulting.com\/es\/wp-json\/wp\/v2\/product"}],"about":[{"href":"https:\/\/wpguerssen-test.odoo.rgbconsulting.com\/es\/wp-json\/wp\/v2\/types\/product"}],"wp:featuredmedia":[{"embeddable":true,"href":"https:\/\/wpguerssen-test.odoo.rgbconsulting.com\/es\/wp-json\/wp\/v2\/media\/250343"}],"wp:attachment":[{"href":"https:\/\/wpguerssen-test.odoo.rgbconsulting.com\/es\/wp-json\/wp\/v2\/media?parent=249651"}],"wp:term":[{"taxonomy":"product_brand","embeddable":true,"href":"https:\/\/wpguerssen-test.odoo.rgbconsulting.com\/es\/wp-json\/wp\/v2\/product_brand?post=249651"},{"taxonomy":"product_cat","embeddable":true,"href":"https:\/\/wpguerssen-test.odoo.rgbconsulting.com\/es\/wp-json\/wp\/v2\/product_cat?post=249651"},{"taxonomy":"product_tag","embeddable":true,"href":"https:\/\/wpguerssen-test.odoo.rgbconsulting.com\/es\/wp-json\/wp\/v2\/product_tag?post=249651"}],"curies":[{"name":"wp","href":"https:\/\/api.w.org\/{rel}","templated":true}]}}