{"id":249652,"date":"2024-02-08T00:00:00","date_gmt":"2024-02-07T23:00:00","guid":{"rendered":"https:\/\/wpguerssen-test.odoo.rgbconsulting.com\/product\/spare-us-the-cutter-live-at-tiffanys-glasgow\/"},"modified":"2025-05-05T11:12:10","modified_gmt":"2025-05-05T09:12:10","slug":"spare-us-the-cutter-live-at-tiffanys-glasgow","status":"publish","type":"product","link":"https:\/\/wpguerssen-test.odoo.rgbconsulting.com\/es\/producto\/spare-us-the-cutter-live-at-tiffanys-glasgow\/","title":{"rendered":"Spare Us The Cutter: Live At Tiffany&#8217;s, Glasgow"},"content":{"rendered":"<p>ECHO &#038; THE BUNNYMEN en 1983, quienes enviaron a \u201cPorcupine\u201d al segundo lugar en el Reino Unido y se encontraban en medio de su gran apogeo. Este trabajo fue grabado el \u201c11 de julio de 1983 Glasgow Performance\u201d. La representaci\u00f3n de esta obra en Glasgow es tambi\u00e9n un acto de esa gira por su pa\u00eds de origen. Fue un concierto que supuso la quinta presentaci\u00f3n de \u201cUK #3\u201d.<\/p>\n<p>\n","protected":false},"excerpt":{"rendered":"<p>ECHO &#038; THE BUNNYMEN en 1983, quienes enviaron a \u201cPorcupine\u201d al segundo lugar en el Reino Unido y se encontraban en medio de su gran apogeo. Este trabajo fue<a class=\"read\" href=\"https:\/\/wpguerssen-test.odoo.rgbconsulting.com\/es\/producto\/spare-us-the-cutter-live-at-tiffanys-glasgow\/\"> (...)<\/a>","protected":false},"featured_media":250802,"template":"","meta":{"_acf_changed":false},"product_brand":[],"product_cat":[24508,23234],"product_tag":[],"class_list":{"0":"post-249652","1":"product","2":"type-product","3":"status-publish","4":"has-post-thumbnail","6":"product_cat-uncategorized","7":"product_cat-pop-rock-es","8":"pa_artist-echo-the-bunnymen-es","9":"pa_format-lp-es","10":"pa_gender-pop-rock","11":"pa_label-dear-boss","12":"pa_location-uk-ireland-es","14":"first","15":"instock","16":"taxable","17":"shipping-taxable","18":"purchasable","19":"product-type-simple"},"acf":[],"yoast_head":"<!-- This site is optimized with the Yoast SEO plugin v24.9 - https:\/\/yoast.com\/wordpress\/plugins\/seo\/ -->\n<title>ECHO &amp; THE BUNNYMEN - Spare Us The Cutter: Live At Tiffany&#039;s, Glasgow -  (LP) | Guerssen<\/title>\n<meta name=\"description\" content=\"ECHO &amp; THE BUNNYMEN in 1983, who sent \u201cPorcupine\u201d to 2nd place in the UK and was in the midst of the great heyday. This work was recorded on \u201cJuly 11, 1983 Glasgow Performance\u201d. The Glasgow performance of this work is also an act of such a home country tour. It was a concert that was the 5th performance of \u201cUK # 3\u201d.\" \/>\n<meta name=\"robots\" content=\"index, follow, max-snippet:-1, max-image-preview:large, max-video-preview:-1\" \/>\n<link rel=\"canonical\" href=\"https:\/\/wpguerssen-test.odoo.rgbconsulting.com\/es\/producto\/spare-us-the-cutter-live-at-tiffanys-glasgow\/\" \/>\n<meta property=\"og:locale\" content=\"es_ES\" \/>\n<meta property=\"og:type\" content=\"article\" \/>\n<meta property=\"og:title\" content=\"ECHO &amp; THE BUNNYMEN - Spare Us The Cutter: Live At Tiffany&#039;s, Glasgow -  (LP) | Guerssen\" \/>\n<meta property=\"og:description\" content=\"ECHO &amp; THE BUNNYMEN in 1983, who sent \u201cPorcupine\u201d to 2nd place in the UK and was in the midst of the great heyday. This work was recorded on \u201cJuly 11, 1983 Glasgow Performance\u201d. The Glasgow performance of this work is also an act of such a home country tour. It was a concert that was the 5th performance of \u201cUK # 3\u201d.\" \/>\n<meta property=\"og:url\" content=\"https:\/\/wpguerssen-test.odoo.rgbconsulting.com\/es\/producto\/spare-us-the-cutter-live-at-tiffanys-glasgow\/\" \/>\n<meta property=\"og:site_name\" content=\"Guerssen records\" \/>\n<meta property=\"article:modified_time\" content=\"2025-05-05T09:12:10+00:00\" \/>\n<meta property=\"og:image\" content=\"https:\/\/wpguerssen-test.odoo.rgbconsulting.com\/wp-content\/uploads\/2024\/02\/46689-scaled.jpg\" \/>\n\t<meta property=\"og:image:width\" content=\"2560\" \/>\n\t<meta property=\"og:image:height\" content=\"2544\" \/>\n\t<meta property=\"og:image:type\" content=\"image\/jpeg\" \/>\n<meta name=\"twitter:card\" content=\"summary_large_image\" \/>\n<meta name=\"twitter:title\" content=\"ECHO &amp; THE BUNNYMEN - Spare Us The Cutter: Live At Tiffany&#039;s, Glasgow -  (LP) | Guerssen\" \/>\n<script type=\"application\/ld+json\" class=\"yoast-schema-graph\">{\"@context\":\"https:\/\/schema.org\",\"@graph\":[{\"@type\":\"WebPage\",\"@id\":\"https:\/\/wpguerssen-test.odoo.rgbconsulting.com\/es\/producto\/spare-us-the-cutter-live-at-tiffanys-glasgow\/\",\"url\":\"https:\/\/wpguerssen-test.odoo.rgbconsulting.com\/es\/producto\/spare-us-the-cutter-live-at-tiffanys-glasgow\/\",\"name\":\"ECHO & THE BUNNYMEN - Spare Us The Cutter: Live At Tiffany's, Glasgow - (LP) | Guerssen\",\"isPartOf\":{\"@id\":\"https:\/\/wpguerssen-test.odoo.rgbconsulting.com\/es\/#website\"},\"primaryImageOfPage\":{\"@id\":\"https:\/\/wpguerssen-test.odoo.rgbconsulting.com\/es\/producto\/spare-us-the-cutter-live-at-tiffanys-glasgow\/#primaryimage\"},\"image\":{\"@id\":\"https:\/\/wpguerssen-test.odoo.rgbconsulting.com\/es\/producto\/spare-us-the-cutter-live-at-tiffanys-glasgow\/#primaryimage\"},\"thumbnailUrl\":\"https:\/\/wpguerssen-test.odoo.rgbconsulting.com\/wp-content\/uploads\/2024\/02\/46689-scaled.jpg\",\"datePublished\":\"2024-02-07T23:00:00+00:00\",\"dateModified\":\"2025-05-05T09:12:10+00:00\",\"description\":\"ECHO & THE BUNNYMEN in 1983, who sent \u201cPorcupine\u201d to 2nd place in the UK and was in the midst of the great heyday. This work was recorded on \u201cJuly 11, 1983 Glasgow Performance\u201d. The Glasgow performance of this work is also an act of such a home country tour. It was a concert that was the 5th performance of \u201cUK # 3\u201d.\",\"breadcrumb\":{\"@id\":\"https:\/\/wpguerssen-test.odoo.rgbconsulting.com\/es\/producto\/spare-us-the-cutter-live-at-tiffanys-glasgow\/#breadcrumb\"},\"inLanguage\":\"es\",\"potentialAction\":[{\"@type\":\"ReadAction\",\"target\":[\"https:\/\/wpguerssen-test.odoo.rgbconsulting.com\/es\/producto\/spare-us-the-cutter-live-at-tiffanys-glasgow\/\"]}]},{\"@type\":\"ImageObject\",\"inLanguage\":\"es\",\"@id\":\"https:\/\/wpguerssen-test.odoo.rgbconsulting.com\/es\/producto\/spare-us-the-cutter-live-at-tiffanys-glasgow\/#primaryimage\",\"url\":\"https:\/\/wpguerssen-test.odoo.rgbconsulting.com\/wp-content\/uploads\/2024\/02\/46689-scaled.jpg\",\"contentUrl\":\"https:\/\/wpguerssen-test.odoo.rgbconsulting.com\/wp-content\/uploads\/2024\/02\/46689-scaled.jpg\",\"width\":2560,\"height\":2544,\"caption\":\"Glasgow - DEAR BOSS (LP) | Guerssen\"},{\"@type\":\"BreadcrumbList\",\"@id\":\"https:\/\/wpguerssen-test.odoo.rgbconsulting.com\/es\/producto\/spare-us-the-cutter-live-at-tiffanys-glasgow\/#breadcrumb\",\"itemListElement\":[{\"@type\":\"ListItem\",\"position\":1,\"name\":\"Inicio\",\"item\":\"https:\/\/wpguerssen-test.odoo.rgbconsulting.com\/es\/\"},{\"@type\":\"ListItem\",\"position\":2,\"name\":\"Shop\",\"item\":\"https:\/\/wpguerssen-test.odoo.rgbconsulting.com\/shop\/\"},{\"@type\":\"ListItem\",\"position\":3,\"name\":\"Spare Us The Cutter: Live At Tiffany&#8217;s, Glasgow\"}]},{\"@type\":\"WebSite\",\"@id\":\"https:\/\/wpguerssen-test.odoo.rgbconsulting.com\/es\/#website\",\"url\":\"https:\/\/wpguerssen-test.odoo.rgbconsulting.com\/es\/\",\"name\":\"Guerssen records\",\"description\":\"psychedelia - progressive - folk - garage \",\"publisher\":{\"@id\":\"https:\/\/wpguerssen-test.odoo.rgbconsulting.com\/es\/#organization\"},\"potentialAction\":[{\"@type\":\"SearchAction\",\"target\":{\"@type\":\"EntryPoint\",\"urlTemplate\":\"https:\/\/wpguerssen-test.odoo.rgbconsulting.com\/es\/?s={search_term_string}\"},\"query-input\":{\"@type\":\"PropertyValueSpecification\",\"valueRequired\":true,\"valueName\":\"search_term_string\"}}],\"inLanguage\":\"es\"},{\"@type\":\"Organization\",\"@id\":\"https:\/\/wpguerssen-test.odoo.rgbconsulting.com\/es\/#organization\",\"name\":\"Guerssen records\",\"url\":\"https:\/\/wpguerssen-test.odoo.rgbconsulting.com\/es\/\",\"logo\":{\"@type\":\"ImageObject\",\"inLanguage\":\"es\",\"@id\":\"https:\/\/wpguerssen-test.odoo.rgbconsulting.com\/es\/#\/schema\/logo\/image\/\",\"url\":\"https:\/\/wpguerssen-test.odoo.rgbconsulting.com\/wp-content\/uploads\/2022\/04\/Logo_Guerssen_trans_100.png\",\"contentUrl\":\"https:\/\/wpguerssen-test.odoo.rgbconsulting.com\/wp-content\/uploads\/2022\/04\/Logo_Guerssen_trans_100.png\",\"width\":122,\"height\":100,\"caption\":\"Guerssen records\"},\"image\":{\"@id\":\"https:\/\/wpguerssen-test.odoo.rgbconsulting.com\/es\/#\/schema\/logo\/image\/\"}}]}<\/script>\n<!-- \/ Yoast SEO plugin. -->","yoast_head_json":{"title":"ECHO & THE BUNNYMEN - Spare Us The Cutter: Live At Tiffany's, Glasgow -  (LP) | Guerssen","description":"ECHO & THE BUNNYMEN in 1983, who sent \u201cPorcupine\u201d to 2nd place in the UK and was in the midst of the great heyday. This work was recorded on \u201cJuly 11, 1983 Glasgow Performance\u201d. The Glasgow performance of this work is also an act of such a home country tour. It was a concert that was the 5th performance of \u201cUK # 3\u201d.","robots":{"index":"index","follow":"follow","max-snippet":"max-snippet:-1","max-image-preview":"max-image-preview:large","max-video-preview":"max-video-preview:-1"},"canonical":"https:\/\/wpguerssen-test.odoo.rgbconsulting.com\/es\/producto\/spare-us-the-cutter-live-at-tiffanys-glasgow\/","og_locale":"es_ES","og_type":"article","og_title":"ECHO & THE BUNNYMEN - Spare Us The Cutter: Live At Tiffany's, Glasgow -  (LP) | Guerssen","og_description":"ECHO & THE BUNNYMEN in 1983, who sent \u201cPorcupine\u201d to 2nd place in the UK and was in the midst of the great heyday. This work was recorded on \u201cJuly 11, 1983 Glasgow Performance\u201d. The Glasgow performance of this work is also an act of such a home country tour. It was a concert that was the 5th performance of \u201cUK # 3\u201d.","og_url":"https:\/\/wpguerssen-test.odoo.rgbconsulting.com\/es\/producto\/spare-us-the-cutter-live-at-tiffanys-glasgow\/","og_site_name":"Guerssen records","article_modified_time":"2025-05-05T09:12:10+00:00","og_image":[{"width":2560,"height":2544,"url":"https:\/\/wpguerssen-test.odoo.rgbconsulting.com\/wp-content\/uploads\/2024\/02\/46689-scaled.jpg","type":"image\/jpeg"}],"twitter_card":"summary_large_image","twitter_title":"ECHO & THE BUNNYMEN - Spare Us The Cutter: Live At Tiffany's, Glasgow -  (LP) | Guerssen","schema":{"@context":"https:\/\/schema.org","@graph":[{"@type":"WebPage","@id":"https:\/\/wpguerssen-test.odoo.rgbconsulting.com\/es\/producto\/spare-us-the-cutter-live-at-tiffanys-glasgow\/","url":"https:\/\/wpguerssen-test.odoo.rgbconsulting.com\/es\/producto\/spare-us-the-cutter-live-at-tiffanys-glasgow\/","name":"ECHO & THE BUNNYMEN - Spare Us The Cutter: Live At Tiffany's, Glasgow - (LP) | Guerssen","isPartOf":{"@id":"https:\/\/wpguerssen-test.odoo.rgbconsulting.com\/es\/#website"},"primaryImageOfPage":{"@id":"https:\/\/wpguerssen-test.odoo.rgbconsulting.com\/es\/producto\/spare-us-the-cutter-live-at-tiffanys-glasgow\/#primaryimage"},"image":{"@id":"https:\/\/wpguerssen-test.odoo.rgbconsulting.com\/es\/producto\/spare-us-the-cutter-live-at-tiffanys-glasgow\/#primaryimage"},"thumbnailUrl":"https:\/\/wpguerssen-test.odoo.rgbconsulting.com\/wp-content\/uploads\/2024\/02\/46689-scaled.jpg","datePublished":"2024-02-07T23:00:00+00:00","dateModified":"2025-05-05T09:12:10+00:00","description":"ECHO & THE BUNNYMEN in 1983, who sent \u201cPorcupine\u201d to 2nd place in the UK and was in the midst of the great heyday. This work was recorded on \u201cJuly 11, 1983 Glasgow Performance\u201d. The Glasgow performance of this work is also an act of such a home country tour. It was a concert that was the 5th performance of \u201cUK # 3\u201d.","breadcrumb":{"@id":"https:\/\/wpguerssen-test.odoo.rgbconsulting.com\/es\/producto\/spare-us-the-cutter-live-at-tiffanys-glasgow\/#breadcrumb"},"inLanguage":"es","potentialAction":[{"@type":"ReadAction","target":["https:\/\/wpguerssen-test.odoo.rgbconsulting.com\/es\/producto\/spare-us-the-cutter-live-at-tiffanys-glasgow\/"]}]},{"@type":"ImageObject","inLanguage":"es","@id":"https:\/\/wpguerssen-test.odoo.rgbconsulting.com\/es\/producto\/spare-us-the-cutter-live-at-tiffanys-glasgow\/#primaryimage","url":"https:\/\/wpguerssen-test.odoo.rgbconsulting.com\/wp-content\/uploads\/2024\/02\/46689-scaled.jpg","contentUrl":"https:\/\/wpguerssen-test.odoo.rgbconsulting.com\/wp-content\/uploads\/2024\/02\/46689-scaled.jpg","width":2560,"height":2544,"caption":"Glasgow - DEAR BOSS (LP) | Guerssen"},{"@type":"BreadcrumbList","@id":"https:\/\/wpguerssen-test.odoo.rgbconsulting.com\/es\/producto\/spare-us-the-cutter-live-at-tiffanys-glasgow\/#breadcrumb","itemListElement":[{"@type":"ListItem","position":1,"name":"Inicio","item":"https:\/\/wpguerssen-test.odoo.rgbconsulting.com\/es\/"},{"@type":"ListItem","position":2,"name":"Shop","item":"https:\/\/wpguerssen-test.odoo.rgbconsulting.com\/shop\/"},{"@type":"ListItem","position":3,"name":"Spare Us The Cutter: Live At Tiffany&#8217;s, Glasgow"}]},{"@type":"WebSite","@id":"https:\/\/wpguerssen-test.odoo.rgbconsulting.com\/es\/#website","url":"https:\/\/wpguerssen-test.odoo.rgbconsulting.com\/es\/","name":"Guerssen records","description":"psychedelia - progressive - folk - garage ","publisher":{"@id":"https:\/\/wpguerssen-test.odoo.rgbconsulting.com\/es\/#organization"},"potentialAction":[{"@type":"SearchAction","target":{"@type":"EntryPoint","urlTemplate":"https:\/\/wpguerssen-test.odoo.rgbconsulting.com\/es\/?s={search_term_string}"},"query-input":{"@type":"PropertyValueSpecification","valueRequired":true,"valueName":"search_term_string"}}],"inLanguage":"es"},{"@type":"Organization","@id":"https:\/\/wpguerssen-test.odoo.rgbconsulting.com\/es\/#organization","name":"Guerssen records","url":"https:\/\/wpguerssen-test.odoo.rgbconsulting.com\/es\/","logo":{"@type":"ImageObject","inLanguage":"es","@id":"https:\/\/wpguerssen-test.odoo.rgbconsulting.com\/es\/#\/schema\/logo\/image\/","url":"https:\/\/wpguerssen-test.odoo.rgbconsulting.com\/wp-content\/uploads\/2022\/04\/Logo_Guerssen_trans_100.png","contentUrl":"https:\/\/wpguerssen-test.odoo.rgbconsulting.com\/wp-content\/uploads\/2022\/04\/Logo_Guerssen_trans_100.png","width":122,"height":100,"caption":"Guerssen records"},"image":{"@id":"https:\/\/wpguerssen-test.odoo.rgbconsulting.com\/es\/#\/schema\/logo\/image\/"}}]}},"_links":{"self":[{"href":"https:\/\/wpguerssen-test.odoo.rgbconsulting.com\/es\/wp-json\/wp\/v2\/product\/249652","targetHints":{"allow":["GET"]}}],"collection":[{"href":"https:\/\/wpguerssen-test.odoo.rgbconsulting.com\/es\/wp-json\/wp\/v2\/product"}],"about":[{"href":"https:\/\/wpguerssen-test.odoo.rgbconsulting.com\/es\/wp-json\/wp\/v2\/types\/product"}],"wp:featuredmedia":[{"embeddable":true,"href":"https:\/\/wpguerssen-test.odoo.rgbconsulting.com\/es\/wp-json\/wp\/v2\/media\/250802"}],"wp:attachment":[{"href":"https:\/\/wpguerssen-test.odoo.rgbconsulting.com\/es\/wp-json\/wp\/v2\/media?parent=249652"}],"wp:term":[{"taxonomy":"product_brand","embeddable":true,"href":"https:\/\/wpguerssen-test.odoo.rgbconsulting.com\/es\/wp-json\/wp\/v2\/product_brand?post=249652"},{"taxonomy":"product_cat","embeddable":true,"href":"https:\/\/wpguerssen-test.odoo.rgbconsulting.com\/es\/wp-json\/wp\/v2\/product_cat?post=249652"},{"taxonomy":"product_tag","embeddable":true,"href":"https:\/\/wpguerssen-test.odoo.rgbconsulting.com\/es\/wp-json\/wp\/v2\/product_tag?post=249652"}],"curies":[{"name":"wp","href":"https:\/\/api.w.org\/{rel}","templated":true}]}}