{"id":249656,"date":"2024-02-08T00:00:00","date_gmt":"2024-02-07T23:00:00","guid":{"rendered":"https:\/\/wpguerssen-test.odoo.rgbconsulting.com\/product\/step-by-step\/"},"modified":"2024-07-01T19:14:59","modified_gmt":"2024-07-01T17:14:59","slug":"step-by-step","status":"publish","type":"product","link":"https:\/\/wpguerssen-test.odoo.rgbconsulting.com\/es\/producto\/step-by-step\/","title":{"rendered":"Step By Step"},"content":{"rendered":"<p>Nacida en Birmingham de padres jamaicanos, la reina del lover&#8217;s rock, Audrey Scott, comenz\u00f3 su carrera como cantante mientras asist\u00eda al Southwark College, formando The Sadonians con su compa\u00f1era de escuela Janette Edwards en 1977 y liderando su \u00e9xito decisivo &#8216;Goodbye My Love&#8217; dos a\u00f1os despu\u00e9s. El \u00e1lbum debut en solitario Step By Step fue grabado en 1988 para el productor Jah Larry, cuyo sello Clarendon Sound ten\u00eda su sede entre Spanish Town y Londres. Las versiones cuidadosamente elegidas est\u00e1n realizadas en el subg\u00e9nero del reggae rom\u00e1ntico del lover&#8217;s rock, con los Heptones en los coros, capturando lo mejor de las habilidades de Audrey en su apogeo. Un LP suave, f\u00e1cil y atractivo.<\/p>\n","protected":false},"excerpt":{"rendered":"<p>Nacida en Birmingham de padres jamaicanos, la reina del lover&#8217;s rock, Audrey Scott, comenz\u00f3 su carrera como cantante mientras asist\u00eda al Southwark College,<a class=\"read\" href=\"https:\/\/wpguerssen-test.odoo.rgbconsulting.com\/es\/producto\/step-by-step\/\"> (...)<\/a>","protected":false},"featured_media":250806,"template":"","meta":{"_acf_changed":false},"product_brand":[],"product_cat":[21666],"product_tag":[],"class_list":{"0":"post-249656","1":"product","2":"type-product","3":"status-publish","4":"has-post-thumbnail","6":"product_cat-reggae-ska-dub-es","7":"pa_artist-scott-audrey","8":"pa_format-lp-es","9":"pa_gender-reggae-ska-dub","10":"pa_label-radiation-roots-es","11":"pa_location-uk-ireland-es","12":"pa_other-filters-vinyl-only-es","14":"first","15":"instock","16":"taxable","17":"shipping-taxable","18":"purchasable","19":"product-type-simple"},"acf":[],"yoast_head":"<!-- This site is optimized with the Yoast SEO plugin v24.9 - https:\/\/yoast.com\/wordpress\/plugins\/seo\/ -->\n<title>SCOTT, Audrey - Step By Step -  (LP) | Guerssen<\/title>\n<meta name=\"description\" content=\"Born in Birmingham to Jamaican parents, lover&#039;s rock queen Audrey Scott began her singing career while attending Southwark College, forming the Sadonians with schoolmate Janette Edwards in 1977 and leading their defining hit &#039;Goodbye My Love&#039; two years later. Debut solo album Step By Step was recorded in 1988 for producer Jah Larry, whose Clarendon Sound label was based between Spanish Town and London. The carefully chosen cover tunes are done over in the romantic reggae subgenre of lover&#039;s rock, with the Heptones on backing vocals, capturing the best of Audrey&#039;s abilities at her peak. A smooth, easy, and appealing LP.\" \/>\n<meta name=\"robots\" content=\"index, follow, max-snippet:-1, max-image-preview:large, max-video-preview:-1\" \/>\n<link rel=\"canonical\" href=\"https:\/\/wpguerssen-test.odoo.rgbconsulting.com\/es\/producto\/step-by-step\/\" \/>\n<meta property=\"og:locale\" content=\"es_ES\" \/>\n<meta property=\"og:type\" content=\"article\" \/>\n<meta property=\"og:title\" content=\"SCOTT, Audrey - Step By Step -  (LP) | Guerssen\" \/>\n<meta property=\"og:description\" content=\"Born in Birmingham to Jamaican parents, lover&#039;s rock queen Audrey Scott began her singing career while attending Southwark College, forming the Sadonians with schoolmate Janette Edwards in 1977 and leading their defining hit &#039;Goodbye My Love&#039; two years later. Debut solo album Step By Step was recorded in 1988 for producer Jah Larry, whose Clarendon Sound label was based between Spanish Town and London. The carefully chosen cover tunes are done over in the romantic reggae subgenre of lover&#039;s rock, with the Heptones on backing vocals, capturing the best of Audrey&#039;s abilities at her peak. A smooth, easy, and appealing LP.\" \/>\n<meta property=\"og:url\" content=\"https:\/\/wpguerssen-test.odoo.rgbconsulting.com\/es\/producto\/step-by-step\/\" \/>\n<meta property=\"og:site_name\" content=\"Guerssen records\" \/>\n<meta property=\"article:modified_time\" content=\"2024-07-01T17:14:59+00:00\" \/>\n<meta property=\"og:image\" content=\"https:\/\/wpguerssen-test.odoo.rgbconsulting.com\/wp-content\/uploads\/2024\/02\/46693-1024x1018.jpg\" \/>\n\t<meta property=\"og:image:width\" content=\"1024\" \/>\n\t<meta property=\"og:image:height\" content=\"1018\" \/>\n\t<meta property=\"og:image:type\" content=\"image\/jpeg\" \/>\n<meta name=\"twitter:card\" content=\"summary_large_image\" \/>\n<meta name=\"twitter:title\" content=\"SCOTT, Audrey - Step By Step -  (LP) | Guerssen\" \/>\n<meta name=\"twitter:label1\" content=\"Tiempo de lectura\" \/>\n\t<meta name=\"twitter:data1\" content=\"1 minuto\" \/>\n<script type=\"application\/ld+json\" class=\"yoast-schema-graph\">{\"@context\":\"https:\/\/schema.org\",\"@graph\":[{\"@type\":\"WebPage\",\"@id\":\"https:\/\/wpguerssen-test.odoo.rgbconsulting.com\/es\/producto\/step-by-step\/\",\"url\":\"https:\/\/wpguerssen-test.odoo.rgbconsulting.com\/es\/producto\/step-by-step\/\",\"name\":\"SCOTT, Audrey - Step By Step - (LP) | Guerssen\",\"isPartOf\":{\"@id\":\"https:\/\/wpguerssen-test.odoo.rgbconsulting.com\/es\/#website\"},\"primaryImageOfPage\":{\"@id\":\"https:\/\/wpguerssen-test.odoo.rgbconsulting.com\/es\/producto\/step-by-step\/#primaryimage\"},\"image\":{\"@id\":\"https:\/\/wpguerssen-test.odoo.rgbconsulting.com\/es\/producto\/step-by-step\/#primaryimage\"},\"thumbnailUrl\":\"https:\/\/wpguerssen-test.odoo.rgbconsulting.com\/wp-content\/uploads\/2024\/02\/46693-scaled.jpg\",\"datePublished\":\"2024-02-07T23:00:00+00:00\",\"dateModified\":\"2024-07-01T17:14:59+00:00\",\"description\":\"Born in Birmingham to Jamaican parents, lover's rock queen Audrey Scott began her singing career while attending Southwark College, forming the Sadonians with schoolmate Janette Edwards in 1977 and leading their defining hit 'Goodbye My Love' two years later. Debut solo album Step By Step was recorded in 1988 for producer Jah Larry, whose Clarendon Sound label was based between Spanish Town and London. The carefully chosen cover tunes are done over in the romantic reggae subgenre of lover's rock, with the Heptones on backing vocals, capturing the best of Audrey's abilities at her peak. A smooth, easy, and appealing LP.\",\"breadcrumb\":{\"@id\":\"https:\/\/wpguerssen-test.odoo.rgbconsulting.com\/es\/producto\/step-by-step\/#breadcrumb\"},\"inLanguage\":\"es\",\"potentialAction\":[{\"@type\":\"ReadAction\",\"target\":[\"https:\/\/wpguerssen-test.odoo.rgbconsulting.com\/es\/producto\/step-by-step\/\"]}]},{\"@type\":\"ImageObject\",\"inLanguage\":\"es\",\"@id\":\"https:\/\/wpguerssen-test.odoo.rgbconsulting.com\/es\/producto\/step-by-step\/#primaryimage\",\"url\":\"https:\/\/wpguerssen-test.odoo.rgbconsulting.com\/wp-content\/uploads\/2024\/02\/46693-scaled.jpg\",\"contentUrl\":\"https:\/\/wpguerssen-test.odoo.rgbconsulting.com\/wp-content\/uploads\/2024\/02\/46693-scaled.jpg\",\"width\":2560,\"height\":2544,\"caption\":\"Audrey - Step By Step - RADIATION ROOTS (LP) | Guerssen\"},{\"@type\":\"BreadcrumbList\",\"@id\":\"https:\/\/wpguerssen-test.odoo.rgbconsulting.com\/es\/producto\/step-by-step\/#breadcrumb\",\"itemListElement\":[{\"@type\":\"ListItem\",\"position\":1,\"name\":\"Inicio\",\"item\":\"https:\/\/wpguerssen-test.odoo.rgbconsulting.com\/es\/\"},{\"@type\":\"ListItem\",\"position\":2,\"name\":\"Shop\",\"item\":\"https:\/\/wpguerssen-test.odoo.rgbconsulting.com\/shop\/\"},{\"@type\":\"ListItem\",\"position\":3,\"name\":\"Step By Step\"}]},{\"@type\":\"WebSite\",\"@id\":\"https:\/\/wpguerssen-test.odoo.rgbconsulting.com\/es\/#website\",\"url\":\"https:\/\/wpguerssen-test.odoo.rgbconsulting.com\/es\/\",\"name\":\"Guerssen records\",\"description\":\"psychedelia - progressive - folk - garage \",\"publisher\":{\"@id\":\"https:\/\/wpguerssen-test.odoo.rgbconsulting.com\/es\/#organization\"},\"potentialAction\":[{\"@type\":\"SearchAction\",\"target\":{\"@type\":\"EntryPoint\",\"urlTemplate\":\"https:\/\/wpguerssen-test.odoo.rgbconsulting.com\/es\/?s={search_term_string}\"},\"query-input\":{\"@type\":\"PropertyValueSpecification\",\"valueRequired\":true,\"valueName\":\"search_term_string\"}}],\"inLanguage\":\"es\"},{\"@type\":\"Organization\",\"@id\":\"https:\/\/wpguerssen-test.odoo.rgbconsulting.com\/es\/#organization\",\"name\":\"Guerssen records\",\"url\":\"https:\/\/wpguerssen-test.odoo.rgbconsulting.com\/es\/\",\"logo\":{\"@type\":\"ImageObject\",\"inLanguage\":\"es\",\"@id\":\"https:\/\/wpguerssen-test.odoo.rgbconsulting.com\/es\/#\/schema\/logo\/image\/\",\"url\":\"https:\/\/wpguerssen-test.odoo.rgbconsulting.com\/wp-content\/uploads\/2022\/04\/Logo_Guerssen_trans_100.png\",\"contentUrl\":\"https:\/\/wpguerssen-test.odoo.rgbconsulting.com\/wp-content\/uploads\/2022\/04\/Logo_Guerssen_trans_100.png\",\"width\":122,\"height\":100,\"caption\":\"Guerssen records\"},\"image\":{\"@id\":\"https:\/\/wpguerssen-test.odoo.rgbconsulting.com\/es\/#\/schema\/logo\/image\/\"}}]}<\/script>\n<!-- \/ Yoast SEO plugin. -->","yoast_head_json":{"title":"SCOTT, Audrey - Step By Step -  (LP) | Guerssen","description":"Born in Birmingham to Jamaican parents, lover's rock queen Audrey Scott began her singing career while attending Southwark College, forming the Sadonians with schoolmate Janette Edwards in 1977 and leading their defining hit 'Goodbye My Love' two years later. Debut solo album Step By Step was recorded in 1988 for producer Jah Larry, whose Clarendon Sound label was based between Spanish Town and London. The carefully chosen cover tunes are done over in the romantic reggae subgenre of lover's rock, with the Heptones on backing vocals, capturing the best of Audrey's abilities at her peak. A smooth, easy, and appealing LP.","robots":{"index":"index","follow":"follow","max-snippet":"max-snippet:-1","max-image-preview":"max-image-preview:large","max-video-preview":"max-video-preview:-1"},"canonical":"https:\/\/wpguerssen-test.odoo.rgbconsulting.com\/es\/producto\/step-by-step\/","og_locale":"es_ES","og_type":"article","og_title":"SCOTT, Audrey - Step By Step -  (LP) | Guerssen","og_description":"Born in Birmingham to Jamaican parents, lover's rock queen Audrey Scott began her singing career while attending Southwark College, forming the Sadonians with schoolmate Janette Edwards in 1977 and leading their defining hit 'Goodbye My Love' two years later. Debut solo album Step By Step was recorded in 1988 for producer Jah Larry, whose Clarendon Sound label was based between Spanish Town and London. The carefully chosen cover tunes are done over in the romantic reggae subgenre of lover's rock, with the Heptones on backing vocals, capturing the best of Audrey's abilities at her peak. A smooth, easy, and appealing LP.","og_url":"https:\/\/wpguerssen-test.odoo.rgbconsulting.com\/es\/producto\/step-by-step\/","og_site_name":"Guerssen records","article_modified_time":"2024-07-01T17:14:59+00:00","og_image":[{"width":1024,"height":1018,"url":"https:\/\/wpguerssen-test.odoo.rgbconsulting.com\/wp-content\/uploads\/2024\/02\/46693-1024x1018.jpg","type":"image\/jpeg"}],"twitter_card":"summary_large_image","twitter_title":"SCOTT, Audrey - Step By Step -  (LP) | Guerssen","twitter_misc":{"Tiempo de lectura":"1 minuto"},"schema":{"@context":"https:\/\/schema.org","@graph":[{"@type":"WebPage","@id":"https:\/\/wpguerssen-test.odoo.rgbconsulting.com\/es\/producto\/step-by-step\/","url":"https:\/\/wpguerssen-test.odoo.rgbconsulting.com\/es\/producto\/step-by-step\/","name":"SCOTT, Audrey - Step By Step - (LP) | Guerssen","isPartOf":{"@id":"https:\/\/wpguerssen-test.odoo.rgbconsulting.com\/es\/#website"},"primaryImageOfPage":{"@id":"https:\/\/wpguerssen-test.odoo.rgbconsulting.com\/es\/producto\/step-by-step\/#primaryimage"},"image":{"@id":"https:\/\/wpguerssen-test.odoo.rgbconsulting.com\/es\/producto\/step-by-step\/#primaryimage"},"thumbnailUrl":"https:\/\/wpguerssen-test.odoo.rgbconsulting.com\/wp-content\/uploads\/2024\/02\/46693-scaled.jpg","datePublished":"2024-02-07T23:00:00+00:00","dateModified":"2024-07-01T17:14:59+00:00","description":"Born in Birmingham to Jamaican parents, lover's rock queen Audrey Scott began her singing career while attending Southwark College, forming the Sadonians with schoolmate Janette Edwards in 1977 and leading their defining hit 'Goodbye My Love' two years later. Debut solo album Step By Step was recorded in 1988 for producer Jah Larry, whose Clarendon Sound label was based between Spanish Town and London. The carefully chosen cover tunes are done over in the romantic reggae subgenre of lover's rock, with the Heptones on backing vocals, capturing the best of Audrey's abilities at her peak. A smooth, easy, and appealing LP.","breadcrumb":{"@id":"https:\/\/wpguerssen-test.odoo.rgbconsulting.com\/es\/producto\/step-by-step\/#breadcrumb"},"inLanguage":"es","potentialAction":[{"@type":"ReadAction","target":["https:\/\/wpguerssen-test.odoo.rgbconsulting.com\/es\/producto\/step-by-step\/"]}]},{"@type":"ImageObject","inLanguage":"es","@id":"https:\/\/wpguerssen-test.odoo.rgbconsulting.com\/es\/producto\/step-by-step\/#primaryimage","url":"https:\/\/wpguerssen-test.odoo.rgbconsulting.com\/wp-content\/uploads\/2024\/02\/46693-scaled.jpg","contentUrl":"https:\/\/wpguerssen-test.odoo.rgbconsulting.com\/wp-content\/uploads\/2024\/02\/46693-scaled.jpg","width":2560,"height":2544,"caption":"Audrey - Step By Step - RADIATION ROOTS (LP) | Guerssen"},{"@type":"BreadcrumbList","@id":"https:\/\/wpguerssen-test.odoo.rgbconsulting.com\/es\/producto\/step-by-step\/#breadcrumb","itemListElement":[{"@type":"ListItem","position":1,"name":"Inicio","item":"https:\/\/wpguerssen-test.odoo.rgbconsulting.com\/es\/"},{"@type":"ListItem","position":2,"name":"Shop","item":"https:\/\/wpguerssen-test.odoo.rgbconsulting.com\/shop\/"},{"@type":"ListItem","position":3,"name":"Step By Step"}]},{"@type":"WebSite","@id":"https:\/\/wpguerssen-test.odoo.rgbconsulting.com\/es\/#website","url":"https:\/\/wpguerssen-test.odoo.rgbconsulting.com\/es\/","name":"Guerssen records","description":"psychedelia - progressive - folk - garage ","publisher":{"@id":"https:\/\/wpguerssen-test.odoo.rgbconsulting.com\/es\/#organization"},"potentialAction":[{"@type":"SearchAction","target":{"@type":"EntryPoint","urlTemplate":"https:\/\/wpguerssen-test.odoo.rgbconsulting.com\/es\/?s={search_term_string}"},"query-input":{"@type":"PropertyValueSpecification","valueRequired":true,"valueName":"search_term_string"}}],"inLanguage":"es"},{"@type":"Organization","@id":"https:\/\/wpguerssen-test.odoo.rgbconsulting.com\/es\/#organization","name":"Guerssen records","url":"https:\/\/wpguerssen-test.odoo.rgbconsulting.com\/es\/","logo":{"@type":"ImageObject","inLanguage":"es","@id":"https:\/\/wpguerssen-test.odoo.rgbconsulting.com\/es\/#\/schema\/logo\/image\/","url":"https:\/\/wpguerssen-test.odoo.rgbconsulting.com\/wp-content\/uploads\/2022\/04\/Logo_Guerssen_trans_100.png","contentUrl":"https:\/\/wpguerssen-test.odoo.rgbconsulting.com\/wp-content\/uploads\/2022\/04\/Logo_Guerssen_trans_100.png","width":122,"height":100,"caption":"Guerssen records"},"image":{"@id":"https:\/\/wpguerssen-test.odoo.rgbconsulting.com\/es\/#\/schema\/logo\/image\/"}}]}},"_links":{"self":[{"href":"https:\/\/wpguerssen-test.odoo.rgbconsulting.com\/es\/wp-json\/wp\/v2\/product\/249656","targetHints":{"allow":["GET"]}}],"collection":[{"href":"https:\/\/wpguerssen-test.odoo.rgbconsulting.com\/es\/wp-json\/wp\/v2\/product"}],"about":[{"href":"https:\/\/wpguerssen-test.odoo.rgbconsulting.com\/es\/wp-json\/wp\/v2\/types\/product"}],"wp:featuredmedia":[{"embeddable":true,"href":"https:\/\/wpguerssen-test.odoo.rgbconsulting.com\/es\/wp-json\/wp\/v2\/media\/250806"}],"wp:attachment":[{"href":"https:\/\/wpguerssen-test.odoo.rgbconsulting.com\/es\/wp-json\/wp\/v2\/media?parent=249656"}],"wp:term":[{"taxonomy":"product_brand","embeddable":true,"href":"https:\/\/wpguerssen-test.odoo.rgbconsulting.com\/es\/wp-json\/wp\/v2\/product_brand?post=249656"},{"taxonomy":"product_cat","embeddable":true,"href":"https:\/\/wpguerssen-test.odoo.rgbconsulting.com\/es\/wp-json\/wp\/v2\/product_cat?post=249656"},{"taxonomy":"product_tag","embeddable":true,"href":"https:\/\/wpguerssen-test.odoo.rgbconsulting.com\/es\/wp-json\/wp\/v2\/product_tag?post=249656"}],"curies":[{"name":"wp","href":"https:\/\/api.w.org\/{rel}","templated":true}]}}