{"id":249659,"date":"2025-03-24T00:00:00","date_gmt":"2025-03-23T23:00:00","guid":{"rendered":"https:\/\/wpguerssen-test.odoo.rgbconsulting.com\/product\/hip-harp-on-a-minor-groove\/"},"modified":"2025-03-26T16:54:40","modified_gmt":"2025-03-26T15:54:40","slug":"hip-harp-on-a-minor-groove","status":"publish","type":"product","link":"https:\/\/wpguerssen-test.odoo.rgbconsulting.com\/es\/producto\/hip-harp-on-a-minor-groove\/","title":{"rendered":"Hip harp \/ On A Minor Groove"},"content":{"rendered":"<p>Doxy presenta una reedici\u00f3n combinada de Hip Harp e In A Minor Groove de la legendaria arpista y poliinstrumentista de jazz Dorothy Ashby, ambos lanzados por separado en 1958. Ambos \u00e1lbumes cuentan con Frank Wess. Dorothy Ashby ten\u00eda un sonido de arpa de soul jazz \u00fanico, y aunque el instrumento que us\u00f3 probablemente se considere m\u00e1s como una canci\u00f3n de cuna para dormir, en realidad lo hace balancearse muy bien y con un sonido conmovedor que se remonta a las tradiciones de los instrumentos de cuerda africanos. Ashby era parte de la misma escena que Yusef Lateef y, al igual que Lateef, logr\u00f3 utilizar instrumentaci\u00f3n extra\u00f1a en nuevos contextos, para conseguir un sonido de jazz \u00fanico.<\/p>\n","protected":false},"excerpt":{"rendered":"<p>Doxy presenta una reedici\u00f3n combinada de Hip Harp e In A Minor Groove de la legendaria arpista y poliinstrumentista de jazz Dorothy Ashby, ambos lanzados por separado<a class=\"read\" href=\"https:\/\/wpguerssen-test.odoo.rgbconsulting.com\/es\/producto\/hip-harp-on-a-minor-groove\/\"> (...)<\/a>","protected":false},"featured_media":249708,"template":"","meta":{"_acf_changed":false},"product_brand":[],"product_cat":[23227],"product_tag":[24185],"class_list":{"0":"post-249659","1":"product","2":"type-product","3":"status-publish","4":"has-post-thumbnail","6":"product_cat-jazz-es","7":"product_tag-de-nuevo-en-existencia","8":"pa_artist-ashby-dorothy-es-2","9":"pa_format-2lp-es","10":"pa_gender-jazz","11":"pa_label-doxy","12":"pa_location-north-america-es","13":"pa_other-filters-vinyl-only-es","15":"first","16":"instock","17":"taxable","18":"shipping-taxable","19":"purchasable","20":"product-type-simple"},"acf":[],"yoast_head":"<!-- This site is optimized with the Yoast SEO plugin v24.9 - https:\/\/yoast.com\/wordpress\/plugins\/seo\/ -->\n<title>ASHBY, Dorothy - Hip harp \/ On A Minor Groove -  (2LP) | Guerssen<\/title>\n<meta name=\"description\" content=\"Doxy present a combined reissue of legendary jazz harpist and poly-instrumentalist Dorothy Ashby&#039;s Hip Harp and In A Minor Groove, both released separately in 1958. Both albums feature Frank Wess. Dorothy Ashby had a unique soul jazz harp sound, and although the instrument she used is probably more thought of in terms of bedtime lullabies, she actually makes it swing nicely, and with a soulful sound that draws back to traditions of African stringed instruments. Ashby was part of the same scene as Yusef Lateef, and like Lateef, she managed to use odd instrumentation in new contexts, to get a very unique jazz sound.\" \/>\n<meta name=\"robots\" content=\"index, follow, max-snippet:-1, max-image-preview:large, max-video-preview:-1\" \/>\n<link rel=\"canonical\" href=\"https:\/\/wpguerssen-test.odoo.rgbconsulting.com\/es\/producto\/hip-harp-on-a-minor-groove\/\" \/>\n<meta property=\"og:locale\" content=\"es_ES\" \/>\n<meta property=\"og:type\" content=\"article\" \/>\n<meta property=\"og:title\" content=\"ASHBY, Dorothy - Hip harp \/ On A Minor Groove -  (2LP) | Guerssen\" \/>\n<meta property=\"og:description\" content=\"Doxy present a combined reissue of legendary jazz harpist and poly-instrumentalist Dorothy Ashby&#039;s Hip Harp and In A Minor Groove, both released separately in 1958. Both albums feature Frank Wess. Dorothy Ashby had a unique soul jazz harp sound, and although the instrument she used is probably more thought of in terms of bedtime lullabies, she actually makes it swing nicely, and with a soulful sound that draws back to traditions of African stringed instruments. Ashby was part of the same scene as Yusef Lateef, and like Lateef, she managed to use odd instrumentation in new contexts, to get a very unique jazz sound.\" \/>\n<meta property=\"og:url\" content=\"https:\/\/wpguerssen-test.odoo.rgbconsulting.com\/es\/producto\/hip-harp-on-a-minor-groove\/\" \/>\n<meta property=\"og:site_name\" content=\"Guerssen records\" \/>\n<meta property=\"article:modified_time\" content=\"2025-03-26T15:54:40+00:00\" \/>\n<meta property=\"og:image\" content=\"https:\/\/wpguerssen-test.odoo.rgbconsulting.com\/wp-content\/uploads\/2024\/01\/46696.jpg\" \/>\n\t<meta property=\"og:image:width\" content=\"600\" \/>\n\t<meta property=\"og:image:height\" content=\"600\" \/>\n\t<meta property=\"og:image:type\" content=\"image\/jpeg\" \/>\n<meta name=\"twitter:card\" content=\"summary_large_image\" \/>\n<meta name=\"twitter:title\" content=\"ASHBY, Dorothy - Hip harp \/ On A Minor Groove -  (2LP) | Guerssen\" \/>\n<meta name=\"twitter:label1\" content=\"Tiempo de lectura\" \/>\n\t<meta name=\"twitter:data1\" content=\"1 minuto\" \/>\n<script type=\"application\/ld+json\" class=\"yoast-schema-graph\">{\"@context\":\"https:\/\/schema.org\",\"@graph\":[{\"@type\":\"WebPage\",\"@id\":\"https:\/\/wpguerssen-test.odoo.rgbconsulting.com\/es\/producto\/hip-harp-on-a-minor-groove\/\",\"url\":\"https:\/\/wpguerssen-test.odoo.rgbconsulting.com\/es\/producto\/hip-harp-on-a-minor-groove\/\",\"name\":\"ASHBY, Dorothy - Hip harp \/ On A Minor Groove - (2LP) | Guerssen\",\"isPartOf\":{\"@id\":\"https:\/\/wpguerssen-test.odoo.rgbconsulting.com\/es\/#website\"},\"primaryImageOfPage\":{\"@id\":\"https:\/\/wpguerssen-test.odoo.rgbconsulting.com\/es\/producto\/hip-harp-on-a-minor-groove\/#primaryimage\"},\"image\":{\"@id\":\"https:\/\/wpguerssen-test.odoo.rgbconsulting.com\/es\/producto\/hip-harp-on-a-minor-groove\/#primaryimage\"},\"thumbnailUrl\":\"https:\/\/wpguerssen-test.odoo.rgbconsulting.com\/wp-content\/uploads\/2024\/01\/46696.jpg\",\"datePublished\":\"2025-03-23T23:00:00+00:00\",\"dateModified\":\"2025-03-26T15:54:40+00:00\",\"description\":\"Doxy present a combined reissue of legendary jazz harpist and poly-instrumentalist Dorothy Ashby's Hip Harp and In A Minor Groove, both released separately in 1958. Both albums feature Frank Wess. Dorothy Ashby had a unique soul jazz harp sound, and although the instrument she used is probably more thought of in terms of bedtime lullabies, she actually makes it swing nicely, and with a soulful sound that draws back to traditions of African stringed instruments. Ashby was part of the same scene as Yusef Lateef, and like Lateef, she managed to use odd instrumentation in new contexts, to get a very unique jazz sound.\",\"breadcrumb\":{\"@id\":\"https:\/\/wpguerssen-test.odoo.rgbconsulting.com\/es\/producto\/hip-harp-on-a-minor-groove\/#breadcrumb\"},\"inLanguage\":\"es\",\"potentialAction\":[{\"@type\":\"ReadAction\",\"target\":[\"https:\/\/wpguerssen-test.odoo.rgbconsulting.com\/es\/producto\/hip-harp-on-a-minor-groove\/\"]}]},{\"@type\":\"ImageObject\",\"inLanguage\":\"es\",\"@id\":\"https:\/\/wpguerssen-test.odoo.rgbconsulting.com\/es\/producto\/hip-harp-on-a-minor-groove\/#primaryimage\",\"url\":\"https:\/\/wpguerssen-test.odoo.rgbconsulting.com\/wp-content\/uploads\/2024\/01\/46696.jpg\",\"contentUrl\":\"https:\/\/wpguerssen-test.odoo.rgbconsulting.com\/wp-content\/uploads\/2024\/01\/46696.jpg\",\"width\":600,\"height\":600,\"caption\":\"Dorothy - Hip harp \/ On A Minor Groove - DOXY (2LP) | Guerssen\"},{\"@type\":\"BreadcrumbList\",\"@id\":\"https:\/\/wpguerssen-test.odoo.rgbconsulting.com\/es\/producto\/hip-harp-on-a-minor-groove\/#breadcrumb\",\"itemListElement\":[{\"@type\":\"ListItem\",\"position\":1,\"name\":\"Inicio\",\"item\":\"https:\/\/wpguerssen-test.odoo.rgbconsulting.com\/es\/\"},{\"@type\":\"ListItem\",\"position\":2,\"name\":\"Shop\",\"item\":\"https:\/\/wpguerssen-test.odoo.rgbconsulting.com\/shop\/\"},{\"@type\":\"ListItem\",\"position\":3,\"name\":\"Hip harp \/ On A Minor Groove\"}]},{\"@type\":\"WebSite\",\"@id\":\"https:\/\/wpguerssen-test.odoo.rgbconsulting.com\/es\/#website\",\"url\":\"https:\/\/wpguerssen-test.odoo.rgbconsulting.com\/es\/\",\"name\":\"Guerssen records\",\"description\":\"psychedelia - progressive - folk - garage \",\"publisher\":{\"@id\":\"https:\/\/wpguerssen-test.odoo.rgbconsulting.com\/es\/#organization\"},\"potentialAction\":[{\"@type\":\"SearchAction\",\"target\":{\"@type\":\"EntryPoint\",\"urlTemplate\":\"https:\/\/wpguerssen-test.odoo.rgbconsulting.com\/es\/?s={search_term_string}\"},\"query-input\":{\"@type\":\"PropertyValueSpecification\",\"valueRequired\":true,\"valueName\":\"search_term_string\"}}],\"inLanguage\":\"es\"},{\"@type\":\"Organization\",\"@id\":\"https:\/\/wpguerssen-test.odoo.rgbconsulting.com\/es\/#organization\",\"name\":\"Guerssen records\",\"url\":\"https:\/\/wpguerssen-test.odoo.rgbconsulting.com\/es\/\",\"logo\":{\"@type\":\"ImageObject\",\"inLanguage\":\"es\",\"@id\":\"https:\/\/wpguerssen-test.odoo.rgbconsulting.com\/es\/#\/schema\/logo\/image\/\",\"url\":\"https:\/\/wpguerssen-test.odoo.rgbconsulting.com\/wp-content\/uploads\/2022\/04\/Logo_Guerssen_trans_100.png\",\"contentUrl\":\"https:\/\/wpguerssen-test.odoo.rgbconsulting.com\/wp-content\/uploads\/2022\/04\/Logo_Guerssen_trans_100.png\",\"width\":122,\"height\":100,\"caption\":\"Guerssen records\"},\"image\":{\"@id\":\"https:\/\/wpguerssen-test.odoo.rgbconsulting.com\/es\/#\/schema\/logo\/image\/\"}}]}<\/script>\n<!-- \/ Yoast SEO plugin. -->","yoast_head_json":{"title":"ASHBY, Dorothy - Hip harp \/ On A Minor Groove -  (2LP) | Guerssen","description":"Doxy present a combined reissue of legendary jazz harpist and poly-instrumentalist Dorothy Ashby's Hip Harp and In A Minor Groove, both released separately in 1958. Both albums feature Frank Wess. Dorothy Ashby had a unique soul jazz harp sound, and although the instrument she used is probably more thought of in terms of bedtime lullabies, she actually makes it swing nicely, and with a soulful sound that draws back to traditions of African stringed instruments. Ashby was part of the same scene as Yusef Lateef, and like Lateef, she managed to use odd instrumentation in new contexts, to get a very unique jazz sound.","robots":{"index":"index","follow":"follow","max-snippet":"max-snippet:-1","max-image-preview":"max-image-preview:large","max-video-preview":"max-video-preview:-1"},"canonical":"https:\/\/wpguerssen-test.odoo.rgbconsulting.com\/es\/producto\/hip-harp-on-a-minor-groove\/","og_locale":"es_ES","og_type":"article","og_title":"ASHBY, Dorothy - Hip harp \/ On A Minor Groove -  (2LP) | Guerssen","og_description":"Doxy present a combined reissue of legendary jazz harpist and poly-instrumentalist Dorothy Ashby's Hip Harp and In A Minor Groove, both released separately in 1958. Both albums feature Frank Wess. Dorothy Ashby had a unique soul jazz harp sound, and although the instrument she used is probably more thought of in terms of bedtime lullabies, she actually makes it swing nicely, and with a soulful sound that draws back to traditions of African stringed instruments. Ashby was part of the same scene as Yusef Lateef, and like Lateef, she managed to use odd instrumentation in new contexts, to get a very unique jazz sound.","og_url":"https:\/\/wpguerssen-test.odoo.rgbconsulting.com\/es\/producto\/hip-harp-on-a-minor-groove\/","og_site_name":"Guerssen records","article_modified_time":"2025-03-26T15:54:40+00:00","og_image":[{"width":600,"height":600,"url":"https:\/\/wpguerssen-test.odoo.rgbconsulting.com\/wp-content\/uploads\/2024\/01\/46696.jpg","type":"image\/jpeg"}],"twitter_card":"summary_large_image","twitter_title":"ASHBY, Dorothy - Hip harp \/ On A Minor Groove -  (2LP) | Guerssen","twitter_misc":{"Tiempo de lectura":"1 minuto"},"schema":{"@context":"https:\/\/schema.org","@graph":[{"@type":"WebPage","@id":"https:\/\/wpguerssen-test.odoo.rgbconsulting.com\/es\/producto\/hip-harp-on-a-minor-groove\/","url":"https:\/\/wpguerssen-test.odoo.rgbconsulting.com\/es\/producto\/hip-harp-on-a-minor-groove\/","name":"ASHBY, Dorothy - Hip harp \/ On A Minor Groove - (2LP) | Guerssen","isPartOf":{"@id":"https:\/\/wpguerssen-test.odoo.rgbconsulting.com\/es\/#website"},"primaryImageOfPage":{"@id":"https:\/\/wpguerssen-test.odoo.rgbconsulting.com\/es\/producto\/hip-harp-on-a-minor-groove\/#primaryimage"},"image":{"@id":"https:\/\/wpguerssen-test.odoo.rgbconsulting.com\/es\/producto\/hip-harp-on-a-minor-groove\/#primaryimage"},"thumbnailUrl":"https:\/\/wpguerssen-test.odoo.rgbconsulting.com\/wp-content\/uploads\/2024\/01\/46696.jpg","datePublished":"2025-03-23T23:00:00+00:00","dateModified":"2025-03-26T15:54:40+00:00","description":"Doxy present a combined reissue of legendary jazz harpist and poly-instrumentalist Dorothy Ashby's Hip Harp and In A Minor Groove, both released separately in 1958. Both albums feature Frank Wess. Dorothy Ashby had a unique soul jazz harp sound, and although the instrument she used is probably more thought of in terms of bedtime lullabies, she actually makes it swing nicely, and with a soulful sound that draws back to traditions of African stringed instruments. Ashby was part of the same scene as Yusef Lateef, and like Lateef, she managed to use odd instrumentation in new contexts, to get a very unique jazz sound.","breadcrumb":{"@id":"https:\/\/wpguerssen-test.odoo.rgbconsulting.com\/es\/producto\/hip-harp-on-a-minor-groove\/#breadcrumb"},"inLanguage":"es","potentialAction":[{"@type":"ReadAction","target":["https:\/\/wpguerssen-test.odoo.rgbconsulting.com\/es\/producto\/hip-harp-on-a-minor-groove\/"]}]},{"@type":"ImageObject","inLanguage":"es","@id":"https:\/\/wpguerssen-test.odoo.rgbconsulting.com\/es\/producto\/hip-harp-on-a-minor-groove\/#primaryimage","url":"https:\/\/wpguerssen-test.odoo.rgbconsulting.com\/wp-content\/uploads\/2024\/01\/46696.jpg","contentUrl":"https:\/\/wpguerssen-test.odoo.rgbconsulting.com\/wp-content\/uploads\/2024\/01\/46696.jpg","width":600,"height":600,"caption":"Dorothy - Hip harp \/ On A Minor Groove - DOXY (2LP) | Guerssen"},{"@type":"BreadcrumbList","@id":"https:\/\/wpguerssen-test.odoo.rgbconsulting.com\/es\/producto\/hip-harp-on-a-minor-groove\/#breadcrumb","itemListElement":[{"@type":"ListItem","position":1,"name":"Inicio","item":"https:\/\/wpguerssen-test.odoo.rgbconsulting.com\/es\/"},{"@type":"ListItem","position":2,"name":"Shop","item":"https:\/\/wpguerssen-test.odoo.rgbconsulting.com\/shop\/"},{"@type":"ListItem","position":3,"name":"Hip harp \/ On A Minor Groove"}]},{"@type":"WebSite","@id":"https:\/\/wpguerssen-test.odoo.rgbconsulting.com\/es\/#website","url":"https:\/\/wpguerssen-test.odoo.rgbconsulting.com\/es\/","name":"Guerssen records","description":"psychedelia - progressive - folk - garage ","publisher":{"@id":"https:\/\/wpguerssen-test.odoo.rgbconsulting.com\/es\/#organization"},"potentialAction":[{"@type":"SearchAction","target":{"@type":"EntryPoint","urlTemplate":"https:\/\/wpguerssen-test.odoo.rgbconsulting.com\/es\/?s={search_term_string}"},"query-input":{"@type":"PropertyValueSpecification","valueRequired":true,"valueName":"search_term_string"}}],"inLanguage":"es"},{"@type":"Organization","@id":"https:\/\/wpguerssen-test.odoo.rgbconsulting.com\/es\/#organization","name":"Guerssen records","url":"https:\/\/wpguerssen-test.odoo.rgbconsulting.com\/es\/","logo":{"@type":"ImageObject","inLanguage":"es","@id":"https:\/\/wpguerssen-test.odoo.rgbconsulting.com\/es\/#\/schema\/logo\/image\/","url":"https:\/\/wpguerssen-test.odoo.rgbconsulting.com\/wp-content\/uploads\/2022\/04\/Logo_Guerssen_trans_100.png","contentUrl":"https:\/\/wpguerssen-test.odoo.rgbconsulting.com\/wp-content\/uploads\/2022\/04\/Logo_Guerssen_trans_100.png","width":122,"height":100,"caption":"Guerssen records"},"image":{"@id":"https:\/\/wpguerssen-test.odoo.rgbconsulting.com\/es\/#\/schema\/logo\/image\/"}}]}},"_links":{"self":[{"href":"https:\/\/wpguerssen-test.odoo.rgbconsulting.com\/es\/wp-json\/wp\/v2\/product\/249659","targetHints":{"allow":["GET"]}}],"collection":[{"href":"https:\/\/wpguerssen-test.odoo.rgbconsulting.com\/es\/wp-json\/wp\/v2\/product"}],"about":[{"href":"https:\/\/wpguerssen-test.odoo.rgbconsulting.com\/es\/wp-json\/wp\/v2\/types\/product"}],"wp:featuredmedia":[{"embeddable":true,"href":"https:\/\/wpguerssen-test.odoo.rgbconsulting.com\/es\/wp-json\/wp\/v2\/media\/249708"}],"wp:attachment":[{"href":"https:\/\/wpguerssen-test.odoo.rgbconsulting.com\/es\/wp-json\/wp\/v2\/media?parent=249659"}],"wp:term":[{"taxonomy":"product_brand","embeddable":true,"href":"https:\/\/wpguerssen-test.odoo.rgbconsulting.com\/es\/wp-json\/wp\/v2\/product_brand?post=249659"},{"taxonomy":"product_cat","embeddable":true,"href":"https:\/\/wpguerssen-test.odoo.rgbconsulting.com\/es\/wp-json\/wp\/v2\/product_cat?post=249659"},{"taxonomy":"product_tag","embeddable":true,"href":"https:\/\/wpguerssen-test.odoo.rgbconsulting.com\/es\/wp-json\/wp\/v2\/product_tag?post=249659"}],"curies":[{"name":"wp","href":"https:\/\/api.w.org\/{rel}","templated":true}]}}