{"id":249721,"date":"2024-02-22T00:00:00","date_gmt":"2024-02-21T23:00:00","guid":{"rendered":"https:\/\/wpguerssen-test.odoo.rgbconsulting.com\/product\/virgo-vibes\/"},"modified":"2025-04-07T16:00:34","modified_gmt":"2025-04-07T14:00:34","slug":"virgo-vibes","status":"publish","type":"product","link":"https:\/\/wpguerssen-test.odoo.rgbconsulting.com\/es\/producto\/virgo-vibes\/","title":{"rendered":"Virgo Vibes"},"content":{"rendered":"<p>Mucho antes de convertirse en un \u00edcono del funk, el acid jazz y el R&#038;B, Roy Ayers era un joven y prometedor vibrafonista de jazz. Lanzado originalmente en 1967, Virgo Vibes fue el segundo \u00e1lbum de Ayers y su debut para Atlantic.<br \/>Con cinco temas de jazz funk geniales, el LP presenta m\u00fasicos talentosos como Joe Henderson, Charles Tolliver, Bruno Carr, Jack Wilson y el misterioso pianista Ronnie Clark (Herbie Hancock tocando bajo seud\u00f3nimo). Virgo Vibes, un tesoro poco com\u00fan impregnado del ambiente relajado y alegre que defini\u00f3 la carrera estelar de Ayers, ahora est\u00e1 disponible nuevamente en vinilo.<\/p>\n","protected":false},"excerpt":{"rendered":"<p>Mucho antes de convertirse en un \u00edcono del funk, el acid jazz y el R&#038;B, Roy Ayers era un joven y prometedor vibrafonista de jazz. Lanzado originalmente en 1967,<a class=\"read\" href=\"https:\/\/wpguerssen-test.odoo.rgbconsulting.com\/es\/producto\/virgo-vibes\/\"> (...)<\/a>","protected":false},"featured_media":249830,"template":"","meta":{"_acf_changed":false},"product_brand":[],"product_cat":[21649,23227],"product_tag":[],"class_list":{"0":"post-249721","1":"product","2":"type-product","3":"status-publish","4":"has-post-thumbnail","6":"product_cat-soul-rnb-es","7":"product_cat-jazz-es","8":"pa_artist-ayers-roy","9":"pa_format-lp-es","10":"pa_gender-jazz-soul-rnb","11":"pa_label-nature-sounds","12":"pa_location-north-america-es","13":"pa_other-filters-vinyl-only-es","15":"first","16":"instock","17":"taxable","18":"shipping-taxable","19":"purchasable","20":"product-type-simple"},"acf":[],"yoast_head":"<!-- This site is optimized with the Yoast SEO plugin v24.9 - https:\/\/yoast.com\/wordpress\/plugins\/seo\/ -->\n<title>AYERS, Roy - Virgo Vibes -  (LP) | Guerssen<\/title>\n<meta name=\"description\" content=\"Long before becoming an icon of funk, acid jazz, and R&amp;B, Roy Ayers was a promising young jazz vibraphonist. Originally released in 1967, Virgo Vibes was Ayers&#039; second album, and his debut for Atlantic.With five cool, funky jazz tracks, the LP features talented musicians like Joe Henderson, Charles Tolliver, Bruno Carr, Jack Wilson and the mysterious pianist Ronnie Clark (Herbie Hancock playing under a pseudonym). A rare treasure infused with the relaxed, sunny vibe that defined Ayers&#039; stellar career, Virgo Vibes is now available again on vinyl.\" \/>\n<meta name=\"robots\" content=\"index, follow, max-snippet:-1, max-image-preview:large, max-video-preview:-1\" \/>\n<link rel=\"canonical\" href=\"https:\/\/wpguerssen-test.odoo.rgbconsulting.com\/es\/producto\/virgo-vibes\/\" \/>\n<meta property=\"og:locale\" content=\"es_ES\" \/>\n<meta property=\"og:type\" content=\"article\" \/>\n<meta property=\"og:title\" content=\"AYERS, Roy - Virgo Vibes -  (LP) | Guerssen\" \/>\n<meta property=\"og:description\" content=\"Long before becoming an icon of funk, acid jazz, and R&amp;B, Roy Ayers was a promising young jazz vibraphonist. Originally released in 1967, Virgo Vibes was Ayers&#039; second album, and his debut for Atlantic.With five cool, funky jazz tracks, the LP features talented musicians like Joe Henderson, Charles Tolliver, Bruno Carr, Jack Wilson and the mysterious pianist Ronnie Clark (Herbie Hancock playing under a pseudonym). A rare treasure infused with the relaxed, sunny vibe that defined Ayers&#039; stellar career, Virgo Vibes is now available again on vinyl.\" \/>\n<meta property=\"og:url\" content=\"https:\/\/wpguerssen-test.odoo.rgbconsulting.com\/es\/producto\/virgo-vibes\/\" \/>\n<meta property=\"og:site_name\" content=\"Guerssen records\" \/>\n<meta property=\"article:modified_time\" content=\"2025-04-07T14:00:34+00:00\" \/>\n<meta property=\"og:image\" content=\"https:\/\/wpguerssen-test.odoo.rgbconsulting.com\/wp-content\/uploads\/2024\/01\/46713.jpg\" \/>\n\t<meta property=\"og:image:width\" content=\"243\" \/>\n\t<meta property=\"og:image:height\" content=\"243\" \/>\n\t<meta property=\"og:image:type\" content=\"image\/jpeg\" \/>\n<meta name=\"twitter:card\" content=\"summary_large_image\" \/>\n<meta name=\"twitter:title\" content=\"AYERS, Roy - Virgo Vibes -  (LP) | Guerssen\" \/>\n<meta name=\"twitter:label1\" content=\"Tiempo de lectura\" \/>\n\t<meta name=\"twitter:data1\" content=\"1 minuto\" \/>\n<script type=\"application\/ld+json\" class=\"yoast-schema-graph\">{\"@context\":\"https:\/\/schema.org\",\"@graph\":[{\"@type\":\"WebPage\",\"@id\":\"https:\/\/wpguerssen-test.odoo.rgbconsulting.com\/es\/producto\/virgo-vibes\/\",\"url\":\"https:\/\/wpguerssen-test.odoo.rgbconsulting.com\/es\/producto\/virgo-vibes\/\",\"name\":\"AYERS, Roy - Virgo Vibes - (LP) | Guerssen\",\"isPartOf\":{\"@id\":\"https:\/\/wpguerssen-test.odoo.rgbconsulting.com\/es\/#website\"},\"primaryImageOfPage\":{\"@id\":\"https:\/\/wpguerssen-test.odoo.rgbconsulting.com\/es\/producto\/virgo-vibes\/#primaryimage\"},\"image\":{\"@id\":\"https:\/\/wpguerssen-test.odoo.rgbconsulting.com\/es\/producto\/virgo-vibes\/#primaryimage\"},\"thumbnailUrl\":\"https:\/\/wpguerssen-test.odoo.rgbconsulting.com\/wp-content\/uploads\/2024\/01\/46713.jpg\",\"datePublished\":\"2024-02-21T23:00:00+00:00\",\"dateModified\":\"2025-04-07T14:00:34+00:00\",\"description\":\"Long before becoming an icon of funk, acid jazz, and R&B, Roy Ayers was a promising young jazz vibraphonist. Originally released in 1967, Virgo Vibes was Ayers' second album, and his debut for Atlantic.With five cool, funky jazz tracks, the LP features talented musicians like Joe Henderson, Charles Tolliver, Bruno Carr, Jack Wilson and the mysterious pianist Ronnie Clark (Herbie Hancock playing under a pseudonym). A rare treasure infused with the relaxed, sunny vibe that defined Ayers' stellar career, Virgo Vibes is now available again on vinyl.\",\"breadcrumb\":{\"@id\":\"https:\/\/wpguerssen-test.odoo.rgbconsulting.com\/es\/producto\/virgo-vibes\/#breadcrumb\"},\"inLanguage\":\"es\",\"potentialAction\":[{\"@type\":\"ReadAction\",\"target\":[\"https:\/\/wpguerssen-test.odoo.rgbconsulting.com\/es\/producto\/virgo-vibes\/\"]}]},{\"@type\":\"ImageObject\",\"inLanguage\":\"es\",\"@id\":\"https:\/\/wpguerssen-test.odoo.rgbconsulting.com\/es\/producto\/virgo-vibes\/#primaryimage\",\"url\":\"https:\/\/wpguerssen-test.odoo.rgbconsulting.com\/wp-content\/uploads\/2024\/01\/46713.jpg\",\"contentUrl\":\"https:\/\/wpguerssen-test.odoo.rgbconsulting.com\/wp-content\/uploads\/2024\/01\/46713.jpg\",\"width\":243,\"height\":243,\"caption\":\"Roy - Virgo Vibes - NATURE SOUNDS (LP) | Guerssen\"},{\"@type\":\"BreadcrumbList\",\"@id\":\"https:\/\/wpguerssen-test.odoo.rgbconsulting.com\/es\/producto\/virgo-vibes\/#breadcrumb\",\"itemListElement\":[{\"@type\":\"ListItem\",\"position\":1,\"name\":\"Inicio\",\"item\":\"https:\/\/wpguerssen-test.odoo.rgbconsulting.com\/es\/\"},{\"@type\":\"ListItem\",\"position\":2,\"name\":\"Shop\",\"item\":\"https:\/\/wpguerssen-test.odoo.rgbconsulting.com\/shop\/\"},{\"@type\":\"ListItem\",\"position\":3,\"name\":\"Virgo Vibes\"}]},{\"@type\":\"WebSite\",\"@id\":\"https:\/\/wpguerssen-test.odoo.rgbconsulting.com\/es\/#website\",\"url\":\"https:\/\/wpguerssen-test.odoo.rgbconsulting.com\/es\/\",\"name\":\"Guerssen records\",\"description\":\"psychedelia - progressive - folk - garage \",\"publisher\":{\"@id\":\"https:\/\/wpguerssen-test.odoo.rgbconsulting.com\/es\/#organization\"},\"potentialAction\":[{\"@type\":\"SearchAction\",\"target\":{\"@type\":\"EntryPoint\",\"urlTemplate\":\"https:\/\/wpguerssen-test.odoo.rgbconsulting.com\/es\/?s={search_term_string}\"},\"query-input\":{\"@type\":\"PropertyValueSpecification\",\"valueRequired\":true,\"valueName\":\"search_term_string\"}}],\"inLanguage\":\"es\"},{\"@type\":\"Organization\",\"@id\":\"https:\/\/wpguerssen-test.odoo.rgbconsulting.com\/es\/#organization\",\"name\":\"Guerssen records\",\"url\":\"https:\/\/wpguerssen-test.odoo.rgbconsulting.com\/es\/\",\"logo\":{\"@type\":\"ImageObject\",\"inLanguage\":\"es\",\"@id\":\"https:\/\/wpguerssen-test.odoo.rgbconsulting.com\/es\/#\/schema\/logo\/image\/\",\"url\":\"https:\/\/wpguerssen-test.odoo.rgbconsulting.com\/wp-content\/uploads\/2022\/04\/Logo_Guerssen_trans_100.png\",\"contentUrl\":\"https:\/\/wpguerssen-test.odoo.rgbconsulting.com\/wp-content\/uploads\/2022\/04\/Logo_Guerssen_trans_100.png\",\"width\":122,\"height\":100,\"caption\":\"Guerssen records\"},\"image\":{\"@id\":\"https:\/\/wpguerssen-test.odoo.rgbconsulting.com\/es\/#\/schema\/logo\/image\/\"}}]}<\/script>\n<!-- \/ Yoast SEO plugin. -->","yoast_head_json":{"title":"AYERS, Roy - Virgo Vibes -  (LP) | Guerssen","description":"Long before becoming an icon of funk, acid jazz, and R&B, Roy Ayers was a promising young jazz vibraphonist. Originally released in 1967, Virgo Vibes was Ayers' second album, and his debut for Atlantic.With five cool, funky jazz tracks, the LP features talented musicians like Joe Henderson, Charles Tolliver, Bruno Carr, Jack Wilson and the mysterious pianist Ronnie Clark (Herbie Hancock playing under a pseudonym). A rare treasure infused with the relaxed, sunny vibe that defined Ayers' stellar career, Virgo Vibes is now available again on vinyl.","robots":{"index":"index","follow":"follow","max-snippet":"max-snippet:-1","max-image-preview":"max-image-preview:large","max-video-preview":"max-video-preview:-1"},"canonical":"https:\/\/wpguerssen-test.odoo.rgbconsulting.com\/es\/producto\/virgo-vibes\/","og_locale":"es_ES","og_type":"article","og_title":"AYERS, Roy - Virgo Vibes -  (LP) | Guerssen","og_description":"Long before becoming an icon of funk, acid jazz, and R&B, Roy Ayers was a promising young jazz vibraphonist. Originally released in 1967, Virgo Vibes was Ayers' second album, and his debut for Atlantic.With five cool, funky jazz tracks, the LP features talented musicians like Joe Henderson, Charles Tolliver, Bruno Carr, Jack Wilson and the mysterious pianist Ronnie Clark (Herbie Hancock playing under a pseudonym). A rare treasure infused with the relaxed, sunny vibe that defined Ayers' stellar career, Virgo Vibes is now available again on vinyl.","og_url":"https:\/\/wpguerssen-test.odoo.rgbconsulting.com\/es\/producto\/virgo-vibes\/","og_site_name":"Guerssen records","article_modified_time":"2025-04-07T14:00:34+00:00","og_image":[{"width":243,"height":243,"url":"https:\/\/wpguerssen-test.odoo.rgbconsulting.com\/wp-content\/uploads\/2024\/01\/46713.jpg","type":"image\/jpeg"}],"twitter_card":"summary_large_image","twitter_title":"AYERS, Roy - Virgo Vibes -  (LP) | Guerssen","twitter_misc":{"Tiempo de lectura":"1 minuto"},"schema":{"@context":"https:\/\/schema.org","@graph":[{"@type":"WebPage","@id":"https:\/\/wpguerssen-test.odoo.rgbconsulting.com\/es\/producto\/virgo-vibes\/","url":"https:\/\/wpguerssen-test.odoo.rgbconsulting.com\/es\/producto\/virgo-vibes\/","name":"AYERS, Roy - Virgo Vibes - (LP) | Guerssen","isPartOf":{"@id":"https:\/\/wpguerssen-test.odoo.rgbconsulting.com\/es\/#website"},"primaryImageOfPage":{"@id":"https:\/\/wpguerssen-test.odoo.rgbconsulting.com\/es\/producto\/virgo-vibes\/#primaryimage"},"image":{"@id":"https:\/\/wpguerssen-test.odoo.rgbconsulting.com\/es\/producto\/virgo-vibes\/#primaryimage"},"thumbnailUrl":"https:\/\/wpguerssen-test.odoo.rgbconsulting.com\/wp-content\/uploads\/2024\/01\/46713.jpg","datePublished":"2024-02-21T23:00:00+00:00","dateModified":"2025-04-07T14:00:34+00:00","description":"Long before becoming an icon of funk, acid jazz, and R&B, Roy Ayers was a promising young jazz vibraphonist. Originally released in 1967, Virgo Vibes was Ayers' second album, and his debut for Atlantic.With five cool, funky jazz tracks, the LP features talented musicians like Joe Henderson, Charles Tolliver, Bruno Carr, Jack Wilson and the mysterious pianist Ronnie Clark (Herbie Hancock playing under a pseudonym). A rare treasure infused with the relaxed, sunny vibe that defined Ayers' stellar career, Virgo Vibes is now available again on vinyl.","breadcrumb":{"@id":"https:\/\/wpguerssen-test.odoo.rgbconsulting.com\/es\/producto\/virgo-vibes\/#breadcrumb"},"inLanguage":"es","potentialAction":[{"@type":"ReadAction","target":["https:\/\/wpguerssen-test.odoo.rgbconsulting.com\/es\/producto\/virgo-vibes\/"]}]},{"@type":"ImageObject","inLanguage":"es","@id":"https:\/\/wpguerssen-test.odoo.rgbconsulting.com\/es\/producto\/virgo-vibes\/#primaryimage","url":"https:\/\/wpguerssen-test.odoo.rgbconsulting.com\/wp-content\/uploads\/2024\/01\/46713.jpg","contentUrl":"https:\/\/wpguerssen-test.odoo.rgbconsulting.com\/wp-content\/uploads\/2024\/01\/46713.jpg","width":243,"height":243,"caption":"Roy - Virgo Vibes - NATURE SOUNDS (LP) | Guerssen"},{"@type":"BreadcrumbList","@id":"https:\/\/wpguerssen-test.odoo.rgbconsulting.com\/es\/producto\/virgo-vibes\/#breadcrumb","itemListElement":[{"@type":"ListItem","position":1,"name":"Inicio","item":"https:\/\/wpguerssen-test.odoo.rgbconsulting.com\/es\/"},{"@type":"ListItem","position":2,"name":"Shop","item":"https:\/\/wpguerssen-test.odoo.rgbconsulting.com\/shop\/"},{"@type":"ListItem","position":3,"name":"Virgo Vibes"}]},{"@type":"WebSite","@id":"https:\/\/wpguerssen-test.odoo.rgbconsulting.com\/es\/#website","url":"https:\/\/wpguerssen-test.odoo.rgbconsulting.com\/es\/","name":"Guerssen records","description":"psychedelia - progressive - folk - garage ","publisher":{"@id":"https:\/\/wpguerssen-test.odoo.rgbconsulting.com\/es\/#organization"},"potentialAction":[{"@type":"SearchAction","target":{"@type":"EntryPoint","urlTemplate":"https:\/\/wpguerssen-test.odoo.rgbconsulting.com\/es\/?s={search_term_string}"},"query-input":{"@type":"PropertyValueSpecification","valueRequired":true,"valueName":"search_term_string"}}],"inLanguage":"es"},{"@type":"Organization","@id":"https:\/\/wpguerssen-test.odoo.rgbconsulting.com\/es\/#organization","name":"Guerssen records","url":"https:\/\/wpguerssen-test.odoo.rgbconsulting.com\/es\/","logo":{"@type":"ImageObject","inLanguage":"es","@id":"https:\/\/wpguerssen-test.odoo.rgbconsulting.com\/es\/#\/schema\/logo\/image\/","url":"https:\/\/wpguerssen-test.odoo.rgbconsulting.com\/wp-content\/uploads\/2022\/04\/Logo_Guerssen_trans_100.png","contentUrl":"https:\/\/wpguerssen-test.odoo.rgbconsulting.com\/wp-content\/uploads\/2022\/04\/Logo_Guerssen_trans_100.png","width":122,"height":100,"caption":"Guerssen records"},"image":{"@id":"https:\/\/wpguerssen-test.odoo.rgbconsulting.com\/es\/#\/schema\/logo\/image\/"}}]}},"_links":{"self":[{"href":"https:\/\/wpguerssen-test.odoo.rgbconsulting.com\/es\/wp-json\/wp\/v2\/product\/249721","targetHints":{"allow":["GET"]}}],"collection":[{"href":"https:\/\/wpguerssen-test.odoo.rgbconsulting.com\/es\/wp-json\/wp\/v2\/product"}],"about":[{"href":"https:\/\/wpguerssen-test.odoo.rgbconsulting.com\/es\/wp-json\/wp\/v2\/types\/product"}],"wp:featuredmedia":[{"embeddable":true,"href":"https:\/\/wpguerssen-test.odoo.rgbconsulting.com\/es\/wp-json\/wp\/v2\/media\/249830"}],"wp:attachment":[{"href":"https:\/\/wpguerssen-test.odoo.rgbconsulting.com\/es\/wp-json\/wp\/v2\/media?parent=249721"}],"wp:term":[{"taxonomy":"product_brand","embeddable":true,"href":"https:\/\/wpguerssen-test.odoo.rgbconsulting.com\/es\/wp-json\/wp\/v2\/product_brand?post=249721"},{"taxonomy":"product_cat","embeddable":true,"href":"https:\/\/wpguerssen-test.odoo.rgbconsulting.com\/es\/wp-json\/wp\/v2\/product_cat?post=249721"},{"taxonomy":"product_tag","embeddable":true,"href":"https:\/\/wpguerssen-test.odoo.rgbconsulting.com\/es\/wp-json\/wp\/v2\/product_tag?post=249721"}],"curies":[{"name":"wp","href":"https:\/\/api.w.org\/{rel}","templated":true}]}}