{"id":249724,"date":"2024-01-23T00:00:00","date_gmt":"2024-01-22T23:00:00","guid":{"rendered":"https:\/\/wpguerssen-test.odoo.rgbconsulting.com\/product\/the-giant-tortoise\/"},"modified":"2025-03-19T16:29:24","modified_gmt":"2025-03-19T15:29:24","slug":"the-giant-tortoise","status":"publish","type":"product","link":"https:\/\/wpguerssen-test.odoo.rgbconsulting.com\/es\/producto\/the-giant-tortoise\/","title":{"rendered":"The Giant Tortoise"},"content":{"rendered":"<p>Segundo de los cuatro proyectos de Alice Island Band, LP original de principios de 1968, s\u00f3lo se hicieron 20 copias en ese entonces. Una colecci\u00f3n de canciones hermosa, caprichosa, delicada, encantadora, a veces infantil, de composici\u00f3n propia; ecos de Songs for Little Ones de Donovan, un tufillo de Kinks de mitad de per\u00edodo, estelas de vapor de la Incredible String Band y d\u00e9biles resonancias del final m\u00e1s ingenuo del Pink Floyd de Syd Barrett. Una pieza de \u00e9poca hippie genuina, completamente perdida, sencilla y aut\u00e9ntica, enga\u00f1osamente inocente con una corriente \u00e1cida constante de tristeza omnipresente que marca el final del \u00abVerano del amor\u00bb. El trabajo de Alice Island Band es directamente comparable en fecha, esp\u00edritu, rareza, calidad y vibra general a Howell\/Ferdinando: Agincourt\/Ithaca. VIENE CON OBRA DE ARTE ORIGINAL<\/p>\n","protected":false},"excerpt":{"rendered":"<p>Segundo de los cuatro proyectos de Alice Island Band, LP original de principios de 1968, s\u00f3lo se hicieron 20 copias en ese entonces. Una colecci\u00f3n de canciones hermosa,<a class=\"read\" href=\"https:\/\/wpguerssen-test.odoo.rgbconsulting.com\/es\/producto\/the-giant-tortoise\/\"> (...)<\/a>","protected":false},"featured_media":249690,"template":"","meta":{"_acf_changed":false},"product_brand":[],"product_cat":[21639,23271],"product_tag":[],"class_list":{"0":"post-249724","1":"product","2":"type-product","3":"status-publish","4":"has-post-thumbnail","6":"product_cat-psychedelic60s-70s-es","7":"product_cat-folk-60s-70s-es","8":"pa_artist-phillips-tim","9":"pa_format-lp-es","10":"pa_gender-psychedelic60s-70s-folk-60s-70s","11":"pa_label-bright-carvings","12":"pa_location-uk-ireland-es","13":"pa_other-filters-vinyl-only-es","15":"first","16":"instock","17":"taxable","18":"shipping-taxable","19":"purchasable","20":"product-type-simple"},"acf":[],"yoast_head":"<!-- This site is optimized with the Yoast SEO plugin v24.9 - https:\/\/yoast.com\/wordpress\/plugins\/seo\/ -->\n<title>PHILLIPS, Tim - The Giant Tortoise -  (LP) | Guerssen<\/title>\n<meta name=\"description\" content=\"Second of the four Alice Island Band projects, Original LP from early 1968, only 20 copies made back then. A beautiful, whimsical, delicate, charming, sometimes childlike, self-composed collection of songs; echoes of Donovan&#039;s Songs for Little Ones, a whiff of mid period Kinks, vapour trails from the Incredible String Band and faint resonances of the more na\u00efve end of early Syd Barrett&#039;s Pink Floyd. A genuine, utterly lost, hippy period piece stripped down and authentic, deceptively innocent with a constant Acidic undercurrent of the pervasive sadness marking the end of the &quot;Summer of Love&quot;. The Alice Island Band body of work is directly comparable in date, ethos, rarity, quality and overall vibe to Howell\/Ferdinando: Agincourt\/Ithaca. COMES WITH ORIGINAL ARTWORK\" \/>\n<meta name=\"robots\" content=\"index, follow, max-snippet:-1, max-image-preview:large, max-video-preview:-1\" \/>\n<link rel=\"canonical\" href=\"https:\/\/wpguerssen-test.odoo.rgbconsulting.com\/es\/producto\/the-giant-tortoise\/\" \/>\n<meta property=\"og:locale\" content=\"es_ES\" \/>\n<meta property=\"og:type\" content=\"article\" \/>\n<meta property=\"og:title\" content=\"PHILLIPS, Tim - The Giant Tortoise -  (LP) | Guerssen\" \/>\n<meta property=\"og:description\" content=\"Second of the four Alice Island Band projects, Original LP from early 1968, only 20 copies made back then. A beautiful, whimsical, delicate, charming, sometimes childlike, self-composed collection of songs; echoes of Donovan&#039;s Songs for Little Ones, a whiff of mid period Kinks, vapour trails from the Incredible String Band and faint resonances of the more na\u00efve end of early Syd Barrett&#039;s Pink Floyd. A genuine, utterly lost, hippy period piece stripped down and authentic, deceptively innocent with a constant Acidic undercurrent of the pervasive sadness marking the end of the &quot;Summer of Love&quot;. The Alice Island Band body of work is directly comparable in date, ethos, rarity, quality and overall vibe to Howell\/Ferdinando: Agincourt\/Ithaca. COMES WITH ORIGINAL ARTWORK\" \/>\n<meta property=\"og:url\" content=\"https:\/\/wpguerssen-test.odoo.rgbconsulting.com\/es\/producto\/the-giant-tortoise\/\" \/>\n<meta property=\"og:site_name\" content=\"Guerssen records\" \/>\n<meta property=\"article:modified_time\" content=\"2025-03-19T15:29:24+00:00\" \/>\n<meta property=\"og:image\" content=\"https:\/\/wpguerssen-test.odoo.rgbconsulting.com\/wp-content\/uploads\/2024\/01\/46716.jpg\" \/>\n\t<meta property=\"og:image:width\" content=\"600\" \/>\n\t<meta property=\"og:image:height\" content=\"600\" \/>\n\t<meta property=\"og:image:type\" content=\"image\/jpeg\" \/>\n<meta name=\"twitter:card\" content=\"summary_large_image\" \/>\n<meta name=\"twitter:title\" content=\"PHILLIPS, Tim - The Giant Tortoise -  (LP) | Guerssen\" \/>\n<meta name=\"twitter:label1\" content=\"Tiempo de lectura\" \/>\n\t<meta name=\"twitter:data1\" content=\"1 minuto\" \/>\n<script type=\"application\/ld+json\" class=\"yoast-schema-graph\">{\"@context\":\"https:\/\/schema.org\",\"@graph\":[{\"@type\":\"WebPage\",\"@id\":\"https:\/\/wpguerssen-test.odoo.rgbconsulting.com\/es\/producto\/the-giant-tortoise\/\",\"url\":\"https:\/\/wpguerssen-test.odoo.rgbconsulting.com\/es\/producto\/the-giant-tortoise\/\",\"name\":\"PHILLIPS, Tim - The Giant Tortoise - (LP) | Guerssen\",\"isPartOf\":{\"@id\":\"https:\/\/wpguerssen-test.odoo.rgbconsulting.com\/es\/#website\"},\"primaryImageOfPage\":{\"@id\":\"https:\/\/wpguerssen-test.odoo.rgbconsulting.com\/es\/producto\/the-giant-tortoise\/#primaryimage\"},\"image\":{\"@id\":\"https:\/\/wpguerssen-test.odoo.rgbconsulting.com\/es\/producto\/the-giant-tortoise\/#primaryimage\"},\"thumbnailUrl\":\"https:\/\/wpguerssen-test.odoo.rgbconsulting.com\/wp-content\/uploads\/2024\/01\/46716.jpg\",\"datePublished\":\"2024-01-22T23:00:00+00:00\",\"dateModified\":\"2025-03-19T15:29:24+00:00\",\"description\":\"Second of the four Alice Island Band projects, Original LP from early 1968, only 20 copies made back then. A beautiful, whimsical, delicate, charming, sometimes childlike, self-composed collection of songs; echoes of Donovan's Songs for Little Ones, a whiff of mid period Kinks, vapour trails from the Incredible String Band and faint resonances of the more na\u00efve end of early Syd Barrett's Pink Floyd. A genuine, utterly lost, hippy period piece stripped down and authentic, deceptively innocent with a constant Acidic undercurrent of the pervasive sadness marking the end of the \\\"Summer of Love\\\". The Alice Island Band body of work is directly comparable in date, ethos, rarity, quality and overall vibe to Howell\/Ferdinando: Agincourt\/Ithaca. COMES WITH ORIGINAL ARTWORK\",\"breadcrumb\":{\"@id\":\"https:\/\/wpguerssen-test.odoo.rgbconsulting.com\/es\/producto\/the-giant-tortoise\/#breadcrumb\"},\"inLanguage\":\"es\",\"potentialAction\":[{\"@type\":\"ReadAction\",\"target\":[\"https:\/\/wpguerssen-test.odoo.rgbconsulting.com\/es\/producto\/the-giant-tortoise\/\"]}]},{\"@type\":\"ImageObject\",\"inLanguage\":\"es\",\"@id\":\"https:\/\/wpguerssen-test.odoo.rgbconsulting.com\/es\/producto\/the-giant-tortoise\/#primaryimage\",\"url\":\"https:\/\/wpguerssen-test.odoo.rgbconsulting.com\/wp-content\/uploads\/2024\/01\/46716.jpg\",\"contentUrl\":\"https:\/\/wpguerssen-test.odoo.rgbconsulting.com\/wp-content\/uploads\/2024\/01\/46716.jpg\",\"width\":600,\"height\":600,\"caption\":\"Tim - The Giant Tortoise - BRIGHT CARVINGS (LP) | Guerssen\"},{\"@type\":\"BreadcrumbList\",\"@id\":\"https:\/\/wpguerssen-test.odoo.rgbconsulting.com\/es\/producto\/the-giant-tortoise\/#breadcrumb\",\"itemListElement\":[{\"@type\":\"ListItem\",\"position\":1,\"name\":\"Inicio\",\"item\":\"https:\/\/wpguerssen-test.odoo.rgbconsulting.com\/es\/\"},{\"@type\":\"ListItem\",\"position\":2,\"name\":\"Shop\",\"item\":\"https:\/\/wpguerssen-test.odoo.rgbconsulting.com\/shop\/\"},{\"@type\":\"ListItem\",\"position\":3,\"name\":\"The Giant Tortoise\"}]},{\"@type\":\"WebSite\",\"@id\":\"https:\/\/wpguerssen-test.odoo.rgbconsulting.com\/es\/#website\",\"url\":\"https:\/\/wpguerssen-test.odoo.rgbconsulting.com\/es\/\",\"name\":\"Guerssen records\",\"description\":\"psychedelia - progressive - folk - garage \",\"publisher\":{\"@id\":\"https:\/\/wpguerssen-test.odoo.rgbconsulting.com\/es\/#organization\"},\"potentialAction\":[{\"@type\":\"SearchAction\",\"target\":{\"@type\":\"EntryPoint\",\"urlTemplate\":\"https:\/\/wpguerssen-test.odoo.rgbconsulting.com\/es\/?s={search_term_string}\"},\"query-input\":{\"@type\":\"PropertyValueSpecification\",\"valueRequired\":true,\"valueName\":\"search_term_string\"}}],\"inLanguage\":\"es\"},{\"@type\":\"Organization\",\"@id\":\"https:\/\/wpguerssen-test.odoo.rgbconsulting.com\/es\/#organization\",\"name\":\"Guerssen records\",\"url\":\"https:\/\/wpguerssen-test.odoo.rgbconsulting.com\/es\/\",\"logo\":{\"@type\":\"ImageObject\",\"inLanguage\":\"es\",\"@id\":\"https:\/\/wpguerssen-test.odoo.rgbconsulting.com\/es\/#\/schema\/logo\/image\/\",\"url\":\"https:\/\/wpguerssen-test.odoo.rgbconsulting.com\/wp-content\/uploads\/2022\/04\/Logo_Guerssen_trans_100.png\",\"contentUrl\":\"https:\/\/wpguerssen-test.odoo.rgbconsulting.com\/wp-content\/uploads\/2022\/04\/Logo_Guerssen_trans_100.png\",\"width\":122,\"height\":100,\"caption\":\"Guerssen records\"},\"image\":{\"@id\":\"https:\/\/wpguerssen-test.odoo.rgbconsulting.com\/es\/#\/schema\/logo\/image\/\"}}]}<\/script>\n<!-- \/ Yoast SEO plugin. -->","yoast_head_json":{"title":"PHILLIPS, Tim - The Giant Tortoise -  (LP) | Guerssen","description":"Second of the four Alice Island Band projects, Original LP from early 1968, only 20 copies made back then. A beautiful, whimsical, delicate, charming, sometimes childlike, self-composed collection of songs; echoes of Donovan's Songs for Little Ones, a whiff of mid period Kinks, vapour trails from the Incredible String Band and faint resonances of the more na\u00efve end of early Syd Barrett's Pink Floyd. A genuine, utterly lost, hippy period piece stripped down and authentic, deceptively innocent with a constant Acidic undercurrent of the pervasive sadness marking the end of the \"Summer of Love\". The Alice Island Band body of work is directly comparable in date, ethos, rarity, quality and overall vibe to Howell\/Ferdinando: Agincourt\/Ithaca. COMES WITH ORIGINAL ARTWORK","robots":{"index":"index","follow":"follow","max-snippet":"max-snippet:-1","max-image-preview":"max-image-preview:large","max-video-preview":"max-video-preview:-1"},"canonical":"https:\/\/wpguerssen-test.odoo.rgbconsulting.com\/es\/producto\/the-giant-tortoise\/","og_locale":"es_ES","og_type":"article","og_title":"PHILLIPS, Tim - The Giant Tortoise -  (LP) | Guerssen","og_description":"Second of the four Alice Island Band projects, Original LP from early 1968, only 20 copies made back then. A beautiful, whimsical, delicate, charming, sometimes childlike, self-composed collection of songs; echoes of Donovan's Songs for Little Ones, a whiff of mid period Kinks, vapour trails from the Incredible String Band and faint resonances of the more na\u00efve end of early Syd Barrett's Pink Floyd. A genuine, utterly lost, hippy period piece stripped down and authentic, deceptively innocent with a constant Acidic undercurrent of the pervasive sadness marking the end of the \"Summer of Love\". The Alice Island Band body of work is directly comparable in date, ethos, rarity, quality and overall vibe to Howell\/Ferdinando: Agincourt\/Ithaca. COMES WITH ORIGINAL ARTWORK","og_url":"https:\/\/wpguerssen-test.odoo.rgbconsulting.com\/es\/producto\/the-giant-tortoise\/","og_site_name":"Guerssen records","article_modified_time":"2025-03-19T15:29:24+00:00","og_image":[{"width":600,"height":600,"url":"https:\/\/wpguerssen-test.odoo.rgbconsulting.com\/wp-content\/uploads\/2024\/01\/46716.jpg","type":"image\/jpeg"}],"twitter_card":"summary_large_image","twitter_title":"PHILLIPS, Tim - The Giant Tortoise -  (LP) | Guerssen","twitter_misc":{"Tiempo de lectura":"1 minuto"},"schema":{"@context":"https:\/\/schema.org","@graph":[{"@type":"WebPage","@id":"https:\/\/wpguerssen-test.odoo.rgbconsulting.com\/es\/producto\/the-giant-tortoise\/","url":"https:\/\/wpguerssen-test.odoo.rgbconsulting.com\/es\/producto\/the-giant-tortoise\/","name":"PHILLIPS, Tim - The Giant Tortoise - (LP) | Guerssen","isPartOf":{"@id":"https:\/\/wpguerssen-test.odoo.rgbconsulting.com\/es\/#website"},"primaryImageOfPage":{"@id":"https:\/\/wpguerssen-test.odoo.rgbconsulting.com\/es\/producto\/the-giant-tortoise\/#primaryimage"},"image":{"@id":"https:\/\/wpguerssen-test.odoo.rgbconsulting.com\/es\/producto\/the-giant-tortoise\/#primaryimage"},"thumbnailUrl":"https:\/\/wpguerssen-test.odoo.rgbconsulting.com\/wp-content\/uploads\/2024\/01\/46716.jpg","datePublished":"2024-01-22T23:00:00+00:00","dateModified":"2025-03-19T15:29:24+00:00","description":"Second of the four Alice Island Band projects, Original LP from early 1968, only 20 copies made back then. A beautiful, whimsical, delicate, charming, sometimes childlike, self-composed collection of songs; echoes of Donovan's Songs for Little Ones, a whiff of mid period Kinks, vapour trails from the Incredible String Band and faint resonances of the more na\u00efve end of early Syd Barrett's Pink Floyd. A genuine, utterly lost, hippy period piece stripped down and authentic, deceptively innocent with a constant Acidic undercurrent of the pervasive sadness marking the end of the \"Summer of Love\". The Alice Island Band body of work is directly comparable in date, ethos, rarity, quality and overall vibe to Howell\/Ferdinando: Agincourt\/Ithaca. COMES WITH ORIGINAL ARTWORK","breadcrumb":{"@id":"https:\/\/wpguerssen-test.odoo.rgbconsulting.com\/es\/producto\/the-giant-tortoise\/#breadcrumb"},"inLanguage":"es","potentialAction":[{"@type":"ReadAction","target":["https:\/\/wpguerssen-test.odoo.rgbconsulting.com\/es\/producto\/the-giant-tortoise\/"]}]},{"@type":"ImageObject","inLanguage":"es","@id":"https:\/\/wpguerssen-test.odoo.rgbconsulting.com\/es\/producto\/the-giant-tortoise\/#primaryimage","url":"https:\/\/wpguerssen-test.odoo.rgbconsulting.com\/wp-content\/uploads\/2024\/01\/46716.jpg","contentUrl":"https:\/\/wpguerssen-test.odoo.rgbconsulting.com\/wp-content\/uploads\/2024\/01\/46716.jpg","width":600,"height":600,"caption":"Tim - The Giant Tortoise - BRIGHT CARVINGS (LP) | Guerssen"},{"@type":"BreadcrumbList","@id":"https:\/\/wpguerssen-test.odoo.rgbconsulting.com\/es\/producto\/the-giant-tortoise\/#breadcrumb","itemListElement":[{"@type":"ListItem","position":1,"name":"Inicio","item":"https:\/\/wpguerssen-test.odoo.rgbconsulting.com\/es\/"},{"@type":"ListItem","position":2,"name":"Shop","item":"https:\/\/wpguerssen-test.odoo.rgbconsulting.com\/shop\/"},{"@type":"ListItem","position":3,"name":"The Giant Tortoise"}]},{"@type":"WebSite","@id":"https:\/\/wpguerssen-test.odoo.rgbconsulting.com\/es\/#website","url":"https:\/\/wpguerssen-test.odoo.rgbconsulting.com\/es\/","name":"Guerssen records","description":"psychedelia - progressive - folk - garage ","publisher":{"@id":"https:\/\/wpguerssen-test.odoo.rgbconsulting.com\/es\/#organization"},"potentialAction":[{"@type":"SearchAction","target":{"@type":"EntryPoint","urlTemplate":"https:\/\/wpguerssen-test.odoo.rgbconsulting.com\/es\/?s={search_term_string}"},"query-input":{"@type":"PropertyValueSpecification","valueRequired":true,"valueName":"search_term_string"}}],"inLanguage":"es"},{"@type":"Organization","@id":"https:\/\/wpguerssen-test.odoo.rgbconsulting.com\/es\/#organization","name":"Guerssen records","url":"https:\/\/wpguerssen-test.odoo.rgbconsulting.com\/es\/","logo":{"@type":"ImageObject","inLanguage":"es","@id":"https:\/\/wpguerssen-test.odoo.rgbconsulting.com\/es\/#\/schema\/logo\/image\/","url":"https:\/\/wpguerssen-test.odoo.rgbconsulting.com\/wp-content\/uploads\/2022\/04\/Logo_Guerssen_trans_100.png","contentUrl":"https:\/\/wpguerssen-test.odoo.rgbconsulting.com\/wp-content\/uploads\/2022\/04\/Logo_Guerssen_trans_100.png","width":122,"height":100,"caption":"Guerssen records"},"image":{"@id":"https:\/\/wpguerssen-test.odoo.rgbconsulting.com\/es\/#\/schema\/logo\/image\/"}}]}},"_links":{"self":[{"href":"https:\/\/wpguerssen-test.odoo.rgbconsulting.com\/es\/wp-json\/wp\/v2\/product\/249724","targetHints":{"allow":["GET"]}}],"collection":[{"href":"https:\/\/wpguerssen-test.odoo.rgbconsulting.com\/es\/wp-json\/wp\/v2\/product"}],"about":[{"href":"https:\/\/wpguerssen-test.odoo.rgbconsulting.com\/es\/wp-json\/wp\/v2\/types\/product"}],"wp:featuredmedia":[{"embeddable":true,"href":"https:\/\/wpguerssen-test.odoo.rgbconsulting.com\/es\/wp-json\/wp\/v2\/media\/249690"}],"wp:attachment":[{"href":"https:\/\/wpguerssen-test.odoo.rgbconsulting.com\/es\/wp-json\/wp\/v2\/media?parent=249724"}],"wp:term":[{"taxonomy":"product_brand","embeddable":true,"href":"https:\/\/wpguerssen-test.odoo.rgbconsulting.com\/es\/wp-json\/wp\/v2\/product_brand?post=249724"},{"taxonomy":"product_cat","embeddable":true,"href":"https:\/\/wpguerssen-test.odoo.rgbconsulting.com\/es\/wp-json\/wp\/v2\/product_cat?post=249724"},{"taxonomy":"product_tag","embeddable":true,"href":"https:\/\/wpguerssen-test.odoo.rgbconsulting.com\/es\/wp-json\/wp\/v2\/product_tag?post=249724"}],"curies":[{"name":"wp","href":"https:\/\/api.w.org\/{rel}","templated":true}]}}