{"id":249729,"date":"2024-03-25T00:00:00","date_gmt":"2024-03-24T23:00:00","guid":{"rendered":"https:\/\/wpguerssen-test.odoo.rgbconsulting.com\/product\/palos-de-fuego\/"},"modified":"2024-07-01T19:15:34","modified_gmt":"2024-07-01T17:15:34","slug":"palos-de-fuego","status":"publish","type":"product","link":"https:\/\/wpguerssen-test.odoo.rgbconsulting.com\/es\/producto\/palos-de-fuego\/","title":{"rendered":"Palos De Fuego"},"content":{"rendered":"<p>Now-Again Records presenta reediciones en todo el cat\u00e1logo del legendario Ghetto Records del propulsor de la m\u00fasica latina Joe Bataan.<br \/>El siguiente en la serie, Joseph \u00abCandido\u00bb Rodr\u00edguez, Candido fue asesorado por Tito Puente, y su debut presenta una fant\u00e1stica mezcla de temas apasionados, Salsa, Latin Jazz y Sweet Latin Soul.<br \/>Ghetto Records fue la forma en que Joe Bataan super\u00f3 \u00abThe Man\u00bb y sali\u00f3 del barrio, un movimiento audaz de un artista que buscaba independencia y control creativo en una industria que explot\u00f3 sus talentos y lo trat\u00f3 como si fuera un mal.<br \/>Como dice Bataan hoy, \u00abGhetto Records fue parte de mi viaje, un trampol\u00edn hacia todo lo dem\u00e1s que he hecho. Aprend\u00ed lo suficiente como para permitirme salir de mi forma de pensar y me mostr\u00f3 c\u00f3mo lidiar con la adversidad\u00bb. Como muchos sue\u00f1os y planes nacidos en la calle, este fue audaz, tal vez incluso imprudente.<br \/>Surgido de la desesperaci\u00f3n pero lleno de esperanza, Ghetto Records se derrumb\u00f3 poco despu\u00e9s de su creaci\u00f3n. Los siete \u00e1lbumes de su discograf\u00eda estaban agotados&#8230; hasta ahora. Estas son las reediciones definitivas de estos \u00e1lbumes, con licencia de Joe Bataan, con su supervisi\u00f3n y aportes en un libro de gran tama\u00f1o de 16 p\u00e1ginas escrito por Pablo Yglesias que detalla la vida de Bataan y su peque\u00f1o sello latino.<\/p>\n","protected":false},"excerpt":{"rendered":"<p>Now-Again Records presenta reediciones en todo el cat\u00e1logo del legendario Ghetto Records del propulsor de la m\u00fasica latina Joe Bataan.<br \/>El siguiente en la serie,<a class=\"read\" href=\"https:\/\/wpguerssen-test.odoo.rgbconsulting.com\/es\/producto\/palos-de-fuego\/\"> (...)<\/a>","protected":false},"featured_media":249834,"template":"","meta":{"_acf_changed":false},"product_brand":[],"product_cat":[21649,23231],"product_tag":[24185],"class_list":{"0":"post-249729","1":"product","2":"type-product","3":"status-publish","4":"has-post-thumbnail","6":"product_cat-soul-rnb-es","7":"product_cat-latin-brazilian-es","8":"product_tag-de-nuevo-en-existencia","9":"pa_artist-candido-y-su-movimiento","10":"pa_format-lp-es","11":"pa_gender-latin-brazilian-soul-rnb","12":"pa_label-now-again","13":"pa_location-south-america-caribbean-es","14":"pa_other-filters-vinyl-only-es","16":"first","17":"instock","18":"taxable","19":"shipping-taxable","20":"purchasable","21":"product-type-simple"},"acf":[],"yoast_head":"<!-- This site is optimized with the Yoast SEO plugin v24.9 - https:\/\/yoast.com\/wordpress\/plugins\/seo\/ -->\n<title>CANDIDO Y SU MOVIMIENTO - Palos De Fuego -  (LP) | Guerssen<\/title>\n<meta name=\"description\" content=\"Now-Again Records presents catalog-wide reissues of Latin music propellant Joe Bataan&#039;s legendary Ghetto Records.Next up in the series - Joseph &quot;Candido&quot; Rodr\u00edguez - Candido was mentored by Tito Puente, and his debut features a fantastic mix of fiery Salsa, Latin Jazz and Sweet Latin Soul.Ghetto Records was Joe Bataan&#039;s way to get over on &quot;The Man&quot; and out of the &#039;hood, a bold move by an artist looking for independence and creative control in an industry that had exploited his talents and treated him like chattel.As Bataan puts it today, &quot;Ghetto Records was part of my journey, a stepping stone to everything else that I&#039;ve done. I learned enough that it enabled me to get out of the box with my thinking, it showed me how to deal with adversity.&quot; Like many dreams and schemes born of the street, this one was audacious, perhaps even reckless to a fault.Hatched from desperation yet full of hope Ghetto Records came crashing down shortly after its inception. The seven albums in its discography languished out of print - until now. These are the definitive reissues of these albums, licensed from Joe Bataan, with his oversight and input into a 16 page oversize book by Pablo Yglesias that details Bataan&#039;s larger-than-imagination life and his little Latin label that could.\" \/>\n<meta name=\"robots\" content=\"index, follow, max-snippet:-1, max-image-preview:large, max-video-preview:-1\" \/>\n<link rel=\"canonical\" href=\"https:\/\/wpguerssen-test.odoo.rgbconsulting.com\/es\/producto\/palos-de-fuego\/\" \/>\n<meta property=\"og:locale\" content=\"es_ES\" \/>\n<meta property=\"og:type\" content=\"article\" \/>\n<meta property=\"og:title\" content=\"CANDIDO Y SU MOVIMIENTO - Palos De Fuego -  (LP) | Guerssen\" \/>\n<meta property=\"og:description\" content=\"Now-Again Records presents catalog-wide reissues of Latin music propellant Joe Bataan&#039;s legendary Ghetto Records.Next up in the series - Joseph &quot;Candido&quot; Rodr\u00edguez - Candido was mentored by Tito Puente, and his debut features a fantastic mix of fiery Salsa, Latin Jazz and Sweet Latin Soul.Ghetto Records was Joe Bataan&#039;s way to get over on &quot;The Man&quot; and out of the &#039;hood, a bold move by an artist looking for independence and creative control in an industry that had exploited his talents and treated him like chattel.As Bataan puts it today, &quot;Ghetto Records was part of my journey, a stepping stone to everything else that I&#039;ve done. I learned enough that it enabled me to get out of the box with my thinking, it showed me how to deal with adversity.&quot; Like many dreams and schemes born of the street, this one was audacious, perhaps even reckless to a fault.Hatched from desperation yet full of hope Ghetto Records came crashing down shortly after its inception. The seven albums in its discography languished out of print - until now. These are the definitive reissues of these albums, licensed from Joe Bataan, with his oversight and input into a 16 page oversize book by Pablo Yglesias that details Bataan&#039;s larger-than-imagination life and his little Latin label that could.\" \/>\n<meta property=\"og:url\" content=\"https:\/\/wpguerssen-test.odoo.rgbconsulting.com\/es\/producto\/palos-de-fuego\/\" \/>\n<meta property=\"og:site_name\" content=\"Guerssen records\" \/>\n<meta property=\"article:modified_time\" content=\"2024-07-01T17:15:34+00:00\" \/>\n<meta property=\"og:image\" content=\"https:\/\/wpguerssen-test.odoo.rgbconsulting.com\/wp-content\/uploads\/2024\/01\/46722.jpg\" \/>\n\t<meta property=\"og:image:width\" content=\"243\" \/>\n\t<meta property=\"og:image:height\" content=\"243\" \/>\n\t<meta property=\"og:image:type\" content=\"image\/jpeg\" \/>\n<meta name=\"twitter:card\" content=\"summary_large_image\" \/>\n<meta name=\"twitter:title\" content=\"CANDIDO Y SU MOVIMIENTO - Palos De Fuego -  (LP) | Guerssen\" \/>\n<meta name=\"twitter:label1\" content=\"Tiempo de lectura\" \/>\n\t<meta name=\"twitter:data1\" content=\"1 minuto\" \/>\n<script type=\"application\/ld+json\" class=\"yoast-schema-graph\">{\"@context\":\"https:\/\/schema.org\",\"@graph\":[{\"@type\":\"WebPage\",\"@id\":\"https:\/\/wpguerssen-test.odoo.rgbconsulting.com\/es\/producto\/palos-de-fuego\/\",\"url\":\"https:\/\/wpguerssen-test.odoo.rgbconsulting.com\/es\/producto\/palos-de-fuego\/\",\"name\":\"CANDIDO Y SU MOVIMIENTO - Palos De Fuego - (LP) | Guerssen\",\"isPartOf\":{\"@id\":\"https:\/\/wpguerssen-test.odoo.rgbconsulting.com\/es\/#website\"},\"primaryImageOfPage\":{\"@id\":\"https:\/\/wpguerssen-test.odoo.rgbconsulting.com\/es\/producto\/palos-de-fuego\/#primaryimage\"},\"image\":{\"@id\":\"https:\/\/wpguerssen-test.odoo.rgbconsulting.com\/es\/producto\/palos-de-fuego\/#primaryimage\"},\"thumbnailUrl\":\"https:\/\/wpguerssen-test.odoo.rgbconsulting.com\/wp-content\/uploads\/2024\/01\/46722.jpg\",\"datePublished\":\"2024-03-24T23:00:00+00:00\",\"dateModified\":\"2024-07-01T17:15:34+00:00\",\"description\":\"Now-Again Records presents catalog-wide reissues of Latin music propellant Joe Bataan's legendary Ghetto Records.Next up in the series - Joseph \\\"Candido\\\" Rodr\u00edguez - Candido was mentored by Tito Puente, and his debut features a fantastic mix of fiery Salsa, Latin Jazz and Sweet Latin Soul.Ghetto Records was Joe Bataan's way to get over on \\\"The Man\\\" and out of the 'hood, a bold move by an artist looking for independence and creative control in an industry that had exploited his talents and treated him like chattel.As Bataan puts it today, \\\"Ghetto Records was part of my journey, a stepping stone to everything else that I've done. I learned enough that it enabled me to get out of the box with my thinking, it showed me how to deal with adversity.\\\" Like many dreams and schemes born of the street, this one was audacious, perhaps even reckless to a fault.Hatched from desperation yet full of hope Ghetto Records came crashing down shortly after its inception. The seven albums in its discography languished out of print - until now. These are the definitive reissues of these albums, licensed from Joe Bataan, with his oversight and input into a 16 page oversize book by Pablo Yglesias that details Bataan's larger-than-imagination life and his little Latin label that could.\",\"breadcrumb\":{\"@id\":\"https:\/\/wpguerssen-test.odoo.rgbconsulting.com\/es\/producto\/palos-de-fuego\/#breadcrumb\"},\"inLanguage\":\"es\",\"potentialAction\":[{\"@type\":\"ReadAction\",\"target\":[\"https:\/\/wpguerssen-test.odoo.rgbconsulting.com\/es\/producto\/palos-de-fuego\/\"]}]},{\"@type\":\"ImageObject\",\"inLanguage\":\"es\",\"@id\":\"https:\/\/wpguerssen-test.odoo.rgbconsulting.com\/es\/producto\/palos-de-fuego\/#primaryimage\",\"url\":\"https:\/\/wpguerssen-test.odoo.rgbconsulting.com\/wp-content\/uploads\/2024\/01\/46722.jpg\",\"contentUrl\":\"https:\/\/wpguerssen-test.odoo.rgbconsulting.com\/wp-content\/uploads\/2024\/01\/46722.jpg\",\"width\":243,\"height\":243},{\"@type\":\"BreadcrumbList\",\"@id\":\"https:\/\/wpguerssen-test.odoo.rgbconsulting.com\/es\/producto\/palos-de-fuego\/#breadcrumb\",\"itemListElement\":[{\"@type\":\"ListItem\",\"position\":1,\"name\":\"Inicio\",\"item\":\"https:\/\/wpguerssen-test.odoo.rgbconsulting.com\/es\/\"},{\"@type\":\"ListItem\",\"position\":2,\"name\":\"Shop\",\"item\":\"https:\/\/wpguerssen-test.odoo.rgbconsulting.com\/shop\/\"},{\"@type\":\"ListItem\",\"position\":3,\"name\":\"Palos De Fuego\"}]},{\"@type\":\"WebSite\",\"@id\":\"https:\/\/wpguerssen-test.odoo.rgbconsulting.com\/es\/#website\",\"url\":\"https:\/\/wpguerssen-test.odoo.rgbconsulting.com\/es\/\",\"name\":\"Guerssen records\",\"description\":\"psychedelia - progressive - folk - garage \",\"publisher\":{\"@id\":\"https:\/\/wpguerssen-test.odoo.rgbconsulting.com\/es\/#organization\"},\"potentialAction\":[{\"@type\":\"SearchAction\",\"target\":{\"@type\":\"EntryPoint\",\"urlTemplate\":\"https:\/\/wpguerssen-test.odoo.rgbconsulting.com\/es\/?s={search_term_string}\"},\"query-input\":{\"@type\":\"PropertyValueSpecification\",\"valueRequired\":true,\"valueName\":\"search_term_string\"}}],\"inLanguage\":\"es\"},{\"@type\":\"Organization\",\"@id\":\"https:\/\/wpguerssen-test.odoo.rgbconsulting.com\/es\/#organization\",\"name\":\"Guerssen records\",\"url\":\"https:\/\/wpguerssen-test.odoo.rgbconsulting.com\/es\/\",\"logo\":{\"@type\":\"ImageObject\",\"inLanguage\":\"es\",\"@id\":\"https:\/\/wpguerssen-test.odoo.rgbconsulting.com\/es\/#\/schema\/logo\/image\/\",\"url\":\"https:\/\/wpguerssen-test.odoo.rgbconsulting.com\/wp-content\/uploads\/2022\/04\/Logo_Guerssen_trans_100.png\",\"contentUrl\":\"https:\/\/wpguerssen-test.odoo.rgbconsulting.com\/wp-content\/uploads\/2022\/04\/Logo_Guerssen_trans_100.png\",\"width\":122,\"height\":100,\"caption\":\"Guerssen records\"},\"image\":{\"@id\":\"https:\/\/wpguerssen-test.odoo.rgbconsulting.com\/es\/#\/schema\/logo\/image\/\"}}]}<\/script>\n<!-- \/ Yoast SEO plugin. -->","yoast_head_json":{"title":"CANDIDO Y SU MOVIMIENTO - Palos De Fuego -  (LP) | Guerssen","description":"Now-Again Records presents catalog-wide reissues of Latin music propellant Joe Bataan's legendary Ghetto Records.Next up in the series - Joseph \"Candido\" Rodr\u00edguez - Candido was mentored by Tito Puente, and his debut features a fantastic mix of fiery Salsa, Latin Jazz and Sweet Latin Soul.Ghetto Records was Joe Bataan's way to get over on \"The Man\" and out of the 'hood, a bold move by an artist looking for independence and creative control in an industry that had exploited his talents and treated him like chattel.As Bataan puts it today, \"Ghetto Records was part of my journey, a stepping stone to everything else that I've done. I learned enough that it enabled me to get out of the box with my thinking, it showed me how to deal with adversity.\" Like many dreams and schemes born of the street, this one was audacious, perhaps even reckless to a fault.Hatched from desperation yet full of hope Ghetto Records came crashing down shortly after its inception. The seven albums in its discography languished out of print - until now. These are the definitive reissues of these albums, licensed from Joe Bataan, with his oversight and input into a 16 page oversize book by Pablo Yglesias that details Bataan's larger-than-imagination life and his little Latin label that could.","robots":{"index":"index","follow":"follow","max-snippet":"max-snippet:-1","max-image-preview":"max-image-preview:large","max-video-preview":"max-video-preview:-1"},"canonical":"https:\/\/wpguerssen-test.odoo.rgbconsulting.com\/es\/producto\/palos-de-fuego\/","og_locale":"es_ES","og_type":"article","og_title":"CANDIDO Y SU MOVIMIENTO - Palos De Fuego -  (LP) | Guerssen","og_description":"Now-Again Records presents catalog-wide reissues of Latin music propellant Joe Bataan's legendary Ghetto Records.Next up in the series - Joseph \"Candido\" Rodr\u00edguez - Candido was mentored by Tito Puente, and his debut features a fantastic mix of fiery Salsa, Latin Jazz and Sweet Latin Soul.Ghetto Records was Joe Bataan's way to get over on \"The Man\" and out of the 'hood, a bold move by an artist looking for independence and creative control in an industry that had exploited his talents and treated him like chattel.As Bataan puts it today, \"Ghetto Records was part of my journey, a stepping stone to everything else that I've done. I learned enough that it enabled me to get out of the box with my thinking, it showed me how to deal with adversity.\" Like many dreams and schemes born of the street, this one was audacious, perhaps even reckless to a fault.Hatched from desperation yet full of hope Ghetto Records came crashing down shortly after its inception. The seven albums in its discography languished out of print - until now. These are the definitive reissues of these albums, licensed from Joe Bataan, with his oversight and input into a 16 page oversize book by Pablo Yglesias that details Bataan's larger-than-imagination life and his little Latin label that could.","og_url":"https:\/\/wpguerssen-test.odoo.rgbconsulting.com\/es\/producto\/palos-de-fuego\/","og_site_name":"Guerssen records","article_modified_time":"2024-07-01T17:15:34+00:00","og_image":[{"width":243,"height":243,"url":"https:\/\/wpguerssen-test.odoo.rgbconsulting.com\/wp-content\/uploads\/2024\/01\/46722.jpg","type":"image\/jpeg"}],"twitter_card":"summary_large_image","twitter_title":"CANDIDO Y SU MOVIMIENTO - Palos De Fuego -  (LP) | Guerssen","twitter_misc":{"Tiempo de lectura":"1 minuto"},"schema":{"@context":"https:\/\/schema.org","@graph":[{"@type":"WebPage","@id":"https:\/\/wpguerssen-test.odoo.rgbconsulting.com\/es\/producto\/palos-de-fuego\/","url":"https:\/\/wpguerssen-test.odoo.rgbconsulting.com\/es\/producto\/palos-de-fuego\/","name":"CANDIDO Y SU MOVIMIENTO - Palos De Fuego - (LP) | Guerssen","isPartOf":{"@id":"https:\/\/wpguerssen-test.odoo.rgbconsulting.com\/es\/#website"},"primaryImageOfPage":{"@id":"https:\/\/wpguerssen-test.odoo.rgbconsulting.com\/es\/producto\/palos-de-fuego\/#primaryimage"},"image":{"@id":"https:\/\/wpguerssen-test.odoo.rgbconsulting.com\/es\/producto\/palos-de-fuego\/#primaryimage"},"thumbnailUrl":"https:\/\/wpguerssen-test.odoo.rgbconsulting.com\/wp-content\/uploads\/2024\/01\/46722.jpg","datePublished":"2024-03-24T23:00:00+00:00","dateModified":"2024-07-01T17:15:34+00:00","description":"Now-Again Records presents catalog-wide reissues of Latin music propellant Joe Bataan's legendary Ghetto Records.Next up in the series - Joseph \"Candido\" Rodr\u00edguez - Candido was mentored by Tito Puente, and his debut features a fantastic mix of fiery Salsa, Latin Jazz and Sweet Latin Soul.Ghetto Records was Joe Bataan's way to get over on \"The Man\" and out of the 'hood, a bold move by an artist looking for independence and creative control in an industry that had exploited his talents and treated him like chattel.As Bataan puts it today, \"Ghetto Records was part of my journey, a stepping stone to everything else that I've done. I learned enough that it enabled me to get out of the box with my thinking, it showed me how to deal with adversity.\" Like many dreams and schemes born of the street, this one was audacious, perhaps even reckless to a fault.Hatched from desperation yet full of hope Ghetto Records came crashing down shortly after its inception. The seven albums in its discography languished out of print - until now. These are the definitive reissues of these albums, licensed from Joe Bataan, with his oversight and input into a 16 page oversize book by Pablo Yglesias that details Bataan's larger-than-imagination life and his little Latin label that could.","breadcrumb":{"@id":"https:\/\/wpguerssen-test.odoo.rgbconsulting.com\/es\/producto\/palos-de-fuego\/#breadcrumb"},"inLanguage":"es","potentialAction":[{"@type":"ReadAction","target":["https:\/\/wpguerssen-test.odoo.rgbconsulting.com\/es\/producto\/palos-de-fuego\/"]}]},{"@type":"ImageObject","inLanguage":"es","@id":"https:\/\/wpguerssen-test.odoo.rgbconsulting.com\/es\/producto\/palos-de-fuego\/#primaryimage","url":"https:\/\/wpguerssen-test.odoo.rgbconsulting.com\/wp-content\/uploads\/2024\/01\/46722.jpg","contentUrl":"https:\/\/wpguerssen-test.odoo.rgbconsulting.com\/wp-content\/uploads\/2024\/01\/46722.jpg","width":243,"height":243},{"@type":"BreadcrumbList","@id":"https:\/\/wpguerssen-test.odoo.rgbconsulting.com\/es\/producto\/palos-de-fuego\/#breadcrumb","itemListElement":[{"@type":"ListItem","position":1,"name":"Inicio","item":"https:\/\/wpguerssen-test.odoo.rgbconsulting.com\/es\/"},{"@type":"ListItem","position":2,"name":"Shop","item":"https:\/\/wpguerssen-test.odoo.rgbconsulting.com\/shop\/"},{"@type":"ListItem","position":3,"name":"Palos De Fuego"}]},{"@type":"WebSite","@id":"https:\/\/wpguerssen-test.odoo.rgbconsulting.com\/es\/#website","url":"https:\/\/wpguerssen-test.odoo.rgbconsulting.com\/es\/","name":"Guerssen records","description":"psychedelia - progressive - folk - garage ","publisher":{"@id":"https:\/\/wpguerssen-test.odoo.rgbconsulting.com\/es\/#organization"},"potentialAction":[{"@type":"SearchAction","target":{"@type":"EntryPoint","urlTemplate":"https:\/\/wpguerssen-test.odoo.rgbconsulting.com\/es\/?s={search_term_string}"},"query-input":{"@type":"PropertyValueSpecification","valueRequired":true,"valueName":"search_term_string"}}],"inLanguage":"es"},{"@type":"Organization","@id":"https:\/\/wpguerssen-test.odoo.rgbconsulting.com\/es\/#organization","name":"Guerssen records","url":"https:\/\/wpguerssen-test.odoo.rgbconsulting.com\/es\/","logo":{"@type":"ImageObject","inLanguage":"es","@id":"https:\/\/wpguerssen-test.odoo.rgbconsulting.com\/es\/#\/schema\/logo\/image\/","url":"https:\/\/wpguerssen-test.odoo.rgbconsulting.com\/wp-content\/uploads\/2022\/04\/Logo_Guerssen_trans_100.png","contentUrl":"https:\/\/wpguerssen-test.odoo.rgbconsulting.com\/wp-content\/uploads\/2022\/04\/Logo_Guerssen_trans_100.png","width":122,"height":100,"caption":"Guerssen records"},"image":{"@id":"https:\/\/wpguerssen-test.odoo.rgbconsulting.com\/es\/#\/schema\/logo\/image\/"}}]}},"_links":{"self":[{"href":"https:\/\/wpguerssen-test.odoo.rgbconsulting.com\/es\/wp-json\/wp\/v2\/product\/249729","targetHints":{"allow":["GET"]}}],"collection":[{"href":"https:\/\/wpguerssen-test.odoo.rgbconsulting.com\/es\/wp-json\/wp\/v2\/product"}],"about":[{"href":"https:\/\/wpguerssen-test.odoo.rgbconsulting.com\/es\/wp-json\/wp\/v2\/types\/product"}],"wp:featuredmedia":[{"embeddable":true,"href":"https:\/\/wpguerssen-test.odoo.rgbconsulting.com\/es\/wp-json\/wp\/v2\/media\/249834"}],"wp:attachment":[{"href":"https:\/\/wpguerssen-test.odoo.rgbconsulting.com\/es\/wp-json\/wp\/v2\/media?parent=249729"}],"wp:term":[{"taxonomy":"product_brand","embeddable":true,"href":"https:\/\/wpguerssen-test.odoo.rgbconsulting.com\/es\/wp-json\/wp\/v2\/product_brand?post=249729"},{"taxonomy":"product_cat","embeddable":true,"href":"https:\/\/wpguerssen-test.odoo.rgbconsulting.com\/es\/wp-json\/wp\/v2\/product_cat?post=249729"},{"taxonomy":"product_tag","embeddable":true,"href":"https:\/\/wpguerssen-test.odoo.rgbconsulting.com\/es\/wp-json\/wp\/v2\/product_tag?post=249729"}],"curies":[{"name":"wp","href":"https:\/\/api.w.org\/{rel}","templated":true}]}}