{"id":249846,"date":"2025-02-28T00:00:00","date_gmt":"2025-02-27T23:00:00","guid":{"rendered":"https:\/\/wpguerssen-test.odoo.rgbconsulting.com\/product\/texas-thunder-soul-1968-1974\/"},"modified":"2025-02-28T13:48:17","modified_gmt":"2025-02-28T12:48:17","slug":"texas-thunder-soul-1968-1974","status":"publish","type":"product","link":"https:\/\/wpguerssen-test.odoo.rgbconsulting.com\/es\/producto\/texas-thunder-soul-1968-1974\/","title":{"rendered":"Texas Thunder Soul 1968 1974"},"content":{"rendered":"<p>La mejor banda de secundaria de todos los tiempos toca soul, funk y jazz en este doble LP.<br \/>El l\u00edder de la banda de Kashmere High School, Conrad Johnson, transform\u00f3 a un grupo de toscos estudiantes de secundaria de Houston en una banda que pod\u00eda competir con cualquier banda del pa\u00eds, profesional o no. Olv\u00eddese de las bandas de la escuela secundaria, \u00a1estamos hablando de ni\u00f1os de diecis\u00e9is a\u00f1os que competir\u00edan con los JB por su dinero!<br \/>La Kashmere Stage Band lanz\u00f3 un total de ocho \u00e1lbumes y tres 45 en el sello Kram de Johnson.<br \/>Los mejores temas de la banda est\u00e1n recopilados en Texas Thunder Soul 1968-1974.<\/p>\n","protected":false},"excerpt":{"rendered":"<p>La mejor banda de secundaria de todos los tiempos toca soul, funk y jazz en este doble LP.<br \/>El l\u00edder de la banda de Kashmere High School, Conrad Johnson, transform\u00f3<a class=\"read\" href=\"https:\/\/wpguerssen-test.odoo.rgbconsulting.com\/es\/producto\/texas-thunder-soul-1968-1974\/\"> (...)<\/a>","protected":false},"featured_media":249767,"template":"","meta":{"_acf_changed":false},"product_brand":[],"product_cat":[23228],"product_tag":[24185],"class_list":{"0":"post-249846","1":"product","2":"type-product","3":"status-publish","4":"has-post-thumbnail","6":"product_cat-jazz-funk-es","7":"product_tag-de-nuevo-en-existencia","8":"pa_artist-kashmere-stage-band","9":"pa_format-2lp-es","10":"pa_gender-jazz-funk","11":"pa_label-now-again","12":"pa_location-north-america-es","13":"pa_other-filters-vinyl-only-es","15":"first","16":"instock","17":"taxable","18":"shipping-taxable","19":"purchasable","20":"product-type-simple"},"acf":[],"yoast_head":"<!-- This site is optimized with the Yoast SEO plugin v24.9 - https:\/\/yoast.com\/wordpress\/plugins\/seo\/ -->\n<title>KASHMERE STAGE BAND - Texas Thunder Soul 1968 1974 -  (2LP) | Guerssen<\/title>\n<meta name=\"description\" content=\"The Greatest High School Band Of All Time Plays Hard Soul, Funk And Jazz On This Double LP Overview.The word is out The Kashmere Stage Band was the greatest high school band - ever. The bandleader at Kashmere High School, Conrad Johnson, transformed a bunch of rough-hewn Houston high schoolers into a band that could compete with any in the nation - professional, or otherwise. Forget high school bands, we&#039;re talking about sixteen year old kids who would give the JBs a run for their money!The Kashmere Stage Band released a total of eight albums and three 45s on Johnson&#039;s Kram label.The band&#039;s best tracks are collected on Texas Thunder Soul 1968-1974.\" \/>\n<meta name=\"robots\" content=\"index, follow, max-snippet:-1, max-image-preview:large, max-video-preview:-1\" \/>\n<link rel=\"canonical\" href=\"https:\/\/wpguerssen-test.odoo.rgbconsulting.com\/es\/producto\/texas-thunder-soul-1968-1974\/\" \/>\n<meta property=\"og:locale\" content=\"es_ES\" \/>\n<meta property=\"og:type\" content=\"article\" \/>\n<meta property=\"og:title\" content=\"KASHMERE STAGE BAND - Texas Thunder Soul 1968 1974 -  (2LP) | Guerssen\" \/>\n<meta property=\"og:description\" content=\"The Greatest High School Band Of All Time Plays Hard Soul, Funk And Jazz On This Double LP Overview.The word is out The Kashmere Stage Band was the greatest high school band - ever. The bandleader at Kashmere High School, Conrad Johnson, transformed a bunch of rough-hewn Houston high schoolers into a band that could compete with any in the nation - professional, or otherwise. Forget high school bands, we&#039;re talking about sixteen year old kids who would give the JBs a run for their money!The Kashmere Stage Band released a total of eight albums and three 45s on Johnson&#039;s Kram label.The band&#039;s best tracks are collected on Texas Thunder Soul 1968-1974.\" \/>\n<meta property=\"og:url\" content=\"https:\/\/wpguerssen-test.odoo.rgbconsulting.com\/es\/producto\/texas-thunder-soul-1968-1974\/\" \/>\n<meta property=\"og:site_name\" content=\"Guerssen records\" \/>\n<meta property=\"article:modified_time\" content=\"2025-02-28T12:48:17+00:00\" \/>\n<meta property=\"og:image\" content=\"https:\/\/wpguerssen-test.odoo.rgbconsulting.com\/wp-content\/uploads\/2024\/01\/46735.jpg\" \/>\n\t<meta property=\"og:image:width\" content=\"243\" \/>\n\t<meta property=\"og:image:height\" content=\"243\" \/>\n\t<meta property=\"og:image:type\" content=\"image\/jpeg\" \/>\n<meta name=\"twitter:card\" content=\"summary_large_image\" \/>\n<meta name=\"twitter:title\" content=\"KASHMERE STAGE BAND - Texas Thunder Soul 1968 1974 -  (2LP) | Guerssen\" \/>\n<meta name=\"twitter:label1\" content=\"Tiempo de lectura\" \/>\n\t<meta name=\"twitter:data1\" content=\"1 minuto\" \/>\n<script type=\"application\/ld+json\" class=\"yoast-schema-graph\">{\"@context\":\"https:\/\/schema.org\",\"@graph\":[{\"@type\":\"WebPage\",\"@id\":\"https:\/\/wpguerssen-test.odoo.rgbconsulting.com\/es\/producto\/texas-thunder-soul-1968-1974\/\",\"url\":\"https:\/\/wpguerssen-test.odoo.rgbconsulting.com\/es\/producto\/texas-thunder-soul-1968-1974\/\",\"name\":\"KASHMERE STAGE BAND - Texas Thunder Soul 1968 1974 - (2LP) | Guerssen\",\"isPartOf\":{\"@id\":\"https:\/\/wpguerssen-test.odoo.rgbconsulting.com\/es\/#website\"},\"primaryImageOfPage\":{\"@id\":\"https:\/\/wpguerssen-test.odoo.rgbconsulting.com\/es\/producto\/texas-thunder-soul-1968-1974\/#primaryimage\"},\"image\":{\"@id\":\"https:\/\/wpguerssen-test.odoo.rgbconsulting.com\/es\/producto\/texas-thunder-soul-1968-1974\/#primaryimage\"},\"thumbnailUrl\":\"https:\/\/wpguerssen-test.odoo.rgbconsulting.com\/wp-content\/uploads\/2024\/01\/46735.jpg\",\"datePublished\":\"2025-02-27T23:00:00+00:00\",\"dateModified\":\"2025-02-28T12:48:17+00:00\",\"description\":\"The Greatest High School Band Of All Time Plays Hard Soul, Funk And Jazz On This Double LP Overview.The word is out The Kashmere Stage Band was the greatest high school band - ever. The bandleader at Kashmere High School, Conrad Johnson, transformed a bunch of rough-hewn Houston high schoolers into a band that could compete with any in the nation - professional, or otherwise. Forget high school bands, we're talking about sixteen year old kids who would give the JBs a run for their money!The Kashmere Stage Band released a total of eight albums and three 45s on Johnson's Kram label.The band's best tracks are collected on Texas Thunder Soul 1968-1974.\",\"breadcrumb\":{\"@id\":\"https:\/\/wpguerssen-test.odoo.rgbconsulting.com\/es\/producto\/texas-thunder-soul-1968-1974\/#breadcrumb\"},\"inLanguage\":\"es\",\"potentialAction\":[{\"@type\":\"ReadAction\",\"target\":[\"https:\/\/wpguerssen-test.odoo.rgbconsulting.com\/es\/producto\/texas-thunder-soul-1968-1974\/\"]}]},{\"@type\":\"ImageObject\",\"inLanguage\":\"es\",\"@id\":\"https:\/\/wpguerssen-test.odoo.rgbconsulting.com\/es\/producto\/texas-thunder-soul-1968-1974\/#primaryimage\",\"url\":\"https:\/\/wpguerssen-test.odoo.rgbconsulting.com\/wp-content\/uploads\/2024\/01\/46735.jpg\",\"contentUrl\":\"https:\/\/wpguerssen-test.odoo.rgbconsulting.com\/wp-content\/uploads\/2024\/01\/46735.jpg\",\"width\":243,\"height\":243},{\"@type\":\"BreadcrumbList\",\"@id\":\"https:\/\/wpguerssen-test.odoo.rgbconsulting.com\/es\/producto\/texas-thunder-soul-1968-1974\/#breadcrumb\",\"itemListElement\":[{\"@type\":\"ListItem\",\"position\":1,\"name\":\"Inicio\",\"item\":\"https:\/\/wpguerssen-test.odoo.rgbconsulting.com\/es\/\"},{\"@type\":\"ListItem\",\"position\":2,\"name\":\"Shop\",\"item\":\"https:\/\/wpguerssen-test.odoo.rgbconsulting.com\/shop\/\"},{\"@type\":\"ListItem\",\"position\":3,\"name\":\"Texas Thunder Soul 1968 1974\"}]},{\"@type\":\"WebSite\",\"@id\":\"https:\/\/wpguerssen-test.odoo.rgbconsulting.com\/es\/#website\",\"url\":\"https:\/\/wpguerssen-test.odoo.rgbconsulting.com\/es\/\",\"name\":\"Guerssen records\",\"description\":\"psychedelia - progressive - folk - garage \",\"publisher\":{\"@id\":\"https:\/\/wpguerssen-test.odoo.rgbconsulting.com\/es\/#organization\"},\"potentialAction\":[{\"@type\":\"SearchAction\",\"target\":{\"@type\":\"EntryPoint\",\"urlTemplate\":\"https:\/\/wpguerssen-test.odoo.rgbconsulting.com\/es\/?s={search_term_string}\"},\"query-input\":{\"@type\":\"PropertyValueSpecification\",\"valueRequired\":true,\"valueName\":\"search_term_string\"}}],\"inLanguage\":\"es\"},{\"@type\":\"Organization\",\"@id\":\"https:\/\/wpguerssen-test.odoo.rgbconsulting.com\/es\/#organization\",\"name\":\"Guerssen records\",\"url\":\"https:\/\/wpguerssen-test.odoo.rgbconsulting.com\/es\/\",\"logo\":{\"@type\":\"ImageObject\",\"inLanguage\":\"es\",\"@id\":\"https:\/\/wpguerssen-test.odoo.rgbconsulting.com\/es\/#\/schema\/logo\/image\/\",\"url\":\"https:\/\/wpguerssen-test.odoo.rgbconsulting.com\/wp-content\/uploads\/2022\/04\/Logo_Guerssen_trans_100.png\",\"contentUrl\":\"https:\/\/wpguerssen-test.odoo.rgbconsulting.com\/wp-content\/uploads\/2022\/04\/Logo_Guerssen_trans_100.png\",\"width\":122,\"height\":100,\"caption\":\"Guerssen records\"},\"image\":{\"@id\":\"https:\/\/wpguerssen-test.odoo.rgbconsulting.com\/es\/#\/schema\/logo\/image\/\"}}]}<\/script>\n<!-- \/ Yoast SEO plugin. -->","yoast_head_json":{"title":"KASHMERE STAGE BAND - Texas Thunder Soul 1968 1974 -  (2LP) | Guerssen","description":"The Greatest High School Band Of All Time Plays Hard Soul, Funk And Jazz On This Double LP Overview.The word is out The Kashmere Stage Band was the greatest high school band - ever. The bandleader at Kashmere High School, Conrad Johnson, transformed a bunch of rough-hewn Houston high schoolers into a band that could compete with any in the nation - professional, or otherwise. Forget high school bands, we're talking about sixteen year old kids who would give the JBs a run for their money!The Kashmere Stage Band released a total of eight albums and three 45s on Johnson's Kram label.The band's best tracks are collected on Texas Thunder Soul 1968-1974.","robots":{"index":"index","follow":"follow","max-snippet":"max-snippet:-1","max-image-preview":"max-image-preview:large","max-video-preview":"max-video-preview:-1"},"canonical":"https:\/\/wpguerssen-test.odoo.rgbconsulting.com\/es\/producto\/texas-thunder-soul-1968-1974\/","og_locale":"es_ES","og_type":"article","og_title":"KASHMERE STAGE BAND - Texas Thunder Soul 1968 1974 -  (2LP) | Guerssen","og_description":"The Greatest High School Band Of All Time Plays Hard Soul, Funk And Jazz On This Double LP Overview.The word is out The Kashmere Stage Band was the greatest high school band - ever. The bandleader at Kashmere High School, Conrad Johnson, transformed a bunch of rough-hewn Houston high schoolers into a band that could compete with any in the nation - professional, or otherwise. Forget high school bands, we're talking about sixteen year old kids who would give the JBs a run for their money!The Kashmere Stage Band released a total of eight albums and three 45s on Johnson's Kram label.The band's best tracks are collected on Texas Thunder Soul 1968-1974.","og_url":"https:\/\/wpguerssen-test.odoo.rgbconsulting.com\/es\/producto\/texas-thunder-soul-1968-1974\/","og_site_name":"Guerssen records","article_modified_time":"2025-02-28T12:48:17+00:00","og_image":[{"width":243,"height":243,"url":"https:\/\/wpguerssen-test.odoo.rgbconsulting.com\/wp-content\/uploads\/2024\/01\/46735.jpg","type":"image\/jpeg"}],"twitter_card":"summary_large_image","twitter_title":"KASHMERE STAGE BAND - Texas Thunder Soul 1968 1974 -  (2LP) | Guerssen","twitter_misc":{"Tiempo de lectura":"1 minuto"},"schema":{"@context":"https:\/\/schema.org","@graph":[{"@type":"WebPage","@id":"https:\/\/wpguerssen-test.odoo.rgbconsulting.com\/es\/producto\/texas-thunder-soul-1968-1974\/","url":"https:\/\/wpguerssen-test.odoo.rgbconsulting.com\/es\/producto\/texas-thunder-soul-1968-1974\/","name":"KASHMERE STAGE BAND - Texas Thunder Soul 1968 1974 - (2LP) | Guerssen","isPartOf":{"@id":"https:\/\/wpguerssen-test.odoo.rgbconsulting.com\/es\/#website"},"primaryImageOfPage":{"@id":"https:\/\/wpguerssen-test.odoo.rgbconsulting.com\/es\/producto\/texas-thunder-soul-1968-1974\/#primaryimage"},"image":{"@id":"https:\/\/wpguerssen-test.odoo.rgbconsulting.com\/es\/producto\/texas-thunder-soul-1968-1974\/#primaryimage"},"thumbnailUrl":"https:\/\/wpguerssen-test.odoo.rgbconsulting.com\/wp-content\/uploads\/2024\/01\/46735.jpg","datePublished":"2025-02-27T23:00:00+00:00","dateModified":"2025-02-28T12:48:17+00:00","description":"The Greatest High School Band Of All Time Plays Hard Soul, Funk And Jazz On This Double LP Overview.The word is out The Kashmere Stage Band was the greatest high school band - ever. The bandleader at Kashmere High School, Conrad Johnson, transformed a bunch of rough-hewn Houston high schoolers into a band that could compete with any in the nation - professional, or otherwise. Forget high school bands, we're talking about sixteen year old kids who would give the JBs a run for their money!The Kashmere Stage Band released a total of eight albums and three 45s on Johnson's Kram label.The band's best tracks are collected on Texas Thunder Soul 1968-1974.","breadcrumb":{"@id":"https:\/\/wpguerssen-test.odoo.rgbconsulting.com\/es\/producto\/texas-thunder-soul-1968-1974\/#breadcrumb"},"inLanguage":"es","potentialAction":[{"@type":"ReadAction","target":["https:\/\/wpguerssen-test.odoo.rgbconsulting.com\/es\/producto\/texas-thunder-soul-1968-1974\/"]}]},{"@type":"ImageObject","inLanguage":"es","@id":"https:\/\/wpguerssen-test.odoo.rgbconsulting.com\/es\/producto\/texas-thunder-soul-1968-1974\/#primaryimage","url":"https:\/\/wpguerssen-test.odoo.rgbconsulting.com\/wp-content\/uploads\/2024\/01\/46735.jpg","contentUrl":"https:\/\/wpguerssen-test.odoo.rgbconsulting.com\/wp-content\/uploads\/2024\/01\/46735.jpg","width":243,"height":243},{"@type":"BreadcrumbList","@id":"https:\/\/wpguerssen-test.odoo.rgbconsulting.com\/es\/producto\/texas-thunder-soul-1968-1974\/#breadcrumb","itemListElement":[{"@type":"ListItem","position":1,"name":"Inicio","item":"https:\/\/wpguerssen-test.odoo.rgbconsulting.com\/es\/"},{"@type":"ListItem","position":2,"name":"Shop","item":"https:\/\/wpguerssen-test.odoo.rgbconsulting.com\/shop\/"},{"@type":"ListItem","position":3,"name":"Texas Thunder Soul 1968 1974"}]},{"@type":"WebSite","@id":"https:\/\/wpguerssen-test.odoo.rgbconsulting.com\/es\/#website","url":"https:\/\/wpguerssen-test.odoo.rgbconsulting.com\/es\/","name":"Guerssen records","description":"psychedelia - progressive - folk - garage ","publisher":{"@id":"https:\/\/wpguerssen-test.odoo.rgbconsulting.com\/es\/#organization"},"potentialAction":[{"@type":"SearchAction","target":{"@type":"EntryPoint","urlTemplate":"https:\/\/wpguerssen-test.odoo.rgbconsulting.com\/es\/?s={search_term_string}"},"query-input":{"@type":"PropertyValueSpecification","valueRequired":true,"valueName":"search_term_string"}}],"inLanguage":"es"},{"@type":"Organization","@id":"https:\/\/wpguerssen-test.odoo.rgbconsulting.com\/es\/#organization","name":"Guerssen records","url":"https:\/\/wpguerssen-test.odoo.rgbconsulting.com\/es\/","logo":{"@type":"ImageObject","inLanguage":"es","@id":"https:\/\/wpguerssen-test.odoo.rgbconsulting.com\/es\/#\/schema\/logo\/image\/","url":"https:\/\/wpguerssen-test.odoo.rgbconsulting.com\/wp-content\/uploads\/2022\/04\/Logo_Guerssen_trans_100.png","contentUrl":"https:\/\/wpguerssen-test.odoo.rgbconsulting.com\/wp-content\/uploads\/2022\/04\/Logo_Guerssen_trans_100.png","width":122,"height":100,"caption":"Guerssen records"},"image":{"@id":"https:\/\/wpguerssen-test.odoo.rgbconsulting.com\/es\/#\/schema\/logo\/image\/"}}]}},"_links":{"self":[{"href":"https:\/\/wpguerssen-test.odoo.rgbconsulting.com\/es\/wp-json\/wp\/v2\/product\/249846","targetHints":{"allow":["GET"]}}],"collection":[{"href":"https:\/\/wpguerssen-test.odoo.rgbconsulting.com\/es\/wp-json\/wp\/v2\/product"}],"about":[{"href":"https:\/\/wpguerssen-test.odoo.rgbconsulting.com\/es\/wp-json\/wp\/v2\/types\/product"}],"wp:featuredmedia":[{"embeddable":true,"href":"https:\/\/wpguerssen-test.odoo.rgbconsulting.com\/es\/wp-json\/wp\/v2\/media\/249767"}],"wp:attachment":[{"href":"https:\/\/wpguerssen-test.odoo.rgbconsulting.com\/es\/wp-json\/wp\/v2\/media?parent=249846"}],"wp:term":[{"taxonomy":"product_brand","embeddable":true,"href":"https:\/\/wpguerssen-test.odoo.rgbconsulting.com\/es\/wp-json\/wp\/v2\/product_brand?post=249846"},{"taxonomy":"product_cat","embeddable":true,"href":"https:\/\/wpguerssen-test.odoo.rgbconsulting.com\/es\/wp-json\/wp\/v2\/product_cat?post=249846"},{"taxonomy":"product_tag","embeddable":true,"href":"https:\/\/wpguerssen-test.odoo.rgbconsulting.com\/es\/wp-json\/wp\/v2\/product_tag?post=249846"}],"curies":[{"name":"wp","href":"https:\/\/api.w.org\/{rel}","templated":true}]}}