{"id":249853,"date":"2024-01-23T00:00:00","date_gmt":"2024-01-22T23:00:00","guid":{"rendered":"https:\/\/wpguerssen-test.odoo.rgbconsulting.com\/product\/message-from-the-tribe-orange\/"},"modified":"2025-01-09T15:41:49","modified_gmt":"2025-01-09T14:41:49","slug":"message-from-the-tribe-orange","status":"publish","type":"product","link":"https:\/\/wpguerssen-test.odoo.rgbconsulting.com\/es\/producto\/message-from-the-tribe-orange\/","title":{"rendered":"Message From The Tribe (Orange)"},"content":{"rendered":"<p>El debut colaborativo de los fundadores de Tribe, remezclado a partir de las cintas maestras originales de varias pistas bajo la direcci\u00f3n de sus creadores y lacado por Bernie Grundman.<br \/>El lado de Phil Ranelin ha sido corregido en tono y restaurado a una suite, como se pretend\u00eda originalmente. La cara de Wendell Harrison contiene versiones completas ampliadas de dos canciones. Reedici\u00f3n definitiva de esta obra maestra del jazz espiritual.<br \/>El sello Tribe, una de las luces m\u00e1s brillantes del jazz underground estadounidense de los a\u00f1os 70, recibe el tratamiento de Now-Again. Esta es su oportunidad de disfrutar de la m\u00fasica y la historia de uno de los movimientos locales m\u00e1s significativos de la experiencia afroamericana del siglo XX, uno que se expandi\u00f3 hacia el cosmos. En palabras del propio colectivo, \u00abLa m\u00fasica es la fuerza curativa del universo\u00bb.<br \/>Incluido en un folleto extenso y de gran tama\u00f1o, Larry Gabriel y Jeff \u00abChairman\u00bb Mao nos llevan a trav\u00e9s de The Tribe de una manera convincente, y profundiza no solo en la historia del sello y sus directores, sino tambi\u00e9n en la historia del empoderamiento de los afroamericanos en la segunda mitad del siglo XX.<br \/>El folleto presenta fotograf\u00edas de archivo nunca antes vistas y objetos ef\u00edmeros raros de Tribe en su apogeo de mediados de la d\u00e9cada de 1970.<\/p>\n","protected":false},"excerpt":{"rendered":"<p>El debut colaborativo de los fundadores de Tribe, remezclado a partir de las cintas maestras originales de varias pistas bajo la direcci\u00f3n de sus creadores y lacado<a class=\"read\" href=\"https:\/\/wpguerssen-test.odoo.rgbconsulting.com\/es\/producto\/message-from-the-tribe-orange\/\"> (...)<\/a>","protected":false},"featured_media":249788,"template":"","meta":{"_acf_changed":false},"product_brand":[],"product_cat":[23227],"product_tag":[29140],"class_list":{"0":"post-249853","1":"product","2":"type-product","3":"status-publish","4":"has-post-thumbnail","6":"product_cat-jazz-es","7":"product_tag-color-vinyl-es","8":"pa_artist-ranelin-phil-wendell","9":"pa_format-lp-es","10":"pa_gender-jazz","11":"pa_label-now-again","12":"pa_location-north-america-es","13":"pa_other-filters-vinyl-only-es","15":"first","16":"instock","17":"taxable","18":"shipping-taxable","19":"purchasable","20":"product-type-simple"},"acf":[],"yoast_head":"<!-- This site is optimized with the Yoast SEO plugin v24.9 - https:\/\/yoast.com\/wordpress\/plugins\/seo\/ -->\n<title>RANELIN, Phil &amp; WENDELL - Message From The Tribe (Orange) -  (LP) | Guerssen<\/title>\n<meta name=\"description\" content=\"The Tribe founders&#039; collaborative debut, remixed from the original mutli-track master tapes under the direction of its creators and lacquered by Bernie Grundman.Phil Ranelin&#039;s side has been pitch-corrected and restored to a suite, as was originally intended. Wendell Harrison&#039;s side contains extended, full versions of two songs. The definitive reissue of this Spiritual Jazz masterpiece.The Tribe label, one of the brightest lights of America&#039;s 1970s jazz underground, receives the Now-Again reissue treatment. This is your chance to indulge in the music and story of one of the most meaningful, local movements of the 20th Century Black American experience, one that expanded outwards towards the cosmos. In the words of the collective themselves, &quot;Music is the healing force of the universe.&quot;Included in an extensive, oversized booklet, Larry Gabriel and Jeff &quot;Chairman&quot; Mao take us through the history of the Tribe, in a compelling story that delves not just into the history of the label and its principals, but into the story of Black American empowerment in the latter half of the 20th Century.The booklet features never-before-seen archival photos and rare ephemera from Tribe&#039;s mid-1970s heyday.\" \/>\n<meta name=\"robots\" content=\"index, follow, max-snippet:-1, max-image-preview:large, max-video-preview:-1\" \/>\n<link rel=\"canonical\" href=\"https:\/\/wpguerssen-test.odoo.rgbconsulting.com\/es\/producto\/message-from-the-tribe-orange\/\" \/>\n<meta property=\"og:locale\" content=\"es_ES\" \/>\n<meta property=\"og:type\" content=\"article\" \/>\n<meta property=\"og:title\" content=\"RANELIN, Phil &amp; WENDELL - Message From The Tribe (Orange) -  (LP) | Guerssen\" \/>\n<meta property=\"og:description\" content=\"The Tribe founders&#039; collaborative debut, remixed from the original mutli-track master tapes under the direction of its creators and lacquered by Bernie Grundman.Phil Ranelin&#039;s side has been pitch-corrected and restored to a suite, as was originally intended. Wendell Harrison&#039;s side contains extended, full versions of two songs. The definitive reissue of this Spiritual Jazz masterpiece.The Tribe label, one of the brightest lights of America&#039;s 1970s jazz underground, receives the Now-Again reissue treatment. This is your chance to indulge in the music and story of one of the most meaningful, local movements of the 20th Century Black American experience, one that expanded outwards towards the cosmos. In the words of the collective themselves, &quot;Music is the healing force of the universe.&quot;Included in an extensive, oversized booklet, Larry Gabriel and Jeff &quot;Chairman&quot; Mao take us through the history of the Tribe, in a compelling story that delves not just into the history of the label and its principals, but into the story of Black American empowerment in the latter half of the 20th Century.The booklet features never-before-seen archival photos and rare ephemera from Tribe&#039;s mid-1970s heyday.\" \/>\n<meta property=\"og:url\" content=\"https:\/\/wpguerssen-test.odoo.rgbconsulting.com\/es\/producto\/message-from-the-tribe-orange\/\" \/>\n<meta property=\"og:site_name\" content=\"Guerssen records\" \/>\n<meta property=\"article:modified_time\" content=\"2025-01-09T14:41:49+00:00\" \/>\n<meta property=\"og:image\" content=\"https:\/\/wpguerssen-test.odoo.rgbconsulting.com\/wp-content\/uploads\/2024\/01\/46742.jpg\" \/>\n\t<meta property=\"og:image:width\" content=\"243\" \/>\n\t<meta property=\"og:image:height\" content=\"242\" \/>\n\t<meta property=\"og:image:type\" content=\"image\/jpeg\" \/>\n<meta name=\"twitter:card\" content=\"summary_large_image\" \/>\n<meta name=\"twitter:title\" content=\"RANELIN, Phil &amp; WENDELL - Message From The Tribe (Orange) -  (LP) | Guerssen\" \/>\n<meta name=\"twitter:label1\" content=\"Tiempo de lectura\" \/>\n\t<meta name=\"twitter:data1\" content=\"1 minuto\" \/>\n<script type=\"application\/ld+json\" class=\"yoast-schema-graph\">{\"@context\":\"https:\/\/schema.org\",\"@graph\":[{\"@type\":\"WebPage\",\"@id\":\"https:\/\/wpguerssen-test.odoo.rgbconsulting.com\/es\/producto\/message-from-the-tribe-orange\/\",\"url\":\"https:\/\/wpguerssen-test.odoo.rgbconsulting.com\/es\/producto\/message-from-the-tribe-orange\/\",\"name\":\"RANELIN, Phil & WENDELL - Message From The Tribe (Orange) - (LP) | Guerssen\",\"isPartOf\":{\"@id\":\"https:\/\/wpguerssen-test.odoo.rgbconsulting.com\/es\/#website\"},\"primaryImageOfPage\":{\"@id\":\"https:\/\/wpguerssen-test.odoo.rgbconsulting.com\/es\/producto\/message-from-the-tribe-orange\/#primaryimage\"},\"image\":{\"@id\":\"https:\/\/wpguerssen-test.odoo.rgbconsulting.com\/es\/producto\/message-from-the-tribe-orange\/#primaryimage\"},\"thumbnailUrl\":\"https:\/\/wpguerssen-test.odoo.rgbconsulting.com\/wp-content\/uploads\/2024\/01\/46742.jpg\",\"datePublished\":\"2024-01-22T23:00:00+00:00\",\"dateModified\":\"2025-01-09T14:41:49+00:00\",\"description\":\"The Tribe founders' collaborative debut, remixed from the original mutli-track master tapes under the direction of its creators and lacquered by Bernie Grundman.Phil Ranelin's side has been pitch-corrected and restored to a suite, as was originally intended. Wendell Harrison's side contains extended, full versions of two songs. The definitive reissue of this Spiritual Jazz masterpiece.The Tribe label, one of the brightest lights of America's 1970s jazz underground, receives the Now-Again reissue treatment. This is your chance to indulge in the music and story of one of the most meaningful, local movements of the 20th Century Black American experience, one that expanded outwards towards the cosmos. In the words of the collective themselves, \\\"Music is the healing force of the universe.\\\"Included in an extensive, oversized booklet, Larry Gabriel and Jeff \\\"Chairman\\\" Mao take us through the history of the Tribe, in a compelling story that delves not just into the history of the label and its principals, but into the story of Black American empowerment in the latter half of the 20th Century.The booklet features never-before-seen archival photos and rare ephemera from Tribe's mid-1970s heyday.\",\"breadcrumb\":{\"@id\":\"https:\/\/wpguerssen-test.odoo.rgbconsulting.com\/es\/producto\/message-from-the-tribe-orange\/#breadcrumb\"},\"inLanguage\":\"es\",\"potentialAction\":[{\"@type\":\"ReadAction\",\"target\":[\"https:\/\/wpguerssen-test.odoo.rgbconsulting.com\/es\/producto\/message-from-the-tribe-orange\/\"]}]},{\"@type\":\"ImageObject\",\"inLanguage\":\"es\",\"@id\":\"https:\/\/wpguerssen-test.odoo.rgbconsulting.com\/es\/producto\/message-from-the-tribe-orange\/#primaryimage\",\"url\":\"https:\/\/wpguerssen-test.odoo.rgbconsulting.com\/wp-content\/uploads\/2024\/01\/46742.jpg\",\"contentUrl\":\"https:\/\/wpguerssen-test.odoo.rgbconsulting.com\/wp-content\/uploads\/2024\/01\/46742.jpg\",\"width\":243,\"height\":242,\"caption\":\"Phil & WENDELL - Message From The Tribe (Orange) - NOW AGAIN (LP) | Guerssen\"},{\"@type\":\"BreadcrumbList\",\"@id\":\"https:\/\/wpguerssen-test.odoo.rgbconsulting.com\/es\/producto\/message-from-the-tribe-orange\/#breadcrumb\",\"itemListElement\":[{\"@type\":\"ListItem\",\"position\":1,\"name\":\"Inicio\",\"item\":\"https:\/\/wpguerssen-test.odoo.rgbconsulting.com\/es\/\"},{\"@type\":\"ListItem\",\"position\":2,\"name\":\"Shop\",\"item\":\"https:\/\/wpguerssen-test.odoo.rgbconsulting.com\/shop\/\"},{\"@type\":\"ListItem\",\"position\":3,\"name\":\"Message From The Tribe (Orange)\"}]},{\"@type\":\"WebSite\",\"@id\":\"https:\/\/wpguerssen-test.odoo.rgbconsulting.com\/es\/#website\",\"url\":\"https:\/\/wpguerssen-test.odoo.rgbconsulting.com\/es\/\",\"name\":\"Guerssen records\",\"description\":\"psychedelia - progressive - folk - garage \",\"publisher\":{\"@id\":\"https:\/\/wpguerssen-test.odoo.rgbconsulting.com\/es\/#organization\"},\"potentialAction\":[{\"@type\":\"SearchAction\",\"target\":{\"@type\":\"EntryPoint\",\"urlTemplate\":\"https:\/\/wpguerssen-test.odoo.rgbconsulting.com\/es\/?s={search_term_string}\"},\"query-input\":{\"@type\":\"PropertyValueSpecification\",\"valueRequired\":true,\"valueName\":\"search_term_string\"}}],\"inLanguage\":\"es\"},{\"@type\":\"Organization\",\"@id\":\"https:\/\/wpguerssen-test.odoo.rgbconsulting.com\/es\/#organization\",\"name\":\"Guerssen records\",\"url\":\"https:\/\/wpguerssen-test.odoo.rgbconsulting.com\/es\/\",\"logo\":{\"@type\":\"ImageObject\",\"inLanguage\":\"es\",\"@id\":\"https:\/\/wpguerssen-test.odoo.rgbconsulting.com\/es\/#\/schema\/logo\/image\/\",\"url\":\"https:\/\/wpguerssen-test.odoo.rgbconsulting.com\/wp-content\/uploads\/2022\/04\/Logo_Guerssen_trans_100.png\",\"contentUrl\":\"https:\/\/wpguerssen-test.odoo.rgbconsulting.com\/wp-content\/uploads\/2022\/04\/Logo_Guerssen_trans_100.png\",\"width\":122,\"height\":100,\"caption\":\"Guerssen records\"},\"image\":{\"@id\":\"https:\/\/wpguerssen-test.odoo.rgbconsulting.com\/es\/#\/schema\/logo\/image\/\"}}]}<\/script>\n<!-- \/ Yoast SEO plugin. -->","yoast_head_json":{"title":"RANELIN, Phil & WENDELL - Message From The Tribe (Orange) -  (LP) | Guerssen","description":"The Tribe founders' collaborative debut, remixed from the original mutli-track master tapes under the direction of its creators and lacquered by Bernie Grundman.Phil Ranelin's side has been pitch-corrected and restored to a suite, as was originally intended. Wendell Harrison's side contains extended, full versions of two songs. The definitive reissue of this Spiritual Jazz masterpiece.The Tribe label, one of the brightest lights of America's 1970s jazz underground, receives the Now-Again reissue treatment. This is your chance to indulge in the music and story of one of the most meaningful, local movements of the 20th Century Black American experience, one that expanded outwards towards the cosmos. In the words of the collective themselves, \"Music is the healing force of the universe.\"Included in an extensive, oversized booklet, Larry Gabriel and Jeff \"Chairman\" Mao take us through the history of the Tribe, in a compelling story that delves not just into the history of the label and its principals, but into the story of Black American empowerment in the latter half of the 20th Century.The booklet features never-before-seen archival photos and rare ephemera from Tribe's mid-1970s heyday.","robots":{"index":"index","follow":"follow","max-snippet":"max-snippet:-1","max-image-preview":"max-image-preview:large","max-video-preview":"max-video-preview:-1"},"canonical":"https:\/\/wpguerssen-test.odoo.rgbconsulting.com\/es\/producto\/message-from-the-tribe-orange\/","og_locale":"es_ES","og_type":"article","og_title":"RANELIN, Phil & WENDELL - Message From The Tribe (Orange) -  (LP) | Guerssen","og_description":"The Tribe founders' collaborative debut, remixed from the original mutli-track master tapes under the direction of its creators and lacquered by Bernie Grundman.Phil Ranelin's side has been pitch-corrected and restored to a suite, as was originally intended. Wendell Harrison's side contains extended, full versions of two songs. The definitive reissue of this Spiritual Jazz masterpiece.The Tribe label, one of the brightest lights of America's 1970s jazz underground, receives the Now-Again reissue treatment. This is your chance to indulge in the music and story of one of the most meaningful, local movements of the 20th Century Black American experience, one that expanded outwards towards the cosmos. In the words of the collective themselves, \"Music is the healing force of the universe.\"Included in an extensive, oversized booklet, Larry Gabriel and Jeff \"Chairman\" Mao take us through the history of the Tribe, in a compelling story that delves not just into the history of the label and its principals, but into the story of Black American empowerment in the latter half of the 20th Century.The booklet features never-before-seen archival photos and rare ephemera from Tribe's mid-1970s heyday.","og_url":"https:\/\/wpguerssen-test.odoo.rgbconsulting.com\/es\/producto\/message-from-the-tribe-orange\/","og_site_name":"Guerssen records","article_modified_time":"2025-01-09T14:41:49+00:00","og_image":[{"width":243,"height":242,"url":"https:\/\/wpguerssen-test.odoo.rgbconsulting.com\/wp-content\/uploads\/2024\/01\/46742.jpg","type":"image\/jpeg"}],"twitter_card":"summary_large_image","twitter_title":"RANELIN, Phil & WENDELL - Message From The Tribe (Orange) -  (LP) | Guerssen","twitter_misc":{"Tiempo de lectura":"1 minuto"},"schema":{"@context":"https:\/\/schema.org","@graph":[{"@type":"WebPage","@id":"https:\/\/wpguerssen-test.odoo.rgbconsulting.com\/es\/producto\/message-from-the-tribe-orange\/","url":"https:\/\/wpguerssen-test.odoo.rgbconsulting.com\/es\/producto\/message-from-the-tribe-orange\/","name":"RANELIN, Phil & WENDELL - Message From The Tribe (Orange) - (LP) | Guerssen","isPartOf":{"@id":"https:\/\/wpguerssen-test.odoo.rgbconsulting.com\/es\/#website"},"primaryImageOfPage":{"@id":"https:\/\/wpguerssen-test.odoo.rgbconsulting.com\/es\/producto\/message-from-the-tribe-orange\/#primaryimage"},"image":{"@id":"https:\/\/wpguerssen-test.odoo.rgbconsulting.com\/es\/producto\/message-from-the-tribe-orange\/#primaryimage"},"thumbnailUrl":"https:\/\/wpguerssen-test.odoo.rgbconsulting.com\/wp-content\/uploads\/2024\/01\/46742.jpg","datePublished":"2024-01-22T23:00:00+00:00","dateModified":"2025-01-09T14:41:49+00:00","description":"The Tribe founders' collaborative debut, remixed from the original mutli-track master tapes under the direction of its creators and lacquered by Bernie Grundman.Phil Ranelin's side has been pitch-corrected and restored to a suite, as was originally intended. Wendell Harrison's side contains extended, full versions of two songs. The definitive reissue of this Spiritual Jazz masterpiece.The Tribe label, one of the brightest lights of America's 1970s jazz underground, receives the Now-Again reissue treatment. This is your chance to indulge in the music and story of one of the most meaningful, local movements of the 20th Century Black American experience, one that expanded outwards towards the cosmos. In the words of the collective themselves, \"Music is the healing force of the universe.\"Included in an extensive, oversized booklet, Larry Gabriel and Jeff \"Chairman\" Mao take us through the history of the Tribe, in a compelling story that delves not just into the history of the label and its principals, but into the story of Black American empowerment in the latter half of the 20th Century.The booklet features never-before-seen archival photos and rare ephemera from Tribe's mid-1970s heyday.","breadcrumb":{"@id":"https:\/\/wpguerssen-test.odoo.rgbconsulting.com\/es\/producto\/message-from-the-tribe-orange\/#breadcrumb"},"inLanguage":"es","potentialAction":[{"@type":"ReadAction","target":["https:\/\/wpguerssen-test.odoo.rgbconsulting.com\/es\/producto\/message-from-the-tribe-orange\/"]}]},{"@type":"ImageObject","inLanguage":"es","@id":"https:\/\/wpguerssen-test.odoo.rgbconsulting.com\/es\/producto\/message-from-the-tribe-orange\/#primaryimage","url":"https:\/\/wpguerssen-test.odoo.rgbconsulting.com\/wp-content\/uploads\/2024\/01\/46742.jpg","contentUrl":"https:\/\/wpguerssen-test.odoo.rgbconsulting.com\/wp-content\/uploads\/2024\/01\/46742.jpg","width":243,"height":242,"caption":"Phil & WENDELL - Message From The Tribe (Orange) - NOW AGAIN (LP) | Guerssen"},{"@type":"BreadcrumbList","@id":"https:\/\/wpguerssen-test.odoo.rgbconsulting.com\/es\/producto\/message-from-the-tribe-orange\/#breadcrumb","itemListElement":[{"@type":"ListItem","position":1,"name":"Inicio","item":"https:\/\/wpguerssen-test.odoo.rgbconsulting.com\/es\/"},{"@type":"ListItem","position":2,"name":"Shop","item":"https:\/\/wpguerssen-test.odoo.rgbconsulting.com\/shop\/"},{"@type":"ListItem","position":3,"name":"Message From The Tribe (Orange)"}]},{"@type":"WebSite","@id":"https:\/\/wpguerssen-test.odoo.rgbconsulting.com\/es\/#website","url":"https:\/\/wpguerssen-test.odoo.rgbconsulting.com\/es\/","name":"Guerssen records","description":"psychedelia - progressive - folk - garage ","publisher":{"@id":"https:\/\/wpguerssen-test.odoo.rgbconsulting.com\/es\/#organization"},"potentialAction":[{"@type":"SearchAction","target":{"@type":"EntryPoint","urlTemplate":"https:\/\/wpguerssen-test.odoo.rgbconsulting.com\/es\/?s={search_term_string}"},"query-input":{"@type":"PropertyValueSpecification","valueRequired":true,"valueName":"search_term_string"}}],"inLanguage":"es"},{"@type":"Organization","@id":"https:\/\/wpguerssen-test.odoo.rgbconsulting.com\/es\/#organization","name":"Guerssen records","url":"https:\/\/wpguerssen-test.odoo.rgbconsulting.com\/es\/","logo":{"@type":"ImageObject","inLanguage":"es","@id":"https:\/\/wpguerssen-test.odoo.rgbconsulting.com\/es\/#\/schema\/logo\/image\/","url":"https:\/\/wpguerssen-test.odoo.rgbconsulting.com\/wp-content\/uploads\/2022\/04\/Logo_Guerssen_trans_100.png","contentUrl":"https:\/\/wpguerssen-test.odoo.rgbconsulting.com\/wp-content\/uploads\/2022\/04\/Logo_Guerssen_trans_100.png","width":122,"height":100,"caption":"Guerssen records"},"image":{"@id":"https:\/\/wpguerssen-test.odoo.rgbconsulting.com\/es\/#\/schema\/logo\/image\/"}}]}},"_links":{"self":[{"href":"https:\/\/wpguerssen-test.odoo.rgbconsulting.com\/es\/wp-json\/wp\/v2\/product\/249853","targetHints":{"allow":["GET"]}}],"collection":[{"href":"https:\/\/wpguerssen-test.odoo.rgbconsulting.com\/es\/wp-json\/wp\/v2\/product"}],"about":[{"href":"https:\/\/wpguerssen-test.odoo.rgbconsulting.com\/es\/wp-json\/wp\/v2\/types\/product"}],"wp:featuredmedia":[{"embeddable":true,"href":"https:\/\/wpguerssen-test.odoo.rgbconsulting.com\/es\/wp-json\/wp\/v2\/media\/249788"}],"wp:attachment":[{"href":"https:\/\/wpguerssen-test.odoo.rgbconsulting.com\/es\/wp-json\/wp\/v2\/media?parent=249853"}],"wp:term":[{"taxonomy":"product_brand","embeddable":true,"href":"https:\/\/wpguerssen-test.odoo.rgbconsulting.com\/es\/wp-json\/wp\/v2\/product_brand?post=249853"},{"taxonomy":"product_cat","embeddable":true,"href":"https:\/\/wpguerssen-test.odoo.rgbconsulting.com\/es\/wp-json\/wp\/v2\/product_cat?post=249853"},{"taxonomy":"product_tag","embeddable":true,"href":"https:\/\/wpguerssen-test.odoo.rgbconsulting.com\/es\/wp-json\/wp\/v2\/product_tag?post=249853"}],"curies":[{"name":"wp","href":"https:\/\/api.w.org\/{rel}","templated":true}]}}