{"id":249855,"date":"2024-01-23T00:00:00","date_gmt":"2024-01-22T23:00:00","guid":{"rendered":"https:\/\/wpguerssen-test.odoo.rgbconsulting.com\/product\/wait-for-me-the-complete-works-1967-1972\/"},"modified":"2024-12-16T17:56:00","modified_gmt":"2024-12-16T16:56:00","slug":"wait-for-me-the-complete-works-1967-1972","status":"publish","type":"product","link":"https:\/\/wpguerssen-test.odoo.rgbconsulting.com\/es\/producto\/wait-for-me-the-complete-works-1967-1972\/","title":{"rendered":"Wait For Me. The Complete Works 1967 1972"},"content":{"rendered":"<p>Las obras completas, incluidas grabaciones reci\u00e9n descubiertas, del l\u00edder de la banda de funk\/soul de Carolina del Sur, James Reese, un productor con influencias de jazz tan ambicioso como talentoso.<br \/>El trombonista, l\u00edder de banda, compositor, arreglista y productor James Reese nunca public\u00f3 un \u00e1lbum con su banda Progressions, s\u00f3lo una serie de 45 &#8211; algunos bajo su propio nombre, otros bajo el de sus colaboradores &#8211; de Spartanburg, Carolina del Sur, en su sello Najma, desde finales de los a\u00f1os 1960 hasta mediados de los 1970. Era tan ambicioso como talentoso, y su obra abarca desde soul profundo y brutal hasta baladas instrumentales sofisticadas y funk con influencias de jazz.<br \/>Egon de Now-Again descubri\u00f3 por primera vez la m\u00fasica de Reese en un 24 lock-in en Concord, Carolina del Norte. legendario dep\u00f3sito de discos y relojes antiguos, Ye Olde Clock Shoppe, en 1999. Despu\u00e9s de localizar a Reese, reedit\u00f3 oficialmente dos de las canciones de Reese en su antolog\u00eda fundamental Stones Throw, The Funky 16 Corners. M\u00e1s tarde public\u00f3 m\u00e1s m\u00fasica de Reese en la antolog\u00eda Now-Again Loving On The Flipside. <br \/>Wait For Me: The Complete Works 1967-1972 presenta canciones publicadas y recientemente redescubiertas. en formato de larga duraci\u00f3n, en un conjunto cohesivo que muestra el brillo que a\u00fan surge de los sustratos del soul y funk americano. Entre ellos se incluye un remix de la canci\u00f3n \u00abThrowing Stones\u00bb del antiguo asociado de Now-Again, Kenny Dope. Tambi\u00e9n viene con un extenso folleto que detalla la trayectoria de Reese y su banda. Tarjeta de descarga para archivos WAV incluida con el LP.<\/p>\n","protected":false},"excerpt":{"rendered":"<p>Las obras completas, incluidas grabaciones reci\u00e9n descubiertas, del l\u00edder de la banda de funk\/soul de Carolina del Sur, James Reese, un productor con influencias<a class=\"read\" href=\"https:\/\/wpguerssen-test.odoo.rgbconsulting.com\/es\/producto\/wait-for-me-the-complete-works-1967-1972\/\"> (...)<\/a>","protected":false},"featured_media":249794,"template":"","meta":{"_acf_changed":false},"product_brand":[],"product_cat":[21649,23219],"product_tag":[],"class_list":{"0":"post-249855","1":"product","2":"type-product","3":"status-publish","4":"has-post-thumbnail","6":"product_cat-soul-rnb-es","7":"product_cat-funk-es","8":"pa_artist-reese-james","9":"pa_format-lp-es","10":"pa_gender-funk-soul-rnb","11":"pa_label-now-again","12":"pa_location-north-america-es","13":"pa_other-filters-vinyl-only-es","15":"first","16":"instock","17":"taxable","18":"shipping-taxable","19":"purchasable","20":"product-type-simple"},"acf":[],"yoast_head":"<!-- This site is optimized with the Yoast SEO plugin v24.9 - https:\/\/yoast.com\/wordpress\/plugins\/seo\/ -->\n<title>REESE, James - Wait For Me. The Complete Works 1967 1972 -  (LP) | Guerssen<\/title>\n<meta name=\"description\" content=\"The complete works, including newly discovered recordings, by South Carolinian funk\/soul bandleader James Reese, a jazz-inflected producer as ambitious as he was talented.Trombonist, bandleader, songwriter, arranger and producer James Reese never issued an album with his Progressions band, only a series of 45s - some under his own name, some under that of his collaboraors - out of Spartanburg, South Carolina on his Najma label, from the late 1960s until the mid 1970s. He was as ambitious as he was talented, and his ouevre ranges from brutal, deep soul to sophisticated instrumental ballads to jazz-inflected funk.Now-Again&#039;s Egon first discovered Reese&#039;s music on a 24 lock-in in Concord, North Carolina&#039;s legendary record and antique clock repository, Ye Olde Clock Shoppe, in 1999. After he tracked down Reese, he officially reissued two of Reese&#039;s songs on his seminal Stones Throw anthology The Funky 16 Corners. He later issued more of Reese&#039;s music on the Now-Again anthology Loving On The Flipside.Sourced from rare 45s and multi-track master tapes, Wait For Me: The Complete Works 1967-1972 presents both issued and recently-rediscovered songs in the full-length format, in a cohesive set that shows the brilliance still arising from the American soul and funk sub-strata. Included among them is a remix of the track &quot;Throwing Stones&quot; from longtime Now-Again associate Kenny Dope. Also comes bundled with an extensive booklet detailing the trajectory of Reese and his band. Download card for WAV files included with the LP.\" \/>\n<meta name=\"robots\" content=\"index, follow, max-snippet:-1, max-image-preview:large, max-video-preview:-1\" \/>\n<link rel=\"canonical\" href=\"https:\/\/wpguerssen-test.odoo.rgbconsulting.com\/es\/producto\/wait-for-me-the-complete-works-1967-1972\/\" \/>\n<meta property=\"og:locale\" content=\"es_ES\" \/>\n<meta property=\"og:type\" content=\"article\" \/>\n<meta property=\"og:title\" content=\"REESE, James - Wait For Me. The Complete Works 1967 1972 -  (LP) | Guerssen\" \/>\n<meta property=\"og:description\" content=\"The complete works, including newly discovered recordings, by South Carolinian funk\/soul bandleader James Reese, a jazz-inflected producer as ambitious as he was talented.Trombonist, bandleader, songwriter, arranger and producer James Reese never issued an album with his Progressions band, only a series of 45s - some under his own name, some under that of his collaboraors - out of Spartanburg, South Carolina on his Najma label, from the late 1960s until the mid 1970s. He was as ambitious as he was talented, and his ouevre ranges from brutal, deep soul to sophisticated instrumental ballads to jazz-inflected funk.Now-Again&#039;s Egon first discovered Reese&#039;s music on a 24 lock-in in Concord, North Carolina&#039;s legendary record and antique clock repository, Ye Olde Clock Shoppe, in 1999. After he tracked down Reese, he officially reissued two of Reese&#039;s songs on his seminal Stones Throw anthology The Funky 16 Corners. He later issued more of Reese&#039;s music on the Now-Again anthology Loving On The Flipside.Sourced from rare 45s and multi-track master tapes, Wait For Me: The Complete Works 1967-1972 presents both issued and recently-rediscovered songs in the full-length format, in a cohesive set that shows the brilliance still arising from the American soul and funk sub-strata. Included among them is a remix of the track &quot;Throwing Stones&quot; from longtime Now-Again associate Kenny Dope. Also comes bundled with an extensive booklet detailing the trajectory of Reese and his band. Download card for WAV files included with the LP.\" \/>\n<meta property=\"og:url\" content=\"https:\/\/wpguerssen-test.odoo.rgbconsulting.com\/es\/producto\/wait-for-me-the-complete-works-1967-1972\/\" \/>\n<meta property=\"og:site_name\" content=\"Guerssen records\" \/>\n<meta property=\"article:modified_time\" content=\"2024-12-16T16:56:00+00:00\" \/>\n<meta property=\"og:image\" content=\"https:\/\/wpguerssen-test.odoo.rgbconsulting.com\/wp-content\/uploads\/2024\/01\/46744.jpg\" \/>\n\t<meta property=\"og:image:width\" content=\"243\" \/>\n\t<meta property=\"og:image:height\" content=\"243\" \/>\n\t<meta property=\"og:image:type\" content=\"image\/jpeg\" \/>\n<meta name=\"twitter:card\" content=\"summary_large_image\" \/>\n<meta name=\"twitter:title\" content=\"REESE, James - Wait For Me. The Complete Works 1967 1972 -  (LP) | Guerssen\" \/>\n<meta name=\"twitter:label1\" content=\"Tiempo de lectura\" \/>\n\t<meta name=\"twitter:data1\" content=\"1 minuto\" \/>\n<script type=\"application\/ld+json\" class=\"yoast-schema-graph\">{\"@context\":\"https:\/\/schema.org\",\"@graph\":[{\"@type\":\"WebPage\",\"@id\":\"https:\/\/wpguerssen-test.odoo.rgbconsulting.com\/es\/producto\/wait-for-me-the-complete-works-1967-1972\/\",\"url\":\"https:\/\/wpguerssen-test.odoo.rgbconsulting.com\/es\/producto\/wait-for-me-the-complete-works-1967-1972\/\",\"name\":\"REESE, James - Wait For Me. The Complete Works 1967 1972 - (LP) | Guerssen\",\"isPartOf\":{\"@id\":\"https:\/\/wpguerssen-test.odoo.rgbconsulting.com\/es\/#website\"},\"primaryImageOfPage\":{\"@id\":\"https:\/\/wpguerssen-test.odoo.rgbconsulting.com\/es\/producto\/wait-for-me-the-complete-works-1967-1972\/#primaryimage\"},\"image\":{\"@id\":\"https:\/\/wpguerssen-test.odoo.rgbconsulting.com\/es\/producto\/wait-for-me-the-complete-works-1967-1972\/#primaryimage\"},\"thumbnailUrl\":\"https:\/\/wpguerssen-test.odoo.rgbconsulting.com\/wp-content\/uploads\/2024\/01\/46744.jpg\",\"datePublished\":\"2024-01-22T23:00:00+00:00\",\"dateModified\":\"2024-12-16T16:56:00+00:00\",\"description\":\"The complete works, including newly discovered recordings, by South Carolinian funk\/soul bandleader James Reese, a jazz-inflected producer as ambitious as he was talented.Trombonist, bandleader, songwriter, arranger and producer James Reese never issued an album with his Progressions band, only a series of 45s - some under his own name, some under that of his collaboraors - out of Spartanburg, South Carolina on his Najma label, from the late 1960s until the mid 1970s. He was as ambitious as he was talented, and his ouevre ranges from brutal, deep soul to sophisticated instrumental ballads to jazz-inflected funk.Now-Again's Egon first discovered Reese's music on a 24 lock-in in Concord, North Carolina's legendary record and antique clock repository, Ye Olde Clock Shoppe, in 1999. After he tracked down Reese, he officially reissued two of Reese's songs on his seminal Stones Throw anthology The Funky 16 Corners. He later issued more of Reese's music on the Now-Again anthology Loving On The Flipside.Sourced from rare 45s and multi-track master tapes, Wait For Me: The Complete Works 1967-1972 presents both issued and recently-rediscovered songs in the full-length format, in a cohesive set that shows the brilliance still arising from the American soul and funk sub-strata. Included among them is a remix of the track \\\"Throwing Stones\\\" from longtime Now-Again associate Kenny Dope. Also comes bundled with an extensive booklet detailing the trajectory of Reese and his band. Download card for WAV files included with the LP.\",\"breadcrumb\":{\"@id\":\"https:\/\/wpguerssen-test.odoo.rgbconsulting.com\/es\/producto\/wait-for-me-the-complete-works-1967-1972\/#breadcrumb\"},\"inLanguage\":\"es\",\"potentialAction\":[{\"@type\":\"ReadAction\",\"target\":[\"https:\/\/wpguerssen-test.odoo.rgbconsulting.com\/es\/producto\/wait-for-me-the-complete-works-1967-1972\/\"]}]},{\"@type\":\"ImageObject\",\"inLanguage\":\"es\",\"@id\":\"https:\/\/wpguerssen-test.odoo.rgbconsulting.com\/es\/producto\/wait-for-me-the-complete-works-1967-1972\/#primaryimage\",\"url\":\"https:\/\/wpguerssen-test.odoo.rgbconsulting.com\/wp-content\/uploads\/2024\/01\/46744.jpg\",\"contentUrl\":\"https:\/\/wpguerssen-test.odoo.rgbconsulting.com\/wp-content\/uploads\/2024\/01\/46744.jpg\",\"width\":243,\"height\":243,\"caption\":\"James - Wait For Me. The Complete Works 1967 1972 - NOW AGAIN (LP) | Guerssen\"},{\"@type\":\"BreadcrumbList\",\"@id\":\"https:\/\/wpguerssen-test.odoo.rgbconsulting.com\/es\/producto\/wait-for-me-the-complete-works-1967-1972\/#breadcrumb\",\"itemListElement\":[{\"@type\":\"ListItem\",\"position\":1,\"name\":\"Inicio\",\"item\":\"https:\/\/wpguerssen-test.odoo.rgbconsulting.com\/es\/\"},{\"@type\":\"ListItem\",\"position\":2,\"name\":\"Shop\",\"item\":\"https:\/\/wpguerssen-test.odoo.rgbconsulting.com\/shop\/\"},{\"@type\":\"ListItem\",\"position\":3,\"name\":\"Wait For Me. The Complete Works 1967 1972\"}]},{\"@type\":\"WebSite\",\"@id\":\"https:\/\/wpguerssen-test.odoo.rgbconsulting.com\/es\/#website\",\"url\":\"https:\/\/wpguerssen-test.odoo.rgbconsulting.com\/es\/\",\"name\":\"Guerssen records\",\"description\":\"psychedelia - progressive - folk - garage \",\"publisher\":{\"@id\":\"https:\/\/wpguerssen-test.odoo.rgbconsulting.com\/es\/#organization\"},\"potentialAction\":[{\"@type\":\"SearchAction\",\"target\":{\"@type\":\"EntryPoint\",\"urlTemplate\":\"https:\/\/wpguerssen-test.odoo.rgbconsulting.com\/es\/?s={search_term_string}\"},\"query-input\":{\"@type\":\"PropertyValueSpecification\",\"valueRequired\":true,\"valueName\":\"search_term_string\"}}],\"inLanguage\":\"es\"},{\"@type\":\"Organization\",\"@id\":\"https:\/\/wpguerssen-test.odoo.rgbconsulting.com\/es\/#organization\",\"name\":\"Guerssen records\",\"url\":\"https:\/\/wpguerssen-test.odoo.rgbconsulting.com\/es\/\",\"logo\":{\"@type\":\"ImageObject\",\"inLanguage\":\"es\",\"@id\":\"https:\/\/wpguerssen-test.odoo.rgbconsulting.com\/es\/#\/schema\/logo\/image\/\",\"url\":\"https:\/\/wpguerssen-test.odoo.rgbconsulting.com\/wp-content\/uploads\/2022\/04\/Logo_Guerssen_trans_100.png\",\"contentUrl\":\"https:\/\/wpguerssen-test.odoo.rgbconsulting.com\/wp-content\/uploads\/2022\/04\/Logo_Guerssen_trans_100.png\",\"width\":122,\"height\":100,\"caption\":\"Guerssen records\"},\"image\":{\"@id\":\"https:\/\/wpguerssen-test.odoo.rgbconsulting.com\/es\/#\/schema\/logo\/image\/\"}}]}<\/script>\n<!-- \/ Yoast SEO plugin. -->","yoast_head_json":{"title":"REESE, James - Wait For Me. The Complete Works 1967 1972 -  (LP) | Guerssen","description":"The complete works, including newly discovered recordings, by South Carolinian funk\/soul bandleader James Reese, a jazz-inflected producer as ambitious as he was talented.Trombonist, bandleader, songwriter, arranger and producer James Reese never issued an album with his Progressions band, only a series of 45s - some under his own name, some under that of his collaboraors - out of Spartanburg, South Carolina on his Najma label, from the late 1960s until the mid 1970s. He was as ambitious as he was talented, and his ouevre ranges from brutal, deep soul to sophisticated instrumental ballads to jazz-inflected funk.Now-Again's Egon first discovered Reese's music on a 24 lock-in in Concord, North Carolina's legendary record and antique clock repository, Ye Olde Clock Shoppe, in 1999. After he tracked down Reese, he officially reissued two of Reese's songs on his seminal Stones Throw anthology The Funky 16 Corners. He later issued more of Reese's music on the Now-Again anthology Loving On The Flipside.Sourced from rare 45s and multi-track master tapes, Wait For Me: The Complete Works 1967-1972 presents both issued and recently-rediscovered songs in the full-length format, in a cohesive set that shows the brilliance still arising from the American soul and funk sub-strata. Included among them is a remix of the track \"Throwing Stones\" from longtime Now-Again associate Kenny Dope. Also comes bundled with an extensive booklet detailing the trajectory of Reese and his band. Download card for WAV files included with the LP.","robots":{"index":"index","follow":"follow","max-snippet":"max-snippet:-1","max-image-preview":"max-image-preview:large","max-video-preview":"max-video-preview:-1"},"canonical":"https:\/\/wpguerssen-test.odoo.rgbconsulting.com\/es\/producto\/wait-for-me-the-complete-works-1967-1972\/","og_locale":"es_ES","og_type":"article","og_title":"REESE, James - Wait For Me. The Complete Works 1967 1972 -  (LP) | Guerssen","og_description":"The complete works, including newly discovered recordings, by South Carolinian funk\/soul bandleader James Reese, a jazz-inflected producer as ambitious as he was talented.Trombonist, bandleader, songwriter, arranger and producer James Reese never issued an album with his Progressions band, only a series of 45s - some under his own name, some under that of his collaboraors - out of Spartanburg, South Carolina on his Najma label, from the late 1960s until the mid 1970s. He was as ambitious as he was talented, and his ouevre ranges from brutal, deep soul to sophisticated instrumental ballads to jazz-inflected funk.Now-Again's Egon first discovered Reese's music on a 24 lock-in in Concord, North Carolina's legendary record and antique clock repository, Ye Olde Clock Shoppe, in 1999. After he tracked down Reese, he officially reissued two of Reese's songs on his seminal Stones Throw anthology The Funky 16 Corners. He later issued more of Reese's music on the Now-Again anthology Loving On The Flipside.Sourced from rare 45s and multi-track master tapes, Wait For Me: The Complete Works 1967-1972 presents both issued and recently-rediscovered songs in the full-length format, in a cohesive set that shows the brilliance still arising from the American soul and funk sub-strata. Included among them is a remix of the track \"Throwing Stones\" from longtime Now-Again associate Kenny Dope. Also comes bundled with an extensive booklet detailing the trajectory of Reese and his band. Download card for WAV files included with the LP.","og_url":"https:\/\/wpguerssen-test.odoo.rgbconsulting.com\/es\/producto\/wait-for-me-the-complete-works-1967-1972\/","og_site_name":"Guerssen records","article_modified_time":"2024-12-16T16:56:00+00:00","og_image":[{"width":243,"height":243,"url":"https:\/\/wpguerssen-test.odoo.rgbconsulting.com\/wp-content\/uploads\/2024\/01\/46744.jpg","type":"image\/jpeg"}],"twitter_card":"summary_large_image","twitter_title":"REESE, James - Wait For Me. The Complete Works 1967 1972 -  (LP) | Guerssen","twitter_misc":{"Tiempo de lectura":"1 minuto"},"schema":{"@context":"https:\/\/schema.org","@graph":[{"@type":"WebPage","@id":"https:\/\/wpguerssen-test.odoo.rgbconsulting.com\/es\/producto\/wait-for-me-the-complete-works-1967-1972\/","url":"https:\/\/wpguerssen-test.odoo.rgbconsulting.com\/es\/producto\/wait-for-me-the-complete-works-1967-1972\/","name":"REESE, James - Wait For Me. The Complete Works 1967 1972 - (LP) | Guerssen","isPartOf":{"@id":"https:\/\/wpguerssen-test.odoo.rgbconsulting.com\/es\/#website"},"primaryImageOfPage":{"@id":"https:\/\/wpguerssen-test.odoo.rgbconsulting.com\/es\/producto\/wait-for-me-the-complete-works-1967-1972\/#primaryimage"},"image":{"@id":"https:\/\/wpguerssen-test.odoo.rgbconsulting.com\/es\/producto\/wait-for-me-the-complete-works-1967-1972\/#primaryimage"},"thumbnailUrl":"https:\/\/wpguerssen-test.odoo.rgbconsulting.com\/wp-content\/uploads\/2024\/01\/46744.jpg","datePublished":"2024-01-22T23:00:00+00:00","dateModified":"2024-12-16T16:56:00+00:00","description":"The complete works, including newly discovered recordings, by South Carolinian funk\/soul bandleader James Reese, a jazz-inflected producer as ambitious as he was talented.Trombonist, bandleader, songwriter, arranger and producer James Reese never issued an album with his Progressions band, only a series of 45s - some under his own name, some under that of his collaboraors - out of Spartanburg, South Carolina on his Najma label, from the late 1960s until the mid 1970s. He was as ambitious as he was talented, and his ouevre ranges from brutal, deep soul to sophisticated instrumental ballads to jazz-inflected funk.Now-Again's Egon first discovered Reese's music on a 24 lock-in in Concord, North Carolina's legendary record and antique clock repository, Ye Olde Clock Shoppe, in 1999. After he tracked down Reese, he officially reissued two of Reese's songs on his seminal Stones Throw anthology The Funky 16 Corners. He later issued more of Reese's music on the Now-Again anthology Loving On The Flipside.Sourced from rare 45s and multi-track master tapes, Wait For Me: The Complete Works 1967-1972 presents both issued and recently-rediscovered songs in the full-length format, in a cohesive set that shows the brilliance still arising from the American soul and funk sub-strata. Included among them is a remix of the track \"Throwing Stones\" from longtime Now-Again associate Kenny Dope. Also comes bundled with an extensive booklet detailing the trajectory of Reese and his band. Download card for WAV files included with the LP.","breadcrumb":{"@id":"https:\/\/wpguerssen-test.odoo.rgbconsulting.com\/es\/producto\/wait-for-me-the-complete-works-1967-1972\/#breadcrumb"},"inLanguage":"es","potentialAction":[{"@type":"ReadAction","target":["https:\/\/wpguerssen-test.odoo.rgbconsulting.com\/es\/producto\/wait-for-me-the-complete-works-1967-1972\/"]}]},{"@type":"ImageObject","inLanguage":"es","@id":"https:\/\/wpguerssen-test.odoo.rgbconsulting.com\/es\/producto\/wait-for-me-the-complete-works-1967-1972\/#primaryimage","url":"https:\/\/wpguerssen-test.odoo.rgbconsulting.com\/wp-content\/uploads\/2024\/01\/46744.jpg","contentUrl":"https:\/\/wpguerssen-test.odoo.rgbconsulting.com\/wp-content\/uploads\/2024\/01\/46744.jpg","width":243,"height":243,"caption":"James - Wait For Me. The Complete Works 1967 1972 - NOW AGAIN (LP) | Guerssen"},{"@type":"BreadcrumbList","@id":"https:\/\/wpguerssen-test.odoo.rgbconsulting.com\/es\/producto\/wait-for-me-the-complete-works-1967-1972\/#breadcrumb","itemListElement":[{"@type":"ListItem","position":1,"name":"Inicio","item":"https:\/\/wpguerssen-test.odoo.rgbconsulting.com\/es\/"},{"@type":"ListItem","position":2,"name":"Shop","item":"https:\/\/wpguerssen-test.odoo.rgbconsulting.com\/shop\/"},{"@type":"ListItem","position":3,"name":"Wait For Me. The Complete Works 1967 1972"}]},{"@type":"WebSite","@id":"https:\/\/wpguerssen-test.odoo.rgbconsulting.com\/es\/#website","url":"https:\/\/wpguerssen-test.odoo.rgbconsulting.com\/es\/","name":"Guerssen records","description":"psychedelia - progressive - folk - garage ","publisher":{"@id":"https:\/\/wpguerssen-test.odoo.rgbconsulting.com\/es\/#organization"},"potentialAction":[{"@type":"SearchAction","target":{"@type":"EntryPoint","urlTemplate":"https:\/\/wpguerssen-test.odoo.rgbconsulting.com\/es\/?s={search_term_string}"},"query-input":{"@type":"PropertyValueSpecification","valueRequired":true,"valueName":"search_term_string"}}],"inLanguage":"es"},{"@type":"Organization","@id":"https:\/\/wpguerssen-test.odoo.rgbconsulting.com\/es\/#organization","name":"Guerssen records","url":"https:\/\/wpguerssen-test.odoo.rgbconsulting.com\/es\/","logo":{"@type":"ImageObject","inLanguage":"es","@id":"https:\/\/wpguerssen-test.odoo.rgbconsulting.com\/es\/#\/schema\/logo\/image\/","url":"https:\/\/wpguerssen-test.odoo.rgbconsulting.com\/wp-content\/uploads\/2022\/04\/Logo_Guerssen_trans_100.png","contentUrl":"https:\/\/wpguerssen-test.odoo.rgbconsulting.com\/wp-content\/uploads\/2022\/04\/Logo_Guerssen_trans_100.png","width":122,"height":100,"caption":"Guerssen records"},"image":{"@id":"https:\/\/wpguerssen-test.odoo.rgbconsulting.com\/es\/#\/schema\/logo\/image\/"}}]}},"_links":{"self":[{"href":"https:\/\/wpguerssen-test.odoo.rgbconsulting.com\/es\/wp-json\/wp\/v2\/product\/249855","targetHints":{"allow":["GET"]}}],"collection":[{"href":"https:\/\/wpguerssen-test.odoo.rgbconsulting.com\/es\/wp-json\/wp\/v2\/product"}],"about":[{"href":"https:\/\/wpguerssen-test.odoo.rgbconsulting.com\/es\/wp-json\/wp\/v2\/types\/product"}],"wp:featuredmedia":[{"embeddable":true,"href":"https:\/\/wpguerssen-test.odoo.rgbconsulting.com\/es\/wp-json\/wp\/v2\/media\/249794"}],"wp:attachment":[{"href":"https:\/\/wpguerssen-test.odoo.rgbconsulting.com\/es\/wp-json\/wp\/v2\/media?parent=249855"}],"wp:term":[{"taxonomy":"product_brand","embeddable":true,"href":"https:\/\/wpguerssen-test.odoo.rgbconsulting.com\/es\/wp-json\/wp\/v2\/product_brand?post=249855"},{"taxonomy":"product_cat","embeddable":true,"href":"https:\/\/wpguerssen-test.odoo.rgbconsulting.com\/es\/wp-json\/wp\/v2\/product_cat?post=249855"},{"taxonomy":"product_tag","embeddable":true,"href":"https:\/\/wpguerssen-test.odoo.rgbconsulting.com\/es\/wp-json\/wp\/v2\/product_tag?post=249855"}],"curies":[{"name":"wp","href":"https:\/\/api.w.org\/{rel}","templated":true}]}}