{"id":249860,"date":"2024-01-23T00:00:00","date_gmt":"2024-01-22T23:00:00","guid":{"rendered":"https:\/\/wpguerssen-test.odoo.rgbconsulting.com\/product\/the-name-of-this-terrain\/"},"modified":"2024-12-16T17:56:13","modified_gmt":"2024-12-16T16:56:13","slug":"the-name-of-this-terrain","status":"publish","type":"product","link":"https:\/\/wpguerssen-test.odoo.rgbconsulting.com\/es\/producto\/the-name-of-this-terrain\/","title":{"rendered":"The Name Of This Terrain"},"content":{"rendered":"<p>En Now-Again evitamos la hip\u00e9rbole, pero creemos que este \u00e1lbum es uno de los \u00faltimos hallazgos del coleccionismo de discos: la entrada que falta en la discograf\u00eda del pianista\/compositor\/psiquiatra de jazz Denny Zeitlin, una maravillosa y extra\u00f1a fusi\u00f3n de m\u00fasica vanguardista, jazz, funk, rock y m\u00fasica electr\u00f3nica.<br \/>The Name Of This Terrain fue grabado y editado en una edici\u00f3n escasa y personalizada como demo en 1969, y desafi\u00f3 tanto su propia existencia que, incluso despu\u00e9s de que su productor muriera y sus copias fueran descubiertas, Zeitlin se resisti\u00f3 firmemente a su publicaci\u00f3n durante casi 20 a\u00f1os, destruyendo los demos que le quedaban para no sufrir p\u00f3stumamente la misma ignominia. Tras su reevaluaci\u00f3n, este \u00e1lbum se publica con la bendici\u00f3n y orientaci\u00f3n de su creador.<br \/>Tarjeta de descarga de archivos WAV para todas las pistas de vinilo, as\u00ed como pistas extra, incluidas.<\/p>\n","protected":false},"excerpt":{"rendered":"<p>En Now-Again evitamos la hip\u00e9rbole, pero creemos que este \u00e1lbum es uno de los \u00faltimos hallazgos del coleccionismo de discos: la entrada que falta en la discograf\u00eda<a class=\"read\" href=\"https:\/\/wpguerssen-test.odoo.rgbconsulting.com\/es\/producto\/the-name-of-this-terrain\/\"> (...)<\/a>","protected":false},"featured_media":249809,"template":"","meta":{"_acf_changed":false},"product_brand":[],"product_cat":[23227],"product_tag":[],"class_list":{"0":"post-249860","1":"product","2":"type-product","3":"status-publish","4":"has-post-thumbnail","6":"product_cat-jazz-es","7":"pa_artist-zeitlin-denny","8":"pa_format-lp-es","9":"pa_gender-jazz","10":"pa_label-now-again","11":"pa_location-north-america-es","12":"pa_other-filters-vinyl-only-es","14":"first","15":"instock","16":"taxable","17":"shipping-taxable","18":"purchasable","19":"product-type-simple"},"acf":[],"yoast_head":"<!-- This site is optimized with the Yoast SEO plugin v24.9 - https:\/\/yoast.com\/wordpress\/plugins\/seo\/ -->\n<title>ZEITLIN, Denny - The Name Of This Terrain -  (LP) | Guerssen<\/title>\n<meta name=\"description\" content=\"At Now-Again, we avoid hyperbole, yet we believe that this album is one of record collecting&#039;s ultimate finds: the missing entry in jazz pianist\/composer\/psychiatrist Denny Zeitlin&#039;s discography, a wonderful and weird fusion of avant-classical, jazz, funk, rock and electronic music.The Name Of This Terrain was recorded and pressed in a scant, custom run as a demo in 1969 -and it so defied its own existence that, even after its producer died and his copies were discovered, Zeitlin steadfastly resisted its release for almost 20 years, destroying his remaining demos so not to posthumously suffer the same ignominy. Following his reappraisal, this album is issued with its creator&#039;s blessing and guidance.You will surely never hear an album like this again, by the musician the venerable jazz critic Leonard Feather called, &quot;the most versatile young pianist to come to prominence in the early sixties,&quot; and who took a left turn at the end of the decade, documenting a pivotal 20th century moment with passion, intellect, and humor in turn.The Name Of This Terrain found its way out of the depths - wonderful and having aged well, like well-corked, deep wine stored in a cold cellar. Ready for another moment to shine and be understood, redolent of the tastes and textures of a different time, one we pine for and that we won&#039;t often see again, but can happily, momentarily, indulge.Now-Again&#039;s Eothen Alapatt and Zeitlin-chonicler Andrew Gilbert collaborate here to tell the story of this amazing album. Never-before seen photos and ephemera appear in the oversized book. Download card for WAV files for all vinyl tracks, as well as bonus tracks, included.\" \/>\n<meta name=\"robots\" content=\"index, follow, max-snippet:-1, max-image-preview:large, max-video-preview:-1\" \/>\n<link rel=\"canonical\" href=\"https:\/\/wpguerssen-test.odoo.rgbconsulting.com\/es\/producto\/the-name-of-this-terrain\/\" \/>\n<meta property=\"og:locale\" content=\"es_ES\" \/>\n<meta property=\"og:type\" content=\"article\" \/>\n<meta property=\"og:title\" content=\"ZEITLIN, Denny - The Name Of This Terrain -  (LP) | Guerssen\" \/>\n<meta property=\"og:description\" content=\"At Now-Again, we avoid hyperbole, yet we believe that this album is one of record collecting&#039;s ultimate finds: the missing entry in jazz pianist\/composer\/psychiatrist Denny Zeitlin&#039;s discography, a wonderful and weird fusion of avant-classical, jazz, funk, rock and electronic music.The Name Of This Terrain was recorded and pressed in a scant, custom run as a demo in 1969 -and it so defied its own existence that, even after its producer died and his copies were discovered, Zeitlin steadfastly resisted its release for almost 20 years, destroying his remaining demos so not to posthumously suffer the same ignominy. Following his reappraisal, this album is issued with its creator&#039;s blessing and guidance.You will surely never hear an album like this again, by the musician the venerable jazz critic Leonard Feather called, &quot;the most versatile young pianist to come to prominence in the early sixties,&quot; and who took a left turn at the end of the decade, documenting a pivotal 20th century moment with passion, intellect, and humor in turn.The Name Of This Terrain found its way out of the depths - wonderful and having aged well, like well-corked, deep wine stored in a cold cellar. Ready for another moment to shine and be understood, redolent of the tastes and textures of a different time, one we pine for and that we won&#039;t often see again, but can happily, momentarily, indulge.Now-Again&#039;s Eothen Alapatt and Zeitlin-chonicler Andrew Gilbert collaborate here to tell the story of this amazing album. Never-before seen photos and ephemera appear in the oversized book. Download card for WAV files for all vinyl tracks, as well as bonus tracks, included.\" \/>\n<meta property=\"og:url\" content=\"https:\/\/wpguerssen-test.odoo.rgbconsulting.com\/es\/producto\/the-name-of-this-terrain\/\" \/>\n<meta property=\"og:site_name\" content=\"Guerssen records\" \/>\n<meta property=\"article:modified_time\" content=\"2024-12-16T16:56:13+00:00\" \/>\n<meta property=\"og:image\" content=\"https:\/\/wpguerssen-test.odoo.rgbconsulting.com\/wp-content\/uploads\/2024\/01\/46749.jpg\" \/>\n\t<meta property=\"og:image:width\" content=\"243\" \/>\n\t<meta property=\"og:image:height\" content=\"243\" \/>\n\t<meta property=\"og:image:type\" content=\"image\/jpeg\" \/>\n<meta name=\"twitter:card\" content=\"summary_large_image\" \/>\n<meta name=\"twitter:title\" content=\"ZEITLIN, Denny - The Name Of This Terrain -  (LP) | Guerssen\" \/>\n<meta name=\"twitter:label1\" content=\"Tiempo de lectura\" \/>\n\t<meta name=\"twitter:data1\" content=\"1 minuto\" \/>\n<script type=\"application\/ld+json\" class=\"yoast-schema-graph\">{\"@context\":\"https:\/\/schema.org\",\"@graph\":[{\"@type\":\"WebPage\",\"@id\":\"https:\/\/wpguerssen-test.odoo.rgbconsulting.com\/es\/producto\/the-name-of-this-terrain\/\",\"url\":\"https:\/\/wpguerssen-test.odoo.rgbconsulting.com\/es\/producto\/the-name-of-this-terrain\/\",\"name\":\"ZEITLIN, Denny - The Name Of This Terrain - (LP) | Guerssen\",\"isPartOf\":{\"@id\":\"https:\/\/wpguerssen-test.odoo.rgbconsulting.com\/es\/#website\"},\"primaryImageOfPage\":{\"@id\":\"https:\/\/wpguerssen-test.odoo.rgbconsulting.com\/es\/producto\/the-name-of-this-terrain\/#primaryimage\"},\"image\":{\"@id\":\"https:\/\/wpguerssen-test.odoo.rgbconsulting.com\/es\/producto\/the-name-of-this-terrain\/#primaryimage\"},\"thumbnailUrl\":\"https:\/\/wpguerssen-test.odoo.rgbconsulting.com\/wp-content\/uploads\/2024\/01\/46749.jpg\",\"datePublished\":\"2024-01-22T23:00:00+00:00\",\"dateModified\":\"2024-12-16T16:56:13+00:00\",\"description\":\"At Now-Again, we avoid hyperbole, yet we believe that this album is one of record collecting's ultimate finds: the missing entry in jazz pianist\/composer\/psychiatrist Denny Zeitlin's discography, a wonderful and weird fusion of avant-classical, jazz, funk, rock and electronic music.The Name Of This Terrain was recorded and pressed in a scant, custom run as a demo in 1969 -and it so defied its own existence that, even after its producer died and his copies were discovered, Zeitlin steadfastly resisted its release for almost 20 years, destroying his remaining demos so not to posthumously suffer the same ignominy. Following his reappraisal, this album is issued with its creator's blessing and guidance.You will surely never hear an album like this again, by the musician the venerable jazz critic Leonard Feather called, \\\"the most versatile young pianist to come to prominence in the early sixties,\\\" and who took a left turn at the end of the decade, documenting a pivotal 20th century moment with passion, intellect, and humor in turn.The Name Of This Terrain found its way out of the depths - wonderful and having aged well, like well-corked, deep wine stored in a cold cellar. Ready for another moment to shine and be understood, redolent of the tastes and textures of a different time, one we pine for and that we won't often see again, but can happily, momentarily, indulge.Now-Again's Eothen Alapatt and Zeitlin-chonicler Andrew Gilbert collaborate here to tell the story of this amazing album. Never-before seen photos and ephemera appear in the oversized book. Download card for WAV files for all vinyl tracks, as well as bonus tracks, included.\",\"breadcrumb\":{\"@id\":\"https:\/\/wpguerssen-test.odoo.rgbconsulting.com\/es\/producto\/the-name-of-this-terrain\/#breadcrumb\"},\"inLanguage\":\"es\",\"potentialAction\":[{\"@type\":\"ReadAction\",\"target\":[\"https:\/\/wpguerssen-test.odoo.rgbconsulting.com\/es\/producto\/the-name-of-this-terrain\/\"]}]},{\"@type\":\"ImageObject\",\"inLanguage\":\"es\",\"@id\":\"https:\/\/wpguerssen-test.odoo.rgbconsulting.com\/es\/producto\/the-name-of-this-terrain\/#primaryimage\",\"url\":\"https:\/\/wpguerssen-test.odoo.rgbconsulting.com\/wp-content\/uploads\/2024\/01\/46749.jpg\",\"contentUrl\":\"https:\/\/wpguerssen-test.odoo.rgbconsulting.com\/wp-content\/uploads\/2024\/01\/46749.jpg\",\"width\":243,\"height\":243,\"caption\":\"Denny - The Name Of This Terrain - NOW AGAIN (LP) | Guerssen\"},{\"@type\":\"BreadcrumbList\",\"@id\":\"https:\/\/wpguerssen-test.odoo.rgbconsulting.com\/es\/producto\/the-name-of-this-terrain\/#breadcrumb\",\"itemListElement\":[{\"@type\":\"ListItem\",\"position\":1,\"name\":\"Inicio\",\"item\":\"https:\/\/wpguerssen-test.odoo.rgbconsulting.com\/es\/\"},{\"@type\":\"ListItem\",\"position\":2,\"name\":\"Shop\",\"item\":\"https:\/\/wpguerssen-test.odoo.rgbconsulting.com\/shop\/\"},{\"@type\":\"ListItem\",\"position\":3,\"name\":\"The Name Of This Terrain\"}]},{\"@type\":\"WebSite\",\"@id\":\"https:\/\/wpguerssen-test.odoo.rgbconsulting.com\/es\/#website\",\"url\":\"https:\/\/wpguerssen-test.odoo.rgbconsulting.com\/es\/\",\"name\":\"Guerssen records\",\"description\":\"psychedelia - progressive - folk - garage \",\"publisher\":{\"@id\":\"https:\/\/wpguerssen-test.odoo.rgbconsulting.com\/es\/#organization\"},\"potentialAction\":[{\"@type\":\"SearchAction\",\"target\":{\"@type\":\"EntryPoint\",\"urlTemplate\":\"https:\/\/wpguerssen-test.odoo.rgbconsulting.com\/es\/?s={search_term_string}\"},\"query-input\":{\"@type\":\"PropertyValueSpecification\",\"valueRequired\":true,\"valueName\":\"search_term_string\"}}],\"inLanguage\":\"es\"},{\"@type\":\"Organization\",\"@id\":\"https:\/\/wpguerssen-test.odoo.rgbconsulting.com\/es\/#organization\",\"name\":\"Guerssen records\",\"url\":\"https:\/\/wpguerssen-test.odoo.rgbconsulting.com\/es\/\",\"logo\":{\"@type\":\"ImageObject\",\"inLanguage\":\"es\",\"@id\":\"https:\/\/wpguerssen-test.odoo.rgbconsulting.com\/es\/#\/schema\/logo\/image\/\",\"url\":\"https:\/\/wpguerssen-test.odoo.rgbconsulting.com\/wp-content\/uploads\/2022\/04\/Logo_Guerssen_trans_100.png\",\"contentUrl\":\"https:\/\/wpguerssen-test.odoo.rgbconsulting.com\/wp-content\/uploads\/2022\/04\/Logo_Guerssen_trans_100.png\",\"width\":122,\"height\":100,\"caption\":\"Guerssen records\"},\"image\":{\"@id\":\"https:\/\/wpguerssen-test.odoo.rgbconsulting.com\/es\/#\/schema\/logo\/image\/\"}}]}<\/script>\n<!-- \/ Yoast SEO plugin. -->","yoast_head_json":{"title":"ZEITLIN, Denny - The Name Of This Terrain -  (LP) | Guerssen","description":"At Now-Again, we avoid hyperbole, yet we believe that this album is one of record collecting's ultimate finds: the missing entry in jazz pianist\/composer\/psychiatrist Denny Zeitlin's discography, a wonderful and weird fusion of avant-classical, jazz, funk, rock and electronic music.The Name Of This Terrain was recorded and pressed in a scant, custom run as a demo in 1969 -and it so defied its own existence that, even after its producer died and his copies were discovered, Zeitlin steadfastly resisted its release for almost 20 years, destroying his remaining demos so not to posthumously suffer the same ignominy. Following his reappraisal, this album is issued with its creator's blessing and guidance.You will surely never hear an album like this again, by the musician the venerable jazz critic Leonard Feather called, \"the most versatile young pianist to come to prominence in the early sixties,\" and who took a left turn at the end of the decade, documenting a pivotal 20th century moment with passion, intellect, and humor in turn.The Name Of This Terrain found its way out of the depths - wonderful and having aged well, like well-corked, deep wine stored in a cold cellar. Ready for another moment to shine and be understood, redolent of the tastes and textures of a different time, one we pine for and that we won't often see again, but can happily, momentarily, indulge.Now-Again's Eothen Alapatt and Zeitlin-chonicler Andrew Gilbert collaborate here to tell the story of this amazing album. Never-before seen photos and ephemera appear in the oversized book. Download card for WAV files for all vinyl tracks, as well as bonus tracks, included.","robots":{"index":"index","follow":"follow","max-snippet":"max-snippet:-1","max-image-preview":"max-image-preview:large","max-video-preview":"max-video-preview:-1"},"canonical":"https:\/\/wpguerssen-test.odoo.rgbconsulting.com\/es\/producto\/the-name-of-this-terrain\/","og_locale":"es_ES","og_type":"article","og_title":"ZEITLIN, Denny - The Name Of This Terrain -  (LP) | Guerssen","og_description":"At Now-Again, we avoid hyperbole, yet we believe that this album is one of record collecting's ultimate finds: the missing entry in jazz pianist\/composer\/psychiatrist Denny Zeitlin's discography, a wonderful and weird fusion of avant-classical, jazz, funk, rock and electronic music.The Name Of This Terrain was recorded and pressed in a scant, custom run as a demo in 1969 -and it so defied its own existence that, even after its producer died and his copies were discovered, Zeitlin steadfastly resisted its release for almost 20 years, destroying his remaining demos so not to posthumously suffer the same ignominy. Following his reappraisal, this album is issued with its creator's blessing and guidance.You will surely never hear an album like this again, by the musician the venerable jazz critic Leonard Feather called, \"the most versatile young pianist to come to prominence in the early sixties,\" and who took a left turn at the end of the decade, documenting a pivotal 20th century moment with passion, intellect, and humor in turn.The Name Of This Terrain found its way out of the depths - wonderful and having aged well, like well-corked, deep wine stored in a cold cellar. Ready for another moment to shine and be understood, redolent of the tastes and textures of a different time, one we pine for and that we won't often see again, but can happily, momentarily, indulge.Now-Again's Eothen Alapatt and Zeitlin-chonicler Andrew Gilbert collaborate here to tell the story of this amazing album. Never-before seen photos and ephemera appear in the oversized book. Download card for WAV files for all vinyl tracks, as well as bonus tracks, included.","og_url":"https:\/\/wpguerssen-test.odoo.rgbconsulting.com\/es\/producto\/the-name-of-this-terrain\/","og_site_name":"Guerssen records","article_modified_time":"2024-12-16T16:56:13+00:00","og_image":[{"width":243,"height":243,"url":"https:\/\/wpguerssen-test.odoo.rgbconsulting.com\/wp-content\/uploads\/2024\/01\/46749.jpg","type":"image\/jpeg"}],"twitter_card":"summary_large_image","twitter_title":"ZEITLIN, Denny - The Name Of This Terrain -  (LP) | Guerssen","twitter_misc":{"Tiempo de lectura":"1 minuto"},"schema":{"@context":"https:\/\/schema.org","@graph":[{"@type":"WebPage","@id":"https:\/\/wpguerssen-test.odoo.rgbconsulting.com\/es\/producto\/the-name-of-this-terrain\/","url":"https:\/\/wpguerssen-test.odoo.rgbconsulting.com\/es\/producto\/the-name-of-this-terrain\/","name":"ZEITLIN, Denny - The Name Of This Terrain - (LP) | Guerssen","isPartOf":{"@id":"https:\/\/wpguerssen-test.odoo.rgbconsulting.com\/es\/#website"},"primaryImageOfPage":{"@id":"https:\/\/wpguerssen-test.odoo.rgbconsulting.com\/es\/producto\/the-name-of-this-terrain\/#primaryimage"},"image":{"@id":"https:\/\/wpguerssen-test.odoo.rgbconsulting.com\/es\/producto\/the-name-of-this-terrain\/#primaryimage"},"thumbnailUrl":"https:\/\/wpguerssen-test.odoo.rgbconsulting.com\/wp-content\/uploads\/2024\/01\/46749.jpg","datePublished":"2024-01-22T23:00:00+00:00","dateModified":"2024-12-16T16:56:13+00:00","description":"At Now-Again, we avoid hyperbole, yet we believe that this album is one of record collecting's ultimate finds: the missing entry in jazz pianist\/composer\/psychiatrist Denny Zeitlin's discography, a wonderful and weird fusion of avant-classical, jazz, funk, rock and electronic music.The Name Of This Terrain was recorded and pressed in a scant, custom run as a demo in 1969 -and it so defied its own existence that, even after its producer died and his copies were discovered, Zeitlin steadfastly resisted its release for almost 20 years, destroying his remaining demos so not to posthumously suffer the same ignominy. Following his reappraisal, this album is issued with its creator's blessing and guidance.You will surely never hear an album like this again, by the musician the venerable jazz critic Leonard Feather called, \"the most versatile young pianist to come to prominence in the early sixties,\" and who took a left turn at the end of the decade, documenting a pivotal 20th century moment with passion, intellect, and humor in turn.The Name Of This Terrain found its way out of the depths - wonderful and having aged well, like well-corked, deep wine stored in a cold cellar. Ready for another moment to shine and be understood, redolent of the tastes and textures of a different time, one we pine for and that we won't often see again, but can happily, momentarily, indulge.Now-Again's Eothen Alapatt and Zeitlin-chonicler Andrew Gilbert collaborate here to tell the story of this amazing album. Never-before seen photos and ephemera appear in the oversized book. Download card for WAV files for all vinyl tracks, as well as bonus tracks, included.","breadcrumb":{"@id":"https:\/\/wpguerssen-test.odoo.rgbconsulting.com\/es\/producto\/the-name-of-this-terrain\/#breadcrumb"},"inLanguage":"es","potentialAction":[{"@type":"ReadAction","target":["https:\/\/wpguerssen-test.odoo.rgbconsulting.com\/es\/producto\/the-name-of-this-terrain\/"]}]},{"@type":"ImageObject","inLanguage":"es","@id":"https:\/\/wpguerssen-test.odoo.rgbconsulting.com\/es\/producto\/the-name-of-this-terrain\/#primaryimage","url":"https:\/\/wpguerssen-test.odoo.rgbconsulting.com\/wp-content\/uploads\/2024\/01\/46749.jpg","contentUrl":"https:\/\/wpguerssen-test.odoo.rgbconsulting.com\/wp-content\/uploads\/2024\/01\/46749.jpg","width":243,"height":243,"caption":"Denny - The Name Of This Terrain - NOW AGAIN (LP) | Guerssen"},{"@type":"BreadcrumbList","@id":"https:\/\/wpguerssen-test.odoo.rgbconsulting.com\/es\/producto\/the-name-of-this-terrain\/#breadcrumb","itemListElement":[{"@type":"ListItem","position":1,"name":"Inicio","item":"https:\/\/wpguerssen-test.odoo.rgbconsulting.com\/es\/"},{"@type":"ListItem","position":2,"name":"Shop","item":"https:\/\/wpguerssen-test.odoo.rgbconsulting.com\/shop\/"},{"@type":"ListItem","position":3,"name":"The Name Of This Terrain"}]},{"@type":"WebSite","@id":"https:\/\/wpguerssen-test.odoo.rgbconsulting.com\/es\/#website","url":"https:\/\/wpguerssen-test.odoo.rgbconsulting.com\/es\/","name":"Guerssen records","description":"psychedelia - progressive - folk - garage ","publisher":{"@id":"https:\/\/wpguerssen-test.odoo.rgbconsulting.com\/es\/#organization"},"potentialAction":[{"@type":"SearchAction","target":{"@type":"EntryPoint","urlTemplate":"https:\/\/wpguerssen-test.odoo.rgbconsulting.com\/es\/?s={search_term_string}"},"query-input":{"@type":"PropertyValueSpecification","valueRequired":true,"valueName":"search_term_string"}}],"inLanguage":"es"},{"@type":"Organization","@id":"https:\/\/wpguerssen-test.odoo.rgbconsulting.com\/es\/#organization","name":"Guerssen records","url":"https:\/\/wpguerssen-test.odoo.rgbconsulting.com\/es\/","logo":{"@type":"ImageObject","inLanguage":"es","@id":"https:\/\/wpguerssen-test.odoo.rgbconsulting.com\/es\/#\/schema\/logo\/image\/","url":"https:\/\/wpguerssen-test.odoo.rgbconsulting.com\/wp-content\/uploads\/2022\/04\/Logo_Guerssen_trans_100.png","contentUrl":"https:\/\/wpguerssen-test.odoo.rgbconsulting.com\/wp-content\/uploads\/2022\/04\/Logo_Guerssen_trans_100.png","width":122,"height":100,"caption":"Guerssen records"},"image":{"@id":"https:\/\/wpguerssen-test.odoo.rgbconsulting.com\/es\/#\/schema\/logo\/image\/"}}]}},"_links":{"self":[{"href":"https:\/\/wpguerssen-test.odoo.rgbconsulting.com\/es\/wp-json\/wp\/v2\/product\/249860","targetHints":{"allow":["GET"]}}],"collection":[{"href":"https:\/\/wpguerssen-test.odoo.rgbconsulting.com\/es\/wp-json\/wp\/v2\/product"}],"about":[{"href":"https:\/\/wpguerssen-test.odoo.rgbconsulting.com\/es\/wp-json\/wp\/v2\/types\/product"}],"wp:featuredmedia":[{"embeddable":true,"href":"https:\/\/wpguerssen-test.odoo.rgbconsulting.com\/es\/wp-json\/wp\/v2\/media\/249809"}],"wp:attachment":[{"href":"https:\/\/wpguerssen-test.odoo.rgbconsulting.com\/es\/wp-json\/wp\/v2\/media?parent=249860"}],"wp:term":[{"taxonomy":"product_brand","embeddable":true,"href":"https:\/\/wpguerssen-test.odoo.rgbconsulting.com\/es\/wp-json\/wp\/v2\/product_brand?post=249860"},{"taxonomy":"product_cat","embeddable":true,"href":"https:\/\/wpguerssen-test.odoo.rgbconsulting.com\/es\/wp-json\/wp\/v2\/product_cat?post=249860"},{"taxonomy":"product_tag","embeddable":true,"href":"https:\/\/wpguerssen-test.odoo.rgbconsulting.com\/es\/wp-json\/wp\/v2\/product_tag?post=249860"}],"curies":[{"name":"wp","href":"https:\/\/api.w.org\/{rel}","templated":true}]}}