{"id":249861,"date":"2024-01-23T00:00:00","date_gmt":"2024-01-22T23:00:00","guid":{"rendered":"https:\/\/wpguerssen-test.odoo.rgbconsulting.com\/product\/from-ear-to-ear\/"},"modified":"2024-10-01T19:17:41","modified_gmt":"2024-10-01T17:17:41","slug":"from-ear-to-ear","status":"publish","type":"product","link":"https:\/\/wpguerssen-test.odoo.rgbconsulting.com\/es\/producto\/from-ear-to-ear\/","title":{"rendered":"From Ear To Ear"},"content":{"rendered":"<p>Now-Again Records presenta reediciones para todo el cat\u00e1logo del legendario Ghetto Records del propulsor de la m\u00fasica latina Joe Bataan.<br \/>El siguiente paso en la serie: La Fantastica. Esta atrevida orquesta latina de big band de Brooklyn debut\u00f3 en Ghetto Records con un \u00e1lbum de salsa underground que tambi\u00e9n contiene el soul psicod\u00e9lico en ingl\u00e9s de \u00abLatin Blues\u00bb. Ghetto Records fue la forma en que Joe Bataan super\u00f3 \u00abThe Man\u00bb y sali\u00f3 del barrio, un movimiento audaz de un artista que buscaba independencia y control creativo en una industria que hab\u00eda explotado su talento y lo hab\u00eda tratado como si fuera un bien mueble.<br \/> Como dice Bataan hoy, \u00abGhetto Records fue parte de mi viaje, un trampol\u00edn hacia todo lo que he hecho. Aprend\u00ed lo suficiente como para permitirme salir de mi forma de pensar y me mostr\u00f3 c\u00f3mo lidiar con la adversidad\u00bb. Como muchos sue\u00f1os y planes nacidos en la calle, este fue audaz, tal vez incluso imprudente.<br \/>Surgido de la desesperaci\u00f3n pero lleno de esperanza, Ghetto Records se derrumb\u00f3 poco despu\u00e9s de su creaci\u00f3n. Los siete \u00e1lbumes de su discograf\u00eda estaban agotados&#8230; hasta ahora. Estas son las reediciones definitivas de estos \u00e1lbumes, con licencia de Joe Bataan, con su supervisi\u00f3n y aportes en un libro de gran tama\u00f1o de 16 p\u00e1ginas escrito por Pablo Yglesias que detalla la vida m\u00e1s grande de lo imaginable de Bataan y su peque\u00f1o sello latino que podr\u00eda hacerlo.<\/p>\n","protected":false},"excerpt":{"rendered":"<p>Now-Again Records presenta reediciones para todo el cat\u00e1logo del legendario Ghetto Records del propulsor de la m\u00fasica latina Joe Bataan.<br \/>El siguiente paso en<a class=\"read\" href=\"https:\/\/wpguerssen-test.odoo.rgbconsulting.com\/es\/producto\/from-ear-to-ear\/\"> (...)<\/a>","protected":false},"featured_media":249812,"template":"","meta":{"_acf_changed":false},"product_brand":[],"product_cat":[21639,21649],"product_tag":[],"class_list":{"0":"post-249861","1":"product","2":"type-product","3":"status-publish","4":"has-post-thumbnail","6":"product_cat-psychedelic60s-70s-es","7":"product_cat-soul-rnb-es","8":"pa_artist-fantastica-la","9":"pa_format-lp-es","10":"pa_gender-psychedelic60s-70s-soul-rnb","11":"pa_label-now-again","12":"pa_location-north-america-es","13":"pa_other-filters-vinyl-only-es","15":"first","16":"instock","17":"taxable","18":"shipping-taxable","19":"purchasable","20":"product-type-simple"},"acf":[],"yoast_head":"<!-- This site is optimized with the Yoast SEO plugin v24.9 - https:\/\/yoast.com\/wordpress\/plugins\/seo\/ -->\n<title>FANTASTICA, La - From Ear To Ear -  (LP) | Guerssen<\/title>\n<meta name=\"description\" content=\"Now-Again Records presents catalog-wide reissues of Latin music propellant Joe Bataan&#039;s legendary Ghetto Records.Next up in the series - La Fantastica. This brash, big band Latin orchestra from Brooklyn debuted on Ghetto Records with an underground Salsa album which also contains the beguiling, English-language Psychedelic Soul of &quot;Latin Blues.&quot; Ghetto Records was Joe Bataan&#039;s way to get over on &quot;The Man&quot; and out of the &#039;hood, a bold move by an artist looking for independence and creative control in an industry that had exploited his talents and treated him like chattel.As Bataan puts it today, &quot;Ghetto Records was part of my journey, a stepping stone to everything else that I&#039;ve done. I learned enough that it enabled me to get out of the box with my thinking, it showed me how to deal with adversity.&quot; Like many dreams and schemes born of the street, this one was audacious, perhaps even reckless to a fault.Hatched from desperation yet full of hope Ghetto Records came crashing down shortly after its inception. The seven albums in its discography languished out of print - until now. These are the definitive reissues of these albums, licensed from Joe Bataan, with his oversight and input into a 16 page oversize book by Pablo Yglesias that details Bataan&#039;s larger-than-imagination life and his little Latin label that could.\" \/>\n<meta name=\"robots\" content=\"index, follow, max-snippet:-1, max-image-preview:large, max-video-preview:-1\" \/>\n<link rel=\"canonical\" href=\"https:\/\/wpguerssen-test.odoo.rgbconsulting.com\/es\/producto\/from-ear-to-ear\/\" \/>\n<meta property=\"og:locale\" content=\"es_ES\" \/>\n<meta property=\"og:type\" content=\"article\" \/>\n<meta property=\"og:title\" content=\"FANTASTICA, La - From Ear To Ear -  (LP) | Guerssen\" \/>\n<meta property=\"og:description\" content=\"Now-Again Records presents catalog-wide reissues of Latin music propellant Joe Bataan&#039;s legendary Ghetto Records.Next up in the series - La Fantastica. This brash, big band Latin orchestra from Brooklyn debuted on Ghetto Records with an underground Salsa album which also contains the beguiling, English-language Psychedelic Soul of &quot;Latin Blues.&quot; Ghetto Records was Joe Bataan&#039;s way to get over on &quot;The Man&quot; and out of the &#039;hood, a bold move by an artist looking for independence and creative control in an industry that had exploited his talents and treated him like chattel.As Bataan puts it today, &quot;Ghetto Records was part of my journey, a stepping stone to everything else that I&#039;ve done. I learned enough that it enabled me to get out of the box with my thinking, it showed me how to deal with adversity.&quot; Like many dreams and schemes born of the street, this one was audacious, perhaps even reckless to a fault.Hatched from desperation yet full of hope Ghetto Records came crashing down shortly after its inception. The seven albums in its discography languished out of print - until now. These are the definitive reissues of these albums, licensed from Joe Bataan, with his oversight and input into a 16 page oversize book by Pablo Yglesias that details Bataan&#039;s larger-than-imagination life and his little Latin label that could.\" \/>\n<meta property=\"og:url\" content=\"https:\/\/wpguerssen-test.odoo.rgbconsulting.com\/es\/producto\/from-ear-to-ear\/\" \/>\n<meta property=\"og:site_name\" content=\"Guerssen records\" \/>\n<meta property=\"article:modified_time\" content=\"2024-10-01T17:17:41+00:00\" \/>\n<meta property=\"og:image\" content=\"https:\/\/wpguerssen-test.odoo.rgbconsulting.com\/wp-content\/uploads\/2024\/01\/46750.jpg\" \/>\n\t<meta property=\"og:image:width\" content=\"243\" \/>\n\t<meta property=\"og:image:height\" content=\"243\" \/>\n\t<meta property=\"og:image:type\" content=\"image\/jpeg\" \/>\n<meta name=\"twitter:card\" content=\"summary_large_image\" \/>\n<meta name=\"twitter:title\" content=\"FANTASTICA, La - From Ear To Ear -  (LP) | Guerssen\" \/>\n<meta name=\"twitter:label1\" content=\"Tiempo de lectura\" \/>\n\t<meta name=\"twitter:data1\" content=\"1 minuto\" \/>\n<script type=\"application\/ld+json\" class=\"yoast-schema-graph\">{\"@context\":\"https:\/\/schema.org\",\"@graph\":[{\"@type\":\"WebPage\",\"@id\":\"https:\/\/wpguerssen-test.odoo.rgbconsulting.com\/es\/producto\/from-ear-to-ear\/\",\"url\":\"https:\/\/wpguerssen-test.odoo.rgbconsulting.com\/es\/producto\/from-ear-to-ear\/\",\"name\":\"FANTASTICA, La - From Ear To Ear - (LP) | Guerssen\",\"isPartOf\":{\"@id\":\"https:\/\/wpguerssen-test.odoo.rgbconsulting.com\/es\/#website\"},\"primaryImageOfPage\":{\"@id\":\"https:\/\/wpguerssen-test.odoo.rgbconsulting.com\/es\/producto\/from-ear-to-ear\/#primaryimage\"},\"image\":{\"@id\":\"https:\/\/wpguerssen-test.odoo.rgbconsulting.com\/es\/producto\/from-ear-to-ear\/#primaryimage\"},\"thumbnailUrl\":\"https:\/\/wpguerssen-test.odoo.rgbconsulting.com\/wp-content\/uploads\/2024\/01\/46750.jpg\",\"datePublished\":\"2024-01-22T23:00:00+00:00\",\"dateModified\":\"2024-10-01T17:17:41+00:00\",\"description\":\"Now-Again Records presents catalog-wide reissues of Latin music propellant Joe Bataan's legendary Ghetto Records.Next up in the series - La Fantastica. This brash, big band Latin orchestra from Brooklyn debuted on Ghetto Records with an underground Salsa album which also contains the beguiling, English-language Psychedelic Soul of \\\"Latin Blues.\\\" Ghetto Records was Joe Bataan's way to get over on \\\"The Man\\\" and out of the 'hood, a bold move by an artist looking for independence and creative control in an industry that had exploited his talents and treated him like chattel.As Bataan puts it today, \\\"Ghetto Records was part of my journey, a stepping stone to everything else that I've done. I learned enough that it enabled me to get out of the box with my thinking, it showed me how to deal with adversity.\\\" Like many dreams and schemes born of the street, this one was audacious, perhaps even reckless to a fault.Hatched from desperation yet full of hope Ghetto Records came crashing down shortly after its inception. The seven albums in its discography languished out of print - until now. These are the definitive reissues of these albums, licensed from Joe Bataan, with his oversight and input into a 16 page oversize book by Pablo Yglesias that details Bataan's larger-than-imagination life and his little Latin label that could.\",\"breadcrumb\":{\"@id\":\"https:\/\/wpguerssen-test.odoo.rgbconsulting.com\/es\/producto\/from-ear-to-ear\/#breadcrumb\"},\"inLanguage\":\"es\",\"potentialAction\":[{\"@type\":\"ReadAction\",\"target\":[\"https:\/\/wpguerssen-test.odoo.rgbconsulting.com\/es\/producto\/from-ear-to-ear\/\"]}]},{\"@type\":\"ImageObject\",\"inLanguage\":\"es\",\"@id\":\"https:\/\/wpguerssen-test.odoo.rgbconsulting.com\/es\/producto\/from-ear-to-ear\/#primaryimage\",\"url\":\"https:\/\/wpguerssen-test.odoo.rgbconsulting.com\/wp-content\/uploads\/2024\/01\/46750.jpg\",\"contentUrl\":\"https:\/\/wpguerssen-test.odoo.rgbconsulting.com\/wp-content\/uploads\/2024\/01\/46750.jpg\",\"width\":243,\"height\":243,\"caption\":\"La - From Ear To Ear - NOW AGAIN (LP) | Guerssen\"},{\"@type\":\"BreadcrumbList\",\"@id\":\"https:\/\/wpguerssen-test.odoo.rgbconsulting.com\/es\/producto\/from-ear-to-ear\/#breadcrumb\",\"itemListElement\":[{\"@type\":\"ListItem\",\"position\":1,\"name\":\"Inicio\",\"item\":\"https:\/\/wpguerssen-test.odoo.rgbconsulting.com\/es\/\"},{\"@type\":\"ListItem\",\"position\":2,\"name\":\"Shop\",\"item\":\"https:\/\/wpguerssen-test.odoo.rgbconsulting.com\/shop\/\"},{\"@type\":\"ListItem\",\"position\":3,\"name\":\"From Ear To Ear\"}]},{\"@type\":\"WebSite\",\"@id\":\"https:\/\/wpguerssen-test.odoo.rgbconsulting.com\/es\/#website\",\"url\":\"https:\/\/wpguerssen-test.odoo.rgbconsulting.com\/es\/\",\"name\":\"Guerssen records\",\"description\":\"psychedelia - progressive - folk - garage \",\"publisher\":{\"@id\":\"https:\/\/wpguerssen-test.odoo.rgbconsulting.com\/es\/#organization\"},\"potentialAction\":[{\"@type\":\"SearchAction\",\"target\":{\"@type\":\"EntryPoint\",\"urlTemplate\":\"https:\/\/wpguerssen-test.odoo.rgbconsulting.com\/es\/?s={search_term_string}\"},\"query-input\":{\"@type\":\"PropertyValueSpecification\",\"valueRequired\":true,\"valueName\":\"search_term_string\"}}],\"inLanguage\":\"es\"},{\"@type\":\"Organization\",\"@id\":\"https:\/\/wpguerssen-test.odoo.rgbconsulting.com\/es\/#organization\",\"name\":\"Guerssen records\",\"url\":\"https:\/\/wpguerssen-test.odoo.rgbconsulting.com\/es\/\",\"logo\":{\"@type\":\"ImageObject\",\"inLanguage\":\"es\",\"@id\":\"https:\/\/wpguerssen-test.odoo.rgbconsulting.com\/es\/#\/schema\/logo\/image\/\",\"url\":\"https:\/\/wpguerssen-test.odoo.rgbconsulting.com\/wp-content\/uploads\/2022\/04\/Logo_Guerssen_trans_100.png\",\"contentUrl\":\"https:\/\/wpguerssen-test.odoo.rgbconsulting.com\/wp-content\/uploads\/2022\/04\/Logo_Guerssen_trans_100.png\",\"width\":122,\"height\":100,\"caption\":\"Guerssen records\"},\"image\":{\"@id\":\"https:\/\/wpguerssen-test.odoo.rgbconsulting.com\/es\/#\/schema\/logo\/image\/\"}}]}<\/script>\n<!-- \/ Yoast SEO plugin. -->","yoast_head_json":{"title":"FANTASTICA, La - From Ear To Ear -  (LP) | Guerssen","description":"Now-Again Records presents catalog-wide reissues of Latin music propellant Joe Bataan's legendary Ghetto Records.Next up in the series - La Fantastica. This brash, big band Latin orchestra from Brooklyn debuted on Ghetto Records with an underground Salsa album which also contains the beguiling, English-language Psychedelic Soul of \"Latin Blues.\" Ghetto Records was Joe Bataan's way to get over on \"The Man\" and out of the 'hood, a bold move by an artist looking for independence and creative control in an industry that had exploited his talents and treated him like chattel.As Bataan puts it today, \"Ghetto Records was part of my journey, a stepping stone to everything else that I've done. I learned enough that it enabled me to get out of the box with my thinking, it showed me how to deal with adversity.\" Like many dreams and schemes born of the street, this one was audacious, perhaps even reckless to a fault.Hatched from desperation yet full of hope Ghetto Records came crashing down shortly after its inception. The seven albums in its discography languished out of print - until now. These are the definitive reissues of these albums, licensed from Joe Bataan, with his oversight and input into a 16 page oversize book by Pablo Yglesias that details Bataan's larger-than-imagination life and his little Latin label that could.","robots":{"index":"index","follow":"follow","max-snippet":"max-snippet:-1","max-image-preview":"max-image-preview:large","max-video-preview":"max-video-preview:-1"},"canonical":"https:\/\/wpguerssen-test.odoo.rgbconsulting.com\/es\/producto\/from-ear-to-ear\/","og_locale":"es_ES","og_type":"article","og_title":"FANTASTICA, La - From Ear To Ear -  (LP) | Guerssen","og_description":"Now-Again Records presents catalog-wide reissues of Latin music propellant Joe Bataan's legendary Ghetto Records.Next up in the series - La Fantastica. This brash, big band Latin orchestra from Brooklyn debuted on Ghetto Records with an underground Salsa album which also contains the beguiling, English-language Psychedelic Soul of \"Latin Blues.\" Ghetto Records was Joe Bataan's way to get over on \"The Man\" and out of the 'hood, a bold move by an artist looking for independence and creative control in an industry that had exploited his talents and treated him like chattel.As Bataan puts it today, \"Ghetto Records was part of my journey, a stepping stone to everything else that I've done. I learned enough that it enabled me to get out of the box with my thinking, it showed me how to deal with adversity.\" Like many dreams and schemes born of the street, this one was audacious, perhaps even reckless to a fault.Hatched from desperation yet full of hope Ghetto Records came crashing down shortly after its inception. The seven albums in its discography languished out of print - until now. These are the definitive reissues of these albums, licensed from Joe Bataan, with his oversight and input into a 16 page oversize book by Pablo Yglesias that details Bataan's larger-than-imagination life and his little Latin label that could.","og_url":"https:\/\/wpguerssen-test.odoo.rgbconsulting.com\/es\/producto\/from-ear-to-ear\/","og_site_name":"Guerssen records","article_modified_time":"2024-10-01T17:17:41+00:00","og_image":[{"width":243,"height":243,"url":"https:\/\/wpguerssen-test.odoo.rgbconsulting.com\/wp-content\/uploads\/2024\/01\/46750.jpg","type":"image\/jpeg"}],"twitter_card":"summary_large_image","twitter_title":"FANTASTICA, La - From Ear To Ear -  (LP) | Guerssen","twitter_misc":{"Tiempo de lectura":"1 minuto"},"schema":{"@context":"https:\/\/schema.org","@graph":[{"@type":"WebPage","@id":"https:\/\/wpguerssen-test.odoo.rgbconsulting.com\/es\/producto\/from-ear-to-ear\/","url":"https:\/\/wpguerssen-test.odoo.rgbconsulting.com\/es\/producto\/from-ear-to-ear\/","name":"FANTASTICA, La - From Ear To Ear - (LP) | Guerssen","isPartOf":{"@id":"https:\/\/wpguerssen-test.odoo.rgbconsulting.com\/es\/#website"},"primaryImageOfPage":{"@id":"https:\/\/wpguerssen-test.odoo.rgbconsulting.com\/es\/producto\/from-ear-to-ear\/#primaryimage"},"image":{"@id":"https:\/\/wpguerssen-test.odoo.rgbconsulting.com\/es\/producto\/from-ear-to-ear\/#primaryimage"},"thumbnailUrl":"https:\/\/wpguerssen-test.odoo.rgbconsulting.com\/wp-content\/uploads\/2024\/01\/46750.jpg","datePublished":"2024-01-22T23:00:00+00:00","dateModified":"2024-10-01T17:17:41+00:00","description":"Now-Again Records presents catalog-wide reissues of Latin music propellant Joe Bataan's legendary Ghetto Records.Next up in the series - La Fantastica. This brash, big band Latin orchestra from Brooklyn debuted on Ghetto Records with an underground Salsa album which also contains the beguiling, English-language Psychedelic Soul of \"Latin Blues.\" Ghetto Records was Joe Bataan's way to get over on \"The Man\" and out of the 'hood, a bold move by an artist looking for independence and creative control in an industry that had exploited his talents and treated him like chattel.As Bataan puts it today, \"Ghetto Records was part of my journey, a stepping stone to everything else that I've done. I learned enough that it enabled me to get out of the box with my thinking, it showed me how to deal with adversity.\" Like many dreams and schemes born of the street, this one was audacious, perhaps even reckless to a fault.Hatched from desperation yet full of hope Ghetto Records came crashing down shortly after its inception. The seven albums in its discography languished out of print - until now. These are the definitive reissues of these albums, licensed from Joe Bataan, with his oversight and input into a 16 page oversize book by Pablo Yglesias that details Bataan's larger-than-imagination life and his little Latin label that could.","breadcrumb":{"@id":"https:\/\/wpguerssen-test.odoo.rgbconsulting.com\/es\/producto\/from-ear-to-ear\/#breadcrumb"},"inLanguage":"es","potentialAction":[{"@type":"ReadAction","target":["https:\/\/wpguerssen-test.odoo.rgbconsulting.com\/es\/producto\/from-ear-to-ear\/"]}]},{"@type":"ImageObject","inLanguage":"es","@id":"https:\/\/wpguerssen-test.odoo.rgbconsulting.com\/es\/producto\/from-ear-to-ear\/#primaryimage","url":"https:\/\/wpguerssen-test.odoo.rgbconsulting.com\/wp-content\/uploads\/2024\/01\/46750.jpg","contentUrl":"https:\/\/wpguerssen-test.odoo.rgbconsulting.com\/wp-content\/uploads\/2024\/01\/46750.jpg","width":243,"height":243,"caption":"La - From Ear To Ear - NOW AGAIN (LP) | Guerssen"},{"@type":"BreadcrumbList","@id":"https:\/\/wpguerssen-test.odoo.rgbconsulting.com\/es\/producto\/from-ear-to-ear\/#breadcrumb","itemListElement":[{"@type":"ListItem","position":1,"name":"Inicio","item":"https:\/\/wpguerssen-test.odoo.rgbconsulting.com\/es\/"},{"@type":"ListItem","position":2,"name":"Shop","item":"https:\/\/wpguerssen-test.odoo.rgbconsulting.com\/shop\/"},{"@type":"ListItem","position":3,"name":"From Ear To Ear"}]},{"@type":"WebSite","@id":"https:\/\/wpguerssen-test.odoo.rgbconsulting.com\/es\/#website","url":"https:\/\/wpguerssen-test.odoo.rgbconsulting.com\/es\/","name":"Guerssen records","description":"psychedelia - progressive - folk - garage ","publisher":{"@id":"https:\/\/wpguerssen-test.odoo.rgbconsulting.com\/es\/#organization"},"potentialAction":[{"@type":"SearchAction","target":{"@type":"EntryPoint","urlTemplate":"https:\/\/wpguerssen-test.odoo.rgbconsulting.com\/es\/?s={search_term_string}"},"query-input":{"@type":"PropertyValueSpecification","valueRequired":true,"valueName":"search_term_string"}}],"inLanguage":"es"},{"@type":"Organization","@id":"https:\/\/wpguerssen-test.odoo.rgbconsulting.com\/es\/#organization","name":"Guerssen records","url":"https:\/\/wpguerssen-test.odoo.rgbconsulting.com\/es\/","logo":{"@type":"ImageObject","inLanguage":"es","@id":"https:\/\/wpguerssen-test.odoo.rgbconsulting.com\/es\/#\/schema\/logo\/image\/","url":"https:\/\/wpguerssen-test.odoo.rgbconsulting.com\/wp-content\/uploads\/2022\/04\/Logo_Guerssen_trans_100.png","contentUrl":"https:\/\/wpguerssen-test.odoo.rgbconsulting.com\/wp-content\/uploads\/2022\/04\/Logo_Guerssen_trans_100.png","width":122,"height":100,"caption":"Guerssen records"},"image":{"@id":"https:\/\/wpguerssen-test.odoo.rgbconsulting.com\/es\/#\/schema\/logo\/image\/"}}]}},"_links":{"self":[{"href":"https:\/\/wpguerssen-test.odoo.rgbconsulting.com\/es\/wp-json\/wp\/v2\/product\/249861","targetHints":{"allow":["GET"]}}],"collection":[{"href":"https:\/\/wpguerssen-test.odoo.rgbconsulting.com\/es\/wp-json\/wp\/v2\/product"}],"about":[{"href":"https:\/\/wpguerssen-test.odoo.rgbconsulting.com\/es\/wp-json\/wp\/v2\/types\/product"}],"wp:featuredmedia":[{"embeddable":true,"href":"https:\/\/wpguerssen-test.odoo.rgbconsulting.com\/es\/wp-json\/wp\/v2\/media\/249812"}],"wp:attachment":[{"href":"https:\/\/wpguerssen-test.odoo.rgbconsulting.com\/es\/wp-json\/wp\/v2\/media?parent=249861"}],"wp:term":[{"taxonomy":"product_brand","embeddable":true,"href":"https:\/\/wpguerssen-test.odoo.rgbconsulting.com\/es\/wp-json\/wp\/v2\/product_brand?post=249861"},{"taxonomy":"product_cat","embeddable":true,"href":"https:\/\/wpguerssen-test.odoo.rgbconsulting.com\/es\/wp-json\/wp\/v2\/product_cat?post=249861"},{"taxonomy":"product_tag","embeddable":true,"href":"https:\/\/wpguerssen-test.odoo.rgbconsulting.com\/es\/wp-json\/wp\/v2\/product_tag?post=249861"}],"curies":[{"name":"wp","href":"https:\/\/api.w.org\/{rel}","templated":true}]}}