{"id":249862,"date":"2025-01-23T00:00:00","date_gmt":"2025-01-22T23:00:00","guid":{"rendered":"https:\/\/wpguerssen-test.odoo.rgbconsulting.com\/product\/die-ersten-tage-the-first-days\/"},"modified":"2025-01-23T18:10:36","modified_gmt":"2025-01-23T17:10:36","slug":"die-ersten-tage-the-first-days","status":"publish","type":"product","link":"https:\/\/wpguerssen-test.odoo.rgbconsulting.com\/es\/producto\/die-ersten-tage-the-first-days\/","title":{"rendered":"Die Ersten Tage (The First Days)"},"content":{"rendered":"<p>Antes de lanzar su \u00fanico \u00e1lbum debut hom\u00f3nimo, uno de los discos de rock m\u00e1s raros lanzados en Europa en la d\u00e9cada de 1970, Paternoster proporcion\u00f3 la banda sonora de una pel\u00edcula que s\u00f3lo podr\u00eda haberse hecho mientras el movimiento psicod\u00e9lico a\u00fan estaba en su primera ola. Las primeras grabaciones del grupo que se presentan aqu\u00ed son la banda sonora de la pel\u00edcula hippie de ciencia ficci\u00f3n Die Ersten Tage (Los primeros d\u00edas) de Herbert Holba de 1971, proyectada en el Festival Internacional de Cine de Berl\u00edn y curiosamente reproducida en la televisi\u00f3n austriaca en agosto de ese a\u00f1o.<br \/> El material publicado aqu\u00ed es la g\u00e9nesis de Paternoster y prepar\u00f3 el escenario para el lanzamiento de uno de los grandes \u00e1lbumes de rock del mundo con su debut hom\u00f3nimo al a\u00f1o siguiente. La m\u00fasica ha sido cuidadosamente transferida directamente desde cintas maestras.<\/p>\n","protected":false},"excerpt":{"rendered":"<p>Antes de lanzar su \u00fanico \u00e1lbum debut hom\u00f3nimo, uno de los discos de rock m\u00e1s raros lanzados en Europa en la d\u00e9cada de 1970, Paternoster proporcion\u00f3 la banda<a class=\"read\" href=\"https:\/\/wpguerssen-test.odoo.rgbconsulting.com\/es\/producto\/die-ersten-tage-the-first-days\/\"> (...)<\/a>","protected":false},"featured_media":249815,"template":"","meta":{"_acf_changed":false},"product_brand":[],"product_cat":[21639,23215],"product_tag":[24185],"class_list":{"0":"post-249862","1":"product","2":"type-product","3":"status-publish","4":"has-post-thumbnail","6":"product_cat-psychedelic60s-70s-es","7":"product_cat-progressive60s-70s-es","8":"product_tag-de-nuevo-en-existencia","9":"pa_artist-paternoster","10":"pa_format-lp-es","11":"pa_gender-progressive60s-70s-psychedelic60s-70s","12":"pa_label-now-again","13":"pa_location-europe-es","14":"pa_other-filters-vinyl-only-es","16":"first","17":"instock","18":"taxable","19":"shipping-taxable","20":"purchasable","21":"product-type-simple"},"acf":[],"yoast_head":"<!-- This site is optimized with the Yoast SEO plugin v24.9 - https:\/\/yoast.com\/wordpress\/plugins\/seo\/ -->\n<title>PATERNOSTER - Die Ersten Tage (The First Days) -  (LP) | Guerssen<\/title>\n<meta name=\"description\" content=\"Before releasing their lone self-titled debut album, one of the most rare rock records to be released in Europe in the 1970s, Paternoster provided the soundtrack for a film that could only have been made while the psychedelic movement was still in its first wave. The group&#039;s first recordings presented here are the soundtrack for Herbert Holba\u00eds 1971 hippie sci-fi film Die Ersten Tage (The First Days), screened at the Berlin International Film Festival, and interestingly played on Austrian TV in August of that year.The material issued here is the genesis of Paternoster and set the stage for the release of one of the world&#039;s great rock albums with their self-titled debut the following year. The music has been painstakingly transferred directly from master tapes.\" \/>\n<meta name=\"robots\" content=\"index, follow, max-snippet:-1, max-image-preview:large, max-video-preview:-1\" \/>\n<link rel=\"canonical\" href=\"https:\/\/wpguerssen-test.odoo.rgbconsulting.com\/es\/producto\/die-ersten-tage-the-first-days\/\" \/>\n<meta property=\"og:locale\" content=\"es_ES\" \/>\n<meta property=\"og:type\" content=\"article\" \/>\n<meta property=\"og:title\" content=\"PATERNOSTER - Die Ersten Tage (The First Days) -  (LP) | Guerssen\" \/>\n<meta property=\"og:description\" content=\"Before releasing their lone self-titled debut album, one of the most rare rock records to be released in Europe in the 1970s, Paternoster provided the soundtrack for a film that could only have been made while the psychedelic movement was still in its first wave. The group&#039;s first recordings presented here are the soundtrack for Herbert Holba\u00eds 1971 hippie sci-fi film Die Ersten Tage (The First Days), screened at the Berlin International Film Festival, and interestingly played on Austrian TV in August of that year.The material issued here is the genesis of Paternoster and set the stage for the release of one of the world&#039;s great rock albums with their self-titled debut the following year. The music has been painstakingly transferred directly from master tapes.\" \/>\n<meta property=\"og:url\" content=\"https:\/\/wpguerssen-test.odoo.rgbconsulting.com\/es\/producto\/die-ersten-tage-the-first-days\/\" \/>\n<meta property=\"og:site_name\" content=\"Guerssen records\" \/>\n<meta property=\"article:modified_time\" content=\"2025-01-23T17:10:36+00:00\" \/>\n<meta property=\"og:image\" content=\"https:\/\/wpguerssen-test.odoo.rgbconsulting.com\/wp-content\/uploads\/2024\/01\/46751.jpg\" \/>\n\t<meta property=\"og:image:width\" content=\"243\" \/>\n\t<meta property=\"og:image:height\" content=\"243\" \/>\n\t<meta property=\"og:image:type\" content=\"image\/jpeg\" \/>\n<meta name=\"twitter:card\" content=\"summary_large_image\" \/>\n<meta name=\"twitter:title\" content=\"PATERNOSTER - Die Ersten Tage (The First Days) -  (LP) | Guerssen\" \/>\n<meta name=\"twitter:label1\" content=\"Tiempo de lectura\" \/>\n\t<meta name=\"twitter:data1\" content=\"1 minuto\" \/>\n<script type=\"application\/ld+json\" class=\"yoast-schema-graph\">{\"@context\":\"https:\/\/schema.org\",\"@graph\":[{\"@type\":\"WebPage\",\"@id\":\"https:\/\/wpguerssen-test.odoo.rgbconsulting.com\/es\/producto\/die-ersten-tage-the-first-days\/\",\"url\":\"https:\/\/wpguerssen-test.odoo.rgbconsulting.com\/es\/producto\/die-ersten-tage-the-first-days\/\",\"name\":\"PATERNOSTER - Die Ersten Tage (The First Days) - (LP) | Guerssen\",\"isPartOf\":{\"@id\":\"https:\/\/wpguerssen-test.odoo.rgbconsulting.com\/es\/#website\"},\"primaryImageOfPage\":{\"@id\":\"https:\/\/wpguerssen-test.odoo.rgbconsulting.com\/es\/producto\/die-ersten-tage-the-first-days\/#primaryimage\"},\"image\":{\"@id\":\"https:\/\/wpguerssen-test.odoo.rgbconsulting.com\/es\/producto\/die-ersten-tage-the-first-days\/#primaryimage\"},\"thumbnailUrl\":\"https:\/\/wpguerssen-test.odoo.rgbconsulting.com\/wp-content\/uploads\/2024\/01\/46751.jpg\",\"datePublished\":\"2025-01-22T23:00:00+00:00\",\"dateModified\":\"2025-01-23T17:10:36+00:00\",\"description\":\"Before releasing their lone self-titled debut album, one of the most rare rock records to be released in Europe in the 1970s, Paternoster provided the soundtrack for a film that could only have been made while the psychedelic movement was still in its first wave. The group's first recordings presented here are the soundtrack for Herbert Holba\u00eds 1971 hippie sci-fi film Die Ersten Tage (The First Days), screened at the Berlin International Film Festival, and interestingly played on Austrian TV in August of that year.The material issued here is the genesis of Paternoster and set the stage for the release of one of the world's great rock albums with their self-titled debut the following year. The music has been painstakingly transferred directly from master tapes.\",\"breadcrumb\":{\"@id\":\"https:\/\/wpguerssen-test.odoo.rgbconsulting.com\/es\/producto\/die-ersten-tage-the-first-days\/#breadcrumb\"},\"inLanguage\":\"es\",\"potentialAction\":[{\"@type\":\"ReadAction\",\"target\":[\"https:\/\/wpguerssen-test.odoo.rgbconsulting.com\/es\/producto\/die-ersten-tage-the-first-days\/\"]}]},{\"@type\":\"ImageObject\",\"inLanguage\":\"es\",\"@id\":\"https:\/\/wpguerssen-test.odoo.rgbconsulting.com\/es\/producto\/die-ersten-tage-the-first-days\/#primaryimage\",\"url\":\"https:\/\/wpguerssen-test.odoo.rgbconsulting.com\/wp-content\/uploads\/2024\/01\/46751.jpg\",\"contentUrl\":\"https:\/\/wpguerssen-test.odoo.rgbconsulting.com\/wp-content\/uploads\/2024\/01\/46751.jpg\",\"width\":243,\"height\":243},{\"@type\":\"BreadcrumbList\",\"@id\":\"https:\/\/wpguerssen-test.odoo.rgbconsulting.com\/es\/producto\/die-ersten-tage-the-first-days\/#breadcrumb\",\"itemListElement\":[{\"@type\":\"ListItem\",\"position\":1,\"name\":\"Inicio\",\"item\":\"https:\/\/wpguerssen-test.odoo.rgbconsulting.com\/es\/\"},{\"@type\":\"ListItem\",\"position\":2,\"name\":\"Shop\",\"item\":\"https:\/\/wpguerssen-test.odoo.rgbconsulting.com\/shop\/\"},{\"@type\":\"ListItem\",\"position\":3,\"name\":\"Die Ersten Tage (The First Days)\"}]},{\"@type\":\"WebSite\",\"@id\":\"https:\/\/wpguerssen-test.odoo.rgbconsulting.com\/es\/#website\",\"url\":\"https:\/\/wpguerssen-test.odoo.rgbconsulting.com\/es\/\",\"name\":\"Guerssen records\",\"description\":\"psychedelia - progressive - folk - garage \",\"publisher\":{\"@id\":\"https:\/\/wpguerssen-test.odoo.rgbconsulting.com\/es\/#organization\"},\"potentialAction\":[{\"@type\":\"SearchAction\",\"target\":{\"@type\":\"EntryPoint\",\"urlTemplate\":\"https:\/\/wpguerssen-test.odoo.rgbconsulting.com\/es\/?s={search_term_string}\"},\"query-input\":{\"@type\":\"PropertyValueSpecification\",\"valueRequired\":true,\"valueName\":\"search_term_string\"}}],\"inLanguage\":\"es\"},{\"@type\":\"Organization\",\"@id\":\"https:\/\/wpguerssen-test.odoo.rgbconsulting.com\/es\/#organization\",\"name\":\"Guerssen records\",\"url\":\"https:\/\/wpguerssen-test.odoo.rgbconsulting.com\/es\/\",\"logo\":{\"@type\":\"ImageObject\",\"inLanguage\":\"es\",\"@id\":\"https:\/\/wpguerssen-test.odoo.rgbconsulting.com\/es\/#\/schema\/logo\/image\/\",\"url\":\"https:\/\/wpguerssen-test.odoo.rgbconsulting.com\/wp-content\/uploads\/2022\/04\/Logo_Guerssen_trans_100.png\",\"contentUrl\":\"https:\/\/wpguerssen-test.odoo.rgbconsulting.com\/wp-content\/uploads\/2022\/04\/Logo_Guerssen_trans_100.png\",\"width\":122,\"height\":100,\"caption\":\"Guerssen records\"},\"image\":{\"@id\":\"https:\/\/wpguerssen-test.odoo.rgbconsulting.com\/es\/#\/schema\/logo\/image\/\"}}]}<\/script>\n<!-- \/ Yoast SEO plugin. -->","yoast_head_json":{"title":"PATERNOSTER - Die Ersten Tage (The First Days) -  (LP) | Guerssen","description":"Before releasing their lone self-titled debut album, one of the most rare rock records to be released in Europe in the 1970s, Paternoster provided the soundtrack for a film that could only have been made while the psychedelic movement was still in its first wave. The group's first recordings presented here are the soundtrack for Herbert Holba\u00eds 1971 hippie sci-fi film Die Ersten Tage (The First Days), screened at the Berlin International Film Festival, and interestingly played on Austrian TV in August of that year.The material issued here is the genesis of Paternoster and set the stage for the release of one of the world's great rock albums with their self-titled debut the following year. The music has been painstakingly transferred directly from master tapes.","robots":{"index":"index","follow":"follow","max-snippet":"max-snippet:-1","max-image-preview":"max-image-preview:large","max-video-preview":"max-video-preview:-1"},"canonical":"https:\/\/wpguerssen-test.odoo.rgbconsulting.com\/es\/producto\/die-ersten-tage-the-first-days\/","og_locale":"es_ES","og_type":"article","og_title":"PATERNOSTER - Die Ersten Tage (The First Days) -  (LP) | Guerssen","og_description":"Before releasing their lone self-titled debut album, one of the most rare rock records to be released in Europe in the 1970s, Paternoster provided the soundtrack for a film that could only have been made while the psychedelic movement was still in its first wave. The group's first recordings presented here are the soundtrack for Herbert Holba\u00eds 1971 hippie sci-fi film Die Ersten Tage (The First Days), screened at the Berlin International Film Festival, and interestingly played on Austrian TV in August of that year.The material issued here is the genesis of Paternoster and set the stage for the release of one of the world's great rock albums with their self-titled debut the following year. The music has been painstakingly transferred directly from master tapes.","og_url":"https:\/\/wpguerssen-test.odoo.rgbconsulting.com\/es\/producto\/die-ersten-tage-the-first-days\/","og_site_name":"Guerssen records","article_modified_time":"2025-01-23T17:10:36+00:00","og_image":[{"width":243,"height":243,"url":"https:\/\/wpguerssen-test.odoo.rgbconsulting.com\/wp-content\/uploads\/2024\/01\/46751.jpg","type":"image\/jpeg"}],"twitter_card":"summary_large_image","twitter_title":"PATERNOSTER - Die Ersten Tage (The First Days) -  (LP) | Guerssen","twitter_misc":{"Tiempo de lectura":"1 minuto"},"schema":{"@context":"https:\/\/schema.org","@graph":[{"@type":"WebPage","@id":"https:\/\/wpguerssen-test.odoo.rgbconsulting.com\/es\/producto\/die-ersten-tage-the-first-days\/","url":"https:\/\/wpguerssen-test.odoo.rgbconsulting.com\/es\/producto\/die-ersten-tage-the-first-days\/","name":"PATERNOSTER - Die Ersten Tage (The First Days) - (LP) | Guerssen","isPartOf":{"@id":"https:\/\/wpguerssen-test.odoo.rgbconsulting.com\/es\/#website"},"primaryImageOfPage":{"@id":"https:\/\/wpguerssen-test.odoo.rgbconsulting.com\/es\/producto\/die-ersten-tage-the-first-days\/#primaryimage"},"image":{"@id":"https:\/\/wpguerssen-test.odoo.rgbconsulting.com\/es\/producto\/die-ersten-tage-the-first-days\/#primaryimage"},"thumbnailUrl":"https:\/\/wpguerssen-test.odoo.rgbconsulting.com\/wp-content\/uploads\/2024\/01\/46751.jpg","datePublished":"2025-01-22T23:00:00+00:00","dateModified":"2025-01-23T17:10:36+00:00","description":"Before releasing their lone self-titled debut album, one of the most rare rock records to be released in Europe in the 1970s, Paternoster provided the soundtrack for a film that could only have been made while the psychedelic movement was still in its first wave. The group's first recordings presented here are the soundtrack for Herbert Holba\u00eds 1971 hippie sci-fi film Die Ersten Tage (The First Days), screened at the Berlin International Film Festival, and interestingly played on Austrian TV in August of that year.The material issued here is the genesis of Paternoster and set the stage for the release of one of the world's great rock albums with their self-titled debut the following year. The music has been painstakingly transferred directly from master tapes.","breadcrumb":{"@id":"https:\/\/wpguerssen-test.odoo.rgbconsulting.com\/es\/producto\/die-ersten-tage-the-first-days\/#breadcrumb"},"inLanguage":"es","potentialAction":[{"@type":"ReadAction","target":["https:\/\/wpguerssen-test.odoo.rgbconsulting.com\/es\/producto\/die-ersten-tage-the-first-days\/"]}]},{"@type":"ImageObject","inLanguage":"es","@id":"https:\/\/wpguerssen-test.odoo.rgbconsulting.com\/es\/producto\/die-ersten-tage-the-first-days\/#primaryimage","url":"https:\/\/wpguerssen-test.odoo.rgbconsulting.com\/wp-content\/uploads\/2024\/01\/46751.jpg","contentUrl":"https:\/\/wpguerssen-test.odoo.rgbconsulting.com\/wp-content\/uploads\/2024\/01\/46751.jpg","width":243,"height":243},{"@type":"BreadcrumbList","@id":"https:\/\/wpguerssen-test.odoo.rgbconsulting.com\/es\/producto\/die-ersten-tage-the-first-days\/#breadcrumb","itemListElement":[{"@type":"ListItem","position":1,"name":"Inicio","item":"https:\/\/wpguerssen-test.odoo.rgbconsulting.com\/es\/"},{"@type":"ListItem","position":2,"name":"Shop","item":"https:\/\/wpguerssen-test.odoo.rgbconsulting.com\/shop\/"},{"@type":"ListItem","position":3,"name":"Die Ersten Tage (The First Days)"}]},{"@type":"WebSite","@id":"https:\/\/wpguerssen-test.odoo.rgbconsulting.com\/es\/#website","url":"https:\/\/wpguerssen-test.odoo.rgbconsulting.com\/es\/","name":"Guerssen records","description":"psychedelia - progressive - folk - garage ","publisher":{"@id":"https:\/\/wpguerssen-test.odoo.rgbconsulting.com\/es\/#organization"},"potentialAction":[{"@type":"SearchAction","target":{"@type":"EntryPoint","urlTemplate":"https:\/\/wpguerssen-test.odoo.rgbconsulting.com\/es\/?s={search_term_string}"},"query-input":{"@type":"PropertyValueSpecification","valueRequired":true,"valueName":"search_term_string"}}],"inLanguage":"es"},{"@type":"Organization","@id":"https:\/\/wpguerssen-test.odoo.rgbconsulting.com\/es\/#organization","name":"Guerssen records","url":"https:\/\/wpguerssen-test.odoo.rgbconsulting.com\/es\/","logo":{"@type":"ImageObject","inLanguage":"es","@id":"https:\/\/wpguerssen-test.odoo.rgbconsulting.com\/es\/#\/schema\/logo\/image\/","url":"https:\/\/wpguerssen-test.odoo.rgbconsulting.com\/wp-content\/uploads\/2022\/04\/Logo_Guerssen_trans_100.png","contentUrl":"https:\/\/wpguerssen-test.odoo.rgbconsulting.com\/wp-content\/uploads\/2022\/04\/Logo_Guerssen_trans_100.png","width":122,"height":100,"caption":"Guerssen records"},"image":{"@id":"https:\/\/wpguerssen-test.odoo.rgbconsulting.com\/es\/#\/schema\/logo\/image\/"}}]}},"_links":{"self":[{"href":"https:\/\/wpguerssen-test.odoo.rgbconsulting.com\/es\/wp-json\/wp\/v2\/product\/249862","targetHints":{"allow":["GET"]}}],"collection":[{"href":"https:\/\/wpguerssen-test.odoo.rgbconsulting.com\/es\/wp-json\/wp\/v2\/product"}],"about":[{"href":"https:\/\/wpguerssen-test.odoo.rgbconsulting.com\/es\/wp-json\/wp\/v2\/types\/product"}],"wp:featuredmedia":[{"embeddable":true,"href":"https:\/\/wpguerssen-test.odoo.rgbconsulting.com\/es\/wp-json\/wp\/v2\/media\/249815"}],"wp:attachment":[{"href":"https:\/\/wpguerssen-test.odoo.rgbconsulting.com\/es\/wp-json\/wp\/v2\/media?parent=249862"}],"wp:term":[{"taxonomy":"product_brand","embeddable":true,"href":"https:\/\/wpguerssen-test.odoo.rgbconsulting.com\/es\/wp-json\/wp\/v2\/product_brand?post=249862"},{"taxonomy":"product_cat","embeddable":true,"href":"https:\/\/wpguerssen-test.odoo.rgbconsulting.com\/es\/wp-json\/wp\/v2\/product_cat?post=249862"},{"taxonomy":"product_tag","embeddable":true,"href":"https:\/\/wpguerssen-test.odoo.rgbconsulting.com\/es\/wp-json\/wp\/v2\/product_tag?post=249862"}],"curies":[{"name":"wp","href":"https:\/\/api.w.org\/{rel}","templated":true}]}}